{"id":4984,"date":"2025-10-14T07:24:06","date_gmt":"2025-10-14T07:24:06","guid":{"rendered":"https:\/\/happyinaknit.com\/?post_type=product&#038;p=4984"},"modified":"2025-11-13T20:00:09","modified_gmt":"2025-11-13T20:00:09","slug":"katia-fair-cotton","status":"publish","type":"product","link":"https:\/\/happyinaknit.com\/ru\/product\/katia-fair-cotton\/","title":{"rendered":"Katia Fair Cotton"},"content":{"rendered":"<p data-start=\"0\" data-end=\"361\"><strong data-start=\"0\" data-end=\"28\">Katia Fair Cotton<\/strong> \u2013 \u044d\u0442\u043e 100% \u043e\u0440\u0433\u0430\u043d\u0438\u0447\u0435\u0441\u043a\u0438\u0439 \u0441\u0435\u0440\u0442\u0438\u0444\u0438\u0446\u0438\u0440\u043e\u0432\u0430\u043d\u043d\u044b\u0439 \u0445\u043b\u043e\u043f\u043e\u043a, \u0432\u044b\u0440\u0430\u0449\u0435\u043d\u043d\u044b\u0439 \u0432 \u0441\u043e\u043e\u0442\u0432\u0435\u0442\u0441\u0442\u0432\u0438\u0438 \u0441 \u043f\u0440\u0438\u043d\u0446\u0438\u043f\u0430\u043c\u0438 \u043e\u0442\u0432\u0435\u0442\u0441\u0442\u0432\u0435\u043d\u043d\u043e\u0433\u043e \u043f\u0440\u043e\u0438\u0437\u0432\u043e\u0434\u0441\u0442\u0432\u0430. \u042d\u0442\u0430 \u043f\u0440\u044f\u0436\u0430 \u043c\u044f\u0433\u043a\u0430\u044f, \u0434\u044b\u0448\u0430\u0449\u0430\u044f \u0438 \u043d\u0435\u0432\u0435\u0440\u043e\u044f\u0442\u043d\u043e \u043f\u0440\u0438\u044f\u0442\u043d\u0430\u044f \u043a \u0442\u0435\u043b\u0443, \u0447\u0442\u043e \u0434\u0435\u043b\u0430\u0435\u0442 \u0438\u0445 \u0438\u0434\u0435\u0430\u043b\u044c\u043d\u044b\u043c\u0438 \u0434\u043b\u044f <strong data-start=\"206\" data-end=\"231\">\u0434\u043b\u044f \u0434\u0435\u0442\u0441\u043a\u0438\u0445 \u0438\u0437\u0434\u0435\u043b\u0438\u0439<\/strong>, <strong data-start=\"233\" data-end=\"255\">\u0434\u043b\u044f \u043b\u0435\u0442\u043d\u0435\u0439 \u043e\u0434\u0435\u0436\u0434\u044b<\/strong> \u0438 <strong data-start=\"260\" data-end=\"273\" data-is-only-node=\"\">\u0434\u043b\u044f \u0430\u0436\u0443\u0440\u043e\u0432.<\/strong>\u041a\u0440\u043e\u043c\u0435 \u0442\u043e\u0433\u043e, \u043f\u0440\u044f\u0436\u0430 \u043e\u0431\u043b\u0430\u0434\u0430\u0435\u0442 \u043f\u0440\u0435\u0432\u043e\u0441\u0445\u043e\u0434\u043d\u043e\u0439 \u044d\u043b\u0430\u0441\u0442\u0438\u0447\u043d\u043e\u0441\u0442\u044c\u044e \u0438 \u0441\u043e\u0445\u0440\u0430\u043d\u044f\u0435\u0442 \u0444\u043e\u0440\u043c\u0443 \u0434\u0430\u0436\u0435 \u043f\u043e\u0441\u043b\u0435 \u043c\u043d\u043e\u0433\u043e\u0447\u0438\u0441\u043b\u0435\u043d\u043d\u044b\u0445 \u0441\u0442\u0438\u0440\u043e\u043a.<\/p>\n<p data-start=\"363\" data-end=\"572\"><strong data-start=\"363\" data-end=\"375\">\u0421\u043e\u0441\u0442\u0430\u0432:<\/strong> 100 % \u043e\u0440\u0433\u0430\u043d\u0438\u0447\u0435\u0441\u043a\u0438\u0439 \u0445\u043b\u043e\u043f\u043e\u043a<br data-start=\"401\" data-end=\"404\" \/><strong data-start=\"404\" data-end=\"423\">\u0412\u0435\u0441\/\u0414\u043b\u0438\u043d\u0430:<\/strong> 50 \u0433 - 155 \u043c<br data-start=\"436\" data-end=\"439\" data-is-only-node=\"\" \/><strong data-start=\"439\" data-end=\"467\">\u0420\u0435\u043a\u043e\u043c\u0435\u043d\u0434\u0443\u0435\u043c\u044b\u0435 \u0441\u043f\u0438\u0446\u044b:<\/strong> 2,5 \u2013 3,5 \u043c\u043c<br data-start=\"480\" data-end=\"483\" \/><strong data-start=\"483\" data-end=\"511\">\u0420\u0435\u043a\u043e\u043c\u0435\u043d\u0434\u0443\u0435\u043c\u044b\u0439 \u043a\u0440\u044e\u0447\u043e\u043a:<\/strong> 2 \u2013 2,5 \u043c\u043c<br data-start=\"522\" data-end=\"525\" \/><strong data-start=\"525\" data-end=\"538\">\u041f\u043b\u043e\u0442\u043d\u043e\u0441\u0442\u044c:<\/strong> 10 \u00d7 10 \u0441\u043c \u2013 27 \u043f\u0435\u0442\u0435\u043b\u044c \u00d7 34 \u0440\u044f\u0434\u0430<\/p>\n<p data-start=\"574\" data-end=\"714\">\u042d\u043a\u043e\u043b\u043e\u0433\u0438\u0447\u043d\u044b\u0439 \u0438 \u0435\u0441\u0442\u0435\u0441\u0442\u0432\u0435\u043d\u043d\u044b\u0439 \u0432\u044b\u0431\u043e\u0440 \u0434\u043b\u044f \u0432\u0430\u0448\u0438\u0445 \u0438\u0437\u0434\u0435\u043b\u0438\u0439 \u2013 <strong data-start=\"620\" data-end=\"641\">Katia Fair Cotton<\/strong> \u043f\u043e\u0437\u0432\u043e\u043b\u0438\u0442 \u0432\u0430\u043c \u0441\u043e\u0437\u0434\u0430\u0432\u0430\u0442\u044c \u043a\u0430\u0447\u0435\u0441\u0442\u0432\u0435\u043d\u043d\u044b\u0435, \u0434\u043e\u043b\u0433\u043e\u0432\u0435\u0447\u043d\u044b\u0435 \u0438 \u044d\u043a\u043e\u043b\u043e\u0433\u0438\u0447\u0435\u0441\u043a\u0438 \u0447\u0438\u0441\u0442\u044b\u0435 \u0442\u0440\u0438\u043a\u043e\u0442\u0430\u0436\u043d\u044b\u0435 \u0438\u0437\u0434\u0435\u043b\u0438\u044f.<\/p>\n<p data-start=\"716\" data-end=\"804\" data-is-last-node=\"\" data-is-only-node=\"\"><strong data-start=\"716\" data-end=\"728\">\u041f\u0440\u0438\u043c\u0435\u0447\u0430\u043d\u0438\u0435:<\/strong> \u0426\u0432\u0435\u0442\u043e\u0432\u044b\u0435 \u043e\u0442\u0442\u0435\u043d\u043a\u0438 \u043c\u043e\u0433\u0443\u0442 \u043d\u0435\u0437\u043d\u0430\u0447\u0438\u0442\u0435\u043b\u044c\u043d\u043e \u043e\u0442\u043b\u0438\u0447\u0430\u0442\u044c\u0441\u044f \u0432 \u0437\u0430\u0432\u0438\u0441\u0438\u043c\u043e\u0441\u0442\u0438 \u043e\u0442 \u044d\u043a\u0440\u0430\u043d\u0430 \u0432\u0430\u0448\u0435\u0433\u043e \u0443\u0441\u0442\u0440\u043e\u0439\u0441\u0442\u0432\u0430.<\/p>","protected":false},"excerpt":{"rendered":"<p>Katia Fair Cotton si\u016blai \u2013 tai 100 % ekologi\u0161ka, sertifikuota medviln\u0117, i\u0161auginta laikantis tvarios gamybos princip\u0173. \u0160ie si\u016blai yra \u0161veln\u016bs, kv\u0117puojantys ir itin malon\u016bs prie odos, tod\u0117l puikiai tinka vaiki\u0161kiems gaminiams, vasaros drabu\u017eiams bei n\u0117riniams. Be to, si\u016blai pasi\u017eymi puikiu elastingumu ir i\u0161laiko form\u0105 net po daugelio skalbim\u0173. Sud\u0117tis: 100 % ekologi\u0161ka medviln\u0117Svoris \/ ilgis: [&hellip;]<\/p>\n","protected":false},"featured_media":4884,"comment_status":"open","ping_status":"closed","template":"","meta":{"_acf_changed":false},"product_brand":[69],"product_cat":[15,18],"product_tag":[],"pro-kategorijos":[55],"class_list":{"0":"post-4984","1":"product","2":"type-product","3":"status-publish","4":"has-post-thumbnail","6":"product_brand-concept-by-katia","7":"product_cat-visi-produktai","8":"product_cat-siulai","9":"pro-kategorijos-medvilne","11":"first","12":"instock","13":"shipping-taxable","14":"purchasable","15":"product-type-variable"},"acf":[],"yoast_head":"<!-- This site is optimized with the Yoast SEO plugin v26.8 - https:\/\/yoast.com\/product\/yoast-seo-wordpress\/ -->\n<title>Katia Fair Cotton - Happyinaknit.com<\/title>\n<meta name=\"robots\" content=\"index, follow, max-snippet:-1, max-image-preview:large, max-video-preview:-1\" \/>\n<link rel=\"canonical\" href=\"https:\/\/happyinaknit.com\/ru\/product\/katia-fair-cotton\/\" \/>\n<meta property=\"og:locale\" content=\"ru_RU\" \/>\n<meta property=\"og:type\" content=\"article\" \/>\n<meta property=\"og:title\" content=\"Katia Fair Cotton - Happyinaknit.com\" \/>\n<meta property=\"og:description\" content=\"Katia Fair Cotton si\u016blai \u2013 tai 100 % ekologi\u0161ka, sertifikuota medviln\u0117, i\u0161auginta laikantis tvarios gamybos princip\u0173. \u0160ie si\u016blai yra \u0161veln\u016bs, kv\u0117puojantys ir itin malon\u016bs prie odos, tod\u0117l puikiai tinka vaiki\u0161kiems gaminiams, vasaros drabu\u017eiams bei n\u0117riniams. Be to, si\u016blai pasi\u017eymi puikiu elastingumu ir i\u0161laiko form\u0105 net po daugelio skalbim\u0173. Sud\u0117tis: 100 % ekologi\u0161ka medviln\u0117Svoris \/ ilgis: [&hellip;]\" \/>\n<meta property=\"og:url\" content=\"https:\/\/happyinaknit.com\/ru\/product\/katia-fair-cotton\/\" \/>\n<meta property=\"og:site_name\" content=\"Happyinaknit.com\" \/>\n<meta property=\"article:modified_time\" content=\"2025-11-13T20:00:09+00:00\" \/>\n<meta property=\"og:image\" content=\"https:\/\/happyinaknit.com\/wp-content\/uploads\/2025\/10\/IMG_9389.jpg\" \/>\n\t<meta property=\"og:image:width\" content=\"1240\" \/>\n\t<meta property=\"og:image:height\" content=\"1054\" \/>\n\t<meta property=\"og:image:type\" content=\"image\/jpeg\" \/>\n<meta name=\"twitter:card\" content=\"summary_large_image\" \/>\n<meta name=\"twitter:label1\" content=\"\u041f\u0440\u0438\u043c\u0435\u0440\u043d\u043e\u0435 \u0432\u0440\u0435\u043c\u044f \u0434\u043b\u044f \u0447\u0442\u0435\u043d\u0438\u044f\" \/>\n\t<meta name=\"twitter:data1\" content=\"1 \u043c\u0438\u043d\u0443\u0442\u0430\" \/>\n<script type=\"application\/ld+json\" class=\"yoast-schema-graph\">{\"@context\":\"https:\/\/schema.org\",\"@graph\":[{\"@type\":\"WebPage\",\"@id\":\"https:\/\/happyinaknit.com\/produktas\/katia-fair-cotton\/\",\"url\":\"https:\/\/happyinaknit.com\/produktas\/katia-fair-cotton\/\",\"name\":\"Katia Fair Cotton - Happyinaknit.com\",\"isPartOf\":{\"@id\":\"https:\/\/happyinaknit.com\/lt\/#website\"},\"primaryImageOfPage\":{\"@id\":\"https:\/\/happyinaknit.com\/produktas\/katia-fair-cotton\/#primaryimage\"},\"image\":{\"@id\":\"https:\/\/happyinaknit.com\/produktas\/katia-fair-cotton\/#primaryimage\"},\"thumbnailUrl\":\"https:\/\/happyinaknit.com\/wp-content\/uploads\/2025\/10\/IMG_9389.jpg\",\"datePublished\":\"2025-10-14T07:24:06+00:00\",\"dateModified\":\"2025-11-13T20:00:09+00:00\",\"breadcrumb\":{\"@id\":\"https:\/\/happyinaknit.com\/produktas\/katia-fair-cotton\/#breadcrumb\"},\"inLanguage\":\"ru-RU\",\"potentialAction\":[{\"@type\":\"ReadAction\",\"target\":[\"https:\/\/happyinaknit.com\/produktas\/katia-fair-cotton\/\"]}]},{\"@type\":\"ImageObject\",\"inLanguage\":\"ru-RU\",\"@id\":\"https:\/\/happyinaknit.com\/produktas\/katia-fair-cotton\/#primaryimage\",\"url\":\"https:\/\/happyinaknit.com\/wp-content\/uploads\/2025\/10\/IMG_9389.jpg\",\"contentUrl\":\"https:\/\/happyinaknit.com\/wp-content\/uploads\/2025\/10\/IMG_9389.jpg\",\"width\":1240,\"height\":1054},{\"@type\":\"BreadcrumbList\",\"@id\":\"https:\/\/happyinaknit.com\/produktas\/katia-fair-cotton\/#breadcrumb\",\"itemListElement\":[{\"@type\":\"ListItem\",\"position\":1,\"name\":\"Home\",\"item\":\"https:\/\/happyinaknit.com\/lt\/\"},{\"@type\":\"ListItem\",\"position\":2,\"name\":\"Parduotuv\u0117\",\"item\":\"https:\/\/happyinaknit.com\/lt\/parduotuve\/\"},{\"@type\":\"ListItem\",\"position\":3,\"name\":\"Katia Fair Cotton\"}]},{\"@type\":\"WebSite\",\"@id\":\"https:\/\/happyinaknit.com\/lt\/#website\",\"url\":\"https:\/\/happyinaknit.com\/lt\/\",\"name\":\"Happyinaknit.com\",\"description\":\"\",\"potentialAction\":[{\"@type\":\"SearchAction\",\"target\":{\"@type\":\"EntryPoint\",\"urlTemplate\":\"https:\/\/happyinaknit.com\/lt\/?s={search_term_string}\"},\"query-input\":{\"@type\":\"PropertyValueSpecification\",\"valueRequired\":true,\"valueName\":\"search_term_string\"}}],\"inLanguage\":\"ru-RU\"}]}<\/script>\n<!-- \/ Yoast SEO plugin. -->","yoast_head_json":{"title":"Katia Fair Cotton - Happyinaknit.com","robots":{"index":"index","follow":"follow","max-snippet":"max-snippet:-1","max-image-preview":"max-image-preview:large","max-video-preview":"max-video-preview:-1"},"canonical":"https:\/\/happyinaknit.com\/ru\/product\/katia-fair-cotton\/","og_locale":"ru_RU","og_type":"article","og_title":"Katia Fair Cotton - Happyinaknit.com","og_description":"Katia Fair Cotton si\u016blai \u2013 tai 100 % ekologi\u0161ka, sertifikuota medviln\u0117, i\u0161auginta laikantis tvarios gamybos princip\u0173. \u0160ie si\u016blai yra \u0161veln\u016bs, kv\u0117puojantys ir itin malon\u016bs prie odos, tod\u0117l puikiai tinka vaiki\u0161kiems gaminiams, vasaros drabu\u017eiams bei n\u0117riniams. Be to, si\u016blai pasi\u017eymi puikiu elastingumu ir i\u0161laiko form\u0105 net po daugelio skalbim\u0173. Sud\u0117tis: 100 % ekologi\u0161ka medviln\u0117Svoris \/ ilgis: [&hellip;]","og_url":"https:\/\/happyinaknit.com\/ru\/product\/katia-fair-cotton\/","og_site_name":"Happyinaknit.com","article_modified_time":"2025-11-13T20:00:09+00:00","og_image":[{"width":1240,"height":1054,"url":"https:\/\/happyinaknit.com\/wp-content\/uploads\/2025\/10\/IMG_9389.jpg","type":"image\/jpeg"}],"twitter_card":"summary_large_image","twitter_misc":{"\u041f\u0440\u0438\u043c\u0435\u0440\u043d\u043e\u0435 \u0432\u0440\u0435\u043c\u044f \u0434\u043b\u044f \u0447\u0442\u0435\u043d\u0438\u044f":"1 \u043c\u0438\u043d\u0443\u0442\u0430"},"schema":{"@context":"https:\/\/schema.org","@graph":[{"@type":"WebPage","@id":"https:\/\/happyinaknit.com\/produktas\/katia-fair-cotton\/","url":"https:\/\/happyinaknit.com\/produktas\/katia-fair-cotton\/","name":"Katia Fair Cotton - Happyinaknit.com","isPartOf":{"@id":"https:\/\/happyinaknit.com\/lt\/#website"},"primaryImageOfPage":{"@id":"https:\/\/happyinaknit.com\/produktas\/katia-fair-cotton\/#primaryimage"},"image":{"@id":"https:\/\/happyinaknit.com\/produktas\/katia-fair-cotton\/#primaryimage"},"thumbnailUrl":"https:\/\/happyinaknit.com\/wp-content\/uploads\/2025\/10\/IMG_9389.jpg","datePublished":"2025-10-14T07:24:06+00:00","dateModified":"2025-11-13T20:00:09+00:00","breadcrumb":{"@id":"https:\/\/happyinaknit.com\/produktas\/katia-fair-cotton\/#breadcrumb"},"inLanguage":"ru-RU","potentialAction":[{"@type":"ReadAction","target":["https:\/\/happyinaknit.com\/produktas\/katia-fair-cotton\/"]}]},{"@type":"ImageObject","inLanguage":"ru-RU","@id":"https:\/\/happyinaknit.com\/produktas\/katia-fair-cotton\/#primaryimage","url":"https:\/\/happyinaknit.com\/wp-content\/uploads\/2025\/10\/IMG_9389.jpg","contentUrl":"https:\/\/happyinaknit.com\/wp-content\/uploads\/2025\/10\/IMG_9389.jpg","width":1240,"height":1054},{"@type":"BreadcrumbList","@id":"https:\/\/happyinaknit.com\/produktas\/katia-fair-cotton\/#breadcrumb","itemListElement":[{"@type":"ListItem","position":1,"name":"Home","item":"https:\/\/happyinaknit.com\/lt\/"},{"@type":"ListItem","position":2,"name":"Parduotuv\u0117","item":"https:\/\/happyinaknit.com\/lt\/parduotuve\/"},{"@type":"ListItem","position":3,"name":"Katia Fair Cotton"}]},{"@type":"WebSite","@id":"https:\/\/happyinaknit.com\/lt\/#website","url":"https:\/\/happyinaknit.com\/lt\/","name":"Happyinaknit.com","description":"","potentialAction":[{"@type":"SearchAction","target":{"@type":"EntryPoint","urlTemplate":"https:\/\/happyinaknit.com\/lt\/?s={search_term_string}"},"query-input":{"@type":"PropertyValueSpecification","valueRequired":true,"valueName":"search_term_string"}}],"inLanguage":"ru-RU"}]}},"_links":{"self":[{"href":"https:\/\/happyinaknit.com\/ru\/wp-json\/wp\/v2\/product\/4984","targetHints":{"allow":["GET"]}}],"collection":[{"href":"https:\/\/happyinaknit.com\/ru\/wp-json\/wp\/v2\/product"}],"about":[{"href":"https:\/\/happyinaknit.com\/ru\/wp-json\/wp\/v2\/types\/product"}],"replies":[{"embeddable":true,"href":"https:\/\/happyinaknit.com\/ru\/wp-json\/wp\/v2\/comments?post=4984"}],"wp:featuredmedia":[{"embeddable":true,"href":"https:\/\/happyinaknit.com\/ru\/wp-json\/wp\/v2\/media\/4884"}],"wp:attachment":[{"href":"https:\/\/happyinaknit.com\/ru\/wp-json\/wp\/v2\/media?parent=4984"}],"wp:term":[{"taxonomy":"product_brand","embeddable":true,"href":"https:\/\/happyinaknit.com\/ru\/wp-json\/wp\/v2\/product_brand?post=4984"},{"taxonomy":"product_cat","embeddable":true,"href":"https:\/\/happyinaknit.com\/ru\/wp-json\/wp\/v2\/product_cat?post=4984"},{"taxonomy":"product_tag","embeddable":true,"href":"https:\/\/happyinaknit.com\/ru\/wp-json\/wp\/v2\/product_tag?post=4984"},{"taxonomy":"pro-kategorijos","embeddable":true,"href":"https:\/\/happyinaknit.com\/ru\/wp-json\/wp\/v2\/pro-kategorijos?post=4984"}],"curies":[{"name":"wp","href":"https:\/\/api.w.org\/{rel}","templated":true}]}}