{"id":4983,"date":"2025-10-14T06:49:03","date_gmt":"2025-10-14T06:49:03","guid":{"rendered":"https:\/\/happyinaknit.com\/?post_type=product&#038;p=4983"},"modified":"2025-11-13T20:16:06","modified_gmt":"2025-11-13T20:16:06","slug":"katia-fair-cotton-granny","status":"publish","type":"product","link":"https:\/\/happyinaknit.com\/ru\/product\/katia-fair-cotton-granny\/","title":{"rendered":"Katia Fair Cotton Granny"},"content":{"rendered":"<p data-start=\"0\" data-end=\"389\"><strong data-start=\"0\" data-end=\"35\">Katia Fair Cotton Granny<\/strong> \u2013 \u044d\u0442\u043e 100% \u043e\u0440\u0433\u0430\u043d\u0438\u0447\u0435\u0441\u043a\u0438\u0439 \u0445\u043b\u043e\u043f\u043e\u043a, \u043e\u0442\u043b\u0438\u0447\u0430\u044e\u0449\u0438\u0439\u0441\u044f \u0438\u0441\u043a\u043b\u044e\u0447\u0438\u0442\u0435\u043b\u044c\u043d\u043e\u0439 \u043c\u044f\u0433\u043a\u043e\u0441\u0442\u044c\u044e, \u043d\u0430\u0442\u0443\u0440\u0430\u043b\u044c\u043d\u043e\u0441\u0442\u044c\u044e \u0438 \u043a\u0440\u0430\u0441\u0438\u0432\u044b\u043c\u0438 \u0446\u0432\u0435\u0442\u043e\u0432\u044b\u043c\u0438 \u043f\u0435\u0440\u0435\u0445\u043e\u0434\u0430\u043c\u0438. \u042d\u0442\u0430 \u043f\u0440\u044f\u0436\u0430 \u0438\u0434\u0435\u0430\u043b\u044c\u043d\u043e \u043f\u043e\u0434\u0445\u043e\u0434\u044f\u0442 \u043a\u0430\u043a \u0434\u043b\u044f <strong data-start=\"176\" data-end=\"201\">\u0434\u043b\u044f \u0434\u0435\u0442\u0441\u043a\u0438\u0445 \u0438\u0437\u0434\u0435\u043b\u0438\u0439<\/strong>, \u0442\u0430\u043a \u0438 \u0434\u043b\u044f <strong data-start=\"208\" data-end=\"246\">\u0448\u0430\u0440\u0444\u043e\u0432, \u0448\u0430\u043b\u0435\u0439 \u0438\u043b\u0438 \u043a\u0430\u0440\u0434\u0438\u0433\u0430\u043d\u043e\u0432.<\/strong>\u0412\u0435\u0440\u0441\u0438\u044f \u00abGranny\u00bb \u043f\u043e\u0437\u0432\u043e\u043b\u044f\u0435\u0442 \u0441\u043e\u0437\u0434\u0430\u0432\u0430\u0442\u044c \u043a\u0440\u0430\u0441\u043e\u0447\u043d\u044b\u0435 \u043c\u043e\u0442\u0438\u0432\u044b \u0431\u0435\u0437 \u0434\u043e\u043f\u043e\u043b\u043d\u0438\u0442\u0435\u043b\u044c\u043d\u043e\u0439 \u0441\u043c\u0435\u043d\u044b \u043d\u0438\u0442\u0438 \u2014 \u043a\u0430\u0436\u0434\u044b\u0439 \u043a\u043b\u0443\u0431\u043e\u043a \u0441\u043a\u0440\u044b\u0432\u0430\u0435\u0442 \u0432 \u0441\u0435\u0431\u0435 \u0433\u0430\u0440\u043c\u043e\u043d\u0438\u0447\u043d\u0443\u044e \u043f\u043e\u0441\u043b\u0435\u0434\u043e\u0432\u0430\u0442\u0435\u043b\u044c\u043d\u043e\u0441\u0442\u044c \u0446\u0432\u0435\u0442\u043e\u0432.<\/p>\n<p data-start=\"391\" data-end=\"578\"><strong data-start=\"391\" data-end=\"403\">\u0421\u043e\u0441\u0442\u0430\u0432:<\/strong> 100 % \u0445\u043b\u043e\u043f\u043e\u043a<br data-start=\"418\" data-end=\"421\" \/><strong data-start=\"421\" data-end=\"440\">\u0412\u0435\u0441\/\u0414\u043b\u0438\u043d\u0430:<\/strong> 150 \u0433 - 465 \u043c<br data-start=\"454\" data-end=\"457\" \/><strong data-start=\"457\" data-end=\"485\">\u0420\u0435\u043a\u043e\u043c\u0435\u043d\u0434\u0443\u0435\u043c\u044b\u0435 \u0441\u043f\u0438\u0446\u044b:<\/strong> 2,5 \u2013 3,5 \u043c\u043c<br data-start=\"498\" data-end=\"501\" data-is-only-node=\"\" \/><strong data-start=\"501\" data-end=\"514\">\u041f\u043b\u043e\u0442\u043d\u043e\u0441\u0442\u044c:<\/strong> 10 \u00d7 10 \u0441\u043c \u2013 27 \u043f\u0435\u0442\u0435\u043b\u044c \u00d7 34 \u0440\u044f\u0434\u0430<br data-start=\"546\" data-end=\"549\" \/><strong data-start=\"549\" data-end=\"576\">\u041f\u0440\u0438\u043c\u0435\u0440\u043d\u044b\u0439 \u0440\u0430\u0441\u0445\u043e\u0434:<\/strong><\/p>\n<ul data-start=\"579\" data-end=\"687\">\n<li data-start=\"579\" data-end=\"625\">\n<p data-start=\"581\" data-end=\"625\">2 \u043c\u043e\u0442\u043a\u0430 \u2013 \u0434\u043b\u044f \u043c\u0430\u043b\u0435\u043d\u044c\u043a\u043e\u0433\u043e \u0434\u0435\u0442\u0441\u043a\u043e\u0433\u043e \u043e\u0434\u0435\u044f\u043b\u0430<\/p>\n<\/li>\n<li data-start=\"626\" data-end=\"654\">\n<p data-start=\"628\" data-end=\"654\">1 \u043c\u043e\u0442\u043e\u043a \u2013 \u0434\u043b\u044f \u0448\u043e\u043f\u043f\u0435\u0440\u0430<\/p>\n<\/li>\n<li data-start=\"655\" data-end=\"687\">\n<p data-start=\"657\" data-end=\"687\">3\u20134 \u043c\u043e\u0442\u043a\u0430 \u2013 \u0434\u043b\u044f \u043a\u0430\u0440\u0434\u0438\u0433\u0430\u043d\u0430<\/p>\n<\/li>\n<\/ul>\n<p data-start=\"689\" data-end=\"706\">\ud83c\udf81 <strong data-start=\"692\" data-end=\"704\">\u041f\u043e\u0434\u0430\u0440\u043a\u0438:<\/strong><\/p>\n<ul data-start=\"707\" data-end=\"777\">\n<li data-start=\"707\" data-end=\"741\">\n<p data-start=\"709\" data-end=\"741\">\u0412\u044f\u0437\u0430\u043d\u0438\u044f \u043a\u0440\u044e\u0447\u043a\u043e\u043c <strong data-start=\"716\" data-end=\"727\">\u0448\u043e\u043f\u043f\u0435\u0440\u0430<\/strong> - \u0438\u043d\u0441\u0442\u0440\u0443\u043a\u0446\u0438\u044f<\/p>\n<\/li>\n<li data-start=\"742\" data-end=\"777\">\n<p data-start=\"744\" data-end=\"777\">\u0412\u044f\u0437\u0430\u043d\u0438\u0435 <strong data-start=\"750\" data-end=\"763\">\u043a\u0430\u0440\u0434\u0438\u0433\u0430\u043d\u0430<\/strong> - \u0438\u043d\u0441\u0442\u0440\u0443\u043a\u0446\u0438\u044f<\/p>\n<\/li>\n<\/ul>\n<p data-start=\"779\" data-end=\"867\" data-is-last-node=\"\" data-is-only-node=\"\"><strong data-start=\"779\" data-end=\"791\">\u041f\u0440\u0438\u043c\u0435\u0447\u0430\u043d\u0438\u0435:<\/strong> \u0426\u0432\u0435\u0442\u043e\u0432\u044b\u0435 \u043e\u0442\u0442\u0435\u043d\u043a\u0438 \u043c\u043e\u0433\u0443\u0442 \u043d\u0435\u0437\u043d\u0430\u0447\u0438\u0442\u0435\u043b\u044c\u043d\u043e \u043e\u0442\u043b\u0438\u0447\u0430\u0442\u044c\u0441\u044f \u0432 \u0437\u0430\u0432\u0438\u0441\u0438\u043c\u043e\u0441\u0442\u0438 \u043e\u0442 \u044d\u043a\u0440\u0430\u043d\u0430 \u0432\u0430\u0448\u0435\u0433\u043e \u0443\u0441\u0442\u0440\u043e\u0439\u0441\u0442\u0432\u0430.<\/p>","protected":false},"excerpt":{"rendered":"<p>Katia Fair Cotton Granny si\u016blai \u2013 tai 100 % ekologi\u0161ka medviln\u0117, pasi\u017eyminti i\u0161skirtiniu \u0161velnumu, nat\u016bralumu ir gra\u017eiais spalv\u0173 per\u0117jimais. \u0160ie si\u016blai idealiai tinka tiek vaiki\u0161kiems gaminiams, tiek \u0161alikams, \u0161operiams ar kardiganams. \u201eGranny\u201c versija leid\u017eia kurti spalvingus motyvus be papildomo si\u016bl\u0173 keitimo \u2013 kiekvienas kamuoliukas savyje slepia harmoning\u0105 spalv\u0173 sek\u0105. Sud\u0117tis: 100 % medviln\u0117Svoris \/ ilgis: [&hellip;]<\/p>\n","protected":false},"featured_media":4891,"comment_status":"open","ping_status":"closed","template":"","meta":{"_acf_changed":false},"product_brand":[69],"product_cat":[15,18],"product_tag":[],"pro-kategorijos":[55],"class_list":{"0":"post-4983","1":"product","2":"type-product","3":"status-publish","4":"has-post-thumbnail","6":"product_brand-concept-by-katia","7":"product_cat-visi-produktai","8":"product_cat-siulai","9":"pro-kategorijos-medvilne","11":"first","12":"instock","13":"shipping-taxable","14":"purchasable","15":"product-type-simple"},"acf":[],"yoast_head":"<!-- This site is optimized with the Yoast SEO plugin v26.8 - https:\/\/yoast.com\/product\/yoast-seo-wordpress\/ -->\n<title>Katia Fair Cotton Granny - Happyinaknit.com<\/title>\n<meta name=\"robots\" content=\"index, follow, max-snippet:-1, max-image-preview:large, max-video-preview:-1\" \/>\n<link rel=\"canonical\" href=\"https:\/\/happyinaknit.com\/ru\/product\/katia-fair-cotton-granny\/\" \/>\n<meta property=\"og:locale\" content=\"ru_RU\" \/>\n<meta property=\"og:type\" content=\"article\" \/>\n<meta property=\"og:title\" content=\"Katia Fair Cotton Granny - Happyinaknit.com\" \/>\n<meta property=\"og:description\" content=\"Katia Fair Cotton Granny si\u016blai \u2013 tai 100 % ekologi\u0161ka medviln\u0117, pasi\u017eyminti i\u0161skirtiniu \u0161velnumu, nat\u016bralumu ir gra\u017eiais spalv\u0173 per\u0117jimais. \u0160ie si\u016blai idealiai tinka tiek vaiki\u0161kiems gaminiams, tiek \u0161alikams, \u0161operiams ar kardiganams. \u201eGranny\u201c versija leid\u017eia kurti spalvingus motyvus be papildomo si\u016bl\u0173 keitimo \u2013 kiekvienas kamuoliukas savyje slepia harmoning\u0105 spalv\u0173 sek\u0105. Sud\u0117tis: 100 % medviln\u0117Svoris \/ ilgis: [&hellip;]\" \/>\n<meta property=\"og:url\" content=\"https:\/\/happyinaknit.com\/ru\/product\/katia-fair-cotton-granny\/\" \/>\n<meta property=\"og:site_name\" content=\"Happyinaknit.com\" \/>\n<meta property=\"article:modified_time\" content=\"2025-11-13T20:16:06+00:00\" \/>\n<meta property=\"og:image\" content=\"https:\/\/happyinaknit.com\/wp-content\/uploads\/2025\/10\/IMG_9382.jpg\" \/>\n\t<meta property=\"og:image:width\" content=\"1253\" \/>\n\t<meta property=\"og:image:height\" content=\"1131\" \/>\n\t<meta property=\"og:image:type\" content=\"image\/jpeg\" \/>\n<meta name=\"twitter:card\" content=\"summary_large_image\" \/>\n<meta name=\"twitter:label1\" content=\"\u041f\u0440\u0438\u043c\u0435\u0440\u043d\u043e\u0435 \u0432\u0440\u0435\u043c\u044f \u0434\u043b\u044f \u0447\u0442\u0435\u043d\u0438\u044f\" \/>\n\t<meta name=\"twitter:data1\" content=\"1 \u043c\u0438\u043d\u0443\u0442\u0430\" \/>\n<script type=\"application\/ld+json\" class=\"yoast-schema-graph\">{\"@context\":\"https:\/\/schema.org\",\"@graph\":[{\"@type\":\"WebPage\",\"@id\":\"https:\/\/happyinaknit.com\/produktas\/katia-fair-cotton-granny\/\",\"url\":\"https:\/\/happyinaknit.com\/produktas\/katia-fair-cotton-granny\/\",\"name\":\"Katia Fair Cotton Granny - Happyinaknit.com\",\"isPartOf\":{\"@id\":\"https:\/\/happyinaknit.com\/lt\/#website\"},\"primaryImageOfPage\":{\"@id\":\"https:\/\/happyinaknit.com\/produktas\/katia-fair-cotton-granny\/#primaryimage\"},\"image\":{\"@id\":\"https:\/\/happyinaknit.com\/produktas\/katia-fair-cotton-granny\/#primaryimage\"},\"thumbnailUrl\":\"https:\/\/happyinaknit.com\/wp-content\/uploads\/2025\/10\/IMG_9382.jpg\",\"datePublished\":\"2025-10-14T06:49:03+00:00\",\"dateModified\":\"2025-11-13T20:16:06+00:00\",\"breadcrumb\":{\"@id\":\"https:\/\/happyinaknit.com\/produktas\/katia-fair-cotton-granny\/#breadcrumb\"},\"inLanguage\":\"ru-RU\",\"potentialAction\":[{\"@type\":\"ReadAction\",\"target\":[\"https:\/\/happyinaknit.com\/produktas\/katia-fair-cotton-granny\/\"]}]},{\"@type\":\"ImageObject\",\"inLanguage\":\"ru-RU\",\"@id\":\"https:\/\/happyinaknit.com\/produktas\/katia-fair-cotton-granny\/#primaryimage\",\"url\":\"https:\/\/happyinaknit.com\/wp-content\/uploads\/2025\/10\/IMG_9382.jpg\",\"contentUrl\":\"https:\/\/happyinaknit.com\/wp-content\/uploads\/2025\/10\/IMG_9382.jpg\",\"width\":1253,\"height\":1131},{\"@type\":\"BreadcrumbList\",\"@id\":\"https:\/\/happyinaknit.com\/produktas\/katia-fair-cotton-granny\/#breadcrumb\",\"itemListElement\":[{\"@type\":\"ListItem\",\"position\":1,\"name\":\"Home\",\"item\":\"https:\/\/happyinaknit.com\/lt\/\"},{\"@type\":\"ListItem\",\"position\":2,\"name\":\"Parduotuv\u0117\",\"item\":\"https:\/\/happyinaknit.com\/lt\/parduotuve\/\"},{\"@type\":\"ListItem\",\"position\":3,\"name\":\"Katia Fair Cotton Granny\"}]},{\"@type\":\"WebSite\",\"@id\":\"https:\/\/happyinaknit.com\/lt\/#website\",\"url\":\"https:\/\/happyinaknit.com\/lt\/\",\"name\":\"Happyinaknit.com\",\"description\":\"\",\"potentialAction\":[{\"@type\":\"SearchAction\",\"target\":{\"@type\":\"EntryPoint\",\"urlTemplate\":\"https:\/\/happyinaknit.com\/lt\/?s={search_term_string}\"},\"query-input\":{\"@type\":\"PropertyValueSpecification\",\"valueRequired\":true,\"valueName\":\"search_term_string\"}}],\"inLanguage\":\"ru-RU\"}]}<\/script>\n<!-- \/ Yoast SEO plugin. -->","yoast_head_json":{"title":"Katia Fair Cotton Granny - Happyinaknit.com","robots":{"index":"index","follow":"follow","max-snippet":"max-snippet:-1","max-image-preview":"max-image-preview:large","max-video-preview":"max-video-preview:-1"},"canonical":"https:\/\/happyinaknit.com\/ru\/product\/katia-fair-cotton-granny\/","og_locale":"ru_RU","og_type":"article","og_title":"Katia Fair Cotton Granny - Happyinaknit.com","og_description":"Katia Fair Cotton Granny si\u016blai \u2013 tai 100 % ekologi\u0161ka medviln\u0117, pasi\u017eyminti i\u0161skirtiniu \u0161velnumu, nat\u016bralumu ir gra\u017eiais spalv\u0173 per\u0117jimais. \u0160ie si\u016blai idealiai tinka tiek vaiki\u0161kiems gaminiams, tiek \u0161alikams, \u0161operiams ar kardiganams. \u201eGranny\u201c versija leid\u017eia kurti spalvingus motyvus be papildomo si\u016bl\u0173 keitimo \u2013 kiekvienas kamuoliukas savyje slepia harmoning\u0105 spalv\u0173 sek\u0105. Sud\u0117tis: 100 % medviln\u0117Svoris \/ ilgis: [&hellip;]","og_url":"https:\/\/happyinaknit.com\/ru\/product\/katia-fair-cotton-granny\/","og_site_name":"Happyinaknit.com","article_modified_time":"2025-11-13T20:16:06+00:00","og_image":[{"width":1253,"height":1131,"url":"https:\/\/happyinaknit.com\/wp-content\/uploads\/2025\/10\/IMG_9382.jpg","type":"image\/jpeg"}],"twitter_card":"summary_large_image","twitter_misc":{"\u041f\u0440\u0438\u043c\u0435\u0440\u043d\u043e\u0435 \u0432\u0440\u0435\u043c\u044f \u0434\u043b\u044f \u0447\u0442\u0435\u043d\u0438\u044f":"1 \u043c\u0438\u043d\u0443\u0442\u0430"},"schema":{"@context":"https:\/\/schema.org","@graph":[{"@type":"WebPage","@id":"https:\/\/happyinaknit.com\/produktas\/katia-fair-cotton-granny\/","url":"https:\/\/happyinaknit.com\/produktas\/katia-fair-cotton-granny\/","name":"Katia Fair Cotton Granny - Happyinaknit.com","isPartOf":{"@id":"https:\/\/happyinaknit.com\/lt\/#website"},"primaryImageOfPage":{"@id":"https:\/\/happyinaknit.com\/produktas\/katia-fair-cotton-granny\/#primaryimage"},"image":{"@id":"https:\/\/happyinaknit.com\/produktas\/katia-fair-cotton-granny\/#primaryimage"},"thumbnailUrl":"https:\/\/happyinaknit.com\/wp-content\/uploads\/2025\/10\/IMG_9382.jpg","datePublished":"2025-10-14T06:49:03+00:00","dateModified":"2025-11-13T20:16:06+00:00","breadcrumb":{"@id":"https:\/\/happyinaknit.com\/produktas\/katia-fair-cotton-granny\/#breadcrumb"},"inLanguage":"ru-RU","potentialAction":[{"@type":"ReadAction","target":["https:\/\/happyinaknit.com\/produktas\/katia-fair-cotton-granny\/"]}]},{"@type":"ImageObject","inLanguage":"ru-RU","@id":"https:\/\/happyinaknit.com\/produktas\/katia-fair-cotton-granny\/#primaryimage","url":"https:\/\/happyinaknit.com\/wp-content\/uploads\/2025\/10\/IMG_9382.jpg","contentUrl":"https:\/\/happyinaknit.com\/wp-content\/uploads\/2025\/10\/IMG_9382.jpg","width":1253,"height":1131},{"@type":"BreadcrumbList","@id":"https:\/\/happyinaknit.com\/produktas\/katia-fair-cotton-granny\/#breadcrumb","itemListElement":[{"@type":"ListItem","position":1,"name":"Home","item":"https:\/\/happyinaknit.com\/lt\/"},{"@type":"ListItem","position":2,"name":"Parduotuv\u0117","item":"https:\/\/happyinaknit.com\/lt\/parduotuve\/"},{"@type":"ListItem","position":3,"name":"Katia Fair Cotton Granny"}]},{"@type":"WebSite","@id":"https:\/\/happyinaknit.com\/lt\/#website","url":"https:\/\/happyinaknit.com\/lt\/","name":"Happyinaknit.com","description":"","potentialAction":[{"@type":"SearchAction","target":{"@type":"EntryPoint","urlTemplate":"https:\/\/happyinaknit.com\/lt\/?s={search_term_string}"},"query-input":{"@type":"PropertyValueSpecification","valueRequired":true,"valueName":"search_term_string"}}],"inLanguage":"ru-RU"}]}},"_links":{"self":[{"href":"https:\/\/happyinaknit.com\/ru\/wp-json\/wp\/v2\/product\/4983","targetHints":{"allow":["GET"]}}],"collection":[{"href":"https:\/\/happyinaknit.com\/ru\/wp-json\/wp\/v2\/product"}],"about":[{"href":"https:\/\/happyinaknit.com\/ru\/wp-json\/wp\/v2\/types\/product"}],"replies":[{"embeddable":true,"href":"https:\/\/happyinaknit.com\/ru\/wp-json\/wp\/v2\/comments?post=4983"}],"wp:featuredmedia":[{"embeddable":true,"href":"https:\/\/happyinaknit.com\/ru\/wp-json\/wp\/v2\/media\/4891"}],"wp:attachment":[{"href":"https:\/\/happyinaknit.com\/ru\/wp-json\/wp\/v2\/media?parent=4983"}],"wp:term":[{"taxonomy":"product_brand","embeddable":true,"href":"https:\/\/happyinaknit.com\/ru\/wp-json\/wp\/v2\/product_brand?post=4983"},{"taxonomy":"product_cat","embeddable":true,"href":"https:\/\/happyinaknit.com\/ru\/wp-json\/wp\/v2\/product_cat?post=4983"},{"taxonomy":"product_tag","embeddable":true,"href":"https:\/\/happyinaknit.com\/ru\/wp-json\/wp\/v2\/product_tag?post=4983"},{"taxonomy":"pro-kategorijos","embeddable":true,"href":"https:\/\/happyinaknit.com\/ru\/wp-json\/wp\/v2\/pro-kategorijos?post=4983"}],"curies":[{"name":"wp","href":"https:\/\/api.w.org\/{rel}","templated":true}]}}