{"id":4976,"date":"2025-10-13T22:29:14","date_gmt":"2025-10-13T22:29:14","guid":{"rendered":"https:\/\/happyinaknit.com\/?post_type=product&#038;p=4976"},"modified":"2025-10-13T22:30:12","modified_gmt":"2025-10-13T22:30:12","slug":"tulip-etimo-red-vaseliu-rinkinys","status":"publish","type":"product","link":"https:\/\/happyinaknit.com\/ru\/product\/tulip-etimo-red-vaseliu-rinkinys\/","title":{"rendered":"\u041d\u0430\u0431\u043e\u0440 \u043a\u0440\u044e\u0447\u043a\u043e\u0432 \u0434\u043b\u044f \u0432\u044f\u0437\u0430\u043d\u0438\u044f Tulip Etimo Red"},"content":{"rendered":"<p data-start=\"0\" data-end=\"178\"><strong data-start=\"0\" data-end=\"36\">\u041d\u0430\u0431\u043e\u0440 \u043a\u0440\u044e\u0447\u043a\u043e\u0432 \u0434\u043b\u044f \u0432\u044f\u0437\u0430\u043d\u0438\u044f Tulip Etimo Red<\/strong> \u2013 \u044d\u043b\u0435\u0433\u0430\u043d\u0442\u043d\u044b\u0439, \u0444\u0443\u043d\u043a\u0446\u0438\u043e\u043d\u0430\u043b\u044c\u043d\u044b\u0439 \u0438 \u0447\u0440\u0435\u0437\u0432\u044b\u0447\u0430\u0439\u043d\u043e \u0443\u0434\u043e\u0431\u043d\u044b\u0439 \u043a\u043e\u043c\u043f\u043b\u0435\u043a\u0442, \u0441\u043e\u0437\u0434\u0430\u043d\u043d\u044b\u0439 \u0432 \u042f\u043f\u043e\u043d\u0438\u0438 \u0434\u043b\u044f \u043b\u044e\u0431\u0438\u0442\u0435\u043b\u0435\u0439 \u0432\u044f\u0437\u0430\u043d\u0438\u044f \u043a\u0440\u044e\u0447\u043a\u043e\u043c, \u043a\u043e\u0442\u043e\u0440\u044b\u0435 \u0446\u0435\u043d\u044f\u0442 \u043a\u0430\u0447\u0435\u0441\u0442\u0432\u043e, \u044d\u0440\u0433\u043e\u043d\u043e\u043c\u0438\u0447\u043d\u043e\u0441\u0442\u044c \u0438 \u0441\u0442\u0438\u043b\u044c.<\/p>\n<p data-start=\"384\" data-end=\"661\">\u041a\u0440\u044e\u0447\u043a\u0438 \u0441\u0435\u0440\u0438\u0438 Tulip Etimo Red \u0438\u043c\u0435\u044e\u0442 \u0441\u043b\u0435\u0434\u0443\u044e\u0449\u0438\u0435 \u043e\u0441\u043e\u0431\u0435\u043d\u043d\u043e\u0441\u0442\u0438: <strong data-start=\"443\" data-end=\"473\">\u043c\u044f\u0433\u043a\u0443\u044e  \u044d\u0440\u0433\u043e\u043d\u043e\u043c\u0438\u0447\u043d\u0443\u044e \u0440\u0443\u0447\u043a\u0443<\/strong>, \u0447\u0442\u043e \u043e\u0431\u0435\u0441\u043f\u0435\u0447\u0438\u0432\u0430\u0435\u0442 \u043c\u0430\u043a\u0441\u0438\u043c\u0430\u043b\u044c\u043d\u044b\u0439 \u043a\u043e\u043c\u0444\u043e\u0440\u0442 \u043f\u0440\u0438 \u0432\u044f\u0437\u0430\u043d\u0438\u0438 \u0438 \u0441\u043d\u0438\u0436\u0430\u0435\u0442 \u043d\u0430\u0433\u0440\u0443\u0437\u043a\u0443 \u043d\u0430 \u0440\u0443\u043a\u0438. \u042f\u0440\u043a\u043e-\u043a\u0440\u0430\u0441\u043d\u044b\u0435 \u043a\u043e\u043d\u0447\u0438\u043a\u0438 \u043a\u0440\u044e\u0447\u043a\u043e\u0432 \u0438\u0437\u0433\u043e\u0442\u043e\u0432\u043b\u0435\u043d\u044b \u0438\u0437 \u0432\u044b\u0441\u043e\u043a\u043e\u043a\u0430\u0447\u0435\u0441\u0442\u0432\u0435\u043d\u043d\u043e\u0433\u043e \u0430\u043b\u044e\u043c\u0438\u043d\u0438\u044f, \u0431\u043b\u0430\u0433\u043e\u0434\u0430\u0440\u044f \u0447\u0435\u043c\u0443 \u043f\u0440\u044f\u0436\u0430 \u043b\u0435\u0433\u043a\u043e \u0441\u043a\u043e\u043b\u044c\u0437\u0438\u0442 \u0438 \u043d\u0435 \u0441\u043f\u0443\u0442\u044b\u0432\u0430\u0435\u0442\u0441\u044f.<\/p>\n<p data-start=\"663\" data-end=\"834\">\u041d\u0430\u0431\u043e\u0440 \u0443\u043f\u0430\u043a\u043e\u0432\u0430\u043d \u0432 <strong data-start=\"685\" data-end=\"711\">\u0441\u0442\u0438\u043b\u044c\u043d\u044b\u0439 \u0442\u043a\u0430\u043d\u0435\u0432\u044b\u0439 \u0447\u0435\u0445\u043e\u043b<\/strong>, \u043a\u043e\u0442\u043e\u0440\u044b\u0439 \u043f\u043e\u0437\u0432\u043e\u043b\u044f\u0435\u0442 \u0443\u0434\u043e\u0431\u043d\u043e \u0438 \u043e\u0440\u0433\u0430\u043d\u0438\u0437\u043e\u0432\u0430\u043d\u043d\u043e \u0445\u0440\u0430\u043d\u0438\u0442\u044c \u0432\u0441\u0435 \u0432\u0430\u0448\u0438 \u0438\u043d\u0441\u0442\u0440\u0443\u043c\u0435\u043d\u0442\u044b. \u041e\u0442\u043b\u0438\u0447\u043d\u044b\u0439 \u043f\u043e\u0434\u0430\u0440\u043e\u043a \u043a\u0430\u043a \u0434\u043b\u044f \u043d\u043e\u0432\u0438\u0447\u043a\u043e\u0432, \u0442\u0430\u043a \u0438 \u0434\u043b\u044f \u043e\u043f\u044b\u0442\u043d\u044b\u0445 \u0434\u0430\u0439\u0432\u0435\u0440\u043e\u0432.<\/p>\n<p data-start=\"180\" data-end=\"200\"><strong data-start=\"180\" data-end=\"198\">\u0412 \u043a\u043e\u043c\u043f\u043b\u0435\u043a\u0442 \u0432\u0445\u043e\u0434\u0438\u0442:<\/strong><\/p>\n<ul data-start=\"201\" data-end=\"382\">\n<li data-start=\"201\" data-end=\"316\">\n<p data-start=\"203\" data-end=\"316\"><strong data-start=\"203\" data-end=\"231\">9 \u044d\u0440\u0433\u043e\u043d\u043e\u043c\u0438\u0447\u043d\u044b\u0445 \u043a\u0440\u044e\u0447\u043a\u043e\u0432:<\/strong><br data-start=\"231\" data-end=\"234\" \/>1,8 \u043c\u043c 2,0 \u043c\u043c 2,2 \u043c\u043c 2,5 \u043c\u043c 3,0 \u043c\u043c 3,5 \u043c\u043c 4,0 \u043c\u043c 4,5 \u043c\u043c 5,0 \u043c\u043c<\/p>\n<\/li>\n<li data-start=\"317\" data-end=\"333\">\n<p data-start=\"319\" data-end=\"333\"><strong data-start=\"319\" data-end=\"331\">\u041b\u0438\u043d\u0435\u0439\u043a\u0430<\/strong><\/p>\n<\/li>\n<li data-start=\"334\" data-end=\"359\">\n<p data-start=\"336\" data-end=\"359\"><strong data-start=\"336\" data-end=\"357\">2 \u0433\u043e\u0431\u0435\u043b\u0435\u043d\u043e\u0432\u044b\u0435 \u0438\u0433\u043b\u044b<\/strong><\/p>\n<\/li>\n<li data-start=\"360\" data-end=\"382\">\n<p data-start=\"362\" data-end=\"382\"><strong data-start=\"362\" data-end=\"380\">\u0422\u043a\u0430\u043d\u0435\u0432\u044b\u0439 \u0447\u0435\u0445\u043e\u043b<\/strong><\/p>\n<\/li>\n<\/ul>\n<p data-start=\"836\" data-end=\"870\"><strong data-start=\"836\" data-end=\"851\">\u041f\u0440\u043e\u0438\u0437\u0432\u043e\u0434\u0438\u0442\u0435\u043b\u044c:<\/strong> Tulip  (\u042f\u043f\u043e\u043d\u0438\u044f)<\/p>\n<p data-start=\"872\" data-end=\"960\" data-is-last-node=\"\" data-is-only-node=\"\"><strong data-start=\"872\" data-end=\"884\">\u041f\u0440\u0438\u043c\u0435\u0447\u0430\u043d\u0438\u0435:<\/strong> \u0426\u0432\u0435\u0442\u043e\u0432\u044b\u0435 \u043e\u0442\u0442\u0435\u043d\u043a\u0438 \u043c\u043e\u0433\u0443\u0442 \u043d\u0435\u0437\u043d\u0430\u0447\u0438\u0442\u0435\u043b\u044c\u043d\u043e \u043e\u0442\u043b\u0438\u0447\u0430\u0442\u044c\u0441\u044f \u0432 \u0437\u0430\u0432\u0438\u0441\u0438\u043c\u043e\u0441\u0442\u0438 \u043e\u0442 \u044d\u043a\u0440\u0430\u043d\u0430 \u0432\u0430\u0448\u0435\u0433\u043e \u0443\u0441\u0442\u0440\u043e\u0439\u0441\u0442\u0432\u0430.<\/p>","protected":false},"excerpt":{"rendered":"<p>Tulip Etimo Red v\u0105\u0161eli\u0173 rinkinys \u2013 eleganti\u0161kas, funkcionalus ir itin patogus rinkinys, sukurtas Japonijoje n\u0117rimo entuziastams, vertinantiems kokyb\u0119, ergonomik\u0105 ir stili\u0173. Tulip Etimo Red serijos v\u0105\u0161eliai pasi\u017eymi mink\u0161ta ergonomine rankena, kuri u\u017etikrina maksimal\u0173 komfort\u0105 n\u0117rimo metu ir ma\u017eina rank\u0173 \u012ftamp\u0105. Ry\u0161kiai raudoni v\u0105\u0161eli\u0173 galiukai pagaminti i\u0161 auk\u0161tos kokyb\u0117s aliuminio, tod\u0117l si\u016blai lengvai slysta ir nesivelia. [&hellip;]<\/p>\n","protected":false},"featured_media":4982,"comment_status":"open","ping_status":"closed","template":"","meta":{"_acf_changed":false},"product_brand":[757],"product_cat":[15,19,788],"product_tag":[],"pro-kategorijos":[],"class_list":{"0":"post-4976","1":"product","2":"type-product","3":"status-publish","4":"has-post-thumbnail","6":"product_brand-tulip","7":"product_cat-visi-produktai","8":"product_cat-mezgimo-priemones","9":"product_cat-vaseliu-rinkiniai","11":"first","12":"outofstock","13":"shipping-taxable","14":"purchasable","15":"product-type-simple"},"acf":[],"yoast_head":"<!-- This site is optimized with the Yoast SEO plugin v26.8 - https:\/\/yoast.com\/product\/yoast-seo-wordpress\/ -->\n<title>Tulip Etimo Red v\u0105\u0161eli\u0173 rinkinys - Happyinaknit.com<\/title>\n<meta name=\"robots\" content=\"index, follow, max-snippet:-1, max-image-preview:large, max-video-preview:-1\" \/>\n<link rel=\"canonical\" href=\"https:\/\/happyinaknit.com\/ru\/product\/tulip-etimo-red-vaseliu-rinkinys\/\" \/>\n<meta property=\"og:locale\" content=\"ru_RU\" \/>\n<meta property=\"og:type\" content=\"article\" \/>\n<meta property=\"og:title\" content=\"Tulip Etimo Red v\u0105\u0161eli\u0173 rinkinys - Happyinaknit.com\" \/>\n<meta property=\"og:description\" content=\"Tulip Etimo Red v\u0105\u0161eli\u0173 rinkinys \u2013 eleganti\u0161kas, funkcionalus ir itin patogus rinkinys, sukurtas Japonijoje n\u0117rimo entuziastams, vertinantiems kokyb\u0119, ergonomik\u0105 ir stili\u0173. Tulip Etimo Red serijos v\u0105\u0161eliai pasi\u017eymi mink\u0161ta ergonomine rankena, kuri u\u017etikrina maksimal\u0173 komfort\u0105 n\u0117rimo metu ir ma\u017eina rank\u0173 \u012ftamp\u0105. Ry\u0161kiai raudoni v\u0105\u0161eli\u0173 galiukai pagaminti i\u0161 auk\u0161tos kokyb\u0117s aliuminio, tod\u0117l si\u016blai lengvai slysta ir nesivelia. [&hellip;]\" \/>\n<meta property=\"og:url\" content=\"https:\/\/happyinaknit.com\/ru\/product\/tulip-etimo-red-vaseliu-rinkinys\/\" \/>\n<meta property=\"og:site_name\" content=\"Happyinaknit.com\" \/>\n<meta property=\"article:modified_time\" content=\"2025-10-13T22:30:12+00:00\" \/>\n<meta property=\"og:image\" content=\"https:\/\/happyinaknit.com\/wp-content\/uploads\/2025\/10\/tulip-etimo-red-crochet-hook-set.jpg\" \/>\n\t<meta property=\"og:image:width\" content=\"700\" \/>\n\t<meta property=\"og:image:height\" content=\"700\" \/>\n\t<meta property=\"og:image:type\" content=\"image\/jpeg\" \/>\n<meta name=\"twitter:card\" content=\"summary_large_image\" \/>\n<meta name=\"twitter:label1\" content=\"\u041f\u0440\u0438\u043c\u0435\u0440\u043d\u043e\u0435 \u0432\u0440\u0435\u043c\u044f \u0434\u043b\u044f \u0447\u0442\u0435\u043d\u0438\u044f\" \/>\n\t<meta name=\"twitter:data1\" content=\"1 \u043c\u0438\u043d\u0443\u0442\u0430\" \/>\n<script type=\"application\/ld+json\" class=\"yoast-schema-graph\">{\"@context\":\"https:\/\/schema.org\",\"@graph\":[{\"@type\":\"WebPage\",\"@id\":\"https:\/\/happyinaknit.com\/produktas\/tulip-etimo-red-vaseliu-rinkinys\/\",\"url\":\"https:\/\/happyinaknit.com\/produktas\/tulip-etimo-red-vaseliu-rinkinys\/\",\"name\":\"Tulip Etimo Red v\u0105\u0161eli\u0173 rinkinys - Happyinaknit.com\",\"isPartOf\":{\"@id\":\"https:\/\/happyinaknit.com\/lt\/#website\"},\"primaryImageOfPage\":{\"@id\":\"https:\/\/happyinaknit.com\/produktas\/tulip-etimo-red-vaseliu-rinkinys\/#primaryimage\"},\"image\":{\"@id\":\"https:\/\/happyinaknit.com\/produktas\/tulip-etimo-red-vaseliu-rinkinys\/#primaryimage\"},\"thumbnailUrl\":\"https:\/\/happyinaknit.com\/wp-content\/uploads\/2025\/10\/tulip-etimo-red-crochet-hook-set.jpg\",\"datePublished\":\"2025-10-13T22:29:14+00:00\",\"dateModified\":\"2025-10-13T22:30:12+00:00\",\"breadcrumb\":{\"@id\":\"https:\/\/happyinaknit.com\/produktas\/tulip-etimo-red-vaseliu-rinkinys\/#breadcrumb\"},\"inLanguage\":\"ru-RU\",\"potentialAction\":[{\"@type\":\"ReadAction\",\"target\":[\"https:\/\/happyinaknit.com\/produktas\/tulip-etimo-red-vaseliu-rinkinys\/\"]}]},{\"@type\":\"ImageObject\",\"inLanguage\":\"ru-RU\",\"@id\":\"https:\/\/happyinaknit.com\/produktas\/tulip-etimo-red-vaseliu-rinkinys\/#primaryimage\",\"url\":\"https:\/\/happyinaknit.com\/wp-content\/uploads\/2025\/10\/tulip-etimo-red-crochet-hook-set.jpg\",\"contentUrl\":\"https:\/\/happyinaknit.com\/wp-content\/uploads\/2025\/10\/tulip-etimo-red-crochet-hook-set.jpg\",\"width\":700,\"height\":700},{\"@type\":\"BreadcrumbList\",\"@id\":\"https:\/\/happyinaknit.com\/produktas\/tulip-etimo-red-vaseliu-rinkinys\/#breadcrumb\",\"itemListElement\":[{\"@type\":\"ListItem\",\"position\":1,\"name\":\"Home\",\"item\":\"https:\/\/happyinaknit.com\/lt\/\"},{\"@type\":\"ListItem\",\"position\":2,\"name\":\"Parduotuv\u0117\",\"item\":\"https:\/\/happyinaknit.com\/lt\/parduotuve\/\"},{\"@type\":\"ListItem\",\"position\":3,\"name\":\"Tulip Etimo Red v\u0105\u0161eli\u0173 rinkinys\"}]},{\"@type\":\"WebSite\",\"@id\":\"https:\/\/happyinaknit.com\/lt\/#website\",\"url\":\"https:\/\/happyinaknit.com\/lt\/\",\"name\":\"Happyinaknit.com\",\"description\":\"\",\"potentialAction\":[{\"@type\":\"SearchAction\",\"target\":{\"@type\":\"EntryPoint\",\"urlTemplate\":\"https:\/\/happyinaknit.com\/lt\/?s={search_term_string}\"},\"query-input\":{\"@type\":\"PropertyValueSpecification\",\"valueRequired\":true,\"valueName\":\"search_term_string\"}}],\"inLanguage\":\"ru-RU\"}]}<\/script>\n<!-- \/ Yoast SEO plugin. -->","yoast_head_json":{"title":"Tulip Etimo Red v\u0105\u0161eli\u0173 rinkinys - Happyinaknit.com","robots":{"index":"index","follow":"follow","max-snippet":"max-snippet:-1","max-image-preview":"max-image-preview:large","max-video-preview":"max-video-preview:-1"},"canonical":"https:\/\/happyinaknit.com\/ru\/product\/tulip-etimo-red-vaseliu-rinkinys\/","og_locale":"ru_RU","og_type":"article","og_title":"Tulip Etimo Red v\u0105\u0161eli\u0173 rinkinys - Happyinaknit.com","og_description":"Tulip Etimo Red v\u0105\u0161eli\u0173 rinkinys \u2013 eleganti\u0161kas, funkcionalus ir itin patogus rinkinys, sukurtas Japonijoje n\u0117rimo entuziastams, vertinantiems kokyb\u0119, ergonomik\u0105 ir stili\u0173. Tulip Etimo Red serijos v\u0105\u0161eliai pasi\u017eymi mink\u0161ta ergonomine rankena, kuri u\u017etikrina maksimal\u0173 komfort\u0105 n\u0117rimo metu ir ma\u017eina rank\u0173 \u012ftamp\u0105. Ry\u0161kiai raudoni v\u0105\u0161eli\u0173 galiukai pagaminti i\u0161 auk\u0161tos kokyb\u0117s aliuminio, tod\u0117l si\u016blai lengvai slysta ir nesivelia. [&hellip;]","og_url":"https:\/\/happyinaknit.com\/ru\/product\/tulip-etimo-red-vaseliu-rinkinys\/","og_site_name":"Happyinaknit.com","article_modified_time":"2025-10-13T22:30:12+00:00","og_image":[{"width":700,"height":700,"url":"https:\/\/happyinaknit.com\/wp-content\/uploads\/2025\/10\/tulip-etimo-red-crochet-hook-set.jpg","type":"image\/jpeg"}],"twitter_card":"summary_large_image","twitter_misc":{"\u041f\u0440\u0438\u043c\u0435\u0440\u043d\u043e\u0435 \u0432\u0440\u0435\u043c\u044f \u0434\u043b\u044f \u0447\u0442\u0435\u043d\u0438\u044f":"1 \u043c\u0438\u043d\u0443\u0442\u0430"},"schema":{"@context":"https:\/\/schema.org","@graph":[{"@type":"WebPage","@id":"https:\/\/happyinaknit.com\/produktas\/tulip-etimo-red-vaseliu-rinkinys\/","url":"https:\/\/happyinaknit.com\/produktas\/tulip-etimo-red-vaseliu-rinkinys\/","name":"Tulip Etimo Red v\u0105\u0161eli\u0173 rinkinys - Happyinaknit.com","isPartOf":{"@id":"https:\/\/happyinaknit.com\/lt\/#website"},"primaryImageOfPage":{"@id":"https:\/\/happyinaknit.com\/produktas\/tulip-etimo-red-vaseliu-rinkinys\/#primaryimage"},"image":{"@id":"https:\/\/happyinaknit.com\/produktas\/tulip-etimo-red-vaseliu-rinkinys\/#primaryimage"},"thumbnailUrl":"https:\/\/happyinaknit.com\/wp-content\/uploads\/2025\/10\/tulip-etimo-red-crochet-hook-set.jpg","datePublished":"2025-10-13T22:29:14+00:00","dateModified":"2025-10-13T22:30:12+00:00","breadcrumb":{"@id":"https:\/\/happyinaknit.com\/produktas\/tulip-etimo-red-vaseliu-rinkinys\/#breadcrumb"},"inLanguage":"ru-RU","potentialAction":[{"@type":"ReadAction","target":["https:\/\/happyinaknit.com\/produktas\/tulip-etimo-red-vaseliu-rinkinys\/"]}]},{"@type":"ImageObject","inLanguage":"ru-RU","@id":"https:\/\/happyinaknit.com\/produktas\/tulip-etimo-red-vaseliu-rinkinys\/#primaryimage","url":"https:\/\/happyinaknit.com\/wp-content\/uploads\/2025\/10\/tulip-etimo-red-crochet-hook-set.jpg","contentUrl":"https:\/\/happyinaknit.com\/wp-content\/uploads\/2025\/10\/tulip-etimo-red-crochet-hook-set.jpg","width":700,"height":700},{"@type":"BreadcrumbList","@id":"https:\/\/happyinaknit.com\/produktas\/tulip-etimo-red-vaseliu-rinkinys\/#breadcrumb","itemListElement":[{"@type":"ListItem","position":1,"name":"Home","item":"https:\/\/happyinaknit.com\/lt\/"},{"@type":"ListItem","position":2,"name":"Parduotuv\u0117","item":"https:\/\/happyinaknit.com\/lt\/parduotuve\/"},{"@type":"ListItem","position":3,"name":"Tulip Etimo Red v\u0105\u0161eli\u0173 rinkinys"}]},{"@type":"WebSite","@id":"https:\/\/happyinaknit.com\/lt\/#website","url":"https:\/\/happyinaknit.com\/lt\/","name":"Happyinaknit.com","description":"","potentialAction":[{"@type":"SearchAction","target":{"@type":"EntryPoint","urlTemplate":"https:\/\/happyinaknit.com\/lt\/?s={search_term_string}"},"query-input":{"@type":"PropertyValueSpecification","valueRequired":true,"valueName":"search_term_string"}}],"inLanguage":"ru-RU"}]}},"_links":{"self":[{"href":"https:\/\/happyinaknit.com\/ru\/wp-json\/wp\/v2\/product\/4976","targetHints":{"allow":["GET"]}}],"collection":[{"href":"https:\/\/happyinaknit.com\/ru\/wp-json\/wp\/v2\/product"}],"about":[{"href":"https:\/\/happyinaknit.com\/ru\/wp-json\/wp\/v2\/types\/product"}],"replies":[{"embeddable":true,"href":"https:\/\/happyinaknit.com\/ru\/wp-json\/wp\/v2\/comments?post=4976"}],"wp:featuredmedia":[{"embeddable":true,"href":"https:\/\/happyinaknit.com\/ru\/wp-json\/wp\/v2\/media\/4982"}],"wp:attachment":[{"href":"https:\/\/happyinaknit.com\/ru\/wp-json\/wp\/v2\/media?parent=4976"}],"wp:term":[{"taxonomy":"product_brand","embeddable":true,"href":"https:\/\/happyinaknit.com\/ru\/wp-json\/wp\/v2\/product_brand?post=4976"},{"taxonomy":"product_cat","embeddable":true,"href":"https:\/\/happyinaknit.com\/ru\/wp-json\/wp\/v2\/product_cat?post=4976"},{"taxonomy":"product_tag","embeddable":true,"href":"https:\/\/happyinaknit.com\/ru\/wp-json\/wp\/v2\/product_tag?post=4976"},{"taxonomy":"pro-kategorijos","embeddable":true,"href":"https:\/\/happyinaknit.com\/ru\/wp-json\/wp\/v2\/pro-kategorijos?post=4976"}],"curies":[{"name":"wp","href":"https:\/\/api.w.org\/{rel}","templated":true}]}}