{"id":4966,"date":"2025-10-13T22:12:56","date_gmt":"2025-10-13T22:12:56","guid":{"rendered":"https:\/\/happyinaknit.com\/?post_type=product&#038;p=4966"},"modified":"2025-10-21T06:09:39","modified_gmt":"2025-10-21T06:09:39","slug":"knitpro-jadore-cubics-special-prisukamu-virbalu-rinkinys-10-cm","status":"publish","type":"product","link":"https:\/\/happyinaknit.com\/ru\/product\/knitpro-jadore-cubics-special-prisukamu-virbalu-rinkinys-10-cm\/","title":{"rendered":"Knitpro J'ADORE CUBICS Special \u043d\u0430\u0431\u043e\u0440 \u043a\u0432\u0430\u0434\u0440\u0430\u0442\u043d\u044b\u0445 \u0443\u043a\u043e\u0440\u043e\u0447\u0435\u043d\u043d\u044b\u0445 \u0441\u043f\u0438\u0446  10 \u0441\u043c"},"content":{"rendered":"<p data-start=\"0\" data-end=\"332\"><strong data-start=\"0\" data-end=\"63\">\u041d\u0430\u0431\u043e\u0440 \u0440\u0430\u0437\u044a\u0435\u043c\u043d\u044b\u0445 \u0441\u043f\u0438\u0446 KnitPro J'adore Cubics Special<\/strong> \u2013 \u044d\u043a\u0441\u043a\u043b\u044e\u0437\u0438\u0432\u043d\u044b\u0439, \u044d\u043b\u0435\u0433\u0430\u043d\u0442\u043d\u044b\u0439 \u0438 \u0447\u0440\u0435\u0437\u0432\u044b\u0447\u0430\u0439\u043d\u043e \u043f\u0440\u0430\u043a\u0442\u0438\u0447\u043d\u044b\u0439 \u043a\u043e\u043c\u043f\u043b\u0435\u043a\u0442 \u0441 <strong data-start=\"123\" data-end=\"155\">\u0441 \u0431\u043e\u043b\u0435\u0435 \u043a\u043e\u0440\u043e\u0442\u043a\u0438\u043c\u0438 \u0441\u043f\u0438\u0446\u0430\u043c\u0438 10 \u0441\u043c<\/strong>, \u043f\u0440\u0435\u0434\u043d\u0430\u0437\u043d\u0430\u0447\u0435\u043d\u0430 \u0434\u043b\u044f \u0432\u044f\u0437\u0430\u043d\u0438\u044f \u043d\u0435\u0431\u043e\u043b\u044c\u0448\u0438\u0445 \u0438\u0437\u0434\u0435\u043b\u0438\u0439: \u0448\u0430\u043f\u043e\u043a, \u0440\u0443\u043a\u0430\u0432\u043e\u0432, \u0434\u0435\u0442\u0441\u043a\u043e\u0439 \u043e\u0434\u0435\u0436\u0434\u044b \u0438\u043b\u0438 \u0443\u0437\u043a\u0438\u0445 \u0438\u0437\u0434\u0435\u043b\u0438\u0439. \u041e\u0442\u043b\u0438\u0447\u043d\u044b\u0439 \u043f\u043e\u0434\u0430\u0440\u043e\u043a \u043a\u0430\u043a \u0434\u043b\u044f \u043d\u0430\u0447\u0438\u043d\u0430\u044e\u0449\u0438\u0445, \u0442\u0430\u043a \u0438 \u0434\u043b\u044f \u043e\u043f\u044b\u0442\u043d\u044b\u0445 \u0432\u044f\u0437\u0430\u043b\u044c\u0449\u0438\u0446.<\/p>\n<p data-start=\"698\" data-end=\"988\">J'adore Cubics Specia <strong data-start=\"755\" data-end=\"791\">\u0434\u0435\u0440\u0435\u0432\u044f\u043d\u043d\u044b\u0435 \u0441\u043f\u0438\u0446\u044b \u0432 \u043a\u0432\u0430\u0434\u0440\u0430\u0442\u043d\u043e\u0439  \u0444\u043e\u0440\u043c\u0435<\/strong> \u0444\u0438\u043e\u043b\u0435\u0442\u043e\u0432\u043e\u0433\u043e  \u043e\u0442\u0442\u0435\u043d\u043a\u0430, \u0441\u043e\u0447\u0435\u0442\u0430\u044e\u0449\u0438\u0435 \u0432 \u0441\u0435\u0431\u0435 \u043a\u0440\u0430\u0441\u043e\u0442\u0443, \u043a\u043e\u043c\u0444\u043e\u0440\u0442 \u0438 \u044d\u0440\u0433\u043e\u043d\u043e\u043c\u0438\u0447\u043d\u043e\u0441\u0442\u044c. \u041e\u0441\u043e\u0431\u0430\u044f \u0444\u043e\u0440\u043c\u0430 \u0434\u0435\u043b\u0430\u0435\u0442 \u0438\u0445 \u043d\u0435\u0432\u0435\u0440\u043e\u044f\u0442\u043d\u043e \u0443\u0434\u043e\u0431\u043d\u044b\u043c\u0438 \u0434\u043b\u044f \u0432\u044f\u0437\u0430\u043d\u0438\u044f, \u0441\u043d\u0438\u0436\u0430\u0435\u0442 \u0443\u0442\u043e\u043c\u043b\u044f\u0435\u043c\u043e\u0441\u0442\u044c \u0440\u0443\u043a\u0438 \u0438 \u043f\u043e\u0437\u0432\u043e\u043b\u044f\u0435\u0442 \u0434\u043e\u0431\u0438\u0442\u044c\u0441\u044f \u0440\u0430\u0432\u043d\u043e\u043c\u0435\u0440\u043d\u043e\u0439 \u043f\u043b\u043e\u0442\u043d\u043e\u0441\u0442\u0438 \u0432\u044f\u0437\u0430\u043d\u0438\u044f.<\/p>\n<p data-start=\"990\" data-end=\"1183\">\u041f\u043e\u0432\u043e\u0440\u043e\u0442\u043d\u044b\u0435 <strong data-start=\"999\" data-end=\"1013\">\u043b\u0435\u0441\u043a\u0438 360\u00b0<\/strong> \u043e\u0431\u0435\u0441\u043f\u0435\u0447\u0438\u0432\u0430\u0435\u0442 \u0441\u0432\u043e\u0431\u043e\u0434\u0443 \u0432\u044f\u0437\u0430\u043d\u0438\u044f - \u043e\u043d\u0438 \u043d\u0435 \u043f\u0435\u0440\u0435\u043a\u0440\u0443\u0447\u0438\u0432\u0430\u044e\u0442\u0441\u044f \u0438 \u043d\u0435 \u0437\u0430\u043a\u0440\u0443\u0447\u0438\u0432\u0430\u044e\u0442\u0441\u044f \u0432\u043e \u0432\u0440\u0435\u043c\u044f \u0440\u0430\u0431\u043e\u0442\u044b.<br data-start=\"1079\" data-end=\"1082\" \/>\u041d\u0430\u0431\u043e\u0440 \u043f\u043e\u0441\u0442\u0430\u0432\u043b\u044f\u0435\u0442\u0441\u044f \u0432 \u044d\u043b\u0435\u0433\u0430\u043d\u0442\u043d\u043e\u043c \u0444\u0443\u0442\u043b\u044f\u0440\u0435, \u0447\u0442\u043e \u0434\u0435\u043b\u0430\u0435\u0442 \u0435\u0433\u043e \u0438\u0434\u0435\u0430\u043b\u044c\u043d\u044b\u043c <strong data-start=\"1152\" data-end=\"1180\">\u043f\u043e\u0434\u0430\u0440\u043e\u043a \u0434\u043b\u044f \u043b\u044e\u0431\u0438\u0442\u0435\u043b\u0435\u0439 \u0432\u044f\u0437\u0430\u043d\u0438\u044f<\/strong>.<\/p>\n<p data-start=\"334\" data-end=\"354\"><strong data-start=\"334\" data-end=\"352\">\u0412 \u043a\u043e\u043c\u043f\u043b\u0435\u043a\u0442 \u0432\u0445\u043e\u0434\u0438\u0442:<\/strong><\/p>\n<ul data-start=\"355\" data-end=\"696\">\n<li data-start=\"355\" data-end=\"486\">\n<p data-start=\"357\" data-end=\"486\"><strong data-start=\"357\" data-end=\"412\">7 \u043f\u0430\u0440 \u0440\u0430\u0437\u044a\u0435\u043c\u043d\u044b\u0445 \u043a\u043e\u0440\u043e\u0442\u043a\u0438\u0445 \u0441\u043f\u0438\u0446-\u043a\u0443\u0431\u0438\u043a\u043e\u0432  (10 \u0441\u043c):<\/strong><br data-start=\"412\" data-end=\"415\" \/>4,00 \u043c\u043c 4,50 \u043c\u043c 5,00 \u043c\u043c 5,50 \u043c\u043c 6,00 \u043c\u043c 7,00 \u043c\u043c 8,00 \u043c\u043c<\/p>\n<\/li>\n<li data-start=\"487\" data-end=\"603\">\n<p data-start=\"489\" data-end=\"603\"><strong data-start=\"489\" data-end=\"516\">4 \u0432\u0440\u0430\u0449\u0430\u044e\u0449\u0438\u0435\u0441\u044f (360\u00b0) \u043b\u0438\u043d\u0438\u0438<\/strong> \u0441 \u043f\u0430\u0442\u0440\u043e\u043d\u043e\u043c \u0438\u0437 \u043d\u0435\u0440\u0436\u0430\u0432\u0435\u044e\u0449\u0435\u0439 \u0441\u0442\u0430\u043b\u0438 \u0438 \u043d\u0435\u0439\u043b\u043e\u043d\u043e\u0432\u044b\u043c \u043f\u043e\u043a\u0440\u044b\u0442\u0438\u0435\u043c:<br data-start=\"565\" data-end=\"568\" \/>40 \u0441\u043c (2 \u0448\u0442.) \u00b7 50 \u0441\u043c (2 \u0448\u0442.)<\/p>\n<\/li>\n<li data-start=\"604\" data-end=\"623\">\n<p data-start=\"606\" data-end=\"623\"><strong data-start=\"606\" data-end=\"621\">8 \u0441\u0442\u043e\u043f\u043f\u0435\u0440\u043e\u0432<\/strong><\/p>\n<\/li>\n<li data-start=\"624\" data-end=\"653\">\n<p data-start=\"626\" data-end=\"653\"><strong data-start=\"626\" data-end=\"651\">4  \u043a\u043b\u044e\u0447\u0430<\/strong><\/p>\n<\/li>\n<li data-start=\"654\" data-end=\"696\">\n<p data-start=\"656\" data-end=\"696\"><strong data-start=\"656\" data-end=\"694\">1 \u043a\u043e\u043c\u043f\u043b\u0435\u043a\u0442 \u0430\u0434\u0430\u043f\u0442\u0435\u0440\u043e\u0432 \u0434\u043b\u044f \u0441\u043e\u0435\u0434\u0438\u043d\u0435\u043d\u0438\u044f  \u043b\u0435\u0441\u043e\u043a<\/strong><\/p>\n<\/li>\n<\/ul>\n<p data-start=\"1185\" data-end=\"1210\"><strong data-start=\"1185\" data-end=\"1200\">\u041f\u0440\u043e\u0438\u0437\u0432\u043e\u0434\u0438\u0442\u0435\u043b\u044c:<\/strong> KnitPro<\/p>\n<p data-start=\"1212\" data-end=\"1300\" data-is-last-node=\"\" data-is-only-node=\"\"><strong data-start=\"1212\" data-end=\"1224\">\u041f\u0440\u0438\u043c\u0435\u0447\u0430\u043d\u0438\u0435:<\/strong> \u0426\u0432\u0435\u0442\u043e\u0432\u044b\u0435 \u043e\u0442\u0442\u0435\u043d\u043a\u0438 \u043c\u043e\u0433\u0443\u0442 \u043d\u0435\u0437\u043d\u0430\u0447\u0438\u0442\u0435\u043b\u044c\u043d\u043e \u043e\u0442\u043b\u0438\u0447\u0430\u0442\u044c\u0441\u044f \u0432 \u0437\u0430\u0432\u0438\u0441\u0438\u043c\u043e\u0441\u0442\u0438 \u043e\u0442 \u044d\u043a\u0440\u0430\u043d\u0430 \u0432\u0430\u0448\u0435\u0433\u043e \u0443\u0441\u0442\u0440\u043e\u0439\u0441\u0442\u0432\u0430.<\/p>","protected":false},"excerpt":{"rendered":"<p>KnitPro J\u2019adore Cubics Special prisukam\u0173j\u0173 virbal\u0173 rinkinys \u2013 i\u0161skirtinis, eleganti\u0161kas ir itin prakti\u0161kas rinkinys su trumpesniais 10 cm virbalais, sukurtas ma\u017eesniems mezgimo projektams: kepur\u0117ms, rankov\u0117ms, vaik\u0173 drabu\u017eiams ar siauresniems gaminiams megzti. Tai puiki dovana tiek pradedan\u010diai, tiek patyrusiai mezg\u0117jai. \u201eJ\u2019adore Cubics Special\u201c virbalai \u2013 tai kubin\u0117s formos mediniai virbalai su subtiliu ro\u017einiu atspalviu, kurie sujungia [&hellip;]<\/p>\n","protected":false},"featured_media":4967,"comment_status":"open","ping_status":"closed","template":"","meta":{"_acf_changed":false},"product_brand":[1069],"product_cat":[15,19,861],"product_tag":[],"pro-kategorijos":[],"class_list":{"0":"post-4966","1":"product","2":"type-product","3":"status-publish","4":"has-post-thumbnail","6":"product_brand-knitpro","7":"product_cat-visi-produktai","8":"product_cat-mezgimo-priemones","9":"product_cat-virbalu-rinkiniai","11":"first","12":"instock","13":"shipping-taxable","14":"purchasable","15":"product-type-simple"},"acf":[],"yoast_head":"<!-- This site is optimized with the Yoast SEO plugin v26.8 - https:\/\/yoast.com\/product\/yoast-seo-wordpress\/ -->\n<title>Knitpro J\u2019ADORE CUBICS Special prisukam\u0173 virbal\u0173 rinkinys 10 cm - Happyinaknit.com<\/title>\n<meta name=\"robots\" content=\"index, follow, max-snippet:-1, max-image-preview:large, max-video-preview:-1\" \/>\n<link rel=\"canonical\" href=\"https:\/\/happyinaknit.com\/ru\/product\/knitpro-jadore-cubics-special-prisukamu-virbalu-rinkinys-10-cm\/\" \/>\n<meta property=\"og:locale\" content=\"ru_RU\" \/>\n<meta property=\"og:type\" content=\"article\" \/>\n<meta property=\"og:title\" content=\"Knitpro J\u2019ADORE CUBICS Special prisukam\u0173 virbal\u0173 rinkinys 10 cm - Happyinaknit.com\" \/>\n<meta property=\"og:description\" content=\"KnitPro J\u2019adore Cubics Special prisukam\u0173j\u0173 virbal\u0173 rinkinys \u2013 i\u0161skirtinis, eleganti\u0161kas ir itin prakti\u0161kas rinkinys su trumpesniais 10 cm virbalais, sukurtas ma\u017eesniems mezgimo projektams: kepur\u0117ms, rankov\u0117ms, vaik\u0173 drabu\u017eiams ar siauresniems gaminiams megzti. Tai puiki dovana tiek pradedan\u010diai, tiek patyrusiai mezg\u0117jai. \u201eJ\u2019adore Cubics Special\u201c virbalai \u2013 tai kubin\u0117s formos mediniai virbalai su subtiliu ro\u017einiu atspalviu, kurie sujungia [&hellip;]\" \/>\n<meta property=\"og:url\" content=\"https:\/\/happyinaknit.com\/ru\/product\/knitpro-jadore-cubics-special-prisukamu-virbalu-rinkinys-10-cm\/\" \/>\n<meta property=\"og:site_name\" content=\"Happyinaknit.com\" \/>\n<meta property=\"article:modified_time\" content=\"2025-10-21T06:09:39+00:00\" \/>\n<meta property=\"og:image\" content=\"https:\/\/happyinaknit.com\/wp-content\/uploads\/2025\/10\/IMG_9709.jpg\" \/>\n\t<meta property=\"og:image:width\" content=\"500\" \/>\n\t<meta property=\"og:image:height\" content=\"500\" \/>\n\t<meta property=\"og:image:type\" content=\"image\/jpeg\" \/>\n<meta name=\"twitter:card\" content=\"summary_large_image\" \/>\n<meta name=\"twitter:label1\" content=\"\u041f\u0440\u0438\u043c\u0435\u0440\u043d\u043e\u0435 \u0432\u0440\u0435\u043c\u044f \u0434\u043b\u044f \u0447\u0442\u0435\u043d\u0438\u044f\" \/>\n\t<meta name=\"twitter:data1\" content=\"1 \u043c\u0438\u043d\u0443\u0442\u0430\" \/>\n<script type=\"application\/ld+json\" class=\"yoast-schema-graph\">{\"@context\":\"https:\/\/schema.org\",\"@graph\":[{\"@type\":\"WebPage\",\"@id\":\"https:\/\/happyinaknit.com\/produktas\/knitpro-jadore-cubics-special-prisukamu-virbalu-rinkinys-10-cm\/\",\"url\":\"https:\/\/happyinaknit.com\/produktas\/knitpro-jadore-cubics-special-prisukamu-virbalu-rinkinys-10-cm\/\",\"name\":\"Knitpro J\u2019ADORE CUBICS Special prisukam\u0173 virbal\u0173 rinkinys 10 cm - Happyinaknit.com\",\"isPartOf\":{\"@id\":\"https:\/\/happyinaknit.com\/lt\/#website\"},\"primaryImageOfPage\":{\"@id\":\"https:\/\/happyinaknit.com\/produktas\/knitpro-jadore-cubics-special-prisukamu-virbalu-rinkinys-10-cm\/#primaryimage\"},\"image\":{\"@id\":\"https:\/\/happyinaknit.com\/produktas\/knitpro-jadore-cubics-special-prisukamu-virbalu-rinkinys-10-cm\/#primaryimage\"},\"thumbnailUrl\":\"https:\/\/happyinaknit.com\/wp-content\/uploads\/2025\/10\/IMG_9709.jpg\",\"datePublished\":\"2025-10-13T22:12:56+00:00\",\"dateModified\":\"2025-10-21T06:09:39+00:00\",\"breadcrumb\":{\"@id\":\"https:\/\/happyinaknit.com\/produktas\/knitpro-jadore-cubics-special-prisukamu-virbalu-rinkinys-10-cm\/#breadcrumb\"},\"inLanguage\":\"ru-RU\",\"potentialAction\":[{\"@type\":\"ReadAction\",\"target\":[\"https:\/\/happyinaknit.com\/produktas\/knitpro-jadore-cubics-special-prisukamu-virbalu-rinkinys-10-cm\/\"]}]},{\"@type\":\"ImageObject\",\"inLanguage\":\"ru-RU\",\"@id\":\"https:\/\/happyinaknit.com\/produktas\/knitpro-jadore-cubics-special-prisukamu-virbalu-rinkinys-10-cm\/#primaryimage\",\"url\":\"https:\/\/happyinaknit.com\/wp-content\/uploads\/2025\/10\/IMG_9709.jpg\",\"contentUrl\":\"https:\/\/happyinaknit.com\/wp-content\/uploads\/2025\/10\/IMG_9709.jpg\",\"width\":500,\"height\":500},{\"@type\":\"BreadcrumbList\",\"@id\":\"https:\/\/happyinaknit.com\/produktas\/knitpro-jadore-cubics-special-prisukamu-virbalu-rinkinys-10-cm\/#breadcrumb\",\"itemListElement\":[{\"@type\":\"ListItem\",\"position\":1,\"name\":\"Home\",\"item\":\"https:\/\/happyinaknit.com\/lt\/\"},{\"@type\":\"ListItem\",\"position\":2,\"name\":\"Parduotuv\u0117\",\"item\":\"https:\/\/happyinaknit.com\/lt\/parduotuve\/\"},{\"@type\":\"ListItem\",\"position\":3,\"name\":\"Knitpro J\u2019ADORE CUBICS Special prisukam\u0173 virbal\u0173 rinkinys 10 cm\"}]},{\"@type\":\"WebSite\",\"@id\":\"https:\/\/happyinaknit.com\/lt\/#website\",\"url\":\"https:\/\/happyinaknit.com\/lt\/\",\"name\":\"Happyinaknit.com\",\"description\":\"\",\"potentialAction\":[{\"@type\":\"SearchAction\",\"target\":{\"@type\":\"EntryPoint\",\"urlTemplate\":\"https:\/\/happyinaknit.com\/lt\/?s={search_term_string}\"},\"query-input\":{\"@type\":\"PropertyValueSpecification\",\"valueRequired\":true,\"valueName\":\"search_term_string\"}}],\"inLanguage\":\"ru-RU\"}]}<\/script>\n<!-- \/ Yoast SEO plugin. -->","yoast_head_json":{"title":"Knitpro J\u2019ADORE CUBICS Special prisukam\u0173 virbal\u0173 rinkinys 10 cm - Happyinaknit.com","robots":{"index":"index","follow":"follow","max-snippet":"max-snippet:-1","max-image-preview":"max-image-preview:large","max-video-preview":"max-video-preview:-1"},"canonical":"https:\/\/happyinaknit.com\/ru\/product\/knitpro-jadore-cubics-special-prisukamu-virbalu-rinkinys-10-cm\/","og_locale":"ru_RU","og_type":"article","og_title":"Knitpro J\u2019ADORE CUBICS Special prisukam\u0173 virbal\u0173 rinkinys 10 cm - Happyinaknit.com","og_description":"KnitPro J\u2019adore Cubics Special prisukam\u0173j\u0173 virbal\u0173 rinkinys \u2013 i\u0161skirtinis, eleganti\u0161kas ir itin prakti\u0161kas rinkinys su trumpesniais 10 cm virbalais, sukurtas ma\u017eesniems mezgimo projektams: kepur\u0117ms, rankov\u0117ms, vaik\u0173 drabu\u017eiams ar siauresniems gaminiams megzti. Tai puiki dovana tiek pradedan\u010diai, tiek patyrusiai mezg\u0117jai. \u201eJ\u2019adore Cubics Special\u201c virbalai \u2013 tai kubin\u0117s formos mediniai virbalai su subtiliu ro\u017einiu atspalviu, kurie sujungia [&hellip;]","og_url":"https:\/\/happyinaknit.com\/ru\/product\/knitpro-jadore-cubics-special-prisukamu-virbalu-rinkinys-10-cm\/","og_site_name":"Happyinaknit.com","article_modified_time":"2025-10-21T06:09:39+00:00","og_image":[{"width":500,"height":500,"url":"https:\/\/happyinaknit.com\/wp-content\/uploads\/2025\/10\/IMG_9709.jpg","type":"image\/jpeg"}],"twitter_card":"summary_large_image","twitter_misc":{"\u041f\u0440\u0438\u043c\u0435\u0440\u043d\u043e\u0435 \u0432\u0440\u0435\u043c\u044f \u0434\u043b\u044f \u0447\u0442\u0435\u043d\u0438\u044f":"1 \u043c\u0438\u043d\u0443\u0442\u0430"},"schema":{"@context":"https:\/\/schema.org","@graph":[{"@type":"WebPage","@id":"https:\/\/happyinaknit.com\/produktas\/knitpro-jadore-cubics-special-prisukamu-virbalu-rinkinys-10-cm\/","url":"https:\/\/happyinaknit.com\/produktas\/knitpro-jadore-cubics-special-prisukamu-virbalu-rinkinys-10-cm\/","name":"Knitpro J\u2019ADORE CUBICS Special prisukam\u0173 virbal\u0173 rinkinys 10 cm - Happyinaknit.com","isPartOf":{"@id":"https:\/\/happyinaknit.com\/lt\/#website"},"primaryImageOfPage":{"@id":"https:\/\/happyinaknit.com\/produktas\/knitpro-jadore-cubics-special-prisukamu-virbalu-rinkinys-10-cm\/#primaryimage"},"image":{"@id":"https:\/\/happyinaknit.com\/produktas\/knitpro-jadore-cubics-special-prisukamu-virbalu-rinkinys-10-cm\/#primaryimage"},"thumbnailUrl":"https:\/\/happyinaknit.com\/wp-content\/uploads\/2025\/10\/IMG_9709.jpg","datePublished":"2025-10-13T22:12:56+00:00","dateModified":"2025-10-21T06:09:39+00:00","breadcrumb":{"@id":"https:\/\/happyinaknit.com\/produktas\/knitpro-jadore-cubics-special-prisukamu-virbalu-rinkinys-10-cm\/#breadcrumb"},"inLanguage":"ru-RU","potentialAction":[{"@type":"ReadAction","target":["https:\/\/happyinaknit.com\/produktas\/knitpro-jadore-cubics-special-prisukamu-virbalu-rinkinys-10-cm\/"]}]},{"@type":"ImageObject","inLanguage":"ru-RU","@id":"https:\/\/happyinaknit.com\/produktas\/knitpro-jadore-cubics-special-prisukamu-virbalu-rinkinys-10-cm\/#primaryimage","url":"https:\/\/happyinaknit.com\/wp-content\/uploads\/2025\/10\/IMG_9709.jpg","contentUrl":"https:\/\/happyinaknit.com\/wp-content\/uploads\/2025\/10\/IMG_9709.jpg","width":500,"height":500},{"@type":"BreadcrumbList","@id":"https:\/\/happyinaknit.com\/produktas\/knitpro-jadore-cubics-special-prisukamu-virbalu-rinkinys-10-cm\/#breadcrumb","itemListElement":[{"@type":"ListItem","position":1,"name":"Home","item":"https:\/\/happyinaknit.com\/lt\/"},{"@type":"ListItem","position":2,"name":"Parduotuv\u0117","item":"https:\/\/happyinaknit.com\/lt\/parduotuve\/"},{"@type":"ListItem","position":3,"name":"Knitpro J\u2019ADORE CUBICS Special prisukam\u0173 virbal\u0173 rinkinys 10 cm"}]},{"@type":"WebSite","@id":"https:\/\/happyinaknit.com\/lt\/#website","url":"https:\/\/happyinaknit.com\/lt\/","name":"Happyinaknit.com","description":"","potentialAction":[{"@type":"SearchAction","target":{"@type":"EntryPoint","urlTemplate":"https:\/\/happyinaknit.com\/lt\/?s={search_term_string}"},"query-input":{"@type":"PropertyValueSpecification","valueRequired":true,"valueName":"search_term_string"}}],"inLanguage":"ru-RU"}]}},"_links":{"self":[{"href":"https:\/\/happyinaknit.com\/ru\/wp-json\/wp\/v2\/product\/4966","targetHints":{"allow":["GET"]}}],"collection":[{"href":"https:\/\/happyinaknit.com\/ru\/wp-json\/wp\/v2\/product"}],"about":[{"href":"https:\/\/happyinaknit.com\/ru\/wp-json\/wp\/v2\/types\/product"}],"replies":[{"embeddable":true,"href":"https:\/\/happyinaknit.com\/ru\/wp-json\/wp\/v2\/comments?post=4966"}],"wp:featuredmedia":[{"embeddable":true,"href":"https:\/\/happyinaknit.com\/ru\/wp-json\/wp\/v2\/media\/4967"}],"wp:attachment":[{"href":"https:\/\/happyinaknit.com\/ru\/wp-json\/wp\/v2\/media?parent=4966"}],"wp:term":[{"taxonomy":"product_brand","embeddable":true,"href":"https:\/\/happyinaknit.com\/ru\/wp-json\/wp\/v2\/product_brand?post=4966"},{"taxonomy":"product_cat","embeddable":true,"href":"https:\/\/happyinaknit.com\/ru\/wp-json\/wp\/v2\/product_cat?post=4966"},{"taxonomy":"product_tag","embeddable":true,"href":"https:\/\/happyinaknit.com\/ru\/wp-json\/wp\/v2\/product_tag?post=4966"},{"taxonomy":"pro-kategorijos","embeddable":true,"href":"https:\/\/happyinaknit.com\/ru\/wp-json\/wp\/v2\/pro-kategorijos?post=4966"}],"curies":[{"name":"wp","href":"https:\/\/api.w.org\/{rel}","templated":true}]}}