{"id":4961,"date":"2025-10-13T22:04:26","date_gmt":"2025-10-13T22:04:26","guid":{"rendered":"https:\/\/happyinaknit.com\/?post_type=product&#038;p=4961"},"modified":"2025-11-28T08:37:45","modified_gmt":"2025-11-28T08:37:45","slug":"knitpro-jadore-cubics-deluxe-prisukamu-virbalu-rinkinys-13-cm","status":"publish","type":"product","link":"https:\/\/happyinaknit.com\/ru\/product\/knitpro-jadore-cubics-deluxe-prisukamu-virbalu-rinkinys-13-cm\/","title":{"rendered":"Knitpro J'ADORE CUBICS DELUXE \u043d\u0430\u0431\u043e\u0440 \u043a\u0432\u0430\u0434\u0440\u0430\u0442\u043d\u044b\u0445 \u0440\u0430\u0437\u044a\u0435\u043c\u043d\u044b\u0445 \u0441\u043f\u0438\u0446 \u0434\u043b\u0438\u043d\u043e\u0439 13 \u0441\u043c"},"content":{"rendered":"<p data-start=\"0\" data-end=\"289\"><strong data-start=\"0\" data-end=\"62\">\u041d\u0430\u0431\u043e\u0440 \u0441\u043f\u0438\u0446 KnitPro J&#039;adore Cubics Deluxe Screw-in<\/strong> \u2013 \u044d\u0442\u043e \u044d\u043a\u0441\u043a\u043b\u044e\u0437\u0438\u0432\u043d\u044b\u0439 \u043d\u0430\u0431\u043e\u0440, \u043a\u043e\u0442\u043e\u0440\u044b\u0439 \u0441\u0442\u0430\u043d\u0435\u0442 \u0438\u0434\u0435\u0430\u043b\u044c\u043d\u044b\u043c \u043f\u043e\u0434\u0430\u0440\u043a\u043e\u043c \u0434\u043b\u044f \u0441\u0435\u0431\u044f \u0438\u043b\u0438  \u043b\u044e\u0431\u0438\u0442\u0435\u043b\u044c\u043d\u0438\u0446\u044b \u0432\u044f\u0437\u0430\u043d\u0438\u044f. \u042d\u043b\u0435\u0433\u0430\u043d\u0442\u043d\u044b\u0439 \u0434\u0438\u0437\u0430\u0439\u043d, \u0441\u043f\u0438\u0446\u044b \u043a\u0443\u0431\u0438\u0447\u0435\u0441\u043a\u043e\u0439 \u0444\u043e\u0440\u043c\u044b \u0438 \u043f\u043e\u0432\u043e\u0440\u043e\u0442\u043d\u044b\u0435 \u043b\u0435\u0441\u043a\u0438 \u043e\u0431\u0435\u0441\u043f\u0435\u0447\u0438\u0432\u0430\u044e\u0442 \u043d\u0435 \u0442\u043e\u043b\u044c\u043a\u043e \u043a\u0440\u0430\u0441\u043e\u0442\u0443, \u043d\u043e \u0438 \u043d\u0435\u043e\u0431\u044b\u043a\u043d\u043e\u0432\u0435\u043d\u043d\u044b\u0439 \u043a\u043e\u043c\u0444\u043e\u0440\u0442 \u043f\u0440\u0438 \u0432\u044f\u0437\u0430\u043d\u0438\u0438.<\/p>\n<p data-start=\"639\" data-end=\"957\">\u0421\u043f\u0438\u0446\u044b J'adore Cubics Deluxe \u2013 \u044d\u0442\u043e \u0443\u043d\u0438\u043a\u0430\u043b\u044c\u043d\u044b\u0435 \u0441\u043f\u0438\u0446\u044b <strong data-start=\"704\" data-end=\"722\">\u043a\u0443\u0431\u0438\u0447\u0435\u0441\u043a\u043e\u0439  \u0444\u043e\u0440\u043c\u044b.<\/strong> \u041a\u043e\u043d\u0441\u0442\u0440\u0443\u043a\u0446\u0438\u044f \u0441\u043d\u0438\u0436\u0430\u0435\u0442 \u0443\u0441\u0442\u0430\u043b\u043e\u0441\u0442\u044c \u0440\u0443\u043a \u0438 \u043f\u0430\u043b\u044c\u0446\u0435\u0432, \u043e\u0431\u043b\u0435\u0433\u0447\u0430\u044f \u0432\u044f\u0437\u0430\u043d\u0438\u0435 \u0434\u0430\u0436\u0435 \u0434\u043b\u0438\u043d\u043d\u044b\u0445 \u0438\u0437\u0434\u0435\u043b\u0438\u0439. \u041a\u0430\u0436\u0434\u0430\u044f \u0441\u043f\u0438\u0446\u0430 \u0438\u043c\u0435\u0435\u0442 \u0441\u043b\u0435\u0433\u043a\u0430 \u0437\u0430\u043a\u0440\u0443\u0433\u043b\u0451\u043d\u043d\u044b\u0435 \u043a\u0440\u0430\u044f, \u0447\u0442\u043e \u043e\u0431\u0435\u0441\u043f\u0435\u0447\u0438\u0432\u0430\u0435\u0442 \u043f\u043b\u0430\u0432\u043d\u043e\u0435 \u0441\u043a\u043e\u043b\u044c\u0436\u0435\u043d\u0438\u0435 \u043d\u0438\u0442\u0438 \u0438 \u0442\u043e\u0447\u043d\u0443\u044e \u043f\u043b\u043e\u0442\u043d\u043e\u0441\u0442\u044c \u0432\u044f\u0437\u0430\u043d\u0438\u044f.<\/p>\n<p data-start=\"959\" data-end=\"1162\">\u041f\u043e\u0432\u043e\u0440\u043e\u0442\u043d\u044b\u0435 <strong data-start=\"968\" data-end=\"982\">\u043b\u0435\u0441\u043a\u0438 360\u00b0<\/strong> \u043e\u0431\u0435\u0441\u043f\u0435\u0447\u0438\u0432\u0430\u0435\u0442 \u043c\u0430\u043a\u0441\u0438\u043c\u0430\u043b\u044c\u043d\u044b\u0439 \u043a\u043e\u043c\u0444\u043e\u0440\u0442 \u2013 \u043e\u043d\u0438 \u043d\u0435 \u043f\u0435\u0440\u0435\u043a\u0440\u0443\u0447\u0438\u0432\u0430\u044e\u0442\u0441\u044f \u0438 \u043f\u043e\u0437\u0432\u043e\u043b\u044f\u044e\u0442 \u0441\u043f\u0438\u0446\u0430\u043c \u0441\u0432\u043e\u0431\u043e\u0434\u043d\u043e \u0434\u0432\u0438\u0433\u0430\u0442\u044c\u0441\u044f.<br data-start=\"1065\" data-end=\"1068\" \/>\u0421\u0442\u0438\u043b\u044c\u043d\u044b\u0439, \u0440\u043e\u0441\u043a\u043e\u0448\u043d\u044b\u0439 \u0444\u0443\u0442\u043b\u044f\u0440 \u043f\u043e\u0437\u0432\u043e\u043b\u044f\u0435\u0442 \u0445\u0440\u0430\u043d\u0438\u0442\u044c \u0432\u0441\u0435 \u0432 \u043f\u043e\u0440\u044f\u0434\u043a\u0435 \u0438 \u0435\u0433\u043e \u043b\u0435\u0433\u043a\u043e \u0431\u0440\u0430\u0442\u044c \u0441 \u0441\u043e\u0431\u043e\u0439.<\/p>\n<p data-start=\"1164\" data-end=\"1250\">\u041e\u0442\u043b\u0438\u0447\u043d\u044b\u0439 \u0432\u044b\u0431\u043e\u0440 \u0434\u043b\u044f \u0442\u0435\u0445, \u043a\u0442\u043e \u0446\u0435\u043d\u0438\u0442 \u044d\u0441\u0442\u0435\u0442\u0438\u043a\u0443, \u044d\u0440\u0433\u043e\u043d\u043e\u043c\u0438\u043a\u0443 \u0438 \u0432\u044b\u0441\u043e\u0447\u0430\u0439\u0448\u0435\u0435 \u043a\u0430\u0447\u0435\u0441\u0442\u0432\u043e.<\/p>\n<p data-start=\"291\" data-end=\"311\"><strong data-start=\"291\" data-end=\"309\">\u0412 \u043a\u043e\u043c\u043f\u043b\u0435\u043a\u0442 \u0432\u0445\u043e\u0434\u0438\u0442:<\/strong><\/p>\n<ul data-start=\"312\" data-end=\"637\">\n<li data-start=\"312\" data-end=\"435\">\n<p data-start=\"314\" data-end=\"435\"><strong data-start=\"314\" data-end=\"353\">7 \u043f\u0430\u0440 \u0440\u0430\u0437\u044a\u0435\u043c\u043d\u044b\u0445 \u043a\u0443\u0431\u0438\u0447\u0435\u0441\u043a\u0438\u0445 \u0441\u043f\u0438\u0446<\/strong> (\u0434\u043b\u0438\u043d\u0430 13 \u0441\u043c):<br data-start=\"368\" data-end=\"371\" \/>4,0 \u043c\u043c 4,5 \u043c\u043c 5,0 \u043c\u043c 5,5 \u043c\u043c 6,0 \u043c\u043c 7,0 \u043c\u043c 8,0 \u043c\u043c<\/p>\n<\/li>\n<li data-start=\"436\" data-end=\"544\">\n<p data-start=\"438\" data-end=\"544\"><strong data-start=\"438\" data-end=\"465\">4 \u043f\u043e\u0432\u043e\u0440\u043e\u0442\u043d\u044b\u0435 \u043b\u0435\u0441\u043a\u0438 (360\u00b0)<\/strong> \u0438\u0437 \u043d\u0435\u0440\u0436\u0430\u0432\u0435\u044e\u0449\u0435\u0439 \u0441\u0442\u0430\u043b\u0438 \u0441 \u043d\u0435\u0439\u043b\u043e\u043d\u043e\u0432\u044b\u043c \u043f\u043e\u043a\u0440\u044b\u0442\u0438\u0435\u043c:<br data-start=\"506\" data-end=\"509\" \/>60 \u0441\u043c \u00b7 80 \u0441\u043c (2 \u0448\u0442.) \u00b7 100 \u0441\u043c<\/p>\n<\/li>\n<li data-start=\"545\" data-end=\"564\">\n<p data-start=\"547\" data-end=\"564\"><strong data-start=\"547\" data-end=\"562\">8 \u0441\u0442\u043e\u043f\u043f\u0435\u0440\u043e\u0432<\/strong><\/p>\n<\/li>\n<li data-start=\"565\" data-end=\"594\">\n<p data-start=\"567\" data-end=\"594\"><strong data-start=\"567\" data-end=\"592\">4  \u043a\u043b\u044e\u0447\u0430<\/strong><\/p>\n<\/li>\n<li data-start=\"595\" data-end=\"637\">\n<p data-start=\"597\" data-end=\"637\"><strong data-start=\"597\" data-end=\"635\">1 \u043a\u043e\u043c\u043f\u043b\u0435\u043a\u0442 \u0430\u0434\u0430\u043f\u0442\u0435\u0440\u043e\u0432 \u0434\u043b\u044f \u0441\u043e\u0435\u0434\u0438\u043d\u0435\u043d\u0438\u044f  \u043b\u0435\u0441\u043e\u043a<\/strong><\/p>\n<\/li>\n<\/ul>\n<p data-start=\"1252\" data-end=\"1277\"><strong data-start=\"1252\" data-end=\"1267\">\u041f\u0440\u043e\u0438\u0437\u0432\u043e\u0434\u0438\u0442\u0435\u043b\u044c:<\/strong> KnitPro<\/p>\n<p data-start=\"1279\" data-end=\"1367\" data-is-last-node=\"\" data-is-only-node=\"\"><strong data-start=\"1279\" data-end=\"1291\">\u041f\u0440\u0438\u043c\u0435\u0447\u0430\u043d\u0438\u0435:<\/strong> \u0426\u0432\u0435\u0442\u043e\u0432\u044b\u0435 \u043e\u0442\u0442\u0435\u043d\u043a\u0438 \u043c\u043e\u0433\u0443\u0442 \u043d\u0435\u0437\u043d\u0430\u0447\u0438\u0442\u0435\u043b\u044c\u043d\u043e \u043e\u0442\u043b\u0438\u0447\u0430\u0442\u044c\u0441\u044f \u0432 \u0437\u0430\u0432\u0438\u0441\u0438\u043c\u043e\u0441\u0442\u0438 \u043e\u0442 \u044d\u043a\u0440\u0430\u043d\u0430 \u0432\u0430\u0448\u0435\u0433\u043e \u0443\u0441\u0442\u0440\u043e\u0439\u0441\u0442\u0432\u0430.<\/p>","protected":false},"excerpt":{"rendered":"<p>KnitPro J\u2019adore Cubics Deluxe prisukam\u0173j\u0173 virbal\u0173 rinkinys \u2013 tai i\u0161skirtinis rinkinys, kuris taps tobula dovana tiek sau, tiek kiekvienai mezgimo entuziastei. Eleganti\u0161kas dizainas, kubin\u0117s formos virbalai ir pasukami valai suteikia ne tik gro\u017eio, bet ir nepaprasto patogumo mezgant. \u201eJ\u2019adore Cubics Deluxe\u201c virbalai \u2013 tai unikalus kubin\u0117s formos dizainas, padedantis ma\u017eiau varginti rankas ir pir\u0161tus, tod\u0117l [&hellip;]<\/p>\n","protected":false},"featured_media":4965,"comment_status":"open","ping_status":"closed","template":"","meta":{"_acf_changed":false},"product_brand":[1069],"product_cat":[15,19,861],"product_tag":[],"pro-kategorijos":[],"class_list":{"0":"post-4961","1":"product","2":"type-product","3":"status-publish","4":"has-post-thumbnail","6":"product_brand-knitpro","7":"product_cat-visi-produktai","8":"product_cat-mezgimo-priemones","9":"product_cat-virbalu-rinkiniai","11":"first","12":"outofstock","13":"shipping-taxable","14":"purchasable","15":"product-type-simple"},"acf":[],"yoast_head":"<!-- This site is optimized with the Yoast SEO plugin v26.8 - https:\/\/yoast.com\/product\/yoast-seo-wordpress\/ -->\n<title>Knitpro J\u2019ADORE CUBICS DELUXE prisukam\u0173 virbal\u0173 rinkinys 13 cm - Happyinaknit.com<\/title>\n<meta name=\"robots\" content=\"index, follow, max-snippet:-1, max-image-preview:large, max-video-preview:-1\" \/>\n<link rel=\"canonical\" href=\"https:\/\/happyinaknit.com\/ru\/product\/knitpro-jadore-cubics-deluxe-prisukamu-virbalu-rinkinys-13-cm\/\" \/>\n<meta property=\"og:locale\" content=\"ru_RU\" \/>\n<meta property=\"og:type\" content=\"article\" \/>\n<meta property=\"og:title\" content=\"Knitpro J\u2019ADORE CUBICS DELUXE prisukam\u0173 virbal\u0173 rinkinys 13 cm - Happyinaknit.com\" \/>\n<meta property=\"og:description\" content=\"KnitPro J\u2019adore Cubics Deluxe prisukam\u0173j\u0173 virbal\u0173 rinkinys \u2013 tai i\u0161skirtinis rinkinys, kuris taps tobula dovana tiek sau, tiek kiekvienai mezgimo entuziastei. Eleganti\u0161kas dizainas, kubin\u0117s formos virbalai ir pasukami valai suteikia ne tik gro\u017eio, bet ir nepaprasto patogumo mezgant. \u201eJ\u2019adore Cubics Deluxe\u201c virbalai \u2013 tai unikalus kubin\u0117s formos dizainas, padedantis ma\u017eiau varginti rankas ir pir\u0161tus, tod\u0117l [&hellip;]\" \/>\n<meta property=\"og:url\" content=\"https:\/\/happyinaknit.com\/ru\/product\/knitpro-jadore-cubics-deluxe-prisukamu-virbalu-rinkinys-13-cm\/\" \/>\n<meta property=\"og:site_name\" content=\"Happyinaknit.com\" \/>\n<meta property=\"article:modified_time\" content=\"2025-11-28T08:37:45+00:00\" \/>\n<meta property=\"og:image\" content=\"https:\/\/happyinaknit.com\/wp-content\/uploads\/2025\/10\/jadore-cubics-interchangeable-deluxe-set-13cm-2.webp\" \/>\n\t<meta property=\"og:image:width\" content=\"500\" \/>\n\t<meta property=\"og:image:height\" content=\"500\" \/>\n\t<meta property=\"og:image:type\" content=\"image\/webp\" \/>\n<meta name=\"twitter:card\" content=\"summary_large_image\" \/>\n<meta name=\"twitter:label1\" content=\"\u041f\u0440\u0438\u043c\u0435\u0440\u043d\u043e\u0435 \u0432\u0440\u0435\u043c\u044f \u0434\u043b\u044f \u0447\u0442\u0435\u043d\u0438\u044f\" \/>\n\t<meta name=\"twitter:data1\" content=\"1 \u043c\u0438\u043d\u0443\u0442\u0430\" \/>\n<script type=\"application\/ld+json\" class=\"yoast-schema-graph\">{\"@context\":\"https:\/\/schema.org\",\"@graph\":[{\"@type\":\"WebPage\",\"@id\":\"https:\/\/happyinaknit.com\/produktas\/knitpro-jadore-cubics-deluxe-prisukamu-virbalu-rinkinys-13-cm\/\",\"url\":\"https:\/\/happyinaknit.com\/produktas\/knitpro-jadore-cubics-deluxe-prisukamu-virbalu-rinkinys-13-cm\/\",\"name\":\"Knitpro J\u2019ADORE CUBICS DELUXE prisukam\u0173 virbal\u0173 rinkinys 13 cm - Happyinaknit.com\",\"isPartOf\":{\"@id\":\"https:\/\/happyinaknit.com\/lt\/#website\"},\"primaryImageOfPage\":{\"@id\":\"https:\/\/happyinaknit.com\/produktas\/knitpro-jadore-cubics-deluxe-prisukamu-virbalu-rinkinys-13-cm\/#primaryimage\"},\"image\":{\"@id\":\"https:\/\/happyinaknit.com\/produktas\/knitpro-jadore-cubics-deluxe-prisukamu-virbalu-rinkinys-13-cm\/#primaryimage\"},\"thumbnailUrl\":\"https:\/\/happyinaknit.com\/wp-content\/uploads\/2025\/10\/jadore-cubics-interchangeable-deluxe-set-13cm-2.webp\",\"datePublished\":\"2025-10-13T22:04:26+00:00\",\"dateModified\":\"2025-11-28T08:37:45+00:00\",\"breadcrumb\":{\"@id\":\"https:\/\/happyinaknit.com\/produktas\/knitpro-jadore-cubics-deluxe-prisukamu-virbalu-rinkinys-13-cm\/#breadcrumb\"},\"inLanguage\":\"ru-RU\",\"potentialAction\":[{\"@type\":\"ReadAction\",\"target\":[\"https:\/\/happyinaknit.com\/produktas\/knitpro-jadore-cubics-deluxe-prisukamu-virbalu-rinkinys-13-cm\/\"]}]},{\"@type\":\"ImageObject\",\"inLanguage\":\"ru-RU\",\"@id\":\"https:\/\/happyinaknit.com\/produktas\/knitpro-jadore-cubics-deluxe-prisukamu-virbalu-rinkinys-13-cm\/#primaryimage\",\"url\":\"https:\/\/happyinaknit.com\/wp-content\/uploads\/2025\/10\/jadore-cubics-interchangeable-deluxe-set-13cm-2.webp\",\"contentUrl\":\"https:\/\/happyinaknit.com\/wp-content\/uploads\/2025\/10\/jadore-cubics-interchangeable-deluxe-set-13cm-2.webp\",\"width\":500,\"height\":500},{\"@type\":\"BreadcrumbList\",\"@id\":\"https:\/\/happyinaknit.com\/produktas\/knitpro-jadore-cubics-deluxe-prisukamu-virbalu-rinkinys-13-cm\/#breadcrumb\",\"itemListElement\":[{\"@type\":\"ListItem\",\"position\":1,\"name\":\"Home\",\"item\":\"https:\/\/happyinaknit.com\/lt\/\"},{\"@type\":\"ListItem\",\"position\":2,\"name\":\"Parduotuv\u0117\",\"item\":\"https:\/\/happyinaknit.com\/lt\/parduotuve\/\"},{\"@type\":\"ListItem\",\"position\":3,\"name\":\"Knitpro J\u2019ADORE CUBICS DELUXE prisukam\u0173 virbal\u0173 rinkinys 13 cm\"}]},{\"@type\":\"WebSite\",\"@id\":\"https:\/\/happyinaknit.com\/lt\/#website\",\"url\":\"https:\/\/happyinaknit.com\/lt\/\",\"name\":\"Happyinaknit.com\",\"description\":\"\",\"potentialAction\":[{\"@type\":\"SearchAction\",\"target\":{\"@type\":\"EntryPoint\",\"urlTemplate\":\"https:\/\/happyinaknit.com\/lt\/?s={search_term_string}\"},\"query-input\":{\"@type\":\"PropertyValueSpecification\",\"valueRequired\":true,\"valueName\":\"search_term_string\"}}],\"inLanguage\":\"ru-RU\"}]}<\/script>\n<!-- \/ Yoast SEO plugin. -->","yoast_head_json":{"title":"Knitpro J\u2019ADORE CUBICS DELUXE prisukam\u0173 virbal\u0173 rinkinys 13 cm - Happyinaknit.com","robots":{"index":"index","follow":"follow","max-snippet":"max-snippet:-1","max-image-preview":"max-image-preview:large","max-video-preview":"max-video-preview:-1"},"canonical":"https:\/\/happyinaknit.com\/ru\/product\/knitpro-jadore-cubics-deluxe-prisukamu-virbalu-rinkinys-13-cm\/","og_locale":"ru_RU","og_type":"article","og_title":"Knitpro J\u2019ADORE CUBICS DELUXE prisukam\u0173 virbal\u0173 rinkinys 13 cm - Happyinaknit.com","og_description":"KnitPro J\u2019adore Cubics Deluxe prisukam\u0173j\u0173 virbal\u0173 rinkinys \u2013 tai i\u0161skirtinis rinkinys, kuris taps tobula dovana tiek sau, tiek kiekvienai mezgimo entuziastei. Eleganti\u0161kas dizainas, kubin\u0117s formos virbalai ir pasukami valai suteikia ne tik gro\u017eio, bet ir nepaprasto patogumo mezgant. \u201eJ\u2019adore Cubics Deluxe\u201c virbalai \u2013 tai unikalus kubin\u0117s formos dizainas, padedantis ma\u017eiau varginti rankas ir pir\u0161tus, tod\u0117l [&hellip;]","og_url":"https:\/\/happyinaknit.com\/ru\/product\/knitpro-jadore-cubics-deluxe-prisukamu-virbalu-rinkinys-13-cm\/","og_site_name":"Happyinaknit.com","article_modified_time":"2025-11-28T08:37:45+00:00","og_image":[{"width":500,"height":500,"url":"https:\/\/happyinaknit.com\/wp-content\/uploads\/2025\/10\/jadore-cubics-interchangeable-deluxe-set-13cm-2.webp","type":"image\/webp"}],"twitter_card":"summary_large_image","twitter_misc":{"\u041f\u0440\u0438\u043c\u0435\u0440\u043d\u043e\u0435 \u0432\u0440\u0435\u043c\u044f \u0434\u043b\u044f \u0447\u0442\u0435\u043d\u0438\u044f":"1 \u043c\u0438\u043d\u0443\u0442\u0430"},"schema":{"@context":"https:\/\/schema.org","@graph":[{"@type":"WebPage","@id":"https:\/\/happyinaknit.com\/produktas\/knitpro-jadore-cubics-deluxe-prisukamu-virbalu-rinkinys-13-cm\/","url":"https:\/\/happyinaknit.com\/produktas\/knitpro-jadore-cubics-deluxe-prisukamu-virbalu-rinkinys-13-cm\/","name":"Knitpro J\u2019ADORE CUBICS DELUXE prisukam\u0173 virbal\u0173 rinkinys 13 cm - Happyinaknit.com","isPartOf":{"@id":"https:\/\/happyinaknit.com\/lt\/#website"},"primaryImageOfPage":{"@id":"https:\/\/happyinaknit.com\/produktas\/knitpro-jadore-cubics-deluxe-prisukamu-virbalu-rinkinys-13-cm\/#primaryimage"},"image":{"@id":"https:\/\/happyinaknit.com\/produktas\/knitpro-jadore-cubics-deluxe-prisukamu-virbalu-rinkinys-13-cm\/#primaryimage"},"thumbnailUrl":"https:\/\/happyinaknit.com\/wp-content\/uploads\/2025\/10\/jadore-cubics-interchangeable-deluxe-set-13cm-2.webp","datePublished":"2025-10-13T22:04:26+00:00","dateModified":"2025-11-28T08:37:45+00:00","breadcrumb":{"@id":"https:\/\/happyinaknit.com\/produktas\/knitpro-jadore-cubics-deluxe-prisukamu-virbalu-rinkinys-13-cm\/#breadcrumb"},"inLanguage":"ru-RU","potentialAction":[{"@type":"ReadAction","target":["https:\/\/happyinaknit.com\/produktas\/knitpro-jadore-cubics-deluxe-prisukamu-virbalu-rinkinys-13-cm\/"]}]},{"@type":"ImageObject","inLanguage":"ru-RU","@id":"https:\/\/happyinaknit.com\/produktas\/knitpro-jadore-cubics-deluxe-prisukamu-virbalu-rinkinys-13-cm\/#primaryimage","url":"https:\/\/happyinaknit.com\/wp-content\/uploads\/2025\/10\/jadore-cubics-interchangeable-deluxe-set-13cm-2.webp","contentUrl":"https:\/\/happyinaknit.com\/wp-content\/uploads\/2025\/10\/jadore-cubics-interchangeable-deluxe-set-13cm-2.webp","width":500,"height":500},{"@type":"BreadcrumbList","@id":"https:\/\/happyinaknit.com\/produktas\/knitpro-jadore-cubics-deluxe-prisukamu-virbalu-rinkinys-13-cm\/#breadcrumb","itemListElement":[{"@type":"ListItem","position":1,"name":"Home","item":"https:\/\/happyinaknit.com\/lt\/"},{"@type":"ListItem","position":2,"name":"Parduotuv\u0117","item":"https:\/\/happyinaknit.com\/lt\/parduotuve\/"},{"@type":"ListItem","position":3,"name":"Knitpro J\u2019ADORE CUBICS DELUXE prisukam\u0173 virbal\u0173 rinkinys 13 cm"}]},{"@type":"WebSite","@id":"https:\/\/happyinaknit.com\/lt\/#website","url":"https:\/\/happyinaknit.com\/lt\/","name":"Happyinaknit.com","description":"","potentialAction":[{"@type":"SearchAction","target":{"@type":"EntryPoint","urlTemplate":"https:\/\/happyinaknit.com\/lt\/?s={search_term_string}"},"query-input":{"@type":"PropertyValueSpecification","valueRequired":true,"valueName":"search_term_string"}}],"inLanguage":"ru-RU"}]}},"_links":{"self":[{"href":"https:\/\/happyinaknit.com\/ru\/wp-json\/wp\/v2\/product\/4961","targetHints":{"allow":["GET"]}}],"collection":[{"href":"https:\/\/happyinaknit.com\/ru\/wp-json\/wp\/v2\/product"}],"about":[{"href":"https:\/\/happyinaknit.com\/ru\/wp-json\/wp\/v2\/types\/product"}],"replies":[{"embeddable":true,"href":"https:\/\/happyinaknit.com\/ru\/wp-json\/wp\/v2\/comments?post=4961"}],"wp:featuredmedia":[{"embeddable":true,"href":"https:\/\/happyinaknit.com\/ru\/wp-json\/wp\/v2\/media\/4965"}],"wp:attachment":[{"href":"https:\/\/happyinaknit.com\/ru\/wp-json\/wp\/v2\/media?parent=4961"}],"wp:term":[{"taxonomy":"product_brand","embeddable":true,"href":"https:\/\/happyinaknit.com\/ru\/wp-json\/wp\/v2\/product_brand?post=4961"},{"taxonomy":"product_cat","embeddable":true,"href":"https:\/\/happyinaknit.com\/ru\/wp-json\/wp\/v2\/product_cat?post=4961"},{"taxonomy":"product_tag","embeddable":true,"href":"https:\/\/happyinaknit.com\/ru\/wp-json\/wp\/v2\/product_tag?post=4961"},{"taxonomy":"pro-kategorijos","embeddable":true,"href":"https:\/\/happyinaknit.com\/ru\/wp-json\/wp\/v2\/pro-kategorijos?post=4961"}],"curies":[{"name":"wp","href":"https:\/\/api.w.org\/{rel}","templated":true}]}}