{"id":4949,"date":"2025-10-13T21:47:05","date_gmt":"2025-10-13T21:47:05","guid":{"rendered":"https:\/\/happyinaknit.com\/?post_type=product&#038;p=4949"},"modified":"2025-10-13T21:47:05","modified_gmt":"2025-10-13T21:47:05","slug":"knitpro-day-nite-prisukamu-mediniu-virbalu-rinkinys-13-cm","status":"publish","type":"product","link":"https:\/\/happyinaknit.com\/ru\/product\/knitpro-day-nite-prisukamu-mediniu-virbalu-rinkinys-13-cm\/","title":{"rendered":"Knitpro DAY &amp; NITE  \u041d\u0430\u0431\u043e\u0440 \u0440\u0430\u0437\u044a\u0435\u043c\u043d\u044b\u0445 \u0434\u0435\u0440\u0435\u0432\u044f\u043d\u043d\u044b\u0445 \u0441\u043f\u0438\u0446 13 \u0441\u043c"},"content":{"rendered":"<p data-start=\"0\" data-end=\"318\"><strong data-start=\"0\" data-end=\"51\">KnitPro Day &amp; Nite \u043d\u0430\u0431\u043e\u0440  \u0440\u0430\u0437\u044a\u0435\u043c\u043d\u044b\u0445 \u0434\u0435\u0440\u0435\u0432\u044f\u043d\u043d\u044b\u0445 \u0441\u043f\u0438\u0446<\/strong> \u2013 \u044d\u0442\u043e \u0443\u043d\u0438\u043a\u0430\u043b\u044c\u043d\u044b\u0439 \u0438 \u0438\u043d\u043d\u043e\u0432\u0430\u0446\u0438\u043e\u043d\u043d\u044b\u0439 \u043d\u0430\u0431\u043e\u0440, \u0440\u0430\u0437\u0440\u0430\u0431\u043e\u0442\u0430\u043d\u043d\u044b\u0439 \u0434\u043b\u044f \u0440\u0443\u043a\u043e\u0434\u0435\u043b\u044c\u043d\u0438\u0446, \u043a\u043e\u0442\u043e\u0440\u044b\u0435 \u0445\u043e\u0442\u044f\u0442 \u0432\u0438\u0434\u0435\u0442\u044c \u043a\u0430\u0436\u0434\u0443\u044e \u043f\u0435\u0442\u043b\u044e \u0447\u0451\u0442\u043a\u043e, \u043d\u0435\u0437\u0430\u0432\u0438\u0441\u0438\u043c\u043e \u043e\u0442 \u0446\u0432\u0435\u0442\u0430 \u043f\u0440\u044f\u0436\u0438. \u0411\u043b\u0430\u0433\u043e\u0434\u0430\u0440\u044f \u043a\u043e\u043d\u0442\u0440\u0430\u0441\u0442\u043d\u044b\u043c \u0447\u0451\u0440\u043d\u044b\u043c \u0438 \u0441\u0432\u0435\u0442\u043b\u044b\u043c \u043e\u0442\u0442\u0435\u043d\u043a\u0430\u043c \u043d\u0430\u0442\u0443\u0440\u0430\u043b\u044c\u043d\u043e\u0433\u043e \u0434\u0435\u0440\u0435\u0432\u0430 \u044d\u0442\u0438 \u0441\u043f\u0438\u0446\u044b \u0441\u043e\u0437\u0434\u0430\u044e\u0442 \u0438\u0434\u0435\u0430\u043b\u044c\u043d\u044b\u0439 \u0444\u043e\u043d \u043a\u0430\u043a \u0434\u043b\u044f \u0442\u0451\u043c\u043d\u043e\u0439, \u0442\u0430\u043a \u0438 \u0434\u043b\u044f \u0441\u0432\u0435\u0442\u043b\u043e\u0439 \u043f\u0440\u044f\u0436\u0438.<\/p>\n<p data-start=\"320\" data-end=\"521\">\u0412\u044f\u0436\u0435\u0442\u0435 \u0442\u0451\u043c\u043d\u043e\u0439 \u043f\u0440\u044f\u0436\u0435\u0439? \u041f\u0440\u043e\u0441\u0442\u043e \u043f\u0435\u0440\u0435\u0432\u0435\u0440\u043d\u0438\u0442\u0435 \u0441\u043f\u0438\u0446\u0443 \u0441\u0432\u0435\u0442\u043b\u043e\u0439 \u0441\u0442\u043e\u0440\u043e\u043d\u043e\u0439 \u0432\u0432\u0435\u0440\u0445, \u0438 \u0432\u0430\u0448\u0438 \u0433\u043b\u0430\u0437\u0430 \u043e\u0442\u0434\u043e\u0445\u043d\u0443\u0442.<br data-start=\"417\" data-end=\"420\" \/>\u0412\u044b \u0438\u0441\u043f\u043e\u043b\u044c\u0437\u0443\u0435\u0442\u0435 \u0441\u0432\u0435\u0442\u043b\u0443\u044e \u0438\u043b\u0438 \u0446\u0432\u0435\u0442\u043d\u0443\u044e \u043f\u0440\u044f\u0436\u0443? \u041f\u0435\u0440\u0435\u0432\u0435\u0440\u043d\u0438\u0442\u0435 \u0441\u043f\u0438\u0446\u0443 \u043d\u0430 \u0442\u0451\u043c\u043d\u0443\u044e \u0441\u0442\u043e\u0440\u043e\u043d\u0443, \u0438 \u0433\u043b\u0430\u0437\u0430 \u0431\u0443\u0434\u0443\u0442 \u0432\u0438\u0434\u043d\u044b \u0435\u0449\u0451 \u0447\u0451\u0442\u0447\u0435.<\/p>\n<p data-start=\"954\" data-end=\"1282\">\u0421\u043f\u0438\u0446\u044b Day &amp; Nite \u2014 \u044d\u0442\u043e \u0434\u0432\u0443\u0441\u0442\u043e\u0440\u043e\u043d\u043d\u0435\u0435 \u0440\u0435\u0448\u0435\u043d\u0438\u0435 \u0434\u043b\u044f \u043b\u044e\u0431\u043e\u0433\u043e \u043f\u0440\u043e\u0435\u043a\u0442\u0430. \u041a\u0430\u0436\u0434\u0430\u044f \u0441\u043f\u0438\u0446\u0430 \u0438\u0437\u0433\u043e\u0442\u043e\u0432\u043b\u0435\u043d\u0430 \u0438\u0437 <strong data-start=\"1075\" data-end=\"1103\">\u0432\u044b\u0441\u043e\u043a\u043e\u043a\u0430\u0447\u0435\u0441\u0442\u0432\u0435\u043d\u043d\u043e\u0439 \u0434\u0440\u0435\u0432\u0435\u0441\u0438\u043d\u044b<\/strong>, \u0441 \u0434\u0432\u0443\u043c\u044f \u043a\u043e\u043d\u0442\u0440\u0430\u0441\u0442\u043d\u044b\u043c\u0438 \u0441\u0442\u043e\u0440\u043e\u043d\u0430\u043c\u0438 \u2014 \u0441\u0432\u0435\u0442\u043b\u043e\u0439 \u0438 \u0442\u0451\u043c\u043d\u043e\u0439. \u042d\u0442\u043e \u043d\u0435 \u0442\u043e\u043b\u044c\u043a\u043e \u0441\u0442\u0438\u043b\u044c\u043d\u044b\u0439, \u043d\u043e \u0438 \u0444\u0443\u043d\u043a\u0446\u0438\u043e\u043d\u0430\u043b\u044c\u043d\u044b\u0439 \u0432\u044b\u0431\u043e\u0440, \u043a\u043e\u0442\u043e\u0440\u044b\u0439 \u043f\u043e\u043c\u043e\u0433\u0430\u0435\u0442 \u0441\u043d\u0438\u0437\u0438\u0442\u044c \u043d\u0430\u0433\u0440\u0443\u0437\u043a\u0443 \u043d\u0430 \u0433\u043b\u0430\u0437\u0430 \u0438 \u0443\u043b\u0443\u0447\u0448\u0430\u0435\u0442 \u0432\u0438\u0434\u0438\u043c\u043e\u0441\u0442\u044c \u0432\u043e \u0432\u0440\u0435\u043c\u044f \u0432\u044f\u0437\u0430\u043d\u0438\u044f.<\/p>\n<p data-start=\"1284\" data-end=\"1470\">\u041f\u043e\u0432\u043e\u0440\u043e\u0442\u043d\u044b\u0435 <strong data-start=\"1293\" data-end=\"1307\">\u043b\u0435\u0441\u043a\u0438 360\u00b0<\/strong> \u043e\u0431\u0435\u0441\u043f\u0435\u0447\u0438\u0432\u0430\u044e\u0442 \u0441\u0432\u043e\u0431\u043e\u0434\u0443 \u0438 \u043a\u043e\u043c\u0444\u043e\u0440\u0442 \u0432\u043e \u0432\u0440\u0435\u043c\u044f \u0432\u044f\u0437\u0430\u043d\u0438\u044f \u0431\u0435\u0437 \u043f\u0435\u0440\u0435\u043a\u0440\u0443\u0447\u0438\u0432\u0430\u043d\u0438\u044f \u0438 \u0441\u043a\u0440\u0443\u0447\u0438\u0432\u0430\u043d\u0438\u044f.<br data-start=\"1371\" data-end=\"1374\" \/>\u042d\u043b\u0435\u0433\u0430\u043d\u0442\u043d\u044b\u0439 \u0447\u0435\u0445\u043e\u043b  \u0433\u0430\u0440\u0430\u043d\u0442\u0438\u0440\u0443\u0435\u0442, \u0447\u0442\u043e \u0432\u0441\u0435 \u043a\u043e\u043c\u043f\u043e\u043d\u0435\u043d\u0442\u044b \u0432\u0441\u0435\u0433\u0434\u0430 \u0431\u0443\u0434\u0443\u0442 \u043f\u043e\u0434 \u0440\u0443\u043a\u043e\u0439 \u0438 \u0430\u043a\u043a\u0443\u0440\u0430\u0442\u043d\u043e \u0440\u0430\u0437\u043b\u043e\u0436\u0435\u043d\u044b.<\/p>\n<p data-start=\"523\" data-end=\"543\"><strong data-start=\"523\" data-end=\"541\">\u0412 \u043a\u043e\u043c\u043f\u043b\u0435\u043a\u0442 \u0432\u0445\u043e\u0434\u0438\u0442:<\/strong><\/p>\n<ul data-start=\"544\" data-end=\"952\">\n<li data-start=\"544\" data-end=\"685\">\n<p data-start=\"546\" data-end=\"685\"><strong data-start=\"546\" data-end=\"577\">8 \u043f\u0430\u0440 \u0440\u0430\u0437\u044a\u0435\u043c\u043d\u044b\u0445 \u0434\u0435\u0440\u0435\u0432\u044f\u043d\u043d\u044b\u0445 \u0441\u043f\u0438\u0446<\/strong> \u0441 \u043c\u0430\u0440\u043a\u0438\u0440\u043e\u0432\u043a\u043e\u0439 \u0440\u0430\u0437\u043c\u0435\u0440\u0430 \u043d\u0430 \u043a\u043e\u043d\u0447\u0438\u043a\u0430\u0445:<br data-start=\"609\" data-end=\"612\" \/>3,5 \u043c\u043c 4,0 \u043c\u043c 4,5 \u043c\u043c 5,0 \u043c\u043c 5,5 \u043c\u043c 6,0 \u043c\u043c 7,0 \u043c\u043c 8,0 \u043c\u043c<\/p>\n<\/li>\n<li data-start=\"686\" data-end=\"794\">\n<p data-start=\"688\" data-end=\"794\"><strong data-start=\"688\" data-end=\"715\">4 \u043f\u043e\u0432\u043e\u0440\u043e\u0442\u043d\u044b\u0435 \u043b\u0435\u0441\u043a\u0438 (360\u00b0)<\/strong> \u0438\u0437 \u043d\u0435\u0440\u0436\u0430\u0432\u0435\u044e\u0449\u0435\u0439 \u0441\u0442\u0430\u043b\u0438 \u0441 \u043d\u0435\u0439\u043b\u043e\u043d\u043e\u0432\u044b\u043c \u043f\u043e\u043a\u0440\u044b\u0442\u0438\u0435\u043c:<br data-start=\"756\" data-end=\"759\" \/>60 \u0441\u043c \u00b7 80 \u0441\u043c (2 \u0448\u0442.) \u00b7 100 \u0441\u043c<\/p>\n<\/li>\n<li data-start=\"795\" data-end=\"837\">\n<p data-start=\"797\" data-end=\"837\"><strong data-start=\"797\" data-end=\"835\">1 \u043a\u043e\u043c\u043f\u043b\u0435\u043a\u0442 \u0430\u0434\u0430\u043f\u0442\u0435\u0440\u043e\u0432 \u0434\u043b\u044f \u0441\u043e\u0435\u0434\u0438\u043d\u0435\u043d\u0438\u044f  \u043b\u0435\u0441\u043e\u043a<\/strong><\/p>\n<\/li>\n<li data-start=\"838\" data-end=\"857\">\n<p data-start=\"840\" data-end=\"857\"><strong data-start=\"840\" data-end=\"855\">4 \u0441\u0442\u043e\u043f\u043f\u0435\u0440\u0430<\/strong><\/p>\n<\/li>\n<li data-start=\"858\" data-end=\"887\">\n<p data-start=\"860\" data-end=\"887\"><strong data-start=\"860\" data-end=\"885\">2 \u043a\u043b\u044e\u0447\u0438\u043a\u0430 \u0434\u043b\u044f \u0437\u0430\u043a\u0440\u0443\u0447\u0438\u0432\u0430\u043d\u0438\u044f \u043b\u0435\u0441\u043a\u0438<\/strong><\/p>\n<\/li>\n<li data-start=\"888\" data-end=\"952\">\n<p data-start=\"890\" data-end=\"952\"><strong data-start=\"890\" data-end=\"911\">\u0414\u043e\u043f\u043e\u043b\u043d\u0438\u0442\u0435\u043b\u044c\u043d\u044b\u0439 \u043f\u043e\u0434\u0430\u0440\u043e\u043a:<\/strong> 4 \u0434\u0435\u0440\u0435\u0432\u044f\u043d\u043d\u044b\u0435 \u043f\u0443\u0433\u043e\u0432\u0438\u0446\u044b \u0432 \u0441\u0442\u0438\u043b\u0435 \u00ab\u0414\u0435\u043d\u044c \u0438 \u043d\u043e\u0447\u044c\u00bb<\/p>\n<\/li>\n<\/ul>\n<p data-start=\"1472\" data-end=\"1497\"><strong data-start=\"1472\" data-end=\"1487\">\u041f\u0440\u043e\u0438\u0437\u0432\u043e\u0434\u0438\u0442\u0435\u043b\u044c:<\/strong> KnitPro<\/p>\n<p data-start=\"1499\" data-end=\"1587\" data-is-last-node=\"\" data-is-only-node=\"\"><strong data-start=\"1499\" data-end=\"1511\">\u041f\u0440\u0438\u043c\u0435\u0447\u0430\u043d\u0438\u0435:<\/strong> \u0426\u0432\u0435\u0442\u043e\u0432\u044b\u0435 \u043e\u0442\u0442\u0435\u043d\u043a\u0438 \u043c\u043e\u0433\u0443\u0442 \u043d\u0435\u0437\u043d\u0430\u0447\u0438\u0442\u0435\u043b\u044c\u043d\u043e \u043e\u0442\u043b\u0438\u0447\u0430\u0442\u044c\u0441\u044f \u0432 \u0437\u0430\u0432\u0438\u0441\u0438\u043c\u043e\u0441\u0442\u0438 \u043e\u0442 \u044d\u043a\u0440\u0430\u043d\u0430 \u0432\u0430\u0448\u0435\u0433\u043e \u0443\u0441\u0442\u0440\u043e\u0439\u0441\u0442\u0432\u0430.<\/p>","protected":false},"excerpt":{"rendered":"<p>KnitPro Day &amp; Nite prisukam\u0173j\u0173 virbal\u0173 rinkinys \u2013 tai i\u0161skirtinis ir inovatyvus rinkinys, sukurtas mezg\u0117joms, kurios nori matyti kiekvien\u0105 dygsn\u012f ai\u0161kiai, nepaisant si\u016bl\u0173 spalvos. D\u0117l kontrasting\u0173 juodos ir \u0161viesios nat\u016bralios medienos ton\u0173 \u0161ie virbalai suteikia puik\u0173 fon\u0105 tiek tamsiems, tiek \u0161viesiems si\u016blams. Mezgate tamsiais si\u016blais? Tiesiog pasukite virbal\u0105 \u0161viesi\u0105ja puse \u012f vir\u0161\u0173 \u2013 ir j\u016bs\u0173 [&hellip;]<\/p>\n","protected":false},"featured_media":4950,"comment_status":"open","ping_status":"closed","template":"","meta":{"_acf_changed":false},"product_brand":[1069],"product_cat":[15,19,861],"product_tag":[],"pro-kategorijos":[],"class_list":{"0":"post-4949","1":"product","2":"type-product","3":"status-publish","4":"has-post-thumbnail","6":"product_brand-knitpro","7":"product_cat-visi-produktai","8":"product_cat-mezgimo-priemones","9":"product_cat-virbalu-rinkiniai","11":"first","12":"instock","13":"shipping-taxable","14":"purchasable","15":"product-type-simple"},"acf":[],"yoast_head":"<!-- This site is optimized with the Yoast SEO plugin v26.8 - https:\/\/yoast.com\/product\/yoast-seo-wordpress\/ -->\n<title>Knitpro DAY &amp; NITE prisukam\u0173 medini\u0173 virbal\u0173 rinkinys 13 cm - Happyinaknit.com<\/title>\n<meta name=\"robots\" content=\"index, follow, max-snippet:-1, max-image-preview:large, max-video-preview:-1\" \/>\n<link rel=\"canonical\" href=\"https:\/\/happyinaknit.com\/ru\/product\/knitpro-day-nite-prisukamu-mediniu-virbalu-rinkinys-13-cm\/\" \/>\n<meta property=\"og:locale\" content=\"ru_RU\" \/>\n<meta property=\"og:type\" content=\"article\" \/>\n<meta property=\"og:title\" content=\"Knitpro DAY &amp; NITE prisukam\u0173 medini\u0173 virbal\u0173 rinkinys 13 cm - Happyinaknit.com\" \/>\n<meta property=\"og:description\" content=\"KnitPro Day &amp; Nite prisukam\u0173j\u0173 virbal\u0173 rinkinys \u2013 tai i\u0161skirtinis ir inovatyvus rinkinys, sukurtas mezg\u0117joms, kurios nori matyti kiekvien\u0105 dygsn\u012f ai\u0161kiai, nepaisant si\u016bl\u0173 spalvos. D\u0117l kontrasting\u0173 juodos ir \u0161viesios nat\u016bralios medienos ton\u0173 \u0161ie virbalai suteikia puik\u0173 fon\u0105 tiek tamsiems, tiek \u0161viesiems si\u016blams. Mezgate tamsiais si\u016blais? Tiesiog pasukite virbal\u0105 \u0161viesi\u0105ja puse \u012f vir\u0161\u0173 \u2013 ir j\u016bs\u0173 [&hellip;]\" \/>\n<meta property=\"og:url\" content=\"https:\/\/happyinaknit.com\/ru\/product\/knitpro-day-nite-prisukamu-mediniu-virbalu-rinkinys-13-cm\/\" \/>\n<meta property=\"og:site_name\" content=\"Happyinaknit.com\" \/>\n<meta property=\"og:image\" content=\"https:\/\/happyinaknit.com\/wp-content\/uploads\/2025\/10\/IMG_9700.jpg\" \/>\n\t<meta property=\"og:image:width\" content=\"1000\" \/>\n\t<meta property=\"og:image:height\" content=\"1000\" \/>\n\t<meta property=\"og:image:type\" content=\"image\/jpeg\" \/>\n<meta name=\"twitter:card\" content=\"summary_large_image\" \/>\n<meta name=\"twitter:label1\" content=\"\u041f\u0440\u0438\u043c\u0435\u0440\u043d\u043e\u0435 \u0432\u0440\u0435\u043c\u044f \u0434\u043b\u044f \u0447\u0442\u0435\u043d\u0438\u044f\" \/>\n\t<meta name=\"twitter:data1\" content=\"1 \u043c\u0438\u043d\u0443\u0442\u0430\" \/>\n<script type=\"application\/ld+json\" class=\"yoast-schema-graph\">{\"@context\":\"https:\/\/schema.org\",\"@graph\":[{\"@type\":\"WebPage\",\"@id\":\"https:\/\/happyinaknit.com\/produktas\/knitpro-day-nite-prisukamu-mediniu-virbalu-rinkinys-13-cm\/\",\"url\":\"https:\/\/happyinaknit.com\/produktas\/knitpro-day-nite-prisukamu-mediniu-virbalu-rinkinys-13-cm\/\",\"name\":\"Knitpro DAY & NITE prisukam\u0173 medini\u0173 virbal\u0173 rinkinys 13 cm - Happyinaknit.com\",\"isPartOf\":{\"@id\":\"https:\/\/happyinaknit.com\/lt\/#website\"},\"primaryImageOfPage\":{\"@id\":\"https:\/\/happyinaknit.com\/produktas\/knitpro-day-nite-prisukamu-mediniu-virbalu-rinkinys-13-cm\/#primaryimage\"},\"image\":{\"@id\":\"https:\/\/happyinaknit.com\/produktas\/knitpro-day-nite-prisukamu-mediniu-virbalu-rinkinys-13-cm\/#primaryimage\"},\"thumbnailUrl\":\"https:\/\/happyinaknit.com\/wp-content\/uploads\/2025\/10\/IMG_9700.jpg\",\"datePublished\":\"2025-10-13T21:47:05+00:00\",\"breadcrumb\":{\"@id\":\"https:\/\/happyinaknit.com\/produktas\/knitpro-day-nite-prisukamu-mediniu-virbalu-rinkinys-13-cm\/#breadcrumb\"},\"inLanguage\":\"ru-RU\",\"potentialAction\":[{\"@type\":\"ReadAction\",\"target\":[\"https:\/\/happyinaknit.com\/produktas\/knitpro-day-nite-prisukamu-mediniu-virbalu-rinkinys-13-cm\/\"]}]},{\"@type\":\"ImageObject\",\"inLanguage\":\"ru-RU\",\"@id\":\"https:\/\/happyinaknit.com\/produktas\/knitpro-day-nite-prisukamu-mediniu-virbalu-rinkinys-13-cm\/#primaryimage\",\"url\":\"https:\/\/happyinaknit.com\/wp-content\/uploads\/2025\/10\/IMG_9700.jpg\",\"contentUrl\":\"https:\/\/happyinaknit.com\/wp-content\/uploads\/2025\/10\/IMG_9700.jpg\",\"width\":1000,\"height\":1000},{\"@type\":\"BreadcrumbList\",\"@id\":\"https:\/\/happyinaknit.com\/produktas\/knitpro-day-nite-prisukamu-mediniu-virbalu-rinkinys-13-cm\/#breadcrumb\",\"itemListElement\":[{\"@type\":\"ListItem\",\"position\":1,\"name\":\"Home\",\"item\":\"https:\/\/happyinaknit.com\/lt\/\"},{\"@type\":\"ListItem\",\"position\":2,\"name\":\"Parduotuv\u0117\",\"item\":\"https:\/\/happyinaknit.com\/lt\/parduotuve\/\"},{\"@type\":\"ListItem\",\"position\":3,\"name\":\"Knitpro DAY &#038; NITE prisukam\u0173 medini\u0173 virbal\u0173 rinkinys 13 cm\"}]},{\"@type\":\"WebSite\",\"@id\":\"https:\/\/happyinaknit.com\/lt\/#website\",\"url\":\"https:\/\/happyinaknit.com\/lt\/\",\"name\":\"Happyinaknit.com\",\"description\":\"\",\"potentialAction\":[{\"@type\":\"SearchAction\",\"target\":{\"@type\":\"EntryPoint\",\"urlTemplate\":\"https:\/\/happyinaknit.com\/lt\/?s={search_term_string}\"},\"query-input\":{\"@type\":\"PropertyValueSpecification\",\"valueRequired\":true,\"valueName\":\"search_term_string\"}}],\"inLanguage\":\"ru-RU\"}]}<\/script>\n<!-- \/ Yoast SEO plugin. -->","yoast_head_json":{"title":"Knitpro DAY & NITE prisukam\u0173 medini\u0173 virbal\u0173 rinkinys 13 cm - Happyinaknit.com","robots":{"index":"index","follow":"follow","max-snippet":"max-snippet:-1","max-image-preview":"max-image-preview:large","max-video-preview":"max-video-preview:-1"},"canonical":"https:\/\/happyinaknit.com\/ru\/product\/knitpro-day-nite-prisukamu-mediniu-virbalu-rinkinys-13-cm\/","og_locale":"ru_RU","og_type":"article","og_title":"Knitpro DAY & NITE prisukam\u0173 medini\u0173 virbal\u0173 rinkinys 13 cm - Happyinaknit.com","og_description":"KnitPro Day &amp; Nite prisukam\u0173j\u0173 virbal\u0173 rinkinys \u2013 tai i\u0161skirtinis ir inovatyvus rinkinys, sukurtas mezg\u0117joms, kurios nori matyti kiekvien\u0105 dygsn\u012f ai\u0161kiai, nepaisant si\u016bl\u0173 spalvos. D\u0117l kontrasting\u0173 juodos ir \u0161viesios nat\u016bralios medienos ton\u0173 \u0161ie virbalai suteikia puik\u0173 fon\u0105 tiek tamsiems, tiek \u0161viesiems si\u016blams. Mezgate tamsiais si\u016blais? Tiesiog pasukite virbal\u0105 \u0161viesi\u0105ja puse \u012f vir\u0161\u0173 \u2013 ir j\u016bs\u0173 [&hellip;]","og_url":"https:\/\/happyinaknit.com\/ru\/product\/knitpro-day-nite-prisukamu-mediniu-virbalu-rinkinys-13-cm\/","og_site_name":"Happyinaknit.com","og_image":[{"width":1000,"height":1000,"url":"https:\/\/happyinaknit.com\/wp-content\/uploads\/2025\/10\/IMG_9700.jpg","type":"image\/jpeg"}],"twitter_card":"summary_large_image","twitter_misc":{"\u041f\u0440\u0438\u043c\u0435\u0440\u043d\u043e\u0435 \u0432\u0440\u0435\u043c\u044f \u0434\u043b\u044f \u0447\u0442\u0435\u043d\u0438\u044f":"1 \u043c\u0438\u043d\u0443\u0442\u0430"},"schema":{"@context":"https:\/\/schema.org","@graph":[{"@type":"WebPage","@id":"https:\/\/happyinaknit.com\/produktas\/knitpro-day-nite-prisukamu-mediniu-virbalu-rinkinys-13-cm\/","url":"https:\/\/happyinaknit.com\/produktas\/knitpro-day-nite-prisukamu-mediniu-virbalu-rinkinys-13-cm\/","name":"Knitpro DAY & NITE prisukam\u0173 medini\u0173 virbal\u0173 rinkinys 13 cm - Happyinaknit.com","isPartOf":{"@id":"https:\/\/happyinaknit.com\/lt\/#website"},"primaryImageOfPage":{"@id":"https:\/\/happyinaknit.com\/produktas\/knitpro-day-nite-prisukamu-mediniu-virbalu-rinkinys-13-cm\/#primaryimage"},"image":{"@id":"https:\/\/happyinaknit.com\/produktas\/knitpro-day-nite-prisukamu-mediniu-virbalu-rinkinys-13-cm\/#primaryimage"},"thumbnailUrl":"https:\/\/happyinaknit.com\/wp-content\/uploads\/2025\/10\/IMG_9700.jpg","datePublished":"2025-10-13T21:47:05+00:00","breadcrumb":{"@id":"https:\/\/happyinaknit.com\/produktas\/knitpro-day-nite-prisukamu-mediniu-virbalu-rinkinys-13-cm\/#breadcrumb"},"inLanguage":"ru-RU","potentialAction":[{"@type":"ReadAction","target":["https:\/\/happyinaknit.com\/produktas\/knitpro-day-nite-prisukamu-mediniu-virbalu-rinkinys-13-cm\/"]}]},{"@type":"ImageObject","inLanguage":"ru-RU","@id":"https:\/\/happyinaknit.com\/produktas\/knitpro-day-nite-prisukamu-mediniu-virbalu-rinkinys-13-cm\/#primaryimage","url":"https:\/\/happyinaknit.com\/wp-content\/uploads\/2025\/10\/IMG_9700.jpg","contentUrl":"https:\/\/happyinaknit.com\/wp-content\/uploads\/2025\/10\/IMG_9700.jpg","width":1000,"height":1000},{"@type":"BreadcrumbList","@id":"https:\/\/happyinaknit.com\/produktas\/knitpro-day-nite-prisukamu-mediniu-virbalu-rinkinys-13-cm\/#breadcrumb","itemListElement":[{"@type":"ListItem","position":1,"name":"Home","item":"https:\/\/happyinaknit.com\/lt\/"},{"@type":"ListItem","position":2,"name":"Parduotuv\u0117","item":"https:\/\/happyinaknit.com\/lt\/parduotuve\/"},{"@type":"ListItem","position":3,"name":"Knitpro DAY &#038; NITE prisukam\u0173 medini\u0173 virbal\u0173 rinkinys 13 cm"}]},{"@type":"WebSite","@id":"https:\/\/happyinaknit.com\/lt\/#website","url":"https:\/\/happyinaknit.com\/lt\/","name":"Happyinaknit.com","description":"","potentialAction":[{"@type":"SearchAction","target":{"@type":"EntryPoint","urlTemplate":"https:\/\/happyinaknit.com\/lt\/?s={search_term_string}"},"query-input":{"@type":"PropertyValueSpecification","valueRequired":true,"valueName":"search_term_string"}}],"inLanguage":"ru-RU"}]}},"_links":{"self":[{"href":"https:\/\/happyinaknit.com\/ru\/wp-json\/wp\/v2\/product\/4949","targetHints":{"allow":["GET"]}}],"collection":[{"href":"https:\/\/happyinaknit.com\/ru\/wp-json\/wp\/v2\/product"}],"about":[{"href":"https:\/\/happyinaknit.com\/ru\/wp-json\/wp\/v2\/types\/product"}],"replies":[{"embeddable":true,"href":"https:\/\/happyinaknit.com\/ru\/wp-json\/wp\/v2\/comments?post=4949"}],"wp:featuredmedia":[{"embeddable":true,"href":"https:\/\/happyinaknit.com\/ru\/wp-json\/wp\/v2\/media\/4950"}],"wp:attachment":[{"href":"https:\/\/happyinaknit.com\/ru\/wp-json\/wp\/v2\/media?parent=4949"}],"wp:term":[{"taxonomy":"product_brand","embeddable":true,"href":"https:\/\/happyinaknit.com\/ru\/wp-json\/wp\/v2\/product_brand?post=4949"},{"taxonomy":"product_cat","embeddable":true,"href":"https:\/\/happyinaknit.com\/ru\/wp-json\/wp\/v2\/product_cat?post=4949"},{"taxonomy":"product_tag","embeddable":true,"href":"https:\/\/happyinaknit.com\/ru\/wp-json\/wp\/v2\/product_tag?post=4949"},{"taxonomy":"pro-kategorijos","embeddable":true,"href":"https:\/\/happyinaknit.com\/ru\/wp-json\/wp\/v2\/pro-kategorijos?post=4949"}],"curies":[{"name":"wp","href":"https:\/\/api.w.org\/{rel}","templated":true}]}}