{"id":4940,"date":"2025-10-13T21:31:03","date_gmt":"2025-10-13T21:31:03","guid":{"rendered":"https:\/\/happyinaknit.com\/?post_type=product&#038;p=4940"},"modified":"2025-10-13T21:31:41","modified_gmt":"2025-10-13T21:31:41","slug":"the-mindful-collection-grateful-kojininiu-virbalu-rinkinys-15-cm","status":"publish","type":"product","link":"https:\/\/happyinaknit.com\/ru\/product\/the-mindful-collection-grateful-kojininiu-virbalu-rinkinys-15-cm\/","title":{"rendered":"The Mindful Collection \"Grateful\" \u043d\u0430\u0431\u043e\u0440 \u0447\u0443\u043b\u043e\u0447\u043d\u044b\u0445 \u0441\u043f\u0438\u0446 15 \u0441\u043c"},"content":{"rendered":"<p data-start=\"0\" data-end=\"192\"><strong data-start=\"0\" data-end=\"69\">\u041d\u0430\u0431\u043e\u0440 \u0441\u043f\u0438\u0446 KnitPro The Mindful Collection (15 \u0441\u043c)<\/strong> \u2013 \u044d\u0442\u043e \u044d\u043b\u0435\u0433\u0430\u043d\u0442\u043d\u044b\u0439 \u0438 \u043f\u043e\u043b\u043d\u043e\u0441\u0442\u044c\u044e \u0443\u043a\u043e\u043c\u043f\u043b\u0435\u043a\u0442\u043e\u0432\u0430\u043d\u043d\u044b\u0439 \u043d\u0430\u0431\u043e\u0440 \u0434\u043b\u044f \u0440\u0443\u043a\u043e\u0434\u0435\u043b\u044c\u043d\u0438\u0446, \u043a\u043e\u0442\u043e\u0440\u044b\u0435 \u0446\u0435\u043d\u044f\u0442 \u043a\u0430\u0447\u0435\u0441\u0442\u0432\u043e, \u0442\u043e\u0447\u043d\u043e\u0441\u0442\u044c \u0438 \u043f\u0440\u0438\u044f\u0442\u043d\u044b\u0439  \u0442\u0432\u043e\u0440\u0447\u0435\u0441\u043a\u0438\u0439 \u043f\u0440\u043e\u0446\u0435\u0441\u0441.<\/p>\n<p data-start=\"529\" data-end=\"869\">\u0427\u0443\u043b\u043e\u0447\u043d\u044b\u0435 \u0441\u043f\u0438\u0446\u044b \u043a\u043e\u043b\u043b\u0435\u043a\u0446\u0438\u0438 Mindful \u0438\u0437\u0433\u043e\u0442\u043e\u0432\u043b\u0435\u043d\u044b \u0438\u0437 <strong data-start=\"604\" data-end=\"643\">\u0432\u044b\u0441\u043e\u043a\u043e\u043a\u0430\u0447\u0435\u0441\u0442\u0432\u0435\u043d\u043d\u043e\u0439  \u043d\u0435\u0440\u0436\u0430\u0432\u0435\u044e\u0449\u0435\u0439 \u0441\u0442\u0430\u043b\u0438<\/strong>, \u0447\u0442\u043e \u0434\u0435\u043b\u0430\u0435\u0442 \u0438\u0445 \u043d\u0435\u0432\u0435\u0440\u043e\u044f\u0442\u043d\u043e \u0433\u043b\u0430\u0434\u043a\u0438\u043c\u0438, \u043f\u0440\u043e\u0447\u043d\u044b\u043c\u0438 \u0438 \u0443\u0434\u043e\u0431\u043d\u044b\u043c\u0438 \u0432 \u0440\u0443\u043a\u0430\u0445. \u0414\u043b\u0438\u043d\u0430 15 \u0441\u043c \u0438\u0434\u0435\u0430\u043b\u044c\u043d\u043e \u043f\u043e\u0434\u0445\u043e\u0434\u0438\u0442 \u0434\u043b\u044f \u0432\u044f\u0437\u0430\u043d\u0438\u044f \u043d\u043e\u0441\u043a\u043e\u0432, \u043f\u0435\u0440\u0447\u0430\u0442\u043e\u043a \u0438 \u0434\u0440\u0443\u0433\u0438\u0445 \u043d\u0435\u0431\u043e\u043b\u044c\u0448\u0438\u0445 \u0438\u0437\u0434\u0435\u043b\u0438\u0439. \u041d\u0430 \u043a\u0430\u0436\u0434\u043e\u0439 \u0441\u043f\u0438\u0446\u0435 \u043b\u0430\u0437\u0435\u0440\u043e\u043c \u043d\u0430\u043d\u0435\u0441\u0435\u043d \u0440\u0430\u0437\u043c\u0435\u0440, \u043f\u043e\u044d\u0442\u043e\u043c\u0443 \u043c\u0430\u0440\u043a\u0438\u0440\u043e\u0432\u043a\u0430 \u043d\u0435 \u0441\u043e\u0442\u0440\u0451\u0442\u0441\u044f.<\/p>\n<p data-start=\"871\" data-end=\"1077\">\u0421\u0442\u0438\u043b\u044c\u043d\u044b\u0439 <strong data-start=\"881\" data-end=\"899\">\u0442\u043a\u0430\u043d\u0435\u0432\u044b\u0439 \u0447\u0435\u0445\u043e\u043b<\/strong> \u043f\u043e\u043c\u043e\u0436\u0435\u0442 \u0432\u0430\u043c \u043e\u0440\u0433\u0430\u043d\u0438\u0437\u043e\u0432\u0430\u0442\u044c \u0438 \u0431\u0435\u0437\u043e\u043f\u0430\u0441\u043d\u043e \u0445\u0440\u0430\u043d\u0438\u0442\u044c \u0432\u0441\u0435 \u0438\u043d\u0441\u0442\u0440\u0443\u043c\u0435\u043d\u0442\u044b \u0432 \u043d\u0430\u0431\u043e\u0440\u0435.<br data-start=\"966\" data-end=\"969\" \/>\u041a\u043e\u043b\u043b\u0435\u043a\u0446\u0438\u044f \u0432\u0434\u043e\u0445\u043d\u043e\u0432\u043b\u0435\u043d\u0430 \u0444\u0438\u043b\u043e\u0441\u043e\u0444\u0438\u0435\u0439 \u00abMindful\u00bb \u2014 \u0434\u043b\u044f \u0442\u0435\u0445, \u043a\u0442\u043e \u0442\u0432\u043e\u0440\u0438\u0442 \u043e\u0441\u043e\u0437\u043d\u0430\u043d\u043d\u043e, \u0443\u043c\u0438\u0440\u043e\u0442\u0432\u043e\u0440\u0435\u043d\u043d\u043e \u0438 \u0441 \u043b\u044e\u0431\u043e\u0432\u044c\u044e \u043a \u043a\u0430\u0436\u0434\u043e\u043c\u0443 \u043f\u0435\u0442\u0435\u043b\u044c\u043a\u0435<\/p>\n<p data-start=\"194\" data-end=\"214\"><strong data-start=\"194\" data-end=\"212\">\u0412 \u043a\u043e\u043c\u043f\u043b\u0435\u043a\u0442 \u0432\u0445\u043e\u0434\u0438\u0442:<\/strong><\/p>\n<ul data-start=\"215\" data-end=\"527\">\n<li data-start=\"215\" data-end=\"237\">\n<p data-start=\"217\" data-end=\"237\"><strong data-start=\"217\" data-end=\"235\">\u0422\u043a\u0430\u043d\u0435\u0432\u044b\u0439 \u0447\u0435\u0445\u043e\u043b<\/strong><\/p>\n<\/li>\n<li data-start=\"238\" data-end=\"361\">\n<p data-start=\"240\" data-end=\"361\"><strong data-start=\"240\" data-end=\"294\">7 \u043f\u0430\u0440 \u0447\u0443\u043b\u043e\u0447\u043d\u044b\u0445 \u0441\u043f\u0438\u0446  Mindful (\u0434\u043b\u0438\u043d\u043e\u0439 15 \u0441\u043c):<\/strong><br data-start=\"294\" data-end=\"297\" \/>2,0 \u043c\u043c 2,5 \u043c\u043c 3,0 \u043c\u043c 3,5 \u043c\u043c 4,0 \u043c\u043c 4,5 \u043c\u043c 5,0 \u043c\u043c<\/p>\n<\/li>\n<li data-start=\"362\" data-end=\"394\">\n<p data-start=\"364\" data-end=\"394\"><strong data-start=\"364\" data-end=\"392\">\u041b\u0438\u043d\u0435\u0439\u043a\u0430 \u0434\u043b\u044f \u0438\u0437\u043c\u0435\u0440\u0435\u043d\u0438\u044f \u0440\u0430\u0437\u043c\u0435\u0440\u0430 \u0441\u043f\u0438\u0446<\/strong><\/p>\n<\/li>\n<li data-start=\"395\" data-end=\"430\">\n<p data-start=\"397\" data-end=\"430\"><strong data-start=\"397\" data-end=\"419\">2 \u0438\u0433\u043b\u044b<\/strong> \u0434\u043b\u044f \u0448\u0438\u0442\u044c\u044f<\/p>\n<\/li>\n<li data-start=\"431\" data-end=\"527\">\n<p data-start=\"433\" data-end=\"459\"><strong data-start=\"433\" data-end=\"457\">30 \u043c\u0430\u0440\u043a\u0435\u0440\u043e\u0432 \u0434\u043b\u044f \u0432\u044f\u0437\u0430\u043d\u0438\u044f:<\/strong><\/p>\n<ul data-start=\"462\" data-end=\"527\">\n<li data-start=\"462\" data-end=\"492\">\n<p data-start=\"464\" data-end=\"492\">10 \u0448\u0442 \"\u0411\u0443\u043b\u0430\u0432\u043a\u0430\"<\/p>\n<\/li>\n<li data-start=\"495\" data-end=\"509\">\n<p data-start=\"497\" data-end=\"509\">10  \u0448\u0442 \"\u041a\u0440\u0443\u0433\"<\/p>\n<\/li>\n<li data-start=\"512\" data-end=\"527\">\n<p data-start=\"514\" data-end=\"527\">10 \u0448\u0442 \"\u041a\u043e\u043b\u044c\u0446\u043e\"<\/p>\n<\/li>\n<\/ul>\n<\/li>\n<\/ul>\n<p data-start=\"1079\" data-end=\"1104\"><strong data-start=\"1079\" data-end=\"1094\">\u041f\u0440\u043e\u0438\u0437\u0432\u043e\u0434\u0438\u0442\u0435\u043b\u044c:<\/strong> KnitPro<\/p>\n<p data-start=\"1106\" data-end=\"1194\" data-is-last-node=\"\" data-is-only-node=\"\"><strong data-start=\"1106\" data-end=\"1118\">\u041f\u0440\u0438\u043c\u0435\u0447\u0430\u043d\u0438\u0435:<\/strong> \u0426\u0432\u0435\u0442\u043e\u0432\u044b\u0435 \u043e\u0442\u0442\u0435\u043d\u043a\u0438 \u043c\u043e\u0433\u0443\u0442 \u043d\u0435\u0437\u043d\u0430\u0447\u0438\u0442\u0435\u043b\u044c\u043d\u043e \u043e\u0442\u043b\u0438\u0447\u0430\u0442\u044c\u0441\u044f \u0432 \u0437\u0430\u0432\u0438\u0441\u0438\u043c\u043e\u0441\u0442\u0438 \u043e\u0442 \u044d\u043a\u0440\u0430\u043d\u0430 \u0432\u0430\u0448\u0435\u0433\u043e \u0443\u0441\u0442\u0440\u043e\u0439\u0441\u0442\u0432\u0430.<\/p>","protected":false},"excerpt":{"rendered":"<p>KnitPro The Mindful Collection kojinini\u0173 virbal\u0173 rinkinys (15 cm) \u2013 tai eleganti\u0161kas ir pilnai sukomplektuotas rinkinys mezg\u0117joms, vertinan\u010dioms kokyb\u0119, tikslum\u0105 ir ram\u0173 k\u016brybos proces\u0105. \u201eThe Mindful Collection\u201c kojininiai virbalai pagaminti i\u0161 auk\u0161tos kokyb\u0117s ner\u016bdijan\u010dio plieno, tod\u0117l yra itin glotn\u016bs, tvirti ir patog\u016bs laikyti. D\u0117l 15 cm ilgio jie puikiai tinka megzti kojines, pir\u0161tines ir kitus [&hellip;]<\/p>\n","protected":false},"featured_media":4942,"comment_status":"open","ping_status":"closed","template":"","meta":{"_acf_changed":false},"product_brand":[1069,1071],"product_cat":[15,19,861],"product_tag":[],"pro-kategorijos":[],"class_list":{"0":"post-4940","1":"product","2":"type-product","3":"status-publish","4":"has-post-thumbnail","6":"product_brand-knitpro","7":"product_brand-the-mindful-collection","8":"product_cat-visi-produktai","9":"product_cat-mezgimo-priemones","10":"product_cat-virbalu-rinkiniai","12":"first","13":"instock","14":"shipping-taxable","15":"purchasable","16":"product-type-simple"},"acf":[],"yoast_head":"<!-- This site is optimized with the Yoast SEO plugin v26.8 - https:\/\/yoast.com\/product\/yoast-seo-wordpress\/ -->\n<title>The Mindful Collection &quot;Grateful&quot; kojinini\u0173 virbal\u0173 rinkinys 15 cm - Happyinaknit.com<\/title>\n<meta name=\"robots\" content=\"index, follow, max-snippet:-1, max-image-preview:large, max-video-preview:-1\" \/>\n<link rel=\"canonical\" href=\"https:\/\/happyinaknit.com\/ru\/product\/the-mindful-collection-grateful-kojininiu-virbalu-rinkinys-15-cm\/\" \/>\n<meta property=\"og:locale\" content=\"ru_RU\" \/>\n<meta property=\"og:type\" content=\"article\" \/>\n<meta property=\"og:title\" content=\"The Mindful Collection &quot;Grateful&quot; kojinini\u0173 virbal\u0173 rinkinys 15 cm - Happyinaknit.com\" \/>\n<meta property=\"og:description\" content=\"KnitPro The Mindful Collection kojinini\u0173 virbal\u0173 rinkinys (15 cm) \u2013 tai eleganti\u0161kas ir pilnai sukomplektuotas rinkinys mezg\u0117joms, vertinan\u010dioms kokyb\u0119, tikslum\u0105 ir ram\u0173 k\u016brybos proces\u0105. \u201eThe Mindful Collection\u201c kojininiai virbalai pagaminti i\u0161 auk\u0161tos kokyb\u0117s ner\u016bdijan\u010dio plieno, tod\u0117l yra itin glotn\u016bs, tvirti ir patog\u016bs laikyti. D\u0117l 15 cm ilgio jie puikiai tinka megzti kojines, pir\u0161tines ir kitus [&hellip;]\" \/>\n<meta property=\"og:url\" content=\"https:\/\/happyinaknit.com\/ru\/product\/the-mindful-collection-grateful-kojininiu-virbalu-rinkinys-15-cm\/\" \/>\n<meta property=\"og:site_name\" content=\"Happyinaknit.com\" \/>\n<meta property=\"article:modified_time\" content=\"2025-10-13T21:31:41+00:00\" \/>\n<meta property=\"og:image\" content=\"https:\/\/happyinaknit.com\/wp-content\/uploads\/2025\/10\/knitpro-knitting-needles-the-mindful-collection-grateful-15cm-double-pointed-knitting-needle-set-37347218391198.png.webp\" \/>\n\t<meta property=\"og:image:width\" content=\"1000\" \/>\n\t<meta property=\"og:image:height\" content=\"1000\" \/>\n\t<meta property=\"og:image:type\" content=\"image\/webp\" \/>\n<meta name=\"twitter:card\" content=\"summary_large_image\" \/>\n<meta name=\"twitter:label1\" content=\"\u041f\u0440\u0438\u043c\u0435\u0440\u043d\u043e\u0435 \u0432\u0440\u0435\u043c\u044f \u0434\u043b\u044f \u0447\u0442\u0435\u043d\u0438\u044f\" \/>\n\t<meta name=\"twitter:data1\" content=\"1 \u043c\u0438\u043d\u0443\u0442\u0430\" \/>\n<script type=\"application\/ld+json\" class=\"yoast-schema-graph\">{\"@context\":\"https:\/\/schema.org\",\"@graph\":[{\"@type\":\"WebPage\",\"@id\":\"https:\/\/happyinaknit.com\/produktas\/the-mindful-collection-grateful-kojininiu-virbalu-rinkinys-15-cm\/\",\"url\":\"https:\/\/happyinaknit.com\/produktas\/the-mindful-collection-grateful-kojininiu-virbalu-rinkinys-15-cm\/\",\"name\":\"The Mindful Collection \\\"Grateful\\\" kojinini\u0173 virbal\u0173 rinkinys 15 cm - Happyinaknit.com\",\"isPartOf\":{\"@id\":\"https:\/\/happyinaknit.com\/lt\/#website\"},\"primaryImageOfPage\":{\"@id\":\"https:\/\/happyinaknit.com\/produktas\/the-mindful-collection-grateful-kojininiu-virbalu-rinkinys-15-cm\/#primaryimage\"},\"image\":{\"@id\":\"https:\/\/happyinaknit.com\/produktas\/the-mindful-collection-grateful-kojininiu-virbalu-rinkinys-15-cm\/#primaryimage\"},\"thumbnailUrl\":\"https:\/\/happyinaknit.com\/wp-content\/uploads\/2025\/10\/knitpro-knitting-needles-the-mindful-collection-grateful-15cm-double-pointed-knitting-needle-set-37347218391198.png.webp\",\"datePublished\":\"2025-10-13T21:31:03+00:00\",\"dateModified\":\"2025-10-13T21:31:41+00:00\",\"breadcrumb\":{\"@id\":\"https:\/\/happyinaknit.com\/produktas\/the-mindful-collection-grateful-kojininiu-virbalu-rinkinys-15-cm\/#breadcrumb\"},\"inLanguage\":\"ru-RU\",\"potentialAction\":[{\"@type\":\"ReadAction\",\"target\":[\"https:\/\/happyinaknit.com\/produktas\/the-mindful-collection-grateful-kojininiu-virbalu-rinkinys-15-cm\/\"]}]},{\"@type\":\"ImageObject\",\"inLanguage\":\"ru-RU\",\"@id\":\"https:\/\/happyinaknit.com\/produktas\/the-mindful-collection-grateful-kojininiu-virbalu-rinkinys-15-cm\/#primaryimage\",\"url\":\"https:\/\/happyinaknit.com\/wp-content\/uploads\/2025\/10\/knitpro-knitting-needles-the-mindful-collection-grateful-15cm-double-pointed-knitting-needle-set-37347218391198.png.webp\",\"contentUrl\":\"https:\/\/happyinaknit.com\/wp-content\/uploads\/2025\/10\/knitpro-knitting-needles-the-mindful-collection-grateful-15cm-double-pointed-knitting-needle-set-37347218391198.png.webp\",\"width\":1000,\"height\":1000},{\"@type\":\"BreadcrumbList\",\"@id\":\"https:\/\/happyinaknit.com\/produktas\/the-mindful-collection-grateful-kojininiu-virbalu-rinkinys-15-cm\/#breadcrumb\",\"itemListElement\":[{\"@type\":\"ListItem\",\"position\":1,\"name\":\"Home\",\"item\":\"https:\/\/happyinaknit.com\/lt\/\"},{\"@type\":\"ListItem\",\"position\":2,\"name\":\"Parduotuv\u0117\",\"item\":\"https:\/\/happyinaknit.com\/lt\/parduotuve\/\"},{\"@type\":\"ListItem\",\"position\":3,\"name\":\"The Mindful Collection &#8222;Grateful&#8221; kojinini\u0173 virbal\u0173 rinkinys 15 cm\"}]},{\"@type\":\"WebSite\",\"@id\":\"https:\/\/happyinaknit.com\/lt\/#website\",\"url\":\"https:\/\/happyinaknit.com\/lt\/\",\"name\":\"Happyinaknit.com\",\"description\":\"\",\"potentialAction\":[{\"@type\":\"SearchAction\",\"target\":{\"@type\":\"EntryPoint\",\"urlTemplate\":\"https:\/\/happyinaknit.com\/lt\/?s={search_term_string}\"},\"query-input\":{\"@type\":\"PropertyValueSpecification\",\"valueRequired\":true,\"valueName\":\"search_term_string\"}}],\"inLanguage\":\"ru-RU\"}]}<\/script>\n<!-- \/ Yoast SEO plugin. -->","yoast_head_json":{"title":"The Mindful Collection \"Grateful\" kojinini\u0173 virbal\u0173 rinkinys 15 cm - Happyinaknit.com","robots":{"index":"index","follow":"follow","max-snippet":"max-snippet:-1","max-image-preview":"max-image-preview:large","max-video-preview":"max-video-preview:-1"},"canonical":"https:\/\/happyinaknit.com\/ru\/product\/the-mindful-collection-grateful-kojininiu-virbalu-rinkinys-15-cm\/","og_locale":"ru_RU","og_type":"article","og_title":"The Mindful Collection \"Grateful\" kojinini\u0173 virbal\u0173 rinkinys 15 cm - Happyinaknit.com","og_description":"KnitPro The Mindful Collection kojinini\u0173 virbal\u0173 rinkinys (15 cm) \u2013 tai eleganti\u0161kas ir pilnai sukomplektuotas rinkinys mezg\u0117joms, vertinan\u010dioms kokyb\u0119, tikslum\u0105 ir ram\u0173 k\u016brybos proces\u0105. \u201eThe Mindful Collection\u201c kojininiai virbalai pagaminti i\u0161 auk\u0161tos kokyb\u0117s ner\u016bdijan\u010dio plieno, tod\u0117l yra itin glotn\u016bs, tvirti ir patog\u016bs laikyti. D\u0117l 15 cm ilgio jie puikiai tinka megzti kojines, pir\u0161tines ir kitus [&hellip;]","og_url":"https:\/\/happyinaknit.com\/ru\/product\/the-mindful-collection-grateful-kojininiu-virbalu-rinkinys-15-cm\/","og_site_name":"Happyinaknit.com","article_modified_time":"2025-10-13T21:31:41+00:00","og_image":[{"width":1000,"height":1000,"url":"https:\/\/happyinaknit.com\/wp-content\/uploads\/2025\/10\/knitpro-knitting-needles-the-mindful-collection-grateful-15cm-double-pointed-knitting-needle-set-37347218391198.png.webp","type":"image\/webp"}],"twitter_card":"summary_large_image","twitter_misc":{"\u041f\u0440\u0438\u043c\u0435\u0440\u043d\u043e\u0435 \u0432\u0440\u0435\u043c\u044f \u0434\u043b\u044f \u0447\u0442\u0435\u043d\u0438\u044f":"1 \u043c\u0438\u043d\u0443\u0442\u0430"},"schema":{"@context":"https:\/\/schema.org","@graph":[{"@type":"WebPage","@id":"https:\/\/happyinaknit.com\/produktas\/the-mindful-collection-grateful-kojininiu-virbalu-rinkinys-15-cm\/","url":"https:\/\/happyinaknit.com\/produktas\/the-mindful-collection-grateful-kojininiu-virbalu-rinkinys-15-cm\/","name":"The Mindful Collection \"Grateful\" kojinini\u0173 virbal\u0173 rinkinys 15 cm - Happyinaknit.com","isPartOf":{"@id":"https:\/\/happyinaknit.com\/lt\/#website"},"primaryImageOfPage":{"@id":"https:\/\/happyinaknit.com\/produktas\/the-mindful-collection-grateful-kojininiu-virbalu-rinkinys-15-cm\/#primaryimage"},"image":{"@id":"https:\/\/happyinaknit.com\/produktas\/the-mindful-collection-grateful-kojininiu-virbalu-rinkinys-15-cm\/#primaryimage"},"thumbnailUrl":"https:\/\/happyinaknit.com\/wp-content\/uploads\/2025\/10\/knitpro-knitting-needles-the-mindful-collection-grateful-15cm-double-pointed-knitting-needle-set-37347218391198.png.webp","datePublished":"2025-10-13T21:31:03+00:00","dateModified":"2025-10-13T21:31:41+00:00","breadcrumb":{"@id":"https:\/\/happyinaknit.com\/produktas\/the-mindful-collection-grateful-kojininiu-virbalu-rinkinys-15-cm\/#breadcrumb"},"inLanguage":"ru-RU","potentialAction":[{"@type":"ReadAction","target":["https:\/\/happyinaknit.com\/produktas\/the-mindful-collection-grateful-kojininiu-virbalu-rinkinys-15-cm\/"]}]},{"@type":"ImageObject","inLanguage":"ru-RU","@id":"https:\/\/happyinaknit.com\/produktas\/the-mindful-collection-grateful-kojininiu-virbalu-rinkinys-15-cm\/#primaryimage","url":"https:\/\/happyinaknit.com\/wp-content\/uploads\/2025\/10\/knitpro-knitting-needles-the-mindful-collection-grateful-15cm-double-pointed-knitting-needle-set-37347218391198.png.webp","contentUrl":"https:\/\/happyinaknit.com\/wp-content\/uploads\/2025\/10\/knitpro-knitting-needles-the-mindful-collection-grateful-15cm-double-pointed-knitting-needle-set-37347218391198.png.webp","width":1000,"height":1000},{"@type":"BreadcrumbList","@id":"https:\/\/happyinaknit.com\/produktas\/the-mindful-collection-grateful-kojininiu-virbalu-rinkinys-15-cm\/#breadcrumb","itemListElement":[{"@type":"ListItem","position":1,"name":"Home","item":"https:\/\/happyinaknit.com\/lt\/"},{"@type":"ListItem","position":2,"name":"Parduotuv\u0117","item":"https:\/\/happyinaknit.com\/lt\/parduotuve\/"},{"@type":"ListItem","position":3,"name":"The Mindful Collection &#8222;Grateful&#8221; kojinini\u0173 virbal\u0173 rinkinys 15 cm"}]},{"@type":"WebSite","@id":"https:\/\/happyinaknit.com\/lt\/#website","url":"https:\/\/happyinaknit.com\/lt\/","name":"Happyinaknit.com","description":"","potentialAction":[{"@type":"SearchAction","target":{"@type":"EntryPoint","urlTemplate":"https:\/\/happyinaknit.com\/lt\/?s={search_term_string}"},"query-input":{"@type":"PropertyValueSpecification","valueRequired":true,"valueName":"search_term_string"}}],"inLanguage":"ru-RU"}]}},"_links":{"self":[{"href":"https:\/\/happyinaknit.com\/ru\/wp-json\/wp\/v2\/product\/4940","targetHints":{"allow":["GET"]}}],"collection":[{"href":"https:\/\/happyinaknit.com\/ru\/wp-json\/wp\/v2\/product"}],"about":[{"href":"https:\/\/happyinaknit.com\/ru\/wp-json\/wp\/v2\/types\/product"}],"replies":[{"embeddable":true,"href":"https:\/\/happyinaknit.com\/ru\/wp-json\/wp\/v2\/comments?post=4940"}],"wp:featuredmedia":[{"embeddable":true,"href":"https:\/\/happyinaknit.com\/ru\/wp-json\/wp\/v2\/media\/4942"}],"wp:attachment":[{"href":"https:\/\/happyinaknit.com\/ru\/wp-json\/wp\/v2\/media?parent=4940"}],"wp:term":[{"taxonomy":"product_brand","embeddable":true,"href":"https:\/\/happyinaknit.com\/ru\/wp-json\/wp\/v2\/product_brand?post=4940"},{"taxonomy":"product_cat","embeddable":true,"href":"https:\/\/happyinaknit.com\/ru\/wp-json\/wp\/v2\/product_cat?post=4940"},{"taxonomy":"product_tag","embeddable":true,"href":"https:\/\/happyinaknit.com\/ru\/wp-json\/wp\/v2\/product_tag?post=4940"},{"taxonomy":"pro-kategorijos","embeddable":true,"href":"https:\/\/happyinaknit.com\/ru\/wp-json\/wp\/v2\/pro-kategorijos?post=4940"}],"curies":[{"name":"wp","href":"https:\/\/api.w.org\/{rel}","templated":true}]}}