{"id":4934,"date":"2025-10-13T21:17:10","date_gmt":"2025-10-13T21:17:10","guid":{"rendered":"https:\/\/happyinaknit.com\/?post_type=product&#038;p=4934"},"modified":"2025-10-13T21:19:12","modified_gmt":"2025-10-13T21:19:12","slug":"the-mindful-collection-gratitude-prisukamu-virbalu-rinkinys-13-cm","status":"publish","type":"product","link":"https:\/\/happyinaknit.com\/ru\/product\/the-mindful-collection-gratitude-prisukamu-virbalu-rinkinys-13-cm\/","title":{"rendered":"The Mindful Collection \" Gratitude\" \u043d\u0430\u0431\u043e\u0440 \u0440\u0430\u0437\u044a\u0435\u043c\u043d\u044b\u0445 \u0441\u043f\u0438\u0446 13 \u0441\u043c"},"content":{"rendered":"<p data-start=\"0\" data-end=\"334\"><strong data-start=\"0\" data-end=\"71\">\u041d\u0430\u0431\u043e\u0440 \u0441\u043f\u0438\u0446 KnitPro The Mindful Collection (13 \u0441\u043c)<\/strong> \u2013 \u044d\u0442\u043e \u043f\u043e\u043b\u043d\u044b\u0439 \u0438 \u0433\u0430\u0440\u043c\u043e\u043d\u0438\u0447\u043d\u044b\u0439 \u043d\u0430\u0431\u043e\u0440 \u0438\u043d\u0441\u0442\u0440\u0443\u043c\u0435\u043d\u0442\u043e\u0432 \u0434\u043b\u044f \u0432\u044f\u0437\u0430\u043d\u0438\u044f, \u0441\u043e\u0437\u0434\u0430\u043d\u043d\u044b\u0439 \u0441 \u043b\u044e\u0431\u043e\u0432\u044c\u044e, \u0437\u0430\u0431\u043e\u0442\u043e\u0439 \u0438 \u0432 \u0434\u0443\u0445\u0435 \u0444\u0438\u043b\u043e\u0441\u043e\u0444\u0438\u0438 Mindful. \u041d\u0430\u0431\u043e\u0440 \u0441\u043e\u0447\u0435\u0442\u0430\u0435\u0442 \u0432 \u0441\u0435\u0431\u0435 \u0432\u044b\u0441\u043e\u0447\u0430\u0439\u0448\u0435\u0435 \u043a\u0430\u0447\u0435\u0441\u0442\u0432\u043e, \u0443\u0434\u043e\u0431\u0441\u0442\u0432\u043e \u0438 \u044d\u0441\u0442\u0435\u0442\u0438\u043a\u0443 \u2013 \u0438\u0434\u0435\u0430\u043b\u044c\u043d\u044b\u0439 \u0432\u044b\u0431\u043e\u0440 \u043a\u0430\u043a \u0434\u043b\u044f \u043d\u0430\u0447\u0438\u043d\u0430\u044e\u0449\u0438\u0445, \u0442\u0430\u043a \u0438 \u0434\u043b\u044f \u043e\u043f\u044b\u0442\u043d\u044b\u0445 \u0440\u0443\u043a\u043e\u0434\u0435\u043b\u044c\u043d\u0438\u0446<\/p>\n<p data-start=\"0\" data-end=\"334\">\u041a\u0430\u0436\u0434\u0430\u044f \u0441\u043f\u0438\u0446\u0430 \u0438\u0437 \u0441\u0435\u0440\u0438\u0438 Mindful Collection \u0438\u0437\u0433\u043e\u0442\u043e\u0432\u043b\u0435\u043d\u0430 \u0438\u0437 <strong data-start=\"1000\" data-end=\"1039\">\u0432\u044b\u0441\u043e\u043a\u043e\u043a\u0430\u0447\u0435\u0441\u0442\u0432\u0435\u043d\u043d\u043e\u0439  \u043d\u0435\u0440\u0436\u0430\u0432\u0435\u044e\u0449\u0435\u0439 \u0441\u0442\u0430\u043b\u0438<\/strong>, \u0445\u0430\u0440\u0430\u043a\u0442\u0435\u0440\u0438\u0437\u0443\u044e\u0449\u0430\u044f\u0441\u044f \u0438\u0441\u043a\u043b\u044e\u0447\u0438\u0442\u0435\u043b\u044c\u043d\u043e \u0433\u043b\u0430\u0434\u043a\u043e\u0439 \u043f\u043e\u0432\u0435\u0440\u0445\u043d\u043e\u0441\u0442\u044c\u044e \u0438 \u0438\u0437\u044f\u0449\u043d\u043e\u0439 \u0431\u0430\u043b\u0430\u043d\u0441\u0438\u0440\u043e\u0432\u043a\u043e\u0439. \u0412\u0440\u0430\u0449\u0430\u044e\u0449\u0438\u0435\u0441\u044f \u043b\u0435\u0441\u043a\u0438 \u043e\u0431\u0435\u0441\u043f\u0435\u0447\u0438\u0432\u0430\u044e\u0442 \u043e\u0441\u043e\u0431\u0443\u044e \u0441\u0432\u043e\u0431\u043e\u0434\u0443 \u0438 \u043a\u043e\u043c\u0444\u043e\u0440\u0442 \u043f\u0440\u0438 \u0432\u044f\u0437\u0430\u043d\u0438\u0438, \u0430 \u043d\u0435\u0436\u043d\u043e-\u0433\u043e\u043b\u0443\u0431\u044b\u0435 \u0434\u0435\u0442\u0430\u043b\u0438 \u0441\u0438\u043c\u0432\u043e\u043b\u0438\u0437\u0438\u0440\u0443\u044e\u0442 \u0443\u043c\u0438\u0440\u043e\u0442\u0432\u043e\u0440\u0435\u043d\u0438\u0435 \u0438 \u0442\u0432\u043e\u0440\u0447\u0435\u0441\u043a\u043e\u0435 \u0432\u0434\u043e\u0445\u043d\u043e\u0432\u0435\u043d\u0438\u0435.<br data-start=\"1239\" data-end=\"1242\" \/>\u0412\u0441\u0435 \u043a\u043e\u043c\u043f\u043e\u043d\u0435\u043d\u0442\u044b \u0443\u043f\u0430\u043a\u043e\u0432\u0430\u043d\u044b \u0432 <strong data-start=\"1271\" data-end=\"1300\">\u044d\u043b\u0435\u0433\u0430\u043d\u0442\u043d\u044b\u0439 \u0442\u043a\u0430\u043d\u0435\u0432\u044b\u0439 \u0447\u0435\u0445\u043e\u043b<\/strong>, \u0447\u0442\u043e \u043e\u0431\u0435\u0441\u043f\u0435\u0447\u0438\u0432\u0430\u0435\u0442 \u043f\u043e\u0440\u044f\u0434\u043e\u043a \u0438 \u044d\u0441\u0442\u0435\u0442\u0438\u043a\u0443 \u0432 \u0432\u0430\u0448\u0435\u043c \u0432\u044f\u0437\u0430\u043b\u044c\u043d\u043e\u043c \u043f\u043e\u043c\u0435\u0449\u0435\u043d\u0438\u0438.<\/p>\n<p data-start=\"336\" data-end=\"356\"><strong data-start=\"336\" data-end=\"354\">\u0412 \u043a\u043e\u043c\u043f\u043b\u0435\u043a\u0442 \u0432\u0445\u043e\u0434\u0438\u0442:<\/strong><\/p>\n<ul data-start=\"357\" data-end=\"918\">\n<li data-start=\"357\" data-end=\"539\">\n<p data-start=\"359\" data-end=\"539\"><strong data-start=\"359\" data-end=\"390\">14 \u043f\u0430\u0440 \u0440\u0430\u0437\u044a\u0435\u043c\u043d\u044b\u0445 \u0441\u043f\u0438\u0446<\/strong> (\u0434\u043b\u0438\u043d\u0430 13 \u0441\u043c):<br data-start=\"405\" data-end=\"408\" \/>3,0 \u043c\u043c 3,25 \u043c\u043c 3,5 \u043c\u043c 3,75 \u043c\u043c 4,0 \u043c\u043c 4,5 \u043c\u043c 5,0 \u043c\u043c 5,5 \u043c\u043c 6,0 \u043c\u043c 7,0 \u043c\u043c 8,0 \u043c\u043c 9,0 \u043c\u043c 10,0 \u043c\u043c 12,0 \u043c\u043c<\/p>\n<\/li>\n<li data-start=\"540\" data-end=\"597\">\n<p data-start=\"542\" data-end=\"597\"><strong data-start=\"542\" data-end=\"563\">4 \u0432\u0440\u0430\u0449\u0430\u044e\u0449\u0438\u0435\u0441\u044f \u043b\u0435\u0441\u043a\u0438:<\/strong> 60 \u0441\u043c \u00b7 80 \u0441\u043c (2 \u0448\u0442.) \u00b7 100 \u0441\u043c<\/p>\n<\/li>\n<li data-start=\"598\" data-end=\"617\">\n<p data-start=\"600\" data-end=\"617\"><strong data-start=\"600\" data-end=\"615\">6 \u0441\u0442\u043e\u043f\u043f\u0435\u0440\u043e\u0432<\/strong><\/p>\n<\/li>\n<li data-start=\"618\" data-end=\"647\">\n<p data-start=\"620\" data-end=\"647\"><strong data-start=\"620\" data-end=\"645\">4  \u043a\u043b\u044e\u0447\u0430<\/strong><\/p>\n<\/li>\n<li data-start=\"648\" data-end=\"690\">\n<p data-start=\"650\" data-end=\"690\"><strong data-start=\"650\" data-end=\"688\">1 \u043a\u043e\u043c\u043f\u043b\u0435\u043a\u0442 \u0430\u0434\u0430\u043f\u0442\u0435\u0440\u043e\u0432 \u0434\u043b\u044f \u0441\u043e\u0435\u0434\u0438\u043d\u0435\u043d\u0438\u044f  \u043b\u0435\u0441\u043e\u043a<\/strong><\/p>\n<\/li>\n<li data-start=\"691\" data-end=\"723\">\n<p data-start=\"693\" data-end=\"723\"><strong data-start=\"693\" data-end=\"721\">\u041b\u0438\u043d\u0435\u0439\u043a\u0430 \u0434\u043b\u044f \u0438\u0437\u043c\u0435\u0440\u0435\u043d\u0438\u044f \u0440\u0430\u0437\u043c\u0435\u0440\u0430 \u0441\u043f\u0438\u0446<\/strong><\/p>\n<\/li>\n<li data-start=\"724\" data-end=\"748\">\n<p data-start=\"726\" data-end=\"748\"><strong data-start=\"726\" data-end=\"746\">2 \u0448\u0432\u0435\u0439\u043d\u044b\u0435 \u0438\u0433\u043b\u044b<\/strong><\/p>\n<\/li>\n<li data-start=\"749\" data-end=\"842\">\n<p data-start=\"751\" data-end=\"774\"><strong data-start=\"751\" data-end=\"772\">\u0421\u0438\u043d\u0438\u0435 \u043c\u0430\u0440\u043a\u0435\u0440\u044b:<\/strong><\/p>\n<ul data-start=\"777\" data-end=\"842\">\n<li data-start=\"777\" data-end=\"807\">\n<p data-start=\"779\" data-end=\"807\">10 \u0432 \u0444\u043e\u0440\u043c\u0435 \u0431\u0443\u043b\u0430\u0432\u043e\u043a<\/p>\n<\/li>\n<li data-start=\"810\" data-end=\"824\">\n<p data-start=\"812\" data-end=\"824\">10  \u0448\u0442 \"\u041a\u0440\u0443\u0433\"<\/p>\n<\/li>\n<li data-start=\"827\" data-end=\"842\">\n<p data-start=\"829\" data-end=\"842\">30 \u0448\u0442 '\u041a\u043e\u043b\u044c\u0446\u043e\"<\/p>\n<\/li>\n<\/ul>\n<\/li>\n<li data-start=\"843\" data-end=\"875\">\n<p data-start=\"845\" data-end=\"875\"><strong data-start=\"845\" data-end=\"873\">\u0422\u043a\u0430\u043d\u0435\u0432\u044b\u0439 \u0447\u0435\u0445\u043e\u043b \u0434\u043b\u044f \u0441\u043f\u0438\u0446<\/strong><\/p>\n<\/li>\n<li data-start=\"876\" data-end=\"918\">\n<p data-start=\"878\" data-end=\"918\"><strong data-start=\"878\" data-end=\"916\">\u041e\u0442\u0434\u0435\u043b\u044c\u043d\u0430\u044f \u0441\u0443\u043c\u043a\u0430 \u0434\u043b\u044f \u0445\u0440\u0430\u043d\u0435\u043d\u0438\u044f \u0430\u043a\u0441\u0435\u0441\u0441\u0443\u0430\u0440\u043e\u0432<\/strong><\/p>\n<\/li>\n<\/ul>\n<p data-start=\"1362\" data-end=\"1387\"><strong data-start=\"1362\" data-end=\"1377\">\u041f\u0440\u043e\u0438\u0437\u0432\u043e\u0434\u0438\u0442\u0435\u043b\u044c:<\/strong> KnitPro<\/p>\n<p data-start=\"1389\" data-end=\"1477\" data-is-last-node=\"\" data-is-only-node=\"\"><strong data-start=\"1389\" data-end=\"1401\">\u041f\u0440\u0438\u043c\u0435\u0447\u0430\u043d\u0438\u0435:<\/strong> \u0426\u0432\u0435\u0442\u043e\u0432\u044b\u0435 \u043e\u0442\u0442\u0435\u043d\u043a\u0438 \u043c\u043e\u0433\u0443\u0442 \u043d\u0435\u0437\u043d\u0430\u0447\u0438\u0442\u0435\u043b\u044c\u043d\u043e \u043e\u0442\u043b\u0438\u0447\u0430\u0442\u044c\u0441\u044f \u0432 \u0437\u0430\u0432\u0438\u0441\u0438\u043c\u043e\u0441\u0442\u0438 \u043e\u0442 \u044d\u043a\u0440\u0430\u043d\u0430 \u0432\u0430\u0448\u0435\u0433\u043e \u0443\u0441\u0442\u0440\u043e\u0439\u0441\u0442\u0432\u0430.<\/p>","protected":false},"excerpt":{"rendered":"<p>KnitPro The Mindful Collection prisukam\u0173j\u0173 virbal\u0173 rinkinys (13 cm) \u2013 tai pilnas ir harmoningas \u00a0mezgimo \u012franki\u0173 rinkinys, sukurtas su meile, kruop\u0161tumu ir \u201eMindful\u201c filosofijos dvasia. Rinkinys apjungia auk\u0161\u010diausi\u0105 kokyb\u0119, patogum\u0105 bei estetik\u0105 \u2013 idealus pasirinkimas tiek pradedan\u010diajai, tiek patyrusiai mezg\u0117jai. Kiekvienas \u201eMindful Collection\u201c serijos virbalas pagamintas i\u0161 auk\u0161tos kokyb\u0117s ner\u016bdijan\u010dio plieno, pasi\u017eymin\u010dio itin glotniu pavir\u0161iumi [&hellip;]<\/p>\n","protected":false},"featured_media":4937,"comment_status":"open","ping_status":"closed","template":"","meta":{"_acf_changed":false},"product_brand":[1069,1071],"product_cat":[15,19,861],"product_tag":[],"pro-kategorijos":[],"class_list":{"0":"post-4934","1":"product","2":"type-product","3":"status-publish","4":"has-post-thumbnail","6":"product_brand-knitpro","7":"product_brand-the-mindful-collection","8":"product_cat-visi-produktai","9":"product_cat-mezgimo-priemones","10":"product_cat-virbalu-rinkiniai","12":"first","13":"instock","14":"shipping-taxable","15":"purchasable","16":"product-type-simple"},"acf":[],"yoast_head":"<!-- This site is optimized with the Yoast SEO plugin v26.8 - https:\/\/yoast.com\/product\/yoast-seo-wordpress\/ -->\n<title>The Mindful Collection Gratitude prisukam\u0173 virbal\u0173 rinkinys 13 cm - Happyinaknit.com<\/title>\n<meta name=\"robots\" content=\"index, follow, max-snippet:-1, max-image-preview:large, max-video-preview:-1\" \/>\n<link rel=\"canonical\" href=\"https:\/\/happyinaknit.com\/ru\/product\/the-mindful-collection-gratitude-prisukamu-virbalu-rinkinys-13-cm\/\" \/>\n<meta property=\"og:locale\" content=\"ru_RU\" \/>\n<meta property=\"og:type\" content=\"article\" \/>\n<meta property=\"og:title\" content=\"The Mindful Collection Gratitude prisukam\u0173 virbal\u0173 rinkinys 13 cm - Happyinaknit.com\" \/>\n<meta property=\"og:description\" content=\"KnitPro The Mindful Collection prisukam\u0173j\u0173 virbal\u0173 rinkinys (13 cm) \u2013 tai pilnas ir harmoningas \u00a0mezgimo \u012franki\u0173 rinkinys, sukurtas su meile, kruop\u0161tumu ir \u201eMindful\u201c filosofijos dvasia. Rinkinys apjungia auk\u0161\u010diausi\u0105 kokyb\u0119, patogum\u0105 bei estetik\u0105 \u2013 idealus pasirinkimas tiek pradedan\u010diajai, tiek patyrusiai mezg\u0117jai. Kiekvienas \u201eMindful Collection\u201c serijos virbalas pagamintas i\u0161 auk\u0161tos kokyb\u0117s ner\u016bdijan\u010dio plieno, pasi\u017eymin\u010dio itin glotniu pavir\u0161iumi [&hellip;]\" \/>\n<meta property=\"og:url\" content=\"https:\/\/happyinaknit.com\/ru\/product\/the-mindful-collection-gratitude-prisukamu-virbalu-rinkinys-13-cm\/\" \/>\n<meta property=\"og:site_name\" content=\"Happyinaknit.com\" \/>\n<meta property=\"article:modified_time\" content=\"2025-10-13T21:19:12+00:00\" \/>\n<meta property=\"og:image\" content=\"https:\/\/happyinaknit.com\/wp-content\/uploads\/2025\/10\/KnitPro_36301_The_Mindful_Collection_The_Gratitude_Set_Stainless_Steel_Interchangeable_Needles_13cm_cases.jpg.webp\" \/>\n\t<meta property=\"og:image:width\" content=\"1000\" \/>\n\t<meta property=\"og:image:height\" content=\"1000\" \/>\n\t<meta property=\"og:image:type\" content=\"image\/webp\" \/>\n<meta name=\"twitter:card\" content=\"summary_large_image\" \/>\n<meta name=\"twitter:label1\" content=\"\u041f\u0440\u0438\u043c\u0435\u0440\u043d\u043e\u0435 \u0432\u0440\u0435\u043c\u044f \u0434\u043b\u044f \u0447\u0442\u0435\u043d\u0438\u044f\" \/>\n\t<meta name=\"twitter:data1\" content=\"1 \u043c\u0438\u043d\u0443\u0442\u0430\" \/>\n<script type=\"application\/ld+json\" class=\"yoast-schema-graph\">{\"@context\":\"https:\/\/schema.org\",\"@graph\":[{\"@type\":\"WebPage\",\"@id\":\"https:\/\/happyinaknit.com\/produktas\/the-mindful-collection-gratitude-prisukamu-virbalu-rinkinys-13-cm\/\",\"url\":\"https:\/\/happyinaknit.com\/produktas\/the-mindful-collection-gratitude-prisukamu-virbalu-rinkinys-13-cm\/\",\"name\":\"The Mindful Collection Gratitude prisukam\u0173 virbal\u0173 rinkinys 13 cm - Happyinaknit.com\",\"isPartOf\":{\"@id\":\"https:\/\/happyinaknit.com\/lt\/#website\"},\"primaryImageOfPage\":{\"@id\":\"https:\/\/happyinaknit.com\/produktas\/the-mindful-collection-gratitude-prisukamu-virbalu-rinkinys-13-cm\/#primaryimage\"},\"image\":{\"@id\":\"https:\/\/happyinaknit.com\/produktas\/the-mindful-collection-gratitude-prisukamu-virbalu-rinkinys-13-cm\/#primaryimage\"},\"thumbnailUrl\":\"https:\/\/happyinaknit.com\/wp-content\/uploads\/2025\/10\/KnitPro_36301_The_Mindful_Collection_The_Gratitude_Set_Stainless_Steel_Interchangeable_Needles_13cm_cases.jpg.webp\",\"datePublished\":\"2025-10-13T21:17:10+00:00\",\"dateModified\":\"2025-10-13T21:19:12+00:00\",\"breadcrumb\":{\"@id\":\"https:\/\/happyinaknit.com\/produktas\/the-mindful-collection-gratitude-prisukamu-virbalu-rinkinys-13-cm\/#breadcrumb\"},\"inLanguage\":\"ru-RU\",\"potentialAction\":[{\"@type\":\"ReadAction\",\"target\":[\"https:\/\/happyinaknit.com\/produktas\/the-mindful-collection-gratitude-prisukamu-virbalu-rinkinys-13-cm\/\"]}]},{\"@type\":\"ImageObject\",\"inLanguage\":\"ru-RU\",\"@id\":\"https:\/\/happyinaknit.com\/produktas\/the-mindful-collection-gratitude-prisukamu-virbalu-rinkinys-13-cm\/#primaryimage\",\"url\":\"https:\/\/happyinaknit.com\/wp-content\/uploads\/2025\/10\/KnitPro_36301_The_Mindful_Collection_The_Gratitude_Set_Stainless_Steel_Interchangeable_Needles_13cm_cases.jpg.webp\",\"contentUrl\":\"https:\/\/happyinaknit.com\/wp-content\/uploads\/2025\/10\/KnitPro_36301_The_Mindful_Collection_The_Gratitude_Set_Stainless_Steel_Interchangeable_Needles_13cm_cases.jpg.webp\",\"width\":1000,\"height\":1000},{\"@type\":\"BreadcrumbList\",\"@id\":\"https:\/\/happyinaknit.com\/produktas\/the-mindful-collection-gratitude-prisukamu-virbalu-rinkinys-13-cm\/#breadcrumb\",\"itemListElement\":[{\"@type\":\"ListItem\",\"position\":1,\"name\":\"Home\",\"item\":\"https:\/\/happyinaknit.com\/lt\/\"},{\"@type\":\"ListItem\",\"position\":2,\"name\":\"Parduotuv\u0117\",\"item\":\"https:\/\/happyinaknit.com\/lt\/parduotuve\/\"},{\"@type\":\"ListItem\",\"position\":3,\"name\":\"The Mindful Collection Gratitude prisukam\u0173 virbal\u0173 rinkinys 13 cm\"}]},{\"@type\":\"WebSite\",\"@id\":\"https:\/\/happyinaknit.com\/lt\/#website\",\"url\":\"https:\/\/happyinaknit.com\/lt\/\",\"name\":\"Happyinaknit.com\",\"description\":\"\",\"potentialAction\":[{\"@type\":\"SearchAction\",\"target\":{\"@type\":\"EntryPoint\",\"urlTemplate\":\"https:\/\/happyinaknit.com\/lt\/?s={search_term_string}\"},\"query-input\":{\"@type\":\"PropertyValueSpecification\",\"valueRequired\":true,\"valueName\":\"search_term_string\"}}],\"inLanguage\":\"ru-RU\"}]}<\/script>\n<!-- \/ Yoast SEO plugin. -->","yoast_head_json":{"title":"The Mindful Collection Gratitude prisukam\u0173 virbal\u0173 rinkinys 13 cm - Happyinaknit.com","robots":{"index":"index","follow":"follow","max-snippet":"max-snippet:-1","max-image-preview":"max-image-preview:large","max-video-preview":"max-video-preview:-1"},"canonical":"https:\/\/happyinaknit.com\/ru\/product\/the-mindful-collection-gratitude-prisukamu-virbalu-rinkinys-13-cm\/","og_locale":"ru_RU","og_type":"article","og_title":"The Mindful Collection Gratitude prisukam\u0173 virbal\u0173 rinkinys 13 cm - Happyinaknit.com","og_description":"KnitPro The Mindful Collection prisukam\u0173j\u0173 virbal\u0173 rinkinys (13 cm) \u2013 tai pilnas ir harmoningas \u00a0mezgimo \u012franki\u0173 rinkinys, sukurtas su meile, kruop\u0161tumu ir \u201eMindful\u201c filosofijos dvasia. Rinkinys apjungia auk\u0161\u010diausi\u0105 kokyb\u0119, patogum\u0105 bei estetik\u0105 \u2013 idealus pasirinkimas tiek pradedan\u010diajai, tiek patyrusiai mezg\u0117jai. Kiekvienas \u201eMindful Collection\u201c serijos virbalas pagamintas i\u0161 auk\u0161tos kokyb\u0117s ner\u016bdijan\u010dio plieno, pasi\u017eymin\u010dio itin glotniu pavir\u0161iumi [&hellip;]","og_url":"https:\/\/happyinaknit.com\/ru\/product\/the-mindful-collection-gratitude-prisukamu-virbalu-rinkinys-13-cm\/","og_site_name":"Happyinaknit.com","article_modified_time":"2025-10-13T21:19:12+00:00","og_image":[{"width":1000,"height":1000,"url":"https:\/\/happyinaknit.com\/wp-content\/uploads\/2025\/10\/KnitPro_36301_The_Mindful_Collection_The_Gratitude_Set_Stainless_Steel_Interchangeable_Needles_13cm_cases.jpg.webp","type":"image\/webp"}],"twitter_card":"summary_large_image","twitter_misc":{"\u041f\u0440\u0438\u043c\u0435\u0440\u043d\u043e\u0435 \u0432\u0440\u0435\u043c\u044f \u0434\u043b\u044f \u0447\u0442\u0435\u043d\u0438\u044f":"1 \u043c\u0438\u043d\u0443\u0442\u0430"},"schema":{"@context":"https:\/\/schema.org","@graph":[{"@type":"WebPage","@id":"https:\/\/happyinaknit.com\/produktas\/the-mindful-collection-gratitude-prisukamu-virbalu-rinkinys-13-cm\/","url":"https:\/\/happyinaknit.com\/produktas\/the-mindful-collection-gratitude-prisukamu-virbalu-rinkinys-13-cm\/","name":"The Mindful Collection Gratitude prisukam\u0173 virbal\u0173 rinkinys 13 cm - Happyinaknit.com","isPartOf":{"@id":"https:\/\/happyinaknit.com\/lt\/#website"},"primaryImageOfPage":{"@id":"https:\/\/happyinaknit.com\/produktas\/the-mindful-collection-gratitude-prisukamu-virbalu-rinkinys-13-cm\/#primaryimage"},"image":{"@id":"https:\/\/happyinaknit.com\/produktas\/the-mindful-collection-gratitude-prisukamu-virbalu-rinkinys-13-cm\/#primaryimage"},"thumbnailUrl":"https:\/\/happyinaknit.com\/wp-content\/uploads\/2025\/10\/KnitPro_36301_The_Mindful_Collection_The_Gratitude_Set_Stainless_Steel_Interchangeable_Needles_13cm_cases.jpg.webp","datePublished":"2025-10-13T21:17:10+00:00","dateModified":"2025-10-13T21:19:12+00:00","breadcrumb":{"@id":"https:\/\/happyinaknit.com\/produktas\/the-mindful-collection-gratitude-prisukamu-virbalu-rinkinys-13-cm\/#breadcrumb"},"inLanguage":"ru-RU","potentialAction":[{"@type":"ReadAction","target":["https:\/\/happyinaknit.com\/produktas\/the-mindful-collection-gratitude-prisukamu-virbalu-rinkinys-13-cm\/"]}]},{"@type":"ImageObject","inLanguage":"ru-RU","@id":"https:\/\/happyinaknit.com\/produktas\/the-mindful-collection-gratitude-prisukamu-virbalu-rinkinys-13-cm\/#primaryimage","url":"https:\/\/happyinaknit.com\/wp-content\/uploads\/2025\/10\/KnitPro_36301_The_Mindful_Collection_The_Gratitude_Set_Stainless_Steel_Interchangeable_Needles_13cm_cases.jpg.webp","contentUrl":"https:\/\/happyinaknit.com\/wp-content\/uploads\/2025\/10\/KnitPro_36301_The_Mindful_Collection_The_Gratitude_Set_Stainless_Steel_Interchangeable_Needles_13cm_cases.jpg.webp","width":1000,"height":1000},{"@type":"BreadcrumbList","@id":"https:\/\/happyinaknit.com\/produktas\/the-mindful-collection-gratitude-prisukamu-virbalu-rinkinys-13-cm\/#breadcrumb","itemListElement":[{"@type":"ListItem","position":1,"name":"Home","item":"https:\/\/happyinaknit.com\/lt\/"},{"@type":"ListItem","position":2,"name":"Parduotuv\u0117","item":"https:\/\/happyinaknit.com\/lt\/parduotuve\/"},{"@type":"ListItem","position":3,"name":"The Mindful Collection Gratitude prisukam\u0173 virbal\u0173 rinkinys 13 cm"}]},{"@type":"WebSite","@id":"https:\/\/happyinaknit.com\/lt\/#website","url":"https:\/\/happyinaknit.com\/lt\/","name":"Happyinaknit.com","description":"","potentialAction":[{"@type":"SearchAction","target":{"@type":"EntryPoint","urlTemplate":"https:\/\/happyinaknit.com\/lt\/?s={search_term_string}"},"query-input":{"@type":"PropertyValueSpecification","valueRequired":true,"valueName":"search_term_string"}}],"inLanguage":"ru-RU"}]}},"_links":{"self":[{"href":"https:\/\/happyinaknit.com\/ru\/wp-json\/wp\/v2\/product\/4934","targetHints":{"allow":["GET"]}}],"collection":[{"href":"https:\/\/happyinaknit.com\/ru\/wp-json\/wp\/v2\/product"}],"about":[{"href":"https:\/\/happyinaknit.com\/ru\/wp-json\/wp\/v2\/types\/product"}],"replies":[{"embeddable":true,"href":"https:\/\/happyinaknit.com\/ru\/wp-json\/wp\/v2\/comments?post=4934"}],"wp:featuredmedia":[{"embeddable":true,"href":"https:\/\/happyinaknit.com\/ru\/wp-json\/wp\/v2\/media\/4937"}],"wp:attachment":[{"href":"https:\/\/happyinaknit.com\/ru\/wp-json\/wp\/v2\/media?parent=4934"}],"wp:term":[{"taxonomy":"product_brand","embeddable":true,"href":"https:\/\/happyinaknit.com\/ru\/wp-json\/wp\/v2\/product_brand?post=4934"},{"taxonomy":"product_cat","embeddable":true,"href":"https:\/\/happyinaknit.com\/ru\/wp-json\/wp\/v2\/product_cat?post=4934"},{"taxonomy":"product_tag","embeddable":true,"href":"https:\/\/happyinaknit.com\/ru\/wp-json\/wp\/v2\/product_tag?post=4934"},{"taxonomy":"pro-kategorijos","embeddable":true,"href":"https:\/\/happyinaknit.com\/ru\/wp-json\/wp\/v2\/pro-kategorijos?post=4934"}],"curies":[{"name":"wp","href":"https:\/\/api.w.org\/{rel}","templated":true}]}}