{"id":4923,"date":"2025-10-13T20:54:44","date_gmt":"2025-10-13T20:54:44","guid":{"rendered":"https:\/\/happyinaknit.com\/?post_type=product&#038;p=4923"},"modified":"2025-10-13T22:31:04","modified_gmt":"2025-10-13T22:31:04","slug":"addi-click-hook-bamboo-prisukamu-vaseliu-rinkinys","status":"publish","type":"product","link":"https:\/\/happyinaknit.com\/ru\/product\/addi-click-hook-bamboo-prisukamu-vaseliu-rinkinys\/","title":{"rendered":"\u041d\u0430\u0431\u043e\u0440 \u0440\u0430\u0437\u044a\u0435\u043c\u043d\u044b\u0445 \u0431\u0430\u043c\u0431\u0443\u043a\u043e\u0432\u044b\u0445 \u043a\u0440\u044e\u0447\u043a\u043e\u0432 Addi Click Hook"},"content":{"rendered":"<p><strong data-start=\"0\" data-end=\"53\">\u041d\u0430\u0431\u043e\u0440 \u0440\u0430\u0437\u044a\u0435\u043c\u043d\u044b\u0445 \u0431\u0430\u043c\u0431\u0443\u043a\u043e\u0432\u044b\u0445 \u043a\u0440\u044e\u0447\u043a\u043e\u0432 Addi Click Hook<\/strong> \u2013 \u0443\u043d\u0438\u0432\u0435\u0440\u0441\u0430\u043b\u044c\u043d\u044b\u0439 \u0438 \u043f\u0440\u0430\u043a\u0442\u0438\u0447\u043d\u044b\u0439 \u0432\u044b\u0431\u043e\u0440 \u043a\u0430\u043a \u0434\u043b\u044f \u043b\u044e\u0431\u0438\u0442\u0435\u043b\u0435\u0439 \u0432\u044f\u0437\u0430\u043d\u0438\u044f \u043a\u0440\u044e\u0447\u043a\u043e\u043c, \u0442\u0430\u043a \u0438 \u0434\u043b\u044f \u043b\u044e\u0431\u0438\u0442\u0435\u043b\u0435\u0439 \u0441\u043f\u0438\u0446. \u042d\u0442\u043e\u0442 \u043d\u0430\u0431\u043e\u0440 \u0441\u0442\u0430\u043d\u0435\u0442 \u043e\u0442\u043b\u0438\u0447\u043d\u044b\u043c \u0434\u043e\u043f\u043e\u043b\u043d\u0435\u043d\u0438\u0435\u043c \u043a \u043b\u044e\u0431\u043e\u043c\u0443 \u043d\u0430\u0431\u043e\u0440\u0443 \u0441\u043f\u0438\u0446 Addi Click.<\/p>\n<p>\u042d\u0442\u043e \u0432\u044b\u0441\u043e\u043a\u043e\u043a\u0430\u0447\u0435\u0441\u0442\u0432\u0435\u043d\u043d\u044b\u0435 <strong data-start=\"456\" data-end=\"493\">\u0440\u0430\u0437\u044a\u0435\u043c\u043d\u044b\u0435 \u0431\u0430\u043c\u0431\u0443\u043a\u043e\u0432\u044b\u0435 \u043a\u0440\u044e\u0447\u043a\u0438<\/strong>, \u0438\u0437\u0433\u043e\u0442\u043e\u0432\u043b\u0435\u043d\u044b\u0435 \u0438\u0437 \u043d\u0430\u0442\u0443\u0440\u0430\u043b\u044c\u043d\u043e\u0433\u043e, \u043b\u0451\u0433\u043a\u043e\u0433\u043e \u0438 \u0442\u0451\u043f\u043b\u043e\u0433\u043e \u0431\u0430\u043c\u0431\u0443\u043a\u0430. \u042d\u0442\u043e\u0442 \u043a\u043e\u043c\u043f\u043b\u0435\u043a\u0442 \u0445\u043e\u0440\u043e\u0448\u043e \u0441\u043e\u0447\u0435\u0442\u0430\u0435\u0442\u0441\u044f \u0441 \u0434\u0440\u0443\u0433\u0438\u043c\u0438 \u0438\u043d\u0441\u0442\u0440\u0443\u043c\u0435\u043d\u0442\u0430\u043c\u0438 <strong data-start=\"581\" data-end=\"597\">Addi Click<\/strong> \u0441\u0435\u0440\u0438\u0438 \u2013 \u043a\u0440\u044e\u0447\u043e\u043a \u043c\u043e\u0436\u043d\u043e \u043a\u043e\u043c\u0431\u0438\u043d\u0438\u0440\u043e\u0432\u0430\u0442\u044c \u0441 \u043b\u044e\u0431\u044b\u043c\u0438 \u0441\u043f\u0438\u0446\u0430\u043c\u0438  \u0438\u043b\u0438 \u043b\u0435\u0441\u043a\u0430\u043c\u0438 \u0438\u0437 \u043b\u044e\u0431\u043e\u0433\u043e \u043d\u0430\u0431\u043e\u0440\u0430. \u0422\u0430\u043a\u0438\u043c \u043e\u0431\u0440\u0430\u0437\u043e\u043c, \u043a\u0440\u044e\u0447\u043e\u043a \u043f\u0440\u0435\u0432\u0440\u0430\u0449\u0430\u0435\u0442\u0441\u044f \u0432 <strong data-start=\"713\" data-end=\"741\">\u0438\u043d\u0441\u0442\u0440\u0443\u043c\u0435\u043d\u0442 \u0434\u043b\u044f \u0442\u0443\u043d\u0438\u0441\u0441\u043a\u043e\u0433\u043e \u0432\u044f\u0437\u0430\u043d\u0438\u044f \u043a\u0440\u044e\u0447\u043a\u043e\u043c<\/strong>, \u0438 \u043a\u043e\u043d\u0435\u0446 \u043b\u0435\u0441\u043a\u0438 \u043c\u043e\u0436\u043d\u043e \u0437\u0430\u0444\u0438\u043a\u0441\u0438\u0440\u043e\u0432\u0430\u0442\u044c <strong data-start=\"782\" data-end=\"794\">\u0441\u0442\u043e\u043f\u043f\u0435\u0440\u043e\u043c,<\/strong>\u0447\u0442\u043e\u0431\u044b \u043f\u0440\u044f\u0436\u0430 \u043d\u0435 \u0441\u043e\u0441\u043a\u0430\u043b\u044c\u0437\u044b\u0432\u0430\u043b\u0430.<\/p>\n<p data-start=\"216\" data-end=\"236\"><strong data-start=\"216\" data-end=\"234\">\u0412 \u043a\u043e\u043c\u043f\u043b\u0435\u043a\u0442 \u0432\u0445\u043e\u0434\u0438\u0442:<\/strong><\/p>\n<ul data-start=\"237\" data-end=\"390\">\n<li data-start=\"237\" data-end=\"339\">\n<p data-start=\"239\" data-end=\"339\"><strong data-start=\"239\" data-end=\"267\">8 \u0432\u0438\u043d\u0442\u043e\u0432\u044b\u0445 \u043a\u0440\u044e\u0447\u043a\u043e\u0432:<\/strong> 3,5 \u043c\u043c 4,0 \u043c\u043c 4,5 \u043c\u043c 5,0 \u043c\u043c 5,5 \u043c\u043c 6,0 \u043c\u043c 7,0 \u043c\u043c 8,0 \u043c\u043c<\/p>\n<\/li>\n<li data-start=\"237\" data-end=\"339\"><strong data-start=\"926\" data-end=\"939\">\u041c\u0430\u0442\u0435\u0440\u0438\u0430\u043b:<\/strong> \u0431\u0430\u043c\u0431\u0443\u043a<\/li>\n<li data-start=\"340\" data-end=\"390\">\n<p data-start=\"342\" data-end=\"390\"><strong data-start=\"342\" data-end=\"360\">\u0423\u0434\u043e\u0431\u043d\u044b\u0439 \u0447\u0435\u0445\u043e\u043b<\/strong> \u0434\u043b\u044f \u0445\u0440\u0430\u043d\u0435\u043d\u0438\u044f \u0438 \u0442\u0440\u0430\u043d\u0441\u043f\u043e\u0440\u0442\u0438\u0440\u043e\u0432\u043a\u0438<\/p>\n<\/li>\n<\/ul>\n<p data-start=\"952\" data-end=\"1040\" data-is-last-node=\"\" data-is-only-node=\"\"><strong data-start=\"952\" data-end=\"964\">\u041f\u0440\u0438\u043c\u0435\u0447\u0430\u043d\u0438\u0435:<\/strong> \u0426\u0432\u0435\u0442\u043e\u0432\u044b\u0435 \u043e\u0442\u0442\u0435\u043d\u043a\u0438 \u043c\u043e\u0433\u0443\u0442 \u043d\u0435\u0437\u043d\u0430\u0447\u0438\u0442\u0435\u043b\u044c\u043d\u043e \u043e\u0442\u043b\u0438\u0447\u0430\u0442\u044c\u0441\u044f \u0432 \u0437\u0430\u0432\u0438\u0441\u0438\u043c\u043e\u0441\u0442\u0438 \u043e\u0442 \u044d\u043a\u0440\u0430\u043d\u0430 \u0432\u0430\u0448\u0435\u0433\u043e \u0443\u0441\u0442\u0440\u043e\u0439\u0441\u0442\u0432\u0430.<\/p>","protected":false},"excerpt":{"rendered":"<p>Addi Click Hook Bamboo prisukam\u0173 v\u0105\u0161eli\u0173 rinkinys \u2013 universalus ir prakti\u0161kas pasirinkimas tiek v\u0105\u0161elio, tiek virbal\u0173 m\u0117g\u0117jams. \u0160is rinkinys taps puikiu papildymu prie bet kurio \u201eAddi Click\u201c virbal\u0173 rinkinio. Tai auk\u0161tos kokyb\u0117s bambukiniai prisukamieji v\u0105\u0161eliai, pagaminti i\u0161 nat\u016bralaus, lengvo ir \u0161ilto bambuko. \u0160is rinkinys puikiai dera su kitais \u201eAddi Click\u201c serijos produktais \u2013 galite sujungti [&hellip;]<\/p>\n","protected":false},"featured_media":4925,"comment_status":"open","ping_status":"closed","template":"","meta":{"_acf_changed":false},"product_brand":[786],"product_cat":[15,182,19,788],"product_tag":[33],"pro-kategorijos":[],"class_list":{"0":"post-4923","1":"product","2":"type-product","3":"status-publish","4":"has-post-thumbnail","6":"product_brand-addi","7":"product_cat-visi-produktai","8":"product_cat-ispardavimas","9":"product_cat-mezgimo-priemones","10":"product_cat-vaseliu-rinkiniai","11":"product_tag-ispardavimas","13":"first","14":"instock","15":"sale","16":"shipping-taxable","17":"purchasable","18":"product-type-simple"},"acf":[],"yoast_head":"<!-- This site is optimized with the Yoast SEO plugin v26.8 - https:\/\/yoast.com\/product\/yoast-seo-wordpress\/ -->\n<title>Addi Click Hook Bamboo prisukam\u0173 v\u0105\u0161eli\u0173 rinkinys - Happyinaknit.com<\/title>\n<meta name=\"robots\" content=\"index, follow, max-snippet:-1, max-image-preview:large, max-video-preview:-1\" \/>\n<link rel=\"canonical\" href=\"https:\/\/happyinaknit.com\/ru\/product\/addi-click-hook-bamboo-prisukamu-vaseliu-rinkinys\/\" \/>\n<meta property=\"og:locale\" content=\"ru_RU\" \/>\n<meta property=\"og:type\" content=\"article\" \/>\n<meta property=\"og:title\" content=\"Addi Click Hook Bamboo prisukam\u0173 v\u0105\u0161eli\u0173 rinkinys - Happyinaknit.com\" \/>\n<meta property=\"og:description\" content=\"Addi Click Hook Bamboo prisukam\u0173 v\u0105\u0161eli\u0173 rinkinys \u2013 universalus ir prakti\u0161kas pasirinkimas tiek v\u0105\u0161elio, tiek virbal\u0173 m\u0117g\u0117jams. \u0160is rinkinys taps puikiu papildymu prie bet kurio \u201eAddi Click\u201c virbal\u0173 rinkinio. Tai auk\u0161tos kokyb\u0117s bambukiniai prisukamieji v\u0105\u0161eliai, pagaminti i\u0161 nat\u016bralaus, lengvo ir \u0161ilto bambuko. \u0160is rinkinys puikiai dera su kitais \u201eAddi Click\u201c serijos produktais \u2013 galite sujungti [&hellip;]\" \/>\n<meta property=\"og:url\" content=\"https:\/\/happyinaknit.com\/ru\/product\/addi-click-hook-bamboo-prisukamu-vaseliu-rinkinys\/\" \/>\n<meta property=\"og:site_name\" content=\"Happyinaknit.com\" \/>\n<meta property=\"article:modified_time\" content=\"2025-10-13T22:31:04+00:00\" \/>\n<meta property=\"og:image\" content=\"https:\/\/happyinaknit.com\/wp-content\/uploads\/2025\/10\/IMG_9687.jpg\" \/>\n\t<meta property=\"og:image:width\" content=\"1320\" \/>\n\t<meta property=\"og:image:height\" content=\"1286\" \/>\n\t<meta property=\"og:image:type\" content=\"image\/jpeg\" \/>\n<meta name=\"twitter:card\" content=\"summary_large_image\" \/>\n<meta name=\"twitter:label1\" content=\"\u041f\u0440\u0438\u043c\u0435\u0440\u043d\u043e\u0435 \u0432\u0440\u0435\u043c\u044f \u0434\u043b\u044f \u0447\u0442\u0435\u043d\u0438\u044f\" \/>\n\t<meta name=\"twitter:data1\" content=\"1 \u043c\u0438\u043d\u0443\u0442\u0430\" \/>\n<script type=\"application\/ld+json\" class=\"yoast-schema-graph\">{\"@context\":\"https:\/\/schema.org\",\"@graph\":[{\"@type\":\"WebPage\",\"@id\":\"https:\/\/happyinaknit.com\/produktas\/addi-click-hook-bamboo-prisukamu-vaseliu-rinkinys\/\",\"url\":\"https:\/\/happyinaknit.com\/produktas\/addi-click-hook-bamboo-prisukamu-vaseliu-rinkinys\/\",\"name\":\"Addi Click Hook Bamboo prisukam\u0173 v\u0105\u0161eli\u0173 rinkinys - Happyinaknit.com\",\"isPartOf\":{\"@id\":\"https:\/\/happyinaknit.com\/lt\/#website\"},\"primaryImageOfPage\":{\"@id\":\"https:\/\/happyinaknit.com\/produktas\/addi-click-hook-bamboo-prisukamu-vaseliu-rinkinys\/#primaryimage\"},\"image\":{\"@id\":\"https:\/\/happyinaknit.com\/produktas\/addi-click-hook-bamboo-prisukamu-vaseliu-rinkinys\/#primaryimage\"},\"thumbnailUrl\":\"https:\/\/happyinaknit.com\/wp-content\/uploads\/2025\/10\/IMG_9687.jpg\",\"datePublished\":\"2025-10-13T20:54:44+00:00\",\"dateModified\":\"2025-10-13T22:31:04+00:00\",\"breadcrumb\":{\"@id\":\"https:\/\/happyinaknit.com\/produktas\/addi-click-hook-bamboo-prisukamu-vaseliu-rinkinys\/#breadcrumb\"},\"inLanguage\":\"ru-RU\",\"potentialAction\":[{\"@type\":\"ReadAction\",\"target\":[\"https:\/\/happyinaknit.com\/produktas\/addi-click-hook-bamboo-prisukamu-vaseliu-rinkinys\/\"]}]},{\"@type\":\"ImageObject\",\"inLanguage\":\"ru-RU\",\"@id\":\"https:\/\/happyinaknit.com\/produktas\/addi-click-hook-bamboo-prisukamu-vaseliu-rinkinys\/#primaryimage\",\"url\":\"https:\/\/happyinaknit.com\/wp-content\/uploads\/2025\/10\/IMG_9687.jpg\",\"contentUrl\":\"https:\/\/happyinaknit.com\/wp-content\/uploads\/2025\/10\/IMG_9687.jpg\",\"width\":1320,\"height\":1286},{\"@type\":\"BreadcrumbList\",\"@id\":\"https:\/\/happyinaknit.com\/produktas\/addi-click-hook-bamboo-prisukamu-vaseliu-rinkinys\/#breadcrumb\",\"itemListElement\":[{\"@type\":\"ListItem\",\"position\":1,\"name\":\"Home\",\"item\":\"https:\/\/happyinaknit.com\/lt\/\"},{\"@type\":\"ListItem\",\"position\":2,\"name\":\"Parduotuv\u0117\",\"item\":\"https:\/\/happyinaknit.com\/lt\/parduotuve\/\"},{\"@type\":\"ListItem\",\"position\":3,\"name\":\"Addi Click Hook Bamboo prisukam\u0173 v\u0105\u0161eli\u0173 rinkinys\"}]},{\"@type\":\"WebSite\",\"@id\":\"https:\/\/happyinaknit.com\/lt\/#website\",\"url\":\"https:\/\/happyinaknit.com\/lt\/\",\"name\":\"Happyinaknit.com\",\"description\":\"\",\"potentialAction\":[{\"@type\":\"SearchAction\",\"target\":{\"@type\":\"EntryPoint\",\"urlTemplate\":\"https:\/\/happyinaknit.com\/lt\/?s={search_term_string}\"},\"query-input\":{\"@type\":\"PropertyValueSpecification\",\"valueRequired\":true,\"valueName\":\"search_term_string\"}}],\"inLanguage\":\"ru-RU\"}]}<\/script>\n<!-- \/ Yoast SEO plugin. -->","yoast_head_json":{"title":"Addi Click Hook Bamboo prisukam\u0173 v\u0105\u0161eli\u0173 rinkinys - Happyinaknit.com","robots":{"index":"index","follow":"follow","max-snippet":"max-snippet:-1","max-image-preview":"max-image-preview:large","max-video-preview":"max-video-preview:-1"},"canonical":"https:\/\/happyinaknit.com\/ru\/product\/addi-click-hook-bamboo-prisukamu-vaseliu-rinkinys\/","og_locale":"ru_RU","og_type":"article","og_title":"Addi Click Hook Bamboo prisukam\u0173 v\u0105\u0161eli\u0173 rinkinys - Happyinaknit.com","og_description":"Addi Click Hook Bamboo prisukam\u0173 v\u0105\u0161eli\u0173 rinkinys \u2013 universalus ir prakti\u0161kas pasirinkimas tiek v\u0105\u0161elio, tiek virbal\u0173 m\u0117g\u0117jams. \u0160is rinkinys taps puikiu papildymu prie bet kurio \u201eAddi Click\u201c virbal\u0173 rinkinio. Tai auk\u0161tos kokyb\u0117s bambukiniai prisukamieji v\u0105\u0161eliai, pagaminti i\u0161 nat\u016bralaus, lengvo ir \u0161ilto bambuko. \u0160is rinkinys puikiai dera su kitais \u201eAddi Click\u201c serijos produktais \u2013 galite sujungti [&hellip;]","og_url":"https:\/\/happyinaknit.com\/ru\/product\/addi-click-hook-bamboo-prisukamu-vaseliu-rinkinys\/","og_site_name":"Happyinaknit.com","article_modified_time":"2025-10-13T22:31:04+00:00","og_image":[{"width":1320,"height":1286,"url":"https:\/\/happyinaknit.com\/wp-content\/uploads\/2025\/10\/IMG_9687.jpg","type":"image\/jpeg"}],"twitter_card":"summary_large_image","twitter_misc":{"\u041f\u0440\u0438\u043c\u0435\u0440\u043d\u043e\u0435 \u0432\u0440\u0435\u043c\u044f \u0434\u043b\u044f \u0447\u0442\u0435\u043d\u0438\u044f":"1 \u043c\u0438\u043d\u0443\u0442\u0430"},"schema":{"@context":"https:\/\/schema.org","@graph":[{"@type":"WebPage","@id":"https:\/\/happyinaknit.com\/produktas\/addi-click-hook-bamboo-prisukamu-vaseliu-rinkinys\/","url":"https:\/\/happyinaknit.com\/produktas\/addi-click-hook-bamboo-prisukamu-vaseliu-rinkinys\/","name":"Addi Click Hook Bamboo prisukam\u0173 v\u0105\u0161eli\u0173 rinkinys - Happyinaknit.com","isPartOf":{"@id":"https:\/\/happyinaknit.com\/lt\/#website"},"primaryImageOfPage":{"@id":"https:\/\/happyinaknit.com\/produktas\/addi-click-hook-bamboo-prisukamu-vaseliu-rinkinys\/#primaryimage"},"image":{"@id":"https:\/\/happyinaknit.com\/produktas\/addi-click-hook-bamboo-prisukamu-vaseliu-rinkinys\/#primaryimage"},"thumbnailUrl":"https:\/\/happyinaknit.com\/wp-content\/uploads\/2025\/10\/IMG_9687.jpg","datePublished":"2025-10-13T20:54:44+00:00","dateModified":"2025-10-13T22:31:04+00:00","breadcrumb":{"@id":"https:\/\/happyinaknit.com\/produktas\/addi-click-hook-bamboo-prisukamu-vaseliu-rinkinys\/#breadcrumb"},"inLanguage":"ru-RU","potentialAction":[{"@type":"ReadAction","target":["https:\/\/happyinaknit.com\/produktas\/addi-click-hook-bamboo-prisukamu-vaseliu-rinkinys\/"]}]},{"@type":"ImageObject","inLanguage":"ru-RU","@id":"https:\/\/happyinaknit.com\/produktas\/addi-click-hook-bamboo-prisukamu-vaseliu-rinkinys\/#primaryimage","url":"https:\/\/happyinaknit.com\/wp-content\/uploads\/2025\/10\/IMG_9687.jpg","contentUrl":"https:\/\/happyinaknit.com\/wp-content\/uploads\/2025\/10\/IMG_9687.jpg","width":1320,"height":1286},{"@type":"BreadcrumbList","@id":"https:\/\/happyinaknit.com\/produktas\/addi-click-hook-bamboo-prisukamu-vaseliu-rinkinys\/#breadcrumb","itemListElement":[{"@type":"ListItem","position":1,"name":"Home","item":"https:\/\/happyinaknit.com\/lt\/"},{"@type":"ListItem","position":2,"name":"Parduotuv\u0117","item":"https:\/\/happyinaknit.com\/lt\/parduotuve\/"},{"@type":"ListItem","position":3,"name":"Addi Click Hook Bamboo prisukam\u0173 v\u0105\u0161eli\u0173 rinkinys"}]},{"@type":"WebSite","@id":"https:\/\/happyinaknit.com\/lt\/#website","url":"https:\/\/happyinaknit.com\/lt\/","name":"Happyinaknit.com","description":"","potentialAction":[{"@type":"SearchAction","target":{"@type":"EntryPoint","urlTemplate":"https:\/\/happyinaknit.com\/lt\/?s={search_term_string}"},"query-input":{"@type":"PropertyValueSpecification","valueRequired":true,"valueName":"search_term_string"}}],"inLanguage":"ru-RU"}]}},"_links":{"self":[{"href":"https:\/\/happyinaknit.com\/ru\/wp-json\/wp\/v2\/product\/4923","targetHints":{"allow":["GET"]}}],"collection":[{"href":"https:\/\/happyinaknit.com\/ru\/wp-json\/wp\/v2\/product"}],"about":[{"href":"https:\/\/happyinaknit.com\/ru\/wp-json\/wp\/v2\/types\/product"}],"replies":[{"embeddable":true,"href":"https:\/\/happyinaknit.com\/ru\/wp-json\/wp\/v2\/comments?post=4923"}],"wp:featuredmedia":[{"embeddable":true,"href":"https:\/\/happyinaknit.com\/ru\/wp-json\/wp\/v2\/media\/4925"}],"wp:attachment":[{"href":"https:\/\/happyinaknit.com\/ru\/wp-json\/wp\/v2\/media?parent=4923"}],"wp:term":[{"taxonomy":"product_brand","embeddable":true,"href":"https:\/\/happyinaknit.com\/ru\/wp-json\/wp\/v2\/product_brand?post=4923"},{"taxonomy":"product_cat","embeddable":true,"href":"https:\/\/happyinaknit.com\/ru\/wp-json\/wp\/v2\/product_cat?post=4923"},{"taxonomy":"product_tag","embeddable":true,"href":"https:\/\/happyinaknit.com\/ru\/wp-json\/wp\/v2\/product_tag?post=4923"},{"taxonomy":"pro-kategorijos","embeddable":true,"href":"https:\/\/happyinaknit.com\/ru\/wp-json\/wp\/v2\/pro-kategorijos?post=4923"}],"curies":[{"name":"wp","href":"https:\/\/api.w.org\/{rel}","templated":true}]}}