{"id":4919,"date":"2025-10-13T20:42:56","date_gmt":"2025-10-13T20:42:56","guid":{"rendered":"https:\/\/happyinaknit.com\/?post_type=product&#038;p=4919"},"modified":"2025-10-13T20:43:59","modified_gmt":"2025-10-13T20:43:59","slug":"addi-click-basic-prisukamu-virbalu-rinkinys","status":"publish","type":"product","link":"https:\/\/happyinaknit.com\/ru\/product\/addi-click-basic-prisukamu-virbalu-rinkinys\/","title":{"rendered":"\u041d\u0430\u0431\u043e\u0440 \u0440\u0430\u0437\u044a\u0435\u043c\u043d\u044b\u0445 \u0441\u043f\u0438\u0446 Addi Click Basic"},"content":{"rendered":"<p data-start=\"0\" data-end=\"232\"><strong data-start=\"0\" data-end=\"59\">\u041d\u0430\u0431\u043e\u0440 \u0441\u043f\u0438\u0446 Addi Click Basic \u0441 \u0440\u0430\u0437\u044a\u0435\u043c\u043d\u044b\u043c\u0438 \u0441\u043f\u0438\u0446\u0430\u043c\u0438  (12,5 \u0441\u043c)<\/strong> \u2013 \u043a\u043b\u0430\u0441\u0441\u0438\u0447\u0435\u0441\u043a\u0438\u0439 \u043d\u0430\u0431\u043e\u0440 \u0438\u0437 \u0441\u0435\u0440\u0438\u0438 Addi, \u0441\u043e\u0447\u0435\u0442\u0430\u044e\u0449\u0438\u0439 \u0432 \u0441\u0435\u0431\u0435 \u043d\u0435\u043c\u0435\u0446\u043a\u043e\u0435 \u043a\u0430\u0447\u0435\u0441\u0442\u0432\u043e, \u0434\u043e\u043b\u0433\u043e\u0432\u0435\u0447\u043d\u043e\u0441\u0442\u044c \u0438 \u0443\u0434\u043e\u0431\u0441\u0442\u0432\u043e. \u041e\u0442\u043b\u0438\u0447\u043d\u044b\u0439 \u0432\u044b\u0431\u043e\u0440 \u043a\u0430\u043a \u0434\u043b\u044f \u043d\u0430\u0447\u0438\u043d\u0430\u044e\u0449\u0438\u0445, \u0442\u0430\u043a \u0438 \u0434\u043b\u044f \u043e\u043f\u044b\u0442\u043d\u044b\u0445 \u0432\u044f\u0437\u0430\u043b\u044c\u0449\u0438\u0446. \u042d\u0442\u043e \u0443\u043d\u0438\u0432\u0435\u0440\u0441\u0430\u043b\u044c\u043d\u044b\u0439 \u043d\u0430\u0431\u043e\u0440, \u043f\u043e\u0437\u0432\u043e\u043b\u044f\u044e\u0449\u0438\u0439 \u043b\u0435\u0433\u043a\u043e \u043c\u0435\u043d\u044f\u0442\u044c \u0440\u0430\u0437\u043c\u0435\u0440 \u0441\u043f\u0438\u0446 \u0438 \u0434\u043b\u0438\u043d\u0443 \u043b\u0435\u0441\u043a\u0438 \u0432 \u0437\u0430\u0432\u0438\u0441\u0438\u043c\u043e\u0441\u0442\u0438 \u043e\u0442 \u043f\u0440\u043e\u0435\u043a\u0442\u0430. \u0421\u043f\u0438\u0446\u044b \u0438\u0437\u0433\u043e\u0442\u043e\u0432\u043b\u0435\u043d\u044b \u0438\u0437 \u0432\u044b\u0441\u043e\u043a\u043e\u043a\u0430\u0447\u0435\u0441\u0442\u0432\u0435\u043d\u043d\u043e\u0433\u043e \u043c\u0435\u0442\u0430\u043b\u043b\u0430, \u0431\u043b\u0430\u0433\u043e\u0434\u0430\u0440\u044f \u0447\u0435\u043c\u0443 \u043d\u0438\u0442\u044c \u0441\u043a\u043e\u043b\u044c\u0437\u0438\u0442 \u0440\u0430\u0432\u043d\u043e\u043c\u0435\u0440\u043d\u043e, \u0430 \u0432\u044f\u0437\u0430\u043d\u0438\u0435 \u0434\u043e\u0441\u0442\u0430\u0432\u043b\u044f\u0435\u0442 \u043e\u0433\u0440\u043e\u043c\u043d\u043e\u0435 \u0443\u0434\u043e\u0432\u043e\u043b\u044c\u0441\u0442\u0432\u0438\u0435. \u041d\u0430\u0434\u0451\u0436\u043d\u0430\u044f \u0441\u0438\u0441\u0442\u0435\u043c\u0430 \u0441\u043e\u0435\u0434\u0438\u043d\u0435\u043d\u0438\u044f Click \u043e\u0431\u0435\u0441\u043f\u0435\u0447\u0438\u0432\u0430\u0435\u0442 \u043f\u0440\u043e\u0447\u043d\u043e\u0435 \u0438 \u043d\u0430\u0434\u0451\u0436\u043d\u043e\u0435 \u0441\u043e\u0435\u0434\u0438\u043d\u0435\u043d\u0438\u0435 \u0431\u0435\u0437 \u0438\u0441\u043f\u043e\u043b\u044c\u0437\u043e\u0432\u0430\u043d\u0438\u044f \u0438\u043d\u0441\u0442\u0440\u0443\u043c\u0435\u043d\u0442\u043e\u0432.<\/p>\n<p data-start=\"234\" data-end=\"254\"><strong data-start=\"234\" data-end=\"252\">\u0412 \u043a\u043e\u043c\u043f\u043b\u0435\u043a\u0442 \u0432\u0445\u043e\u0434\u0438\u0442:<\/strong><\/p>\n<ul data-start=\"255\" data-end=\"521\">\n<li data-start=\"255\" data-end=\"400\">\n<p data-start=\"257\" data-end=\"400\"><strong data-start=\"257\" data-end=\"288\">10 \u043f\u0430\u0440 \u0440\u0430\u0437\u044a\u0435\u043c\u043d\u044b\u0445 \u0441\u043f\u0438\u0446<\/strong> (\u0434\u043b\u0438\u043d\u0430 12,5 \u0441\u043c):<br data-start=\"305\" data-end=\"308\" \/>3,5 \u043c\u043c 4,0 \u043c\u043c 4,5 \u043c\u043c 5,0 \u043c\u043c 5,5 \u043c\u043c 6,0 \u043c\u043c 7,0 \u043c\u043c 8,0 \u043c\u043c 9,0 \u043c\u043c 10,0 \u043c\u043c<\/p>\n<\/li>\n<li data-start=\"401\" data-end=\"440\">\n<p data-start=\"403\" data-end=\"440\"><strong data-start=\"403\" data-end=\"415\">3 \u043b\u0435\u0441\u043a\u0438:<\/strong> 60\u0441\u043c \u00b7 80\u0441\u043c \u00b7 100\u0441\u043c<\/p>\n<\/li>\n<li data-start=\"441\" data-end=\"521\">\n<p data-start=\"443\" data-end=\"521\"><strong data-start=\"443\" data-end=\"464\">\u041a\u043e\u043d\u043d\u0435\u043a\u0442\u043e\u0440<\/strong>, \u043f\u043e\u0437\u0432\u043e\u043b\u044f\u044e\u0449\u0438\u0439 \u0441\u043e\u0435\u0434\u0438\u043d\u0438\u0442\u044c \u0434\u0432\u0435 \u043b\u0435\u0441\u043a\u0438 \u0438 \u0434\u043e\u0431\u0438\u0442\u044c\u0441\u044f \u0431\u043e\u043b\u044c\u0448\u0435\u0439 \u0434\u043b\u0438\u043d\u044b<\/p>\n<\/li>\n<\/ul>\n<p data-start=\"523\" data-end=\"546\"><strong data-start=\"523\" data-end=\"536\">\u041c\u0430\u0442\u0435\u0440\u0438\u0430\u043b:<\/strong> \u043c\u0435\u0442\u0430\u043b\u043b<\/p>\n<p data-start=\"879\" data-end=\"967\" data-is-last-node=\"\" data-is-only-node=\"\"><strong data-start=\"879\" data-end=\"891\">\u041f\u0440\u0438\u043c\u0435\u0447\u0430\u043d\u0438\u0435:<\/strong> \u0426\u0432\u0435\u0442\u043e\u0432\u044b\u0435 \u043e\u0442\u0442\u0435\u043d\u043a\u0438 \u043c\u043e\u0433\u0443\u0442 \u043d\u0435\u0437\u043d\u0430\u0447\u0438\u0442\u0435\u043b\u044c\u043d\u043e \u043e\u0442\u043b\u0438\u0447\u0430\u0442\u044c\u0441\u044f \u0432 \u0437\u0430\u0432\u0438\u0441\u0438\u043c\u043e\u0441\u0442\u0438 \u043e\u0442 \u044d\u043a\u0440\u0430\u043d\u0430 \u0432\u0430\u0448\u0435\u0433\u043e \u0443\u0441\u0442\u0440\u043e\u0439\u0441\u0442\u0432\u0430.<\/p>","protected":false},"excerpt":{"rendered":"<p>Addi Click Basic prisukam\u0173j\u0173 virbal\u0173 rinkinys (12,5 cm) \u2013 klasikinis \u201eAddi\u201c serijos rinkinys, kuris sujungia voki\u0161k\u0105 kokyb\u0119, ilgaam\u017ei\u0161kum\u0105 ir patogum\u0105. Tai puikus pasirinkimas tiek pradedantiesiems, tiek patyrusiems mezg\u0117jams. \u00a0Tai universalus rinkinys, leid\u017eiantis lengvai keisti virbal\u0173 dyd\u017eius ir val\u0173 ilg\u012f pagal projekt\u0105. Virbalai pagaminti i\u0161 auk\u0161tos kokyb\u0117s metalo, tod\u0117l si\u016blai tolygiai slysta, o mezgimas yra itin [&hellip;]<\/p>\n","protected":false},"featured_media":4921,"comment_status":"open","ping_status":"closed","template":"","meta":{"_acf_changed":false},"product_brand":[786],"product_cat":[15,182,19,861],"product_tag":[33],"pro-kategorijos":[],"class_list":{"0":"post-4919","1":"product","2":"type-product","3":"status-publish","4":"has-post-thumbnail","6":"product_brand-addi","7":"product_cat-visi-produktai","8":"product_cat-ispardavimas","9":"product_cat-mezgimo-priemones","10":"product_cat-virbalu-rinkiniai","11":"product_tag-ispardavimas","13":"first","14":"instock","15":"sale","16":"shipping-taxable","17":"purchasable","18":"product-type-simple"},"acf":[],"yoast_head":"<!-- This site is optimized with the Yoast SEO plugin v26.8 - https:\/\/yoast.com\/product\/yoast-seo-wordpress\/ -->\n<title>Addi Click Basic prisukam\u0173 virbal\u0173 rinkinys - Happyinaknit.com<\/title>\n<meta name=\"robots\" content=\"index, follow, max-snippet:-1, max-image-preview:large, max-video-preview:-1\" \/>\n<link rel=\"canonical\" href=\"https:\/\/happyinaknit.com\/ru\/product\/addi-click-basic-prisukamu-virbalu-rinkinys\/\" \/>\n<meta property=\"og:locale\" content=\"ru_RU\" \/>\n<meta property=\"og:type\" content=\"article\" \/>\n<meta property=\"og:title\" content=\"Addi Click Basic prisukam\u0173 virbal\u0173 rinkinys - Happyinaknit.com\" \/>\n<meta property=\"og:description\" content=\"Addi Click Basic prisukam\u0173j\u0173 virbal\u0173 rinkinys (12,5 cm) \u2013 klasikinis \u201eAddi\u201c serijos rinkinys, kuris sujungia voki\u0161k\u0105 kokyb\u0119, ilgaam\u017ei\u0161kum\u0105 ir patogum\u0105. Tai puikus pasirinkimas tiek pradedantiesiems, tiek patyrusiems mezg\u0117jams. \u00a0Tai universalus rinkinys, leid\u017eiantis lengvai keisti virbal\u0173 dyd\u017eius ir val\u0173 ilg\u012f pagal projekt\u0105. Virbalai pagaminti i\u0161 auk\u0161tos kokyb\u0117s metalo, tod\u0117l si\u016blai tolygiai slysta, o mezgimas yra itin [&hellip;]\" \/>\n<meta property=\"og:url\" content=\"https:\/\/happyinaknit.com\/ru\/product\/addi-click-basic-prisukamu-virbalu-rinkinys\/\" \/>\n<meta property=\"og:site_name\" content=\"Happyinaknit.com\" \/>\n<meta property=\"article:modified_time\" content=\"2025-10-13T20:43:59+00:00\" \/>\n<meta property=\"og:image\" content=\"https:\/\/happyinaknit.com\/wp-content\/uploads\/2025\/10\/IMG_9684-2.png\" \/>\n\t<meta property=\"og:image:width\" content=\"1200\" \/>\n\t<meta property=\"og:image:height\" content=\"1200\" \/>\n\t<meta property=\"og:image:type\" content=\"image\/png\" \/>\n<meta name=\"twitter:card\" content=\"summary_large_image\" \/>\n<meta name=\"twitter:label1\" content=\"\u041f\u0440\u0438\u043c\u0435\u0440\u043d\u043e\u0435 \u0432\u0440\u0435\u043c\u044f \u0434\u043b\u044f \u0447\u0442\u0435\u043d\u0438\u044f\" \/>\n\t<meta name=\"twitter:data1\" content=\"1 \u043c\u0438\u043d\u0443\u0442\u0430\" \/>\n<script type=\"application\/ld+json\" class=\"yoast-schema-graph\">{\"@context\":\"https:\/\/schema.org\",\"@graph\":[{\"@type\":\"WebPage\",\"@id\":\"https:\/\/happyinaknit.com\/produktas\/addi-click-basic-prisukamu-virbalu-rinkinys\/\",\"url\":\"https:\/\/happyinaknit.com\/produktas\/addi-click-basic-prisukamu-virbalu-rinkinys\/\",\"name\":\"Addi Click Basic prisukam\u0173 virbal\u0173 rinkinys - Happyinaknit.com\",\"isPartOf\":{\"@id\":\"https:\/\/happyinaknit.com\/lt\/#website\"},\"primaryImageOfPage\":{\"@id\":\"https:\/\/happyinaknit.com\/produktas\/addi-click-basic-prisukamu-virbalu-rinkinys\/#primaryimage\"},\"image\":{\"@id\":\"https:\/\/happyinaknit.com\/produktas\/addi-click-basic-prisukamu-virbalu-rinkinys\/#primaryimage\"},\"thumbnailUrl\":\"https:\/\/happyinaknit.com\/wp-content\/uploads\/2025\/10\/IMG_9684-2.png\",\"datePublished\":\"2025-10-13T20:42:56+00:00\",\"dateModified\":\"2025-10-13T20:43:59+00:00\",\"breadcrumb\":{\"@id\":\"https:\/\/happyinaknit.com\/produktas\/addi-click-basic-prisukamu-virbalu-rinkinys\/#breadcrumb\"},\"inLanguage\":\"ru-RU\",\"potentialAction\":[{\"@type\":\"ReadAction\",\"target\":[\"https:\/\/happyinaknit.com\/produktas\/addi-click-basic-prisukamu-virbalu-rinkinys\/\"]}]},{\"@type\":\"ImageObject\",\"inLanguage\":\"ru-RU\",\"@id\":\"https:\/\/happyinaknit.com\/produktas\/addi-click-basic-prisukamu-virbalu-rinkinys\/#primaryimage\",\"url\":\"https:\/\/happyinaknit.com\/wp-content\/uploads\/2025\/10\/IMG_9684-2.png\",\"contentUrl\":\"https:\/\/happyinaknit.com\/wp-content\/uploads\/2025\/10\/IMG_9684-2.png\",\"width\":1200,\"height\":1200},{\"@type\":\"BreadcrumbList\",\"@id\":\"https:\/\/happyinaknit.com\/produktas\/addi-click-basic-prisukamu-virbalu-rinkinys\/#breadcrumb\",\"itemListElement\":[{\"@type\":\"ListItem\",\"position\":1,\"name\":\"Home\",\"item\":\"https:\/\/happyinaknit.com\/lt\/\"},{\"@type\":\"ListItem\",\"position\":2,\"name\":\"Parduotuv\u0117\",\"item\":\"https:\/\/happyinaknit.com\/lt\/parduotuve\/\"},{\"@type\":\"ListItem\",\"position\":3,\"name\":\"Addi Click Basic prisukam\u0173 virbal\u0173 rinkinys\"}]},{\"@type\":\"WebSite\",\"@id\":\"https:\/\/happyinaknit.com\/lt\/#website\",\"url\":\"https:\/\/happyinaknit.com\/lt\/\",\"name\":\"Happyinaknit.com\",\"description\":\"\",\"potentialAction\":[{\"@type\":\"SearchAction\",\"target\":{\"@type\":\"EntryPoint\",\"urlTemplate\":\"https:\/\/happyinaknit.com\/lt\/?s={search_term_string}\"},\"query-input\":{\"@type\":\"PropertyValueSpecification\",\"valueRequired\":true,\"valueName\":\"search_term_string\"}}],\"inLanguage\":\"ru-RU\"}]}<\/script>\n<!-- \/ Yoast SEO plugin. -->","yoast_head_json":{"title":"Addi Click Basic prisukam\u0173 virbal\u0173 rinkinys - Happyinaknit.com","robots":{"index":"index","follow":"follow","max-snippet":"max-snippet:-1","max-image-preview":"max-image-preview:large","max-video-preview":"max-video-preview:-1"},"canonical":"https:\/\/happyinaknit.com\/ru\/product\/addi-click-basic-prisukamu-virbalu-rinkinys\/","og_locale":"ru_RU","og_type":"article","og_title":"Addi Click Basic prisukam\u0173 virbal\u0173 rinkinys - Happyinaknit.com","og_description":"Addi Click Basic prisukam\u0173j\u0173 virbal\u0173 rinkinys (12,5 cm) \u2013 klasikinis \u201eAddi\u201c serijos rinkinys, kuris sujungia voki\u0161k\u0105 kokyb\u0119, ilgaam\u017ei\u0161kum\u0105 ir patogum\u0105. Tai puikus pasirinkimas tiek pradedantiesiems, tiek patyrusiems mezg\u0117jams. \u00a0Tai universalus rinkinys, leid\u017eiantis lengvai keisti virbal\u0173 dyd\u017eius ir val\u0173 ilg\u012f pagal projekt\u0105. Virbalai pagaminti i\u0161 auk\u0161tos kokyb\u0117s metalo, tod\u0117l si\u016blai tolygiai slysta, o mezgimas yra itin [&hellip;]","og_url":"https:\/\/happyinaknit.com\/ru\/product\/addi-click-basic-prisukamu-virbalu-rinkinys\/","og_site_name":"Happyinaknit.com","article_modified_time":"2025-10-13T20:43:59+00:00","og_image":[{"width":1200,"height":1200,"url":"https:\/\/happyinaknit.com\/wp-content\/uploads\/2025\/10\/IMG_9684-2.png","type":"image\/png"}],"twitter_card":"summary_large_image","twitter_misc":{"\u041f\u0440\u0438\u043c\u0435\u0440\u043d\u043e\u0435 \u0432\u0440\u0435\u043c\u044f \u0434\u043b\u044f \u0447\u0442\u0435\u043d\u0438\u044f":"1 \u043c\u0438\u043d\u0443\u0442\u0430"},"schema":{"@context":"https:\/\/schema.org","@graph":[{"@type":"WebPage","@id":"https:\/\/happyinaknit.com\/produktas\/addi-click-basic-prisukamu-virbalu-rinkinys\/","url":"https:\/\/happyinaknit.com\/produktas\/addi-click-basic-prisukamu-virbalu-rinkinys\/","name":"Addi Click Basic prisukam\u0173 virbal\u0173 rinkinys - Happyinaknit.com","isPartOf":{"@id":"https:\/\/happyinaknit.com\/lt\/#website"},"primaryImageOfPage":{"@id":"https:\/\/happyinaknit.com\/produktas\/addi-click-basic-prisukamu-virbalu-rinkinys\/#primaryimage"},"image":{"@id":"https:\/\/happyinaknit.com\/produktas\/addi-click-basic-prisukamu-virbalu-rinkinys\/#primaryimage"},"thumbnailUrl":"https:\/\/happyinaknit.com\/wp-content\/uploads\/2025\/10\/IMG_9684-2.png","datePublished":"2025-10-13T20:42:56+00:00","dateModified":"2025-10-13T20:43:59+00:00","breadcrumb":{"@id":"https:\/\/happyinaknit.com\/produktas\/addi-click-basic-prisukamu-virbalu-rinkinys\/#breadcrumb"},"inLanguage":"ru-RU","potentialAction":[{"@type":"ReadAction","target":["https:\/\/happyinaknit.com\/produktas\/addi-click-basic-prisukamu-virbalu-rinkinys\/"]}]},{"@type":"ImageObject","inLanguage":"ru-RU","@id":"https:\/\/happyinaknit.com\/produktas\/addi-click-basic-prisukamu-virbalu-rinkinys\/#primaryimage","url":"https:\/\/happyinaknit.com\/wp-content\/uploads\/2025\/10\/IMG_9684-2.png","contentUrl":"https:\/\/happyinaknit.com\/wp-content\/uploads\/2025\/10\/IMG_9684-2.png","width":1200,"height":1200},{"@type":"BreadcrumbList","@id":"https:\/\/happyinaknit.com\/produktas\/addi-click-basic-prisukamu-virbalu-rinkinys\/#breadcrumb","itemListElement":[{"@type":"ListItem","position":1,"name":"Home","item":"https:\/\/happyinaknit.com\/lt\/"},{"@type":"ListItem","position":2,"name":"Parduotuv\u0117","item":"https:\/\/happyinaknit.com\/lt\/parduotuve\/"},{"@type":"ListItem","position":3,"name":"Addi Click Basic prisukam\u0173 virbal\u0173 rinkinys"}]},{"@type":"WebSite","@id":"https:\/\/happyinaknit.com\/lt\/#website","url":"https:\/\/happyinaknit.com\/lt\/","name":"Happyinaknit.com","description":"","potentialAction":[{"@type":"SearchAction","target":{"@type":"EntryPoint","urlTemplate":"https:\/\/happyinaknit.com\/lt\/?s={search_term_string}"},"query-input":{"@type":"PropertyValueSpecification","valueRequired":true,"valueName":"search_term_string"}}],"inLanguage":"ru-RU"}]}},"_links":{"self":[{"href":"https:\/\/happyinaknit.com\/ru\/wp-json\/wp\/v2\/product\/4919","targetHints":{"allow":["GET"]}}],"collection":[{"href":"https:\/\/happyinaknit.com\/ru\/wp-json\/wp\/v2\/product"}],"about":[{"href":"https:\/\/happyinaknit.com\/ru\/wp-json\/wp\/v2\/types\/product"}],"replies":[{"embeddable":true,"href":"https:\/\/happyinaknit.com\/ru\/wp-json\/wp\/v2\/comments?post=4919"}],"wp:featuredmedia":[{"embeddable":true,"href":"https:\/\/happyinaknit.com\/ru\/wp-json\/wp\/v2\/media\/4921"}],"wp:attachment":[{"href":"https:\/\/happyinaknit.com\/ru\/wp-json\/wp\/v2\/media?parent=4919"}],"wp:term":[{"taxonomy":"product_brand","embeddable":true,"href":"https:\/\/happyinaknit.com\/ru\/wp-json\/wp\/v2\/product_brand?post=4919"},{"taxonomy":"product_cat","embeddable":true,"href":"https:\/\/happyinaknit.com\/ru\/wp-json\/wp\/v2\/product_cat?post=4919"},{"taxonomy":"product_tag","embeddable":true,"href":"https:\/\/happyinaknit.com\/ru\/wp-json\/wp\/v2\/product_tag?post=4919"},{"taxonomy":"pro-kategorijos","embeddable":true,"href":"https:\/\/happyinaknit.com\/ru\/wp-json\/wp\/v2\/pro-kategorijos?post=4919"}],"curies":[{"name":"wp","href":"https:\/\/api.w.org\/{rel}","templated":true}]}}