{"id":4915,"date":"2025-10-13T20:29:59","date_gmt":"2025-10-13T20:29:59","guid":{"rendered":"https:\/\/happyinaknit.com\/?post_type=product&#038;p=4915"},"modified":"2025-10-13T20:29:59","modified_gmt":"2025-10-13T20:29:59","slug":"lantern-moon-bliss-prisukamuju-virbalu-rinkinys-10-cm","status":"publish","type":"product","link":"https:\/\/happyinaknit.com\/ru\/product\/lantern-moon-bliss-prisukamuju-virbalu-rinkinys-10-cm\/","title":{"rendered":"Lantern Moon Bliss \u043d\u0430\u0431\u043e\u0440 \u0440\u0430\u0437\u044a\u0435\u043c\u043d\u044b\u0445 \u0441\u043f\u0438\u0446 \u0434\u043b\u0438\u043d\u043e\u0439 10 \u0441\u043c"},"content":{"rendered":"<p data-start=\"0\" data-end=\"216\"><strong data-start=\"0\" data-end=\"59\">\u041d\u0430\u0431\u043e\u0440 Lantern Moon Bliss \u0440\u0430\u0437\u044a\u0435\u043c\u043d\u044b\u0445 \u0441\u043f\u0438\u0446 (10 \u0441\u043c)<\/strong> \u2013 \u0440\u043e\u0441\u043a\u043e\u0448\u043d\u044b\u0439 \u0438 \u0444\u0443\u043d\u043a\u0446\u0438\u043e\u043d\u0430\u043b\u044c\u043d\u044b\u0439 \u043d\u0430\u0431\u043e\u0440, \u0441\u043e\u0437\u0434\u0430\u043d\u043d\u044b\u0439 \u0434\u043b\u044f \u043d\u0430\u0441\u0442\u043e\u044f\u0449\u0438\u0445 \u0446\u0435\u043d\u0438\u0442\u0435\u043b\u0435\u0439 \u0438\u0441\u043a\u0443\u0441\u0441\u0442\u0432\u0430 \u0432\u044f\u0437\u0430\u043d\u0438\u044f. \u041a\u0430\u0436\u0434\u0430\u044f \u0434\u0435\u0442\u0430\u043b\u044c \u043e\u0442\u0440\u0430\u0436\u0430\u0435\u0442 \u0432\u044b\u0441\u043e\u0447\u0430\u0439\u0448\u0438\u0439 \u0443\u0440\u043e\u0432\u0435\u043d\u044c \u043a\u0430\u0447\u0435\u0441\u0442\u0432\u0430 \u0438 \u044d\u043a\u0441\u043a\u043b\u044e\u0437\u0438\u0432\u043d\u044b\u0439 \u0434\u0438\u0437\u0430\u0439\u043d. \u0421\u043f\u0438\u0446\u044b \u0438\u0437 \u0447\u0435\u0440\u043d\u043e\u0433\u043e \u0434\u0435\u0440\u0435\u0432\u0430 \u2013 \u0442\u0451\u043f\u043b\u044b\u0435, \u043d\u0435\u0432\u0435\u0440\u043e\u044f\u0442\u043d\u043e \u0433\u043b\u0430\u0434\u043a\u0438\u0435 \u0438 \u043b\u0435\u0433\u043a\u043e \u0441\u043a\u043e\u043b\u044c\u0437\u044f\u0442 \u043f\u043e \u043f\u0440\u044f\u0436\u0435, \u043f\u0440\u0435\u0432\u0440\u0430\u0449\u0430\u044f \u0432\u044f\u0437\u0430\u043d\u0438\u0435 \u0432 \u043d\u0430\u0441\u0442\u043e\u044f\u0449\u0435\u0435 \u0443\u0434\u043e\u0432\u043e\u043b\u044c\u0441\u0442\u0432\u0438\u0435.<br data-start=\"884\" data-end=\"887\" \/>\u0413\u0438\u0431\u043a\u0438\u0435 <strong data-start=\"896\" data-end=\"914\">\u043b\u0435\u0441\u043a\u0438 \u0441 \u043a\u0440\u0443\u0442\u044f\u0449\u0438\u043c\u0438\u0441\u044f \u043f\u0430\u0442\u0440\u043e\u043d\u0430\u043c\u0438<\/strong> \u043e\u0441\u0442\u0430\u044e\u0442\u0441\u044f \u0440\u043e\u0432\u043d\u044b\u043c\u0438 \u0438 \u043d\u0435 \u0441\u043a\u0440\u0443\u0447\u0438\u0432\u0430\u044e\u0442\u0441\u044f, \u0430 \u0440\u043e\u0441\u043a\u043e\u0448\u043d\u044b\u0439 \u0448\u0435\u043b\u043a\u043e\u0432\u044b\u0439 \u0444\u0443\u0442\u043b\u044f\u0440 \u043e\u0431\u0435\u0441\u043f\u0435\u0447\u0438\u0432\u0430\u0435\u0442 \u0443\u0434\u043e\u0431\u043d\u043e\u0435 \u0445\u0440\u0430\u043d\u0435\u043d\u0438\u0435 \u0438 \u0438\u0441\u043a\u043b\u044e\u0447\u0438\u0442\u0435\u043b\u044c\u043d\u0443\u044e \u044d\u0441\u0442\u0435\u0442\u0438\u043a\u0443.<\/p>\n<p data-start=\"218\" data-end=\"238\"><strong data-start=\"218\" data-end=\"236\">\u0412 \u043a\u043e\u043c\u043f\u043b\u0435\u043a\u0442 \u0432\u0445\u043e\u0434\u0438\u0442:<\/strong><\/p>\n<ul data-start=\"239\" data-end=\"625\">\n<li data-start=\"239\" data-end=\"296\">\n<p data-start=\"241\" data-end=\"296\"><strong data-start=\"241\" data-end=\"252\">\u0427\u0435\u0445\u043e\u043b:<\/strong> \u0440\u0443\u0447\u043d\u043e\u0439 \u0440\u0430\u0431\u043e\u0442\u044b \u0438\u0437 \u043d\u0430\u0442\u0443\u0440\u0430\u043b\u044c\u043d\u043e\u0433\u043e <strong data-start=\"279\" data-end=\"294\">\u0448\u0435\u043b\u043a Khadi<\/strong><\/p>\n<\/li>\n<li data-start=\"297\" data-end=\"424\">\n<p data-start=\"299\" data-end=\"424\"><strong data-start=\"299\" data-end=\"324\">\u0420\u0430\u0437\u044a\u0435\u043c\u043d\u044b\u0435 \u0441\u043f\u0438\u0446\u044b<\/strong> (10 \u0441\u043c \u0432 \u0434\u043b\u0438\u043d\u0443) \u0438\u0437 <strong data-start=\"342\" data-end=\"357\">\u0447\u0435\u0440\u043d\u043e\u0433\u043e \u0434\u0435\u0440\u0435\u0432\u0430:<\/strong><br data-start=\"357\" data-end=\"360\" \/>3,0 \u043c\u043c 3,5 \u043c\u043c 4,0 \u043c\u043c 4,5 \u043c\u043c 5,0 \u043c\u043c 5,5 \u043c\u043c 6,0 \u043c\u043c<\/p>\n<\/li>\n<li data-start=\"425\" data-end=\"500\">\n<p data-start=\"427\" data-end=\"500\"><strong data-start=\"427\" data-end=\"446\">\u0412\u0440\u0430\u0449\u0430\u044e\u0449\u0438\u0435\u0441\u044f \u043b\u0435\u0441\u043a\u0438:<\/strong> 40 \u0441\u043c \u00b7 50 \u0441\u043c (\u043d\u0435\u0440\u0436\u0430\u0432\u0435\u044e\u0449\u0430\u044f \u0441\u0442\u0430\u043b\u044c, \u043d\u0435\u0439\u043b\u043e\u043d\u043e\u0432\u043e\u0435 \u043f\u043e\u043a\u0440\u044b\u0442\u0438\u0435)<\/p>\n<\/li>\n<li data-start=\"501\" data-end=\"537\">\n<p data-start=\"503\" data-end=\"537\"><strong data-start=\"503\" data-end=\"517\">\u0421\u0442\u043e\u043f\u043f\u0435\u0440\u044b:<\/strong> 4 \u0448\u0442. (\u0434\u0435\u0440\u0435\u0432\u044f\u043d\u043d\u044b\u0435)<\/p>\n<\/li>\n<li data-start=\"538\" data-end=\"591\">\n<p data-start=\"540\" data-end=\"591\"><strong data-start=\"540\" data-end=\"564\">\u041a\u043b\u044e\u0447\u0438\u043a\u0438:<\/strong> 2 \u0448\u0442. (\u0434\u0435\u0440\u0435\u0432\u043e\/\u0441\u0442\u0430\u043b\u044c)<\/p>\n<\/li>\n<li data-start=\"592\" data-end=\"625\">\n<p data-start=\"594\" data-end=\"625\"><strong data-start=\"594\" data-end=\"616\">\u041c\u0430\u0440\u043a\u0435\u0440\u044b \u0434\u043b\u044f \u0432\u044f\u0437\u0430\u043d\u0438\u044f:<\/strong> 5 \u0448\u0442.<\/p>\n<\/li>\n<\/ul>\n<p data-start=\"1028\" data-end=\"1116\" data-is-last-node=\"\" data-is-only-node=\"\"><strong data-start=\"1028\" data-end=\"1040\">\u041f\u0440\u0438\u043c\u0435\u0447\u0430\u043d\u0438\u0435:<\/strong> \u0426\u0432\u0435\u0442\u043e\u0432\u044b\u0435 \u043e\u0442\u0442\u0435\u043d\u043a\u0438 \u043c\u043e\u0433\u0443\u0442 \u043d\u0435\u0437\u043d\u0430\u0447\u0438\u0442\u0435\u043b\u044c\u043d\u043e \u043e\u0442\u043b\u0438\u0447\u0430\u0442\u044c\u0441\u044f \u0432 \u0437\u0430\u0432\u0438\u0441\u0438\u043c\u043e\u0441\u0442\u0438 \u043e\u0442 \u044d\u043a\u0440\u0430\u043d\u0430 \u0432\u0430\u0448\u0435\u0433\u043e \u0443\u0441\u0442\u0440\u043e\u0439\u0441\u0442\u0432\u0430.<\/p>","protected":false},"excerpt":{"rendered":"<p>Lantern Moon Bliss prisukam\u0173j\u0173 virbal\u0173 rinkinys (10 cm) \u2013 prabangus ir funkcionalus rinkinys, sukurtas tikriems mezgimo meno myl\u0117tojams. Kiekviena detal\u0117 atspindi auk\u0161\u010diausi\u0105 kokyb\u0117s lyg\u012f ir i\u0161skirtin\u012f dizain\u0105. Ebenmed\u017eio virbalai \u2013 \u0161ilti, itin glotn\u016bs ir lengvai slystantys si\u016blais, tod\u0117l mezgimas tampa tikru malonumu.Lankst\u016bs pasukami valai i\u0161lieka stabil\u016bs ir nesusisuka, o prabangus \u0161ilkinis d\u0117klas u\u017etikrina patog\u0173 laikym\u0105 [&hellip;]<\/p>\n","protected":false},"featured_media":4917,"comment_status":"open","ping_status":"closed","template":"","meta":{"_acf_changed":false},"product_brand":[787],"product_cat":[15,19,861],"product_tag":[],"pro-kategorijos":[],"class_list":{"0":"post-4915","1":"product","2":"type-product","3":"status-publish","4":"has-post-thumbnail","6":"product_brand-lantern-moon","7":"product_cat-visi-produktai","8":"product_cat-mezgimo-priemones","9":"product_cat-virbalu-rinkiniai","11":"first","12":"instock","13":"shipping-taxable","14":"purchasable","15":"product-type-simple"},"acf":[],"yoast_head":"<!-- This site is optimized with the Yoast SEO plugin v26.8 - https:\/\/yoast.com\/product\/yoast-seo-wordpress\/ -->\n<title>Lantern Moon Bliss prisukam\u0173j\u0173 virbal\u0173 rinkinys 10 cm - Happyinaknit.com<\/title>\n<meta name=\"robots\" content=\"index, follow, max-snippet:-1, max-image-preview:large, max-video-preview:-1\" \/>\n<link rel=\"canonical\" href=\"https:\/\/happyinaknit.com\/ru\/product\/lantern-moon-bliss-prisukamuju-virbalu-rinkinys-10-cm\/\" \/>\n<meta property=\"og:locale\" content=\"ru_RU\" \/>\n<meta property=\"og:type\" content=\"article\" \/>\n<meta property=\"og:title\" content=\"Lantern Moon Bliss prisukam\u0173j\u0173 virbal\u0173 rinkinys 10 cm - Happyinaknit.com\" \/>\n<meta property=\"og:description\" content=\"Lantern Moon Bliss prisukam\u0173j\u0173 virbal\u0173 rinkinys (10 cm) \u2013 prabangus ir funkcionalus rinkinys, sukurtas tikriems mezgimo meno myl\u0117tojams. Kiekviena detal\u0117 atspindi auk\u0161\u010diausi\u0105 kokyb\u0117s lyg\u012f ir i\u0161skirtin\u012f dizain\u0105. Ebenmed\u017eio virbalai \u2013 \u0161ilti, itin glotn\u016bs ir lengvai slystantys si\u016blais, tod\u0117l mezgimas tampa tikru malonumu.Lankst\u016bs pasukami valai i\u0161lieka stabil\u016bs ir nesusisuka, o prabangus \u0161ilkinis d\u0117klas u\u017etikrina patog\u0173 laikym\u0105 [&hellip;]\" \/>\n<meta property=\"og:url\" content=\"https:\/\/happyinaknit.com\/ru\/product\/lantern-moon-bliss-prisukamuju-virbalu-rinkinys-10-cm\/\" \/>\n<meta property=\"og:site_name\" content=\"Happyinaknit.com\" \/>\n<meta property=\"og:image\" content=\"https:\/\/happyinaknit.com\/wp-content\/uploads\/2025\/10\/IMG_9682.jpg\" \/>\n\t<meta property=\"og:image:width\" content=\"1203\" \/>\n\t<meta property=\"og:image:height\" content=\"1222\" \/>\n\t<meta property=\"og:image:type\" content=\"image\/jpeg\" \/>\n<meta name=\"twitter:card\" content=\"summary_large_image\" \/>\n<meta name=\"twitter:label1\" content=\"\u041f\u0440\u0438\u043c\u0435\u0440\u043d\u043e\u0435 \u0432\u0440\u0435\u043c\u044f \u0434\u043b\u044f \u0447\u0442\u0435\u043d\u0438\u044f\" \/>\n\t<meta name=\"twitter:data1\" content=\"1 \u043c\u0438\u043d\u0443\u0442\u0430\" \/>\n<script type=\"application\/ld+json\" class=\"yoast-schema-graph\">{\"@context\":\"https:\/\/schema.org\",\"@graph\":[{\"@type\":\"WebPage\",\"@id\":\"https:\/\/happyinaknit.com\/produktas\/lantern-moon-bliss-prisukamuju-virbalu-rinkinys-10-cm\/\",\"url\":\"https:\/\/happyinaknit.com\/produktas\/lantern-moon-bliss-prisukamuju-virbalu-rinkinys-10-cm\/\",\"name\":\"Lantern Moon Bliss prisukam\u0173j\u0173 virbal\u0173 rinkinys 10 cm - Happyinaknit.com\",\"isPartOf\":{\"@id\":\"https:\/\/happyinaknit.com\/lt\/#website\"},\"primaryImageOfPage\":{\"@id\":\"https:\/\/happyinaknit.com\/produktas\/lantern-moon-bliss-prisukamuju-virbalu-rinkinys-10-cm\/#primaryimage\"},\"image\":{\"@id\":\"https:\/\/happyinaknit.com\/produktas\/lantern-moon-bliss-prisukamuju-virbalu-rinkinys-10-cm\/#primaryimage\"},\"thumbnailUrl\":\"https:\/\/happyinaknit.com\/wp-content\/uploads\/2025\/10\/IMG_9682.jpg\",\"datePublished\":\"2025-10-13T20:29:59+00:00\",\"breadcrumb\":{\"@id\":\"https:\/\/happyinaknit.com\/produktas\/lantern-moon-bliss-prisukamuju-virbalu-rinkinys-10-cm\/#breadcrumb\"},\"inLanguage\":\"ru-RU\",\"potentialAction\":[{\"@type\":\"ReadAction\",\"target\":[\"https:\/\/happyinaknit.com\/produktas\/lantern-moon-bliss-prisukamuju-virbalu-rinkinys-10-cm\/\"]}]},{\"@type\":\"ImageObject\",\"inLanguage\":\"ru-RU\",\"@id\":\"https:\/\/happyinaknit.com\/produktas\/lantern-moon-bliss-prisukamuju-virbalu-rinkinys-10-cm\/#primaryimage\",\"url\":\"https:\/\/happyinaknit.com\/wp-content\/uploads\/2025\/10\/IMG_9682.jpg\",\"contentUrl\":\"https:\/\/happyinaknit.com\/wp-content\/uploads\/2025\/10\/IMG_9682.jpg\",\"width\":1203,\"height\":1222},{\"@type\":\"BreadcrumbList\",\"@id\":\"https:\/\/happyinaknit.com\/produktas\/lantern-moon-bliss-prisukamuju-virbalu-rinkinys-10-cm\/#breadcrumb\",\"itemListElement\":[{\"@type\":\"ListItem\",\"position\":1,\"name\":\"Home\",\"item\":\"https:\/\/happyinaknit.com\/lt\/\"},{\"@type\":\"ListItem\",\"position\":2,\"name\":\"Parduotuv\u0117\",\"item\":\"https:\/\/happyinaknit.com\/lt\/parduotuve\/\"},{\"@type\":\"ListItem\",\"position\":3,\"name\":\"Lantern Moon Bliss prisukam\u0173j\u0173 virbal\u0173 rinkinys 10 cm\"}]},{\"@type\":\"WebSite\",\"@id\":\"https:\/\/happyinaknit.com\/lt\/#website\",\"url\":\"https:\/\/happyinaknit.com\/lt\/\",\"name\":\"Happyinaknit.com\",\"description\":\"\",\"potentialAction\":[{\"@type\":\"SearchAction\",\"target\":{\"@type\":\"EntryPoint\",\"urlTemplate\":\"https:\/\/happyinaknit.com\/lt\/?s={search_term_string}\"},\"query-input\":{\"@type\":\"PropertyValueSpecification\",\"valueRequired\":true,\"valueName\":\"search_term_string\"}}],\"inLanguage\":\"ru-RU\"}]}<\/script>\n<!-- \/ Yoast SEO plugin. -->","yoast_head_json":{"title":"Lantern Moon Bliss prisukam\u0173j\u0173 virbal\u0173 rinkinys 10 cm - Happyinaknit.com","robots":{"index":"index","follow":"follow","max-snippet":"max-snippet:-1","max-image-preview":"max-image-preview:large","max-video-preview":"max-video-preview:-1"},"canonical":"https:\/\/happyinaknit.com\/ru\/product\/lantern-moon-bliss-prisukamuju-virbalu-rinkinys-10-cm\/","og_locale":"ru_RU","og_type":"article","og_title":"Lantern Moon Bliss prisukam\u0173j\u0173 virbal\u0173 rinkinys 10 cm - Happyinaknit.com","og_description":"Lantern Moon Bliss prisukam\u0173j\u0173 virbal\u0173 rinkinys (10 cm) \u2013 prabangus ir funkcionalus rinkinys, sukurtas tikriems mezgimo meno myl\u0117tojams. Kiekviena detal\u0117 atspindi auk\u0161\u010diausi\u0105 kokyb\u0117s lyg\u012f ir i\u0161skirtin\u012f dizain\u0105. Ebenmed\u017eio virbalai \u2013 \u0161ilti, itin glotn\u016bs ir lengvai slystantys si\u016blais, tod\u0117l mezgimas tampa tikru malonumu.Lankst\u016bs pasukami valai i\u0161lieka stabil\u016bs ir nesusisuka, o prabangus \u0161ilkinis d\u0117klas u\u017etikrina patog\u0173 laikym\u0105 [&hellip;]","og_url":"https:\/\/happyinaknit.com\/ru\/product\/lantern-moon-bliss-prisukamuju-virbalu-rinkinys-10-cm\/","og_site_name":"Happyinaknit.com","og_image":[{"width":1203,"height":1222,"url":"https:\/\/happyinaknit.com\/wp-content\/uploads\/2025\/10\/IMG_9682.jpg","type":"image\/jpeg"}],"twitter_card":"summary_large_image","twitter_misc":{"\u041f\u0440\u0438\u043c\u0435\u0440\u043d\u043e\u0435 \u0432\u0440\u0435\u043c\u044f \u0434\u043b\u044f \u0447\u0442\u0435\u043d\u0438\u044f":"1 \u043c\u0438\u043d\u0443\u0442\u0430"},"schema":{"@context":"https:\/\/schema.org","@graph":[{"@type":"WebPage","@id":"https:\/\/happyinaknit.com\/produktas\/lantern-moon-bliss-prisukamuju-virbalu-rinkinys-10-cm\/","url":"https:\/\/happyinaknit.com\/produktas\/lantern-moon-bliss-prisukamuju-virbalu-rinkinys-10-cm\/","name":"Lantern Moon Bliss prisukam\u0173j\u0173 virbal\u0173 rinkinys 10 cm - Happyinaknit.com","isPartOf":{"@id":"https:\/\/happyinaknit.com\/lt\/#website"},"primaryImageOfPage":{"@id":"https:\/\/happyinaknit.com\/produktas\/lantern-moon-bliss-prisukamuju-virbalu-rinkinys-10-cm\/#primaryimage"},"image":{"@id":"https:\/\/happyinaknit.com\/produktas\/lantern-moon-bliss-prisukamuju-virbalu-rinkinys-10-cm\/#primaryimage"},"thumbnailUrl":"https:\/\/happyinaknit.com\/wp-content\/uploads\/2025\/10\/IMG_9682.jpg","datePublished":"2025-10-13T20:29:59+00:00","breadcrumb":{"@id":"https:\/\/happyinaknit.com\/produktas\/lantern-moon-bliss-prisukamuju-virbalu-rinkinys-10-cm\/#breadcrumb"},"inLanguage":"ru-RU","potentialAction":[{"@type":"ReadAction","target":["https:\/\/happyinaknit.com\/produktas\/lantern-moon-bliss-prisukamuju-virbalu-rinkinys-10-cm\/"]}]},{"@type":"ImageObject","inLanguage":"ru-RU","@id":"https:\/\/happyinaknit.com\/produktas\/lantern-moon-bliss-prisukamuju-virbalu-rinkinys-10-cm\/#primaryimage","url":"https:\/\/happyinaknit.com\/wp-content\/uploads\/2025\/10\/IMG_9682.jpg","contentUrl":"https:\/\/happyinaknit.com\/wp-content\/uploads\/2025\/10\/IMG_9682.jpg","width":1203,"height":1222},{"@type":"BreadcrumbList","@id":"https:\/\/happyinaknit.com\/produktas\/lantern-moon-bliss-prisukamuju-virbalu-rinkinys-10-cm\/#breadcrumb","itemListElement":[{"@type":"ListItem","position":1,"name":"Home","item":"https:\/\/happyinaknit.com\/lt\/"},{"@type":"ListItem","position":2,"name":"Parduotuv\u0117","item":"https:\/\/happyinaknit.com\/lt\/parduotuve\/"},{"@type":"ListItem","position":3,"name":"Lantern Moon Bliss prisukam\u0173j\u0173 virbal\u0173 rinkinys 10 cm"}]},{"@type":"WebSite","@id":"https:\/\/happyinaknit.com\/lt\/#website","url":"https:\/\/happyinaknit.com\/lt\/","name":"Happyinaknit.com","description":"","potentialAction":[{"@type":"SearchAction","target":{"@type":"EntryPoint","urlTemplate":"https:\/\/happyinaknit.com\/lt\/?s={search_term_string}"},"query-input":{"@type":"PropertyValueSpecification","valueRequired":true,"valueName":"search_term_string"}}],"inLanguage":"ru-RU"}]}},"_links":{"self":[{"href":"https:\/\/happyinaknit.com\/ru\/wp-json\/wp\/v2\/product\/4915","targetHints":{"allow":["GET"]}}],"collection":[{"href":"https:\/\/happyinaknit.com\/ru\/wp-json\/wp\/v2\/product"}],"about":[{"href":"https:\/\/happyinaknit.com\/ru\/wp-json\/wp\/v2\/types\/product"}],"replies":[{"embeddable":true,"href":"https:\/\/happyinaknit.com\/ru\/wp-json\/wp\/v2\/comments?post=4915"}],"wp:featuredmedia":[{"embeddable":true,"href":"https:\/\/happyinaknit.com\/ru\/wp-json\/wp\/v2\/media\/4917"}],"wp:attachment":[{"href":"https:\/\/happyinaknit.com\/ru\/wp-json\/wp\/v2\/media?parent=4915"}],"wp:term":[{"taxonomy":"product_brand","embeddable":true,"href":"https:\/\/happyinaknit.com\/ru\/wp-json\/wp\/v2\/product_brand?post=4915"},{"taxonomy":"product_cat","embeddable":true,"href":"https:\/\/happyinaknit.com\/ru\/wp-json\/wp\/v2\/product_cat?post=4915"},{"taxonomy":"product_tag","embeddable":true,"href":"https:\/\/happyinaknit.com\/ru\/wp-json\/wp\/v2\/product_tag?post=4915"},{"taxonomy":"pro-kategorijos","embeddable":true,"href":"https:\/\/happyinaknit.com\/ru\/wp-json\/wp\/v2\/pro-kategorijos?post=4915"}],"curies":[{"name":"wp","href":"https:\/\/api.w.org\/{rel}","templated":true}]}}