{"id":4911,"date":"2025-10-13T20:16:23","date_gmt":"2025-10-13T20:16:23","guid":{"rendered":"https:\/\/happyinaknit.com\/?post_type=product&#038;p=4911"},"modified":"2026-02-14T08:24:17","modified_gmt":"2026-02-14T08:24:17","slug":"lantern-moon-heritage-prisukamu-virbalu-rinkinys-10-cm","status":"publish","type":"product","link":"https:\/\/happyinaknit.com\/ru\/product\/lantern-moon-heritage-prisukamu-virbalu-rinkinys-10-cm\/","title":{"rendered":"Lantern Moon Heritage \u043d\u0430\u0431\u043e\u0440 \u0440\u0430\u0437\u044a\u0435\u043c\u043d\u044b\u0445 \u0441\u043f\u0438\u0446 10 \u0441\u043c"},"content":{"rendered":"<p><strong>\u201eLantern Moon Heritage\u201c<\/strong> \u2013 \u044d\u0442\u043e \u044d\u043b\u0435\u0433\u0430\u043d\u0442\u043d\u044b\u0439 \u043d\u0430\u0431\u043e\u0440, \u0441\u043e\u0447\u0435\u0442\u0430\u044e\u0449\u0438\u0439 \u0442\u0440\u0430\u0434\u0438\u0446\u0438\u043e\u043d\u043d\u043e\u0435 \u043c\u0430\u0441\u0442\u0435\u0440\u0441\u0442\u0432\u043e \u0438 \u0441\u043e\u0432\u0440\u0435\u043c\u0435\u043d\u043d\u044b\u0439 \u0434\u0438\u0437\u0430\u0439\u043d. \u0421\u043f\u0438\u0446\u044b \u0438\u0437 \u0447\u0451\u0440\u043d\u043e\u0433\u043e \u0434\u0435\u0440\u0435\u0432\u0430 \u0438\u0441\u043a\u043b\u044e\u0447\u0438\u0442\u0435\u043b\u044c\u043d\u043e \u0433\u043b\u0430\u0434\u043a\u0438\u0435 \u0438 \u043e\u0431\u0435\u0441\u043f\u0435\u0447\u0438\u0432\u0430\u044e\u0442 \u043b\u0451\u0433\u043a\u043e\u0435 \u0441\u043a\u043e\u043b\u044c\u0436\u0435\u043d\u0438\u0435, \u043f\u0440\u0435\u0432\u0440\u0430\u0449\u0430\u044f \u0432\u044f\u0437\u0430\u043d\u0438\u0435 \u0432 \u043d\u0430\u0441\u0442\u043e\u044f\u0449\u0435\u0435 \u0443\u0434\u043e\u0432\u043e\u043b\u044c\u0441\u0442\u0432\u0438\u0435.<br data-start=\"911\" data-end=\"914\" \/>\u041b\u0435\u0441\u043a\u0438 <strong data-start=\"924\" data-end=\"958\">\u0433\u0438\u0431\u043a\u0438\u0435, \u0441 \u0432\u0440\u0430\u0449\u0430\u044e\u0449\u0438\u043c\u0441\u044f \u043f\u0430\u0442\u0440\u043e\u043d\u043e\u043c<\/strong>, \u0447\u0442\u043e\u0431\u044b \u043e\u043d\u0438 \u043d\u0435 \u043f\u0435\u0440\u0435\u043a\u0440\u0443\u0447\u0438\u0432\u0430\u043b\u0438\u0441\u044c \u0438 \u043d\u0435 \u0437\u0430\u043f\u0443\u0442\u044b\u0432\u0430\u043b\u0438\u0441\u044c \u0432\u043e \u0432\u0440\u0435\u043c\u044f \u0440\u0430\u0431\u043e\u0442\u044b.<br data-start=\"1004\" data-end=\"1007\" \/>\u042d\u0442\u043e\u0442 \u043d\u0430\u0431\u043e\u0440 \u2014 \u043e\u0442\u043b\u0438\u0447\u043d\u044b\u0439 \u0432\u044b\u0431\u043e\u0440 \u043a\u0430\u043a \u0434\u043b\u044f \u043f\u0443\u0442\u0435\u0448\u0435\u0441\u0442\u0432\u0438\u0439, \u0442\u0430\u043a \u0438 \u0434\u043b\u044f \u043f\u043e\u0432\u0441\u0435\u0434\u043d\u0435\u0432\u043d\u043e\u0433\u043e \u0438\u0441\u043f\u043e\u043b\u044c\u0437\u043e\u0432\u0430\u043d\u0438\u044f.<\/p>\n<p data-start=\"282\" data-end=\"302\"><strong data-start=\"282\" data-end=\"300\">\u0412 \u043a\u043e\u043c\u043f\u043b\u0435\u043a\u0442 \u0432\u0445\u043e\u0434\u0438\u0442:<\/strong><\/p>\n<ul data-start=\"303\" data-end=\"684\">\n<li data-start=\"303\" data-end=\"360\">\n<p data-start=\"305\" data-end=\"360\"><strong data-start=\"305\" data-end=\"316\">\u0427\u0435\u0445\u043e\u043b:<\/strong> \u0440\u0443\u0447\u043d\u043e\u0439 \u0440\u0430\u0431\u043e\u0442\u044b \u0438\u0437 \u043d\u0430\u0442\u0443\u0440\u0430\u043b\u044c\u043d\u043e\u0433\u043e <strong data-start=\"343\" data-end=\"358\">\u0448\u0435\u043b\u043a Khadi<\/strong><\/p>\n<\/li>\n<li data-start=\"361\" data-end=\"472\">\n<p data-start=\"363\" data-end=\"472\"><strong data-start=\"363\" data-end=\"388\">\u0420\u0430\u0437\u044a\u0435\u043c\u043d\u044b\u0435 \u0441\u043f\u0438\u0446\u044b<\/strong> (10 \u0441\u043c \u0432 \u0434\u043b\u0438\u043d\u0443) \u0438\u0437 <strong data-start=\"406\" data-end=\"421\">\u0447\u0435\u0440\u043d\u043e\u0433\u043e \u0434\u0435\u0440\u0435\u0432\u0430:<\/strong><br data-start=\"421\" data-end=\"424\" \/>3,25 \u043c\u043c 3,75 \u043c\u043c 4,0 \u043c\u043c 4,5 \u043c\u043c 5,0 \u043c\u043c<\/p>\n<\/li>\n<li data-start=\"473\" data-end=\"548\">\n<p data-start=\"475\" data-end=\"548\"><strong data-start=\"475\" data-end=\"494\">\u0412\u0440\u0430\u0449\u0430\u044e\u0449\u0438\u0435\u0441\u044f \u043b\u0435\u0441\u043a\u0438:<\/strong> 40 \u0441\u043c \u00b7 50 \u0441\u043c (\u043d\u0435\u0440\u0436\u0430\u0432\u0435\u044e\u0449\u0430\u044f \u0441\u0442\u0430\u043b\u044c, \u043d\u0435\u0439\u043b\u043e\u043d\u043e\u0432\u043e\u0435 \u043f\u043e\u043a\u0440\u044b\u0442\u0438\u0435)<\/p>\n<\/li>\n<li data-start=\"549\" data-end=\"596\">\n<p data-start=\"551\" data-end=\"596\"><strong data-start=\"551\" data-end=\"576\">\u0421\u0442\u043e\u043f\u043f\u0435\u0440\u044b:<\/strong> 4 \u0448\u0442. (\u0434\u0435\u0440\u0435\u0432\u044f\u043d\u043d\u044b\u0435)<\/p>\n<\/li>\n<li data-start=\"597\" data-end=\"650\">\n<p data-start=\"599\" data-end=\"650\"><strong data-start=\"599\" data-end=\"623\">\u041a\u043b\u044e\u0447\u0438\u043a\u0438:<\/strong> 2 \u0448\u0442. (\u0434\u0435\u0440\u0435\u0432\u043e\/\u0441\u0442\u0430\u043b\u044c)<\/p>\n<\/li>\n<li data-start=\"651\" data-end=\"684\">\n<p data-start=\"653\" data-end=\"684\"><strong data-start=\"653\" data-end=\"675\">\u041c\u0430\u0440\u043a\u0435\u0440\u044b \u0434\u043b\u044f \u0432\u044f\u0437\u0430\u043d\u0438\u044f:<\/strong> 5 \u0448\u0442.<\/p>\n<\/li>\n<\/ul>","protected":false},"excerpt":{"rendered":"<p>\u201eLantern Moon Heritage\u201c \u2013 tai eleganti\u0161kas rinkinys, jungiantis tradicin\u012f meistri\u0161kum\u0105 ir modern\u0173 dizain\u0105. Ebenmed\u017eio virbalai pasi\u017eymi ypatingu glotnumu ir \u0161velniu slydimu, tod\u0117l mezgimas tampa itin malonus.Valai yra lankst\u016bs, su pasukama jungtimi, tod\u0117l nesisuka ir nesusipainioja darbo metu.\u0160is rinkinys \u2013 puikus pasirinkimas tiek kelion\u0117ms, tiek kasdieniam naudojimui. Rinkinyje yra: D\u0117klas: rank\u0173 darbo i\u0161 nat\u016bralaus Khadi \u0161ilko [&hellip;]<\/p>\n","protected":false},"featured_media":4912,"comment_status":"open","ping_status":"closed","template":"","meta":{"_acf_changed":false},"product_brand":[787],"product_cat":[15,19,861],"product_tag":[],"pro-kategorijos":[],"class_list":{"0":"post-4911","1":"product","2":"type-product","3":"status-publish","4":"has-post-thumbnail","6":"product_brand-lantern-moon","7":"product_cat-visi-produktai","8":"product_cat-mezgimo-priemones","9":"product_cat-virbalu-rinkiniai","11":"first","12":"outofstock","13":"shipping-taxable","14":"purchasable","15":"product-type-simple"},"acf":[],"yoast_head":"<!-- This site is optimized with the Yoast SEO plugin v26.8 - https:\/\/yoast.com\/product\/yoast-seo-wordpress\/ -->\n<title>Lantern Moon Heritage prisukam\u0173 virbal\u0173 rinkinys 10 cm - Happyinaknit.com<\/title>\n<meta name=\"robots\" content=\"index, follow, max-snippet:-1, max-image-preview:large, max-video-preview:-1\" \/>\n<link rel=\"canonical\" href=\"https:\/\/happyinaknit.com\/ru\/product\/lantern-moon-heritage-prisukamu-virbalu-rinkinys-10-cm\/\" \/>\n<meta property=\"og:locale\" content=\"ru_RU\" \/>\n<meta property=\"og:type\" content=\"article\" \/>\n<meta property=\"og:title\" content=\"Lantern Moon Heritage prisukam\u0173 virbal\u0173 rinkinys 10 cm - Happyinaknit.com\" \/>\n<meta property=\"og:description\" content=\"\u201eLantern Moon Heritage\u201c \u2013 tai eleganti\u0161kas rinkinys, jungiantis tradicin\u012f meistri\u0161kum\u0105 ir modern\u0173 dizain\u0105. Ebenmed\u017eio virbalai pasi\u017eymi ypatingu glotnumu ir \u0161velniu slydimu, tod\u0117l mezgimas tampa itin malonus.Valai yra lankst\u016bs, su pasukama jungtimi, tod\u0117l nesisuka ir nesusipainioja darbo metu.\u0160is rinkinys \u2013 puikus pasirinkimas tiek kelion\u0117ms, tiek kasdieniam naudojimui. Rinkinyje yra: D\u0117klas: rank\u0173 darbo i\u0161 nat\u016bralaus Khadi \u0161ilko [&hellip;]\" \/>\n<meta property=\"og:url\" content=\"https:\/\/happyinaknit.com\/ru\/product\/lantern-moon-heritage-prisukamu-virbalu-rinkinys-10-cm\/\" \/>\n<meta property=\"og:site_name\" content=\"Happyinaknit.com\" \/>\n<meta property=\"article:modified_time\" content=\"2026-02-14T08:24:17+00:00\" \/>\n<meta property=\"og:image\" content=\"https:\/\/happyinaknit.com\/wp-content\/uploads\/2025\/10\/IMG_9681.jpg\" \/>\n\t<meta property=\"og:image:width\" content=\"1219\" \/>\n\t<meta property=\"og:image:height\" content=\"1215\" \/>\n\t<meta property=\"og:image:type\" content=\"image\/jpeg\" \/>\n<meta name=\"twitter:card\" content=\"summary_large_image\" \/>\n<meta name=\"twitter:label1\" content=\"\u041f\u0440\u0438\u043c\u0435\u0440\u043d\u043e\u0435 \u0432\u0440\u0435\u043c\u044f \u0434\u043b\u044f \u0447\u0442\u0435\u043d\u0438\u044f\" \/>\n\t<meta name=\"twitter:data1\" content=\"1 \u043c\u0438\u043d\u0443\u0442\u0430\" \/>\n<script type=\"application\/ld+json\" class=\"yoast-schema-graph\">{\"@context\":\"https:\/\/schema.org\",\"@graph\":[{\"@type\":\"WebPage\",\"@id\":\"https:\/\/happyinaknit.com\/produktas\/lantern-moon-heritage-prisukamu-virbalu-rinkinys-10-cm\/\",\"url\":\"https:\/\/happyinaknit.com\/produktas\/lantern-moon-heritage-prisukamu-virbalu-rinkinys-10-cm\/\",\"name\":\"Lantern Moon Heritage prisukam\u0173 virbal\u0173 rinkinys 10 cm - Happyinaknit.com\",\"isPartOf\":{\"@id\":\"https:\/\/happyinaknit.com\/lt\/#website\"},\"primaryImageOfPage\":{\"@id\":\"https:\/\/happyinaknit.com\/produktas\/lantern-moon-heritage-prisukamu-virbalu-rinkinys-10-cm\/#primaryimage\"},\"image\":{\"@id\":\"https:\/\/happyinaknit.com\/produktas\/lantern-moon-heritage-prisukamu-virbalu-rinkinys-10-cm\/#primaryimage\"},\"thumbnailUrl\":\"https:\/\/happyinaknit.com\/wp-content\/uploads\/2025\/10\/IMG_9681.jpg\",\"datePublished\":\"2025-10-13T20:16:23+00:00\",\"dateModified\":\"2026-02-14T08:24:17+00:00\",\"breadcrumb\":{\"@id\":\"https:\/\/happyinaknit.com\/produktas\/lantern-moon-heritage-prisukamu-virbalu-rinkinys-10-cm\/#breadcrumb\"},\"inLanguage\":\"ru-RU\",\"potentialAction\":[{\"@type\":\"ReadAction\",\"target\":[\"https:\/\/happyinaknit.com\/produktas\/lantern-moon-heritage-prisukamu-virbalu-rinkinys-10-cm\/\"]}]},{\"@type\":\"ImageObject\",\"inLanguage\":\"ru-RU\",\"@id\":\"https:\/\/happyinaknit.com\/produktas\/lantern-moon-heritage-prisukamu-virbalu-rinkinys-10-cm\/#primaryimage\",\"url\":\"https:\/\/happyinaknit.com\/wp-content\/uploads\/2025\/10\/IMG_9681.jpg\",\"contentUrl\":\"https:\/\/happyinaknit.com\/wp-content\/uploads\/2025\/10\/IMG_9681.jpg\",\"width\":1219,\"height\":1215},{\"@type\":\"BreadcrumbList\",\"@id\":\"https:\/\/happyinaknit.com\/produktas\/lantern-moon-heritage-prisukamu-virbalu-rinkinys-10-cm\/#breadcrumb\",\"itemListElement\":[{\"@type\":\"ListItem\",\"position\":1,\"name\":\"Home\",\"item\":\"https:\/\/happyinaknit.com\/lt\/\"},{\"@type\":\"ListItem\",\"position\":2,\"name\":\"Parduotuv\u0117\",\"item\":\"https:\/\/happyinaknit.com\/lt\/parduotuve\/\"},{\"@type\":\"ListItem\",\"position\":3,\"name\":\"Lantern Moon Heritage prisukam\u0173 virbal\u0173 rinkinys 10 cm\"}]},{\"@type\":\"WebSite\",\"@id\":\"https:\/\/happyinaknit.com\/lt\/#website\",\"url\":\"https:\/\/happyinaknit.com\/lt\/\",\"name\":\"Happyinaknit.com\",\"description\":\"\",\"potentialAction\":[{\"@type\":\"SearchAction\",\"target\":{\"@type\":\"EntryPoint\",\"urlTemplate\":\"https:\/\/happyinaknit.com\/lt\/?s={search_term_string}\"},\"query-input\":{\"@type\":\"PropertyValueSpecification\",\"valueRequired\":true,\"valueName\":\"search_term_string\"}}],\"inLanguage\":\"ru-RU\"}]}<\/script>\n<!-- \/ Yoast SEO plugin. -->","yoast_head_json":{"title":"Lantern Moon Heritage prisukam\u0173 virbal\u0173 rinkinys 10 cm - Happyinaknit.com","robots":{"index":"index","follow":"follow","max-snippet":"max-snippet:-1","max-image-preview":"max-image-preview:large","max-video-preview":"max-video-preview:-1"},"canonical":"https:\/\/happyinaknit.com\/ru\/product\/lantern-moon-heritage-prisukamu-virbalu-rinkinys-10-cm\/","og_locale":"ru_RU","og_type":"article","og_title":"Lantern Moon Heritage prisukam\u0173 virbal\u0173 rinkinys 10 cm - Happyinaknit.com","og_description":"\u201eLantern Moon Heritage\u201c \u2013 tai eleganti\u0161kas rinkinys, jungiantis tradicin\u012f meistri\u0161kum\u0105 ir modern\u0173 dizain\u0105. Ebenmed\u017eio virbalai pasi\u017eymi ypatingu glotnumu ir \u0161velniu slydimu, tod\u0117l mezgimas tampa itin malonus.Valai yra lankst\u016bs, su pasukama jungtimi, tod\u0117l nesisuka ir nesusipainioja darbo metu.\u0160is rinkinys \u2013 puikus pasirinkimas tiek kelion\u0117ms, tiek kasdieniam naudojimui. Rinkinyje yra: D\u0117klas: rank\u0173 darbo i\u0161 nat\u016bralaus Khadi \u0161ilko [&hellip;]","og_url":"https:\/\/happyinaknit.com\/ru\/product\/lantern-moon-heritage-prisukamu-virbalu-rinkinys-10-cm\/","og_site_name":"Happyinaknit.com","article_modified_time":"2026-02-14T08:24:17+00:00","og_image":[{"width":1219,"height":1215,"url":"https:\/\/happyinaknit.com\/wp-content\/uploads\/2025\/10\/IMG_9681.jpg","type":"image\/jpeg"}],"twitter_card":"summary_large_image","twitter_misc":{"\u041f\u0440\u0438\u043c\u0435\u0440\u043d\u043e\u0435 \u0432\u0440\u0435\u043c\u044f \u0434\u043b\u044f \u0447\u0442\u0435\u043d\u0438\u044f":"1 \u043c\u0438\u043d\u0443\u0442\u0430"},"schema":{"@context":"https:\/\/schema.org","@graph":[{"@type":"WebPage","@id":"https:\/\/happyinaknit.com\/produktas\/lantern-moon-heritage-prisukamu-virbalu-rinkinys-10-cm\/","url":"https:\/\/happyinaknit.com\/produktas\/lantern-moon-heritage-prisukamu-virbalu-rinkinys-10-cm\/","name":"Lantern Moon Heritage prisukam\u0173 virbal\u0173 rinkinys 10 cm - Happyinaknit.com","isPartOf":{"@id":"https:\/\/happyinaknit.com\/lt\/#website"},"primaryImageOfPage":{"@id":"https:\/\/happyinaknit.com\/produktas\/lantern-moon-heritage-prisukamu-virbalu-rinkinys-10-cm\/#primaryimage"},"image":{"@id":"https:\/\/happyinaknit.com\/produktas\/lantern-moon-heritage-prisukamu-virbalu-rinkinys-10-cm\/#primaryimage"},"thumbnailUrl":"https:\/\/happyinaknit.com\/wp-content\/uploads\/2025\/10\/IMG_9681.jpg","datePublished":"2025-10-13T20:16:23+00:00","dateModified":"2026-02-14T08:24:17+00:00","breadcrumb":{"@id":"https:\/\/happyinaknit.com\/produktas\/lantern-moon-heritage-prisukamu-virbalu-rinkinys-10-cm\/#breadcrumb"},"inLanguage":"ru-RU","potentialAction":[{"@type":"ReadAction","target":["https:\/\/happyinaknit.com\/produktas\/lantern-moon-heritage-prisukamu-virbalu-rinkinys-10-cm\/"]}]},{"@type":"ImageObject","inLanguage":"ru-RU","@id":"https:\/\/happyinaknit.com\/produktas\/lantern-moon-heritage-prisukamu-virbalu-rinkinys-10-cm\/#primaryimage","url":"https:\/\/happyinaknit.com\/wp-content\/uploads\/2025\/10\/IMG_9681.jpg","contentUrl":"https:\/\/happyinaknit.com\/wp-content\/uploads\/2025\/10\/IMG_9681.jpg","width":1219,"height":1215},{"@type":"BreadcrumbList","@id":"https:\/\/happyinaknit.com\/produktas\/lantern-moon-heritage-prisukamu-virbalu-rinkinys-10-cm\/#breadcrumb","itemListElement":[{"@type":"ListItem","position":1,"name":"Home","item":"https:\/\/happyinaknit.com\/lt\/"},{"@type":"ListItem","position":2,"name":"Parduotuv\u0117","item":"https:\/\/happyinaknit.com\/lt\/parduotuve\/"},{"@type":"ListItem","position":3,"name":"Lantern Moon Heritage prisukam\u0173 virbal\u0173 rinkinys 10 cm"}]},{"@type":"WebSite","@id":"https:\/\/happyinaknit.com\/lt\/#website","url":"https:\/\/happyinaknit.com\/lt\/","name":"Happyinaknit.com","description":"","potentialAction":[{"@type":"SearchAction","target":{"@type":"EntryPoint","urlTemplate":"https:\/\/happyinaknit.com\/lt\/?s={search_term_string}"},"query-input":{"@type":"PropertyValueSpecification","valueRequired":true,"valueName":"search_term_string"}}],"inLanguage":"ru-RU"}]}},"_links":{"self":[{"href":"https:\/\/happyinaknit.com\/ru\/wp-json\/wp\/v2\/product\/4911","targetHints":{"allow":["GET"]}}],"collection":[{"href":"https:\/\/happyinaknit.com\/ru\/wp-json\/wp\/v2\/product"}],"about":[{"href":"https:\/\/happyinaknit.com\/ru\/wp-json\/wp\/v2\/types\/product"}],"replies":[{"embeddable":true,"href":"https:\/\/happyinaknit.com\/ru\/wp-json\/wp\/v2\/comments?post=4911"}],"wp:featuredmedia":[{"embeddable":true,"href":"https:\/\/happyinaknit.com\/ru\/wp-json\/wp\/v2\/media\/4912"}],"wp:attachment":[{"href":"https:\/\/happyinaknit.com\/ru\/wp-json\/wp\/v2\/media?parent=4911"}],"wp:term":[{"taxonomy":"product_brand","embeddable":true,"href":"https:\/\/happyinaknit.com\/ru\/wp-json\/wp\/v2\/product_brand?post=4911"},{"taxonomy":"product_cat","embeddable":true,"href":"https:\/\/happyinaknit.com\/ru\/wp-json\/wp\/v2\/product_cat?post=4911"},{"taxonomy":"product_tag","embeddable":true,"href":"https:\/\/happyinaknit.com\/ru\/wp-json\/wp\/v2\/product_tag?post=4911"},{"taxonomy":"pro-kategorijos","embeddable":true,"href":"https:\/\/happyinaknit.com\/ru\/wp-json\/wp\/v2\/pro-kategorijos?post=4911"}],"curies":[{"name":"wp","href":"https:\/\/api.w.org\/{rel}","templated":true}]}}