{"id":4905,"date":"2025-10-13T19:50:10","date_gmt":"2025-10-13T19:50:10","guid":{"rendered":"https:\/\/happyinaknit.com\/?post_type=product&#038;p=4905"},"modified":"2025-10-22T20:44:03","modified_gmt":"2025-10-22T20:44:03","slug":"chiaogoo-twist-shorties-prisukamuju-metaliniu-virbalu-rinkinys-5-cm-ir-8-cm","status":"publish","type":"product","link":"https:\/\/happyinaknit.com\/ru\/product\/chiaogoo-twist-shorties-prisukamuju-metaliniu-virbalu-rinkinys-5-cm-ir-8-cm\/","title":{"rendered":"\u041d\u0430\u0431\u043e\u0440 \u0440\u0430\u0437\u044a\u0435\u043c\u043d\u044b\u0445 \u0441\u043f\u0438\u0446 ChiaoGoo TWIST Shorties  5 \u0441\u043c \u0438 8 \u0441\u043c"},"content":{"rendered":"<p data-start=\"0\" data-end=\"196\"><strong data-start=\"0\" data-end=\"81\">\u041d\u0430\u0431\u043e\u0440 \u0440\u0430\u0437\u044a\u0435\u043c\u043d\u044b\u0445 \u0441\u043f\u0438\u0446 ChiaoGoo TWIST Shorties (5 \u0441\u043c \u0438 8 \u0441\u043c)<\/strong> \u2013 \u0447\u0440\u0435\u0437\u0432\u044b\u0447\u0430\u0439\u043d\u043e \u043a\u043e\u043c\u043f\u0430\u043a\u0442\u043d\u044b\u0439 \u043d\u0430\u0431\u043e\u0440, \u043f\u0440\u0435\u0434\u043d\u0430\u0437\u043d\u0430\u0447\u0435\u043d\u043d\u044b\u0439 \u0434\u043b\u044f \u0432\u044f\u0437\u0430\u043d\u0438\u044f \u043d\u0435\u0431\u043e\u043b\u044c\u0448\u0438\u0445 \u0438\u0437\u0434\u0435\u043b\u0438\u0439, \u0442\u0430\u043a\u0438\u0445 \u043a\u0430\u043a \u043d\u043e\u0441\u043a\u0438, \u0440\u0443\u043a\u0430\u0432\u0430 \u0438\u043b\u0438 \u0448\u0430\u043f\u043a\u0438. \ud83e\uddf6<\/p>\n<p data-start=\"198\" data-end=\"218\"><strong data-start=\"198\" data-end=\"216\">\u0412 \u043a\u043e\u043c\u043f\u043b\u0435\u043a\u0442 \u0432\u0445\u043e\u0434\u0438\u0442:<\/strong><\/p>\n<ul data-start=\"219\" data-end=\"604\">\n<li data-start=\"219\" data-end=\"298\">\n<p data-start=\"221\" data-end=\"298\">5 \u043f\u0430\u0440 \u0441\u043f\u0438\u0446 \u0434\u043b\u0438\u043d\u043e\u0439 5 \u0441\u043c:<br data-start=\"248\" data-end=\"251\" \/>3,5 \u043c\u043c 3,75 \u043c\u043c 4,0 \u043c\u043c 4,5 \u043c\u043c 5,0 \u043c\u043c<\/p>\n<\/li>\n<li data-start=\"299\" data-end=\"378\">\n<p data-start=\"301\" data-end=\"378\">5 \u043f\u0430\u0440 \u0441\u043f\u0438\u0446 \u0434\u043b\u0438\u043d\u043e\u0439 8 \u0441\u043c:<br data-start=\"328\" data-end=\"331\" \/>3,5 \u043c\u043c 3,75 \u043c\u043c 4,0 \u043c\u043c 4,5 \u043c\u043c 5,0 \u043c\u043c<\/p>\n<\/li>\n<li data-start=\"379\" data-end=\"429\">\n<p data-start=\"381\" data-end=\"429\">3 <strong data-start=\"383\" data-end=\"398\">X-Flex Blue<\/strong> \u043b\u0435\u0441\u043a\u0438: 13 \u0441\u043c \u00b7 15 \u0441\u043c \u00b7 20 \u0441\u043c<\/p>\n<\/li>\n<li data-start=\"430\" data-end=\"457\">\n<p data-start=\"432\" data-end=\"457\">\u0410\u0434\u0430\u043f\u0442\u0435\u0440\u044b \u0434\u043b\u044f \u043b\u0435\u0441\u043a\u0438 (2 \u0448\u0442.)<\/p>\n<\/li>\n<li data-start=\"458\" data-end=\"491\">\n<p data-start=\"460\" data-end=\"491\">\u0421\u0442\u043e\u043f\u043f\u0435\u0440\u044b (2 \u0448\u0442.)<\/p>\n<\/li>\n<li data-start=\"492\" data-end=\"524\">\n<p data-start=\"494\" data-end=\"524\">\u041a\u043b\u044e\u0447\u0438\u043a\u0438 (4 \u0448\u0442.)<\/p>\n<\/li>\n<li data-start=\"525\" data-end=\"563\">\n<p data-start=\"527\" data-end=\"563\">\u041a\u0440\u0443\u0433\u043b\u044b\u0435 \u043c\u0430\u0440\u043a\u0435\u0440\u044b \u0434\u043b\u044f \u0432\u044f\u0437\u0430\u043d\u0438\u044f (6 \u0448\u0442.)<\/p>\n<\/li>\n<li data-start=\"564\" data-end=\"604\">\n<p data-start=\"566\" data-end=\"604\">\u041b\u0438\u043d\u0435\u0439\u043a\u0430 \u0441\u043e \u0448\u043a\u0430\u043b\u043e\u0439 \u0434\u043b\u044f \u0438\u0437\u043c\u0435\u0440\u0435\u043d\u0438\u044f \u0440\u0430\u0437\u043c\u0435\u0440\u0430 \u0441\u043f\u0438\u0446<\/p>\n<\/li>\n<\/ul>\n<p data-start=\"927\" data-end=\"1015\" data-is-last-node=\"\" data-is-only-node=\"\"><strong data-start=\"927\" data-end=\"939\">\u041f\u0440\u0438\u043c\u0435\u0447\u0430\u043d\u0438\u0435:<\/strong> \u0426\u0432\u0435\u0442\u043e\u0432\u044b\u0435 \u043e\u0442\u0442\u0435\u043d\u043a\u0438 \u043c\u043e\u0433\u0443\u0442 \u043d\u0435\u0437\u043d\u0430\u0447\u0438\u0442\u0435\u043b\u044c\u043d\u043e \u043e\u0442\u043b\u0438\u0447\u0430\u0442\u044c\u0441\u044f \u0432 \u0437\u0430\u0432\u0438\u0441\u0438\u043c\u043e\u0441\u0442\u0438 \u043e\u0442 \u044d\u043a\u0440\u0430\u043d\u0430 \u0432\u0430\u0448\u0435\u0433\u043e \u0443\u0441\u0442\u0440\u043e\u0439\u0441\u0442\u0432\u0430.<\/p>","protected":false},"excerpt":{"rendered":"<p>ChiaoGoo TWIST Shorties prisukam\u0173j\u0173 metalini\u0173 virbal\u0173 rinkinys (5 cm ir 8 cm) \u2013 itin kompakti\u0161kas rinkinys, sukurtas ma\u017eiems mezgimo projektams, tokiems kaip kojin\u0117s, rankov\u0117s ar kepur\u0117s. \ud83e\uddf6 Rinkinyje yra: 5 poros 5 cm ilgio virbal\u0173:3,5 mm \u00b7 3,75 mm \u00b7 4,0 mm \u00b7 4,5 mm \u00b7 5,0 mm 5 poros 8 cm ilgio virbal\u0173:3,5 mm [&hellip;]<\/p>\n","protected":false},"featured_media":4907,"comment_status":"open","ping_status":"closed","template":"","meta":{"_acf_changed":false},"product_brand":[166],"product_cat":[15,19,861],"product_tag":[],"pro-kategorijos":[],"class_list":{"0":"post-4905","1":"product","2":"type-product","3":"status-publish","4":"has-post-thumbnail","6":"product_brand-chiaogoo","7":"product_cat-visi-produktai","8":"product_cat-mezgimo-priemones","9":"product_cat-virbalu-rinkiniai","11":"first","12":"outofstock","13":"shipping-taxable","14":"purchasable","15":"product-type-simple"},"acf":[],"yoast_head":"<!-- This site is optimized with the Yoast SEO plugin v26.8 - https:\/\/yoast.com\/product\/yoast-seo-wordpress\/ -->\n<title>ChiaoGoo TWIST Shorties prisukam\u0173j\u0173 metalini\u0173 virbal\u0173 rinkinys 5 cm ir 8 cm - Happyinaknit.com<\/title>\n<meta name=\"robots\" content=\"index, follow, max-snippet:-1, max-image-preview:large, max-video-preview:-1\" \/>\n<link rel=\"canonical\" href=\"https:\/\/happyinaknit.com\/ru\/product\/chiaogoo-twist-shorties-prisukamuju-metaliniu-virbalu-rinkinys-5-cm-ir-8-cm\/\" \/>\n<meta property=\"og:locale\" content=\"ru_RU\" \/>\n<meta property=\"og:type\" content=\"article\" \/>\n<meta property=\"og:title\" content=\"ChiaoGoo TWIST Shorties prisukam\u0173j\u0173 metalini\u0173 virbal\u0173 rinkinys 5 cm ir 8 cm - Happyinaknit.com\" \/>\n<meta property=\"og:description\" content=\"ChiaoGoo TWIST Shorties prisukam\u0173j\u0173 metalini\u0173 virbal\u0173 rinkinys (5 cm ir 8 cm) \u2013 itin kompakti\u0161kas rinkinys, sukurtas ma\u017eiems mezgimo projektams, tokiems kaip kojin\u0117s, rankov\u0117s ar kepur\u0117s. \ud83e\uddf6 Rinkinyje yra: 5 poros 5 cm ilgio virbal\u0173:3,5 mm \u00b7 3,75 mm \u00b7 4,0 mm \u00b7 4,5 mm \u00b7 5,0 mm 5 poros 8 cm ilgio virbal\u0173:3,5 mm [&hellip;]\" \/>\n<meta property=\"og:url\" content=\"https:\/\/happyinaknit.com\/ru\/product\/chiaogoo-twist-shorties-prisukamuju-metaliniu-virbalu-rinkinys-5-cm-ir-8-cm\/\" \/>\n<meta property=\"og:site_name\" content=\"Happyinaknit.com\" \/>\n<meta property=\"article:modified_time\" content=\"2025-10-22T20:44:03+00:00\" \/>\n<meta property=\"og:image\" content=\"https:\/\/happyinaknit.com\/wp-content\/uploads\/2025\/10\/IMG_9677.jpg\" \/>\n\t<meta property=\"og:image:width\" content=\"1320\" \/>\n\t<meta property=\"og:image:height\" content=\"971\" \/>\n\t<meta property=\"og:image:type\" content=\"image\/jpeg\" \/>\n<meta name=\"twitter:card\" content=\"summary_large_image\" \/>\n<script type=\"application\/ld+json\" class=\"yoast-schema-graph\">{\"@context\":\"https:\/\/schema.org\",\"@graph\":[{\"@type\":\"WebPage\",\"@id\":\"https:\/\/happyinaknit.com\/produktas\/chiaogoo-twist-shorties-prisukamuju-metaliniu-virbalu-rinkinys-5-cm-ir-8-cm\/\",\"url\":\"https:\/\/happyinaknit.com\/produktas\/chiaogoo-twist-shorties-prisukamuju-metaliniu-virbalu-rinkinys-5-cm-ir-8-cm\/\",\"name\":\"ChiaoGoo TWIST Shorties prisukam\u0173j\u0173 metalini\u0173 virbal\u0173 rinkinys 5 cm ir 8 cm - Happyinaknit.com\",\"isPartOf\":{\"@id\":\"https:\/\/happyinaknit.com\/lt\/#website\"},\"primaryImageOfPage\":{\"@id\":\"https:\/\/happyinaknit.com\/produktas\/chiaogoo-twist-shorties-prisukamuju-metaliniu-virbalu-rinkinys-5-cm-ir-8-cm\/#primaryimage\"},\"image\":{\"@id\":\"https:\/\/happyinaknit.com\/produktas\/chiaogoo-twist-shorties-prisukamuju-metaliniu-virbalu-rinkinys-5-cm-ir-8-cm\/#primaryimage\"},\"thumbnailUrl\":\"https:\/\/happyinaknit.com\/wp-content\/uploads\/2025\/10\/IMG_9677.jpg\",\"datePublished\":\"2025-10-13T19:50:10+00:00\",\"dateModified\":\"2025-10-22T20:44:03+00:00\",\"breadcrumb\":{\"@id\":\"https:\/\/happyinaknit.com\/produktas\/chiaogoo-twist-shorties-prisukamuju-metaliniu-virbalu-rinkinys-5-cm-ir-8-cm\/#breadcrumb\"},\"inLanguage\":\"ru-RU\",\"potentialAction\":[{\"@type\":\"ReadAction\",\"target\":[\"https:\/\/happyinaknit.com\/produktas\/chiaogoo-twist-shorties-prisukamuju-metaliniu-virbalu-rinkinys-5-cm-ir-8-cm\/\"]}]},{\"@type\":\"ImageObject\",\"inLanguage\":\"ru-RU\",\"@id\":\"https:\/\/happyinaknit.com\/produktas\/chiaogoo-twist-shorties-prisukamuju-metaliniu-virbalu-rinkinys-5-cm-ir-8-cm\/#primaryimage\",\"url\":\"https:\/\/happyinaknit.com\/wp-content\/uploads\/2025\/10\/IMG_9677.jpg\",\"contentUrl\":\"https:\/\/happyinaknit.com\/wp-content\/uploads\/2025\/10\/IMG_9677.jpg\",\"width\":1320,\"height\":971},{\"@type\":\"BreadcrumbList\",\"@id\":\"https:\/\/happyinaknit.com\/produktas\/chiaogoo-twist-shorties-prisukamuju-metaliniu-virbalu-rinkinys-5-cm-ir-8-cm\/#breadcrumb\",\"itemListElement\":[{\"@type\":\"ListItem\",\"position\":1,\"name\":\"Home\",\"item\":\"https:\/\/happyinaknit.com\/lt\/\"},{\"@type\":\"ListItem\",\"position\":2,\"name\":\"Parduotuv\u0117\",\"item\":\"https:\/\/happyinaknit.com\/lt\/parduotuve\/\"},{\"@type\":\"ListItem\",\"position\":3,\"name\":\"ChiaoGoo TWIST Shorties prisukam\u0173j\u0173 metalini\u0173 virbal\u0173 rinkinys 5 cm ir 8 cm\"}]},{\"@type\":\"WebSite\",\"@id\":\"https:\/\/happyinaknit.com\/lt\/#website\",\"url\":\"https:\/\/happyinaknit.com\/lt\/\",\"name\":\"Happyinaknit.com\",\"description\":\"\",\"potentialAction\":[{\"@type\":\"SearchAction\",\"target\":{\"@type\":\"EntryPoint\",\"urlTemplate\":\"https:\/\/happyinaknit.com\/lt\/?s={search_term_string}\"},\"query-input\":{\"@type\":\"PropertyValueSpecification\",\"valueRequired\":true,\"valueName\":\"search_term_string\"}}],\"inLanguage\":\"ru-RU\"}]}<\/script>\n<!-- \/ Yoast SEO plugin. -->","yoast_head_json":{"title":"ChiaoGoo TWIST Shorties prisukam\u0173j\u0173 metalini\u0173 virbal\u0173 rinkinys 5 cm ir 8 cm - Happyinaknit.com","robots":{"index":"index","follow":"follow","max-snippet":"max-snippet:-1","max-image-preview":"max-image-preview:large","max-video-preview":"max-video-preview:-1"},"canonical":"https:\/\/happyinaknit.com\/ru\/product\/chiaogoo-twist-shorties-prisukamuju-metaliniu-virbalu-rinkinys-5-cm-ir-8-cm\/","og_locale":"ru_RU","og_type":"article","og_title":"ChiaoGoo TWIST Shorties prisukam\u0173j\u0173 metalini\u0173 virbal\u0173 rinkinys 5 cm ir 8 cm - Happyinaknit.com","og_description":"ChiaoGoo TWIST Shorties prisukam\u0173j\u0173 metalini\u0173 virbal\u0173 rinkinys (5 cm ir 8 cm) \u2013 itin kompakti\u0161kas rinkinys, sukurtas ma\u017eiems mezgimo projektams, tokiems kaip kojin\u0117s, rankov\u0117s ar kepur\u0117s. \ud83e\uddf6 Rinkinyje yra: 5 poros 5 cm ilgio virbal\u0173:3,5 mm \u00b7 3,75 mm \u00b7 4,0 mm \u00b7 4,5 mm \u00b7 5,0 mm 5 poros 8 cm ilgio virbal\u0173:3,5 mm [&hellip;]","og_url":"https:\/\/happyinaknit.com\/ru\/product\/chiaogoo-twist-shorties-prisukamuju-metaliniu-virbalu-rinkinys-5-cm-ir-8-cm\/","og_site_name":"Happyinaknit.com","article_modified_time":"2025-10-22T20:44:03+00:00","og_image":[{"width":1320,"height":971,"url":"https:\/\/happyinaknit.com\/wp-content\/uploads\/2025\/10\/IMG_9677.jpg","type":"image\/jpeg"}],"twitter_card":"summary_large_image","schema":{"@context":"https:\/\/schema.org","@graph":[{"@type":"WebPage","@id":"https:\/\/happyinaknit.com\/produktas\/chiaogoo-twist-shorties-prisukamuju-metaliniu-virbalu-rinkinys-5-cm-ir-8-cm\/","url":"https:\/\/happyinaknit.com\/produktas\/chiaogoo-twist-shorties-prisukamuju-metaliniu-virbalu-rinkinys-5-cm-ir-8-cm\/","name":"ChiaoGoo TWIST Shorties prisukam\u0173j\u0173 metalini\u0173 virbal\u0173 rinkinys 5 cm ir 8 cm - Happyinaknit.com","isPartOf":{"@id":"https:\/\/happyinaknit.com\/lt\/#website"},"primaryImageOfPage":{"@id":"https:\/\/happyinaknit.com\/produktas\/chiaogoo-twist-shorties-prisukamuju-metaliniu-virbalu-rinkinys-5-cm-ir-8-cm\/#primaryimage"},"image":{"@id":"https:\/\/happyinaknit.com\/produktas\/chiaogoo-twist-shorties-prisukamuju-metaliniu-virbalu-rinkinys-5-cm-ir-8-cm\/#primaryimage"},"thumbnailUrl":"https:\/\/happyinaknit.com\/wp-content\/uploads\/2025\/10\/IMG_9677.jpg","datePublished":"2025-10-13T19:50:10+00:00","dateModified":"2025-10-22T20:44:03+00:00","breadcrumb":{"@id":"https:\/\/happyinaknit.com\/produktas\/chiaogoo-twist-shorties-prisukamuju-metaliniu-virbalu-rinkinys-5-cm-ir-8-cm\/#breadcrumb"},"inLanguage":"ru-RU","potentialAction":[{"@type":"ReadAction","target":["https:\/\/happyinaknit.com\/produktas\/chiaogoo-twist-shorties-prisukamuju-metaliniu-virbalu-rinkinys-5-cm-ir-8-cm\/"]}]},{"@type":"ImageObject","inLanguage":"ru-RU","@id":"https:\/\/happyinaknit.com\/produktas\/chiaogoo-twist-shorties-prisukamuju-metaliniu-virbalu-rinkinys-5-cm-ir-8-cm\/#primaryimage","url":"https:\/\/happyinaknit.com\/wp-content\/uploads\/2025\/10\/IMG_9677.jpg","contentUrl":"https:\/\/happyinaknit.com\/wp-content\/uploads\/2025\/10\/IMG_9677.jpg","width":1320,"height":971},{"@type":"BreadcrumbList","@id":"https:\/\/happyinaknit.com\/produktas\/chiaogoo-twist-shorties-prisukamuju-metaliniu-virbalu-rinkinys-5-cm-ir-8-cm\/#breadcrumb","itemListElement":[{"@type":"ListItem","position":1,"name":"Home","item":"https:\/\/happyinaknit.com\/lt\/"},{"@type":"ListItem","position":2,"name":"Parduotuv\u0117","item":"https:\/\/happyinaknit.com\/lt\/parduotuve\/"},{"@type":"ListItem","position":3,"name":"ChiaoGoo TWIST Shorties prisukam\u0173j\u0173 metalini\u0173 virbal\u0173 rinkinys 5 cm ir 8 cm"}]},{"@type":"WebSite","@id":"https:\/\/happyinaknit.com\/lt\/#website","url":"https:\/\/happyinaknit.com\/lt\/","name":"Happyinaknit.com","description":"","potentialAction":[{"@type":"SearchAction","target":{"@type":"EntryPoint","urlTemplate":"https:\/\/happyinaknit.com\/lt\/?s={search_term_string}"},"query-input":{"@type":"PropertyValueSpecification","valueRequired":true,"valueName":"search_term_string"}}],"inLanguage":"ru-RU"}]}},"_links":{"self":[{"href":"https:\/\/happyinaknit.com\/ru\/wp-json\/wp\/v2\/product\/4905","targetHints":{"allow":["GET"]}}],"collection":[{"href":"https:\/\/happyinaknit.com\/ru\/wp-json\/wp\/v2\/product"}],"about":[{"href":"https:\/\/happyinaknit.com\/ru\/wp-json\/wp\/v2\/types\/product"}],"replies":[{"embeddable":true,"href":"https:\/\/happyinaknit.com\/ru\/wp-json\/wp\/v2\/comments?post=4905"}],"wp:featuredmedia":[{"embeddable":true,"href":"https:\/\/happyinaknit.com\/ru\/wp-json\/wp\/v2\/media\/4907"}],"wp:attachment":[{"href":"https:\/\/happyinaknit.com\/ru\/wp-json\/wp\/v2\/media?parent=4905"}],"wp:term":[{"taxonomy":"product_brand","embeddable":true,"href":"https:\/\/happyinaknit.com\/ru\/wp-json\/wp\/v2\/product_brand?post=4905"},{"taxonomy":"product_cat","embeddable":true,"href":"https:\/\/happyinaknit.com\/ru\/wp-json\/wp\/v2\/product_cat?post=4905"},{"taxonomy":"product_tag","embeddable":true,"href":"https:\/\/happyinaknit.com\/ru\/wp-json\/wp\/v2\/product_tag?post=4905"},{"taxonomy":"pro-kategorijos","embeddable":true,"href":"https:\/\/happyinaknit.com\/ru\/wp-json\/wp\/v2\/pro-kategorijos?post=4905"}],"curies":[{"name":"wp","href":"https:\/\/api.w.org\/{rel}","templated":true}]}}