{"id":4641,"date":"2025-10-12T20:09:34","date_gmt":"2025-10-12T20:09:34","guid":{"rendered":"https:\/\/happyinaknit.com\/?post_type=product&#038;p=4641"},"modified":"2026-04-08T14:57:27","modified_gmt":"2026-04-08T14:57:27","slug":"online-linie-344-starlight","status":"publish","type":"product","link":"https:\/\/happyinaknit.com\/ru\/product\/online-linie-344-starlight\/","title":{"rendered":"Online Linie  344 Starlight"},"content":{"rendered":"<p data-start=\"0\" data-end=\"386\"><strong data-start=\"0\" data-end=\"30\">Online Linie  344 Starlight<\/strong> \u2013 \u0443\u043d\u0438\u0432\u0435\u0440\u0441\u0430\u043b\u044c\u043d\u0430\u044f \u0431\u043b\u0435\u0441\u0442\u044f\u0449\u0430\u044f \u043f\u0440\u044f\u0436\u0430, \u043a\u043e\u0442\u043e\u0440\u0430\u044f \u043f\u0440\u0438\u0434\u0430\u0441\u0442 \u0432\u0430\u0448\u0438\u043c \u0438\u0437\u0434\u0435\u043b\u0438\u044f\u043c \u044d\u043b\u0435\u0433\u0430\u043d\u0442\u043d\u044b\u0439 \u0448\u0430\u0440\u043c \u0438 \u043c\u0435\u0440\u0446\u0430\u044e\u0449\u0438\u0439 \u0431\u043b\u0435\u0441\u043a. \u042d\u0442\u0430 \u043f\u0440\u044f\u0436\u0430 \u0438\u0434\u0435\u0430\u043b\u044c\u043d\u043e \u043f\u043e\u0434\u0445\u043e\u0434\u0438\u0442 \u043a\u0430\u043a \u0434\u043b\u044f \u043d\u0430\u0447\u0438\u043d\u0430\u044e\u0449\u0438\u0445, \u0442\u0430\u043a \u0438 \u0434\u043b\u044f \u043e\u043f\u044b\u0442\u043d\u044b\u0445 \u0432\u044f\u0437\u0430\u043b\u044c\u0449\u0438\u0446, \u0436\u0435\u043b\u0430\u044e\u0449\u0438\u0445 \u043f\u0440\u0438\u0434\u0430\u0442\u044c \u0441\u0432\u043e\u0438\u043c \u0438\u0437\u0434\u0435\u043b\u0438\u044f\u043c \u043e\u0441\u043e\u0431\u044b\u0439 \u0448\u0430\u0440\u043c. \u0418\u0441\u043f\u043e\u043b\u044c\u0437\u0443\u0439\u0442\u0435 \u0435\u0451 \u043a\u0430\u043a \u0434\u043e\u043f\u043e\u043b\u043d\u0438\u0442\u0435\u043b\u044c\u043d\u0443\u044e \u043f\u0440\u044f\u0436\u0443 \u0432 \u0441\u043e\u0447\u0435\u0442\u0430\u043d\u0438\u0438 \u0441 \u0434\u0440\u0443\u0433\u0438\u043c\u0438 \u2013 \u0440\u0435\u0437\u0443\u043b\u044c\u0442\u0430\u0442 \u043f\u043e\u043b\u0443\u0447\u0438\u0442\u0441\u044f \u043b\u0451\u0433\u043a\u0438\u043c, \u0431\u043b\u0435\u0441\u0442\u044f\u0449\u0438\u043c \u0438 \u0438\u0437\u044b\u0441\u043a\u0430\u043d\u043d\u044b\u043c.<\/p>\n<p data-start=\"388\" data-end=\"735\"><strong data-start=\"388\" data-end=\"400\">\u0421\u043e\u0441\u0442\u0430\u0432:<\/strong> 100% \u043f\u043e\u043b\u0438\u044d\u0441\u0442\u0435\u0440<br data-start=\"417\" data-end=\"420\" \/><strong data-start=\"420\" data-end=\"439\" data-is-only-node=\"\">\u0412\u0435\u0441\/\u0414\u043b\u0438\u043d\u0430:<\/strong> 25 \u0433 \u2013 390 \u043c<br data-start=\"452\" data-end=\"455\" \/><strong data-start=\"455\" data-end=\"468\">\u041f\u043b\u043e\u0442\u043d\u043e\u0441\u0442\u044c:<\/strong> 10 \u00d7 10 \u0441\u043c \u2013 35 \u043f\u0435\u0442\u0435\u043b\u044c \u00d7 45 \u0440\u044f\u0434\u043e\u0432<br data-start=\"538\" data-end=\"541\" \/><strong data-start=\"541\" data-end=\"564\">\u041d\u0435\u043e\u0431\u0445\u043e\u0434\u0438\u043c\u043e\u0435 \u043a\u043e\u043b\u0438\u0447\u0435\u0441\u0442\u0432\u043e:<\/strong> \u0432 \u043a\u0430\u0447\u0435\u0441\u0442\u0432\u0435 \u0434\u043e\u043f\u043e\u043b\u043d\u0438\u0442\u0435\u043b\u044c\u043d\u043e\u0439 \u043d\u0438\u0442\u0438 \u2013 \u043e\u043a\u043e\u043b\u043e 4 \u043c\u043e\u0442\u043a\u043e\u0432 \u0434\u043b\u044f \u0440\u0430\u0437\u043c\u0435\u0440\u0430 \u041c (38\/40)<\/p>\n<p data-start=\"388\" data-end=\"735\"><br data-start=\"625\" data-end=\"628\" \/><strong data-start=\"628\" data-end=\"642\">\u0421\u043e\u0432\u0435\u0442\u044b \u043f\u043e \u0443\u0445\u043e\u0434\u0443:<\/strong> \u0421\u0442\u0438\u0440\u0430\u0442\u044c \u0432\u0440\u0443\u0447\u043d\u0443\u044e \u043f\u0440\u0438 \u0442\u0435\u043c\u043f\u0435\u0440\u0430\u0442\u0443\u0440\u0435 \u043d\u0435 \u0432\u044b\u0448\u0435 30 \u00b0C, \u0441\u0443\u0448\u0438\u0442\u044c \u043d\u0430 \u0433\u043e\u0440\u0438\u0437\u043e\u043d\u0442\u0430\u043b\u044c\u043d\u043e\u0439 \u043f\u043e\u0432\u0435\u0440\u0445\u043d\u043e\u0441\u0442\u0438.<\/p>\n<p data-start=\"737\" data-end=\"825\" data-is-last-node=\"\" data-is-only-node=\"\"><strong data-start=\"737\" data-end=\"749\">\u041f\u0440\u0438\u043c\u0435\u0447\u0430\u043d\u0438\u0435:<\/strong> \u0426\u0432\u0435\u0442\u043e\u0432\u044b\u0435 \u043e\u0442\u0442\u0435\u043d\u043a\u0438 \u043c\u043e\u0433\u0443\u0442 \u043d\u0435\u0437\u043d\u0430\u0447\u0438\u0442\u0435\u043b\u044c\u043d\u043e \u043e\u0442\u043b\u0438\u0447\u0430\u0442\u044c\u0441\u044f \u0432 \u0437\u0430\u0432\u0438\u0441\u0438\u043c\u043e\u0441\u0442\u0438 \u043e\u0442 \u044d\u043a\u0440\u0430\u043d\u0430 \u0432\u0430\u0448\u0435\u0433\u043e \u0443\u0441\u0442\u0440\u043e\u0439\u0441\u0442\u0432\u0430.<\/p>","protected":false},"excerpt":{"rendered":"<p>ONline Linie 344 Starlight \u2013 universali, blizganti si\u016bl\u0173 r\u016b\u0161is, suteikianti j\u016bs\u0173 mezginiams eleganti\u0161ko \u017eavesio ir \u017e\u0117rin\u010dio efekto. Nesvarbu, ar esate pradedantysis, ar patyr\u0119s mezg\u0117jas \u2013 \u0161ie si\u016blai puikiai tiks kiekvienam, norin\u010diam savo k\u016briniams suteikti ypating\u0105 i\u0161skirtinum\u0105. Naudokite kaip papildom\u0105 si\u016bl\u0105 kartu su kitais \u2013 rezultatas bus subtiliai blizgantis ir rafinuotas. Sud\u0117tis: 100% poliesterisSvoris \/ ilgis: [&hellip;]<\/p>\n","protected":false},"featured_media":4645,"comment_status":"open","ping_status":"closed","template":"","meta":{"_acf_changed":false},"product_brand":[1098],"product_cat":[15,18,323],"product_tag":[],"pro-kategorijos":[79],"class_list":{"0":"post-4641","1":"product","2":"type-product","3":"status-publish","4":"has-post-thumbnail","6":"product_brand-online","7":"product_cat-visi-produktai","8":"product_cat-siulai","9":"product_cat-siulai-su-lureksu-ir-zvyneliais","10":"pro-kategorijos-poliesteris","12":"first","13":"instock","14":"shipping-taxable","15":"purchasable","16":"product-type-variable"},"acf":[],"yoast_head":"<!-- This site is optimized with the Yoast SEO plugin v26.8 - https:\/\/yoast.com\/product\/yoast-seo-wordpress\/ -->\n<title>Online Linie 344 Starlight - Happyinaknit.com<\/title>\n<meta name=\"robots\" content=\"index, follow, max-snippet:-1, max-image-preview:large, max-video-preview:-1\" \/>\n<link rel=\"canonical\" href=\"https:\/\/happyinaknit.com\/ru\/product\/online-linie-344-starlight\/\" \/>\n<meta property=\"og:locale\" content=\"ru_RU\" \/>\n<meta property=\"og:type\" content=\"article\" \/>\n<meta property=\"og:title\" content=\"Online Linie 344 Starlight - Happyinaknit.com\" \/>\n<meta property=\"og:description\" content=\"ONline Linie 344 Starlight \u2013 universali, blizganti si\u016bl\u0173 r\u016b\u0161is, suteikianti j\u016bs\u0173 mezginiams eleganti\u0161ko \u017eavesio ir \u017e\u0117rin\u010dio efekto. Nesvarbu, ar esate pradedantysis, ar patyr\u0119s mezg\u0117jas \u2013 \u0161ie si\u016blai puikiai tiks kiekvienam, norin\u010diam savo k\u016briniams suteikti ypating\u0105 i\u0161skirtinum\u0105. Naudokite kaip papildom\u0105 si\u016bl\u0105 kartu su kitais \u2013 rezultatas bus subtiliai blizgantis ir rafinuotas. Sud\u0117tis: 100% poliesterisSvoris \/ ilgis: [&hellip;]\" \/>\n<meta property=\"og:url\" content=\"https:\/\/happyinaknit.com\/ru\/product\/online-linie-344-starlight\/\" \/>\n<meta property=\"og:site_name\" content=\"Happyinaknit.com\" \/>\n<meta property=\"article:modified_time\" content=\"2026-04-08T14:57:27+00:00\" \/>\n<meta property=\"og:image\" content=\"https:\/\/happyinaknit.com\/wp-content\/uploads\/2025\/10\/IMG_9375.jpg\" \/>\n\t<meta property=\"og:image:width\" content=\"1320\" \/>\n\t<meta property=\"og:image:height\" content=\"1304\" \/>\n\t<meta property=\"og:image:type\" content=\"image\/jpeg\" \/>\n<meta name=\"twitter:card\" content=\"summary_large_image\" \/>\n<meta name=\"twitter:label1\" content=\"\u041f\u0440\u0438\u043c\u0435\u0440\u043d\u043e\u0435 \u0432\u0440\u0435\u043c\u044f \u0434\u043b\u044f \u0447\u0442\u0435\u043d\u0438\u044f\" \/>\n\t<meta name=\"twitter:data1\" content=\"1 \u043c\u0438\u043d\u0443\u0442\u0430\" \/>\n<script type=\"application\/ld+json\" class=\"yoast-schema-graph\">{\"@context\":\"https:\/\/schema.org\",\"@graph\":[{\"@type\":\"WebPage\",\"@id\":\"https:\/\/happyinaknit.com\/produktas\/online-linie-344-starlight\/\",\"url\":\"https:\/\/happyinaknit.com\/produktas\/online-linie-344-starlight\/\",\"name\":\"Online Linie 344 Starlight - Happyinaknit.com\",\"isPartOf\":{\"@id\":\"https:\/\/happyinaknit.com\/lt\/#website\"},\"primaryImageOfPage\":{\"@id\":\"https:\/\/happyinaknit.com\/produktas\/online-linie-344-starlight\/#primaryimage\"},\"image\":{\"@id\":\"https:\/\/happyinaknit.com\/produktas\/online-linie-344-starlight\/#primaryimage\"},\"thumbnailUrl\":\"https:\/\/happyinaknit.com\/wp-content\/uploads\/2025\/10\/IMG_9375.jpg\",\"datePublished\":\"2025-10-12T20:09:34+00:00\",\"dateModified\":\"2026-04-08T14:57:27+00:00\",\"breadcrumb\":{\"@id\":\"https:\/\/happyinaknit.com\/produktas\/online-linie-344-starlight\/#breadcrumb\"},\"inLanguage\":\"ru-RU\",\"potentialAction\":[{\"@type\":\"ReadAction\",\"target\":[\"https:\/\/happyinaknit.com\/produktas\/online-linie-344-starlight\/\"]}]},{\"@type\":\"ImageObject\",\"inLanguage\":\"ru-RU\",\"@id\":\"https:\/\/happyinaknit.com\/produktas\/online-linie-344-starlight\/#primaryimage\",\"url\":\"https:\/\/happyinaknit.com\/wp-content\/uploads\/2025\/10\/IMG_9375.jpg\",\"contentUrl\":\"https:\/\/happyinaknit.com\/wp-content\/uploads\/2025\/10\/IMG_9375.jpg\",\"width\":1320,\"height\":1304},{\"@type\":\"BreadcrumbList\",\"@id\":\"https:\/\/happyinaknit.com\/produktas\/online-linie-344-starlight\/#breadcrumb\",\"itemListElement\":[{\"@type\":\"ListItem\",\"position\":1,\"name\":\"Home\",\"item\":\"https:\/\/happyinaknit.com\/lt\/\"},{\"@type\":\"ListItem\",\"position\":2,\"name\":\"Parduotuv\u0117\",\"item\":\"https:\/\/happyinaknit.com\/lt\/parduotuve\/\"},{\"@type\":\"ListItem\",\"position\":3,\"name\":\"Online Linie 344 Starlight\"}]},{\"@type\":\"WebSite\",\"@id\":\"https:\/\/happyinaknit.com\/lt\/#website\",\"url\":\"https:\/\/happyinaknit.com\/lt\/\",\"name\":\"Happyinaknit.com\",\"description\":\"\",\"potentialAction\":[{\"@type\":\"SearchAction\",\"target\":{\"@type\":\"EntryPoint\",\"urlTemplate\":\"https:\/\/happyinaknit.com\/lt\/?s={search_term_string}\"},\"query-input\":{\"@type\":\"PropertyValueSpecification\",\"valueRequired\":true,\"valueName\":\"search_term_string\"}}],\"inLanguage\":\"ru-RU\"}]}<\/script>\n<!-- \/ Yoast SEO plugin. -->","yoast_head_json":{"title":"Online Linie 344 Starlight - Happyinaknit.com","robots":{"index":"index","follow":"follow","max-snippet":"max-snippet:-1","max-image-preview":"max-image-preview:large","max-video-preview":"max-video-preview:-1"},"canonical":"https:\/\/happyinaknit.com\/ru\/product\/online-linie-344-starlight\/","og_locale":"ru_RU","og_type":"article","og_title":"Online Linie 344 Starlight - Happyinaknit.com","og_description":"ONline Linie 344 Starlight \u2013 universali, blizganti si\u016bl\u0173 r\u016b\u0161is, suteikianti j\u016bs\u0173 mezginiams eleganti\u0161ko \u017eavesio ir \u017e\u0117rin\u010dio efekto. Nesvarbu, ar esate pradedantysis, ar patyr\u0119s mezg\u0117jas \u2013 \u0161ie si\u016blai puikiai tiks kiekvienam, norin\u010diam savo k\u016briniams suteikti ypating\u0105 i\u0161skirtinum\u0105. Naudokite kaip papildom\u0105 si\u016bl\u0105 kartu su kitais \u2013 rezultatas bus subtiliai blizgantis ir rafinuotas. Sud\u0117tis: 100% poliesterisSvoris \/ ilgis: [&hellip;]","og_url":"https:\/\/happyinaknit.com\/ru\/product\/online-linie-344-starlight\/","og_site_name":"Happyinaknit.com","article_modified_time":"2026-04-08T14:57:27+00:00","og_image":[{"width":1320,"height":1304,"url":"https:\/\/happyinaknit.com\/wp-content\/uploads\/2025\/10\/IMG_9375.jpg","type":"image\/jpeg"}],"twitter_card":"summary_large_image","twitter_misc":{"\u041f\u0440\u0438\u043c\u0435\u0440\u043d\u043e\u0435 \u0432\u0440\u0435\u043c\u044f \u0434\u043b\u044f \u0447\u0442\u0435\u043d\u0438\u044f":"1 \u043c\u0438\u043d\u0443\u0442\u0430"},"schema":{"@context":"https:\/\/schema.org","@graph":[{"@type":"WebPage","@id":"https:\/\/happyinaknit.com\/produktas\/online-linie-344-starlight\/","url":"https:\/\/happyinaknit.com\/produktas\/online-linie-344-starlight\/","name":"Online Linie 344 Starlight - Happyinaknit.com","isPartOf":{"@id":"https:\/\/happyinaknit.com\/lt\/#website"},"primaryImageOfPage":{"@id":"https:\/\/happyinaknit.com\/produktas\/online-linie-344-starlight\/#primaryimage"},"image":{"@id":"https:\/\/happyinaknit.com\/produktas\/online-linie-344-starlight\/#primaryimage"},"thumbnailUrl":"https:\/\/happyinaknit.com\/wp-content\/uploads\/2025\/10\/IMG_9375.jpg","datePublished":"2025-10-12T20:09:34+00:00","dateModified":"2026-04-08T14:57:27+00:00","breadcrumb":{"@id":"https:\/\/happyinaknit.com\/produktas\/online-linie-344-starlight\/#breadcrumb"},"inLanguage":"ru-RU","potentialAction":[{"@type":"ReadAction","target":["https:\/\/happyinaknit.com\/produktas\/online-linie-344-starlight\/"]}]},{"@type":"ImageObject","inLanguage":"ru-RU","@id":"https:\/\/happyinaknit.com\/produktas\/online-linie-344-starlight\/#primaryimage","url":"https:\/\/happyinaknit.com\/wp-content\/uploads\/2025\/10\/IMG_9375.jpg","contentUrl":"https:\/\/happyinaknit.com\/wp-content\/uploads\/2025\/10\/IMG_9375.jpg","width":1320,"height":1304},{"@type":"BreadcrumbList","@id":"https:\/\/happyinaknit.com\/produktas\/online-linie-344-starlight\/#breadcrumb","itemListElement":[{"@type":"ListItem","position":1,"name":"Home","item":"https:\/\/happyinaknit.com\/lt\/"},{"@type":"ListItem","position":2,"name":"Parduotuv\u0117","item":"https:\/\/happyinaknit.com\/lt\/parduotuve\/"},{"@type":"ListItem","position":3,"name":"Online Linie 344 Starlight"}]},{"@type":"WebSite","@id":"https:\/\/happyinaknit.com\/lt\/#website","url":"https:\/\/happyinaknit.com\/lt\/","name":"Happyinaknit.com","description":"","potentialAction":[{"@type":"SearchAction","target":{"@type":"EntryPoint","urlTemplate":"https:\/\/happyinaknit.com\/lt\/?s={search_term_string}"},"query-input":{"@type":"PropertyValueSpecification","valueRequired":true,"valueName":"search_term_string"}}],"inLanguage":"ru-RU"}]}},"_links":{"self":[{"href":"https:\/\/happyinaknit.com\/ru\/wp-json\/wp\/v2\/product\/4641","targetHints":{"allow":["GET"]}}],"collection":[{"href":"https:\/\/happyinaknit.com\/ru\/wp-json\/wp\/v2\/product"}],"about":[{"href":"https:\/\/happyinaknit.com\/ru\/wp-json\/wp\/v2\/types\/product"}],"replies":[{"embeddable":true,"href":"https:\/\/happyinaknit.com\/ru\/wp-json\/wp\/v2\/comments?post=4641"}],"wp:featuredmedia":[{"embeddable":true,"href":"https:\/\/happyinaknit.com\/ru\/wp-json\/wp\/v2\/media\/4645"}],"wp:attachment":[{"href":"https:\/\/happyinaknit.com\/ru\/wp-json\/wp\/v2\/media?parent=4641"}],"wp:term":[{"taxonomy":"product_brand","embeddable":true,"href":"https:\/\/happyinaknit.com\/ru\/wp-json\/wp\/v2\/product_brand?post=4641"},{"taxonomy":"product_cat","embeddable":true,"href":"https:\/\/happyinaknit.com\/ru\/wp-json\/wp\/v2\/product_cat?post=4641"},{"taxonomy":"product_tag","embeddable":true,"href":"https:\/\/happyinaknit.com\/ru\/wp-json\/wp\/v2\/product_tag?post=4641"},{"taxonomy":"pro-kategorijos","embeddable":true,"href":"https:\/\/happyinaknit.com\/ru\/wp-json\/wp\/v2\/pro-kategorijos?post=4641"}],"curies":[{"name":"wp","href":"https:\/\/api.w.org\/{rel}","templated":true}]}}