{"id":4614,"date":"2025-10-12T19:17:54","date_gmt":"2025-10-12T19:17:54","guid":{"rendered":"https:\/\/happyinaknit.com\/?post_type=product&#038;p=4614"},"modified":"2025-12-29T21:08:09","modified_gmt":"2025-12-29T21:08:09","slug":"katia-star","status":"publish","type":"product","link":"https:\/\/happyinaknit.com\/ru\/product\/katia-star\/","title":{"rendered":"Katia Star"},"content":{"rendered":"<p data-start=\"0\" data-end=\"290\"><strong data-start=\"0\" data-end=\"14\">Katia Star<\/strong> \u2013 \u0447\u0440\u0435\u0437\u0432\u044b\u0447\u0430\u0439\u043d\u043e \u0442\u043e\u043d\u043a\u0430\u044f \u0438 \u043b\u0451\u0433\u043a\u0430\u044f \u043f\u0440\u044f\u0436\u0430 \u0441 \u043b\u0451\u0433\u043a\u0438\u043c \u0437\u043e\u043b\u043e\u0442\u0438\u0441\u0442\u044b\u043c \u0431\u043b\u0435\u0441\u043a\u043e\u043c. \u0411\u043b\u0430\u0433\u043e\u0434\u0430\u0440\u044f \u043c\u0435\u0442\u0430\u043b\u043b\u0438\u0437\u0438\u0440\u043e\u0432\u0430\u043d\u043d\u043e\u0439 \u043f\u043e\u0432\u0435\u0440\u0445\u043d\u043e\u0441\u0442\u0438 \u044d\u0442\u0430 \u043f\u0440\u044f\u0436\u0430 \u0438\u0434\u0435\u0430\u043b\u044c\u043d\u043e \u0441\u043e\u0447\u0435\u0442\u0430\u0435\u0442\u0441\u044f \u0441 \u0434\u0440\u0443\u0433\u0438\u043c\u0438 \u0432\u0438\u0434\u0430\u043c\u0438 \u043f\u0440\u044f\u0436\u0438, \u043f\u0440\u0438\u0434\u0430\u0432\u0430\u044f \u0438\u0437\u0434\u0435\u043b\u0438\u044f\u043c \u044d\u043b\u0435\u0433\u0430\u043d\u0442\u043d\u044b\u0439 \u0431\u043b\u0435\u0441\u043a. \u0418\u0434\u0435\u0430\u043b\u044c\u043d\u043e \u043f\u043e\u0434\u0445\u043e\u0434\u0438\u0442 \u0434\u043b\u044f \u0432\u044f\u0437\u0430\u043d\u0438\u044f \u0432\u0435\u0447\u0435\u0440\u043d\u0438\u0445 \u043d\u0430\u0440\u044f\u0434\u043e\u0432, \u0448\u0430\u0440\u0444\u043e\u0432 \u0438 \u043f\u0440\u0430\u0437\u0434\u043d\u0438\u0447\u043d\u044b\u0445 \u0430\u043a\u0441\u0435\u0441\u0441\u0443\u0430\u0440\u043e\u0432.<\/p>\n<p data-start=\"292\" data-end=\"567\"><strong data-start=\"292\" data-end=\"304\">\u0421\u043e\u0441\u0442\u0430\u0432:<\/strong> 65% \u0432\u0438\u0441\u043a\u043e\u0437\u0430, 35% \u043f\u043e\u043b\u0438\u044d\u0441\u0442\u0435\u0440<br data-start=\"333\" data-end=\"336\" \/><strong data-start=\"336\" data-end=\"347\" data-is-only-node=\"\">\u0412\u0435\u0441\/ \u0434\u043b\u0438\u043d\u0430:<\/strong>\u00a025 \u0433 - 625 \u043c<br data-start=\"371\" data-end=\"374\" \/><strong data-start=\"374\" data-end=\"387\">\u041f\u043b\u043e\u0442\u043d\u043e\u0441\u0442\u044c:<\/strong> 10 \u00d7 10 \u0441\u043c \u2013 34 \u043f\u0435\u0442\u043b\u0438 \u00d7 44 \u0440\u044f\u0434\u0430<br data-start=\"419\" data-end=\"422\" \/><strong data-start=\"422\" data-end=\"450\">\u0420\u0435\u043a\u043e\u043c\u0435\u043d\u0434\u0443\u0435\u043c\u044b\u0435 \u0441\u043f\u0438\u0446\u044b:<\/strong> 2-3 \u043c\u043c<br data-start=\"457\" data-end=\"460\" \/><strong data-start=\"460\" data-end=\"474\">\u0421\u043e\u0432\u0435\u0442\u044b \u043f\u043e \u0443\u0445\u043e\u0434\u0443:<\/strong> \u0421\u0442\u0438\u0440\u0430\u0442\u044c \u0432\u0440\u0443\u0447\u043d\u0443\u044e \u043f\u0440\u0438 \u0442\u0435\u043c\u043f\u0435\u0440\u0430\u0442\u0443\u0440\u0435 \u043d\u0435 \u0432\u044b\u0448\u0435 30 \u00b0C, \u0441\u0443\u0448\u0438\u0442\u044c \u043d\u0430 \u0433\u043e\u0440\u0438\u0437\u043e\u043d\u0442\u0430\u043b\u044c\u043d\u043e\u0439 \u043f\u043e\u0432\u0435\u0440\u0445\u043d\u043e\u0441\u0442\u0438.<\/p>\n<p data-start=\"569\" data-end=\"657\" data-is-last-node=\"\" data-is-only-node=\"\"><strong data-start=\"569\" data-end=\"581\">\u041f\u0440\u0438\u043c\u0435\u0447\u0430\u043d\u0438\u0435:<\/strong> \u0426\u0432\u0435\u0442\u043e\u0432\u044b\u0435 \u043e\u0442\u0442\u0435\u043d\u043a\u0438 \u043c\u043e\u0433\u0443\u0442 \u043d\u0435\u0437\u043d\u0430\u0447\u0438\u0442\u0435\u043b\u044c\u043d\u043e \u043e\u0442\u043b\u0438\u0447\u0430\u0442\u044c\u0441\u044f \u0432 \u0437\u0430\u0432\u0438\u0441\u0438\u043c\u043e\u0441\u0442\u0438 \u043e\u0442 \u044d\u043a\u0440\u0430\u043d\u0430 \u0432\u0430\u0448\u0435\u0433\u043e \u0443\u0441\u0442\u0440\u043e\u0439\u0441\u0442\u0432\u0430.<\/p>","protected":false},"excerpt":{"rendered":"<p>Katia Star \u2013 itin plonas, lengvas si\u016blas su subtiliu auksiniu \u00a0\u017evilgesiu. D\u0117l metalizuoto pavir\u0161iaus \u0161ie si\u016blai puikiai dera su kitais si\u016blais, suteikdami mezginiams eleganti\u0161ko spindesio. Idealiai tinka megzti vakariniams drabu\u017eiams, \u0161alikams ar \u0161ventiniams aksesuarams. Sud\u0117tis: 65% viskoz\u0117, 35% poliesterisSvoris\/ilgis:\u00a025 g &#8211;\u00a0625 mTankumas: 10 \u00d7 10 cm \u2013 34 akys \u00d7 44 eil\u0117sRekomenduojami virbalai: 2\u20133 mmPrie\u017ei\u016bra: [&hellip;]<\/p>\n","protected":false},"featured_media":4620,"comment_status":"open","ping_status":"closed","template":"","meta":{"_acf_changed":false},"product_brand":[69],"product_cat":[15,18,323],"product_tag":[],"pro-kategorijos":[87,81,79,78],"class_list":{"0":"post-4614","1":"product","2":"type-product","3":"status-publish","4":"has-post-thumbnail","6":"product_brand-concept-by-katia","7":"product_cat-visi-produktai","8":"product_cat-siulai","9":"product_cat-siulai-su-lureksu-ir-zvyneliais","10":"pro-kategorijos-liureksas","11":"pro-kategorijos-poliamidas-zvyneliai","12":"pro-kategorijos-poliesteris","13":"pro-kategorijos-viskoze","15":"first","16":"instock","17":"shipping-taxable","18":"purchasable","19":"product-type-simple"},"acf":[],"yoast_head":"<!-- This site is optimized with the Yoast SEO plugin v26.8 - https:\/\/yoast.com\/product\/yoast-seo-wordpress\/ -->\n<title>Katia Star - Happyinaknit.com<\/title>\n<meta name=\"robots\" content=\"index, follow, max-snippet:-1, max-image-preview:large, max-video-preview:-1\" \/>\n<link rel=\"canonical\" href=\"https:\/\/happyinaknit.com\/ru\/product\/katia-star\/\" \/>\n<meta property=\"og:locale\" content=\"ru_RU\" \/>\n<meta property=\"og:type\" content=\"article\" \/>\n<meta property=\"og:title\" content=\"Katia Star - Happyinaknit.com\" \/>\n<meta property=\"og:description\" content=\"Katia Star \u2013 itin plonas, lengvas si\u016blas su subtiliu auksiniu \u00a0\u017evilgesiu. D\u0117l metalizuoto pavir\u0161iaus \u0161ie si\u016blai puikiai dera su kitais si\u016blais, suteikdami mezginiams eleganti\u0161ko spindesio. Idealiai tinka megzti vakariniams drabu\u017eiams, \u0161alikams ar \u0161ventiniams aksesuarams. Sud\u0117tis: 65% viskoz\u0117, 35% poliesterisSvoris\/ilgis:\u00a025 g &#8211;\u00a0625 mTankumas: 10 \u00d7 10 cm \u2013 34 akys \u00d7 44 eil\u0117sRekomenduojami virbalai: 2\u20133 mmPrie\u017ei\u016bra: [&hellip;]\" \/>\n<meta property=\"og:url\" content=\"https:\/\/happyinaknit.com\/ru\/product\/katia-star\/\" \/>\n<meta property=\"og:site_name\" content=\"Happyinaknit.com\" \/>\n<meta property=\"article:modified_time\" content=\"2025-12-29T21:08:09+00:00\" \/>\n<meta property=\"og:image\" content=\"https:\/\/happyinaknit.com\/wp-content\/uploads\/2025\/10\/IMG_9361.jpg\" \/>\n\t<meta property=\"og:image:width\" content=\"1320\" \/>\n\t<meta property=\"og:image:height\" content=\"987\" \/>\n\t<meta property=\"og:image:type\" content=\"image\/jpeg\" \/>\n<meta name=\"twitter:card\" content=\"summary_large_image\" \/>\n<script type=\"application\/ld+json\" class=\"yoast-schema-graph\">{\"@context\":\"https:\/\/schema.org\",\"@graph\":[{\"@type\":\"WebPage\",\"@id\":\"https:\/\/happyinaknit.com\/produktas\/katia-star\/\",\"url\":\"https:\/\/happyinaknit.com\/produktas\/katia-star\/\",\"name\":\"Katia Star - Happyinaknit.com\",\"isPartOf\":{\"@id\":\"https:\/\/happyinaknit.com\/lt\/#website\"},\"primaryImageOfPage\":{\"@id\":\"https:\/\/happyinaknit.com\/produktas\/katia-star\/#primaryimage\"},\"image\":{\"@id\":\"https:\/\/happyinaknit.com\/produktas\/katia-star\/#primaryimage\"},\"thumbnailUrl\":\"https:\/\/happyinaknit.com\/wp-content\/uploads\/2025\/10\/IMG_9361.jpg\",\"datePublished\":\"2025-10-12T19:17:54+00:00\",\"dateModified\":\"2025-12-29T21:08:09+00:00\",\"breadcrumb\":{\"@id\":\"https:\/\/happyinaknit.com\/produktas\/katia-star\/#breadcrumb\"},\"inLanguage\":\"ru-RU\",\"potentialAction\":[{\"@type\":\"ReadAction\",\"target\":[\"https:\/\/happyinaknit.com\/produktas\/katia-star\/\"]}]},{\"@type\":\"ImageObject\",\"inLanguage\":\"ru-RU\",\"@id\":\"https:\/\/happyinaknit.com\/produktas\/katia-star\/#primaryimage\",\"url\":\"https:\/\/happyinaknit.com\/wp-content\/uploads\/2025\/10\/IMG_9361.jpg\",\"contentUrl\":\"https:\/\/happyinaknit.com\/wp-content\/uploads\/2025\/10\/IMG_9361.jpg\",\"width\":1320,\"height\":987},{\"@type\":\"BreadcrumbList\",\"@id\":\"https:\/\/happyinaknit.com\/produktas\/katia-star\/#breadcrumb\",\"itemListElement\":[{\"@type\":\"ListItem\",\"position\":1,\"name\":\"Home\",\"item\":\"https:\/\/happyinaknit.com\/lt\/\"},{\"@type\":\"ListItem\",\"position\":2,\"name\":\"Parduotuv\u0117\",\"item\":\"https:\/\/happyinaknit.com\/lt\/parduotuve\/\"},{\"@type\":\"ListItem\",\"position\":3,\"name\":\"Katia Star\"}]},{\"@type\":\"WebSite\",\"@id\":\"https:\/\/happyinaknit.com\/lt\/#website\",\"url\":\"https:\/\/happyinaknit.com\/lt\/\",\"name\":\"Happyinaknit.com\",\"description\":\"\",\"potentialAction\":[{\"@type\":\"SearchAction\",\"target\":{\"@type\":\"EntryPoint\",\"urlTemplate\":\"https:\/\/happyinaknit.com\/lt\/?s={search_term_string}\"},\"query-input\":{\"@type\":\"PropertyValueSpecification\",\"valueRequired\":true,\"valueName\":\"search_term_string\"}}],\"inLanguage\":\"ru-RU\"}]}<\/script>\n<!-- \/ Yoast SEO plugin. -->","yoast_head_json":{"title":"Katia Star - Happyinaknit.com","robots":{"index":"index","follow":"follow","max-snippet":"max-snippet:-1","max-image-preview":"max-image-preview:large","max-video-preview":"max-video-preview:-1"},"canonical":"https:\/\/happyinaknit.com\/ru\/product\/katia-star\/","og_locale":"ru_RU","og_type":"article","og_title":"Katia Star - Happyinaknit.com","og_description":"Katia Star \u2013 itin plonas, lengvas si\u016blas su subtiliu auksiniu \u00a0\u017evilgesiu. D\u0117l metalizuoto pavir\u0161iaus \u0161ie si\u016blai puikiai dera su kitais si\u016blais, suteikdami mezginiams eleganti\u0161ko spindesio. Idealiai tinka megzti vakariniams drabu\u017eiams, \u0161alikams ar \u0161ventiniams aksesuarams. Sud\u0117tis: 65% viskoz\u0117, 35% poliesterisSvoris\/ilgis:\u00a025 g &#8211;\u00a0625 mTankumas: 10 \u00d7 10 cm \u2013 34 akys \u00d7 44 eil\u0117sRekomenduojami virbalai: 2\u20133 mmPrie\u017ei\u016bra: [&hellip;]","og_url":"https:\/\/happyinaknit.com\/ru\/product\/katia-star\/","og_site_name":"Happyinaknit.com","article_modified_time":"2025-12-29T21:08:09+00:00","og_image":[{"width":1320,"height":987,"url":"https:\/\/happyinaknit.com\/wp-content\/uploads\/2025\/10\/IMG_9361.jpg","type":"image\/jpeg"}],"twitter_card":"summary_large_image","schema":{"@context":"https:\/\/schema.org","@graph":[{"@type":"WebPage","@id":"https:\/\/happyinaknit.com\/produktas\/katia-star\/","url":"https:\/\/happyinaknit.com\/produktas\/katia-star\/","name":"Katia Star - Happyinaknit.com","isPartOf":{"@id":"https:\/\/happyinaknit.com\/lt\/#website"},"primaryImageOfPage":{"@id":"https:\/\/happyinaknit.com\/produktas\/katia-star\/#primaryimage"},"image":{"@id":"https:\/\/happyinaknit.com\/produktas\/katia-star\/#primaryimage"},"thumbnailUrl":"https:\/\/happyinaknit.com\/wp-content\/uploads\/2025\/10\/IMG_9361.jpg","datePublished":"2025-10-12T19:17:54+00:00","dateModified":"2025-12-29T21:08:09+00:00","breadcrumb":{"@id":"https:\/\/happyinaknit.com\/produktas\/katia-star\/#breadcrumb"},"inLanguage":"ru-RU","potentialAction":[{"@type":"ReadAction","target":["https:\/\/happyinaknit.com\/produktas\/katia-star\/"]}]},{"@type":"ImageObject","inLanguage":"ru-RU","@id":"https:\/\/happyinaknit.com\/produktas\/katia-star\/#primaryimage","url":"https:\/\/happyinaknit.com\/wp-content\/uploads\/2025\/10\/IMG_9361.jpg","contentUrl":"https:\/\/happyinaknit.com\/wp-content\/uploads\/2025\/10\/IMG_9361.jpg","width":1320,"height":987},{"@type":"BreadcrumbList","@id":"https:\/\/happyinaknit.com\/produktas\/katia-star\/#breadcrumb","itemListElement":[{"@type":"ListItem","position":1,"name":"Home","item":"https:\/\/happyinaknit.com\/lt\/"},{"@type":"ListItem","position":2,"name":"Parduotuv\u0117","item":"https:\/\/happyinaknit.com\/lt\/parduotuve\/"},{"@type":"ListItem","position":3,"name":"Katia Star"}]},{"@type":"WebSite","@id":"https:\/\/happyinaknit.com\/lt\/#website","url":"https:\/\/happyinaknit.com\/lt\/","name":"Happyinaknit.com","description":"","potentialAction":[{"@type":"SearchAction","target":{"@type":"EntryPoint","urlTemplate":"https:\/\/happyinaknit.com\/lt\/?s={search_term_string}"},"query-input":{"@type":"PropertyValueSpecification","valueRequired":true,"valueName":"search_term_string"}}],"inLanguage":"ru-RU"}]}},"_links":{"self":[{"href":"https:\/\/happyinaknit.com\/ru\/wp-json\/wp\/v2\/product\/4614","targetHints":{"allow":["GET"]}}],"collection":[{"href":"https:\/\/happyinaknit.com\/ru\/wp-json\/wp\/v2\/product"}],"about":[{"href":"https:\/\/happyinaknit.com\/ru\/wp-json\/wp\/v2\/types\/product"}],"replies":[{"embeddable":true,"href":"https:\/\/happyinaknit.com\/ru\/wp-json\/wp\/v2\/comments?post=4614"}],"wp:featuredmedia":[{"embeddable":true,"href":"https:\/\/happyinaknit.com\/ru\/wp-json\/wp\/v2\/media\/4620"}],"wp:attachment":[{"href":"https:\/\/happyinaknit.com\/ru\/wp-json\/wp\/v2\/media?parent=4614"}],"wp:term":[{"taxonomy":"product_brand","embeddable":true,"href":"https:\/\/happyinaknit.com\/ru\/wp-json\/wp\/v2\/product_brand?post=4614"},{"taxonomy":"product_cat","embeddable":true,"href":"https:\/\/happyinaknit.com\/ru\/wp-json\/wp\/v2\/product_cat?post=4614"},{"taxonomy":"product_tag","embeddable":true,"href":"https:\/\/happyinaknit.com\/ru\/wp-json\/wp\/v2\/product_tag?post=4614"},{"taxonomy":"pro-kategorijos","embeddable":true,"href":"https:\/\/happyinaknit.com\/ru\/wp-json\/wp\/v2\/pro-kategorijos?post=4614"}],"curies":[{"name":"wp","href":"https:\/\/api.w.org\/{rel}","templated":true}]}}