{"id":4589,"date":"2025-10-12T17:05:10","date_gmt":"2025-10-12T17:05:10","guid":{"rendered":"https:\/\/happyinaknit.com\/?post_type=product&#038;p=4589"},"modified":"2026-03-17T13:59:56","modified_gmt":"2026-03-17T13:59:56","slug":"cohana-seki-mini-zirkles-rozines-spalvos-kutas","status":"publish","type":"product","link":"https:\/\/happyinaknit.com\/ru\/product\/cohana-seki-mini-zirkles-rozines-spalvos-kutas\/","title":{"rendered":"Cohana Seki \u043c\u0438\u043d\u0438-\u043d\u043e\u0436\u043d\u0438\u0446\u044b \u0441 \u0440\u043e\u0437\u043e\u0432\u043e\u0439  \u043a\u0438\u0441\u0442\u043e\u0447\u043a\u043e\u0439"},"content":{"rendered":"<p data-start=\"0\" data-end=\"278\">\u041a\u0440\u0430\u0441\u0438\u0432\u044b\u0435 \u0438 \u043e\u0447\u0435\u043d\u044c \u043f\u0440\u0430\u043a\u0442\u0438\u0447\u043d\u044b\u0435 <strong data-start=\"27\" data-end=\"50\">\u043c\u0438\u043d\u0438-\u043d\u043e\u0436\u043d\u0438\u0446\u044b \"Seki\"<\/strong> \u043e\u0442 <strong data-start=\"54\" data-end=\"64\">Cohana<\/strong> \u043f\u0440\u043e\u0438\u0437\u0432\u0435\u0434\u0435\u043d\u044b  \u044f\u043f\u043e\u043d\u0441\u043a\u043e\u0439 \u043a\u043e\u043c\u043f\u0430\u043d\u0438\u0435\u0439 <strong data-start=\"92\" data-end=\"112\">Hasegawa Cutlery<\/strong>.<br data-start=\"113\" data-end=\"116\" \/>\u042d\u0442\u0438 \u043f\u0440\u0443\u0436\u0438\u043d\u0438\u0441\u0442\u044b\u0435 \u043d\u043e\u0436\u043d\u0438\u0446\u044b \u043e\u0447\u0435\u043d\u044c \u043f\u0440\u043e\u0441\u0442\u044b \u0432 \u0438\u0441\u043f\u043e\u043b\u044c\u0437\u043e\u0432\u0430\u043d\u0438\u0438 \u2014 \u043f\u0440\u043e\u0441\u0442\u043e \u0441\u043b\u0435\u0433\u043a\u0430 \u0441\u043e\u0436\u043c\u0438\u0442\u0435 \u0440\u0443\u0447\u043a\u0443 \u043c\u0435\u0436\u0434\u0443 \u0434\u0432\u0443\u043c\u044f \u043f\u0430\u043b\u044c\u0446\u0430\u043c\u0438, \u0447\u0442\u043e\u0431\u044b \u0442\u043e\u0447\u043d\u043e \u0440\u0430\u0437\u0440\u0435\u0437\u0430\u0442\u044c \u0442\u043a\u0430\u043d\u044c \u0438\u043b\u0438 \u043d\u0438\u0442\u043a\u0443.<\/p>\n<p data-start=\"280\" data-end=\"506\">\u041a\u0430\u0436\u0434\u0430\u044f \u043f\u0430\u0440\u0430 \u043d\u043e\u0436\u043d\u0438\u0446 \u043f\u0440\u043e\u0434\u0430\u0435\u0442\u0441\u044f \u0441 <strong data-start=\"317\" data-end=\"349\">\u043d\u0435\u0431\u043e\u043b\u044c\u0448\u0438\u043c  \u0437\u0430\u0449\u0438\u0442\u043d\u044b\u043c \u043a\u043e\u0436\u0430\u043d\u044b\u043c \u0447\u0435\u0445\u043e\u043b\u043e\u043c<\/strong>, \u043f\u043e\u044d\u0442\u043e\u043c\u0443 \u0435\u0433\u043e <strong data-start=\"365\" data-end=\"415\">\u0443\u0434\u043e\u0431\u043d\u043e \u0431\u0440\u0430\u0442\u044c \u0432  \u043f\u0443\u0442\u0435\u0448\u0435\u0441\u0442\u0432\u0438\u044f \u0438\u043b\u0438 \u0434\u043b\u044f \u0440\u0430\u0431\u043e\u0442\u044b \u0432 \u0434\u043e\u0440\u043e\u0433\u0435<\/strong>.<br data-start=\"416\" data-end=\"419\" \/>\u0420\u0443\u0447\u043d\u043e\u0439 \u0440\u0430\u0431\u043e\u0442\u044b <strong data-start=\"431\" data-end=\"449\">\u0448\u0435\u043b\u043a\u043e\u0432\u0430\u044f \u043a\u0438\u0441\u0442\u043e\u0447\u043a\u0430<\/strong> \u043f\u0440\u0438\u0434\u0430\u0435\u0442 \u043d\u043e\u0436\u043d\u0438\u0446\u0430\u043c \u044d\u043b\u0435\u0433\u0430\u043d\u0442\u043d\u044b\u0439 \u0438 \u0441\u0432\u043e\u0435\u043e\u0431\u0440\u0430\u0437\u043d\u044b\u0439 \u0432\u0438\u0434.<\/p>\n<p data-start=\"508\" data-end=\"666\"><strong data-start=\"508\" data-end=\"524\">\u0418\u0437\u043c\u0435\u0440\u0435\u043d\u0438\u044f:<\/strong> \u0434\u043b\u0438\u043d\u0430 35 \u043c\u043c, \u0448\u0438\u0440\u0438\u043d\u0430 22 \u043c\u043c, \u0442\u043e\u043b\u0449\u0438\u043d\u0430 12 \u043c\u043c.<br data-start=\"565\" data-end=\"568\" \/><strong data-start=\"568\" data-end=\"580\">\u0421\u043e\u0441\u0442\u0430\u0432:<\/strong> \u041b\u0435\u0437\u0432\u0438\u0435 \u0438\u0437 \u043d\u0435\u0440\u0436\u0430\u0432\u0435\u044e\u0449\u0435\u0439 \u0441\u0442\u0430\u043b\u0438, \u043f\u043b\u0430\u0441\u0442\u0438\u043a\u043e\u0432\u044b\u0435 \u0440\u0443\u0447\u043a\u0438, \u043a\u043e\u0436\u0430\u043d\u044b\u0439 \u0447\u0435\u0445\u043e\u043b, \u0448\u0435\u043b\u043a\u043e\u0432\u0430\u044f \u043a\u0438\u0441\u0442\u043e\u0447\u043a\u0430.<\/p>\n<p data-start=\"668\" data-end=\"756\" data-is-last-node=\"\" data-is-only-node=\"\"><strong data-start=\"668\" data-end=\"680\">\u041f\u0440\u0438\u043c\u0435\u0447\u0430\u043d\u0438\u0435:<\/strong> \u0426\u0432\u0435\u0442\u043e\u0432\u044b\u0435 \u043e\u0442\u0442\u0435\u043d\u043a\u0438 \u043c\u043e\u0433\u0443\u0442 \u043d\u0435\u0437\u043d\u0430\u0447\u0438\u0442\u0435\u043b\u044c\u043d\u043e \u043e\u0442\u043b\u0438\u0447\u0430\u0442\u044c\u0441\u044f \u0432 \u0437\u0430\u0432\u0438\u0441\u0438\u043c\u043e\u0441\u0442\u0438 \u043e\u0442 \u044d\u043a\u0440\u0430\u043d\u0430 \u0432\u0430\u0448\u0435\u0433\u043e \u0443\u0441\u0442\u0440\u043e\u0439\u0441\u0442\u0432\u0430.<\/p>","protected":false},"excerpt":{"rendered":"<p>Gra\u017eios ir itin prakti\u0161kos mini \u017eirkl\u0117s \u201eSeki\u201c i\u0161 Cohana gaminamos Japonijos \u012fmon\u0117s Hasegawa Cutlery.\u0160ios spyruoklin\u0117s \u017eirkl\u0117s naudojamos labai paprastai \u2013 pakanka \u0161velniai suspausti ranken\u0117l\u0119 tarp dviej\u0173 pir\u0161t\u0173, kad gal\u0117tum\u0117te tiksliai kirpti audin\u012f ar si\u016blus. Kiekviena \u017eirkli\u0173 pora parduodama su ma\u017eu apsauginiu odiniu d\u0117klu, tod\u0117l jos yra puikus pasirinkimas kelion\u0117ms ar darbui kelyje.Rank\u0173 darbo \u0161ilkinis kutas [&hellip;]<\/p>\n","protected":false},"featured_media":4592,"comment_status":"open","ping_status":"closed","template":"","meta":{"_acf_changed":false},"product_brand":[89],"product_cat":[15,20,90],"product_tag":[],"pro-kategorijos":[],"class_list":{"0":"post-4589","1":"product","2":"type-product","3":"status-publish","4":"has-post-thumbnail","6":"product_brand-cohana","7":"product_cat-visi-produktai","8":"product_cat-priedai-mezgimui","9":"product_cat-zirkles","11":"first","12":"instock","13":"shipping-taxable","14":"purchasable","15":"product-type-simple"},"acf":[],"yoast_head":"<!-- This site is optimized with the Yoast SEO plugin v26.8 - https:\/\/yoast.com\/product\/yoast-seo-wordpress\/ -->\n<title>Cohana Seki mini \u017eirkl\u0117s, ro\u017ein\u0117s spalvos kutas - Happyinaknit.com<\/title>\n<meta name=\"robots\" content=\"index, follow, max-snippet:-1, max-image-preview:large, max-video-preview:-1\" \/>\n<link rel=\"canonical\" href=\"https:\/\/happyinaknit.com\/ru\/product\/cohana-seki-mini-zirkles-rozines-spalvos-kutas\/\" \/>\n<meta property=\"og:locale\" content=\"ru_RU\" \/>\n<meta property=\"og:type\" content=\"article\" \/>\n<meta property=\"og:title\" content=\"Cohana Seki mini \u017eirkl\u0117s, ro\u017ein\u0117s spalvos kutas - Happyinaknit.com\" \/>\n<meta property=\"og:description\" content=\"Gra\u017eios ir itin prakti\u0161kos mini \u017eirkl\u0117s \u201eSeki\u201c i\u0161 Cohana gaminamos Japonijos \u012fmon\u0117s Hasegawa Cutlery.\u0160ios spyruoklin\u0117s \u017eirkl\u0117s naudojamos labai paprastai \u2013 pakanka \u0161velniai suspausti ranken\u0117l\u0119 tarp dviej\u0173 pir\u0161t\u0173, kad gal\u0117tum\u0117te tiksliai kirpti audin\u012f ar si\u016blus. Kiekviena \u017eirkli\u0173 pora parduodama su ma\u017eu apsauginiu odiniu d\u0117klu, tod\u0117l jos yra puikus pasirinkimas kelion\u0117ms ar darbui kelyje.Rank\u0173 darbo \u0161ilkinis kutas [&hellip;]\" \/>\n<meta property=\"og:url\" content=\"https:\/\/happyinaknit.com\/ru\/product\/cohana-seki-mini-zirkles-rozines-spalvos-kutas\/\" \/>\n<meta property=\"og:site_name\" content=\"Happyinaknit.com\" \/>\n<meta property=\"article:modified_time\" content=\"2026-03-17T13:59:56+00:00\" \/>\n<meta property=\"og:image\" content=\"https:\/\/happyinaknit.com\/wp-content\/uploads\/2025\/10\/IMG_9331-2.jpg\" \/>\n\t<meta property=\"og:image:width\" content=\"1320\" \/>\n\t<meta property=\"og:image:height\" content=\"1316\" \/>\n\t<meta property=\"og:image:type\" content=\"image\/jpeg\" \/>\n<meta name=\"twitter:card\" content=\"summary_large_image\" \/>\n<meta name=\"twitter:label1\" content=\"\u041f\u0440\u0438\u043c\u0435\u0440\u043d\u043e\u0435 \u0432\u0440\u0435\u043c\u044f \u0434\u043b\u044f \u0447\u0442\u0435\u043d\u0438\u044f\" \/>\n\t<meta name=\"twitter:data1\" content=\"1 \u043c\u0438\u043d\u0443\u0442\u0430\" \/>\n<script type=\"application\/ld+json\" class=\"yoast-schema-graph\">{\"@context\":\"https:\/\/schema.org\",\"@graph\":[{\"@type\":\"WebPage\",\"@id\":\"https:\/\/happyinaknit.com\/produktas\/cohana-seki-mini-zirkles-rozines-spalvos-kutas\/\",\"url\":\"https:\/\/happyinaknit.com\/produktas\/cohana-seki-mini-zirkles-rozines-spalvos-kutas\/\",\"name\":\"Cohana Seki mini \u017eirkl\u0117s, ro\u017ein\u0117s spalvos kutas - Happyinaknit.com\",\"isPartOf\":{\"@id\":\"https:\/\/happyinaknit.com\/lt\/#website\"},\"primaryImageOfPage\":{\"@id\":\"https:\/\/happyinaknit.com\/produktas\/cohana-seki-mini-zirkles-rozines-spalvos-kutas\/#primaryimage\"},\"image\":{\"@id\":\"https:\/\/happyinaknit.com\/produktas\/cohana-seki-mini-zirkles-rozines-spalvos-kutas\/#primaryimage\"},\"thumbnailUrl\":\"https:\/\/happyinaknit.com\/wp-content\/uploads\/2025\/10\/IMG_9331-2.jpg\",\"datePublished\":\"2025-10-12T17:05:10+00:00\",\"dateModified\":\"2026-03-17T13:59:56+00:00\",\"breadcrumb\":{\"@id\":\"https:\/\/happyinaknit.com\/produktas\/cohana-seki-mini-zirkles-rozines-spalvos-kutas\/#breadcrumb\"},\"inLanguage\":\"ru-RU\",\"potentialAction\":[{\"@type\":\"ReadAction\",\"target\":[\"https:\/\/happyinaknit.com\/produktas\/cohana-seki-mini-zirkles-rozines-spalvos-kutas\/\"]}]},{\"@type\":\"ImageObject\",\"inLanguage\":\"ru-RU\",\"@id\":\"https:\/\/happyinaknit.com\/produktas\/cohana-seki-mini-zirkles-rozines-spalvos-kutas\/#primaryimage\",\"url\":\"https:\/\/happyinaknit.com\/wp-content\/uploads\/2025\/10\/IMG_9331-2.jpg\",\"contentUrl\":\"https:\/\/happyinaknit.com\/wp-content\/uploads\/2025\/10\/IMG_9331-2.jpg\",\"width\":1320,\"height\":1316},{\"@type\":\"BreadcrumbList\",\"@id\":\"https:\/\/happyinaknit.com\/produktas\/cohana-seki-mini-zirkles-rozines-spalvos-kutas\/#breadcrumb\",\"itemListElement\":[{\"@type\":\"ListItem\",\"position\":1,\"name\":\"Home\",\"item\":\"https:\/\/happyinaknit.com\/lt\/\"},{\"@type\":\"ListItem\",\"position\":2,\"name\":\"Parduotuv\u0117\",\"item\":\"https:\/\/happyinaknit.com\/lt\/parduotuve\/\"},{\"@type\":\"ListItem\",\"position\":3,\"name\":\"Cohana Seki mini \u017eirkl\u0117s, ro\u017ein\u0117s spalvos kutas\"}]},{\"@type\":\"WebSite\",\"@id\":\"https:\/\/happyinaknit.com\/lt\/#website\",\"url\":\"https:\/\/happyinaknit.com\/lt\/\",\"name\":\"Happyinaknit.com\",\"description\":\"\",\"potentialAction\":[{\"@type\":\"SearchAction\",\"target\":{\"@type\":\"EntryPoint\",\"urlTemplate\":\"https:\/\/happyinaknit.com\/lt\/?s={search_term_string}\"},\"query-input\":{\"@type\":\"PropertyValueSpecification\",\"valueRequired\":true,\"valueName\":\"search_term_string\"}}],\"inLanguage\":\"ru-RU\"}]}<\/script>\n<!-- \/ Yoast SEO plugin. -->","yoast_head_json":{"title":"Cohana Seki mini \u017eirkl\u0117s, ro\u017ein\u0117s spalvos kutas - Happyinaknit.com","robots":{"index":"index","follow":"follow","max-snippet":"max-snippet:-1","max-image-preview":"max-image-preview:large","max-video-preview":"max-video-preview:-1"},"canonical":"https:\/\/happyinaknit.com\/ru\/product\/cohana-seki-mini-zirkles-rozines-spalvos-kutas\/","og_locale":"ru_RU","og_type":"article","og_title":"Cohana Seki mini \u017eirkl\u0117s, ro\u017ein\u0117s spalvos kutas - Happyinaknit.com","og_description":"Gra\u017eios ir itin prakti\u0161kos mini \u017eirkl\u0117s \u201eSeki\u201c i\u0161 Cohana gaminamos Japonijos \u012fmon\u0117s Hasegawa Cutlery.\u0160ios spyruoklin\u0117s \u017eirkl\u0117s naudojamos labai paprastai \u2013 pakanka \u0161velniai suspausti ranken\u0117l\u0119 tarp dviej\u0173 pir\u0161t\u0173, kad gal\u0117tum\u0117te tiksliai kirpti audin\u012f ar si\u016blus. Kiekviena \u017eirkli\u0173 pora parduodama su ma\u017eu apsauginiu odiniu d\u0117klu, tod\u0117l jos yra puikus pasirinkimas kelion\u0117ms ar darbui kelyje.Rank\u0173 darbo \u0161ilkinis kutas [&hellip;]","og_url":"https:\/\/happyinaknit.com\/ru\/product\/cohana-seki-mini-zirkles-rozines-spalvos-kutas\/","og_site_name":"Happyinaknit.com","article_modified_time":"2026-03-17T13:59:56+00:00","og_image":[{"width":1320,"height":1316,"url":"https:\/\/happyinaknit.com\/wp-content\/uploads\/2025\/10\/IMG_9331-2.jpg","type":"image\/jpeg"}],"twitter_card":"summary_large_image","twitter_misc":{"\u041f\u0440\u0438\u043c\u0435\u0440\u043d\u043e\u0435 \u0432\u0440\u0435\u043c\u044f \u0434\u043b\u044f \u0447\u0442\u0435\u043d\u0438\u044f":"1 \u043c\u0438\u043d\u0443\u0442\u0430"},"schema":{"@context":"https:\/\/schema.org","@graph":[{"@type":"WebPage","@id":"https:\/\/happyinaknit.com\/produktas\/cohana-seki-mini-zirkles-rozines-spalvos-kutas\/","url":"https:\/\/happyinaknit.com\/produktas\/cohana-seki-mini-zirkles-rozines-spalvos-kutas\/","name":"Cohana Seki mini \u017eirkl\u0117s, ro\u017ein\u0117s spalvos kutas - Happyinaknit.com","isPartOf":{"@id":"https:\/\/happyinaknit.com\/lt\/#website"},"primaryImageOfPage":{"@id":"https:\/\/happyinaknit.com\/produktas\/cohana-seki-mini-zirkles-rozines-spalvos-kutas\/#primaryimage"},"image":{"@id":"https:\/\/happyinaknit.com\/produktas\/cohana-seki-mini-zirkles-rozines-spalvos-kutas\/#primaryimage"},"thumbnailUrl":"https:\/\/happyinaknit.com\/wp-content\/uploads\/2025\/10\/IMG_9331-2.jpg","datePublished":"2025-10-12T17:05:10+00:00","dateModified":"2026-03-17T13:59:56+00:00","breadcrumb":{"@id":"https:\/\/happyinaknit.com\/produktas\/cohana-seki-mini-zirkles-rozines-spalvos-kutas\/#breadcrumb"},"inLanguage":"ru-RU","potentialAction":[{"@type":"ReadAction","target":["https:\/\/happyinaknit.com\/produktas\/cohana-seki-mini-zirkles-rozines-spalvos-kutas\/"]}]},{"@type":"ImageObject","inLanguage":"ru-RU","@id":"https:\/\/happyinaknit.com\/produktas\/cohana-seki-mini-zirkles-rozines-spalvos-kutas\/#primaryimage","url":"https:\/\/happyinaknit.com\/wp-content\/uploads\/2025\/10\/IMG_9331-2.jpg","contentUrl":"https:\/\/happyinaknit.com\/wp-content\/uploads\/2025\/10\/IMG_9331-2.jpg","width":1320,"height":1316},{"@type":"BreadcrumbList","@id":"https:\/\/happyinaknit.com\/produktas\/cohana-seki-mini-zirkles-rozines-spalvos-kutas\/#breadcrumb","itemListElement":[{"@type":"ListItem","position":1,"name":"Home","item":"https:\/\/happyinaknit.com\/lt\/"},{"@type":"ListItem","position":2,"name":"Parduotuv\u0117","item":"https:\/\/happyinaknit.com\/lt\/parduotuve\/"},{"@type":"ListItem","position":3,"name":"Cohana Seki mini \u017eirkl\u0117s, ro\u017ein\u0117s spalvos kutas"}]},{"@type":"WebSite","@id":"https:\/\/happyinaknit.com\/lt\/#website","url":"https:\/\/happyinaknit.com\/lt\/","name":"Happyinaknit.com","description":"","potentialAction":[{"@type":"SearchAction","target":{"@type":"EntryPoint","urlTemplate":"https:\/\/happyinaknit.com\/lt\/?s={search_term_string}"},"query-input":{"@type":"PropertyValueSpecification","valueRequired":true,"valueName":"search_term_string"}}],"inLanguage":"ru-RU"}]}},"_links":{"self":[{"href":"https:\/\/happyinaknit.com\/ru\/wp-json\/wp\/v2\/product\/4589","targetHints":{"allow":["GET"]}}],"collection":[{"href":"https:\/\/happyinaknit.com\/ru\/wp-json\/wp\/v2\/product"}],"about":[{"href":"https:\/\/happyinaknit.com\/ru\/wp-json\/wp\/v2\/types\/product"}],"replies":[{"embeddable":true,"href":"https:\/\/happyinaknit.com\/ru\/wp-json\/wp\/v2\/comments?post=4589"}],"wp:featuredmedia":[{"embeddable":true,"href":"https:\/\/happyinaknit.com\/ru\/wp-json\/wp\/v2\/media\/4592"}],"wp:attachment":[{"href":"https:\/\/happyinaknit.com\/ru\/wp-json\/wp\/v2\/media?parent=4589"}],"wp:term":[{"taxonomy":"product_brand","embeddable":true,"href":"https:\/\/happyinaknit.com\/ru\/wp-json\/wp\/v2\/product_brand?post=4589"},{"taxonomy":"product_cat","embeddable":true,"href":"https:\/\/happyinaknit.com\/ru\/wp-json\/wp\/v2\/product_cat?post=4589"},{"taxonomy":"product_tag","embeddable":true,"href":"https:\/\/happyinaknit.com\/ru\/wp-json\/wp\/v2\/product_tag?post=4589"},{"taxonomy":"pro-kategorijos","embeddable":true,"href":"https:\/\/happyinaknit.com\/ru\/wp-json\/wp\/v2\/pro-kategorijos?post=4589"}],"curies":[{"name":"wp","href":"https:\/\/api.w.org\/{rel}","templated":true}]}}