{"id":4499,"date":"2025-10-11T21:56:39","date_gmt":"2025-10-11T21:56:39","guid":{"rendered":"https:\/\/happyinaknit.com\/?post_type=product&#038;p=4499"},"modified":"2025-11-13T21:32:12","modified_gmt":"2025-11-13T21:32:12","slug":"rico-design-creative-crazy-pailettes","status":"publish","type":"product","link":"https:\/\/happyinaknit.com\/ru\/product\/rico-design-creative-crazy-pailettes\/","title":{"rendered":"Rico Design \u0421reative Crazy Pailettes"},"content":{"rendered":"<p data-start=\"0\" data-end=\"389\">Rico Design Creative Crazy Paillettes \u2013 \u0434\u0435\u043a\u043e\u0440\u0430\u0442\u0438\u0432\u043d\u044b\u0435 \u0434\u043e\u043f\u043e\u043b\u043d\u0438\u0442\u0435\u043b\u044c\u043d\u044b\u0435 \u043d\u0438\u0442\u0438 \u0441 \u043f\u0430\u0439\u0435\u0442\u043a\u0430\u043c\u0438, \u043f\u0440\u0438\u0434\u0430\u044e\u0449\u0438\u0435 \u0442\u0440\u0438\u043a\u043e\u0442\u0430\u0436\u0443 \u0431\u043b\u0435\u0441\u043a \u0438 \u0438\u0433\u0440\u0438\u0432\u044b\u0439 \u0431\u043b\u0435\u0441\u043a \u0440\u0430\u0434\u0443\u0436\u043d\u044b\u0445 \u043e\u0442\u0442\u0435\u043d\u043a\u043e\u0432. \u041f\u0440\u043e\u0441\u0442\u043e \u0441\u0432\u044f\u0436\u0438\u0442\u0435 \u044d\u0442\u0438 \u043d\u0438\u0442\u0438 \u0432\u043c\u0435\u0441\u0442\u0435 \u0441 \u043e\u0441\u043d\u043e\u0432\u043d\u044b\u043c\u0438, \u0438 \u0432\u0430\u0448\u0430 \u0440\u0430\u0431\u043e\u0442\u0430 \u043f\u0440\u0438\u043e\u0431\u0440\u0435\u0442\u0435\u0442 \u043d\u0435\u043f\u043e\u0432\u0442\u043e\u0440\u0438\u043c\u044b\u0439, \u044d\u043b\u0435\u0433\u0430\u043d\u0442\u043d\u044b\u0439 \u0431\u043b\u0435\u0441\u043a. \u0412\u044b \u043c\u043e\u0436\u0435\u0442\u0435 \u0432\u044b\u0431\u0440\u0430\u0442\u044c \u043e\u0434\u0438\u043d \u0438\u0437 \u0434\u0432\u0443\u0445 \u043e\u0442\u0442\u0435\u043d\u043a\u043e\u0432: \u0430\u043d\u0442\u0440\u0430\u0446\u0438\u0442\u043e\u0432\u044b\u0439 \u2013 \u0434\u043b\u044f \u0442\u0435\u043c\u043d\u044b\u0445 \u0442\u043e\u043d\u043e\u0432 \u0438 \u043f\u0443\u0434\u0440\u043e\u0432\u044b\u0439 \u2013 \u0434\u043b\u044f \u0441\u0432\u0435\u0442\u043b\u043e\u0433\u043e \u0442\u0440\u0438\u043a\u043e\u0442\u0430\u0436\u0430.<\/p>\n<p data-start=\"391\" data-end=\"508\"><strong data-start=\"391\" data-end=\"403\">\u0421\u043e\u0441\u0442\u0430\u0432:<\/strong> 55 % \u043f\u043e\u043b\u0438\u0430\u043c\u0438\u0434, 45 % \u043f\u043e\u043b\u0438\u044d\u0441\u0442\u0435\u0440<br data-start=\"437\" data-end=\"440\" \/><strong data-start=\"440\" data-end=\"459\" data-is-only-node=\"\">\u0412\u0435\u0441\/\u0414\u043b\u0438\u043d\u0430:<\/strong> 25 \u0433 - 110 \u043c<br data-start=\"472\" data-end=\"475\" \/><strong data-start=\"475\" data-end=\"489\">\u0421\u043e\u0432\u0435\u0442\u044b \u043f\u043e \u0443\u0445\u043e\u0434\u0443:<\/strong> \u0441\u0442\u0438\u0440\u0430\u0442\u044c \u0432\u0440\u0443\u0447\u043d\u0443\u044e<\/p>\n<p data-start=\"510\" data-end=\"699\" data-is-last-node=\"\" data-is-only-node=\"\">\u041e\u0442\u043b\u0438\u0447\u043d\u044b\u0439 \u0432\u044b\u0431\u043e\u0440, \u0435\u0441\u043b\u0438 \u0432\u044b \u0445\u043e\u0442\u0438\u0442\u0435 \u043f\u0440\u0438\u0434\u0430\u0442\u044c \u0441\u0432\u043e\u0438\u043c \u0432\u044f\u0437\u0430\u043d\u044b\u043c \u0438\u0437\u0434\u0435\u043b\u0438\u044f\u043c \u0443\u0442\u043e\u043d\u0447\u0435\u043d\u043d\u044b\u0439 \u0448\u0430\u0440\u043c \u0438\u043b\u0438 \u043f\u0440\u0430\u0437\u0434\u043d\u0438\u0447\u043d\u044b\u0439 \u0431\u043b\u0435\u0441\u043a.<\/p>\n<p data-start=\"510\" data-end=\"699\" data-is-last-node=\"\" data-is-only-node=\"\"><br data-start=\"608\" data-end=\"611\" \/><strong data-start=\"611\" data-end=\"623\">\u041f\u0440\u0438\u043c\u0435\u0447\u0430\u043d\u0438\u0435:<\/strong> \u0426\u0432\u0435\u0442\u043e\u0432\u044b\u0435 \u043e\u0442\u0442\u0435\u043d\u043a\u0438 \u043c\u043e\u0433\u0443\u0442 \u043d\u0435\u0437\u043d\u0430\u0447\u0438\u0442\u0435\u043b\u044c\u043d\u043e \u043e\u0442\u043b\u0438\u0447\u0430\u0442\u044c\u0441\u044f \u0432 \u0437\u0430\u0432\u0438\u0441\u0438\u043c\u043e\u0441\u0442\u0438 \u043e\u0442 \u044d\u043a\u0440\u0430\u043d\u0430 \u0432\u0430\u0448\u0435\u0433\u043e \u0443\u0441\u0442\u0440\u043e\u0439\u0441\u0442\u0432\u0430.<\/p>","protected":false},"excerpt":{"rendered":"<p>Rico Design Creative Crazy Paillettes \u2013 dekoratyviniai papildomi si\u016blai su \u017evyneliais, suteikiantys mezginiams spindesio ir \u017eaismingo \u017evilgesio vaivoryk\u0161t\u0117s atspalviais. Tereikia \u0161iuos si\u016blus megzti kartu su pagrindiniais, ir j\u016bs\u0173 darbas \u012fgaus i\u0161skirtin\u012f, eleganti\u0161k\u0105 \u017evilges\u012f. Galima rinktis i\u0161 dviej\u0173 atspalvi\u0173: antracito \u2013 tamsiems tonams ir pudros \u2013 \u0161viesiems mezginiams. Sud\u0117tis: 55 % poliamidas, 45 % poliesterisSvoris \/ [&hellip;]<\/p>\n","protected":false},"featured_media":4502,"comment_status":"open","ping_status":"closed","template":"","meta":{"_acf_changed":false},"product_brand":[68],"product_cat":[15,18,323],"product_tag":[],"pro-kategorijos":[81],"class_list":{"0":"post-4499","1":"product","2":"type-product","3":"status-publish","4":"has-post-thumbnail","6":"product_brand-rico-design","7":"product_cat-visi-produktai","8":"product_cat-siulai","9":"product_cat-siulai-su-lureksu-ir-zvyneliais","10":"pro-kategorijos-poliamidas-zvyneliai","12":"first","13":"instock","14":"shipping-taxable","15":"purchasable","16":"product-type-variable"},"acf":[],"yoast_head":"<!-- This site is optimized with the Yoast SEO plugin v26.8 - https:\/\/yoast.com\/product\/yoast-seo-wordpress\/ -->\n<title>Rico Design \u0421reative Crazy Pailettes - Happyinaknit.com<\/title>\n<meta name=\"robots\" content=\"index, follow, max-snippet:-1, max-image-preview:large, max-video-preview:-1\" \/>\n<link rel=\"canonical\" href=\"https:\/\/happyinaknit.com\/ru\/product\/rico-design-creative-crazy-pailettes\/\" \/>\n<meta property=\"og:locale\" content=\"ru_RU\" \/>\n<meta property=\"og:type\" content=\"article\" \/>\n<meta property=\"og:title\" content=\"Rico Design \u0421reative Crazy Pailettes - Happyinaknit.com\" \/>\n<meta property=\"og:description\" content=\"Rico Design Creative Crazy Paillettes \u2013 dekoratyviniai papildomi si\u016blai su \u017evyneliais, suteikiantys mezginiams spindesio ir \u017eaismingo \u017evilgesio vaivoryk\u0161t\u0117s atspalviais. Tereikia \u0161iuos si\u016blus megzti kartu su pagrindiniais, ir j\u016bs\u0173 darbas \u012fgaus i\u0161skirtin\u012f, eleganti\u0161k\u0105 \u017evilges\u012f. Galima rinktis i\u0161 dviej\u0173 atspalvi\u0173: antracito \u2013 tamsiems tonams ir pudros \u2013 \u0161viesiems mezginiams. Sud\u0117tis: 55 % poliamidas, 45 % poliesterisSvoris \/ [&hellip;]\" \/>\n<meta property=\"og:url\" content=\"https:\/\/happyinaknit.com\/ru\/product\/rico-design-creative-crazy-pailettes\/\" \/>\n<meta property=\"og:site_name\" content=\"Happyinaknit.com\" \/>\n<meta property=\"article:modified_time\" content=\"2025-11-13T21:32:12+00:00\" \/>\n<meta property=\"og:image\" content=\"https:\/\/happyinaknit.com\/wp-content\/uploads\/2025\/10\/IMG_9280.jpg\" \/>\n\t<meta property=\"og:image:width\" content=\"1320\" \/>\n\t<meta property=\"og:image:height\" content=\"1537\" \/>\n\t<meta property=\"og:image:type\" content=\"image\/jpeg\" \/>\n<meta name=\"twitter:card\" content=\"summary_large_image\" \/>\n<script type=\"application\/ld+json\" class=\"yoast-schema-graph\">{\"@context\":\"https:\/\/schema.org\",\"@graph\":[{\"@type\":\"WebPage\",\"@id\":\"https:\/\/happyinaknit.com\/produktas\/rico-design-creative-crazy-pailettes\/\",\"url\":\"https:\/\/happyinaknit.com\/produktas\/rico-design-creative-crazy-pailettes\/\",\"name\":\"Rico Design \u0421reative Crazy Pailettes - Happyinaknit.com\",\"isPartOf\":{\"@id\":\"https:\/\/happyinaknit.com\/lt\/#website\"},\"primaryImageOfPage\":{\"@id\":\"https:\/\/happyinaknit.com\/produktas\/rico-design-creative-crazy-pailettes\/#primaryimage\"},\"image\":{\"@id\":\"https:\/\/happyinaknit.com\/produktas\/rico-design-creative-crazy-pailettes\/#primaryimage\"},\"thumbnailUrl\":\"https:\/\/happyinaknit.com\/wp-content\/uploads\/2025\/10\/IMG_9280.jpg\",\"datePublished\":\"2025-10-11T21:56:39+00:00\",\"dateModified\":\"2025-11-13T21:32:12+00:00\",\"breadcrumb\":{\"@id\":\"https:\/\/happyinaknit.com\/produktas\/rico-design-creative-crazy-pailettes\/#breadcrumb\"},\"inLanguage\":\"ru-RU\",\"potentialAction\":[{\"@type\":\"ReadAction\",\"target\":[\"https:\/\/happyinaknit.com\/produktas\/rico-design-creative-crazy-pailettes\/\"]}]},{\"@type\":\"ImageObject\",\"inLanguage\":\"ru-RU\",\"@id\":\"https:\/\/happyinaknit.com\/produktas\/rico-design-creative-crazy-pailettes\/#primaryimage\",\"url\":\"https:\/\/happyinaknit.com\/wp-content\/uploads\/2025\/10\/IMG_9280.jpg\",\"contentUrl\":\"https:\/\/happyinaknit.com\/wp-content\/uploads\/2025\/10\/IMG_9280.jpg\",\"width\":1320,\"height\":1537},{\"@type\":\"BreadcrumbList\",\"@id\":\"https:\/\/happyinaknit.com\/produktas\/rico-design-creative-crazy-pailettes\/#breadcrumb\",\"itemListElement\":[{\"@type\":\"ListItem\",\"position\":1,\"name\":\"Home\",\"item\":\"https:\/\/happyinaknit.com\/lt\/\"},{\"@type\":\"ListItem\",\"position\":2,\"name\":\"Parduotuv\u0117\",\"item\":\"https:\/\/happyinaknit.com\/lt\/parduotuve\/\"},{\"@type\":\"ListItem\",\"position\":3,\"name\":\"Rico Design \u0421reative Crazy Pailettes\"}]},{\"@type\":\"WebSite\",\"@id\":\"https:\/\/happyinaknit.com\/lt\/#website\",\"url\":\"https:\/\/happyinaknit.com\/lt\/\",\"name\":\"Happyinaknit.com\",\"description\":\"\",\"potentialAction\":[{\"@type\":\"SearchAction\",\"target\":{\"@type\":\"EntryPoint\",\"urlTemplate\":\"https:\/\/happyinaknit.com\/lt\/?s={search_term_string}\"},\"query-input\":{\"@type\":\"PropertyValueSpecification\",\"valueRequired\":true,\"valueName\":\"search_term_string\"}}],\"inLanguage\":\"ru-RU\"}]}<\/script>\n<!-- \/ Yoast SEO plugin. -->","yoast_head_json":{"title":"Rico Design \u0421reative Crazy Pailettes - Happyinaknit.com","robots":{"index":"index","follow":"follow","max-snippet":"max-snippet:-1","max-image-preview":"max-image-preview:large","max-video-preview":"max-video-preview:-1"},"canonical":"https:\/\/happyinaknit.com\/ru\/product\/rico-design-creative-crazy-pailettes\/","og_locale":"ru_RU","og_type":"article","og_title":"Rico Design \u0421reative Crazy Pailettes - Happyinaknit.com","og_description":"Rico Design Creative Crazy Paillettes \u2013 dekoratyviniai papildomi si\u016blai su \u017evyneliais, suteikiantys mezginiams spindesio ir \u017eaismingo \u017evilgesio vaivoryk\u0161t\u0117s atspalviais. Tereikia \u0161iuos si\u016blus megzti kartu su pagrindiniais, ir j\u016bs\u0173 darbas \u012fgaus i\u0161skirtin\u012f, eleganti\u0161k\u0105 \u017evilges\u012f. Galima rinktis i\u0161 dviej\u0173 atspalvi\u0173: antracito \u2013 tamsiems tonams ir pudros \u2013 \u0161viesiems mezginiams. Sud\u0117tis: 55 % poliamidas, 45 % poliesterisSvoris \/ [&hellip;]","og_url":"https:\/\/happyinaknit.com\/ru\/product\/rico-design-creative-crazy-pailettes\/","og_site_name":"Happyinaknit.com","article_modified_time":"2025-11-13T21:32:12+00:00","og_image":[{"width":1320,"height":1537,"url":"https:\/\/happyinaknit.com\/wp-content\/uploads\/2025\/10\/IMG_9280.jpg","type":"image\/jpeg"}],"twitter_card":"summary_large_image","schema":{"@context":"https:\/\/schema.org","@graph":[{"@type":"WebPage","@id":"https:\/\/happyinaknit.com\/produktas\/rico-design-creative-crazy-pailettes\/","url":"https:\/\/happyinaknit.com\/produktas\/rico-design-creative-crazy-pailettes\/","name":"Rico Design \u0421reative Crazy Pailettes - Happyinaknit.com","isPartOf":{"@id":"https:\/\/happyinaknit.com\/lt\/#website"},"primaryImageOfPage":{"@id":"https:\/\/happyinaknit.com\/produktas\/rico-design-creative-crazy-pailettes\/#primaryimage"},"image":{"@id":"https:\/\/happyinaknit.com\/produktas\/rico-design-creative-crazy-pailettes\/#primaryimage"},"thumbnailUrl":"https:\/\/happyinaknit.com\/wp-content\/uploads\/2025\/10\/IMG_9280.jpg","datePublished":"2025-10-11T21:56:39+00:00","dateModified":"2025-11-13T21:32:12+00:00","breadcrumb":{"@id":"https:\/\/happyinaknit.com\/produktas\/rico-design-creative-crazy-pailettes\/#breadcrumb"},"inLanguage":"ru-RU","potentialAction":[{"@type":"ReadAction","target":["https:\/\/happyinaknit.com\/produktas\/rico-design-creative-crazy-pailettes\/"]}]},{"@type":"ImageObject","inLanguage":"ru-RU","@id":"https:\/\/happyinaknit.com\/produktas\/rico-design-creative-crazy-pailettes\/#primaryimage","url":"https:\/\/happyinaknit.com\/wp-content\/uploads\/2025\/10\/IMG_9280.jpg","contentUrl":"https:\/\/happyinaknit.com\/wp-content\/uploads\/2025\/10\/IMG_9280.jpg","width":1320,"height":1537},{"@type":"BreadcrumbList","@id":"https:\/\/happyinaknit.com\/produktas\/rico-design-creative-crazy-pailettes\/#breadcrumb","itemListElement":[{"@type":"ListItem","position":1,"name":"Home","item":"https:\/\/happyinaknit.com\/lt\/"},{"@type":"ListItem","position":2,"name":"Parduotuv\u0117","item":"https:\/\/happyinaknit.com\/lt\/parduotuve\/"},{"@type":"ListItem","position":3,"name":"Rico Design \u0421reative Crazy Pailettes"}]},{"@type":"WebSite","@id":"https:\/\/happyinaknit.com\/lt\/#website","url":"https:\/\/happyinaknit.com\/lt\/","name":"Happyinaknit.com","description":"","potentialAction":[{"@type":"SearchAction","target":{"@type":"EntryPoint","urlTemplate":"https:\/\/happyinaknit.com\/lt\/?s={search_term_string}"},"query-input":{"@type":"PropertyValueSpecification","valueRequired":true,"valueName":"search_term_string"}}],"inLanguage":"ru-RU"}]}},"_links":{"self":[{"href":"https:\/\/happyinaknit.com\/ru\/wp-json\/wp\/v2\/product\/4499","targetHints":{"allow":["GET"]}}],"collection":[{"href":"https:\/\/happyinaknit.com\/ru\/wp-json\/wp\/v2\/product"}],"about":[{"href":"https:\/\/happyinaknit.com\/ru\/wp-json\/wp\/v2\/types\/product"}],"replies":[{"embeddable":true,"href":"https:\/\/happyinaknit.com\/ru\/wp-json\/wp\/v2\/comments?post=4499"}],"wp:featuredmedia":[{"embeddable":true,"href":"https:\/\/happyinaknit.com\/ru\/wp-json\/wp\/v2\/media\/4502"}],"wp:attachment":[{"href":"https:\/\/happyinaknit.com\/ru\/wp-json\/wp\/v2\/media?parent=4499"}],"wp:term":[{"taxonomy":"product_brand","embeddable":true,"href":"https:\/\/happyinaknit.com\/ru\/wp-json\/wp\/v2\/product_brand?post=4499"},{"taxonomy":"product_cat","embeddable":true,"href":"https:\/\/happyinaknit.com\/ru\/wp-json\/wp\/v2\/product_cat?post=4499"},{"taxonomy":"product_tag","embeddable":true,"href":"https:\/\/happyinaknit.com\/ru\/wp-json\/wp\/v2\/product_tag?post=4499"},{"taxonomy":"pro-kategorijos","embeddable":true,"href":"https:\/\/happyinaknit.com\/ru\/wp-json\/wp\/v2\/pro-kategorijos?post=4499"}],"curies":[{"name":"wp","href":"https:\/\/api.w.org\/{rel}","templated":true}]}}