{"id":4483,"date":"2025-10-11T21:22:21","date_gmt":"2025-10-11T21:22:21","guid":{"rendered":"https:\/\/happyinaknit.com\/?post_type=product&#038;p=4483"},"modified":"2025-11-13T21:31:26","modified_gmt":"2025-11-13T21:31:26","slug":"rico-design-creative-jazz-up","status":"publish","type":"product","link":"https:\/\/happyinaknit.com\/ru\/product\/rico-design-creative-jazz-up\/","title":{"rendered":"Rico Design Creative Jazz Up"},"content":{"rendered":"<p data-start=\"0\" data-end=\"270\"><strong data-start=\"0\" data-end=\"32\">Rico Design Creative Jazz Up<\/strong> \u2013 \u0434\u0435\u043a\u043e\u0440\u0430\u0442\u0438\u0432\u043d\u0430\u044f \u0434\u043e\u043f\u043e\u043b\u043d\u0438\u0442\u0435\u043b\u044c\u043d\u0430\u044f \u043d\u0438\u0442\u0438\u044c \u043a\u043e\u0442\u043e\u0440\u0430\u044f \u043f\u0440\u0438\u0434\u0430\u0435\u0442 \u043b\u044e\u0431\u043e\u043c\u0443 \u0432\u044f\u0437\u0430\u043d\u043e\u043c\u0443 \u0438\u0437\u0434\u0435\u043b\u0438\u044e \u043d\u0430\u0441\u0442\u043e\u044f\u0449\u0438\u0439 \u00ab\u0442\u0432\u0438\u0434\u043e\u0432\u044b\u0439\u00bb \u044d\u0444\u0444\u0435\u043a\u0442. \u041f\u0440\u043e\u0441\u0442\u043e \u0441\u0432\u044f\u0436\u0438\u0442\u0435 \u044d\u0442\u0443 \u043f\u0440\u044f\u0436\u0430 \u0432\u043c\u0435\u0441\u0442\u0435 \u0441 \u043e\u0441\u043d\u043e\u0432\u043d\u043e\u0439\u2013 \u0442\u043e\u043d\u043a\u0430\u044f \u043d\u0438\u0442\u044c \u0441 \u0446\u0432\u0435\u0442\u043d\u044b\u043c\u0438 \u0442\u0432\u0438\u0434\u043e\u0432\u044b\u043c\u0438 \u0443\u0437\u0435\u043b\u043a\u0430\u043c\u0438 \u043f\u0440\u0438\u0434\u0430\u0441\u0442 \u0432\u044f\u0437\u0430\u043d\u0438\u044e \u0438\u0433\u0440\u0438\u0432\u043e\u0441\u0442\u044c \u0438 \u0444\u0430\u043a\u0442\u0443\u0440\u043d\u043e\u0441\u0442\u044c.<\/p>\n<p data-start=\"272\" data-end=\"388\"><strong data-start=\"272\" data-end=\"284\">\u0421\u043e\u0441\u0442\u0430\u0432:<\/strong> 100 % \u043f\u043e\u043b\u0438\u044d\u0441\u0442\u0435\u0440<br data-start=\"302\" data-end=\"305\" \/><strong data-start=\"305\" data-end=\"324\" data-is-only-node=\"\">\u0412\u0435\u0441\/\u0414\u043b\u0438\u043d\u0430:<\/strong> 25 \u0433 - 285 \u043c<br data-start=\"337\" data-end=\"340\" \/><strong data-start=\"340\" data-end=\"354\">\u0421\u043e\u0432\u0435\u0442\u044b \u043f\u043e \u0443\u0445\u043e\u0434\u0443:<\/strong> \u0441\u0442\u0438\u0440\u043a\u0430 \u043d\u0430 \u0446\u0438\u043a\u043b\u0435 \u00ab\u0448\u0435\u0440\u0441\u0442\u044c\u00bb \u0434\u043e 30 \u00b0C<\/p>\n<p data-start=\"390\" data-end=\"625\" data-is-last-node=\"\" data-is-only-node=\"\">\u0418\u0434\u0435\u0430\u043b\u044c\u043d\u043e \u0441\u043e\u0447\u0435\u0442\u0430\u0435\u0442\u0441\u044f \u0441 \u0440\u0430\u0437\u043b\u0438\u0447\u043d\u044b\u043c\u0438 \u0442\u0438\u043f\u0430\u043c\u0438 \u043f\u0440\u044f\u0436\u0438 \u2014 \u043a\u0430\u043a \u0434\u043b\u044f \u043f\u0440\u0438\u0434\u0430\u043d\u0438\u044f \u043b\u0435\u0433\u043a\u043e\u0439 \u0438\u0433\u0440\u0438\u0432\u043e\u0441\u0442\u0438 \u0441\u0432\u0438\u0442\u0435\u0440\u0430\u043c, \u0448\u0430\u0440\u0444\u0430\u043c \u0438\u043b\u0438 \u0448\u0430\u043f\u043a\u0430\u043c, \u0442\u0430\u043a \u0438 \u0434\u043b\u044f \u0443\u043a\u0440\u0430\u0448\u0435\u043d\u0438\u044f \u0430\u043a\u0441\u0435\u0441\u0441\u0443\u0430\u0440\u043e\u0432.<\/p>\n<p data-start=\"390\" data-end=\"625\" data-is-last-node=\"\" data-is-only-node=\"\"><br data-start=\"534\" data-end=\"537\" \/><strong data-start=\"537\" data-end=\"549\">\u041f\u0440\u0438\u043c\u0435\u0447\u0430\u043d\u0438\u0435:<\/strong> \u0426\u0432\u0435\u0442\u043e\u0432\u044b\u0435 \u043e\u0442\u0442\u0435\u043d\u043a\u0438 \u043c\u043e\u0433\u0443\u0442 \u043d\u0435\u0437\u043d\u0430\u0447\u0438\u0442\u0435\u043b\u044c\u043d\u043e \u043e\u0442\u043b\u0438\u0447\u0430\u0442\u044c\u0441\u044f \u0432 \u0437\u0430\u0432\u0438\u0441\u0438\u043c\u043e\u0441\u0442\u0438 \u043e\u0442 \u044d\u043a\u0440\u0430\u043d\u0430 \u0432\u0430\u0448\u0435\u0433\u043e \u0443\u0441\u0442\u0440\u043e\u0439\u0441\u0442\u0432\u0430.<\/p>","protected":false},"excerpt":{"rendered":"<p>Rico Design Creative Jazz Up \u2013 dekoratyviniai papildomi si\u016blai, suteikiantys bet kuriam mezginiui autenti\u0161k\u0105 \u201etvido\u201c efekt\u0105. Tereikia \u0161iuos si\u016blus megzti kartu su pagrindiniais \u2013 plona gija su spalvotais tvido mazgeliais suteiks mezginiui \u017eaismingumo ir tekst\u016bros. Sud\u0117tis: 100 % poliesterisSvoris \/ ilgis: 25 g &#8211; 285 mPrie\u017ei\u016bra: skalbti vilnos re\u017eimu iki 30 \u00b0C Puikiai tinka kartu [&hellip;]<\/p>\n","protected":false},"featured_media":4475,"comment_status":"open","ping_status":"closed","template":"","meta":{"_acf_changed":false},"product_brand":[68],"product_cat":[15,323],"product_tag":[],"pro-kategorijos":[79],"class_list":{"0":"post-4483","1":"product","2":"type-product","3":"status-publish","4":"has-post-thumbnail","6":"product_brand-rico-design","7":"product_cat-visi-produktai","8":"product_cat-siulai-su-lureksu-ir-zvyneliais","9":"pro-kategorijos-poliesteris","11":"first","12":"instock","13":"shipping-taxable","14":"purchasable","15":"product-type-variable"},"acf":[],"yoast_head":"<!-- This site is optimized with the Yoast SEO plugin v26.8 - https:\/\/yoast.com\/product\/yoast-seo-wordpress\/ -->\n<title>Rico Design Creative Jazz Up - Happyinaknit.com<\/title>\n<meta name=\"robots\" content=\"index, follow, max-snippet:-1, max-image-preview:large, max-video-preview:-1\" \/>\n<link rel=\"canonical\" href=\"https:\/\/happyinaknit.com\/ru\/product\/rico-design-creative-jazz-up\/\" \/>\n<meta property=\"og:locale\" content=\"ru_RU\" \/>\n<meta property=\"og:type\" content=\"article\" \/>\n<meta property=\"og:title\" content=\"Rico Design Creative Jazz Up - Happyinaknit.com\" \/>\n<meta property=\"og:description\" content=\"Rico Design Creative Jazz Up \u2013 dekoratyviniai papildomi si\u016blai, suteikiantys bet kuriam mezginiui autenti\u0161k\u0105 \u201etvido\u201c efekt\u0105. Tereikia \u0161iuos si\u016blus megzti kartu su pagrindiniais \u2013 plona gija su spalvotais tvido mazgeliais suteiks mezginiui \u017eaismingumo ir tekst\u016bros. Sud\u0117tis: 100 % poliesterisSvoris \/ ilgis: 25 g &#8211; 285 mPrie\u017ei\u016bra: skalbti vilnos re\u017eimu iki 30 \u00b0C Puikiai tinka kartu [&hellip;]\" \/>\n<meta property=\"og:url\" content=\"https:\/\/happyinaknit.com\/ru\/product\/rico-design-creative-jazz-up\/\" \/>\n<meta property=\"og:site_name\" content=\"Happyinaknit.com\" \/>\n<meta property=\"article:modified_time\" content=\"2025-11-13T21:31:26+00:00\" \/>\n<meta property=\"og:image\" content=\"https:\/\/happyinaknit.com\/wp-content\/uploads\/2025\/10\/IMG_9266.jpg\" \/>\n\t<meta property=\"og:image:width\" content=\"1320\" \/>\n\t<meta property=\"og:image:height\" content=\"1716\" \/>\n\t<meta property=\"og:image:type\" content=\"image\/jpeg\" \/>\n<meta name=\"twitter:card\" content=\"summary_large_image\" \/>\n<script type=\"application\/ld+json\" class=\"yoast-schema-graph\">{\"@context\":\"https:\/\/schema.org\",\"@graph\":[{\"@type\":\"WebPage\",\"@id\":\"https:\/\/happyinaknit.com\/produktas\/rico-design-creative-jazz-up\/\",\"url\":\"https:\/\/happyinaknit.com\/produktas\/rico-design-creative-jazz-up\/\",\"name\":\"Rico Design Creative Jazz Up - Happyinaknit.com\",\"isPartOf\":{\"@id\":\"https:\/\/happyinaknit.com\/lt\/#website\"},\"primaryImageOfPage\":{\"@id\":\"https:\/\/happyinaknit.com\/produktas\/rico-design-creative-jazz-up\/#primaryimage\"},\"image\":{\"@id\":\"https:\/\/happyinaknit.com\/produktas\/rico-design-creative-jazz-up\/#primaryimage\"},\"thumbnailUrl\":\"https:\/\/happyinaknit.com\/wp-content\/uploads\/2025\/10\/IMG_9266.jpg\",\"datePublished\":\"2025-10-11T21:22:21+00:00\",\"dateModified\":\"2025-11-13T21:31:26+00:00\",\"breadcrumb\":{\"@id\":\"https:\/\/happyinaknit.com\/produktas\/rico-design-creative-jazz-up\/#breadcrumb\"},\"inLanguage\":\"ru-RU\",\"potentialAction\":[{\"@type\":\"ReadAction\",\"target\":[\"https:\/\/happyinaknit.com\/produktas\/rico-design-creative-jazz-up\/\"]}]},{\"@type\":\"ImageObject\",\"inLanguage\":\"ru-RU\",\"@id\":\"https:\/\/happyinaknit.com\/produktas\/rico-design-creative-jazz-up\/#primaryimage\",\"url\":\"https:\/\/happyinaknit.com\/wp-content\/uploads\/2025\/10\/IMG_9266.jpg\",\"contentUrl\":\"https:\/\/happyinaknit.com\/wp-content\/uploads\/2025\/10\/IMG_9266.jpg\",\"width\":1320,\"height\":1716},{\"@type\":\"BreadcrumbList\",\"@id\":\"https:\/\/happyinaknit.com\/produktas\/rico-design-creative-jazz-up\/#breadcrumb\",\"itemListElement\":[{\"@type\":\"ListItem\",\"position\":1,\"name\":\"Home\",\"item\":\"https:\/\/happyinaknit.com\/lt\/\"},{\"@type\":\"ListItem\",\"position\":2,\"name\":\"Parduotuv\u0117\",\"item\":\"https:\/\/happyinaknit.com\/lt\/parduotuve\/\"},{\"@type\":\"ListItem\",\"position\":3,\"name\":\"Rico Design Creative Jazz Up\"}]},{\"@type\":\"WebSite\",\"@id\":\"https:\/\/happyinaknit.com\/lt\/#website\",\"url\":\"https:\/\/happyinaknit.com\/lt\/\",\"name\":\"Happyinaknit.com\",\"description\":\"\",\"potentialAction\":[{\"@type\":\"SearchAction\",\"target\":{\"@type\":\"EntryPoint\",\"urlTemplate\":\"https:\/\/happyinaknit.com\/lt\/?s={search_term_string}\"},\"query-input\":{\"@type\":\"PropertyValueSpecification\",\"valueRequired\":true,\"valueName\":\"search_term_string\"}}],\"inLanguage\":\"ru-RU\"}]}<\/script>\n<!-- \/ Yoast SEO plugin. -->","yoast_head_json":{"title":"Rico Design Creative Jazz Up - Happyinaknit.com","robots":{"index":"index","follow":"follow","max-snippet":"max-snippet:-1","max-image-preview":"max-image-preview:large","max-video-preview":"max-video-preview:-1"},"canonical":"https:\/\/happyinaknit.com\/ru\/product\/rico-design-creative-jazz-up\/","og_locale":"ru_RU","og_type":"article","og_title":"Rico Design Creative Jazz Up - Happyinaknit.com","og_description":"Rico Design Creative Jazz Up \u2013 dekoratyviniai papildomi si\u016blai, suteikiantys bet kuriam mezginiui autenti\u0161k\u0105 \u201etvido\u201c efekt\u0105. Tereikia \u0161iuos si\u016blus megzti kartu su pagrindiniais \u2013 plona gija su spalvotais tvido mazgeliais suteiks mezginiui \u017eaismingumo ir tekst\u016bros. Sud\u0117tis: 100 % poliesterisSvoris \/ ilgis: 25 g &#8211; 285 mPrie\u017ei\u016bra: skalbti vilnos re\u017eimu iki 30 \u00b0C Puikiai tinka kartu [&hellip;]","og_url":"https:\/\/happyinaknit.com\/ru\/product\/rico-design-creative-jazz-up\/","og_site_name":"Happyinaknit.com","article_modified_time":"2025-11-13T21:31:26+00:00","og_image":[{"width":1320,"height":1716,"url":"https:\/\/happyinaknit.com\/wp-content\/uploads\/2025\/10\/IMG_9266.jpg","type":"image\/jpeg"}],"twitter_card":"summary_large_image","schema":{"@context":"https:\/\/schema.org","@graph":[{"@type":"WebPage","@id":"https:\/\/happyinaknit.com\/produktas\/rico-design-creative-jazz-up\/","url":"https:\/\/happyinaknit.com\/produktas\/rico-design-creative-jazz-up\/","name":"Rico Design Creative Jazz Up - Happyinaknit.com","isPartOf":{"@id":"https:\/\/happyinaknit.com\/lt\/#website"},"primaryImageOfPage":{"@id":"https:\/\/happyinaknit.com\/produktas\/rico-design-creative-jazz-up\/#primaryimage"},"image":{"@id":"https:\/\/happyinaknit.com\/produktas\/rico-design-creative-jazz-up\/#primaryimage"},"thumbnailUrl":"https:\/\/happyinaknit.com\/wp-content\/uploads\/2025\/10\/IMG_9266.jpg","datePublished":"2025-10-11T21:22:21+00:00","dateModified":"2025-11-13T21:31:26+00:00","breadcrumb":{"@id":"https:\/\/happyinaknit.com\/produktas\/rico-design-creative-jazz-up\/#breadcrumb"},"inLanguage":"ru-RU","potentialAction":[{"@type":"ReadAction","target":["https:\/\/happyinaknit.com\/produktas\/rico-design-creative-jazz-up\/"]}]},{"@type":"ImageObject","inLanguage":"ru-RU","@id":"https:\/\/happyinaknit.com\/produktas\/rico-design-creative-jazz-up\/#primaryimage","url":"https:\/\/happyinaknit.com\/wp-content\/uploads\/2025\/10\/IMG_9266.jpg","contentUrl":"https:\/\/happyinaknit.com\/wp-content\/uploads\/2025\/10\/IMG_9266.jpg","width":1320,"height":1716},{"@type":"BreadcrumbList","@id":"https:\/\/happyinaknit.com\/produktas\/rico-design-creative-jazz-up\/#breadcrumb","itemListElement":[{"@type":"ListItem","position":1,"name":"Home","item":"https:\/\/happyinaknit.com\/lt\/"},{"@type":"ListItem","position":2,"name":"Parduotuv\u0117","item":"https:\/\/happyinaknit.com\/lt\/parduotuve\/"},{"@type":"ListItem","position":3,"name":"Rico Design Creative Jazz Up"}]},{"@type":"WebSite","@id":"https:\/\/happyinaknit.com\/lt\/#website","url":"https:\/\/happyinaknit.com\/lt\/","name":"Happyinaknit.com","description":"","potentialAction":[{"@type":"SearchAction","target":{"@type":"EntryPoint","urlTemplate":"https:\/\/happyinaknit.com\/lt\/?s={search_term_string}"},"query-input":{"@type":"PropertyValueSpecification","valueRequired":true,"valueName":"search_term_string"}}],"inLanguage":"ru-RU"}]}},"_links":{"self":[{"href":"https:\/\/happyinaknit.com\/ru\/wp-json\/wp\/v2\/product\/4483","targetHints":{"allow":["GET"]}}],"collection":[{"href":"https:\/\/happyinaknit.com\/ru\/wp-json\/wp\/v2\/product"}],"about":[{"href":"https:\/\/happyinaknit.com\/ru\/wp-json\/wp\/v2\/types\/product"}],"replies":[{"embeddable":true,"href":"https:\/\/happyinaknit.com\/ru\/wp-json\/wp\/v2\/comments?post=4483"}],"wp:featuredmedia":[{"embeddable":true,"href":"https:\/\/happyinaknit.com\/ru\/wp-json\/wp\/v2\/media\/4475"}],"wp:attachment":[{"href":"https:\/\/happyinaknit.com\/ru\/wp-json\/wp\/v2\/media?parent=4483"}],"wp:term":[{"taxonomy":"product_brand","embeddable":true,"href":"https:\/\/happyinaknit.com\/ru\/wp-json\/wp\/v2\/product_brand?post=4483"},{"taxonomy":"product_cat","embeddable":true,"href":"https:\/\/happyinaknit.com\/ru\/wp-json\/wp\/v2\/product_cat?post=4483"},{"taxonomy":"product_tag","embeddable":true,"href":"https:\/\/happyinaknit.com\/ru\/wp-json\/wp\/v2\/product_tag?post=4483"},{"taxonomy":"pro-kategorijos","embeddable":true,"href":"https:\/\/happyinaknit.com\/ru\/wp-json\/wp\/v2\/pro-kategorijos?post=4483"}],"curies":[{"name":"wp","href":"https:\/\/api.w.org\/{rel}","templated":true}]}}