{"id":4481,"date":"2025-10-11T21:09:08","date_gmt":"2025-10-11T21:09:08","guid":{"rendered":"https:\/\/happyinaknit.com\/?post_type=product&#038;p=4481"},"modified":"2025-11-13T21:31:05","modified_gmt":"2025-11-13T21:31:05","slug":"rico-design-luxury-super-100-superfine-wool-dk","status":"publish","type":"product","link":"https:\/\/happyinaknit.com\/ru\/product\/rico-design-luxury-super-100-superfine-wool-dk\/","title":{"rendered":"Rico Design Luxury Super 100 Superfine Wool DK"},"content":{"rendered":"<p data-start=\"0\" data-end=\"408\"><strong data-start=\"0\" data-end=\"50\">Rico Design Luxury Super 100 Superfine Wool dk<\/strong> \u2013 \u043f\u0440\u044f\u0436\u0430 \u0432\u044b\u0441\u043e\u0447\u0430\u0439\u0448\u0435\u0433\u043e \u043a\u0430\u0447\u0435\u0441\u0442\u0432\u0430 \u0438\u0437 \u0443\u043b\u044c\u0442\u0440\u0430\u0442\u043e\u043d\u043a\u043e\u0439 \u0430\u0432\u0441\u0442\u0440\u0430\u043b\u0438\u0439\u0441\u043a\u043e\u0439 \u043c\u0435\u0440\u0438\u043d\u043e\u0441\u043e\u0432\u043e\u0439 \u0448\u0435\u0440\u0441\u0442\u0438, \u0438\u0437\u0432\u0435\u0441\u0442\u043d\u043e\u0439 \u0441\u0432\u043e\u0435\u0439 \u0438\u0441\u043a\u043b\u044e\u0447\u0438\u0442\u0435\u043b\u044c\u043d\u043e\u0439 \u043c\u044f\u0433\u043a\u043e\u0441\u0442\u044c\u044e \u0438 \u043f\u0440\u043e\u0447\u043d\u043e\u0441\u0442\u044c\u044e. \u041c\u0430\u0440\u043a\u0438\u0440\u043e\u0432\u043a\u0430 \u00abSuper 100\u00bb \u043e\u0437\u043d\u0430\u0447\u0430\u0435\u0442, \u0447\u0442\u043e 100 \u043c\u0435\u0442\u0440\u043e\u0432 \u044d\u0442\u043e\u0439 \u0448\u0435\u0440\u0441\u0442\u044f\u043d\u043e\u0439 \u043d\u0438\u0442\u0438 \u0432\u0435\u0441\u044f\u0442 \u0432\u0441\u0435\u0433\u043e 1 \u0433\u0440\u0430\u043c\u043c \u2013 \u0447\u0435\u043c \u0442\u043e\u043d\u044c\u0448\u0435 \u0432\u043e\u043b\u043e\u043a\u043d\u043e, \u0442\u0435\u043c \u0432\u044b\u0448\u0435 \u043a\u0430\u0447\u0435\u0441\u0442\u0432\u043e. \u0422\u043e\u043b\u0449\u0438\u043d\u0430 \u043f\u0440\u044f\u0436\u0438 \u0441\u043e\u0441\u0442\u0430\u0432\u043b\u044f\u0435\u0442 \u0432\u0441\u0435\u0433\u043e <strong data-start=\"341\" data-end=\"357\">18,5 \u043c\u043a\u043c<\/strong>, \u043f\u043e\u044d\u0442\u043e\u043c\u0443 \u0435\u0433\u043e \u043a\u043b\u0430\u0441\u0441\u0438\u0444\u0438\u0446\u0438\u0440\u0443\u044e\u0442 \u043a\u0430\u043a \u00ab\u0441\u0432\u0435\u0440\u0445\u0442\u043e\u043d\u043a\u0438\u0439\u00bb.<\/p>\n<p data-start=\"410\" data-end=\"648\">\u042d\u0442\u0430 \u043f\u0440\u044f\u0436\u0430 \u043c\u044f\u0433\u043a\u0430\u044f \u043d\u0430 \u043e\u0449\u0443\u043f\u044c, \u043d\u0430\u043f\u043e\u043c\u0438\u043d\u0430\u044f \u043a\u0430\u0448\u0435\u043c\u0438\u0440. \u041f\u0440\u0438 \u0432\u044f\u0437\u0430\u043d\u0438\u0438 \u043e\u043d\u0430 \u0441\u043e\u0437\u0434\u0430\u0451\u0442 \u043e\u0447\u0435\u043d\u044c \u0440\u043e\u0432\u043d\u0443\u044e \u043f\u043e\u0432\u0435\u0440\u0445\u043d\u043e\u0441\u0442\u044c, \u0430 \u043f\u043e\u0441\u043b\u0435 \u0441\u0442\u0438\u0440\u043a\u0438 \u0438\u0437\u0434\u0435\u043b\u0438\u044f \u0441\u0442\u0430\u043d\u043e\u0432\u044f\u0442\u0441\u044f \u0435\u0449\u0451 \u043c\u044f\u0433\u0447\u0435 \u0438 \u043a\u0440\u0430\u0441\u0438\u0432\u0435\u0435. \u041e\u043d\u0430 \u043e\u0442\u043b\u0438\u0447\u043d\u043e \u043f\u043e\u0434\u0445\u043e\u0434\u0438\u0442 \u0434\u043b\u044f \u0441\u043e\u0437\u0434\u0430\u043d\u0438\u044f \u0434\u043e\u043b\u0433\u043e\u0432\u0435\u0447\u043d\u044b\u0445 \u0438 \u043a\u0430\u0447\u0435\u0441\u0442\u0432\u0435\u043d\u043d\u044b\u0445 \u0438\u0437\u0434\u0435\u043b\u0438\u0439.<\/p>\n<p data-start=\"650\" data-end=\"897\"><strong data-start=\"650\" data-end=\"662\">\u0421\u043e\u0441\u0442\u0430\u0432:<\/strong> 100 % \u043c\u0435\u0440\u0438\u043d\u043e\u0441\u043e\u0432\u0430\u044f \u0448\u0435\u0440\u0441\u0442\u044c<br data-start=\"681\" data-end=\"684\" \/><strong data-start=\"684\" data-end=\"703\">\u0412\u0435\u0441\/\u0414\u043b\u0438\u043d\u0430:<\/strong> 50 \u0433 - 165 \u043c<br data-start=\"716\" data-end=\"719\" data-is-only-node=\"\" \/><strong data-start=\"719\" data-end=\"737\">\u0420\u0430\u0437\u043c\u0435\u0440 \u0438\u0433\u043b\u044b:<\/strong> 4,0 \u043c\u043c<br data-start=\"744\" data-end=\"747\" \/><strong data-start=\"747\" data-end=\"760\">\u041f\u043b\u043e\u0442\u043d\u043e\u0441\u0442\u044c:<\/strong> 10 \u00d7 10 \u0441\u043c \u2013 21 \u043f\u0435\u0442\u043b\u044f \u00d7 28 \u0440\u044f\u0434\u043e\u0432<br data-start=\"792\" data-end=\"795\" \/><strong data-start=\"795\" data-end=\"812\">\u0420\u0430\u0441\u0445\u043e\u0434:<\/strong> \u0414\u043b\u044f \u0441\u0432\u0438\u0442\u0435\u0440\u0430 40 \u0440\u0430\u0437\u043c\u0435\u0440\u0430 \u2013 \u043e\u043a\u043e\u043b\u043e 500 \u0433.<br data-start=\"846\" data-end=\"849\" \/><strong data-start=\"849\" data-end=\"863\">\u0421\u043e\u0432\u0435\u0442\u044b \u043f\u043e \u0443\u0445\u043e\u0434\u0443:<\/strong> \u0441\u0442\u0438\u0440\u043a\u0430 \u043d\u0430 \u0446\u0438\u043a\u043b\u0435 \u00ab\u0448\u0435\u0440\u0441\u0442\u044c\u00bb \u0434\u043e 30 \u00b0C<\/p>\n<p data-start=\"899\" data-end=\"1128\" data-is-last-node=\"\" data-is-only-node=\"\">\u041f\u0440\u044f\u0436\u0430 \u0438\u0441\u043a\u043b\u044e\u0447\u0438\u0442\u0435\u043b\u044c\u043d\u043e \u043c\u044f\u0433\u043a\u0430\u044f \u0438 \u043f\u043e\u0434\u0445\u043e\u0434\u0438\u0442 \u043a\u0430\u043a \u0434\u043b\u044f \u043f\u043e\u0432\u0441\u0435\u0434\u043d\u0435\u0432\u043d\u043e\u0433\u043e, \u0442\u0430\u043a \u0438 \u0434\u043b\u044f \u0440\u043e\u0441\u043a\u043e\u0448\u043d\u043e\u0433\u043e \u0442\u0440\u0438\u043a\u043e\u0442\u0430\u0436\u0430 \u2014 \u0441\u0432\u0438\u0442\u0435\u0440\u043e\u0432, \u043a\u0430\u0440\u0434\u0438\u0433\u0430\u043d\u043e\u0432, \u0448\u0430\u0440\u0444\u043e\u0432 \u0438\u043b\u0438 \u0448\u0430\u043f\u043e\u043a.<br data-start=\"1037\" data-end=\"1040\" \/><strong data-start=\"1040\" data-end=\"1052\">\u041f\u0440\u0438\u043c\u0435\u0447\u0430\u043d\u0438\u0435:<\/strong> \u0426\u0432\u0435\u0442\u043e\u0432\u044b\u0435 \u043e\u0442\u0442\u0435\u043d\u043a\u0438 \u043c\u043e\u0433\u0443\u0442 \u043d\u0435\u0437\u043d\u0430\u0447\u0438\u0442\u0435\u043b\u044c\u043d\u043e \u043e\u0442\u043b\u0438\u0447\u0430\u0442\u044c\u0441\u044f \u0432 \u0437\u0430\u0432\u0438\u0441\u0438\u043c\u043e\u0441\u0442\u0438 \u043e\u0442 \u044d\u043a\u0440\u0430\u043d\u0430 \u0432\u0430\u0448\u0435\u0433\u043e \u0443\u0441\u0442\u0440\u043e\u0439\u0441\u0442\u0432\u0430.<\/p>","protected":false},"excerpt":{"rendered":"<p>Rico Design Luxury Super 100 Superfine Wool dk \u2013 auk\u0161\u010diausios kokyb\u0117s si\u016blai, pagaminti i\u0161 itin plonos Australijos merino vilnos, gars\u0117jan\u010dios savo ypatingu \u0161velnumu ir ilgaam\u017ei\u0161kumu. \u017dym\u0117jimas \u201eSuper 100\u201c rei\u0161kia, kad 100 metr\u0173 \u0161ios vilnos pluo\u0161to sveria vos 1 gram\u0105 \u2013 kuo plonesnis pluo\u0161tas, tuo auk\u0161tesn\u0117 kokyb\u0117. Si\u016blo storis yra tik 18,5 mikrono, tod\u0117l jis priskiriamas [&hellip;]<\/p>\n","protected":false},"featured_media":4478,"comment_status":"open","ping_status":"closed","template":"","meta":{"_acf_changed":false},"product_brand":[68],"product_cat":[15,182,18],"product_tag":[33],"pro-kategorijos":[71],"class_list":{"0":"post-4481","1":"product","2":"type-product","3":"status-publish","4":"has-post-thumbnail","6":"product_brand-rico-design","7":"product_cat-visi-produktai","8":"product_cat-ispardavimas","9":"product_cat-siulai","10":"product_tag-ispardavimas","11":"pro-kategorijos-merino-vilna","13":"first","14":"instock","15":"sale","16":"shipping-taxable","17":"purchasable","18":"product-type-variable"},"acf":[],"yoast_head":"<!-- This site is optimized with the Yoast SEO plugin v26.8 - https:\/\/yoast.com\/product\/yoast-seo-wordpress\/ -->\n<title>Rico Design Luxury Super 100 Superfine Wool DK - Happyinaknit.com<\/title>\n<meta name=\"robots\" content=\"index, follow, max-snippet:-1, max-image-preview:large, max-video-preview:-1\" \/>\n<link rel=\"canonical\" href=\"https:\/\/happyinaknit.com\/ru\/product\/rico-design-luxury-super-100-superfine-wool-dk\/\" \/>\n<meta property=\"og:locale\" content=\"ru_RU\" \/>\n<meta property=\"og:type\" content=\"article\" \/>\n<meta property=\"og:title\" content=\"Rico Design Luxury Super 100 Superfine Wool DK - Happyinaknit.com\" \/>\n<meta property=\"og:description\" content=\"Rico Design Luxury Super 100 Superfine Wool dk \u2013 auk\u0161\u010diausios kokyb\u0117s si\u016blai, pagaminti i\u0161 itin plonos Australijos merino vilnos, gars\u0117jan\u010dios savo ypatingu \u0161velnumu ir ilgaam\u017ei\u0161kumu. \u017dym\u0117jimas \u201eSuper 100\u201c rei\u0161kia, kad 100 metr\u0173 \u0161ios vilnos pluo\u0161to sveria vos 1 gram\u0105 \u2013 kuo plonesnis pluo\u0161tas, tuo auk\u0161tesn\u0117 kokyb\u0117. Si\u016blo storis yra tik 18,5 mikrono, tod\u0117l jis priskiriamas [&hellip;]\" \/>\n<meta property=\"og:url\" content=\"https:\/\/happyinaknit.com\/ru\/product\/rico-design-luxury-super-100-superfine-wool-dk\/\" \/>\n<meta property=\"og:site_name\" content=\"Happyinaknit.com\" \/>\n<meta property=\"article:modified_time\" content=\"2025-11-13T21:31:05+00:00\" \/>\n<meta property=\"og:image\" content=\"https:\/\/happyinaknit.com\/wp-content\/uploads\/2025\/10\/IMG_9263.jpg\" \/>\n\t<meta property=\"og:image:width\" content=\"1320\" \/>\n\t<meta property=\"og:image:height\" content=\"1740\" \/>\n\t<meta property=\"og:image:type\" content=\"image\/jpeg\" \/>\n<meta name=\"twitter:card\" content=\"summary_large_image\" \/>\n<meta name=\"twitter:label1\" content=\"\u041f\u0440\u0438\u043c\u0435\u0440\u043d\u043e\u0435 \u0432\u0440\u0435\u043c\u044f \u0434\u043b\u044f \u0447\u0442\u0435\u043d\u0438\u044f\" \/>\n\t<meta name=\"twitter:data1\" content=\"1 \u043c\u0438\u043d\u0443\u0442\u0430\" \/>\n<script type=\"application\/ld+json\" class=\"yoast-schema-graph\">{\"@context\":\"https:\/\/schema.org\",\"@graph\":[{\"@type\":\"WebPage\",\"@id\":\"https:\/\/happyinaknit.com\/produktas\/rico-design-luxury-super-100-superfine-wool-dk\/\",\"url\":\"https:\/\/happyinaknit.com\/produktas\/rico-design-luxury-super-100-superfine-wool-dk\/\",\"name\":\"Rico Design Luxury Super 100 Superfine Wool DK - Happyinaknit.com\",\"isPartOf\":{\"@id\":\"https:\/\/happyinaknit.com\/lt\/#website\"},\"primaryImageOfPage\":{\"@id\":\"https:\/\/happyinaknit.com\/produktas\/rico-design-luxury-super-100-superfine-wool-dk\/#primaryimage\"},\"image\":{\"@id\":\"https:\/\/happyinaknit.com\/produktas\/rico-design-luxury-super-100-superfine-wool-dk\/#primaryimage\"},\"thumbnailUrl\":\"https:\/\/happyinaknit.com\/wp-content\/uploads\/2025\/10\/IMG_9263.jpg\",\"datePublished\":\"2025-10-11T21:09:08+00:00\",\"dateModified\":\"2025-11-13T21:31:05+00:00\",\"breadcrumb\":{\"@id\":\"https:\/\/happyinaknit.com\/produktas\/rico-design-luxury-super-100-superfine-wool-dk\/#breadcrumb\"},\"inLanguage\":\"ru-RU\",\"potentialAction\":[{\"@type\":\"ReadAction\",\"target\":[\"https:\/\/happyinaknit.com\/produktas\/rico-design-luxury-super-100-superfine-wool-dk\/\"]}]},{\"@type\":\"ImageObject\",\"inLanguage\":\"ru-RU\",\"@id\":\"https:\/\/happyinaknit.com\/produktas\/rico-design-luxury-super-100-superfine-wool-dk\/#primaryimage\",\"url\":\"https:\/\/happyinaknit.com\/wp-content\/uploads\/2025\/10\/IMG_9263.jpg\",\"contentUrl\":\"https:\/\/happyinaknit.com\/wp-content\/uploads\/2025\/10\/IMG_9263.jpg\",\"width\":1320,\"height\":1740},{\"@type\":\"BreadcrumbList\",\"@id\":\"https:\/\/happyinaknit.com\/produktas\/rico-design-luxury-super-100-superfine-wool-dk\/#breadcrumb\",\"itemListElement\":[{\"@type\":\"ListItem\",\"position\":1,\"name\":\"Home\",\"item\":\"https:\/\/happyinaknit.com\/lt\/\"},{\"@type\":\"ListItem\",\"position\":2,\"name\":\"Parduotuv\u0117\",\"item\":\"https:\/\/happyinaknit.com\/lt\/parduotuve\/\"},{\"@type\":\"ListItem\",\"position\":3,\"name\":\"Rico Design Luxury Super 100 Superfine Wool DK\"}]},{\"@type\":\"WebSite\",\"@id\":\"https:\/\/happyinaknit.com\/lt\/#website\",\"url\":\"https:\/\/happyinaknit.com\/lt\/\",\"name\":\"Happyinaknit.com\",\"description\":\"\",\"potentialAction\":[{\"@type\":\"SearchAction\",\"target\":{\"@type\":\"EntryPoint\",\"urlTemplate\":\"https:\/\/happyinaknit.com\/lt\/?s={search_term_string}\"},\"query-input\":{\"@type\":\"PropertyValueSpecification\",\"valueRequired\":true,\"valueName\":\"search_term_string\"}}],\"inLanguage\":\"ru-RU\"}]}<\/script>\n<!-- \/ Yoast SEO plugin. -->","yoast_head_json":{"title":"Rico Design Luxury Super 100 Superfine Wool DK - Happyinaknit.com","robots":{"index":"index","follow":"follow","max-snippet":"max-snippet:-1","max-image-preview":"max-image-preview:large","max-video-preview":"max-video-preview:-1"},"canonical":"https:\/\/happyinaknit.com\/ru\/product\/rico-design-luxury-super-100-superfine-wool-dk\/","og_locale":"ru_RU","og_type":"article","og_title":"Rico Design Luxury Super 100 Superfine Wool DK - Happyinaknit.com","og_description":"Rico Design Luxury Super 100 Superfine Wool dk \u2013 auk\u0161\u010diausios kokyb\u0117s si\u016blai, pagaminti i\u0161 itin plonos Australijos merino vilnos, gars\u0117jan\u010dios savo ypatingu \u0161velnumu ir ilgaam\u017ei\u0161kumu. \u017dym\u0117jimas \u201eSuper 100\u201c rei\u0161kia, kad 100 metr\u0173 \u0161ios vilnos pluo\u0161to sveria vos 1 gram\u0105 \u2013 kuo plonesnis pluo\u0161tas, tuo auk\u0161tesn\u0117 kokyb\u0117. Si\u016blo storis yra tik 18,5 mikrono, tod\u0117l jis priskiriamas [&hellip;]","og_url":"https:\/\/happyinaknit.com\/ru\/product\/rico-design-luxury-super-100-superfine-wool-dk\/","og_site_name":"Happyinaknit.com","article_modified_time":"2025-11-13T21:31:05+00:00","og_image":[{"width":1320,"height":1740,"url":"https:\/\/happyinaknit.com\/wp-content\/uploads\/2025\/10\/IMG_9263.jpg","type":"image\/jpeg"}],"twitter_card":"summary_large_image","twitter_misc":{"\u041f\u0440\u0438\u043c\u0435\u0440\u043d\u043e\u0435 \u0432\u0440\u0435\u043c\u044f \u0434\u043b\u044f \u0447\u0442\u0435\u043d\u0438\u044f":"1 \u043c\u0438\u043d\u0443\u0442\u0430"},"schema":{"@context":"https:\/\/schema.org","@graph":[{"@type":"WebPage","@id":"https:\/\/happyinaknit.com\/produktas\/rico-design-luxury-super-100-superfine-wool-dk\/","url":"https:\/\/happyinaknit.com\/produktas\/rico-design-luxury-super-100-superfine-wool-dk\/","name":"Rico Design Luxury Super 100 Superfine Wool DK - Happyinaknit.com","isPartOf":{"@id":"https:\/\/happyinaknit.com\/lt\/#website"},"primaryImageOfPage":{"@id":"https:\/\/happyinaknit.com\/produktas\/rico-design-luxury-super-100-superfine-wool-dk\/#primaryimage"},"image":{"@id":"https:\/\/happyinaknit.com\/produktas\/rico-design-luxury-super-100-superfine-wool-dk\/#primaryimage"},"thumbnailUrl":"https:\/\/happyinaknit.com\/wp-content\/uploads\/2025\/10\/IMG_9263.jpg","datePublished":"2025-10-11T21:09:08+00:00","dateModified":"2025-11-13T21:31:05+00:00","breadcrumb":{"@id":"https:\/\/happyinaknit.com\/produktas\/rico-design-luxury-super-100-superfine-wool-dk\/#breadcrumb"},"inLanguage":"ru-RU","potentialAction":[{"@type":"ReadAction","target":["https:\/\/happyinaknit.com\/produktas\/rico-design-luxury-super-100-superfine-wool-dk\/"]}]},{"@type":"ImageObject","inLanguage":"ru-RU","@id":"https:\/\/happyinaknit.com\/produktas\/rico-design-luxury-super-100-superfine-wool-dk\/#primaryimage","url":"https:\/\/happyinaknit.com\/wp-content\/uploads\/2025\/10\/IMG_9263.jpg","contentUrl":"https:\/\/happyinaknit.com\/wp-content\/uploads\/2025\/10\/IMG_9263.jpg","width":1320,"height":1740},{"@type":"BreadcrumbList","@id":"https:\/\/happyinaknit.com\/produktas\/rico-design-luxury-super-100-superfine-wool-dk\/#breadcrumb","itemListElement":[{"@type":"ListItem","position":1,"name":"Home","item":"https:\/\/happyinaknit.com\/lt\/"},{"@type":"ListItem","position":2,"name":"Parduotuv\u0117","item":"https:\/\/happyinaknit.com\/lt\/parduotuve\/"},{"@type":"ListItem","position":3,"name":"Rico Design Luxury Super 100 Superfine Wool DK"}]},{"@type":"WebSite","@id":"https:\/\/happyinaknit.com\/lt\/#website","url":"https:\/\/happyinaknit.com\/lt\/","name":"Happyinaknit.com","description":"","potentialAction":[{"@type":"SearchAction","target":{"@type":"EntryPoint","urlTemplate":"https:\/\/happyinaknit.com\/lt\/?s={search_term_string}"},"query-input":{"@type":"PropertyValueSpecification","valueRequired":true,"valueName":"search_term_string"}}],"inLanguage":"ru-RU"}]}},"_links":{"self":[{"href":"https:\/\/happyinaknit.com\/ru\/wp-json\/wp\/v2\/product\/4481","targetHints":{"allow":["GET"]}}],"collection":[{"href":"https:\/\/happyinaknit.com\/ru\/wp-json\/wp\/v2\/product"}],"about":[{"href":"https:\/\/happyinaknit.com\/ru\/wp-json\/wp\/v2\/types\/product"}],"replies":[{"embeddable":true,"href":"https:\/\/happyinaknit.com\/ru\/wp-json\/wp\/v2\/comments?post=4481"}],"wp:featuredmedia":[{"embeddable":true,"href":"https:\/\/happyinaknit.com\/ru\/wp-json\/wp\/v2\/media\/4478"}],"wp:attachment":[{"href":"https:\/\/happyinaknit.com\/ru\/wp-json\/wp\/v2\/media?parent=4481"}],"wp:term":[{"taxonomy":"product_brand","embeddable":true,"href":"https:\/\/happyinaknit.com\/ru\/wp-json\/wp\/v2\/product_brand?post=4481"},{"taxonomy":"product_cat","embeddable":true,"href":"https:\/\/happyinaknit.com\/ru\/wp-json\/wp\/v2\/product_cat?post=4481"},{"taxonomy":"product_tag","embeddable":true,"href":"https:\/\/happyinaknit.com\/ru\/wp-json\/wp\/v2\/product_tag?post=4481"},{"taxonomy":"pro-kategorijos","embeddable":true,"href":"https:\/\/happyinaknit.com\/ru\/wp-json\/wp\/v2\/pro-kategorijos?post=4481"}],"curies":[{"name":"wp","href":"https:\/\/api.w.org\/{rel}","templated":true}]}}