{"id":4470,"date":"2025-10-11T20:48:47","date_gmt":"2025-10-11T20:48:47","guid":{"rendered":"https:\/\/happyinaknit.com\/?post_type=product&#038;p=4470"},"modified":"2026-02-02T14:39:35","modified_gmt":"2026-02-02T14:39:35","slug":"rico-design-essentials-cashlana-dk","status":"publish","type":"product","link":"https:\/\/happyinaknit.com\/ru\/product\/rico-design-essentials-cashlana-dk\/","title":{"rendered":"Rico Design Essentials Cashlana DK"},"content":{"rendered":"<p data-start=\"0\" data-end=\"328\"><strong data-start=\"0\" data-end=\"42\">Rico Design Essentials Cashlana DK<\/strong>\u00a0\u2013 \u0440\u043e\u0441\u043a\u043e\u0448\u043d\u0430\u044f \u043f\u0440\u044f\u0436\u0430, \u0441\u043e\u0447\u0435\u0442\u0430\u044e\u0449\u0430\u044f \u0432 \u0441\u0435\u0431\u0435 \u043c\u044f\u0433\u043a\u0443\u044e \u043c\u0435\u0440\u0438\u043d\u043e\u0441\u043e\u0432\u0443\u044e \u0448\u0435\u0440\u0441\u0442\u044c \u0438 \u0440\u043e\u0441\u043a\u043e\u0448\u043d\u044b\u0439 \u043a\u0430\u0448\u0435\u043c\u0438\u0440. \u0411\u043b\u0430\u0433\u043e\u0434\u0430\u0440\u044f \u0441\u0432\u043e\u0435\u0439 \u043c\u044f\u0433\u043a\u043e\u0441\u0442\u0438 \u0438 \u0442\u0435\u043f\u043b\u043e\u0442\u0435 \u044d\u0442\u0430 \u043f\u0440\u044f\u0436\u0430 \u0438\u0434\u0435\u0430\u043b\u044c\u043d\u043e \u043f\u043e\u0434\u0445\u043e\u0434\u0438\u0442 \u0434\u043b\u044f \u0441\u0432\u0438\u0442\u0435\u0440\u043e\u0432, \u0448\u0430\u043f\u043e\u043a, \u0448\u0430\u0440\u0444\u043e\u0432 \u0438 \u043c\u044f\u0433\u043a\u0438\u0445 \u0430\u043a\u0441\u0435\u0441\u0441\u0443\u0430\u0440\u043e\u0432. \u041f\u0440\u0438 \u0432\u044f\u0437\u0430\u043d\u0438\u0438 \u043f\u0440\u044f\u0436\u0430 \u0441\u043e\u0437\u0434\u0430\u0451\u0442 \u0440\u043e\u0432\u043d\u0443\u044e \u0438 \u0447\u0438\u0441\u0442\u0443\u044e \u043f\u043e\u0432\u0435\u0440\u0445\u043d\u043e\u0441\u0442\u044c \u0442\u0440\u0438\u043a\u043e\u0442\u0430\u0436\u0430, \u0430 \u043f\u043e\u0441\u043b\u0435 \u0441\u0442\u0438\u0440\u043a\u0438 \u0441\u0442\u0430\u043d\u043e\u0432\u0438\u0442\u0441\u044f \u0435\u0449\u0451 \u043c\u044f\u0433\u0447\u0435.<\/p>\n<p data-start=\"330\" data-end=\"596\"><strong data-start=\"330\" data-end=\"342\">\u0421\u043e\u0441\u0442\u0430\u0432:<\/strong> 80 % \u043c\u0435\u0440\u0438\u043d\u043e\u0441\u043e\u0432\u0430\u044f \u0448\u0435\u0440\u0441\u0442\u044c, 20 % \u043a\u0430\u0448\u0435\u043c\u0438\u0440<br data-start=\"375\" data-end=\"378\" \/><strong data-start=\"378\" data-end=\"397\" data-is-only-node=\"\">\u0412\u0435\u0441\/\u0414\u043b\u0438\u043d\u0430:<\/strong> 25 \u0433 - 62 \u043c<br data-start=\"409\" data-end=\"412\" \/><strong data-start=\"412\" data-end=\"430\">\u0420\u0430\u0437\u043c\u0435\u0440 \u0438\u0433\u043b\u044b:<\/strong> 3,5-4 \u043c\u043c<br data-start=\"439\" data-end=\"442\" \/><strong data-start=\"442\" data-end=\"455\">\u041f\u043b\u043e\u0442\u043d\u043e\u0441\u0442\u044c:<\/strong> 10 \u00d7 10 \u0441\u043c \u2013 22 \u043f\u0435\u0442\u043b\u0438 \u00d7 28 \u0440\u044f\u0434\u043e\u0432<br data-start=\"487\" data-end=\"490\" \/><strong data-start=\"490\" data-end=\"504\">\u0421\u043e\u0432\u0435\u0442\u044b \u043f\u043e \u0443\u0445\u043e\u0434\u0443:<\/strong> \u0440\u0443\u0447\u043d\u0430\u044f \u0441\u0442\u0438\u0440\u043a\u0430 \u043f\u0440\u0438 \u0442\u0435\u043c\u043f\u0435\u0440\u0430\u0442\u0443\u0440\u0435 \u043d\u0435 \u0432\u044b\u0448\u0435 30 \u00b0\u0421, \u0441\u0443\u0448\u0438\u0442\u044c \u043d\u0430 \u0433\u043e\u0440\u0438\u0437\u043e\u043d\u0442\u0430\u043b\u044c\u043d\u043e\u0439 \u043f\u043e\u0432\u0435\u0440\u0445\u043d\u043e\u0441\u0442\u0438<\/p>\n<p data-start=\"598\" data-end=\"803\" data-is-last-node=\"\" data-is-only-node=\"\">\u042d\u0442\u0438 \u043d\u0438\u0442\u043a\u0438 \u0438\u0434\u0435\u0430\u043b\u044c\u043d\u043e \u043f\u043e\u0434\u0445\u043e\u0434\u044f\u0442 \u0434\u043b\u044f \u0441\u043e\u0437\u0434\u0430\u043d\u0438\u044f \u043d\u0435\u0436\u043d\u044b\u0445 \u0438 \u044d\u043b\u0435\u0433\u0430\u043d\u0442\u043d\u044b\u0445 \u0438\u0437\u0434\u0435\u043b\u0438\u0439 \u2014 \u043e\u0442 \u043d\u0435\u0431\u043e\u043b\u044c\u0448\u0438\u0445 \u0430\u043a\u0441\u0435\u0441\u0441\u0443\u0430\u0440\u043e\u0432 \u0434\u043e \u0442\u0435\u043f\u043b\u044b\u0445 \u0437\u0438\u043c\u043d\u0438\u0445 \u0441\u0432\u0438\u0442\u0435\u0440\u043e\u0432.<br data-start=\"712\" data-end=\"715\" \/><strong data-start=\"715\" data-end=\"727\">\u041f\u0440\u0438\u043c\u0435\u0447\u0430\u043d\u0438\u0435:<\/strong> \u0426\u0432\u0435\u0442\u043e\u0432\u044b\u0435 \u043e\u0442\u0442\u0435\u043d\u043a\u0438 \u043c\u043e\u0433\u0443\u0442 \u043d\u0435\u0437\u043d\u0430\u0447\u0438\u0442\u0435\u043b\u044c\u043d\u043e \u043e\u0442\u043b\u0438\u0447\u0430\u0442\u044c\u0441\u044f \u0432 \u0437\u0430\u0432\u0438\u0441\u0438\u043c\u043e\u0441\u0442\u0438 \u043e\u0442 \u044d\u043a\u0440\u0430\u043d\u0430 \u0432\u0430\u0448\u0435\u0433\u043e \u0443\u0441\u0442\u0440\u043e\u0439\u0441\u0442\u0432\u0430.<\/p>","protected":false},"excerpt":{"rendered":"<p>Rico Design Essentials Cashlana DK\u00a0\u2013 prabang\u016bs si\u016blai, kuriuose dera \u0161velni merino vilna ir prabangus ka\u0161myras. D\u0117l savo mink\u0161tumo ir \u0161ilumos \u0161ie si\u016blai puikiai tinka megztiniams, kepur\u0117ms, \u0161alikams bei \u0161velniems aksesuarams. Mezgant si\u016blas sukuria tolyg\u0173 ir \u0161var\u0173 mezginio pavir\u0161i\u0173, o po plovimo tampa dar \u0161velnesnis. Sud\u0117tis: 80 % merino vilna, 20 % ka\u0161myrasSvoris \/ ilgis: 25 [&hellip;]<\/p>\n","protected":false},"featured_media":4479,"comment_status":"open","ping_status":"closed","template":"","meta":{"_acf_changed":false},"product_brand":[68],"product_cat":[15,182,18],"product_tag":[33],"pro-kategorijos":[46,71],"class_list":{"0":"post-4470","1":"product","2":"type-product","3":"status-publish","4":"has-post-thumbnail","6":"product_brand-rico-design","7":"product_cat-visi-produktai","8":"product_cat-ispardavimas","9":"product_cat-siulai","10":"product_tag-ispardavimas","11":"pro-kategorijos-kasmyras","12":"pro-kategorijos-merino-vilna","14":"first","15":"outofstock","16":"sale","17":"shipping-taxable","18":"purchasable","19":"product-type-variable"},"acf":[],"yoast_head":"<!-- This site is optimized with the Yoast SEO plugin v26.8 - https:\/\/yoast.com\/product\/yoast-seo-wordpress\/ -->\n<title>Rico Design Essentials Cashlana DK - Happyinaknit.com<\/title>\n<meta name=\"robots\" content=\"index, follow, max-snippet:-1, max-image-preview:large, max-video-preview:-1\" \/>\n<link rel=\"canonical\" href=\"https:\/\/happyinaknit.com\/ru\/product\/rico-design-essentials-cashlana-dk\/\" \/>\n<meta property=\"og:locale\" content=\"ru_RU\" \/>\n<meta property=\"og:type\" content=\"article\" \/>\n<meta property=\"og:title\" content=\"Rico Design Essentials Cashlana DK - Happyinaknit.com\" \/>\n<meta property=\"og:description\" content=\"Rico Design Essentials Cashlana DK\u00a0\u2013 prabang\u016bs si\u016blai, kuriuose dera \u0161velni merino vilna ir prabangus ka\u0161myras. D\u0117l savo mink\u0161tumo ir \u0161ilumos \u0161ie si\u016blai puikiai tinka megztiniams, kepur\u0117ms, \u0161alikams bei \u0161velniems aksesuarams. Mezgant si\u016blas sukuria tolyg\u0173 ir \u0161var\u0173 mezginio pavir\u0161i\u0173, o po plovimo tampa dar \u0161velnesnis. Sud\u0117tis: 80 % merino vilna, 20 % ka\u0161myrasSvoris \/ ilgis: 25 [&hellip;]\" \/>\n<meta property=\"og:url\" content=\"https:\/\/happyinaknit.com\/ru\/product\/rico-design-essentials-cashlana-dk\/\" \/>\n<meta property=\"og:site_name\" content=\"Happyinaknit.com\" \/>\n<meta property=\"article:modified_time\" content=\"2026-02-02T14:39:35+00:00\" \/>\n<meta property=\"og:image\" content=\"https:\/\/happyinaknit.com\/wp-content\/uploads\/2025\/10\/IMG_9262.jpg\" \/>\n\t<meta property=\"og:image:width\" content=\"1320\" \/>\n\t<meta property=\"og:image:height\" content=\"1335\" \/>\n\t<meta property=\"og:image:type\" content=\"image\/jpeg\" \/>\n<meta name=\"twitter:card\" content=\"summary_large_image\" \/>\n<meta name=\"twitter:label1\" content=\"\u041f\u0440\u0438\u043c\u0435\u0440\u043d\u043e\u0435 \u0432\u0440\u0435\u043c\u044f \u0434\u043b\u044f \u0447\u0442\u0435\u043d\u0438\u044f\" \/>\n\t<meta name=\"twitter:data1\" content=\"1 \u043c\u0438\u043d\u0443\u0442\u0430\" \/>\n<script type=\"application\/ld+json\" class=\"yoast-schema-graph\">{\"@context\":\"https:\/\/schema.org\",\"@graph\":[{\"@type\":\"WebPage\",\"@id\":\"https:\/\/happyinaknit.com\/produktas\/rico-design-essentials-cashlana-dk\/\",\"url\":\"https:\/\/happyinaknit.com\/produktas\/rico-design-essentials-cashlana-dk\/\",\"name\":\"Rico Design Essentials Cashlana DK - Happyinaknit.com\",\"isPartOf\":{\"@id\":\"https:\/\/happyinaknit.com\/lt\/#website\"},\"primaryImageOfPage\":{\"@id\":\"https:\/\/happyinaknit.com\/produktas\/rico-design-essentials-cashlana-dk\/#primaryimage\"},\"image\":{\"@id\":\"https:\/\/happyinaknit.com\/produktas\/rico-design-essentials-cashlana-dk\/#primaryimage\"},\"thumbnailUrl\":\"https:\/\/happyinaknit.com\/wp-content\/uploads\/2025\/10\/IMG_9262.jpg\",\"datePublished\":\"2025-10-11T20:48:47+00:00\",\"dateModified\":\"2026-02-02T14:39:35+00:00\",\"breadcrumb\":{\"@id\":\"https:\/\/happyinaknit.com\/produktas\/rico-design-essentials-cashlana-dk\/#breadcrumb\"},\"inLanguage\":\"ru-RU\",\"potentialAction\":[{\"@type\":\"ReadAction\",\"target\":[\"https:\/\/happyinaknit.com\/produktas\/rico-design-essentials-cashlana-dk\/\"]}]},{\"@type\":\"ImageObject\",\"inLanguage\":\"ru-RU\",\"@id\":\"https:\/\/happyinaknit.com\/produktas\/rico-design-essentials-cashlana-dk\/#primaryimage\",\"url\":\"https:\/\/happyinaknit.com\/wp-content\/uploads\/2025\/10\/IMG_9262.jpg\",\"contentUrl\":\"https:\/\/happyinaknit.com\/wp-content\/uploads\/2025\/10\/IMG_9262.jpg\",\"width\":1320,\"height\":1335},{\"@type\":\"BreadcrumbList\",\"@id\":\"https:\/\/happyinaknit.com\/produktas\/rico-design-essentials-cashlana-dk\/#breadcrumb\",\"itemListElement\":[{\"@type\":\"ListItem\",\"position\":1,\"name\":\"Home\",\"item\":\"https:\/\/happyinaknit.com\/lt\/\"},{\"@type\":\"ListItem\",\"position\":2,\"name\":\"Parduotuv\u0117\",\"item\":\"https:\/\/happyinaknit.com\/lt\/parduotuve\/\"},{\"@type\":\"ListItem\",\"position\":3,\"name\":\"Rico Design Essentials Cashlana DK\"}]},{\"@type\":\"WebSite\",\"@id\":\"https:\/\/happyinaknit.com\/lt\/#website\",\"url\":\"https:\/\/happyinaknit.com\/lt\/\",\"name\":\"Happyinaknit.com\",\"description\":\"\",\"potentialAction\":[{\"@type\":\"SearchAction\",\"target\":{\"@type\":\"EntryPoint\",\"urlTemplate\":\"https:\/\/happyinaknit.com\/lt\/?s={search_term_string}\"},\"query-input\":{\"@type\":\"PropertyValueSpecification\",\"valueRequired\":true,\"valueName\":\"search_term_string\"}}],\"inLanguage\":\"ru-RU\"}]}<\/script>\n<!-- \/ Yoast SEO plugin. -->","yoast_head_json":{"title":"Rico Design Essentials Cashlana DK - Happyinaknit.com","robots":{"index":"index","follow":"follow","max-snippet":"max-snippet:-1","max-image-preview":"max-image-preview:large","max-video-preview":"max-video-preview:-1"},"canonical":"https:\/\/happyinaknit.com\/ru\/product\/rico-design-essentials-cashlana-dk\/","og_locale":"ru_RU","og_type":"article","og_title":"Rico Design Essentials Cashlana DK - Happyinaknit.com","og_description":"Rico Design Essentials Cashlana DK\u00a0\u2013 prabang\u016bs si\u016blai, kuriuose dera \u0161velni merino vilna ir prabangus ka\u0161myras. D\u0117l savo mink\u0161tumo ir \u0161ilumos \u0161ie si\u016blai puikiai tinka megztiniams, kepur\u0117ms, \u0161alikams bei \u0161velniems aksesuarams. Mezgant si\u016blas sukuria tolyg\u0173 ir \u0161var\u0173 mezginio pavir\u0161i\u0173, o po plovimo tampa dar \u0161velnesnis. Sud\u0117tis: 80 % merino vilna, 20 % ka\u0161myrasSvoris \/ ilgis: 25 [&hellip;]","og_url":"https:\/\/happyinaknit.com\/ru\/product\/rico-design-essentials-cashlana-dk\/","og_site_name":"Happyinaknit.com","article_modified_time":"2026-02-02T14:39:35+00:00","og_image":[{"width":1320,"height":1335,"url":"https:\/\/happyinaknit.com\/wp-content\/uploads\/2025\/10\/IMG_9262.jpg","type":"image\/jpeg"}],"twitter_card":"summary_large_image","twitter_misc":{"\u041f\u0440\u0438\u043c\u0435\u0440\u043d\u043e\u0435 \u0432\u0440\u0435\u043c\u044f \u0434\u043b\u044f \u0447\u0442\u0435\u043d\u0438\u044f":"1 \u043c\u0438\u043d\u0443\u0442\u0430"},"schema":{"@context":"https:\/\/schema.org","@graph":[{"@type":"WebPage","@id":"https:\/\/happyinaknit.com\/produktas\/rico-design-essentials-cashlana-dk\/","url":"https:\/\/happyinaknit.com\/produktas\/rico-design-essentials-cashlana-dk\/","name":"Rico Design Essentials Cashlana DK - Happyinaknit.com","isPartOf":{"@id":"https:\/\/happyinaknit.com\/lt\/#website"},"primaryImageOfPage":{"@id":"https:\/\/happyinaknit.com\/produktas\/rico-design-essentials-cashlana-dk\/#primaryimage"},"image":{"@id":"https:\/\/happyinaknit.com\/produktas\/rico-design-essentials-cashlana-dk\/#primaryimage"},"thumbnailUrl":"https:\/\/happyinaknit.com\/wp-content\/uploads\/2025\/10\/IMG_9262.jpg","datePublished":"2025-10-11T20:48:47+00:00","dateModified":"2026-02-02T14:39:35+00:00","breadcrumb":{"@id":"https:\/\/happyinaknit.com\/produktas\/rico-design-essentials-cashlana-dk\/#breadcrumb"},"inLanguage":"ru-RU","potentialAction":[{"@type":"ReadAction","target":["https:\/\/happyinaknit.com\/produktas\/rico-design-essentials-cashlana-dk\/"]}]},{"@type":"ImageObject","inLanguage":"ru-RU","@id":"https:\/\/happyinaknit.com\/produktas\/rico-design-essentials-cashlana-dk\/#primaryimage","url":"https:\/\/happyinaknit.com\/wp-content\/uploads\/2025\/10\/IMG_9262.jpg","contentUrl":"https:\/\/happyinaknit.com\/wp-content\/uploads\/2025\/10\/IMG_9262.jpg","width":1320,"height":1335},{"@type":"BreadcrumbList","@id":"https:\/\/happyinaknit.com\/produktas\/rico-design-essentials-cashlana-dk\/#breadcrumb","itemListElement":[{"@type":"ListItem","position":1,"name":"Home","item":"https:\/\/happyinaknit.com\/lt\/"},{"@type":"ListItem","position":2,"name":"Parduotuv\u0117","item":"https:\/\/happyinaknit.com\/lt\/parduotuve\/"},{"@type":"ListItem","position":3,"name":"Rico Design Essentials Cashlana DK"}]},{"@type":"WebSite","@id":"https:\/\/happyinaknit.com\/lt\/#website","url":"https:\/\/happyinaknit.com\/lt\/","name":"Happyinaknit.com","description":"","potentialAction":[{"@type":"SearchAction","target":{"@type":"EntryPoint","urlTemplate":"https:\/\/happyinaknit.com\/lt\/?s={search_term_string}"},"query-input":{"@type":"PropertyValueSpecification","valueRequired":true,"valueName":"search_term_string"}}],"inLanguage":"ru-RU"}]}},"_links":{"self":[{"href":"https:\/\/happyinaknit.com\/ru\/wp-json\/wp\/v2\/product\/4470","targetHints":{"allow":["GET"]}}],"collection":[{"href":"https:\/\/happyinaknit.com\/ru\/wp-json\/wp\/v2\/product"}],"about":[{"href":"https:\/\/happyinaknit.com\/ru\/wp-json\/wp\/v2\/types\/product"}],"replies":[{"embeddable":true,"href":"https:\/\/happyinaknit.com\/ru\/wp-json\/wp\/v2\/comments?post=4470"}],"wp:featuredmedia":[{"embeddable":true,"href":"https:\/\/happyinaknit.com\/ru\/wp-json\/wp\/v2\/media\/4479"}],"wp:attachment":[{"href":"https:\/\/happyinaknit.com\/ru\/wp-json\/wp\/v2\/media?parent=4470"}],"wp:term":[{"taxonomy":"product_brand","embeddable":true,"href":"https:\/\/happyinaknit.com\/ru\/wp-json\/wp\/v2\/product_brand?post=4470"},{"taxonomy":"product_cat","embeddable":true,"href":"https:\/\/happyinaknit.com\/ru\/wp-json\/wp\/v2\/product_cat?post=4470"},{"taxonomy":"product_tag","embeddable":true,"href":"https:\/\/happyinaknit.com\/ru\/wp-json\/wp\/v2\/product_tag?post=4470"},{"taxonomy":"pro-kategorijos","embeddable":true,"href":"https:\/\/happyinaknit.com\/ru\/wp-json\/wp\/v2\/pro-kategorijos?post=4470"}],"curies":[{"name":"wp","href":"https:\/\/api.w.org\/{rel}","templated":true}]}}