{"id":4440,"date":"2025-10-11T19:26:21","date_gmt":"2025-10-11T19:26:21","guid":{"rendered":"https:\/\/happyinaknit.com\/?post_type=product&#038;p=4440"},"modified":"2025-11-13T21:30:20","modified_gmt":"2025-11-13T21:30:20","slug":"rico-design-fashion-cottony","status":"publish","type":"product","link":"https:\/\/happyinaknit.com\/ru\/product\/rico-design-fashion-cottony\/","title":{"rendered":"Rico Design Fashion Cottony"},"content":{"rendered":"<p data-start=\"0\" data-end=\"310\"><strong data-start=\"0\" data-end=\"31\">Rico Design Fashion Cottony<\/strong> \u2013 \u043d\u0435\u0432\u0435\u0440\u043e\u044f\u0442\u043d\u043e \u043c\u044f\u0433\u043a\u0430\u044f \u0438 \u043f\u0443\u0448\u0438\u0441\u0442\u0430\u044f \u043f\u0440\u044f\u0436\u0430 \u0438\u0437 \u0441\u043c\u0435\u0441\u0438 \u0445\u043b\u043e\u043f\u043a\u0430, \u043a\u043e\u0442\u043e\u0440\u0430\u044f \u043f\u0440\u0438\u0434\u0430\u0451\u0442 \u0438\u0437\u0434\u0435\u043b\u0438\u044f\u043c \u043b\u0451\u0433\u043a\u043e\u0441\u0442\u044c \u0438 \u043c\u044f\u0433\u043a\u043e\u0441\u0442\u044c. \u0421\u043b\u0435\u0433\u043a\u0430 \u043f\u0443\u0448\u0438\u0441\u0442\u0430\u044f \u0441\u0442\u0440\u0443\u043a\u0442\u0443\u0440\u0430 \u043f\u0440\u044f\u0436\u0438 \u0443\u0441\u0438\u043b\u0435\u043d\u0430 \u0441\u043a\u0440\u0443\u0447\u0435\u043d\u043d\u043e\u0439 \u043d\u0438\u0442\u044c\u044e, \u0431\u043b\u0430\u0433\u043e\u0434\u0430\u0440\u044f \u0447\u0435\u043c\u0443 \u043f\u043e\u043b\u043e\u0442\u043d\u043e  \u043e\u0441\u0442\u0430\u0451\u0442\u0441\u044f \u0441\u0442\u0430\u0431\u0438\u043b\u044c\u043d\u044b\u043c \u0438 \u0440\u043e\u0432\u043d\u044b\u043c.  \u041e\u0442\u043b\u0438\u0447\u043d\u044b\u0439 \u0432\u044b\u0431\u043e\u0440 \u0434\u043b\u044f \u0441\u0432\u0438\u0442\u0435\u0440\u043e\u0432, \u043a\u0430\u0440\u0434\u0438\u0433\u0430\u043d\u043e\u0432 \u0438 \u0443\u044e\u0442\u043d\u044b\u0445  \u0430\u043a\u0441\u0435\u0441\u0441\u0443\u0430\u0440\u043e\u0432.<\/p>\n<p data-start=\"312\" data-end=\"630\"><strong data-start=\"312\" data-end=\"324\">\u0421\u043e\u0441\u0442\u0430\u0432:<\/strong> 85 % \u0445\u043b\u043e\u043f\u043e\u043a, 15 % \u043f\u043e\u043b\u0438\u0430\u043c\u0438\u0434<br data-start=\"355\" data-end=\"358\" \/><strong data-start=\"358\" data-end=\"377\" data-is-only-node=\"\">\u0412\u0435\u0441\/\u0414\u043b\u0438\u043d\u0430:<\/strong> 50 \u0433 - 200 \u043c<br data-start=\"390\" data-end=\"393\" \/><strong data-start=\"393\" data-end=\"411\">\u0420\u0430\u0437\u043c\u0435\u0440 \u0438\u0433\u043b\u044b:<\/strong> 4,0 \u043c\u043c<br data-start=\"418\" data-end=\"421\" \/><strong data-start=\"421\" data-end=\"434\">\u041f\u043b\u043e\u0442\u043d\u043e\u0441\u0442\u044c:<\/strong> 10 \u00d7 10 \u0441\u043c \u2013 21 \u043f\u0435\u0442\u043b\u044f \u00d7 34 \u0440\u044f\u0434\u0430<br data-start=\"466\" data-end=\"469\" \/><strong data-start=\"469\" data-end=\"486\">\u0420\u0430\u0441\u0445\u043e\u0434:<\/strong> \u0414\u043b\u044f \u0441\u0432\u0438\u0442\u0435\u0440\u0430 40 \u0440\u0430\u0437\u043c\u0435\u0440\u0430 \u2013 \u043e\u043a\u043e\u043b\u043e 400 \u0433.<br data-start=\"520\" data-end=\"523\" \/><strong data-start=\"523\" data-end=\"537\">\u0421\u043e\u0432\u0435\u0442\u044b \u043f\u043e \u0443\u0445\u043e\u0434\u0443:<\/strong> \u0440\u0443\u0447\u043d\u0430\u044f \u0441\u0442\u0438\u0440\u043a\u0430, \u043c\u0430\u043a\u0441. 30\u00b0C, \u0441\u0443\u0448\u0438\u0442\u044c \u043d\u0430 \u0433\u043e\u0440\u0438\u0437\u043e\u043d\u0442\u0430\u043b\u044c\u043d\u043e\u0439 \u043f\u043e\u0432\u0435\u0440\u0445\u043d\u043e\u0441\u0442\u0438<\/p>\n<p data-start=\"632\" data-end=\"811\" data-is-last-node=\"\" data-is-only-node=\"\">\u041b\u0435\u0433\u043a\u0430\u044f \u0438 \u043d\u0435\u0436\u043d\u0430\u044f \u043f\u0440\u044f\u0436\u0430, \u043a\u043e\u0442\u043e\u0440\u0430\u044f \u043f\u043e\u0437\u0432\u043e\u043b\u0438\u0442 \u0432\u0430\u043c \u0441\u043e\u0437\u0434\u0430\u0432\u0430\u0442\u044c \u0443\u044e\u0442\u043d\u044b\u0435, \u043f\u0443\u0448\u0438\u0441\u0442\u044b\u0435 \u0438 \u043d\u0435\u043e\u0431\u044b\u0447\u0430\u0439\u043d\u043e \u043c\u044f\u0433\u043a\u0438\u0435 \u0432\u0435\u0449\u0438.<br data-start=\"720\" data-end=\"723\" \/><strong data-start=\"723\" data-end=\"735\">\u041f\u0440\u0438\u043c\u0435\u0447\u0430\u043d\u0438\u0435:<\/strong> \u0426\u0432\u0435\u0442\u043e\u0432\u044b\u0435 \u043e\u0442\u0442\u0435\u043d\u043a\u0438 \u043c\u043e\u0433\u0443\u0442 \u043d\u0435\u0437\u043d\u0430\u0447\u0438\u0442\u0435\u043b\u044c\u043d\u043e \u043e\u0442\u043b\u0438\u0447\u0430\u0442\u044c\u0441\u044f \u0432 \u0437\u0430\u0432\u0438\u0441\u0438\u043c\u043e\u0441\u0442\u0438 \u043e\u0442 \u044d\u043a\u0440\u0430\u043d\u0430 \u0432\u0430\u0448\u0435\u0433\u043e \u0443\u0441\u0442\u0440\u043e\u0439\u0441\u0442\u0432\u0430.<\/p>","protected":false},"excerpt":{"rendered":"<p>Rico Design Fashion Cottony \u2013 itin \u0161veln\u016bs, pur\u016bs si\u016blai i\u0161 medviln\u0117s mi\u0161inio, kurie suteikia mezginiams lengvumo ir \u0161velnumo poj\u016bt\u012f. Lengvai puri si\u016bl\u0173 strukt\u016bra sustiprinta susuktu si\u016blu, tod\u0117l mezginys i\u0161lieka stabilus ir tolygus. Puikus pasirinkimas megztiniams, kardiganams ar \u0161velniems aksesuarams. Sud\u0117tis: 85 % medviln\u0117, 15 % poliamidasSvoris \/ ilgis: 50 g &#8211; 200 mVirbal\u0173 dydis: 4,0 [&hellip;]<\/p>\n","protected":false},"featured_media":4446,"comment_status":"open","ping_status":"closed","template":"","meta":{"_acf_changed":false},"product_brand":[68],"product_cat":[15,182,18],"product_tag":[33],"pro-kategorijos":[55],"class_list":{"0":"post-4440","1":"product","2":"type-product","3":"status-publish","4":"has-post-thumbnail","6":"product_brand-rico-design","7":"product_cat-visi-produktai","8":"product_cat-ispardavimas","9":"product_cat-siulai","10":"product_tag-ispardavimas","11":"pro-kategorijos-medvilne","13":"first","14":"instock","15":"sale","16":"shipping-taxable","17":"purchasable","18":"product-type-variable"},"acf":[],"yoast_head":"<!-- This site is optimized with the Yoast SEO plugin v26.8 - https:\/\/yoast.com\/product\/yoast-seo-wordpress\/ -->\n<title>Rico Design Fashion Cottony - Happyinaknit.com<\/title>\n<meta name=\"robots\" content=\"index, follow, max-snippet:-1, max-image-preview:large, max-video-preview:-1\" \/>\n<link rel=\"canonical\" href=\"https:\/\/happyinaknit.com\/ru\/product\/rico-design-fashion-cottony\/\" \/>\n<meta property=\"og:locale\" content=\"ru_RU\" \/>\n<meta property=\"og:type\" content=\"article\" \/>\n<meta property=\"og:title\" content=\"Rico Design Fashion Cottony - Happyinaknit.com\" \/>\n<meta property=\"og:description\" content=\"Rico Design Fashion Cottony \u2013 itin \u0161veln\u016bs, pur\u016bs si\u016blai i\u0161 medviln\u0117s mi\u0161inio, kurie suteikia mezginiams lengvumo ir \u0161velnumo poj\u016bt\u012f. Lengvai puri si\u016bl\u0173 strukt\u016bra sustiprinta susuktu si\u016blu, tod\u0117l mezginys i\u0161lieka stabilus ir tolygus. Puikus pasirinkimas megztiniams, kardiganams ar \u0161velniems aksesuarams. Sud\u0117tis: 85 % medviln\u0117, 15 % poliamidasSvoris \/ ilgis: 50 g &#8211; 200 mVirbal\u0173 dydis: 4,0 [&hellip;]\" \/>\n<meta property=\"og:url\" content=\"https:\/\/happyinaknit.com\/ru\/product\/rico-design-fashion-cottony\/\" \/>\n<meta property=\"og:site_name\" content=\"Happyinaknit.com\" \/>\n<meta property=\"article:modified_time\" content=\"2025-11-13T21:30:20+00:00\" \/>\n<meta property=\"og:image\" content=\"https:\/\/happyinaknit.com\/wp-content\/uploads\/2025\/10\/IMG_9255.jpg\" \/>\n\t<meta property=\"og:image:width\" content=\"1320\" \/>\n\t<meta property=\"og:image:height\" content=\"1494\" \/>\n\t<meta property=\"og:image:type\" content=\"image\/jpeg\" \/>\n<meta name=\"twitter:card\" content=\"summary_large_image\" \/>\n<meta name=\"twitter:label1\" content=\"\u041f\u0440\u0438\u043c\u0435\u0440\u043d\u043e\u0435 \u0432\u0440\u0435\u043c\u044f \u0434\u043b\u044f \u0447\u0442\u0435\u043d\u0438\u044f\" \/>\n\t<meta name=\"twitter:data1\" content=\"1 \u043c\u0438\u043d\u0443\u0442\u0430\" \/>\n<script type=\"application\/ld+json\" class=\"yoast-schema-graph\">{\"@context\":\"https:\/\/schema.org\",\"@graph\":[{\"@type\":\"WebPage\",\"@id\":\"https:\/\/happyinaknit.com\/produktas\/rico-design-fashion-cottony\/\",\"url\":\"https:\/\/happyinaknit.com\/produktas\/rico-design-fashion-cottony\/\",\"name\":\"Rico Design Fashion Cottony - Happyinaknit.com\",\"isPartOf\":{\"@id\":\"https:\/\/happyinaknit.com\/lt\/#website\"},\"primaryImageOfPage\":{\"@id\":\"https:\/\/happyinaknit.com\/produktas\/rico-design-fashion-cottony\/#primaryimage\"},\"image\":{\"@id\":\"https:\/\/happyinaknit.com\/produktas\/rico-design-fashion-cottony\/#primaryimage\"},\"thumbnailUrl\":\"https:\/\/happyinaknit.com\/wp-content\/uploads\/2025\/10\/IMG_9255.jpg\",\"datePublished\":\"2025-10-11T19:26:21+00:00\",\"dateModified\":\"2025-11-13T21:30:20+00:00\",\"breadcrumb\":{\"@id\":\"https:\/\/happyinaknit.com\/produktas\/rico-design-fashion-cottony\/#breadcrumb\"},\"inLanguage\":\"ru-RU\",\"potentialAction\":[{\"@type\":\"ReadAction\",\"target\":[\"https:\/\/happyinaknit.com\/produktas\/rico-design-fashion-cottony\/\"]}]},{\"@type\":\"ImageObject\",\"inLanguage\":\"ru-RU\",\"@id\":\"https:\/\/happyinaknit.com\/produktas\/rico-design-fashion-cottony\/#primaryimage\",\"url\":\"https:\/\/happyinaknit.com\/wp-content\/uploads\/2025\/10\/IMG_9255.jpg\",\"contentUrl\":\"https:\/\/happyinaknit.com\/wp-content\/uploads\/2025\/10\/IMG_9255.jpg\",\"width\":1320,\"height\":1494},{\"@type\":\"BreadcrumbList\",\"@id\":\"https:\/\/happyinaknit.com\/produktas\/rico-design-fashion-cottony\/#breadcrumb\",\"itemListElement\":[{\"@type\":\"ListItem\",\"position\":1,\"name\":\"Home\",\"item\":\"https:\/\/happyinaknit.com\/lt\/\"},{\"@type\":\"ListItem\",\"position\":2,\"name\":\"Parduotuv\u0117\",\"item\":\"https:\/\/happyinaknit.com\/lt\/parduotuve\/\"},{\"@type\":\"ListItem\",\"position\":3,\"name\":\"Rico Design Fashion Cottony\"}]},{\"@type\":\"WebSite\",\"@id\":\"https:\/\/happyinaknit.com\/lt\/#website\",\"url\":\"https:\/\/happyinaknit.com\/lt\/\",\"name\":\"Happyinaknit.com\",\"description\":\"\",\"potentialAction\":[{\"@type\":\"SearchAction\",\"target\":{\"@type\":\"EntryPoint\",\"urlTemplate\":\"https:\/\/happyinaknit.com\/lt\/?s={search_term_string}\"},\"query-input\":{\"@type\":\"PropertyValueSpecification\",\"valueRequired\":true,\"valueName\":\"search_term_string\"}}],\"inLanguage\":\"ru-RU\"}]}<\/script>\n<!-- \/ Yoast SEO plugin. -->","yoast_head_json":{"title":"Rico Design Fashion Cottony - Happyinaknit.com","robots":{"index":"index","follow":"follow","max-snippet":"max-snippet:-1","max-image-preview":"max-image-preview:large","max-video-preview":"max-video-preview:-1"},"canonical":"https:\/\/happyinaknit.com\/ru\/product\/rico-design-fashion-cottony\/","og_locale":"ru_RU","og_type":"article","og_title":"Rico Design Fashion Cottony - Happyinaknit.com","og_description":"Rico Design Fashion Cottony \u2013 itin \u0161veln\u016bs, pur\u016bs si\u016blai i\u0161 medviln\u0117s mi\u0161inio, kurie suteikia mezginiams lengvumo ir \u0161velnumo poj\u016bt\u012f. Lengvai puri si\u016bl\u0173 strukt\u016bra sustiprinta susuktu si\u016blu, tod\u0117l mezginys i\u0161lieka stabilus ir tolygus. Puikus pasirinkimas megztiniams, kardiganams ar \u0161velniems aksesuarams. Sud\u0117tis: 85 % medviln\u0117, 15 % poliamidasSvoris \/ ilgis: 50 g &#8211; 200 mVirbal\u0173 dydis: 4,0 [&hellip;]","og_url":"https:\/\/happyinaknit.com\/ru\/product\/rico-design-fashion-cottony\/","og_site_name":"Happyinaknit.com","article_modified_time":"2025-11-13T21:30:20+00:00","og_image":[{"width":1320,"height":1494,"url":"https:\/\/happyinaknit.com\/wp-content\/uploads\/2025\/10\/IMG_9255.jpg","type":"image\/jpeg"}],"twitter_card":"summary_large_image","twitter_misc":{"\u041f\u0440\u0438\u043c\u0435\u0440\u043d\u043e\u0435 \u0432\u0440\u0435\u043c\u044f \u0434\u043b\u044f \u0447\u0442\u0435\u043d\u0438\u044f":"1 \u043c\u0438\u043d\u0443\u0442\u0430"},"schema":{"@context":"https:\/\/schema.org","@graph":[{"@type":"WebPage","@id":"https:\/\/happyinaknit.com\/produktas\/rico-design-fashion-cottony\/","url":"https:\/\/happyinaknit.com\/produktas\/rico-design-fashion-cottony\/","name":"Rico Design Fashion Cottony - Happyinaknit.com","isPartOf":{"@id":"https:\/\/happyinaknit.com\/lt\/#website"},"primaryImageOfPage":{"@id":"https:\/\/happyinaknit.com\/produktas\/rico-design-fashion-cottony\/#primaryimage"},"image":{"@id":"https:\/\/happyinaknit.com\/produktas\/rico-design-fashion-cottony\/#primaryimage"},"thumbnailUrl":"https:\/\/happyinaknit.com\/wp-content\/uploads\/2025\/10\/IMG_9255.jpg","datePublished":"2025-10-11T19:26:21+00:00","dateModified":"2025-11-13T21:30:20+00:00","breadcrumb":{"@id":"https:\/\/happyinaknit.com\/produktas\/rico-design-fashion-cottony\/#breadcrumb"},"inLanguage":"ru-RU","potentialAction":[{"@type":"ReadAction","target":["https:\/\/happyinaknit.com\/produktas\/rico-design-fashion-cottony\/"]}]},{"@type":"ImageObject","inLanguage":"ru-RU","@id":"https:\/\/happyinaknit.com\/produktas\/rico-design-fashion-cottony\/#primaryimage","url":"https:\/\/happyinaknit.com\/wp-content\/uploads\/2025\/10\/IMG_9255.jpg","contentUrl":"https:\/\/happyinaknit.com\/wp-content\/uploads\/2025\/10\/IMG_9255.jpg","width":1320,"height":1494},{"@type":"BreadcrumbList","@id":"https:\/\/happyinaknit.com\/produktas\/rico-design-fashion-cottony\/#breadcrumb","itemListElement":[{"@type":"ListItem","position":1,"name":"Home","item":"https:\/\/happyinaknit.com\/lt\/"},{"@type":"ListItem","position":2,"name":"Parduotuv\u0117","item":"https:\/\/happyinaknit.com\/lt\/parduotuve\/"},{"@type":"ListItem","position":3,"name":"Rico Design Fashion Cottony"}]},{"@type":"WebSite","@id":"https:\/\/happyinaknit.com\/lt\/#website","url":"https:\/\/happyinaknit.com\/lt\/","name":"Happyinaknit.com","description":"","potentialAction":[{"@type":"SearchAction","target":{"@type":"EntryPoint","urlTemplate":"https:\/\/happyinaknit.com\/lt\/?s={search_term_string}"},"query-input":{"@type":"PropertyValueSpecification","valueRequired":true,"valueName":"search_term_string"}}],"inLanguage":"ru-RU"}]}},"_links":{"self":[{"href":"https:\/\/happyinaknit.com\/ru\/wp-json\/wp\/v2\/product\/4440","targetHints":{"allow":["GET"]}}],"collection":[{"href":"https:\/\/happyinaknit.com\/ru\/wp-json\/wp\/v2\/product"}],"about":[{"href":"https:\/\/happyinaknit.com\/ru\/wp-json\/wp\/v2\/types\/product"}],"replies":[{"embeddable":true,"href":"https:\/\/happyinaknit.com\/ru\/wp-json\/wp\/v2\/comments?post=4440"}],"wp:featuredmedia":[{"embeddable":true,"href":"https:\/\/happyinaknit.com\/ru\/wp-json\/wp\/v2\/media\/4446"}],"wp:attachment":[{"href":"https:\/\/happyinaknit.com\/ru\/wp-json\/wp\/v2\/media?parent=4440"}],"wp:term":[{"taxonomy":"product_brand","embeddable":true,"href":"https:\/\/happyinaknit.com\/ru\/wp-json\/wp\/v2\/product_brand?post=4440"},{"taxonomy":"product_cat","embeddable":true,"href":"https:\/\/happyinaknit.com\/ru\/wp-json\/wp\/v2\/product_cat?post=4440"},{"taxonomy":"product_tag","embeddable":true,"href":"https:\/\/happyinaknit.com\/ru\/wp-json\/wp\/v2\/product_tag?post=4440"},{"taxonomy":"pro-kategorijos","embeddable":true,"href":"https:\/\/happyinaknit.com\/ru\/wp-json\/wp\/v2\/pro-kategorijos?post=4440"}],"curies":[{"name":"wp","href":"https:\/\/api.w.org\/{rel}","templated":true}]}}