{"id":4411,"date":"2025-10-10T23:34:06","date_gmt":"2025-10-10T23:34:06","guid":{"rendered":"https:\/\/happyinaknit.com\/?post_type=product&#038;p=4411"},"modified":"2025-11-13T21:29:20","modified_gmt":"2025-11-13T21:29:20","slug":"rico-design-fashion-mohair-merino-chunky","status":"publish","type":"product","link":"https:\/\/happyinaknit.com\/ru\/product\/rico-design-fashion-mohair-merino-chunky\/","title":{"rendered":"Rico Design Fashion Mohair Merino Chunky"},"content":{"rendered":"<p data-start=\"0\" data-end=\"425\"><strong data-start=\"0\" data-end=\"44\">Rico Design Fashion Mohair Merino Chunky<\/strong> \u2013 \u0440\u043e\u0441\u043a\u043e\u0448\u043d\u0430\u044f \u043f\u0443\u0448\u0438\u0441\u0442\u0430\u044f \u043f\u0440\u044f\u0436\u0430, \u0432 \u043a\u043e\u0442\u043e\u0440\u043e\u0439 \u0442\u043e\u043d\u0447\u0430\u0439\u0448\u0430\u044f \u043c\u0435\u0440\u0438\u043d\u043e\u0441\u043e\u0432\u0430\u044f \u043f\u0440\u044f\u0436\u0430 \u043e\u0431\u0451\u0440\u043d\u0443\u0442\u0430 \u043d\u0435\u0436\u043d\u0435\u0439\u0448\u0438\u043c \u044e\u0436\u043d\u043e\u0430\u0444\u0440\u0438\u043a\u0430\u043d\u0441\u043a\u0438\u043c \u043c\u043e\u0445\u0435\u0440\u043e\u043c \u2013 \u043d\u0430\u0441\u0442\u043e\u044f\u0449\u0438\u0439 \u0437\u043d\u0430\u043a \u043a\u0430\u0447\u0435\u0441\u0442\u0432\u0430. \u042d\u0442\u043e \u0441\u043e\u0447\u0435\u0442\u0430\u043d\u0438\u0435 \u043f\u0440\u0438\u0434\u0430\u0451\u0442 \u043f\u0440\u044f\u0436\u0435 \u043e\u0441\u043e\u0431\u0443\u044e \u043f\u0443\u0448\u0438\u0441\u0442\u043e\u0441\u0442\u044c, \u0442\u0435\u043f\u043b\u043e\u0442\u0443 \u0438 \u043e\u0431\u044a\u0451\u043c, \u0434\u0435\u043b\u0430\u044f \u0435\u0451 \u0438\u0434\u0435\u0430\u043b\u044c\u043d\u043e\u0439 \u0434\u043b\u044f \u0432\u044f\u0437\u0430\u043d\u0438\u044f \u0443\u044e\u0442\u043d\u044b\u0445 \u0441\u0432\u0438\u0442\u0435\u0440\u043e\u0432, \u0448\u0430\u0440\u0444\u043e\u0432, \u0448\u0430\u043f\u043e\u043a \u0438 \u0434\u0440\u0443\u0433\u0438\u0445 \u0430\u043a\u0441\u0435\u0441\u0441\u0443\u0430\u0440\u043e\u0432. \u0421\u043e\u0432\u0440\u0435\u043c\u0435\u043d\u043d\u0430\u044f \u0438 \u044d\u043b\u0435\u0433\u0430\u043d\u0442\u043d\u0430\u044f \u0446\u0432\u0435\u0442\u043e\u0432\u0430\u044f \u043f\u0430\u043b\u0438\u0442\u0440\u0430 \u043f\u043e\u0437\u0432\u043e\u043b\u044f\u0435\u0442 \u0441\u043e\u0437\u0434\u0430\u0432\u0430\u0442\u044c \u0441\u0442\u0438\u043b\u044c\u043d\u044b\u0435 \u0438 \u0430\u043a\u0442\u0443\u0430\u043b\u044c\u043d\u044b\u0435 \u0432\u044f\u0437\u0430\u043d\u044b\u0435 \u0438\u0437\u0434\u0435\u043b\u0438\u044f.<\/p>\n<p data-start=\"427\" data-end=\"730\"><strong data-start=\"427\" data-end=\"439\">\u0421\u043e\u0441\u0442\u0430\u0432:<\/strong> 78 % \u043c\u043e\u0445\u0435\u0440, 13 % \u0448\u0435\u0440\u0441\u0442\u044c, 9 % \u043f\u043e\u043b\u0438\u0430\u043c\u0438\u0434<br data-start=\"480\" data-end=\"483\" \/><strong data-start=\"483\" data-end=\"502\" data-is-only-node=\"\">\u0412\u0435\u0441\/\u0414\u043b\u0438\u043d\u0430:<\/strong> 50 \u0433 - 100 \u043c<br data-start=\"515\" data-end=\"518\" \/><strong data-start=\"518\" data-end=\"536\">\u0420\u0430\u0437\u043c\u0435\u0440 \u0438\u0433\u043b\u044b:<\/strong> 6,0 \u043c\u043c<br data-start=\"543\" data-end=\"546\" \/><strong data-start=\"546\" data-end=\"559\">\u041f\u043b\u043e\u0442\u043d\u043e\u0441\u0442\u044c:<\/strong> 10 \u00d7 10 \u0441\u043c \u2013 14 \u043f\u0435\u0442\u0435\u043b\u044c \u00d7 19 \u0440\u044f\u0434\u043e\u0432<br data-start=\"591\" data-end=\"594\" \/><strong data-start=\"594\" data-end=\"611\">\u0420\u0430\u0441\u0445\u043e\u0434:<\/strong> \u0414\u043b\u044f \u0441\u0432\u0438\u0442\u0435\u0440\u0430 40 \u0440\u0430\u0437\u043c\u0435\u0440\u0430 \u2013 \u043e\u043a\u043e\u043b\u043e 600 \u0433.<br data-start=\"645\" data-end=\"648\" \/><strong data-start=\"648\" data-end=\"662\">\u0421\u043e\u0432\u0435\u0442\u044b \u043f\u043e \u0443\u0445\u043e\u0434\u0443:<\/strong> \u0441\u0442\u0438\u0440\u043a\u0430 \u043d\u0430 \u0440\u0435\u0436\u0438\u043c\u0435 \u00ab\u0448\u0435\u0440\u0441\u0442\u044c\u00bb \u043f\u0440\u0438 \u0442\u0435\u043c\u043f\u0435\u0440\u0430\u0442\u0443\u0440\u0435 \u0434\u043e 30 \u00b0C, \u0441\u0443\u0448\u0438\u0442\u044c \u043d\u0430 \u0433\u043e\u0440\u0438\u0437\u043e\u043d\u0442\u0430\u043b\u044c\u043d\u043e\u0439 \u043f\u043e\u0432\u0435\u0440\u0445\u043d\u043e\u0441\u0442\u0438<\/p>\n<p data-start=\"732\" data-end=\"905\" data-is-last-node=\"\" data-is-only-node=\"\">\u041b\u0435\u0433\u043a\u0430\u044f, \u043f\u0443\u0448\u0438\u0441\u0442\u0430\u044f \u0438 \u0442\u0435\u043f\u043b\u0430\u044f \u043f\u0440\u044f\u0436\u0430 \u043f\u0440\u0438\u0434\u0430\u0441\u0442 \u0432\u0430\u0448\u0438\u043c \u0432\u044f\u0437\u0430\u043d\u044b\u043c \u0438\u0437\u0434\u0435\u043b\u0438\u044f\u043c \u0440\u043e\u0441\u043a\u043e\u0448\u043d\u044b\u0439 \u0438 \u0443\u044e\u0442\u043d\u044b\u0439 \u0432\u0438\u0434.<br data-start=\"814\" data-end=\"817\" \/><strong data-start=\"817\" data-end=\"829\">\u041f\u0440\u0438\u043c\u0435\u0447\u0430\u043d\u0438\u0435:<\/strong> \u0426\u0432\u0435\u0442\u043e\u0432\u044b\u0435 \u043e\u0442\u0442\u0435\u043d\u043a\u0438 \u043c\u043e\u0433\u0443\u0442 \u043d\u0435\u0437\u043d\u0430\u0447\u0438\u0442\u0435\u043b\u044c\u043d\u043e \u043e\u0442\u043b\u0438\u0447\u0430\u0442\u044c\u0441\u044f \u0432 \u0437\u0430\u0432\u0438\u0441\u0438\u043c\u043e\u0441\u0442\u0438 \u043e\u0442 \u044d\u043a\u0440\u0430\u043d\u0430 \u0432\u0430\u0448\u0435\u0433\u043e \u0443\u0441\u0442\u0440\u043e\u0439\u0441\u0442\u0432\u0430.<\/p>","protected":false},"excerpt":{"rendered":"<p>Rico Design Fashion Mohair Merino Chunky \u2013 prabang\u016bs p\u016bkuoti si\u016blai, kuriuose ploniausias merino si\u016blas apgaubtas subtiliu Piet\u0173 Afrikos moheru \u2013 tikru kokyb\u0117s \u017eenklu. \u0160is derinys suteikia si\u016blui ypatingo purumo, \u0161ilumos ir apimties, tod\u0117l jis idealiai tinka megzti jaukius megztinius, \u0161alikus, kepures ar kitus aksesuarus. Spalv\u0173 palet\u0117 \u2013 \u0161iuolaiki\u0161ka ir eleganti\u0161ka, leid\u017eianti sukurti stilingus, modernius mezginius. [&hellip;]<\/p>\n","protected":false},"featured_media":4412,"comment_status":"open","ping_status":"closed","template":"","meta":{"_acf_changed":false},"product_brand":[68],"product_cat":[15,182,18],"product_tag":[33],"pro-kategorijos":[74,56],"class_list":{"0":"post-4411","1":"product","2":"type-product","3":"status-publish","4":"has-post-thumbnail","6":"product_brand-rico-design","7":"product_cat-visi-produktai","8":"product_cat-ispardavimas","9":"product_cat-siulai","10":"product_tag-ispardavimas","11":"pro-kategorijos-moheras","12":"pro-kategorijos-vilna","14":"first","15":"instock","16":"sale","17":"shipping-taxable","18":"purchasable","19":"product-type-variable"},"acf":[],"yoast_head":"<!-- This site is optimized with the Yoast SEO plugin v26.8 - https:\/\/yoast.com\/product\/yoast-seo-wordpress\/ -->\n<title>Rico Design Fashion Mohair Merino Chunky - Happyinaknit.com<\/title>\n<meta name=\"robots\" content=\"index, follow, max-snippet:-1, max-image-preview:large, max-video-preview:-1\" \/>\n<link rel=\"canonical\" href=\"https:\/\/happyinaknit.com\/ru\/product\/rico-design-fashion-mohair-merino-chunky\/\" \/>\n<meta property=\"og:locale\" content=\"ru_RU\" \/>\n<meta property=\"og:type\" content=\"article\" \/>\n<meta property=\"og:title\" content=\"Rico Design Fashion Mohair Merino Chunky - Happyinaknit.com\" \/>\n<meta property=\"og:description\" content=\"Rico Design Fashion Mohair Merino Chunky \u2013 prabang\u016bs p\u016bkuoti si\u016blai, kuriuose ploniausias merino si\u016blas apgaubtas subtiliu Piet\u0173 Afrikos moheru \u2013 tikru kokyb\u0117s \u017eenklu. \u0160is derinys suteikia si\u016blui ypatingo purumo, \u0161ilumos ir apimties, tod\u0117l jis idealiai tinka megzti jaukius megztinius, \u0161alikus, kepures ar kitus aksesuarus. Spalv\u0173 palet\u0117 \u2013 \u0161iuolaiki\u0161ka ir eleganti\u0161ka, leid\u017eianti sukurti stilingus, modernius mezginius. [&hellip;]\" \/>\n<meta property=\"og:url\" content=\"https:\/\/happyinaknit.com\/ru\/product\/rico-design-fashion-mohair-merino-chunky\/\" \/>\n<meta property=\"og:site_name\" content=\"Happyinaknit.com\" \/>\n<meta property=\"article:modified_time\" content=\"2025-11-13T21:29:20+00:00\" \/>\n<meta property=\"og:image\" content=\"https:\/\/happyinaknit.com\/wp-content\/uploads\/2025\/10\/IMG_9210.jpg\" \/>\n\t<meta property=\"og:image:width\" content=\"1320\" \/>\n\t<meta property=\"og:image:height\" content=\"1450\" \/>\n\t<meta property=\"og:image:type\" content=\"image\/jpeg\" \/>\n<meta name=\"twitter:card\" content=\"summary_large_image\" \/>\n<meta name=\"twitter:label1\" content=\"\u041f\u0440\u0438\u043c\u0435\u0440\u043d\u043e\u0435 \u0432\u0440\u0435\u043c\u044f \u0434\u043b\u044f \u0447\u0442\u0435\u043d\u0438\u044f\" \/>\n\t<meta name=\"twitter:data1\" content=\"1 \u043c\u0438\u043d\u0443\u0442\u0430\" \/>\n<script type=\"application\/ld+json\" class=\"yoast-schema-graph\">{\"@context\":\"https:\/\/schema.org\",\"@graph\":[{\"@type\":\"WebPage\",\"@id\":\"https:\/\/happyinaknit.com\/produktas\/rico-design-fashion-mohair-merino-chunky\/\",\"url\":\"https:\/\/happyinaknit.com\/produktas\/rico-design-fashion-mohair-merino-chunky\/\",\"name\":\"Rico Design Fashion Mohair Merino Chunky - Happyinaknit.com\",\"isPartOf\":{\"@id\":\"https:\/\/happyinaknit.com\/lt\/#website\"},\"primaryImageOfPage\":{\"@id\":\"https:\/\/happyinaknit.com\/produktas\/rico-design-fashion-mohair-merino-chunky\/#primaryimage\"},\"image\":{\"@id\":\"https:\/\/happyinaknit.com\/produktas\/rico-design-fashion-mohair-merino-chunky\/#primaryimage\"},\"thumbnailUrl\":\"https:\/\/happyinaknit.com\/wp-content\/uploads\/2025\/10\/IMG_9210.jpg\",\"datePublished\":\"2025-10-10T23:34:06+00:00\",\"dateModified\":\"2025-11-13T21:29:20+00:00\",\"breadcrumb\":{\"@id\":\"https:\/\/happyinaknit.com\/produktas\/rico-design-fashion-mohair-merino-chunky\/#breadcrumb\"},\"inLanguage\":\"ru-RU\",\"potentialAction\":[{\"@type\":\"ReadAction\",\"target\":[\"https:\/\/happyinaknit.com\/produktas\/rico-design-fashion-mohair-merino-chunky\/\"]}]},{\"@type\":\"ImageObject\",\"inLanguage\":\"ru-RU\",\"@id\":\"https:\/\/happyinaknit.com\/produktas\/rico-design-fashion-mohair-merino-chunky\/#primaryimage\",\"url\":\"https:\/\/happyinaknit.com\/wp-content\/uploads\/2025\/10\/IMG_9210.jpg\",\"contentUrl\":\"https:\/\/happyinaknit.com\/wp-content\/uploads\/2025\/10\/IMG_9210.jpg\",\"width\":1320,\"height\":1450},{\"@type\":\"BreadcrumbList\",\"@id\":\"https:\/\/happyinaknit.com\/produktas\/rico-design-fashion-mohair-merino-chunky\/#breadcrumb\",\"itemListElement\":[{\"@type\":\"ListItem\",\"position\":1,\"name\":\"Home\",\"item\":\"https:\/\/happyinaknit.com\/lt\/\"},{\"@type\":\"ListItem\",\"position\":2,\"name\":\"Parduotuv\u0117\",\"item\":\"https:\/\/happyinaknit.com\/lt\/parduotuve\/\"},{\"@type\":\"ListItem\",\"position\":3,\"name\":\"Rico Design Fashion Mohair Merino Chunky\"}]},{\"@type\":\"WebSite\",\"@id\":\"https:\/\/happyinaknit.com\/lt\/#website\",\"url\":\"https:\/\/happyinaknit.com\/lt\/\",\"name\":\"Happyinaknit.com\",\"description\":\"\",\"potentialAction\":[{\"@type\":\"SearchAction\",\"target\":{\"@type\":\"EntryPoint\",\"urlTemplate\":\"https:\/\/happyinaknit.com\/lt\/?s={search_term_string}\"},\"query-input\":{\"@type\":\"PropertyValueSpecification\",\"valueRequired\":true,\"valueName\":\"search_term_string\"}}],\"inLanguage\":\"ru-RU\"}]}<\/script>\n<!-- \/ Yoast SEO plugin. -->","yoast_head_json":{"title":"Rico Design Fashion Mohair Merino Chunky - Happyinaknit.com","robots":{"index":"index","follow":"follow","max-snippet":"max-snippet:-1","max-image-preview":"max-image-preview:large","max-video-preview":"max-video-preview:-1"},"canonical":"https:\/\/happyinaknit.com\/ru\/product\/rico-design-fashion-mohair-merino-chunky\/","og_locale":"ru_RU","og_type":"article","og_title":"Rico Design Fashion Mohair Merino Chunky - Happyinaknit.com","og_description":"Rico Design Fashion Mohair Merino Chunky \u2013 prabang\u016bs p\u016bkuoti si\u016blai, kuriuose ploniausias merino si\u016blas apgaubtas subtiliu Piet\u0173 Afrikos moheru \u2013 tikru kokyb\u0117s \u017eenklu. \u0160is derinys suteikia si\u016blui ypatingo purumo, \u0161ilumos ir apimties, tod\u0117l jis idealiai tinka megzti jaukius megztinius, \u0161alikus, kepures ar kitus aksesuarus. Spalv\u0173 palet\u0117 \u2013 \u0161iuolaiki\u0161ka ir eleganti\u0161ka, leid\u017eianti sukurti stilingus, modernius mezginius. [&hellip;]","og_url":"https:\/\/happyinaknit.com\/ru\/product\/rico-design-fashion-mohair-merino-chunky\/","og_site_name":"Happyinaknit.com","article_modified_time":"2025-11-13T21:29:20+00:00","og_image":[{"width":1320,"height":1450,"url":"https:\/\/happyinaknit.com\/wp-content\/uploads\/2025\/10\/IMG_9210.jpg","type":"image\/jpeg"}],"twitter_card":"summary_large_image","twitter_misc":{"\u041f\u0440\u0438\u043c\u0435\u0440\u043d\u043e\u0435 \u0432\u0440\u0435\u043c\u044f \u0434\u043b\u044f \u0447\u0442\u0435\u043d\u0438\u044f":"1 \u043c\u0438\u043d\u0443\u0442\u0430"},"schema":{"@context":"https:\/\/schema.org","@graph":[{"@type":"WebPage","@id":"https:\/\/happyinaknit.com\/produktas\/rico-design-fashion-mohair-merino-chunky\/","url":"https:\/\/happyinaknit.com\/produktas\/rico-design-fashion-mohair-merino-chunky\/","name":"Rico Design Fashion Mohair Merino Chunky - Happyinaknit.com","isPartOf":{"@id":"https:\/\/happyinaknit.com\/lt\/#website"},"primaryImageOfPage":{"@id":"https:\/\/happyinaknit.com\/produktas\/rico-design-fashion-mohair-merino-chunky\/#primaryimage"},"image":{"@id":"https:\/\/happyinaknit.com\/produktas\/rico-design-fashion-mohair-merino-chunky\/#primaryimage"},"thumbnailUrl":"https:\/\/happyinaknit.com\/wp-content\/uploads\/2025\/10\/IMG_9210.jpg","datePublished":"2025-10-10T23:34:06+00:00","dateModified":"2025-11-13T21:29:20+00:00","breadcrumb":{"@id":"https:\/\/happyinaknit.com\/produktas\/rico-design-fashion-mohair-merino-chunky\/#breadcrumb"},"inLanguage":"ru-RU","potentialAction":[{"@type":"ReadAction","target":["https:\/\/happyinaknit.com\/produktas\/rico-design-fashion-mohair-merino-chunky\/"]}]},{"@type":"ImageObject","inLanguage":"ru-RU","@id":"https:\/\/happyinaknit.com\/produktas\/rico-design-fashion-mohair-merino-chunky\/#primaryimage","url":"https:\/\/happyinaknit.com\/wp-content\/uploads\/2025\/10\/IMG_9210.jpg","contentUrl":"https:\/\/happyinaknit.com\/wp-content\/uploads\/2025\/10\/IMG_9210.jpg","width":1320,"height":1450},{"@type":"BreadcrumbList","@id":"https:\/\/happyinaknit.com\/produktas\/rico-design-fashion-mohair-merino-chunky\/#breadcrumb","itemListElement":[{"@type":"ListItem","position":1,"name":"Home","item":"https:\/\/happyinaknit.com\/lt\/"},{"@type":"ListItem","position":2,"name":"Parduotuv\u0117","item":"https:\/\/happyinaknit.com\/lt\/parduotuve\/"},{"@type":"ListItem","position":3,"name":"Rico Design Fashion Mohair Merino Chunky"}]},{"@type":"WebSite","@id":"https:\/\/happyinaknit.com\/lt\/#website","url":"https:\/\/happyinaknit.com\/lt\/","name":"Happyinaknit.com","description":"","potentialAction":[{"@type":"SearchAction","target":{"@type":"EntryPoint","urlTemplate":"https:\/\/happyinaknit.com\/lt\/?s={search_term_string}"},"query-input":{"@type":"PropertyValueSpecification","valueRequired":true,"valueName":"search_term_string"}}],"inLanguage":"ru-RU"}]}},"_links":{"self":[{"href":"https:\/\/happyinaknit.com\/ru\/wp-json\/wp\/v2\/product\/4411","targetHints":{"allow":["GET"]}}],"collection":[{"href":"https:\/\/happyinaknit.com\/ru\/wp-json\/wp\/v2\/product"}],"about":[{"href":"https:\/\/happyinaknit.com\/ru\/wp-json\/wp\/v2\/types\/product"}],"replies":[{"embeddable":true,"href":"https:\/\/happyinaknit.com\/ru\/wp-json\/wp\/v2\/comments?post=4411"}],"wp:featuredmedia":[{"embeddable":true,"href":"https:\/\/happyinaknit.com\/ru\/wp-json\/wp\/v2\/media\/4412"}],"wp:attachment":[{"href":"https:\/\/happyinaknit.com\/ru\/wp-json\/wp\/v2\/media?parent=4411"}],"wp:term":[{"taxonomy":"product_brand","embeddable":true,"href":"https:\/\/happyinaknit.com\/ru\/wp-json\/wp\/v2\/product_brand?post=4411"},{"taxonomy":"product_cat","embeddable":true,"href":"https:\/\/happyinaknit.com\/ru\/wp-json\/wp\/v2\/product_cat?post=4411"},{"taxonomy":"product_tag","embeddable":true,"href":"https:\/\/happyinaknit.com\/ru\/wp-json\/wp\/v2\/product_tag?post=4411"},{"taxonomy":"pro-kategorijos","embeddable":true,"href":"https:\/\/happyinaknit.com\/ru\/wp-json\/wp\/v2\/pro-kategorijos?post=4411"}],"curies":[{"name":"wp","href":"https:\/\/api.w.org\/{rel}","templated":true}]}}