{"id":4395,"date":"2025-10-10T23:19:14","date_gmt":"2025-10-10T23:19:14","guid":{"rendered":"https:\/\/happyinaknit.com\/?post_type=product&#038;p=4395"},"modified":"2025-11-13T21:28:58","modified_gmt":"2025-11-13T21:28:58","slug":"rico-design-essentials-baby-alpaca-loves-silk","status":"publish","type":"product","link":"https:\/\/happyinaknit.com\/ru\/product\/rico-design-essentials-baby-alpaca-loves-silk\/","title":{"rendered":"Rico Design Essentials Baby Alpaca Loves Silk"},"content":{"rendered":"<p data-start=\"0\" data-end=\"386\">Rico Design Essentials Baby Alpaca Loves Silk \u2014 \u0440\u043e\u0441\u043a\u043e\u0448\u043d\u0430\u044f \u043f\u0440\u044f\u0436\u0430, \u0441\u043e\u0437\u0434\u0430\u043d\u043d\u0430\u044f \u0438\u0437 \u0441\u043c\u0435\u0441\u0438 \u043c\u044f\u0433\u043a\u043e\u0439 \u0431\u0435\u0431\u0438-\u0430\u043b\u044c\u043f\u0430\u043a\u0438 \u0438 \u043d\u0430\u0442\u0443\u0440\u0430\u043b\u044c\u043d\u043e\u0433\u043e \u0448\u0451\u043b\u043a\u0430. \u042d\u0442\u0430 \u0432\u044b\u0441\u043e\u043a\u043e\u043a\u0430\u0447\u0435\u0441\u0442\u0432\u0435\u043d\u043d\u0430\u044f \u043d\u0430\u0442\u0443\u0440\u0430\u043b\u044c\u043d\u0430\u044f \u043d\u0438\u0442\u044c \u043c\u043e\u0436\u0435\u0442 \u0438\u0441\u043f\u043e\u043b\u044c\u0437\u043e\u0432\u0430\u0442\u044c\u0441\u044f \u043a\u0430\u043a \u0432\u043e\u0437\u0434\u0443\u0448\u043d\u0430\u044f \u043f\u0440\u044f\u0436\u0430 \u0442\u0438\u043f\u0430 \u00ablace\u00bb<em data-start=\"216\" data-end=\"222\">Lace<\/em>) \u043a\u0430\u043a \u0434\u043e\u043f\u043e\u043b\u043d\u0438\u0442\u0435\u043b\u044c\u043d\u0430\u044f \u043d\u0438\u0442\u044c, \u043f\u0440\u0438\u0434\u0430\u044e\u0449\u0430\u044f \u0438\u0437\u0434\u0435\u043b\u0438\u044e \u043c\u044f\u0433\u043a\u043e\u0441\u0442\u044c \u0438 \u043e\u0431\u044a\u0451\u043c. \u0418\u043d\u0442\u0435\u043d\u0441\u0438\u0432\u043d\u044b\u0435, \u043d\u0430\u0441\u044b\u0449\u0435\u043d\u043d\u044b\u0435 \u043e\u0442\u0442\u0435\u043d\u043a\u0438 \u043f\u0440\u0438\u0434\u0430\u044e\u0442 \u0432\u0430\u0448\u0438\u043c \u0440\u0430\u0431\u043e\u0442\u0430\u043c \u043e\u0441\u043e\u0431\u0443\u044e \u0433\u043b\u0443\u0431\u0438\u043d\u0443 \u0438 \u044d\u043b\u0435\u0433\u0430\u043d\u0442\u043d\u043e\u0441\u0442\u044c.<\/p>\n<p data-start=\"388\" data-end=\"714\"><strong data-start=\"388\" data-end=\"400\">\u0421\u043e\u0441\u0442\u0430\u0432:<\/strong> 75 % \u0448\u0435\u0440\u0441\u0442\u044c \u0431\u0435\u0431\u0438 \u0430\u043b\u044c\u043f\u0430\u043a\u0430, 25 % \u0448\u0435\u043b\u043a<br data-start=\"437\" data-end=\"440\" \/><strong data-start=\"440\" data-end=\"459\" data-is-only-node=\"\">\u0412\u0435\u0441\/\u0414\u043b\u0438\u043d\u0430:<\/strong> 25 \u0433 - 200 \u043c<br data-start=\"472\" data-end=\"475\" \/><strong data-start=\"475\" data-end=\"493\">\u0420\u0430\u0437\u043c\u0435\u0440 \u0438\u0433\u043b\u044b:<\/strong> 4-4,5 \u043c\u043c<br data-start=\"502\" data-end=\"505\" \/><strong data-start=\"505\" data-end=\"518\">\u041f\u043b\u043e\u0442\u043d\u043e\u0441\u0442\u044c:<\/strong> 10 \u00d7 10 \u0441\u043c \u2013 20 \u043f\u0435\u0442\u0435\u043b\u044c \u00d7 36 \u0440\u044f\u0434\u043e\u0432<br data-start=\"550\" data-end=\"553\" \/><strong data-start=\"553\" data-end=\"570\">\u0420\u0430\u0441\u0445\u043e\u0434:<\/strong> \u0414\u043b\u044f \u0441\u0432\u0438\u0442\u0435\u0440\u0430 40 \u0440\u0430\u0437\u043c\u0435\u0440\u0430 \u2013 \u043e\u043a\u043e\u043b\u043e 200 \u0433.<br data-start=\"604\" data-end=\"607\" \/><strong data-start=\"607\" data-end=\"621\">\u0421\u043e\u0432\u0435\u0442\u044b \u043f\u043e \u0443\u0445\u043e\u0434\u0443:<\/strong> \u0440\u0443\u0447\u043d\u0430\u044f \u0441\u0442\u0438\u0440\u043a\u0430, \u043c\u0430\u043a\u0441. 30\u00b0C, \u0441\u0443\u0448\u0438\u0442\u044c \u043d\u0430 \u0433\u043e\u0440\u0438\u0437\u043e\u043d\u0442\u0430\u043b\u044c\u043d\u043e\u0439 \u043f\u043e\u0432\u0435\u0440\u0445\u043d\u043e\u0441\u0442\u0438<\/p>\n<p data-start=\"716\" data-end=\"893\" data-is-last-node=\"\" data-is-only-node=\"\">\u042d\u0442\u0430 \u043b\u0435\u0433\u043a\u0430\u044f, \u043c\u044f\u0433\u043a\u0430\u044f \u043f\u0440\u044f\u0436\u0430 \u043f\u0440\u0438\u0434\u0430\u0441\u0442 \u0432\u0430\u0448\u0438\u043c \u0438\u0437\u0434\u0435\u043b\u0438\u044f\u043c \u043b\u0435\u0433\u043a\u0438\u0439 \u0431\u043b\u0435\u0441\u043a \u0438 \u043e\u0449\u0443\u0449\u0435\u043d\u0438\u0435 \u0440\u043e\u0441\u043a\u043e\u0448\u0438.<br data-start=\"802\" data-end=\"805\" \/><strong data-start=\"805\" data-end=\"817\">\u041f\u0440\u0438\u043c\u0435\u0447\u0430\u043d\u0438\u0435:<\/strong> \u0426\u0432\u0435\u0442\u043e\u0432\u044b\u0435 \u043e\u0442\u0442\u0435\u043d\u043a\u0438 \u043c\u043e\u0433\u0443\u0442 \u043d\u0435\u0437\u043d\u0430\u0447\u0438\u0442\u0435\u043b\u044c\u043d\u043e \u043e\u0442\u043b\u0438\u0447\u0430\u0442\u044c\u0441\u044f \u0432 \u0437\u0430\u0432\u0438\u0441\u0438\u043c\u043e\u0441\u0442\u0438 \u043e\u0442 \u044d\u043a\u0440\u0430\u043d\u0430 \u0432\u0430\u0448\u0435\u0433\u043e \u0443\u0441\u0442\u0440\u043e\u0439\u0441\u0442\u0432\u0430.<\/p>","protected":false},"excerpt":{"rendered":"<p>Rico Design Essentials Baby Alpaca Loves Silk \u2013 prabang\u016bs si\u016blai, sukurti i\u0161 \u0161velnios baby alpakos ir nat\u016bralaus \u0161ilko derinio. \u0160i kokybi\u0161ka nat\u016brali gija gali b\u016bti naudojama tiek kaip purus n\u0117rini\u0173 tipo si\u016blas (lace), tiek kaip priedinis si\u016blas, suteikiantis mezginiui \u0161velnumo ir apimties. Intensyv\u016bs, sodr\u016bs atspalviai suteikia j\u016bs\u0173 darbams i\u0161skirtinio gilumo ir elegancijos. Sud\u0117tis: 75 % [&hellip;]<\/p>\n","protected":false},"featured_media":4400,"comment_status":"open","ping_status":"closed","template":"","meta":{"_acf_changed":false},"product_brand":[68],"product_cat":[15,18],"product_tag":[],"pro-kategorijos":[72,77],"class_list":{"0":"post-4395","1":"product","2":"type-product","3":"status-publish","4":"has-post-thumbnail","6":"product_brand-rico-design","7":"product_cat-visi-produktai","8":"product_cat-siulai","9":"pro-kategorijos-baby-alpaka","10":"pro-kategorijos-silkas","12":"first","13":"instock","14":"shipping-taxable","15":"purchasable","16":"product-type-variable"},"acf":[],"yoast_head":"<!-- This site is optimized with the Yoast SEO plugin v26.8 - https:\/\/yoast.com\/product\/yoast-seo-wordpress\/ -->\n<title>Rico Design Essentials Baby Alpaca Loves Silk - Happyinaknit.com<\/title>\n<meta name=\"robots\" content=\"index, follow, max-snippet:-1, max-image-preview:large, max-video-preview:-1\" \/>\n<link rel=\"canonical\" href=\"https:\/\/happyinaknit.com\/ru\/product\/rico-design-essentials-baby-alpaca-loves-silk\/\" \/>\n<meta property=\"og:locale\" content=\"ru_RU\" \/>\n<meta property=\"og:type\" content=\"article\" \/>\n<meta property=\"og:title\" content=\"Rico Design Essentials Baby Alpaca Loves Silk - Happyinaknit.com\" \/>\n<meta property=\"og:description\" content=\"Rico Design Essentials Baby Alpaca Loves Silk \u2013 prabang\u016bs si\u016blai, sukurti i\u0161 \u0161velnios baby alpakos ir nat\u016bralaus \u0161ilko derinio. \u0160i kokybi\u0161ka nat\u016brali gija gali b\u016bti naudojama tiek kaip purus n\u0117rini\u0173 tipo si\u016blas (lace), tiek kaip priedinis si\u016blas, suteikiantis mezginiui \u0161velnumo ir apimties. Intensyv\u016bs, sodr\u016bs atspalviai suteikia j\u016bs\u0173 darbams i\u0161skirtinio gilumo ir elegancijos. Sud\u0117tis: 75 % [&hellip;]\" \/>\n<meta property=\"og:url\" content=\"https:\/\/happyinaknit.com\/ru\/product\/rico-design-essentials-baby-alpaca-loves-silk\/\" \/>\n<meta property=\"og:site_name\" content=\"Happyinaknit.com\" \/>\n<meta property=\"article:modified_time\" content=\"2025-11-13T21:28:58+00:00\" \/>\n<meta property=\"og:image\" content=\"https:\/\/happyinaknit.com\/wp-content\/uploads\/2025\/10\/IMG_9202.jpg\" \/>\n\t<meta property=\"og:image:width\" content=\"1320\" \/>\n\t<meta property=\"og:image:height\" content=\"1491\" \/>\n\t<meta property=\"og:image:type\" content=\"image\/jpeg\" \/>\n<meta name=\"twitter:card\" content=\"summary_large_image\" \/>\n<meta name=\"twitter:label1\" content=\"\u041f\u0440\u0438\u043c\u0435\u0440\u043d\u043e\u0435 \u0432\u0440\u0435\u043c\u044f \u0434\u043b\u044f \u0447\u0442\u0435\u043d\u0438\u044f\" \/>\n\t<meta name=\"twitter:data1\" content=\"1 \u043c\u0438\u043d\u0443\u0442\u0430\" \/>\n<script type=\"application\/ld+json\" class=\"yoast-schema-graph\">{\"@context\":\"https:\/\/schema.org\",\"@graph\":[{\"@type\":\"WebPage\",\"@id\":\"https:\/\/happyinaknit.com\/produktas\/rico-design-essentials-baby-alpaca-loves-silk\/\",\"url\":\"https:\/\/happyinaknit.com\/produktas\/rico-design-essentials-baby-alpaca-loves-silk\/\",\"name\":\"Rico Design Essentials Baby Alpaca Loves Silk - Happyinaknit.com\",\"isPartOf\":{\"@id\":\"https:\/\/happyinaknit.com\/lt\/#website\"},\"primaryImageOfPage\":{\"@id\":\"https:\/\/happyinaknit.com\/produktas\/rico-design-essentials-baby-alpaca-loves-silk\/#primaryimage\"},\"image\":{\"@id\":\"https:\/\/happyinaknit.com\/produktas\/rico-design-essentials-baby-alpaca-loves-silk\/#primaryimage\"},\"thumbnailUrl\":\"https:\/\/happyinaknit.com\/wp-content\/uploads\/2025\/10\/IMG_9202.jpg\",\"datePublished\":\"2025-10-10T23:19:14+00:00\",\"dateModified\":\"2025-11-13T21:28:58+00:00\",\"breadcrumb\":{\"@id\":\"https:\/\/happyinaknit.com\/produktas\/rico-design-essentials-baby-alpaca-loves-silk\/#breadcrumb\"},\"inLanguage\":\"ru-RU\",\"potentialAction\":[{\"@type\":\"ReadAction\",\"target\":[\"https:\/\/happyinaknit.com\/produktas\/rico-design-essentials-baby-alpaca-loves-silk\/\"]}]},{\"@type\":\"ImageObject\",\"inLanguage\":\"ru-RU\",\"@id\":\"https:\/\/happyinaknit.com\/produktas\/rico-design-essentials-baby-alpaca-loves-silk\/#primaryimage\",\"url\":\"https:\/\/happyinaknit.com\/wp-content\/uploads\/2025\/10\/IMG_9202.jpg\",\"contentUrl\":\"https:\/\/happyinaknit.com\/wp-content\/uploads\/2025\/10\/IMG_9202.jpg\",\"width\":1320,\"height\":1491},{\"@type\":\"BreadcrumbList\",\"@id\":\"https:\/\/happyinaknit.com\/produktas\/rico-design-essentials-baby-alpaca-loves-silk\/#breadcrumb\",\"itemListElement\":[{\"@type\":\"ListItem\",\"position\":1,\"name\":\"Home\",\"item\":\"https:\/\/happyinaknit.com\/lt\/\"},{\"@type\":\"ListItem\",\"position\":2,\"name\":\"Parduotuv\u0117\",\"item\":\"https:\/\/happyinaknit.com\/lt\/parduotuve\/\"},{\"@type\":\"ListItem\",\"position\":3,\"name\":\"Rico Design Essentials Baby Alpaca Loves Silk\"}]},{\"@type\":\"WebSite\",\"@id\":\"https:\/\/happyinaknit.com\/lt\/#website\",\"url\":\"https:\/\/happyinaknit.com\/lt\/\",\"name\":\"Happyinaknit.com\",\"description\":\"\",\"potentialAction\":[{\"@type\":\"SearchAction\",\"target\":{\"@type\":\"EntryPoint\",\"urlTemplate\":\"https:\/\/happyinaknit.com\/lt\/?s={search_term_string}\"},\"query-input\":{\"@type\":\"PropertyValueSpecification\",\"valueRequired\":true,\"valueName\":\"search_term_string\"}}],\"inLanguage\":\"ru-RU\"}]}<\/script>\n<!-- \/ Yoast SEO plugin. -->","yoast_head_json":{"title":"Rico Design Essentials Baby Alpaca Loves Silk - Happyinaknit.com","robots":{"index":"index","follow":"follow","max-snippet":"max-snippet:-1","max-image-preview":"max-image-preview:large","max-video-preview":"max-video-preview:-1"},"canonical":"https:\/\/happyinaknit.com\/ru\/product\/rico-design-essentials-baby-alpaca-loves-silk\/","og_locale":"ru_RU","og_type":"article","og_title":"Rico Design Essentials Baby Alpaca Loves Silk - Happyinaknit.com","og_description":"Rico Design Essentials Baby Alpaca Loves Silk \u2013 prabang\u016bs si\u016blai, sukurti i\u0161 \u0161velnios baby alpakos ir nat\u016bralaus \u0161ilko derinio. \u0160i kokybi\u0161ka nat\u016brali gija gali b\u016bti naudojama tiek kaip purus n\u0117rini\u0173 tipo si\u016blas (lace), tiek kaip priedinis si\u016blas, suteikiantis mezginiui \u0161velnumo ir apimties. Intensyv\u016bs, sodr\u016bs atspalviai suteikia j\u016bs\u0173 darbams i\u0161skirtinio gilumo ir elegancijos. Sud\u0117tis: 75 % [&hellip;]","og_url":"https:\/\/happyinaknit.com\/ru\/product\/rico-design-essentials-baby-alpaca-loves-silk\/","og_site_name":"Happyinaknit.com","article_modified_time":"2025-11-13T21:28:58+00:00","og_image":[{"width":1320,"height":1491,"url":"https:\/\/happyinaknit.com\/wp-content\/uploads\/2025\/10\/IMG_9202.jpg","type":"image\/jpeg"}],"twitter_card":"summary_large_image","twitter_misc":{"\u041f\u0440\u0438\u043c\u0435\u0440\u043d\u043e\u0435 \u0432\u0440\u0435\u043c\u044f \u0434\u043b\u044f \u0447\u0442\u0435\u043d\u0438\u044f":"1 \u043c\u0438\u043d\u0443\u0442\u0430"},"schema":{"@context":"https:\/\/schema.org","@graph":[{"@type":"WebPage","@id":"https:\/\/happyinaknit.com\/produktas\/rico-design-essentials-baby-alpaca-loves-silk\/","url":"https:\/\/happyinaknit.com\/produktas\/rico-design-essentials-baby-alpaca-loves-silk\/","name":"Rico Design Essentials Baby Alpaca Loves Silk - Happyinaknit.com","isPartOf":{"@id":"https:\/\/happyinaknit.com\/lt\/#website"},"primaryImageOfPage":{"@id":"https:\/\/happyinaknit.com\/produktas\/rico-design-essentials-baby-alpaca-loves-silk\/#primaryimage"},"image":{"@id":"https:\/\/happyinaknit.com\/produktas\/rico-design-essentials-baby-alpaca-loves-silk\/#primaryimage"},"thumbnailUrl":"https:\/\/happyinaknit.com\/wp-content\/uploads\/2025\/10\/IMG_9202.jpg","datePublished":"2025-10-10T23:19:14+00:00","dateModified":"2025-11-13T21:28:58+00:00","breadcrumb":{"@id":"https:\/\/happyinaknit.com\/produktas\/rico-design-essentials-baby-alpaca-loves-silk\/#breadcrumb"},"inLanguage":"ru-RU","potentialAction":[{"@type":"ReadAction","target":["https:\/\/happyinaknit.com\/produktas\/rico-design-essentials-baby-alpaca-loves-silk\/"]}]},{"@type":"ImageObject","inLanguage":"ru-RU","@id":"https:\/\/happyinaknit.com\/produktas\/rico-design-essentials-baby-alpaca-loves-silk\/#primaryimage","url":"https:\/\/happyinaknit.com\/wp-content\/uploads\/2025\/10\/IMG_9202.jpg","contentUrl":"https:\/\/happyinaknit.com\/wp-content\/uploads\/2025\/10\/IMG_9202.jpg","width":1320,"height":1491},{"@type":"BreadcrumbList","@id":"https:\/\/happyinaknit.com\/produktas\/rico-design-essentials-baby-alpaca-loves-silk\/#breadcrumb","itemListElement":[{"@type":"ListItem","position":1,"name":"Home","item":"https:\/\/happyinaknit.com\/lt\/"},{"@type":"ListItem","position":2,"name":"Parduotuv\u0117","item":"https:\/\/happyinaknit.com\/lt\/parduotuve\/"},{"@type":"ListItem","position":3,"name":"Rico Design Essentials Baby Alpaca Loves Silk"}]},{"@type":"WebSite","@id":"https:\/\/happyinaknit.com\/lt\/#website","url":"https:\/\/happyinaknit.com\/lt\/","name":"Happyinaknit.com","description":"","potentialAction":[{"@type":"SearchAction","target":{"@type":"EntryPoint","urlTemplate":"https:\/\/happyinaknit.com\/lt\/?s={search_term_string}"},"query-input":{"@type":"PropertyValueSpecification","valueRequired":true,"valueName":"search_term_string"}}],"inLanguage":"ru-RU"}]}},"_links":{"self":[{"href":"https:\/\/happyinaknit.com\/ru\/wp-json\/wp\/v2\/product\/4395","targetHints":{"allow":["GET"]}}],"collection":[{"href":"https:\/\/happyinaknit.com\/ru\/wp-json\/wp\/v2\/product"}],"about":[{"href":"https:\/\/happyinaknit.com\/ru\/wp-json\/wp\/v2\/types\/product"}],"replies":[{"embeddable":true,"href":"https:\/\/happyinaknit.com\/ru\/wp-json\/wp\/v2\/comments?post=4395"}],"wp:featuredmedia":[{"embeddable":true,"href":"https:\/\/happyinaknit.com\/ru\/wp-json\/wp\/v2\/media\/4400"}],"wp:attachment":[{"href":"https:\/\/happyinaknit.com\/ru\/wp-json\/wp\/v2\/media?parent=4395"}],"wp:term":[{"taxonomy":"product_brand","embeddable":true,"href":"https:\/\/happyinaknit.com\/ru\/wp-json\/wp\/v2\/product_brand?post=4395"},{"taxonomy":"product_cat","embeddable":true,"href":"https:\/\/happyinaknit.com\/ru\/wp-json\/wp\/v2\/product_cat?post=4395"},{"taxonomy":"product_tag","embeddable":true,"href":"https:\/\/happyinaknit.com\/ru\/wp-json\/wp\/v2\/product_tag?post=4395"},{"taxonomy":"pro-kategorijos","embeddable":true,"href":"https:\/\/happyinaknit.com\/ru\/wp-json\/wp\/v2\/pro-kategorijos?post=4395"}],"curies":[{"name":"wp","href":"https:\/\/api.w.org\/{rel}","templated":true}]}}