{"id":4332,"date":"2025-10-10T22:00:40","date_gmt":"2025-10-10T22:00:40","guid":{"rendered":"https:\/\/happyinaknit.com\/?post_type=product&#038;p=4332"},"modified":"2026-01-06T18:18:51","modified_gmt":"2026-01-06T18:18:51","slug":"rico-design-fashion-alpaca-superfine-heavens","status":"publish","type":"product","link":"https:\/\/happyinaknit.com\/ru\/product\/rico-design-fashion-alpaca-superfine-heavens\/","title":{"rendered":"Rico Design Fashion Alpaca Superfine Heavens"},"content":{"rendered":"<p data-start=\"0\" data-end=\"269\"><strong data-start=\"0\" data-end=\"48\">Rico Design Fashion Alpaca Superfine Heavens<\/strong> \u2013 \u041d\u0435\u043e\u0431\u044b\u0447\u0430\u0439\u043d\u043e \u043c\u044f\u0433\u043a\u0430\u044f, \u043f\u0443\u0448\u0438\u0441\u0442\u0430\u044f \u043f\u0440\u044f\u0436\u0430, \u043e\u0442\u043b\u0438\u0447\u0430\u044e\u0449\u0430\u044f\u0441\u044f \u043b\u0451\u0433\u043a\u043e\u0441\u0442\u044c\u044e \u0438 \u043e\u0431\u044a\u0451\u043c\u043e\u043c. \u041f\u043b\u0430\u0432\u043d\u044b\u0435 \u043f\u0435\u0440\u0435\u0445\u043e\u0434\u044b \u0446\u0432\u0435\u0442\u043e\u0432 \u043f\u0440\u0438\u0434\u0430\u044e\u0442 \u0438\u0437\u0434\u0435\u043b\u0438\u044f\u043c \u0441\u043e\u0432\u0440\u0435\u043c\u0435\u043d\u043d\u044b\u0439 \u0438 \u0433\u0430\u0440\u043c\u043e\u043d\u0438\u0447\u043d\u044b\u0439 \u0432\u0438\u0434. \u0418\u0434\u0435\u0430\u043b\u044c\u043d\u043e \u043f\u043e\u0434\u0445\u043e\u0434\u0438\u0442 \u0434\u043b\u044f \u0441\u043e\u0437\u0434\u0430\u043d\u0438\u044f \u0443\u044e\u0442\u043d\u043e\u0439, \u043b\u0451\u0433\u043a\u043e\u0439 \u0437\u0438\u043c\u043d\u0435\u0439 \u043e\u0434\u0435\u0436\u0434\u044b \u0438 \u0430\u043a\u0441\u0435\u0441\u0441\u0443\u0430\u0440\u043e\u0432.<\/p>\n<p data-start=\"271\" data-end=\"536\"><strong data-start=\"271\" data-end=\"283\">\u0421\u043e\u0441\u0442\u0430\u0432:<\/strong> 63 % \u0448\u0435\u0440\u0441\u0442\u044c \u0430\u043b\u044c\u043f\u0430\u043a\u0430, 37 % \u043f\u043e\u043b\u0438\u0430\u043c\u0438\u0434<br data-start=\"319\" data-end=\"322\" \/><strong data-start=\"322\" data-end=\"341\" data-is-only-node=\"\">\u0412\u0435\u0441\/\u0414\u043b\u0438\u043d\u0430:<\/strong> 50 \u0433 - 140 \u043c<br data-start=\"354\" data-end=\"357\" \/><strong data-start=\"357\" data-end=\"375\">\u0420\u0430\u0437\u043c\u0435\u0440 \u0438\u0433\u043b\u044b:<\/strong> 6,0 \u043c\u043c<br data-start=\"382\" data-end=\"385\" \/><strong data-start=\"385\" data-end=\"398\">\u041f\u043b\u043e\u0442\u043d\u043e\u0441\u0442\u044c:<\/strong> 10 \u00d7 10 \u0441\u043c \u2013 12 \u043f\u0435\u0442\u0435\u043b\u044c \u00d7 20 \u0440\u044f\u0434\u043e\u0432<br data-start=\"430\" data-end=\"433\" \/><strong data-start=\"433\" data-end=\"450\">\u0420\u0430\u0441\u0445\u043e\u0434:<\/strong> \u0414\u043b\u044f \u0441\u0432\u0438\u0442\u0435\u0440\u0430 40 \u0440\u0430\u0437\u043c\u0435\u0440\u0430 \u2013 \u043e\u043a\u043e\u043b\u043e 250 \u0433.<br data-start=\"484\" data-end=\"487\" \/><strong data-start=\"487\" data-end=\"501\">\u0421\u043e\u0432\u0435\u0442\u044b \u043f\u043e \u0443\u0445\u043e\u0434\u0443:<\/strong> \u0441\u0442\u0438\u0440\u043a\u0430 \u0434\u043e 30 \u00b0C, \u0440\u0435\u0436\u0438\u043c \u0448\u0435\u0440\u0441\u0442\u044c<\/p>\n<p data-start=\"538\" data-end=\"632\" data-is-last-node=\"\" data-is-only-node=\"\">\u041b\u0435\u0433\u043a\u0430\u044f, \u0442\u0435\u043f\u043b\u0430\u044f \u0438 \u043f\u0443\u0448\u0438\u0441\u0442\u0430\u044f \u043f\u0440\u044f\u0436\u0430, \u043a\u043e\u0442\u043e\u0440\u0430\u044f \u043f\u0440\u0438\u0434\u0430\u0441\u0442 \u0432\u0430\u0448\u0438\u043c \u0438\u0437\u0434\u0435\u043b\u0438\u044f\u043c \u0438\u0441\u043a\u043b\u044e\u0447\u0438\u0442\u0435\u043b\u044c\u043d\u044b\u0439 \u043a\u043e\u043c\u0444\u043e\u0440\u0442 \u0438 \u044d\u043b\u0435\u0433\u0430\u043d\u0442\u043d\u043e\u0441\u0442\u044c.<\/p>","protected":false},"excerpt":{"rendered":"<p>Rico Design Fashion Alpaca Superfine Heavens \u2013 itin \u0161veln\u016bs, pur\u016bs si\u016blai, pasi\u017eymintys lengvumu ir dideliu apimtumu. \u0160veln\u016bs spalv\u0173 per\u0117jimai suteikia mezginiui modern\u0173 ir harmoning\u0105 vaizd\u0105. Puikiai tinka jaukiems, lengviems \u017eieminiams drabu\u017eiams ir aksesuarams. Sud\u0117tis: 63 % alpakos vilna, 37 % poliamidasSvoris \/ ilgis: 50 g &#8211; 140 mVirbal\u0173 dydis: 6,0 mmTankumas: 10 \u00d7 10 cm [&hellip;]<\/p>\n","protected":false},"featured_media":4340,"comment_status":"open","ping_status":"closed","template":"","meta":{"_acf_changed":false},"product_brand":[68],"product_cat":[15,18],"product_tag":[],"pro-kategorijos":[54],"class_list":{"0":"post-4332","1":"product","2":"type-product","3":"status-publish","4":"has-post-thumbnail","6":"product_brand-rico-design","7":"product_cat-visi-produktai","8":"product_cat-siulai","9":"pro-kategorijos-alpaka","11":"first","12":"instock","13":"shipping-taxable","14":"purchasable","15":"product-type-variable"},"acf":[],"yoast_head":"<!-- This site is optimized with the Yoast SEO plugin v26.8 - https:\/\/yoast.com\/product\/yoast-seo-wordpress\/ -->\n<title>Rico Design Fashion Alpaca Superfine Heavens - Happyinaknit.com<\/title>\n<meta name=\"robots\" content=\"index, follow, max-snippet:-1, max-image-preview:large, max-video-preview:-1\" \/>\n<link rel=\"canonical\" href=\"https:\/\/happyinaknit.com\/ru\/product\/rico-design-fashion-alpaca-superfine-heavens\/\" \/>\n<meta property=\"og:locale\" content=\"ru_RU\" \/>\n<meta property=\"og:type\" content=\"article\" \/>\n<meta property=\"og:title\" content=\"Rico Design Fashion Alpaca Superfine Heavens - Happyinaknit.com\" \/>\n<meta property=\"og:description\" content=\"Rico Design Fashion Alpaca Superfine Heavens \u2013 itin \u0161veln\u016bs, pur\u016bs si\u016blai, pasi\u017eymintys lengvumu ir dideliu apimtumu. \u0160veln\u016bs spalv\u0173 per\u0117jimai suteikia mezginiui modern\u0173 ir harmoning\u0105 vaizd\u0105. Puikiai tinka jaukiems, lengviems \u017eieminiams drabu\u017eiams ir aksesuarams. Sud\u0117tis: 63 % alpakos vilna, 37 % poliamidasSvoris \/ ilgis: 50 g &#8211; 140 mVirbal\u0173 dydis: 6,0 mmTankumas: 10 \u00d7 10 cm [&hellip;]\" \/>\n<meta property=\"og:url\" content=\"https:\/\/happyinaknit.com\/ru\/product\/rico-design-fashion-alpaca-superfine-heavens\/\" \/>\n<meta property=\"og:site_name\" content=\"Happyinaknit.com\" \/>\n<meta property=\"article:modified_time\" content=\"2026-01-06T18:18:51+00:00\" \/>\n<meta property=\"og:image\" content=\"https:\/\/happyinaknit.com\/wp-content\/uploads\/2025\/10\/IMG_9158.jpg\" \/>\n\t<meta property=\"og:image:width\" content=\"1320\" \/>\n\t<meta property=\"og:image:height\" content=\"1633\" \/>\n\t<meta property=\"og:image:type\" content=\"image\/jpeg\" \/>\n<meta name=\"twitter:card\" content=\"summary_large_image\" \/>\n<script type=\"application\/ld+json\" class=\"yoast-schema-graph\">{\"@context\":\"https:\/\/schema.org\",\"@graph\":[{\"@type\":\"WebPage\",\"@id\":\"https:\/\/happyinaknit.com\/produktas\/rico-design-fashion-alpaca-superfine-heavens\/\",\"url\":\"https:\/\/happyinaknit.com\/produktas\/rico-design-fashion-alpaca-superfine-heavens\/\",\"name\":\"Rico Design Fashion Alpaca Superfine Heavens - Happyinaknit.com\",\"isPartOf\":{\"@id\":\"https:\/\/happyinaknit.com\/lt\/#website\"},\"primaryImageOfPage\":{\"@id\":\"https:\/\/happyinaknit.com\/produktas\/rico-design-fashion-alpaca-superfine-heavens\/#primaryimage\"},\"image\":{\"@id\":\"https:\/\/happyinaknit.com\/produktas\/rico-design-fashion-alpaca-superfine-heavens\/#primaryimage\"},\"thumbnailUrl\":\"https:\/\/happyinaknit.com\/wp-content\/uploads\/2025\/10\/IMG_9158.jpg\",\"datePublished\":\"2025-10-10T22:00:40+00:00\",\"dateModified\":\"2026-01-06T18:18:51+00:00\",\"breadcrumb\":{\"@id\":\"https:\/\/happyinaknit.com\/produktas\/rico-design-fashion-alpaca-superfine-heavens\/#breadcrumb\"},\"inLanguage\":\"ru-RU\",\"potentialAction\":[{\"@type\":\"ReadAction\",\"target\":[\"https:\/\/happyinaknit.com\/produktas\/rico-design-fashion-alpaca-superfine-heavens\/\"]}]},{\"@type\":\"ImageObject\",\"inLanguage\":\"ru-RU\",\"@id\":\"https:\/\/happyinaknit.com\/produktas\/rico-design-fashion-alpaca-superfine-heavens\/#primaryimage\",\"url\":\"https:\/\/happyinaknit.com\/wp-content\/uploads\/2025\/10\/IMG_9158.jpg\",\"contentUrl\":\"https:\/\/happyinaknit.com\/wp-content\/uploads\/2025\/10\/IMG_9158.jpg\",\"width\":1320,\"height\":1633},{\"@type\":\"BreadcrumbList\",\"@id\":\"https:\/\/happyinaknit.com\/produktas\/rico-design-fashion-alpaca-superfine-heavens\/#breadcrumb\",\"itemListElement\":[{\"@type\":\"ListItem\",\"position\":1,\"name\":\"Home\",\"item\":\"https:\/\/happyinaknit.com\/lt\/\"},{\"@type\":\"ListItem\",\"position\":2,\"name\":\"Parduotuv\u0117\",\"item\":\"https:\/\/happyinaknit.com\/lt\/parduotuve\/\"},{\"@type\":\"ListItem\",\"position\":3,\"name\":\"Rico Design Fashion Alpaca Superfine Heavens\"}]},{\"@type\":\"WebSite\",\"@id\":\"https:\/\/happyinaknit.com\/lt\/#website\",\"url\":\"https:\/\/happyinaknit.com\/lt\/\",\"name\":\"Happyinaknit.com\",\"description\":\"\",\"potentialAction\":[{\"@type\":\"SearchAction\",\"target\":{\"@type\":\"EntryPoint\",\"urlTemplate\":\"https:\/\/happyinaknit.com\/lt\/?s={search_term_string}\"},\"query-input\":{\"@type\":\"PropertyValueSpecification\",\"valueRequired\":true,\"valueName\":\"search_term_string\"}}],\"inLanguage\":\"ru-RU\"}]}<\/script>\n<!-- \/ Yoast SEO plugin. -->","yoast_head_json":{"title":"Rico Design Fashion Alpaca Superfine Heavens - Happyinaknit.com","robots":{"index":"index","follow":"follow","max-snippet":"max-snippet:-1","max-image-preview":"max-image-preview:large","max-video-preview":"max-video-preview:-1"},"canonical":"https:\/\/happyinaknit.com\/ru\/product\/rico-design-fashion-alpaca-superfine-heavens\/","og_locale":"ru_RU","og_type":"article","og_title":"Rico Design Fashion Alpaca Superfine Heavens - Happyinaknit.com","og_description":"Rico Design Fashion Alpaca Superfine Heavens \u2013 itin \u0161veln\u016bs, pur\u016bs si\u016blai, pasi\u017eymintys lengvumu ir dideliu apimtumu. \u0160veln\u016bs spalv\u0173 per\u0117jimai suteikia mezginiui modern\u0173 ir harmoning\u0105 vaizd\u0105. Puikiai tinka jaukiems, lengviems \u017eieminiams drabu\u017eiams ir aksesuarams. Sud\u0117tis: 63 % alpakos vilna, 37 % poliamidasSvoris \/ ilgis: 50 g &#8211; 140 mVirbal\u0173 dydis: 6,0 mmTankumas: 10 \u00d7 10 cm [&hellip;]","og_url":"https:\/\/happyinaknit.com\/ru\/product\/rico-design-fashion-alpaca-superfine-heavens\/","og_site_name":"Happyinaknit.com","article_modified_time":"2026-01-06T18:18:51+00:00","og_image":[{"width":1320,"height":1633,"url":"https:\/\/happyinaknit.com\/wp-content\/uploads\/2025\/10\/IMG_9158.jpg","type":"image\/jpeg"}],"twitter_card":"summary_large_image","schema":{"@context":"https:\/\/schema.org","@graph":[{"@type":"WebPage","@id":"https:\/\/happyinaknit.com\/produktas\/rico-design-fashion-alpaca-superfine-heavens\/","url":"https:\/\/happyinaknit.com\/produktas\/rico-design-fashion-alpaca-superfine-heavens\/","name":"Rico Design Fashion Alpaca Superfine Heavens - Happyinaknit.com","isPartOf":{"@id":"https:\/\/happyinaknit.com\/lt\/#website"},"primaryImageOfPage":{"@id":"https:\/\/happyinaknit.com\/produktas\/rico-design-fashion-alpaca-superfine-heavens\/#primaryimage"},"image":{"@id":"https:\/\/happyinaknit.com\/produktas\/rico-design-fashion-alpaca-superfine-heavens\/#primaryimage"},"thumbnailUrl":"https:\/\/happyinaknit.com\/wp-content\/uploads\/2025\/10\/IMG_9158.jpg","datePublished":"2025-10-10T22:00:40+00:00","dateModified":"2026-01-06T18:18:51+00:00","breadcrumb":{"@id":"https:\/\/happyinaknit.com\/produktas\/rico-design-fashion-alpaca-superfine-heavens\/#breadcrumb"},"inLanguage":"ru-RU","potentialAction":[{"@type":"ReadAction","target":["https:\/\/happyinaknit.com\/produktas\/rico-design-fashion-alpaca-superfine-heavens\/"]}]},{"@type":"ImageObject","inLanguage":"ru-RU","@id":"https:\/\/happyinaknit.com\/produktas\/rico-design-fashion-alpaca-superfine-heavens\/#primaryimage","url":"https:\/\/happyinaknit.com\/wp-content\/uploads\/2025\/10\/IMG_9158.jpg","contentUrl":"https:\/\/happyinaknit.com\/wp-content\/uploads\/2025\/10\/IMG_9158.jpg","width":1320,"height":1633},{"@type":"BreadcrumbList","@id":"https:\/\/happyinaknit.com\/produktas\/rico-design-fashion-alpaca-superfine-heavens\/#breadcrumb","itemListElement":[{"@type":"ListItem","position":1,"name":"Home","item":"https:\/\/happyinaknit.com\/lt\/"},{"@type":"ListItem","position":2,"name":"Parduotuv\u0117","item":"https:\/\/happyinaknit.com\/lt\/parduotuve\/"},{"@type":"ListItem","position":3,"name":"Rico Design Fashion Alpaca Superfine Heavens"}]},{"@type":"WebSite","@id":"https:\/\/happyinaknit.com\/lt\/#website","url":"https:\/\/happyinaknit.com\/lt\/","name":"Happyinaknit.com","description":"","potentialAction":[{"@type":"SearchAction","target":{"@type":"EntryPoint","urlTemplate":"https:\/\/happyinaknit.com\/lt\/?s={search_term_string}"},"query-input":{"@type":"PropertyValueSpecification","valueRequired":true,"valueName":"search_term_string"}}],"inLanguage":"ru-RU"}]}},"_links":{"self":[{"href":"https:\/\/happyinaknit.com\/ru\/wp-json\/wp\/v2\/product\/4332","targetHints":{"allow":["GET"]}}],"collection":[{"href":"https:\/\/happyinaknit.com\/ru\/wp-json\/wp\/v2\/product"}],"about":[{"href":"https:\/\/happyinaknit.com\/ru\/wp-json\/wp\/v2\/types\/product"}],"replies":[{"embeddable":true,"href":"https:\/\/happyinaknit.com\/ru\/wp-json\/wp\/v2\/comments?post=4332"}],"wp:featuredmedia":[{"embeddable":true,"href":"https:\/\/happyinaknit.com\/ru\/wp-json\/wp\/v2\/media\/4340"}],"wp:attachment":[{"href":"https:\/\/happyinaknit.com\/ru\/wp-json\/wp\/v2\/media?parent=4332"}],"wp:term":[{"taxonomy":"product_brand","embeddable":true,"href":"https:\/\/happyinaknit.com\/ru\/wp-json\/wp\/v2\/product_brand?post=4332"},{"taxonomy":"product_cat","embeddable":true,"href":"https:\/\/happyinaknit.com\/ru\/wp-json\/wp\/v2\/product_cat?post=4332"},{"taxonomy":"product_tag","embeddable":true,"href":"https:\/\/happyinaknit.com\/ru\/wp-json\/wp\/v2\/product_tag?post=4332"},{"taxonomy":"pro-kategorijos","embeddable":true,"href":"https:\/\/happyinaknit.com\/ru\/wp-json\/wp\/v2\/pro-kategorijos?post=4332"}],"curies":[{"name":"wp","href":"https:\/\/api.w.org\/{rel}","templated":true}]}}