{"id":4288,"date":"2025-10-10T20:58:48","date_gmt":"2025-10-10T20:58:48","guid":{"rendered":"https:\/\/happyinaknit.com\/?post_type=product&#038;p=4288"},"modified":"2026-01-26T06:38:24","modified_gmt":"2026-01-26T06:38:24","slug":"4288","status":"publish","type":"product","link":"https:\/\/happyinaknit.com\/ru\/product\/4288\/","title":{"rendered":"Rico Design Creative Make It Tweed"},"content":{"rendered":"<p data-start=\"0\" data-end=\"229\"><strong data-start=\"0\" data-end=\"26\">Creative Make It Tweed<\/strong> \u2013 \u044d\u0442\u043e \u0446\u0432\u0435\u0442\u043d\u0430\u044f \u0434\u043e\u043f\u043e\u043b\u043d\u0438\u0442\u0435\u043b\u044c\u043d\u0430\u044f \u043d\u0438\u0442\u044c, \u043a\u043e\u0442\u043e\u0440\u0430\u044f \u043f\u0440\u0438\u0434\u0430\u0435\u0442 \u043b\u044e\u0431\u043e\u0439 \u043f\u0440\u044f\u0436\u0435 \u043e\u0441\u043e\u0431\u044b\u0439  \u0432\u0438\u0434 <em data-start=\"105\" data-end=\"119\">\u044d\u0444\u0444\u0435\u043a\u0442 \u0442\u0432\u0438\u0434\u0430.<\/em>\u041f\u0440\u043e\u0441\u0442\u043e \u0441\u0432\u044f\u0436\u0438\u0442\u0435 \u044d\u0442\u0443 \u043f\u0440\u044f\u0436\u0443 \u0432\u043c\u0435\u0441\u0442\u0435 \u0441 \u043e\u0441\u043d\u043e\u0432\u043d\u043e\u0439 \u043d\u0438\u0442\u044c\u044e, \u0438 \u0432\u0430\u0448\u0435 \u0438\u0437\u0434\u0435\u043b\u0438\u0435  \u0431\u0443\u0434\u0435\u0442 \u0438\u043c\u0435\u0442\u044c \u043d\u0435\u0436\u043d\u044b\u0439  \u0442\u0432\u0438\u0434\u043e\u0432\u044b\u0439 \u0443\u0437\u043e\u0440.<\/p>\n<p data-start=\"231\" data-end=\"386\">\u00a0<strong data-start=\"234\" data-end=\"246\">\u0421\u043e\u0441\u0442\u0430\u0432:<\/strong> 35 % \u0432\u0438\u0441\u043a\u043e\u0437\u0430, 35 % \u043f\u043e\u043b\u0438\u0430\u043a\u0440\u0438\u043b, 30 % \u043f\u043e\u043b\u0438\u0430\u043c\u0438\u0434<br data-start=\"294\" data-end=\"297\" \/><strong data-start=\"300\" data-end=\"319\">\u0412\u0435\u0441\/\u0414\u043b\u0438\u043d\u0430:<\/strong> 50 \u0433 - 475 \u043c<br data-start=\"332\" data-end=\"335\" \/>\u00a0<strong data-start=\"338\" data-end=\"352\">\u0421\u043e\u0432\u0435\u0442\u044b \u043f\u043e \u0443\u0445\u043e\u0434\u0443:<\/strong> \u0441\u0442\u0438\u0440\u043a\u0430 \u043d\u0430 \u0446\u0438\u043a\u043b\u0435 \u00ab\u0448\u0435\u0440\u0441\u0442\u044c\u00bb \u0434\u043e 30 \u00b0C<\/p>\n<p data-start=\"388\" data-end=\"490\" data-is-last-node=\"\" data-is-only-node=\"\">\u00a0\u041e\u0442\u043b\u0438\u0447\u043d\u044b\u0439 \u0432\u044b\u0431\u043e\u0440, \u0447\u0442\u043e\u0431\u044b \u043f\u0440\u0438\u0434\u0430\u0442\u044c \u043a\u043b\u0430\u0441\u0441\u0438\u0447\u0435\u0441\u043a\u0438\u0439 \u0442\u0432\u0438\u0434\u043e\u0432\u044b\u0439 \u0432\u0438\u0434 \u0441\u0432\u0438\u0442\u0435\u0440\u0430\u043c, \u0448\u0430\u0440\u0444\u0430\u043c, \u0448\u0430\u043f\u043a\u0430\u043c \u0438\u043b\u0438 \u0430\u043a\u0441\u0435\u0441\u0441\u0443\u0430\u0440\u0430\u043c.<\/p>","protected":false},"excerpt":{"rendered":"<p>Creative Make It Tweed \u2013 tai spalvotas priedinis si\u016blas, kuris bet kokiam si\u016blui suteikia autenti\u0161k\u0105 tvido efekt\u0105. Tereikia \u0161\u012f si\u016bl\u0105 megzti kartu su pagrindiniu si\u016blu, ir j\u016bs\u0173 mezginys \u012fgaus subtil\u0173, margint\u0105 tvido ra\u0161t\u0105. \u00a0Sud\u0117tis: 35 % viskoz\u0117, 35 % poliakrilas, 30 % poliamidasSvoris \/ ilgis: 50 g &#8211; 475 m\u00a0Prie\u017ei\u016bra: skalbti vilnos re\u017eimu iki 30 [&hellip;]<\/p>\n","protected":false},"featured_media":4305,"comment_status":"open","ping_status":"closed","template":"","meta":{"_acf_changed":false},"product_brand":[68],"product_cat":[15,18,323],"product_tag":[],"pro-kategorijos":[78],"class_list":{"0":"post-4288","1":"product","2":"type-product","3":"status-publish","4":"has-post-thumbnail","6":"product_brand-rico-design","7":"product_cat-visi-produktai","8":"product_cat-siulai","9":"product_cat-siulai-su-lureksu-ir-zvyneliais","10":"pro-kategorijos-viskoze","12":"first","13":"instock","14":"shipping-taxable","15":"purchasable","16":"product-type-variable"},"acf":[],"yoast_head":"<!-- This site is optimized with the Yoast SEO plugin v26.8 - https:\/\/yoast.com\/product\/yoast-seo-wordpress\/ -->\n<title>Rico Design Creative Make It Tweed - Happyinaknit.com<\/title>\n<meta name=\"robots\" content=\"index, follow, max-snippet:-1, max-image-preview:large, max-video-preview:-1\" \/>\n<link rel=\"canonical\" href=\"https:\/\/happyinaknit.com\/ru\/product\/4288\/\" \/>\n<meta property=\"og:locale\" content=\"ru_RU\" \/>\n<meta property=\"og:type\" content=\"article\" \/>\n<meta property=\"og:title\" content=\"Rico Design Creative Make It Tweed - Happyinaknit.com\" \/>\n<meta property=\"og:description\" content=\"Creative Make It Tweed \u2013 tai spalvotas priedinis si\u016blas, kuris bet kokiam si\u016blui suteikia autenti\u0161k\u0105 tvido efekt\u0105. Tereikia \u0161\u012f si\u016bl\u0105 megzti kartu su pagrindiniu si\u016blu, ir j\u016bs\u0173 mezginys \u012fgaus subtil\u0173, margint\u0105 tvido ra\u0161t\u0105. \u00a0Sud\u0117tis: 35 % viskoz\u0117, 35 % poliakrilas, 30 % poliamidasSvoris \/ ilgis: 50 g &#8211; 475 m\u00a0Prie\u017ei\u016bra: skalbti vilnos re\u017eimu iki 30 [&hellip;]\" \/>\n<meta property=\"og:url\" content=\"https:\/\/happyinaknit.com\/ru\/product\/4288\/\" \/>\n<meta property=\"og:site_name\" content=\"Happyinaknit.com\" \/>\n<meta property=\"article:modified_time\" content=\"2026-01-26T06:38:24+00:00\" \/>\n<meta property=\"og:image\" content=\"https:\/\/happyinaknit.com\/wp-content\/uploads\/2025\/10\/IMG_9134.jpg\" \/>\n\t<meta property=\"og:image:width\" content=\"1320\" \/>\n\t<meta property=\"og:image:height\" content=\"1708\" \/>\n\t<meta property=\"og:image:type\" content=\"image\/jpeg\" \/>\n<meta name=\"twitter:card\" content=\"summary_large_image\" \/>\n<script type=\"application\/ld+json\" class=\"yoast-schema-graph\">{\"@context\":\"https:\/\/schema.org\",\"@graph\":[{\"@type\":\"WebPage\",\"@id\":\"https:\/\/happyinaknit.com\/produktas\/4288\/\",\"url\":\"https:\/\/happyinaknit.com\/produktas\/4288\/\",\"name\":\"Rico Design Creative Make It Tweed - Happyinaknit.com\",\"isPartOf\":{\"@id\":\"https:\/\/happyinaknit.com\/lt\/#website\"},\"primaryImageOfPage\":{\"@id\":\"https:\/\/happyinaknit.com\/produktas\/4288\/#primaryimage\"},\"image\":{\"@id\":\"https:\/\/happyinaknit.com\/produktas\/4288\/#primaryimage\"},\"thumbnailUrl\":\"https:\/\/happyinaknit.com\/wp-content\/uploads\/2025\/10\/IMG_9134.jpg\",\"datePublished\":\"2025-10-10T20:58:48+00:00\",\"dateModified\":\"2026-01-26T06:38:24+00:00\",\"breadcrumb\":{\"@id\":\"https:\/\/happyinaknit.com\/produktas\/4288\/#breadcrumb\"},\"inLanguage\":\"ru-RU\",\"potentialAction\":[{\"@type\":\"ReadAction\",\"target\":[\"https:\/\/happyinaknit.com\/produktas\/4288\/\"]}]},{\"@type\":\"ImageObject\",\"inLanguage\":\"ru-RU\",\"@id\":\"https:\/\/happyinaknit.com\/produktas\/4288\/#primaryimage\",\"url\":\"https:\/\/happyinaknit.com\/wp-content\/uploads\/2025\/10\/IMG_9134.jpg\",\"contentUrl\":\"https:\/\/happyinaknit.com\/wp-content\/uploads\/2025\/10\/IMG_9134.jpg\",\"width\":1320,\"height\":1708},{\"@type\":\"BreadcrumbList\",\"@id\":\"https:\/\/happyinaknit.com\/produktas\/4288\/#breadcrumb\",\"itemListElement\":[{\"@type\":\"ListItem\",\"position\":1,\"name\":\"Home\",\"item\":\"https:\/\/happyinaknit.com\/lt\/\"},{\"@type\":\"ListItem\",\"position\":2,\"name\":\"Parduotuv\u0117\",\"item\":\"https:\/\/happyinaknit.com\/lt\/parduotuve\/\"},{\"@type\":\"ListItem\",\"position\":3,\"name\":\"Rico Design Creative Make It Tweed\"}]},{\"@type\":\"WebSite\",\"@id\":\"https:\/\/happyinaknit.com\/lt\/#website\",\"url\":\"https:\/\/happyinaknit.com\/lt\/\",\"name\":\"Happyinaknit.com\",\"description\":\"\",\"potentialAction\":[{\"@type\":\"SearchAction\",\"target\":{\"@type\":\"EntryPoint\",\"urlTemplate\":\"https:\/\/happyinaknit.com\/lt\/?s={search_term_string}\"},\"query-input\":{\"@type\":\"PropertyValueSpecification\",\"valueRequired\":true,\"valueName\":\"search_term_string\"}}],\"inLanguage\":\"ru-RU\"}]}<\/script>\n<!-- \/ Yoast SEO plugin. -->","yoast_head_json":{"title":"Rico Design Creative Make It Tweed - Happyinaknit.com","robots":{"index":"index","follow":"follow","max-snippet":"max-snippet:-1","max-image-preview":"max-image-preview:large","max-video-preview":"max-video-preview:-1"},"canonical":"https:\/\/happyinaknit.com\/ru\/product\/4288\/","og_locale":"ru_RU","og_type":"article","og_title":"Rico Design Creative Make It Tweed - Happyinaknit.com","og_description":"Creative Make It Tweed \u2013 tai spalvotas priedinis si\u016blas, kuris bet kokiam si\u016blui suteikia autenti\u0161k\u0105 tvido efekt\u0105. Tereikia \u0161\u012f si\u016bl\u0105 megzti kartu su pagrindiniu si\u016blu, ir j\u016bs\u0173 mezginys \u012fgaus subtil\u0173, margint\u0105 tvido ra\u0161t\u0105. \u00a0Sud\u0117tis: 35 % viskoz\u0117, 35 % poliakrilas, 30 % poliamidasSvoris \/ ilgis: 50 g &#8211; 475 m\u00a0Prie\u017ei\u016bra: skalbti vilnos re\u017eimu iki 30 [&hellip;]","og_url":"https:\/\/happyinaknit.com\/ru\/product\/4288\/","og_site_name":"Happyinaknit.com","article_modified_time":"2026-01-26T06:38:24+00:00","og_image":[{"width":1320,"height":1708,"url":"https:\/\/happyinaknit.com\/wp-content\/uploads\/2025\/10\/IMG_9134.jpg","type":"image\/jpeg"}],"twitter_card":"summary_large_image","schema":{"@context":"https:\/\/schema.org","@graph":[{"@type":"WebPage","@id":"https:\/\/happyinaknit.com\/produktas\/4288\/","url":"https:\/\/happyinaknit.com\/produktas\/4288\/","name":"Rico Design Creative Make It Tweed - Happyinaknit.com","isPartOf":{"@id":"https:\/\/happyinaknit.com\/lt\/#website"},"primaryImageOfPage":{"@id":"https:\/\/happyinaknit.com\/produktas\/4288\/#primaryimage"},"image":{"@id":"https:\/\/happyinaknit.com\/produktas\/4288\/#primaryimage"},"thumbnailUrl":"https:\/\/happyinaknit.com\/wp-content\/uploads\/2025\/10\/IMG_9134.jpg","datePublished":"2025-10-10T20:58:48+00:00","dateModified":"2026-01-26T06:38:24+00:00","breadcrumb":{"@id":"https:\/\/happyinaknit.com\/produktas\/4288\/#breadcrumb"},"inLanguage":"ru-RU","potentialAction":[{"@type":"ReadAction","target":["https:\/\/happyinaknit.com\/produktas\/4288\/"]}]},{"@type":"ImageObject","inLanguage":"ru-RU","@id":"https:\/\/happyinaknit.com\/produktas\/4288\/#primaryimage","url":"https:\/\/happyinaknit.com\/wp-content\/uploads\/2025\/10\/IMG_9134.jpg","contentUrl":"https:\/\/happyinaknit.com\/wp-content\/uploads\/2025\/10\/IMG_9134.jpg","width":1320,"height":1708},{"@type":"BreadcrumbList","@id":"https:\/\/happyinaknit.com\/produktas\/4288\/#breadcrumb","itemListElement":[{"@type":"ListItem","position":1,"name":"Home","item":"https:\/\/happyinaknit.com\/lt\/"},{"@type":"ListItem","position":2,"name":"Parduotuv\u0117","item":"https:\/\/happyinaknit.com\/lt\/parduotuve\/"},{"@type":"ListItem","position":3,"name":"Rico Design Creative Make It Tweed"}]},{"@type":"WebSite","@id":"https:\/\/happyinaknit.com\/lt\/#website","url":"https:\/\/happyinaknit.com\/lt\/","name":"Happyinaknit.com","description":"","potentialAction":[{"@type":"SearchAction","target":{"@type":"EntryPoint","urlTemplate":"https:\/\/happyinaknit.com\/lt\/?s={search_term_string}"},"query-input":{"@type":"PropertyValueSpecification","valueRequired":true,"valueName":"search_term_string"}}],"inLanguage":"ru-RU"}]}},"_links":{"self":[{"href":"https:\/\/happyinaknit.com\/ru\/wp-json\/wp\/v2\/product\/4288","targetHints":{"allow":["GET"]}}],"collection":[{"href":"https:\/\/happyinaknit.com\/ru\/wp-json\/wp\/v2\/product"}],"about":[{"href":"https:\/\/happyinaknit.com\/ru\/wp-json\/wp\/v2\/types\/product"}],"replies":[{"embeddable":true,"href":"https:\/\/happyinaknit.com\/ru\/wp-json\/wp\/v2\/comments?post=4288"}],"wp:featuredmedia":[{"embeddable":true,"href":"https:\/\/happyinaknit.com\/ru\/wp-json\/wp\/v2\/media\/4305"}],"wp:attachment":[{"href":"https:\/\/happyinaknit.com\/ru\/wp-json\/wp\/v2\/media?parent=4288"}],"wp:term":[{"taxonomy":"product_brand","embeddable":true,"href":"https:\/\/happyinaknit.com\/ru\/wp-json\/wp\/v2\/product_brand?post=4288"},{"taxonomy":"product_cat","embeddable":true,"href":"https:\/\/happyinaknit.com\/ru\/wp-json\/wp\/v2\/product_cat?post=4288"},{"taxonomy":"product_tag","embeddable":true,"href":"https:\/\/happyinaknit.com\/ru\/wp-json\/wp\/v2\/product_tag?post=4288"},{"taxonomy":"pro-kategorijos","embeddable":true,"href":"https:\/\/happyinaknit.com\/ru\/wp-json\/wp\/v2\/pro-kategorijos?post=4288"}],"curies":[{"name":"wp","href":"https:\/\/api.w.org\/{rel}","templated":true}]}}