{"id":4210,"date":"2025-10-10T19:26:25","date_gmt":"2025-10-10T19:26:25","guid":{"rendered":"https:\/\/happyinaknit.com\/?post_type=product&#038;p=4210"},"modified":"2026-02-05T14:17:24","modified_gmt":"2026-02-05T14:17:24","slug":"rico-design-super-kid-mohair-loves-silk-print","status":"publish","type":"product","link":"https:\/\/happyinaknit.com\/ru\/product\/rico-design-super-kid-mohair-loves-silk-print\/","title":{"rendered":"Rico Design Super Kid Mohair Loves Silk Print"},"content":{"rendered":"<p data-start=\"0\" data-end=\"315\"><strong data-start=\"0\" data-end=\"48\">Essentials Super Kid Mohair Loves Silk Print<\/strong> \u2013 \u044d\u0442\u043e \u0440\u043e\u0441\u043a\u043e\u0448\u043d\u0430\u044f,  \u0447\u0440\u0435\u0437\u0432\u044b\u0447\u0430\u0439\u043d\u043e \u043c\u044f\u0433\u043a\u0430\u044f  \u043f\u0440\u044f\u0436\u0430, \u043f\u0440\u043e\u0438\u0437\u0432\u0435\u0434\u0435\u043d\u043d\u0430\u044f  \u0438\u0437 <strong data-start=\"89\" data-end=\"140\">\u043c\u043e\u0445\u0435\u0440\u0430 Super Kid  \u0438 \u0448\u0435\u043b\u043a\u0430 \u0432\u044b\u0441\u0448\u0435\u0433\u043e \u043a\u0430\u0447\u0435\u0441\u0442\u0432\u0430<\/strong>, \u0445\u0430\u0440\u0430\u043a\u0442\u0435\u0440\u0438\u0437\u0443\u044e\u0449\u0438\u0435\u0441\u044f \u0442\u043e\u043d\u043a\u0438\u043c\u0438 \u0446\u0432\u0435\u0442\u043e\u0432\u044b\u043c\u0438 \u043f\u0435\u0440\u0435\u0445\u043e\u0434\u0430\u043c\u0438. \u041b\u0435\u0433\u043a\u0438\u0439 \u043f\u0440\u0438\u043d\u0442\u043e\u0432\u044b\u0439 \u044d\u0444\u0444\u0435\u043a\u0442 \u043f\u0440\u0438\u0434\u0430\u0435\u0442 \u0438\u0437\u0434\u0435\u043b\u0438\u044e <strong data-start=\"241\" data-end=\"291\">\u043c\u044f\u0433\u043a\u0443\u044e, \u043a\u0440\u0430\u0441\u0438\u0432\u0443\u044e \u0438 \u044d\u043b\u0435\u0433\u0430\u043d\u0442\u043d\u0443\u044e \u0438\u0433\u0440\u0443 \u043e\u0442\u0442\u0435\u043d\u043a\u043e\u0432<\/strong>, \u043d\u0430\u043f\u043e\u043c\u0438\u043d\u0430\u044e\u0449\u0443\u044e \u0430\u043a\u0432\u0430\u0440\u0435\u043b\u044c.<\/p>\n<p data-start=\"317\" data-end=\"468\">\u0411\u043b\u0430\u0433\u043e\u0434\u0430\u0440\u044f 30%  \u0448\u0451\u043b\u043a\u0443 \u044d\u0442\u0430  \u043f\u0440\u044f\u0436\u0430 \u0447\u0440\u0435\u0437\u0432\u044b\u0447\u0430\u0439\u043d\u043e \u043b\u0451\u0433\u043a\u0430\u044f  \u0438 \u043c\u044f\u0433\u043a\u0430\u044f, \u0438\u0434\u0435\u0430\u043b\u044c\u043d\u043e \u043f\u043e\u0434\u0445\u043e\u0434\u0438\u0442 <strong data-start=\"389\" data-end=\"466\">\u0434\u043b\u044f \u0442\u043e\u043d\u043a\u0438\u0445 \u0448\u0430\u0440\u0444\u043e\u0432, \u0448\u0430\u043b\u0435\u0439, \u0441\u0432\u0438\u0442\u0435\u0440\u043e\u0432 \u0438 \u0434\u0440\u0443\u0433\u0438\u0445 \u0430\u0436\u0443\u0440\u043d\u044b\u0445 \u0438\u0437\u0434\u0435\u043b\u0438\u0439.<\/strong><\/p>\n<p data-start=\"470\" data-end=\"801\"><strong data-start=\"470\" data-end=\"482\">\u0421\u043e\u0441\u0442\u0430\u0432:<\/strong> 70 % Super Kid \u043c\u043e\u0445\u0435\u0440, 30 % \u0448\u0435\u043b\u043a<br data-start=\"518\" data-end=\"521\" \/><strong data-start=\"521\" data-end=\"540\">\u0412\u0435\u0441\/\u0414\u043b\u0438\u043d\u0430:<\/strong> 50 \u0433 \u2013 375 \u043c<br data-start=\"553\" data-end=\"556\" data-is-only-node=\"\" \/><strong data-start=\"556\" data-end=\"569\">\u041f\u043b\u043e\u0442\u043d\u043e\u0441\u0442\u044c:<\/strong> 10 \u00d7 10 \u0441\u043c \u2013 23 \u043f\u0435\u0442\u043b\u0438 \u00d7 30 \u0440\u044f\u0434\u043e\u0432<br data-start=\"601\" data-end=\"604\" \/><strong data-start=\"604\" data-end=\"632\">\u0420\u0435\u043a\u043e\u043c\u0435\u043d\u0434\u0443\u0435\u043c\u044b\u0435 \u0441\u043f\u0438\u0446\u044b:<\/strong> 4,5 \u043c\u043c<br data-start=\"639\" data-end=\"642\" \/><strong data-start=\"642\" data-end=\"659\">\u0420\u0430\u0441\u0445\u043e\u0434:<\/strong> \u041d\u0430 \u0441\u0432\u0438\u0442\u0435\u0440 40 \u0440\u0430\u0437\u043c\u0435\u0440\u0430 \u043f\u043e\u0442\u0440\u0435\u0431\u0443\u0435\u0442\u0441\u044f \u043e\u043a\u043e\u043b\u043e 200 \u0433.<br data-start=\"698\" data-end=\"701\" \/><strong data-start=\"701\" data-end=\"715\">\u0421\u043e\u0432\u0435\u0442\u044b \u043f\u043e \u0443\u0445\u043e\u0434\u0443:<\/strong> \u0440\u0443\u0447\u043d\u0430\u044f \u0441\u0442\u0438\u0440\u043a\u0430, \u0441\u0443\u0448\u0438\u0442\u044c \u043d\u0430 \u0433\u043e\u0440\u0438\u0437\u043e\u043d\u0442\u0430\u043b\u044c\u043d\u043e\u0439 \u043f\u043e\u0432\u0435\u0440\u0445\u043d\u043e\u0441\u0442\u0438<\/p>\n<p data-start=\"803\" data-end=\"891\" data-is-last-node=\"\" data-is-only-node=\"\"><strong data-start=\"803\" data-end=\"815\">\u041f\u0440\u0438\u043c\u0435\u0447\u0430\u043d\u0438\u0435:<\/strong> \u0426\u0432\u0435\u0442\u043e\u0432\u044b\u0435 \u043e\u0442\u0442\u0435\u043d\u043a\u0438 \u043c\u043e\u0433\u0443\u0442 \u043d\u0435\u0437\u043d\u0430\u0447\u0438\u0442\u0435\u043b\u044c\u043d\u043e \u043e\u0442\u043b\u0438\u0447\u0430\u0442\u044c\u0441\u044f \u0432 \u0437\u0430\u0432\u0438\u0441\u0438\u043c\u043e\u0441\u0442\u0438 \u043e\u0442 \u044d\u043a\u0440\u0430\u043d\u0430 \u0432\u0430\u0448\u0435\u0433\u043e \u0443\u0441\u0442\u0440\u043e\u0439\u0441\u0442\u0432\u0430.<\/p>","protected":false},"excerpt":{"rendered":"<p>Essentials Super Kid Mohair Loves Silk Print \u2013 tai prabang\u016bs, itin \u0161veln\u016bs si\u016blai i\u0161 auk\u0161\u010diausios kokyb\u0117s Super Kid moherio ir \u0161ilko, pasi\u017eymintys subtiliais spalv\u0173 per\u0117jimais. Lengvas spausdintas (print) efektas suteikia mezginiams mink\u0161t\u0105, dail\u0173 ir eleganti\u0161k\u0105 atspalvi\u0173 \u017eaism\u0105, primenant\u012f akvarel\u0119. D\u0117l 30 % \u0161ilko \u0161ie si\u016blai yra ypa\u010d lengvi ir \u0161veln\u016bs, puikiai tinka ploniems \u0161alikams, skaroms, [&hellip;]<\/p>\n","protected":false},"featured_media":4248,"comment_status":"open","ping_status":"closed","template":"","meta":{"_acf_changed":false},"product_brand":[68],"product_cat":[15,182,18],"product_tag":[],"pro-kategorijos":[74,77],"class_list":{"0":"post-4210","1":"product","2":"type-product","3":"status-publish","4":"has-post-thumbnail","6":"product_brand-rico-design","7":"product_cat-visi-produktai","8":"product_cat-ispardavimas","9":"product_cat-siulai","10":"pro-kategorijos-moheras","11":"pro-kategorijos-silkas","13":"first","14":"instock","15":"shipping-taxable","16":"purchasable","17":"product-type-variable"},"acf":[],"yoast_head":"<!-- This site is optimized with the Yoast SEO plugin v26.8 - https:\/\/yoast.com\/product\/yoast-seo-wordpress\/ -->\n<title>Rico Design Super Kid Mohair Loves Silk Print - Happyinaknit.com<\/title>\n<meta name=\"robots\" content=\"index, follow, max-snippet:-1, max-image-preview:large, max-video-preview:-1\" \/>\n<link rel=\"canonical\" href=\"https:\/\/happyinaknit.com\/ru\/product\/rico-design-super-kid-mohair-loves-silk-print\/\" \/>\n<meta property=\"og:locale\" content=\"ru_RU\" \/>\n<meta property=\"og:type\" content=\"article\" \/>\n<meta property=\"og:title\" content=\"Rico Design Super Kid Mohair Loves Silk Print - Happyinaknit.com\" \/>\n<meta property=\"og:description\" content=\"Essentials Super Kid Mohair Loves Silk Print \u2013 tai prabang\u016bs, itin \u0161veln\u016bs si\u016blai i\u0161 auk\u0161\u010diausios kokyb\u0117s Super Kid moherio ir \u0161ilko, pasi\u017eymintys subtiliais spalv\u0173 per\u0117jimais. Lengvas spausdintas (print) efektas suteikia mezginiams mink\u0161t\u0105, dail\u0173 ir eleganti\u0161k\u0105 atspalvi\u0173 \u017eaism\u0105, primenant\u012f akvarel\u0119. D\u0117l 30 % \u0161ilko \u0161ie si\u016blai yra ypa\u010d lengvi ir \u0161veln\u016bs, puikiai tinka ploniems \u0161alikams, skaroms, [&hellip;]\" \/>\n<meta property=\"og:url\" content=\"https:\/\/happyinaknit.com\/ru\/product\/rico-design-super-kid-mohair-loves-silk-print\/\" \/>\n<meta property=\"og:site_name\" content=\"Happyinaknit.com\" \/>\n<meta property=\"article:modified_time\" content=\"2026-02-05T14:17:24+00:00\" \/>\n<meta property=\"og:image\" content=\"https:\/\/happyinaknit.com\/wp-content\/uploads\/2025\/10\/IMG_9068.jpg\" \/>\n\t<meta property=\"og:image:width\" content=\"1320\" \/>\n\t<meta property=\"og:image:height\" content=\"1362\" \/>\n\t<meta property=\"og:image:type\" content=\"image\/jpeg\" \/>\n<meta name=\"twitter:card\" content=\"summary_large_image\" \/>\n<meta name=\"twitter:label1\" content=\"\u041f\u0440\u0438\u043c\u0435\u0440\u043d\u043e\u0435 \u0432\u0440\u0435\u043c\u044f \u0434\u043b\u044f \u0447\u0442\u0435\u043d\u0438\u044f\" \/>\n\t<meta name=\"twitter:data1\" content=\"1 \u043c\u0438\u043d\u0443\u0442\u0430\" \/>\n<script type=\"application\/ld+json\" class=\"yoast-schema-graph\">{\"@context\":\"https:\/\/schema.org\",\"@graph\":[{\"@type\":\"WebPage\",\"@id\":\"https:\/\/happyinaknit.com\/produktas\/rico-design-super-kid-mohair-loves-silk-print\/\",\"url\":\"https:\/\/happyinaknit.com\/produktas\/rico-design-super-kid-mohair-loves-silk-print\/\",\"name\":\"Rico Design Super Kid Mohair Loves Silk Print - Happyinaknit.com\",\"isPartOf\":{\"@id\":\"https:\/\/happyinaknit.com\/lt\/#website\"},\"primaryImageOfPage\":{\"@id\":\"https:\/\/happyinaknit.com\/produktas\/rico-design-super-kid-mohair-loves-silk-print\/#primaryimage\"},\"image\":{\"@id\":\"https:\/\/happyinaknit.com\/produktas\/rico-design-super-kid-mohair-loves-silk-print\/#primaryimage\"},\"thumbnailUrl\":\"https:\/\/happyinaknit.com\/wp-content\/uploads\/2025\/10\/IMG_9068.jpg\",\"datePublished\":\"2025-10-10T19:26:25+00:00\",\"dateModified\":\"2026-02-05T14:17:24+00:00\",\"breadcrumb\":{\"@id\":\"https:\/\/happyinaknit.com\/produktas\/rico-design-super-kid-mohair-loves-silk-print\/#breadcrumb\"},\"inLanguage\":\"ru-RU\",\"potentialAction\":[{\"@type\":\"ReadAction\",\"target\":[\"https:\/\/happyinaknit.com\/produktas\/rico-design-super-kid-mohair-loves-silk-print\/\"]}]},{\"@type\":\"ImageObject\",\"inLanguage\":\"ru-RU\",\"@id\":\"https:\/\/happyinaknit.com\/produktas\/rico-design-super-kid-mohair-loves-silk-print\/#primaryimage\",\"url\":\"https:\/\/happyinaknit.com\/wp-content\/uploads\/2025\/10\/IMG_9068.jpg\",\"contentUrl\":\"https:\/\/happyinaknit.com\/wp-content\/uploads\/2025\/10\/IMG_9068.jpg\",\"width\":1320,\"height\":1362},{\"@type\":\"BreadcrumbList\",\"@id\":\"https:\/\/happyinaknit.com\/produktas\/rico-design-super-kid-mohair-loves-silk-print\/#breadcrumb\",\"itemListElement\":[{\"@type\":\"ListItem\",\"position\":1,\"name\":\"Home\",\"item\":\"https:\/\/happyinaknit.com\/lt\/\"},{\"@type\":\"ListItem\",\"position\":2,\"name\":\"Parduotuv\u0117\",\"item\":\"https:\/\/happyinaknit.com\/lt\/parduotuve\/\"},{\"@type\":\"ListItem\",\"position\":3,\"name\":\"Rico Design Super Kid Mohair Loves Silk Print\"}]},{\"@type\":\"WebSite\",\"@id\":\"https:\/\/happyinaknit.com\/lt\/#website\",\"url\":\"https:\/\/happyinaknit.com\/lt\/\",\"name\":\"Happyinaknit.com\",\"description\":\"\",\"potentialAction\":[{\"@type\":\"SearchAction\",\"target\":{\"@type\":\"EntryPoint\",\"urlTemplate\":\"https:\/\/happyinaknit.com\/lt\/?s={search_term_string}\"},\"query-input\":{\"@type\":\"PropertyValueSpecification\",\"valueRequired\":true,\"valueName\":\"search_term_string\"}}],\"inLanguage\":\"ru-RU\"}]}<\/script>\n<!-- \/ Yoast SEO plugin. -->","yoast_head_json":{"title":"Rico Design Super Kid Mohair Loves Silk Print - Happyinaknit.com","robots":{"index":"index","follow":"follow","max-snippet":"max-snippet:-1","max-image-preview":"max-image-preview:large","max-video-preview":"max-video-preview:-1"},"canonical":"https:\/\/happyinaknit.com\/ru\/product\/rico-design-super-kid-mohair-loves-silk-print\/","og_locale":"ru_RU","og_type":"article","og_title":"Rico Design Super Kid Mohair Loves Silk Print - Happyinaknit.com","og_description":"Essentials Super Kid Mohair Loves Silk Print \u2013 tai prabang\u016bs, itin \u0161veln\u016bs si\u016blai i\u0161 auk\u0161\u010diausios kokyb\u0117s Super Kid moherio ir \u0161ilko, pasi\u017eymintys subtiliais spalv\u0173 per\u0117jimais. Lengvas spausdintas (print) efektas suteikia mezginiams mink\u0161t\u0105, dail\u0173 ir eleganti\u0161k\u0105 atspalvi\u0173 \u017eaism\u0105, primenant\u012f akvarel\u0119. D\u0117l 30 % \u0161ilko \u0161ie si\u016blai yra ypa\u010d lengvi ir \u0161veln\u016bs, puikiai tinka ploniems \u0161alikams, skaroms, [&hellip;]","og_url":"https:\/\/happyinaknit.com\/ru\/product\/rico-design-super-kid-mohair-loves-silk-print\/","og_site_name":"Happyinaknit.com","article_modified_time":"2026-02-05T14:17:24+00:00","og_image":[{"width":1320,"height":1362,"url":"https:\/\/happyinaknit.com\/wp-content\/uploads\/2025\/10\/IMG_9068.jpg","type":"image\/jpeg"}],"twitter_card":"summary_large_image","twitter_misc":{"\u041f\u0440\u0438\u043c\u0435\u0440\u043d\u043e\u0435 \u0432\u0440\u0435\u043c\u044f \u0434\u043b\u044f \u0447\u0442\u0435\u043d\u0438\u044f":"1 \u043c\u0438\u043d\u0443\u0442\u0430"},"schema":{"@context":"https:\/\/schema.org","@graph":[{"@type":"WebPage","@id":"https:\/\/happyinaknit.com\/produktas\/rico-design-super-kid-mohair-loves-silk-print\/","url":"https:\/\/happyinaknit.com\/produktas\/rico-design-super-kid-mohair-loves-silk-print\/","name":"Rico Design Super Kid Mohair Loves Silk Print - Happyinaknit.com","isPartOf":{"@id":"https:\/\/happyinaknit.com\/lt\/#website"},"primaryImageOfPage":{"@id":"https:\/\/happyinaknit.com\/produktas\/rico-design-super-kid-mohair-loves-silk-print\/#primaryimage"},"image":{"@id":"https:\/\/happyinaknit.com\/produktas\/rico-design-super-kid-mohair-loves-silk-print\/#primaryimage"},"thumbnailUrl":"https:\/\/happyinaknit.com\/wp-content\/uploads\/2025\/10\/IMG_9068.jpg","datePublished":"2025-10-10T19:26:25+00:00","dateModified":"2026-02-05T14:17:24+00:00","breadcrumb":{"@id":"https:\/\/happyinaknit.com\/produktas\/rico-design-super-kid-mohair-loves-silk-print\/#breadcrumb"},"inLanguage":"ru-RU","potentialAction":[{"@type":"ReadAction","target":["https:\/\/happyinaknit.com\/produktas\/rico-design-super-kid-mohair-loves-silk-print\/"]}]},{"@type":"ImageObject","inLanguage":"ru-RU","@id":"https:\/\/happyinaknit.com\/produktas\/rico-design-super-kid-mohair-loves-silk-print\/#primaryimage","url":"https:\/\/happyinaknit.com\/wp-content\/uploads\/2025\/10\/IMG_9068.jpg","contentUrl":"https:\/\/happyinaknit.com\/wp-content\/uploads\/2025\/10\/IMG_9068.jpg","width":1320,"height":1362},{"@type":"BreadcrumbList","@id":"https:\/\/happyinaknit.com\/produktas\/rico-design-super-kid-mohair-loves-silk-print\/#breadcrumb","itemListElement":[{"@type":"ListItem","position":1,"name":"Home","item":"https:\/\/happyinaknit.com\/lt\/"},{"@type":"ListItem","position":2,"name":"Parduotuv\u0117","item":"https:\/\/happyinaknit.com\/lt\/parduotuve\/"},{"@type":"ListItem","position":3,"name":"Rico Design Super Kid Mohair Loves Silk Print"}]},{"@type":"WebSite","@id":"https:\/\/happyinaknit.com\/lt\/#website","url":"https:\/\/happyinaknit.com\/lt\/","name":"Happyinaknit.com","description":"","potentialAction":[{"@type":"SearchAction","target":{"@type":"EntryPoint","urlTemplate":"https:\/\/happyinaknit.com\/lt\/?s={search_term_string}"},"query-input":{"@type":"PropertyValueSpecification","valueRequired":true,"valueName":"search_term_string"}}],"inLanguage":"ru-RU"}]}},"_links":{"self":[{"href":"https:\/\/happyinaknit.com\/ru\/wp-json\/wp\/v2\/product\/4210","targetHints":{"allow":["GET"]}}],"collection":[{"href":"https:\/\/happyinaknit.com\/ru\/wp-json\/wp\/v2\/product"}],"about":[{"href":"https:\/\/happyinaknit.com\/ru\/wp-json\/wp\/v2\/types\/product"}],"replies":[{"embeddable":true,"href":"https:\/\/happyinaknit.com\/ru\/wp-json\/wp\/v2\/comments?post=4210"}],"wp:featuredmedia":[{"embeddable":true,"href":"https:\/\/happyinaknit.com\/ru\/wp-json\/wp\/v2\/media\/4248"}],"wp:attachment":[{"href":"https:\/\/happyinaknit.com\/ru\/wp-json\/wp\/v2\/media?parent=4210"}],"wp:term":[{"taxonomy":"product_brand","embeddable":true,"href":"https:\/\/happyinaknit.com\/ru\/wp-json\/wp\/v2\/product_brand?post=4210"},{"taxonomy":"product_cat","embeddable":true,"href":"https:\/\/happyinaknit.com\/ru\/wp-json\/wp\/v2\/product_cat?post=4210"},{"taxonomy":"product_tag","embeddable":true,"href":"https:\/\/happyinaknit.com\/ru\/wp-json\/wp\/v2\/product_tag?post=4210"},{"taxonomy":"pro-kategorijos","embeddable":true,"href":"https:\/\/happyinaknit.com\/ru\/wp-json\/wp\/v2\/pro-kategorijos?post=4210"}],"curies":[{"name":"wp","href":"https:\/\/api.w.org\/{rel}","templated":true}]}}