{"id":4183,"date":"2025-10-10T12:27:48","date_gmt":"2025-10-10T12:27:48","guid":{"rendered":"https:\/\/happyinaknit.com\/?post_type=product&#038;p=4183"},"modified":"2026-04-14T15:58:59","modified_gmt":"2026-04-14T15:58:59","slug":"rico-design-fashion-silk-blend-dk","status":"publish","type":"product","link":"https:\/\/happyinaknit.com\/ru\/product\/rico-design-fashion-silk-blend-dk\/","title":{"rendered":"Rico Design Fashion Silk Blend DK"},"content":{"rendered":"<p data-start=\"0\" data-end=\"300\"><strong data-start=\"0\" data-end=\"25\">Fashion Silk Blend DK<\/strong> - \u044d\u0442\u043e \u0440\u043e\u0441\u043a\u043e\u0448\u043d\u0430\u044f \u043f\u0440\u044f\u0436\u0430, \u0441\u043e\u0447\u0435\u0442\u0430\u044e\u0449\u0430\u044f \u0432 \u0441\u0435\u0431\u0435 \u0448\u0435\u043b\u043a, \u0445\u043b\u043e\u043f\u043e\u043a \u0438 \u043f\u043e\u043b\u0438\u0430\u043c\u0438\u0434. \u041e\u0441\u043e\u0431\u044b\u0439 \u0441\u043e\u0441\u0442\u0430\u0432 \u043f\u0440\u0438\u0434\u0430\u0435\u0442 \u043f\u0440\u044f\u0436\u0435 \u043d\u0435\u0436\u043d\u044b\u0439 \u043c\u0430\u0442\u043e\u0432\u044b\u0439 \u0431\u043b\u0435\u0441\u043a \u0438 \u0445\u0430\u0440\u0430\u043a\u0442\u0435\u0440\u043d\u0443\u044e \u0442\u0435\u043a\u0441\u0442\u0443\u0440\u0443. \u041e\u0441\u043e\u0431\u0430\u044f \u043a\u0440\u0443\u0442\u043a\u0430 \u043f\u0440\u044f\u0436\u0438 \u0441\u043e\u0437\u0434\u0430\u0435\u0442 \u0438\u043d\u0442\u0435\u0440\u0435\u0441\u043d\u044b\u0439 \u0432\u0438\u0437\u0443\u0430\u043b\u044c\u043d\u044b\u0439 \u044d\u0444\u0444\u0435\u043a\u0442, \u0431\u043b\u0430\u0433\u043e\u0434\u0430\u0440\u044f \u043a\u043e\u0442\u043e\u0440\u043e\u043c\u0443 \u0432\u044f\u0437\u0430\u043d\u044b\u0435 \u0438\u0437\u0434\u0435\u043b\u0438\u044f \u0432\u044b\u0433\u043b\u044f\u0434\u044f\u0442 \u0436\u0438\u0432\u044b\u043c\u0438 \u0438 \u044d\u043b\u0435\u0433\u0430\u043d\u0442\u043d\u044b\u043c\u0438.<\/p>\n<p data-start=\"302\" data-end=\"432\">\u041b\u0435\u0433\u043a\u0430\u044f, \u043f\u0440\u0438\u044f\u0442\u043d\u0430\u044f \u043d\u0430 \u043e\u0449\u0443\u043f\u044c \u0438 \u0434\u044b\u0448\u0430\u0449\u0430\u044f, \u044d\u0442\u0430 \u043f\u0440\u044f\u0436\u0430 \u0438\u0434\u0435\u0430\u043b\u044c\u043d\u043e \u043f\u043e\u0434\u0445\u043e\u0434\u0438\u0442 \u0434\u043b\u044f \u0441\u0432\u0438\u0442\u0435\u0440\u043e\u0432, \u043a\u0430\u0440\u0434\u0438\u0433\u0430\u043d\u043e\u0432, \u043b\u0435\u0442\u043d\u0438\u0445 \u0431\u043b\u0443\u0437\u043e\u043a \u0438 \u0430\u043a\u0441\u0435\u0441\u0441\u0443\u0430\u0440\u043e\u0432.<\/p>\n<p data-start=\"434\" data-end=\"743\"><strong data-start=\"434\" data-end=\"446\">\u0421\u043e\u0441\u0442\u0430\u0432:<\/strong> 45 % \u0445\u043b\u043e\u043f\u043e\u043a, 45 % \u0448\u0435\u043b\u043a, 10 % \u043f\u043e\u043b\u0438\u0430\u043c\u0438\u0434<br data-start=\"490\" data-end=\"493\" \/><strong data-start=\"493\" data-end=\"512\">\u0412\u0435\u0441\/\u0414\u043b\u0438\u043d\u0430:<\/strong> 50 \u0433 \u2013 210 \u043c<br data-start=\"525\" data-end=\"528\" data-is-only-node=\"\" \/><strong data-start=\"528\" data-end=\"541\">\u041f\u043b\u043e\u0442\u043d\u043e\u0441\u0442\u044c:<\/strong> 10 \u00d7 10 \u0441\u043c \u2013 20 \u043f\u0435\u0442\u0435\u043b\u044c \u00d7 30 \u0440\u044f\u0434\u043e\u0432<br data-start=\"573\" data-end=\"576\" \/><strong data-start=\"576\" data-end=\"604\">\u0420\u0435\u043a\u043e\u043c\u0435\u043d\u0434\u0443\u0435\u043c\u044b\u0435 \u0441\u043f\u0438\u0446\u044b:<\/strong> 5,0 \u043c\u043c<br data-start=\"611\" data-end=\"614\" \/><strong data-start=\"614\" data-end=\"631\">\u0420\u0430\u0441\u0445\u043e\u0434:<\/strong> \u041d\u0430 \u0441\u0432\u0438\u0442\u0435\u0440 \u0440\u0430\u0437\u043c\u0435\u0440\u0430 38\/40 \u043f\u043e\u0442\u0440\u0435\u0431\u0443\u0435\u0442\u0441\u044f \u043e\u043a\u043e\u043b\u043e 400 \u0433.<br data-start=\"673\" data-end=\"676\" \/><strong data-start=\"676\" data-end=\"690\">\u0421\u043e\u0432\u0435\u0442\u044b \u043f\u043e \u0443\u0445\u043e\u0434\u0443:<\/strong> \u0440\u0443\u0447\u043d\u0430\u044f \u0441\u0442\u0438\u0440\u043a\u0430, \u0441\u0443\u0448\u0438\u0442\u044c \u043d\u0430 \u0433\u043e\u0440\u0438\u0437\u043e\u043d\u0442\u0430\u043b\u044c\u043d\u043e\u0439 \u043f\u043e\u0432\u0435\u0440\u0445\u043d\u043e\u0441\u0442\u0438<\/p>\n<p data-start=\"745\" data-end=\"833\" data-is-last-node=\"\" data-is-only-node=\"\"><strong data-start=\"745\" data-end=\"757\">\u041f\u0440\u0438\u043c\u0435\u0447\u0430\u043d\u0438\u0435:<\/strong> \u0426\u0432\u0435\u0442\u043e\u0432\u044b\u0435 \u043e\u0442\u0442\u0435\u043d\u043a\u0438 \u043c\u043e\u0433\u0443\u0442 \u043d\u0435\u0437\u043d\u0430\u0447\u0438\u0442\u0435\u043b\u044c\u043d\u043e \u043e\u0442\u043b\u0438\u0447\u0430\u0442\u044c\u0441\u044f \u0432 \u0437\u0430\u0432\u0438\u0441\u0438\u043c\u043e\u0441\u0442\u0438 \u043e\u0442 \u044d\u043a\u0440\u0430\u043d\u0430 \u0432\u0430\u0448\u0435\u0433\u043e \u0443\u0441\u0442\u0440\u043e\u0439\u0441\u0442\u0432\u0430.<\/p>","protected":false},"excerpt":{"rendered":"<p>Fashion Silk Blend DK \u2013 tai prabang\u016bs si\u016blai, kuriuose dera \u0161ilkas, medviln\u0117 ir poliamidas. \u0160i ypatinga sud\u0117tis suteikia si\u016blui subtil\u0173 matin\u012f spindes\u012f ir i\u0161skirtin\u0119 tekst\u016br\u0105. D\u0117l ypatingo susukimo si\u016blai sukuria \u012fdom\u0173 vizualin\u012f efekt\u0105, tod\u0117l mezginiai atrodo gyvai ir eleganti\u0161kai. Lengvi, malon\u016bs liesti ir kv\u0117puojantys si\u016blai puikiai tinka megztiniams, kardiganams, vasarin\u0117ms palaidin\u0117ms ar aksesuarams. Sud\u0117tis: 45 [&hellip;]<\/p>\n","protected":false},"featured_media":4194,"comment_status":"open","ping_status":"closed","template":"","meta":{"_acf_changed":false},"product_brand":[68],"product_cat":[15,182,18],"product_tag":[33],"pro-kategorijos":[55,77],"class_list":{"0":"post-4183","1":"product","2":"type-product","3":"status-publish","4":"has-post-thumbnail","6":"product_brand-rico-design","7":"product_cat-visi-produktai","8":"product_cat-ispardavimas","9":"product_cat-siulai","10":"product_tag-ispardavimas","11":"pro-kategorijos-medvilne","12":"pro-kategorijos-silkas","14":"first","15":"instock","16":"sale","17":"shipping-taxable","18":"purchasable","19":"product-type-variable"},"acf":[],"yoast_head":"<!-- This site is optimized with the Yoast SEO plugin v26.8 - https:\/\/yoast.com\/product\/yoast-seo-wordpress\/ -->\n<title>Rico Design Fashion Silk Blend DK - Happyinaknit.com<\/title>\n<meta name=\"robots\" content=\"index, follow, max-snippet:-1, max-image-preview:large, max-video-preview:-1\" \/>\n<link rel=\"canonical\" href=\"https:\/\/happyinaknit.com\/ru\/product\/rico-design-fashion-silk-blend-dk\/\" \/>\n<meta property=\"og:locale\" content=\"ru_RU\" \/>\n<meta property=\"og:type\" content=\"article\" \/>\n<meta property=\"og:title\" content=\"Rico Design Fashion Silk Blend DK - Happyinaknit.com\" \/>\n<meta property=\"og:description\" content=\"Fashion Silk Blend DK \u2013 tai prabang\u016bs si\u016blai, kuriuose dera \u0161ilkas, medviln\u0117 ir poliamidas. \u0160i ypatinga sud\u0117tis suteikia si\u016blui subtil\u0173 matin\u012f spindes\u012f ir i\u0161skirtin\u0119 tekst\u016br\u0105. D\u0117l ypatingo susukimo si\u016blai sukuria \u012fdom\u0173 vizualin\u012f efekt\u0105, tod\u0117l mezginiai atrodo gyvai ir eleganti\u0161kai. Lengvi, malon\u016bs liesti ir kv\u0117puojantys si\u016blai puikiai tinka megztiniams, kardiganams, vasarin\u0117ms palaidin\u0117ms ar aksesuarams. Sud\u0117tis: 45 [&hellip;]\" \/>\n<meta property=\"og:url\" content=\"https:\/\/happyinaknit.com\/ru\/product\/rico-design-fashion-silk-blend-dk\/\" \/>\n<meta property=\"og:site_name\" content=\"Happyinaknit.com\" \/>\n<meta property=\"article:modified_time\" content=\"2026-04-14T15:58:59+00:00\" \/>\n<meta property=\"og:image\" content=\"https:\/\/happyinaknit.com\/wp-content\/uploads\/2025\/10\/IMG_9032.jpg\" \/>\n\t<meta property=\"og:image:width\" content=\"1320\" \/>\n\t<meta property=\"og:image:height\" content=\"1683\" \/>\n\t<meta property=\"og:image:type\" content=\"image\/jpeg\" \/>\n<meta name=\"twitter:card\" content=\"summary_large_image\" \/>\n<meta name=\"twitter:label1\" content=\"\u041f\u0440\u0438\u043c\u0435\u0440\u043d\u043e\u0435 \u0432\u0440\u0435\u043c\u044f \u0434\u043b\u044f \u0447\u0442\u0435\u043d\u0438\u044f\" \/>\n\t<meta name=\"twitter:data1\" content=\"1 \u043c\u0438\u043d\u0443\u0442\u0430\" \/>\n<script type=\"application\/ld+json\" class=\"yoast-schema-graph\">{\"@context\":\"https:\/\/schema.org\",\"@graph\":[{\"@type\":\"WebPage\",\"@id\":\"https:\/\/happyinaknit.com\/produktas\/rico-design-fashion-silk-blend-dk\/\",\"url\":\"https:\/\/happyinaknit.com\/produktas\/rico-design-fashion-silk-blend-dk\/\",\"name\":\"Rico Design Fashion Silk Blend DK - Happyinaknit.com\",\"isPartOf\":{\"@id\":\"https:\/\/happyinaknit.com\/lt\/#website\"},\"primaryImageOfPage\":{\"@id\":\"https:\/\/happyinaknit.com\/produktas\/rico-design-fashion-silk-blend-dk\/#primaryimage\"},\"image\":{\"@id\":\"https:\/\/happyinaknit.com\/produktas\/rico-design-fashion-silk-blend-dk\/#primaryimage\"},\"thumbnailUrl\":\"https:\/\/happyinaknit.com\/wp-content\/uploads\/2025\/10\/IMG_9032.jpg\",\"datePublished\":\"2025-10-10T12:27:48+00:00\",\"dateModified\":\"2026-04-14T15:58:59+00:00\",\"breadcrumb\":{\"@id\":\"https:\/\/happyinaknit.com\/produktas\/rico-design-fashion-silk-blend-dk\/#breadcrumb\"},\"inLanguage\":\"ru-RU\",\"potentialAction\":[{\"@type\":\"ReadAction\",\"target\":[\"https:\/\/happyinaknit.com\/produktas\/rico-design-fashion-silk-blend-dk\/\"]}]},{\"@type\":\"ImageObject\",\"inLanguage\":\"ru-RU\",\"@id\":\"https:\/\/happyinaknit.com\/produktas\/rico-design-fashion-silk-blend-dk\/#primaryimage\",\"url\":\"https:\/\/happyinaknit.com\/wp-content\/uploads\/2025\/10\/IMG_9032.jpg\",\"contentUrl\":\"https:\/\/happyinaknit.com\/wp-content\/uploads\/2025\/10\/IMG_9032.jpg\",\"width\":1320,\"height\":1683},{\"@type\":\"BreadcrumbList\",\"@id\":\"https:\/\/happyinaknit.com\/produktas\/rico-design-fashion-silk-blend-dk\/#breadcrumb\",\"itemListElement\":[{\"@type\":\"ListItem\",\"position\":1,\"name\":\"Home\",\"item\":\"https:\/\/happyinaknit.com\/lt\/\"},{\"@type\":\"ListItem\",\"position\":2,\"name\":\"Parduotuv\u0117\",\"item\":\"https:\/\/happyinaknit.com\/lt\/parduotuve\/\"},{\"@type\":\"ListItem\",\"position\":3,\"name\":\"Rico Design Fashion Silk Blend DK\"}]},{\"@type\":\"WebSite\",\"@id\":\"https:\/\/happyinaknit.com\/lt\/#website\",\"url\":\"https:\/\/happyinaknit.com\/lt\/\",\"name\":\"Happyinaknit.com\",\"description\":\"\",\"potentialAction\":[{\"@type\":\"SearchAction\",\"target\":{\"@type\":\"EntryPoint\",\"urlTemplate\":\"https:\/\/happyinaknit.com\/lt\/?s={search_term_string}\"},\"query-input\":{\"@type\":\"PropertyValueSpecification\",\"valueRequired\":true,\"valueName\":\"search_term_string\"}}],\"inLanguage\":\"ru-RU\"}]}<\/script>\n<!-- \/ Yoast SEO plugin. -->","yoast_head_json":{"title":"Rico Design Fashion Silk Blend DK - Happyinaknit.com","robots":{"index":"index","follow":"follow","max-snippet":"max-snippet:-1","max-image-preview":"max-image-preview:large","max-video-preview":"max-video-preview:-1"},"canonical":"https:\/\/happyinaknit.com\/ru\/product\/rico-design-fashion-silk-blend-dk\/","og_locale":"ru_RU","og_type":"article","og_title":"Rico Design Fashion Silk Blend DK - Happyinaknit.com","og_description":"Fashion Silk Blend DK \u2013 tai prabang\u016bs si\u016blai, kuriuose dera \u0161ilkas, medviln\u0117 ir poliamidas. \u0160i ypatinga sud\u0117tis suteikia si\u016blui subtil\u0173 matin\u012f spindes\u012f ir i\u0161skirtin\u0119 tekst\u016br\u0105. D\u0117l ypatingo susukimo si\u016blai sukuria \u012fdom\u0173 vizualin\u012f efekt\u0105, tod\u0117l mezginiai atrodo gyvai ir eleganti\u0161kai. Lengvi, malon\u016bs liesti ir kv\u0117puojantys si\u016blai puikiai tinka megztiniams, kardiganams, vasarin\u0117ms palaidin\u0117ms ar aksesuarams. Sud\u0117tis: 45 [&hellip;]","og_url":"https:\/\/happyinaknit.com\/ru\/product\/rico-design-fashion-silk-blend-dk\/","og_site_name":"Happyinaknit.com","article_modified_time":"2026-04-14T15:58:59+00:00","og_image":[{"width":1320,"height":1683,"url":"https:\/\/happyinaknit.com\/wp-content\/uploads\/2025\/10\/IMG_9032.jpg","type":"image\/jpeg"}],"twitter_card":"summary_large_image","twitter_misc":{"\u041f\u0440\u0438\u043c\u0435\u0440\u043d\u043e\u0435 \u0432\u0440\u0435\u043c\u044f \u0434\u043b\u044f \u0447\u0442\u0435\u043d\u0438\u044f":"1 \u043c\u0438\u043d\u0443\u0442\u0430"},"schema":{"@context":"https:\/\/schema.org","@graph":[{"@type":"WebPage","@id":"https:\/\/happyinaknit.com\/produktas\/rico-design-fashion-silk-blend-dk\/","url":"https:\/\/happyinaknit.com\/produktas\/rico-design-fashion-silk-blend-dk\/","name":"Rico Design Fashion Silk Blend DK - Happyinaknit.com","isPartOf":{"@id":"https:\/\/happyinaknit.com\/lt\/#website"},"primaryImageOfPage":{"@id":"https:\/\/happyinaknit.com\/produktas\/rico-design-fashion-silk-blend-dk\/#primaryimage"},"image":{"@id":"https:\/\/happyinaknit.com\/produktas\/rico-design-fashion-silk-blend-dk\/#primaryimage"},"thumbnailUrl":"https:\/\/happyinaknit.com\/wp-content\/uploads\/2025\/10\/IMG_9032.jpg","datePublished":"2025-10-10T12:27:48+00:00","dateModified":"2026-04-14T15:58:59+00:00","breadcrumb":{"@id":"https:\/\/happyinaknit.com\/produktas\/rico-design-fashion-silk-blend-dk\/#breadcrumb"},"inLanguage":"ru-RU","potentialAction":[{"@type":"ReadAction","target":["https:\/\/happyinaknit.com\/produktas\/rico-design-fashion-silk-blend-dk\/"]}]},{"@type":"ImageObject","inLanguage":"ru-RU","@id":"https:\/\/happyinaknit.com\/produktas\/rico-design-fashion-silk-blend-dk\/#primaryimage","url":"https:\/\/happyinaknit.com\/wp-content\/uploads\/2025\/10\/IMG_9032.jpg","contentUrl":"https:\/\/happyinaknit.com\/wp-content\/uploads\/2025\/10\/IMG_9032.jpg","width":1320,"height":1683},{"@type":"BreadcrumbList","@id":"https:\/\/happyinaknit.com\/produktas\/rico-design-fashion-silk-blend-dk\/#breadcrumb","itemListElement":[{"@type":"ListItem","position":1,"name":"Home","item":"https:\/\/happyinaknit.com\/lt\/"},{"@type":"ListItem","position":2,"name":"Parduotuv\u0117","item":"https:\/\/happyinaknit.com\/lt\/parduotuve\/"},{"@type":"ListItem","position":3,"name":"Rico Design Fashion Silk Blend DK"}]},{"@type":"WebSite","@id":"https:\/\/happyinaknit.com\/lt\/#website","url":"https:\/\/happyinaknit.com\/lt\/","name":"Happyinaknit.com","description":"","potentialAction":[{"@type":"SearchAction","target":{"@type":"EntryPoint","urlTemplate":"https:\/\/happyinaknit.com\/lt\/?s={search_term_string}"},"query-input":{"@type":"PropertyValueSpecification","valueRequired":true,"valueName":"search_term_string"}}],"inLanguage":"ru-RU"}]}},"_links":{"self":[{"href":"https:\/\/happyinaknit.com\/ru\/wp-json\/wp\/v2\/product\/4183","targetHints":{"allow":["GET"]}}],"collection":[{"href":"https:\/\/happyinaknit.com\/ru\/wp-json\/wp\/v2\/product"}],"about":[{"href":"https:\/\/happyinaknit.com\/ru\/wp-json\/wp\/v2\/types\/product"}],"replies":[{"embeddable":true,"href":"https:\/\/happyinaknit.com\/ru\/wp-json\/wp\/v2\/comments?post=4183"}],"wp:featuredmedia":[{"embeddable":true,"href":"https:\/\/happyinaknit.com\/ru\/wp-json\/wp\/v2\/media\/4194"}],"wp:attachment":[{"href":"https:\/\/happyinaknit.com\/ru\/wp-json\/wp\/v2\/media?parent=4183"}],"wp:term":[{"taxonomy":"product_brand","embeddable":true,"href":"https:\/\/happyinaknit.com\/ru\/wp-json\/wp\/v2\/product_brand?post=4183"},{"taxonomy":"product_cat","embeddable":true,"href":"https:\/\/happyinaknit.com\/ru\/wp-json\/wp\/v2\/product_cat?post=4183"},{"taxonomy":"product_tag","embeddable":true,"href":"https:\/\/happyinaknit.com\/ru\/wp-json\/wp\/v2\/product_tag?post=4183"},{"taxonomy":"pro-kategorijos","embeddable":true,"href":"https:\/\/happyinaknit.com\/ru\/wp-json\/wp\/v2\/pro-kategorijos?post=4183"}],"curies":[{"name":"wp","href":"https:\/\/api.w.org\/{rel}","templated":true}]}}