{"id":4168,"date":"2025-10-10T10:46:35","date_gmt":"2025-10-10T10:46:35","guid":{"rendered":"https:\/\/happyinaknit.com\/?post_type=product&#038;p=4168"},"modified":"2025-11-13T21:39:16","modified_gmt":"2025-11-13T21:39:16","slug":"rico-design-fashion-alpaca-superfine-heavens-big-cloud","status":"publish","type":"product","link":"https:\/\/happyinaknit.com\/ru\/product\/rico-design-fashion-alpaca-superfine-heavens-big-cloud\/","title":{"rendered":"Rico Design Fashion Alpaca Superfine HEAVENS BIG CLOUD"},"content":{"rendered":"<p data-start=\"0\" data-end=\"390\">Fashion Alpaca Superfine Heavens Big Cloud \u2013 \u0440\u043e\u0441\u043a\u043e\u0448\u043d\u0430\u044f, \u043f\u0443\u0448\u0438\u0441\u0442\u0430\u044f \u0438 \u043d\u0435\u0432\u0435\u0440\u043e\u044f\u0442\u043d\u043e \u043b\u0451\u0433\u043a\u0430\u044f \u043f\u0440\u044f\u0436\u0430, \u043c\u044f\u0433\u043a\u0430\u044f \u0438 \u043f\u0443\u0448\u0438\u0441\u0442\u0430\u044f, \u043f\u0440\u0438\u0434\u0430\u044e\u0449\u0430\u044f \u0438\u0437\u0434\u0435\u043b\u0438\u044f\u043c \u043d\u0435\u0432\u0435\u0440\u043e\u044f\u0442\u043d\u044b\u0439 \u043e\u0431\u044a\u0451\u043c \u0438 \u043c\u044f\u0433\u043a\u043e\u0441\u0442\u044c. \u0411\u043b\u0430\u0433\u043e\u0434\u0430\u0440\u044f \u0438\u0441\u043a\u043b\u044e\u0447\u0438\u0442\u0435\u043b\u044c\u043d\u043e \u0431\u043e\u043b\u044c\u0448\u043e\u0439 \u0434\u043b\u0438\u043d\u0435, \u0438\u0437 \u043e\u0434\u043d\u043e\u0433\u043e \u043c\u043e\u0442\u043a\u0430 \u0432\u0435\u0441\u043e\u043c 100 \u0433 \u043c\u043e\u0436\u043d\u043e \u0441\u0432\u044f\u0437\u0430\u0442\u044c \u0438\u0437\u0434\u0435\u043b\u0438\u0435 \u0440\u0430\u0437\u043c\u0435\u0440\u043e\u043c \u043f\u0440\u0438\u043c\u0435\u0440\u043d\u043e 40 \u00d7 180 \u0441\u043c, \u043d\u0435 \u043f\u0440\u0435\u0440\u044b\u0432\u0430\u044f \u043f\u0435\u0440\u0435\u0445\u043e\u0434 \u0446\u0432\u0435\u0442\u0430. \u0422\u043e\u043d\u043a\u0438\u0435, \u0441\u043e\u0432\u0440\u0435\u043c\u0435\u043d\u043d\u044b\u0435 \u043f\u0435\u0440\u0435\u0445\u043e\u0434\u044b \u0446\u0432\u0435\u0442\u0430 \u0432\u044b\u0433\u043b\u044f\u0434\u044f\u0442 \u043e\u0447\u0435\u043d\u044c \u0433\u0430\u0440\u043c\u043e\u043d\u0438\u0447\u043d\u043e \u0438 \u0441\u0442\u0438\u043b\u044c\u043d\u043e.<\/p>\n<p data-start=\"392\" data-end=\"600\">\u042d\u0442\u0430 \u0432\u044b\u0441\u043e\u043a\u043e\u043a\u0430\u0447\u0435\u0441\u0442\u0432\u0435\u043d\u043d\u0430\u044f \u043f\u0440\u044f\u0436\u0430 \u0438\u0437 \u0441\u043c\u0435\u0441\u0438 \u0430\u043b\u044c\u043f\u0430\u043a\u0438 \u0438 \u043f\u043e\u043b\u0438\u0430\u043c\u0438\u0434\u0430 \u0438\u0434\u0435\u0430\u043b\u044c\u043d\u043e \u043f\u043e\u0434\u0445\u043e\u0434\u0438\u0442 \u0434\u043b\u044f \u0448\u0430\u0440\u0444\u043e\u0432, \u0441\u0432\u0438\u0442\u0435\u0440\u043e\u0432, \u043a\u0430\u0440\u0434\u0438\u0433\u0430\u043d\u043e\u0432 \u0438 \u0434\u0440\u0443\u0433\u0438\u0445 \u0437\u0438\u043c\u043d\u0438\u0445 \u0438\u0437\u0434\u0435\u043b\u0438\u0439, \u043f\u0440\u0438\u0434\u0430\u0432\u0430\u044f \u0438\u043c \u043b\u0435\u0433\u043a\u043e\u0441\u0442\u044c, \u0443\u044e\u0442 \u0438 \u0440\u043e\u0441\u043a\u043e\u0448\u044c.<\/p>\n<p data-start=\"602\" data-end=\"911\"><strong data-start=\"602\" data-end=\"614\">\u0421\u043e\u0441\u0442\u0430\u0432:<\/strong> 63 % \u0430\u043b\u044c\u043f\u0430\u043a\u0430, 37 % \u043f\u043e\u043b\u0438\u0430\u043c\u0438\u0434<br data-start=\"644\" data-end=\"647\" \/><strong data-start=\"647\" data-end=\"666\">\u0412\u0435\u0441\/\u0414\u043b\u0438\u043d\u0430:<\/strong> 100 \u0433 \u2013 280 \u043c<br data-start=\"680\" data-end=\"683\" data-is-only-node=\"\" \/><strong data-start=\"683\" data-end=\"696\">\u041f\u043b\u043e\u0442\u043d\u043e\u0441\u0442\u044c:<\/strong> 10 \u00d7 10 \u0441\u043c \u2013 12 \u043f\u0435\u0442\u0435\u043b\u044c \u00d7 20 \u0440\u044f\u0434\u043e\u0432<br data-start=\"728\" data-end=\"731\" \/><strong data-start=\"731\" data-end=\"759\">\u0420\u0435\u043a\u043e\u043c\u0435\u043d\u0434\u0443\u0435\u043c\u044b\u0435 \u0441\u043f\u0438\u0446\u044b:<\/strong> 6,0 \u043c\u043c<br data-start=\"766\" data-end=\"769\" \/><strong data-start=\"769\" data-end=\"786\">\u0420\u0430\u0441\u0445\u043e\u0434:<\/strong> \u041d\u0430 \u0441\u0432\u0438\u0442\u0435\u0440 40 \u0440\u0430\u0437\u043c\u0435\u0440\u0430 \u043f\u043e\u0442\u0440\u0435\u0431\u0443\u0435\u0442\u0441\u044f \u043e\u043a\u043e\u043b\u043e 300 \u0433.<br data-start=\"825\" data-end=\"828\" \/><strong data-start=\"828\" data-end=\"842\">\u0421\u043e\u0432\u0435\u0442\u044b \u043f\u043e \u0443\u0445\u043e\u0434\u0443:<\/strong> \u0441\u0442\u0438\u0440\u043a\u0430 \u043d\u0430 \u0434\u0435\u043b\u0438\u043a\u0430\u0442\u043d\u043e\u043c \u0440\u0435\u0436\u0438\u043c\u0435 \u0434\u043e 30 \u00b0C, \u0441\u0443\u0448\u043a\u0430 \u043d\u0430 \u0433\u043e\u0440\u0438\u0437\u043e\u043d\u0442\u0430\u043b\u044c\u043d\u043e\u0439 \u043f\u043e\u0432\u0435\u0440\u0445\u043d\u043e\u0441\u0442\u0438<\/p>\n<p data-start=\"913\" data-end=\"1001\" data-is-last-node=\"\" data-is-only-node=\"\"><strong data-start=\"913\" data-end=\"925\">\u041f\u0440\u0438\u043c\u0435\u0447\u0430\u043d\u0438\u0435:<\/strong> \u0426\u0432\u0435\u0442\u043e\u0432\u044b\u0435 \u043e\u0442\u0442\u0435\u043d\u043a\u0438 \u043c\u043e\u0433\u0443\u0442 \u043d\u0435\u0437\u043d\u0430\u0447\u0438\u0442\u0435\u043b\u044c\u043d\u043e \u043e\u0442\u043b\u0438\u0447\u0430\u0442\u044c\u0441\u044f \u0432 \u0437\u0430\u0432\u0438\u0441\u0438\u043c\u043e\u0441\u0442\u0438 \u043e\u0442 \u044d\u043a\u0440\u0430\u043d\u0430 \u0432\u0430\u0448\u0435\u0433\u043e \u0443\u0441\u0442\u0440\u043e\u0439\u0441\u0442\u0432\u0430.<\/p>","protected":false},"excerpt":{"rendered":"<p>Fashion Alpaca Superfine Heavens Big Cloud \u2013 tai prabang\u016bs, pur\u016bs ir ypa\u010d lengvi si\u016blai, kuri\u0173 mink\u0161tas ir p\u016bkuotas si\u016blas suteikia mezginiui ne\u012ftik\u0117tin\u0105 apimt\u012f bei \u0161velnum\u0105. D\u0117l ypatingai ilgo metra\u017eo i\u0161 vieno 100 g kamuoliuko galima numegzti apie 40 \u00d7 180 cm gamin\u012f, nenutraukiant spalvinio per\u0117jimo. Subtil\u016bs, modern\u016bs spalv\u0173 per\u0117jimai atrodo itin harmoningai ir stilingai. \u0160ie [&hellip;]<\/p>\n","protected":false},"featured_media":4174,"comment_status":"open","ping_status":"closed","template":"","meta":{"_acf_changed":false},"product_brand":[68],"product_cat":[15,18],"product_tag":[],"pro-kategorijos":[54],"class_list":{"0":"post-4168","1":"product","2":"type-product","3":"status-publish","4":"has-post-thumbnail","6":"product_brand-rico-design","7":"product_cat-visi-produktai","8":"product_cat-siulai","9":"pro-kategorijos-alpaka","11":"first","12":"instock","13":"shipping-taxable","14":"purchasable","15":"product-type-variable"},"acf":[],"yoast_head":"<!-- This site is optimized with the Yoast SEO plugin v26.8 - https:\/\/yoast.com\/product\/yoast-seo-wordpress\/ -->\n<title>Rico Design Fashion Alpaca Superfine HEAVENS BIG CLOUD - Happyinaknit.com<\/title>\n<meta name=\"robots\" content=\"index, follow, max-snippet:-1, max-image-preview:large, max-video-preview:-1\" \/>\n<link rel=\"canonical\" href=\"https:\/\/happyinaknit.com\/ru\/product\/rico-design-fashion-alpaca-superfine-heavens-big-cloud\/\" \/>\n<meta property=\"og:locale\" content=\"ru_RU\" \/>\n<meta property=\"og:type\" content=\"article\" \/>\n<meta property=\"og:title\" content=\"Rico Design Fashion Alpaca Superfine HEAVENS BIG CLOUD - Happyinaknit.com\" \/>\n<meta property=\"og:description\" content=\"Fashion Alpaca Superfine Heavens Big Cloud \u2013 tai prabang\u016bs, pur\u016bs ir ypa\u010d lengvi si\u016blai, kuri\u0173 mink\u0161tas ir p\u016bkuotas si\u016blas suteikia mezginiui ne\u012ftik\u0117tin\u0105 apimt\u012f bei \u0161velnum\u0105. D\u0117l ypatingai ilgo metra\u017eo i\u0161 vieno 100 g kamuoliuko galima numegzti apie 40 \u00d7 180 cm gamin\u012f, nenutraukiant spalvinio per\u0117jimo. Subtil\u016bs, modern\u016bs spalv\u0173 per\u0117jimai atrodo itin harmoningai ir stilingai. \u0160ie [&hellip;]\" \/>\n<meta property=\"og:url\" content=\"https:\/\/happyinaknit.com\/ru\/product\/rico-design-fashion-alpaca-superfine-heavens-big-cloud\/\" \/>\n<meta property=\"og:site_name\" content=\"Happyinaknit.com\" \/>\n<meta property=\"article:modified_time\" content=\"2025-11-13T21:39:16+00:00\" \/>\n<meta property=\"og:image\" content=\"https:\/\/happyinaknit.com\/wp-content\/uploads\/2025\/10\/IMG_9025.jpg\" \/>\n\t<meta property=\"og:image:width\" content=\"1320\" \/>\n\t<meta property=\"og:image:height\" content=\"1522\" \/>\n\t<meta property=\"og:image:type\" content=\"image\/jpeg\" \/>\n<meta name=\"twitter:card\" content=\"summary_large_image\" \/>\n<meta name=\"twitter:label1\" content=\"\u041f\u0440\u0438\u043c\u0435\u0440\u043d\u043e\u0435 \u0432\u0440\u0435\u043c\u044f \u0434\u043b\u044f \u0447\u0442\u0435\u043d\u0438\u044f\" \/>\n\t<meta name=\"twitter:data1\" content=\"1 \u043c\u0438\u043d\u0443\u0442\u0430\" \/>\n<script type=\"application\/ld+json\" class=\"yoast-schema-graph\">{\"@context\":\"https:\/\/schema.org\",\"@graph\":[{\"@type\":\"WebPage\",\"@id\":\"https:\/\/happyinaknit.com\/produktas\/rico-design-fashion-alpaca-superfine-heavens-big-cloud\/\",\"url\":\"https:\/\/happyinaknit.com\/produktas\/rico-design-fashion-alpaca-superfine-heavens-big-cloud\/\",\"name\":\"Rico Design Fashion Alpaca Superfine HEAVENS BIG CLOUD - Happyinaknit.com\",\"isPartOf\":{\"@id\":\"https:\/\/happyinaknit.com\/lt\/#website\"},\"primaryImageOfPage\":{\"@id\":\"https:\/\/happyinaknit.com\/produktas\/rico-design-fashion-alpaca-superfine-heavens-big-cloud\/#primaryimage\"},\"image\":{\"@id\":\"https:\/\/happyinaknit.com\/produktas\/rico-design-fashion-alpaca-superfine-heavens-big-cloud\/#primaryimage\"},\"thumbnailUrl\":\"https:\/\/happyinaknit.com\/wp-content\/uploads\/2025\/10\/IMG_9025.jpg\",\"datePublished\":\"2025-10-10T10:46:35+00:00\",\"dateModified\":\"2025-11-13T21:39:16+00:00\",\"breadcrumb\":{\"@id\":\"https:\/\/happyinaknit.com\/produktas\/rico-design-fashion-alpaca-superfine-heavens-big-cloud\/#breadcrumb\"},\"inLanguage\":\"ru-RU\",\"potentialAction\":[{\"@type\":\"ReadAction\",\"target\":[\"https:\/\/happyinaknit.com\/produktas\/rico-design-fashion-alpaca-superfine-heavens-big-cloud\/\"]}]},{\"@type\":\"ImageObject\",\"inLanguage\":\"ru-RU\",\"@id\":\"https:\/\/happyinaknit.com\/produktas\/rico-design-fashion-alpaca-superfine-heavens-big-cloud\/#primaryimage\",\"url\":\"https:\/\/happyinaknit.com\/wp-content\/uploads\/2025\/10\/IMG_9025.jpg\",\"contentUrl\":\"https:\/\/happyinaknit.com\/wp-content\/uploads\/2025\/10\/IMG_9025.jpg\",\"width\":1320,\"height\":1522},{\"@type\":\"BreadcrumbList\",\"@id\":\"https:\/\/happyinaknit.com\/produktas\/rico-design-fashion-alpaca-superfine-heavens-big-cloud\/#breadcrumb\",\"itemListElement\":[{\"@type\":\"ListItem\",\"position\":1,\"name\":\"Home\",\"item\":\"https:\/\/happyinaknit.com\/lt\/\"},{\"@type\":\"ListItem\",\"position\":2,\"name\":\"Parduotuv\u0117\",\"item\":\"https:\/\/happyinaknit.com\/lt\/parduotuve\/\"},{\"@type\":\"ListItem\",\"position\":3,\"name\":\"Rico Design Fashion Alpaca Superfine HEAVENS BIG CLOUD\"}]},{\"@type\":\"WebSite\",\"@id\":\"https:\/\/happyinaknit.com\/lt\/#website\",\"url\":\"https:\/\/happyinaknit.com\/lt\/\",\"name\":\"Happyinaknit.com\",\"description\":\"\",\"potentialAction\":[{\"@type\":\"SearchAction\",\"target\":{\"@type\":\"EntryPoint\",\"urlTemplate\":\"https:\/\/happyinaknit.com\/lt\/?s={search_term_string}\"},\"query-input\":{\"@type\":\"PropertyValueSpecification\",\"valueRequired\":true,\"valueName\":\"search_term_string\"}}],\"inLanguage\":\"ru-RU\"}]}<\/script>\n<!-- \/ Yoast SEO plugin. -->","yoast_head_json":{"title":"Rico Design Fashion Alpaca Superfine HEAVENS BIG CLOUD - Happyinaknit.com","robots":{"index":"index","follow":"follow","max-snippet":"max-snippet:-1","max-image-preview":"max-image-preview:large","max-video-preview":"max-video-preview:-1"},"canonical":"https:\/\/happyinaknit.com\/ru\/product\/rico-design-fashion-alpaca-superfine-heavens-big-cloud\/","og_locale":"ru_RU","og_type":"article","og_title":"Rico Design Fashion Alpaca Superfine HEAVENS BIG CLOUD - Happyinaknit.com","og_description":"Fashion Alpaca Superfine Heavens Big Cloud \u2013 tai prabang\u016bs, pur\u016bs ir ypa\u010d lengvi si\u016blai, kuri\u0173 mink\u0161tas ir p\u016bkuotas si\u016blas suteikia mezginiui ne\u012ftik\u0117tin\u0105 apimt\u012f bei \u0161velnum\u0105. D\u0117l ypatingai ilgo metra\u017eo i\u0161 vieno 100 g kamuoliuko galima numegzti apie 40 \u00d7 180 cm gamin\u012f, nenutraukiant spalvinio per\u0117jimo. Subtil\u016bs, modern\u016bs spalv\u0173 per\u0117jimai atrodo itin harmoningai ir stilingai. \u0160ie [&hellip;]","og_url":"https:\/\/happyinaknit.com\/ru\/product\/rico-design-fashion-alpaca-superfine-heavens-big-cloud\/","og_site_name":"Happyinaknit.com","article_modified_time":"2025-11-13T21:39:16+00:00","og_image":[{"width":1320,"height":1522,"url":"https:\/\/happyinaknit.com\/wp-content\/uploads\/2025\/10\/IMG_9025.jpg","type":"image\/jpeg"}],"twitter_card":"summary_large_image","twitter_misc":{"\u041f\u0440\u0438\u043c\u0435\u0440\u043d\u043e\u0435 \u0432\u0440\u0435\u043c\u044f \u0434\u043b\u044f \u0447\u0442\u0435\u043d\u0438\u044f":"1 \u043c\u0438\u043d\u0443\u0442\u0430"},"schema":{"@context":"https:\/\/schema.org","@graph":[{"@type":"WebPage","@id":"https:\/\/happyinaknit.com\/produktas\/rico-design-fashion-alpaca-superfine-heavens-big-cloud\/","url":"https:\/\/happyinaknit.com\/produktas\/rico-design-fashion-alpaca-superfine-heavens-big-cloud\/","name":"Rico Design Fashion Alpaca Superfine HEAVENS BIG CLOUD - Happyinaknit.com","isPartOf":{"@id":"https:\/\/happyinaknit.com\/lt\/#website"},"primaryImageOfPage":{"@id":"https:\/\/happyinaknit.com\/produktas\/rico-design-fashion-alpaca-superfine-heavens-big-cloud\/#primaryimage"},"image":{"@id":"https:\/\/happyinaknit.com\/produktas\/rico-design-fashion-alpaca-superfine-heavens-big-cloud\/#primaryimage"},"thumbnailUrl":"https:\/\/happyinaknit.com\/wp-content\/uploads\/2025\/10\/IMG_9025.jpg","datePublished":"2025-10-10T10:46:35+00:00","dateModified":"2025-11-13T21:39:16+00:00","breadcrumb":{"@id":"https:\/\/happyinaknit.com\/produktas\/rico-design-fashion-alpaca-superfine-heavens-big-cloud\/#breadcrumb"},"inLanguage":"ru-RU","potentialAction":[{"@type":"ReadAction","target":["https:\/\/happyinaknit.com\/produktas\/rico-design-fashion-alpaca-superfine-heavens-big-cloud\/"]}]},{"@type":"ImageObject","inLanguage":"ru-RU","@id":"https:\/\/happyinaknit.com\/produktas\/rico-design-fashion-alpaca-superfine-heavens-big-cloud\/#primaryimage","url":"https:\/\/happyinaknit.com\/wp-content\/uploads\/2025\/10\/IMG_9025.jpg","contentUrl":"https:\/\/happyinaknit.com\/wp-content\/uploads\/2025\/10\/IMG_9025.jpg","width":1320,"height":1522},{"@type":"BreadcrumbList","@id":"https:\/\/happyinaknit.com\/produktas\/rico-design-fashion-alpaca-superfine-heavens-big-cloud\/#breadcrumb","itemListElement":[{"@type":"ListItem","position":1,"name":"Home","item":"https:\/\/happyinaknit.com\/lt\/"},{"@type":"ListItem","position":2,"name":"Parduotuv\u0117","item":"https:\/\/happyinaknit.com\/lt\/parduotuve\/"},{"@type":"ListItem","position":3,"name":"Rico Design Fashion Alpaca Superfine HEAVENS BIG CLOUD"}]},{"@type":"WebSite","@id":"https:\/\/happyinaknit.com\/lt\/#website","url":"https:\/\/happyinaknit.com\/lt\/","name":"Happyinaknit.com","description":"","potentialAction":[{"@type":"SearchAction","target":{"@type":"EntryPoint","urlTemplate":"https:\/\/happyinaknit.com\/lt\/?s={search_term_string}"},"query-input":{"@type":"PropertyValueSpecification","valueRequired":true,"valueName":"search_term_string"}}],"inLanguage":"ru-RU"}]}},"_links":{"self":[{"href":"https:\/\/happyinaknit.com\/ru\/wp-json\/wp\/v2\/product\/4168","targetHints":{"allow":["GET"]}}],"collection":[{"href":"https:\/\/happyinaknit.com\/ru\/wp-json\/wp\/v2\/product"}],"about":[{"href":"https:\/\/happyinaknit.com\/ru\/wp-json\/wp\/v2\/types\/product"}],"replies":[{"embeddable":true,"href":"https:\/\/happyinaknit.com\/ru\/wp-json\/wp\/v2\/comments?post=4168"}],"wp:featuredmedia":[{"embeddable":true,"href":"https:\/\/happyinaknit.com\/ru\/wp-json\/wp\/v2\/media\/4174"}],"wp:attachment":[{"href":"https:\/\/happyinaknit.com\/ru\/wp-json\/wp\/v2\/media?parent=4168"}],"wp:term":[{"taxonomy":"product_brand","embeddable":true,"href":"https:\/\/happyinaknit.com\/ru\/wp-json\/wp\/v2\/product_brand?post=4168"},{"taxonomy":"product_cat","embeddable":true,"href":"https:\/\/happyinaknit.com\/ru\/wp-json\/wp\/v2\/product_cat?post=4168"},{"taxonomy":"product_tag","embeddable":true,"href":"https:\/\/happyinaknit.com\/ru\/wp-json\/wp\/v2\/product_tag?post=4168"},{"taxonomy":"pro-kategorijos","embeddable":true,"href":"https:\/\/happyinaknit.com\/ru\/wp-json\/wp\/v2\/pro-kategorijos?post=4168"}],"curies":[{"name":"wp","href":"https:\/\/api.w.org\/{rel}","templated":true}]}}