{"id":4090,"date":"2025-10-10T09:22:41","date_gmt":"2025-10-10T09:22:41","guid":{"rendered":"https:\/\/happyinaknit.com\/?post_type=product&#038;p=4090"},"modified":"2026-04-08T15:11:06","modified_gmt":"2026-04-08T15:11:06","slug":"rico-design-fashion-light-luxury","status":"publish","type":"product","link":"https:\/\/happyinaknit.com\/ru\/product\/rico-design-fashion-light-luxury\/","title":{"rendered":"Rico Design Fashion Light Luxury"},"content":{"rendered":"<p data-start=\"0\" data-end=\"268\"><strong data-start=\"0\" data-end=\"24\">Fashion Light Luxury<\/strong> \u2013 \u043d\u0435\u0432\u0435\u0440\u043e\u044f\u0442\u043d\u043e \u043b\u0451\u0433\u043a\u0430\u044f, \u0432\u044b\u0441\u043e\u043a\u043e\u043a\u0430\u0447\u0435\u0441\u0442\u0432\u0435\u043d\u043d\u0430\u044f \u043f\u0440\u044f\u0436\u0430 \u0438\u0437 \u0441\u043c\u0435\u0441\u0438 \u0430\u043b\u044c\u043f\u0430\u043a\u0438 \u0441 \u0440\u043e\u0441\u043a\u043e\u0448\u043d\u043e\u0439 \u0442\u0435\u043a\u0441\u0442\u0443\u0440\u043e\u0439 \u00ab\u0433\u0430\u0440\u0437\u0430\u0442\u043e\u00bb. \u0414\u0430\u0436\u0435 \u0441\u0432\u0438\u0442\u0435\u0440\u0430 \u0438 \u043a\u0430\u0440\u0434\u0438\u0433\u0430\u043d\u044b \u0438\u0437 \u044d\u0442\u043e\u0439 \u043f\u0440\u044f\u0436\u0438 \u043f\u043e\u043b\u0443\u0447\u0430\u044e\u0442\u0441\u044f <strong data-start=\"173\" data-end=\"211\">\u043e\u0447\u0435\u043d\u044c \u043b\u0435\u0433\u043a\u0438\u043c\u0438, \u043f\u0443\u0448\u0438\u0441\u0442\u044b\u043c\u0438 \u0438 \u0442\u0435\u043f\u043b\u044b\u043c\u0438<\/strong>, \u0430 \u0442\u0430\u043a\u0436\u0435 \u0448\u0430\u0440\u0444\u044b \u0438 \u0448\u0430\u043f\u043a\u0438 \u2013 <strong data-start=\"236\" data-end=\"268\" data-is-only-node=\"\">\u043e\u0441\u043e\u0431\u0435\u043d\u043d\u043e \u0443\u044e\u0442\u043d\u044b\u043c\u0438 \u0438 \u044d\u043b\u0435\u0433\u0430\u043d\u0442\u043d\u044b\u043c\u0438.<\/strong><\/p>\n<p data-start=\"270\" data-end=\"645\"><strong data-start=\"270\" data-end=\"282\">\u0421\u043e\u0441\u0442\u0430\u0432:<\/strong> 74 % \u0430\u043b\u044c\u043f\u0430\u043a\u0430, 22 % \u0448\u0435\u0440\u0441\u0442\u044c, 4 % \u043d\u0435\u0439\u043b\u043e\u043d<br data-start=\"321\" data-end=\"324\" \/><strong data-start=\"324\" data-end=\"343\" data-is-only-node=\"\">\u0412\u0435\u0441\/\u0414\u043b\u0438\u043d\u0430:<\/strong> 50 \u0433 \u2013 130 \u043c<br data-start=\"356\" data-end=\"359\" \/><strong data-start=\"359\" data-end=\"372\">\u041f\u043b\u043e\u0442\u043d\u043e\u0441\u0442\u044c:<\/strong> 10 \u00d7 10 \u0441\u043c \u2013 12 \u043f\u0435\u0442\u0435\u043b\u044c \u00d7 18 \u0440\u044f\u0434\u043e\u0432<br data-start=\"404\" data-end=\"407\" \/><strong data-start=\"407\" data-end=\"435\">\u0420\u0435\u043a\u043e\u043c\u0435\u043d\u0434\u0443\u0435\u043c\u044b\u0435 \u0441\u043f\u0438\u0446\u044b:<\/strong> 6,0-7,0 \u043c\u043c<br data-start=\"446\" data-end=\"449\" \/><strong data-start=\"449\" data-end=\"466\">\u0420\u0430\u0441\u0445\u043e\u0434:<\/strong> \u041d\u0430 \u0441\u0432\u0438\u0442\u0435\u0440 \u0440\u0430\u0437\u043c\u0435\u0440\u0430 38\/40 \u043f\u043e\u0442\u0440\u0435\u0431\u0443\u0435\u0442\u0441\u044f \u043e\u043a\u043e\u043b\u043e 250 \u0433.<br data-start=\"508\" data-end=\"511\" \/><strong data-start=\"511\" data-end=\"525\">\u0421\u043e\u0432\u0435\u0442\u044b \u043f\u043e \u0443\u0445\u043e\u0434\u0443:<\/strong> \u0440\u0443\u0447\u043d\u0430\u044f \u0441\u0442\u0438\u0440\u043a\u0430 \u043f\u0440\u0438 \u0442\u0435\u043c\u043f\u0435\u0440\u0430\u0442\u0443\u0440\u0435 \u043d\u0435 \u0432\u044b\u0448\u0435 30 \u00b0\u0421, \u0441\u0443\u0448\u0438\u0442\u044c \u043d\u0430 \u0433\u043e\u0440\u0438\u0437\u043e\u043d\u0442\u0430\u043b\u044c\u043d\u043e\u0439 \u043f\u043e\u0432\u0435\u0440\u0445\u043d\u043e\u0441\u0442\u0438<br data-start=\"615\" data-end=\"618\" \/><strong data-start=\"618\" data-end=\"628\">\u0418\u0441\u0442\u043e\u0447\u043d\u0438\u043a:<\/strong> \u0441\u0434\u0435\u043b\u0430\u043d\u043e \u0432 \u041f\u0435\u0440\u0443<\/p>\n<p data-start=\"647\" data-end=\"735\" data-is-last-node=\"\" data-is-only-node=\"\"><strong data-start=\"647\" data-end=\"659\">\u041f\u0440\u0438\u043c\u0435\u0447\u0430\u043d\u0438\u0435:<\/strong> \u0426\u0432\u0435\u0442\u043e\u0432\u044b\u0435 \u043e\u0442\u0442\u0435\u043d\u043a\u0438 \u043c\u043e\u0433\u0443\u0442 \u043d\u0435\u0437\u043d\u0430\u0447\u0438\u0442\u0435\u043b\u044c\u043d\u043e \u043e\u0442\u043b\u0438\u0447\u0430\u0442\u044c\u0441\u044f \u0432 \u0437\u0430\u0432\u0438\u0441\u0438\u043c\u043e\u0441\u0442\u0438 \u043e\u0442 \u044d\u043a\u0440\u0430\u043d\u0430 \u0432\u0430\u0448\u0435\u0433\u043e \u0443\u0441\u0442\u0440\u043e\u0439\u0441\u0442\u0432\u0430.<\/p>","protected":false},"excerpt":{"rendered":"<p>Fashion Light Luxury \u2013 itin lengvi, auk\u0161tos kokyb\u0117s si\u016blai i\u0161 alpakos mi\u0161inio, pasi\u017eymintys prabangia \u201egarzato\u201c tekst\u016bra. Net ir megztiniai ar paltai i\u0161 \u0161i\u0173 si\u016bl\u0173 tampa nepaprastai lengvi, pur\u016bs ir \u0161ilti, o \u0161alikai ir kepur\u0117s \u2013 ypa\u010d jauk\u016bs bei eleganti\u0161ki. Sud\u0117tis: 74 % alpakos, 22 % vilna, 4 % nailonasSvoris \/ ilgis: 50 g \u2013 130 [&hellip;]<\/p>\n","protected":false},"featured_media":4117,"comment_status":"open","ping_status":"closed","template":"","meta":{"_acf_changed":false},"product_brand":[68],"product_cat":[15,18],"product_tag":[],"pro-kategorijos":[54,56],"class_list":{"0":"post-4090","1":"product","2":"type-product","3":"status-publish","4":"has-post-thumbnail","6":"product_brand-rico-design","7":"product_cat-visi-produktai","8":"product_cat-siulai","9":"pro-kategorijos-alpaka","10":"pro-kategorijos-vilna","12":"first","13":"instock","14":"shipping-taxable","15":"purchasable","16":"product-type-variable"},"acf":[],"yoast_head":"<!-- This site is optimized with the Yoast SEO plugin v26.8 - https:\/\/yoast.com\/product\/yoast-seo-wordpress\/ -->\n<title>Rico Design Fashion Light Luxury - Happyinaknit.com<\/title>\n<meta name=\"robots\" content=\"index, follow, max-snippet:-1, max-image-preview:large, max-video-preview:-1\" \/>\n<link rel=\"canonical\" href=\"https:\/\/happyinaknit.com\/ru\/product\/rico-design-fashion-light-luxury\/\" \/>\n<meta property=\"og:locale\" content=\"ru_RU\" \/>\n<meta property=\"og:type\" content=\"article\" \/>\n<meta property=\"og:title\" content=\"Rico Design Fashion Light Luxury - Happyinaknit.com\" \/>\n<meta property=\"og:description\" content=\"Fashion Light Luxury \u2013 itin lengvi, auk\u0161tos kokyb\u0117s si\u016blai i\u0161 alpakos mi\u0161inio, pasi\u017eymintys prabangia \u201egarzato\u201c tekst\u016bra. Net ir megztiniai ar paltai i\u0161 \u0161i\u0173 si\u016bl\u0173 tampa nepaprastai lengvi, pur\u016bs ir \u0161ilti, o \u0161alikai ir kepur\u0117s \u2013 ypa\u010d jauk\u016bs bei eleganti\u0161ki. Sud\u0117tis: 74 % alpakos, 22 % vilna, 4 % nailonasSvoris \/ ilgis: 50 g \u2013 130 [&hellip;]\" \/>\n<meta property=\"og:url\" content=\"https:\/\/happyinaknit.com\/ru\/product\/rico-design-fashion-light-luxury\/\" \/>\n<meta property=\"og:site_name\" content=\"Happyinaknit.com\" \/>\n<meta property=\"article:modified_time\" content=\"2026-04-08T15:11:06+00:00\" \/>\n<meta property=\"og:image\" content=\"https:\/\/happyinaknit.com\/wp-content\/uploads\/2025\/10\/IMG_9013.jpg\" \/>\n\t<meta property=\"og:image:width\" content=\"1320\" \/>\n\t<meta property=\"og:image:height\" content=\"1301\" \/>\n\t<meta property=\"og:image:type\" content=\"image\/jpeg\" \/>\n<meta name=\"twitter:card\" content=\"summary_large_image\" \/>\n<script type=\"application\/ld+json\" class=\"yoast-schema-graph\">{\"@context\":\"https:\/\/schema.org\",\"@graph\":[{\"@type\":\"WebPage\",\"@id\":\"https:\/\/happyinaknit.com\/produktas\/rico-design-fashion-light-luxury\/\",\"url\":\"https:\/\/happyinaknit.com\/produktas\/rico-design-fashion-light-luxury\/\",\"name\":\"Rico Design Fashion Light Luxury - Happyinaknit.com\",\"isPartOf\":{\"@id\":\"https:\/\/happyinaknit.com\/lt\/#website\"},\"primaryImageOfPage\":{\"@id\":\"https:\/\/happyinaknit.com\/produktas\/rico-design-fashion-light-luxury\/#primaryimage\"},\"image\":{\"@id\":\"https:\/\/happyinaknit.com\/produktas\/rico-design-fashion-light-luxury\/#primaryimage\"},\"thumbnailUrl\":\"https:\/\/happyinaknit.com\/wp-content\/uploads\/2025\/10\/IMG_9013.jpg\",\"datePublished\":\"2025-10-10T09:22:41+00:00\",\"dateModified\":\"2026-04-08T15:11:06+00:00\",\"breadcrumb\":{\"@id\":\"https:\/\/happyinaknit.com\/produktas\/rico-design-fashion-light-luxury\/#breadcrumb\"},\"inLanguage\":\"ru-RU\",\"potentialAction\":[{\"@type\":\"ReadAction\",\"target\":[\"https:\/\/happyinaknit.com\/produktas\/rico-design-fashion-light-luxury\/\"]}]},{\"@type\":\"ImageObject\",\"inLanguage\":\"ru-RU\",\"@id\":\"https:\/\/happyinaknit.com\/produktas\/rico-design-fashion-light-luxury\/#primaryimage\",\"url\":\"https:\/\/happyinaknit.com\/wp-content\/uploads\/2025\/10\/IMG_9013.jpg\",\"contentUrl\":\"https:\/\/happyinaknit.com\/wp-content\/uploads\/2025\/10\/IMG_9013.jpg\",\"width\":1320,\"height\":1301},{\"@type\":\"BreadcrumbList\",\"@id\":\"https:\/\/happyinaknit.com\/produktas\/rico-design-fashion-light-luxury\/#breadcrumb\",\"itemListElement\":[{\"@type\":\"ListItem\",\"position\":1,\"name\":\"Home\",\"item\":\"https:\/\/happyinaknit.com\/lt\/\"},{\"@type\":\"ListItem\",\"position\":2,\"name\":\"Parduotuv\u0117\",\"item\":\"https:\/\/happyinaknit.com\/lt\/parduotuve\/\"},{\"@type\":\"ListItem\",\"position\":3,\"name\":\"Rico Design Fashion Light Luxury\"}]},{\"@type\":\"WebSite\",\"@id\":\"https:\/\/happyinaknit.com\/lt\/#website\",\"url\":\"https:\/\/happyinaknit.com\/lt\/\",\"name\":\"Happyinaknit.com\",\"description\":\"\",\"potentialAction\":[{\"@type\":\"SearchAction\",\"target\":{\"@type\":\"EntryPoint\",\"urlTemplate\":\"https:\/\/happyinaknit.com\/lt\/?s={search_term_string}\"},\"query-input\":{\"@type\":\"PropertyValueSpecification\",\"valueRequired\":true,\"valueName\":\"search_term_string\"}}],\"inLanguage\":\"ru-RU\"}]}<\/script>\n<!-- \/ Yoast SEO plugin. -->","yoast_head_json":{"title":"Rico Design Fashion Light Luxury - Happyinaknit.com","robots":{"index":"index","follow":"follow","max-snippet":"max-snippet:-1","max-image-preview":"max-image-preview:large","max-video-preview":"max-video-preview:-1"},"canonical":"https:\/\/happyinaknit.com\/ru\/product\/rico-design-fashion-light-luxury\/","og_locale":"ru_RU","og_type":"article","og_title":"Rico Design Fashion Light Luxury - Happyinaknit.com","og_description":"Fashion Light Luxury \u2013 itin lengvi, auk\u0161tos kokyb\u0117s si\u016blai i\u0161 alpakos mi\u0161inio, pasi\u017eymintys prabangia \u201egarzato\u201c tekst\u016bra. Net ir megztiniai ar paltai i\u0161 \u0161i\u0173 si\u016bl\u0173 tampa nepaprastai lengvi, pur\u016bs ir \u0161ilti, o \u0161alikai ir kepur\u0117s \u2013 ypa\u010d jauk\u016bs bei eleganti\u0161ki. Sud\u0117tis: 74 % alpakos, 22 % vilna, 4 % nailonasSvoris \/ ilgis: 50 g \u2013 130 [&hellip;]","og_url":"https:\/\/happyinaknit.com\/ru\/product\/rico-design-fashion-light-luxury\/","og_site_name":"Happyinaknit.com","article_modified_time":"2026-04-08T15:11:06+00:00","og_image":[{"width":1320,"height":1301,"url":"https:\/\/happyinaknit.com\/wp-content\/uploads\/2025\/10\/IMG_9013.jpg","type":"image\/jpeg"}],"twitter_card":"summary_large_image","schema":{"@context":"https:\/\/schema.org","@graph":[{"@type":"WebPage","@id":"https:\/\/happyinaknit.com\/produktas\/rico-design-fashion-light-luxury\/","url":"https:\/\/happyinaknit.com\/produktas\/rico-design-fashion-light-luxury\/","name":"Rico Design Fashion Light Luxury - Happyinaknit.com","isPartOf":{"@id":"https:\/\/happyinaknit.com\/lt\/#website"},"primaryImageOfPage":{"@id":"https:\/\/happyinaknit.com\/produktas\/rico-design-fashion-light-luxury\/#primaryimage"},"image":{"@id":"https:\/\/happyinaknit.com\/produktas\/rico-design-fashion-light-luxury\/#primaryimage"},"thumbnailUrl":"https:\/\/happyinaknit.com\/wp-content\/uploads\/2025\/10\/IMG_9013.jpg","datePublished":"2025-10-10T09:22:41+00:00","dateModified":"2026-04-08T15:11:06+00:00","breadcrumb":{"@id":"https:\/\/happyinaknit.com\/produktas\/rico-design-fashion-light-luxury\/#breadcrumb"},"inLanguage":"ru-RU","potentialAction":[{"@type":"ReadAction","target":["https:\/\/happyinaknit.com\/produktas\/rico-design-fashion-light-luxury\/"]}]},{"@type":"ImageObject","inLanguage":"ru-RU","@id":"https:\/\/happyinaknit.com\/produktas\/rico-design-fashion-light-luxury\/#primaryimage","url":"https:\/\/happyinaknit.com\/wp-content\/uploads\/2025\/10\/IMG_9013.jpg","contentUrl":"https:\/\/happyinaknit.com\/wp-content\/uploads\/2025\/10\/IMG_9013.jpg","width":1320,"height":1301},{"@type":"BreadcrumbList","@id":"https:\/\/happyinaknit.com\/produktas\/rico-design-fashion-light-luxury\/#breadcrumb","itemListElement":[{"@type":"ListItem","position":1,"name":"Home","item":"https:\/\/happyinaknit.com\/lt\/"},{"@type":"ListItem","position":2,"name":"Parduotuv\u0117","item":"https:\/\/happyinaknit.com\/lt\/parduotuve\/"},{"@type":"ListItem","position":3,"name":"Rico Design Fashion Light Luxury"}]},{"@type":"WebSite","@id":"https:\/\/happyinaknit.com\/lt\/#website","url":"https:\/\/happyinaknit.com\/lt\/","name":"Happyinaknit.com","description":"","potentialAction":[{"@type":"SearchAction","target":{"@type":"EntryPoint","urlTemplate":"https:\/\/happyinaknit.com\/lt\/?s={search_term_string}"},"query-input":{"@type":"PropertyValueSpecification","valueRequired":true,"valueName":"search_term_string"}}],"inLanguage":"ru-RU"}]}},"_links":{"self":[{"href":"https:\/\/happyinaknit.com\/ru\/wp-json\/wp\/v2\/product\/4090","targetHints":{"allow":["GET"]}}],"collection":[{"href":"https:\/\/happyinaknit.com\/ru\/wp-json\/wp\/v2\/product"}],"about":[{"href":"https:\/\/happyinaknit.com\/ru\/wp-json\/wp\/v2\/types\/product"}],"replies":[{"embeddable":true,"href":"https:\/\/happyinaknit.com\/ru\/wp-json\/wp\/v2\/comments?post=4090"}],"wp:featuredmedia":[{"embeddable":true,"href":"https:\/\/happyinaknit.com\/ru\/wp-json\/wp\/v2\/media\/4117"}],"wp:attachment":[{"href":"https:\/\/happyinaknit.com\/ru\/wp-json\/wp\/v2\/media?parent=4090"}],"wp:term":[{"taxonomy":"product_brand","embeddable":true,"href":"https:\/\/happyinaknit.com\/ru\/wp-json\/wp\/v2\/product_brand?post=4090"},{"taxonomy":"product_cat","embeddable":true,"href":"https:\/\/happyinaknit.com\/ru\/wp-json\/wp\/v2\/product_cat?post=4090"},{"taxonomy":"product_tag","embeddable":true,"href":"https:\/\/happyinaknit.com\/ru\/wp-json\/wp\/v2\/product_tag?post=4090"},{"taxonomy":"pro-kategorijos","embeddable":true,"href":"https:\/\/happyinaknit.com\/ru\/wp-json\/wp\/v2\/pro-kategorijos?post=4090"}],"curies":[{"name":"wp","href":"https:\/\/api.w.org\/{rel}","templated":true}]}}