{"id":4016,"date":"2025-10-09T22:46:58","date_gmt":"2025-10-09T22:46:58","guid":{"rendered":"https:\/\/happyinaknit.com\/?post_type=product&#038;p=4016"},"modified":"2026-04-07T15:00:21","modified_gmt":"2026-04-07T15:00:21","slug":"rico-design-creative-make-it-blumchen","status":"publish","type":"product","link":"https:\/\/happyinaknit.com\/ru\/product\/rico-design-creative-make-it-blumchen\/","title":{"rendered":"Rico Design creative MAKE IT BL\u00dcMCHEN"},"content":{"rendered":"<p data-start=\"0\" data-end=\"335\"><strong data-start=\"0\" data-end=\"29\">Creative Make It Bl\u00fcmchen<\/strong> \u2013 \u043c\u0435\u0440\u0446\u0430\u044e\u0449\u0430\u044f \u043f\u0440\u044f\u0436\u0430 \u0441 \u043d\u0435\u0436\u043d\u044b\u043c\u0438 \u043f\u0430\u0439\u0435\u0442\u043a\u0430\u043c\u0438 \u0432 \u0444\u043e\u0440\u043c\u0435 \u0446\u0432\u0435\u0442\u043e\u0447\u043a\u043e\u0432. \u041c\u0435\u043b\u043a\u0438\u0435 \u0446\u0432\u0435\u0442\u043e\u0447\u043a\u0438 \u0433\u0430\u0440\u043c\u043e\u043d\u0438\u0447\u043d\u043e \u0432\u043f\u043b\u0435\u0442\u0435\u043d\u044b \u0432 \u043e\u0441\u043d\u043e\u0432\u043d\u0443\u044e \u043d\u0438\u0442\u044c, \u0438\u0437\u0433\u043e\u0442\u043e\u0432\u043b\u0435\u043d\u043d\u0443\u044e \u0438\u0437 100 %, \u043b\u0438\u043e\u0446\u0435\u043b\u043b\u0430  \u0438 \u0438\u0434\u0435\u0430\u043b\u044c\u043d\u043e \u0441\u043e\u0447\u0435\u0442\u0430\u044e\u0442\u0441\u044f \u0441 \u043d\u0435\u0439 \u043f\u043e \u0446\u0432\u0435\u0442\u0443. \u041f\u0440\u0438 \u0432\u044f\u0437\u0430\u043d\u0438\u0438 \u043f\u0440\u044f\u0436\u0430 \u043b\u0435\u0433\u043a\u043e \u0432\u044f\u0436\u0435\u0442\u0441\u044f \u0432\u043c\u0435\u0441\u0442\u0435 \u0441 \u043e\u0441\u043d\u043e\u0432\u043d\u044b\u043c\u0438 \u043d\u0438\u0442\u044f\u043c\u0438, \u0447\u0442\u043e \u043f\u0440\u0438\u0434\u0430\u0451\u0442 \u0438\u0437\u0434\u0435\u043b\u0438\u044e \u043d\u0435\u043f\u043e\u0432\u0442\u043e\u0440\u0438\u043c\u044b\u0439 \u0438 \u0438\u0433\u0440\u0438\u0432\u044b\u0439 \u0432\u0438\u0434.<\/p>\n<p data-start=\"337\" data-end=\"468\"><strong data-start=\"337\" data-end=\"349\">\u0421\u043e\u0441\u0442\u0430\u0432:<\/strong> 100 % \u043b\u0438\u043e\u0446\u0435\u043b\u043b (\u043f\u0430\u0439\u0435\u0442\u043a\u0438 \u2013 100 % \u043f\u043e\u043b\u0438\u044d\u0441\u0442\u0435\u0440)<br data-start=\"397\" data-end=\"400\" \/><strong data-start=\"400\" data-end=\"419\" data-is-only-node=\"\">\u0412\u0435\u0441\/\u0414\u043b\u0438\u043d\u0430:<\/strong> 25 \u0433 \u2013 375 \u043c<br data-start=\"432\" data-end=\"435\" \/><strong data-start=\"435\" data-end=\"449\">\u0421\u043e\u0432\u0435\u0442\u044b \u043f\u043e \u0443\u0445\u043e\u0434\u0443:<\/strong> \u0441\u0442\u0438\u0440\u0430\u0442\u044c \u0432\u0440\u0443\u0447\u043d\u0443\u044e<\/p>\n<p data-start=\"470\" data-end=\"558\" data-is-last-node=\"\" data-is-only-node=\"\"><strong data-start=\"470\" data-end=\"482\">\u041f\u0440\u0438\u043c\u0435\u0447\u0430\u043d\u0438\u0435:<\/strong> \u0426\u0432\u0435\u0442\u043e\u0432\u044b\u0435 \u043e\u0442\u0442\u0435\u043d\u043a\u0438 \u043c\u043e\u0433\u0443\u0442 \u043d\u0435\u0437\u043d\u0430\u0447\u0438\u0442\u0435\u043b\u044c\u043d\u043e \u043e\u0442\u043b\u0438\u0447\u0430\u0442\u044c\u0441\u044f \u0432 \u0437\u0430\u0432\u0438\u0441\u0438\u043c\u043e\u0441\u0442\u0438 \u043e\u0442 \u044d\u043a\u0440\u0430\u043d\u0430 \u0432\u0430\u0448\u0435\u0433\u043e \u0443\u0441\u0442\u0440\u043e\u0439\u0441\u0442\u0432\u0430.<\/p>","protected":false},"excerpt":{"rendered":"<p>Creative Make It Bl\u00fcmchen \u2013 tai spindintys si\u016blai su subtiliomis g\u0117li\u0173 formos blizgu\u010diais. Ma\u017eyt\u0117s g\u0117lyt\u0117s harmoningai \u012faustos \u012f pagrindin\u012f si\u016bl\u0105, pagamint\u0105 i\u0161 100 % liocelio, ir tobulai dera spalvi\u0161kai. Mezgant si\u016blas papras\u010diausiai vedamas kartu su pagrindiniais si\u016blais, suteikdamas mezginiui i\u0161skirtin\u012f bei \u017eaisming\u0105 \u012fvaizd\u012f. Sud\u0117tis: 100 % liocelis (blizgu\u010diai \u2013 100 % poliesteris)Svoris \/ ilgis: 25 [&hellip;]<\/p>\n","protected":false},"featured_media":4029,"comment_status":"open","ping_status":"closed","template":"","meta":{"_acf_changed":false},"product_brand":[68],"product_cat":[15,18,323],"product_tag":[],"pro-kategorijos":[81],"class_list":{"0":"post-4016","1":"product","2":"type-product","3":"status-publish","4":"has-post-thumbnail","6":"product_brand-rico-design","7":"product_cat-visi-produktai","8":"product_cat-siulai","9":"product_cat-siulai-su-lureksu-ir-zvyneliais","10":"pro-kategorijos-poliamidas-zvyneliai","12":"first","13":"instock","14":"shipping-taxable","15":"purchasable","16":"product-type-variable"},"acf":[],"yoast_head":"<!-- This site is optimized with the Yoast SEO plugin v26.8 - https:\/\/yoast.com\/product\/yoast-seo-wordpress\/ -->\n<title>Rico Design creative MAKE IT BL\u00dcMCHEN - Happyinaknit.com<\/title>\n<meta name=\"robots\" content=\"index, follow, max-snippet:-1, max-image-preview:large, max-video-preview:-1\" \/>\n<link rel=\"canonical\" href=\"https:\/\/happyinaknit.com\/ru\/product\/rico-design-creative-make-it-blumchen\/\" \/>\n<meta property=\"og:locale\" content=\"ru_RU\" \/>\n<meta property=\"og:type\" content=\"article\" \/>\n<meta property=\"og:title\" content=\"Rico Design creative MAKE IT BL\u00dcMCHEN - Happyinaknit.com\" \/>\n<meta property=\"og:description\" content=\"Creative Make It Bl\u00fcmchen \u2013 tai spindintys si\u016blai su subtiliomis g\u0117li\u0173 formos blizgu\u010diais. Ma\u017eyt\u0117s g\u0117lyt\u0117s harmoningai \u012faustos \u012f pagrindin\u012f si\u016bl\u0105, pagamint\u0105 i\u0161 100 % liocelio, ir tobulai dera spalvi\u0161kai. Mezgant si\u016blas papras\u010diausiai vedamas kartu su pagrindiniais si\u016blais, suteikdamas mezginiui i\u0161skirtin\u012f bei \u017eaisming\u0105 \u012fvaizd\u012f. Sud\u0117tis: 100 % liocelis (blizgu\u010diai \u2013 100 % poliesteris)Svoris \/ ilgis: 25 [&hellip;]\" \/>\n<meta property=\"og:url\" content=\"https:\/\/happyinaknit.com\/ru\/product\/rico-design-creative-make-it-blumchen\/\" \/>\n<meta property=\"og:site_name\" content=\"Happyinaknit.com\" \/>\n<meta property=\"article:modified_time\" content=\"2026-04-07T15:00:21+00:00\" \/>\n<meta property=\"og:image\" content=\"https:\/\/happyinaknit.com\/wp-content\/uploads\/2025\/10\/IMG_8928.jpg\" \/>\n\t<meta property=\"og:image:width\" content=\"1320\" \/>\n\t<meta property=\"og:image:height\" content=\"1472\" \/>\n\t<meta property=\"og:image:type\" content=\"image\/jpeg\" \/>\n<meta name=\"twitter:card\" content=\"summary_large_image\" \/>\n<meta name=\"twitter:label1\" content=\"\u041f\u0440\u0438\u043c\u0435\u0440\u043d\u043e\u0435 \u0432\u0440\u0435\u043c\u044f \u0434\u043b\u044f \u0447\u0442\u0435\u043d\u0438\u044f\" \/>\n\t<meta name=\"twitter:data1\" content=\"1 \u043c\u0438\u043d\u0443\u0442\u0430\" \/>\n<script type=\"application\/ld+json\" class=\"yoast-schema-graph\">{\"@context\":\"https:\/\/schema.org\",\"@graph\":[{\"@type\":\"WebPage\",\"@id\":\"https:\/\/happyinaknit.com\/produktas\/rico-design-creative-make-it-blumchen\/\",\"url\":\"https:\/\/happyinaknit.com\/produktas\/rico-design-creative-make-it-blumchen\/\",\"name\":\"Rico Design creative MAKE IT BL\u00dcMCHEN - Happyinaknit.com\",\"isPartOf\":{\"@id\":\"https:\/\/happyinaknit.com\/lt\/#website\"},\"primaryImageOfPage\":{\"@id\":\"https:\/\/happyinaknit.com\/produktas\/rico-design-creative-make-it-blumchen\/#primaryimage\"},\"image\":{\"@id\":\"https:\/\/happyinaknit.com\/produktas\/rico-design-creative-make-it-blumchen\/#primaryimage\"},\"thumbnailUrl\":\"https:\/\/happyinaknit.com\/wp-content\/uploads\/2025\/10\/IMG_8928.jpg\",\"datePublished\":\"2025-10-09T22:46:58+00:00\",\"dateModified\":\"2026-04-07T15:00:21+00:00\",\"breadcrumb\":{\"@id\":\"https:\/\/happyinaknit.com\/produktas\/rico-design-creative-make-it-blumchen\/#breadcrumb\"},\"inLanguage\":\"ru-RU\",\"potentialAction\":[{\"@type\":\"ReadAction\",\"target\":[\"https:\/\/happyinaknit.com\/produktas\/rico-design-creative-make-it-blumchen\/\"]}]},{\"@type\":\"ImageObject\",\"inLanguage\":\"ru-RU\",\"@id\":\"https:\/\/happyinaknit.com\/produktas\/rico-design-creative-make-it-blumchen\/#primaryimage\",\"url\":\"https:\/\/happyinaknit.com\/wp-content\/uploads\/2025\/10\/IMG_8928.jpg\",\"contentUrl\":\"https:\/\/happyinaknit.com\/wp-content\/uploads\/2025\/10\/IMG_8928.jpg\",\"width\":1320,\"height\":1472},{\"@type\":\"BreadcrumbList\",\"@id\":\"https:\/\/happyinaknit.com\/produktas\/rico-design-creative-make-it-blumchen\/#breadcrumb\",\"itemListElement\":[{\"@type\":\"ListItem\",\"position\":1,\"name\":\"Home\",\"item\":\"https:\/\/happyinaknit.com\/lt\/\"},{\"@type\":\"ListItem\",\"position\":2,\"name\":\"Parduotuv\u0117\",\"item\":\"https:\/\/happyinaknit.com\/lt\/parduotuve\/\"},{\"@type\":\"ListItem\",\"position\":3,\"name\":\"Rico Design creative MAKE IT BL\u00dcMCHEN\"}]},{\"@type\":\"WebSite\",\"@id\":\"https:\/\/happyinaknit.com\/lt\/#website\",\"url\":\"https:\/\/happyinaknit.com\/lt\/\",\"name\":\"Happyinaknit.com\",\"description\":\"\",\"potentialAction\":[{\"@type\":\"SearchAction\",\"target\":{\"@type\":\"EntryPoint\",\"urlTemplate\":\"https:\/\/happyinaknit.com\/lt\/?s={search_term_string}\"},\"query-input\":{\"@type\":\"PropertyValueSpecification\",\"valueRequired\":true,\"valueName\":\"search_term_string\"}}],\"inLanguage\":\"ru-RU\"}]}<\/script>\n<!-- \/ Yoast SEO plugin. -->","yoast_head_json":{"title":"Rico Design creative MAKE IT BL\u00dcMCHEN - Happyinaknit.com","robots":{"index":"index","follow":"follow","max-snippet":"max-snippet:-1","max-image-preview":"max-image-preview:large","max-video-preview":"max-video-preview:-1"},"canonical":"https:\/\/happyinaknit.com\/ru\/product\/rico-design-creative-make-it-blumchen\/","og_locale":"ru_RU","og_type":"article","og_title":"Rico Design creative MAKE IT BL\u00dcMCHEN - Happyinaknit.com","og_description":"Creative Make It Bl\u00fcmchen \u2013 tai spindintys si\u016blai su subtiliomis g\u0117li\u0173 formos blizgu\u010diais. Ma\u017eyt\u0117s g\u0117lyt\u0117s harmoningai \u012faustos \u012f pagrindin\u012f si\u016bl\u0105, pagamint\u0105 i\u0161 100 % liocelio, ir tobulai dera spalvi\u0161kai. Mezgant si\u016blas papras\u010diausiai vedamas kartu su pagrindiniais si\u016blais, suteikdamas mezginiui i\u0161skirtin\u012f bei \u017eaisming\u0105 \u012fvaizd\u012f. Sud\u0117tis: 100 % liocelis (blizgu\u010diai \u2013 100 % poliesteris)Svoris \/ ilgis: 25 [&hellip;]","og_url":"https:\/\/happyinaknit.com\/ru\/product\/rico-design-creative-make-it-blumchen\/","og_site_name":"Happyinaknit.com","article_modified_time":"2026-04-07T15:00:21+00:00","og_image":[{"width":1320,"height":1472,"url":"https:\/\/happyinaknit.com\/wp-content\/uploads\/2025\/10\/IMG_8928.jpg","type":"image\/jpeg"}],"twitter_card":"summary_large_image","twitter_misc":{"\u041f\u0440\u0438\u043c\u0435\u0440\u043d\u043e\u0435 \u0432\u0440\u0435\u043c\u044f \u0434\u043b\u044f \u0447\u0442\u0435\u043d\u0438\u044f":"1 \u043c\u0438\u043d\u0443\u0442\u0430"},"schema":{"@context":"https:\/\/schema.org","@graph":[{"@type":"WebPage","@id":"https:\/\/happyinaknit.com\/produktas\/rico-design-creative-make-it-blumchen\/","url":"https:\/\/happyinaknit.com\/produktas\/rico-design-creative-make-it-blumchen\/","name":"Rico Design creative MAKE IT BL\u00dcMCHEN - Happyinaknit.com","isPartOf":{"@id":"https:\/\/happyinaknit.com\/lt\/#website"},"primaryImageOfPage":{"@id":"https:\/\/happyinaknit.com\/produktas\/rico-design-creative-make-it-blumchen\/#primaryimage"},"image":{"@id":"https:\/\/happyinaknit.com\/produktas\/rico-design-creative-make-it-blumchen\/#primaryimage"},"thumbnailUrl":"https:\/\/happyinaknit.com\/wp-content\/uploads\/2025\/10\/IMG_8928.jpg","datePublished":"2025-10-09T22:46:58+00:00","dateModified":"2026-04-07T15:00:21+00:00","breadcrumb":{"@id":"https:\/\/happyinaknit.com\/produktas\/rico-design-creative-make-it-blumchen\/#breadcrumb"},"inLanguage":"ru-RU","potentialAction":[{"@type":"ReadAction","target":["https:\/\/happyinaknit.com\/produktas\/rico-design-creative-make-it-blumchen\/"]}]},{"@type":"ImageObject","inLanguage":"ru-RU","@id":"https:\/\/happyinaknit.com\/produktas\/rico-design-creative-make-it-blumchen\/#primaryimage","url":"https:\/\/happyinaknit.com\/wp-content\/uploads\/2025\/10\/IMG_8928.jpg","contentUrl":"https:\/\/happyinaknit.com\/wp-content\/uploads\/2025\/10\/IMG_8928.jpg","width":1320,"height":1472},{"@type":"BreadcrumbList","@id":"https:\/\/happyinaknit.com\/produktas\/rico-design-creative-make-it-blumchen\/#breadcrumb","itemListElement":[{"@type":"ListItem","position":1,"name":"Home","item":"https:\/\/happyinaknit.com\/lt\/"},{"@type":"ListItem","position":2,"name":"Parduotuv\u0117","item":"https:\/\/happyinaknit.com\/lt\/parduotuve\/"},{"@type":"ListItem","position":3,"name":"Rico Design creative MAKE IT BL\u00dcMCHEN"}]},{"@type":"WebSite","@id":"https:\/\/happyinaknit.com\/lt\/#website","url":"https:\/\/happyinaknit.com\/lt\/","name":"Happyinaknit.com","description":"","potentialAction":[{"@type":"SearchAction","target":{"@type":"EntryPoint","urlTemplate":"https:\/\/happyinaknit.com\/lt\/?s={search_term_string}"},"query-input":{"@type":"PropertyValueSpecification","valueRequired":true,"valueName":"search_term_string"}}],"inLanguage":"ru-RU"}]}},"_links":{"self":[{"href":"https:\/\/happyinaknit.com\/ru\/wp-json\/wp\/v2\/product\/4016","targetHints":{"allow":["GET"]}}],"collection":[{"href":"https:\/\/happyinaknit.com\/ru\/wp-json\/wp\/v2\/product"}],"about":[{"href":"https:\/\/happyinaknit.com\/ru\/wp-json\/wp\/v2\/types\/product"}],"replies":[{"embeddable":true,"href":"https:\/\/happyinaknit.com\/ru\/wp-json\/wp\/v2\/comments?post=4016"}],"wp:featuredmedia":[{"embeddable":true,"href":"https:\/\/happyinaknit.com\/ru\/wp-json\/wp\/v2\/media\/4029"}],"wp:attachment":[{"href":"https:\/\/happyinaknit.com\/ru\/wp-json\/wp\/v2\/media?parent=4016"}],"wp:term":[{"taxonomy":"product_brand","embeddable":true,"href":"https:\/\/happyinaknit.com\/ru\/wp-json\/wp\/v2\/product_brand?post=4016"},{"taxonomy":"product_cat","embeddable":true,"href":"https:\/\/happyinaknit.com\/ru\/wp-json\/wp\/v2\/product_cat?post=4016"},{"taxonomy":"product_tag","embeddable":true,"href":"https:\/\/happyinaknit.com\/ru\/wp-json\/wp\/v2\/product_tag?post=4016"},{"taxonomy":"pro-kategorijos","embeddable":true,"href":"https:\/\/happyinaknit.com\/ru\/wp-json\/wp\/v2\/pro-kategorijos?post=4016"}],"curies":[{"name":"wp","href":"https:\/\/api.w.org\/{rel}","templated":true}]}}