{"id":4009,"date":"2025-10-09T13:05:45","date_gmt":"2025-10-09T13:05:45","guid":{"rendered":"https:\/\/happyinaknit.com\/?post_type=product&#038;p=4009"},"modified":"2026-02-04T09:50:35","modified_gmt":"2026-02-04T09:50:35","slug":"concept-by-katia-symmetric-socks-more-illusion","status":"publish","type":"product","link":"https:\/\/happyinaknit.com\/ru\/product\/concept-by-katia-symmetric-socks-more-illusion\/","title":{"rendered":"Concept by Katia SYMMETRIC SOCKS &amp; MORE \u2013 ILLUSION"},"content":{"rendered":"<p data-start=\"83\" data-end=\"479\"><strong data-start=\"83\" data-end=\"126\">Concept Illusion \u00a0Symmetric Socks &amp; More<\/strong> - \u044d\u0442\u043e \u0438\u043d\u043d\u043e\u0432\u0430\u0446\u0438\u043e\u043d\u043d\u0430\u044f 4-\u0441\u043b\u043e\u0439\u043d\u0430\u044f \u043f\u0440\u044f\u0436\u0430 \u0441 \u0438\u0434\u0435\u0430\u043b\u044c\u043d\u043e \u043f\u043e\u0432\u0442\u043e\u0440\u044f\u044e\u0449\u0438\u043c\u0441\u044f \u0446\u0432\u0435\u0442\u043e\u0432\u044b\u043c \u0440\u0438\u0441\u0443\u043d\u043a\u043e\u043c, \u043f\u0440\u0438\u0434\u0430\u044e\u0449\u0438\u043c \u043a\u0430\u0436\u0434\u043e\u0439 \u0432\u0430\u0448\u0435\u0439 \u0432\u044f\u0437\u0430\u043d\u043e\u0439 \u0432\u0435\u0449\u0438 \u0430\u043a\u043a\u0443\u0440\u0430\u0442\u043d\u044b\u0439 \u0438 \u043f\u0440\u043e\u0444\u0435\u0441\u0441\u0438\u043e\u043d\u0430\u043b\u044c\u043d\u044b\u0439 \u0432\u0438\u0434. \u0418\u0433\u0440\u0438\u0432\u044b\u0439 \u0446\u0432\u0435\u0442\u043e\u0432\u043e\u0439 \u044d\u0444\u0444\u0435\u043a\u0442 \u0441\u043e\u0447\u0435\u0442\u0430\u0435\u0442 \u0432 \u0441\u0435\u0431\u0435 \u0441\u043c\u0435\u043b\u044b\u0435 \u043f\u043e\u043b\u043e\u0441\u044b \u0438 \u043c\u044f\u0433\u043a\u0438\u0435 \u0433\u0440\u0430\u0434\u0438\u0435\u043d\u0442\u044b, \u0447\u0442\u043e \u0434\u0435\u043b\u0430\u0435\u0442 \u044d\u0442\u0443 \u043f\u0440\u044f\u0436\u0443 \u0438\u0434\u0435\u0430\u043b\u044c\u043d\u044b\u043c \u0432\u044b\u0431\u043e\u0440\u043e\u043c \u0434\u043b\u044f \u0443\u043d\u0438\u043a\u0430\u043b\u044c\u043d\u044b\u0445 \u043d\u043e\u0441\u043a\u043e\u0432, \u0448\u0430\u0440\u0444\u043e\u0432 \u0438\u043b\u0438 \u0441\u043d\u0443\u0434\u043e\u0432.<\/p>\n<p data-start=\"481\" data-end=\"648\">\u0421 \u043f\u043e\u043c\u043e\u0449\u044c\u044e \u043e\u0434\u043d\u043e\u0433\u043e \u043a\u043b\u0443\u0431\u043a\u0430 \u0432\u044b \u0441\u043c\u043e\u0436\u0435\u0442\u0435 \u0441\u0432\u044f\u0437\u0430\u0442\u044c \u043f\u0430\u0440\u0443 \u0440\u0430\u0437\u043d\u043e\u0446\u0432\u0435\u0442\u043d\u044b\u0445 \u043d\u043e\u0441\u043a\u043e\u0432 \u0434\u043e 44 \u0440\u0430\u0437\u043c\u0435\u0440\u0430 \u0438\u043b\u0438 \u044d\u043b\u0435\u0433\u0430\u043d\u0442\u043d\u044b\u0439 \u0448\u0430\u0440\u0444-\u0441\u043d\u0443\u0434. \u041d\u0430\u0441\u043b\u0430\u0436\u0434\u0430\u0439\u0442\u0435\u0441\u044c \u0442\u0432\u043e\u0440\u0447\u0435\u0441\u043a\u0438\u043c \u043f\u0440\u043e\u0446\u0435\u0441\u0441\u043e\u043c \u0438 \u044f\u0440\u043a\u0438\u043c \u0440\u0435\u0437\u0443\u043b\u044c\u0442\u0430\u0442\u043e\u043c!<\/p>\n<p data-start=\"650\" data-end=\"946\"><strong data-start=\"650\" data-end=\"662\">\u0421\u043e\u0441\u0442\u0430\u0432:<\/strong> 75 % \u0448\u0435\u0440\u0441\u0442\u044c (superwash), 25 % \u043f\u043e\u043b\u0438\u0430\u043c\u0438\u0434<br data-start=\"702\" data-end=\"705\" \/><strong data-start=\"705\" data-end=\"724\">\u0412\u0435\u0441\/\u0414\u043b\u0438\u043d\u0430:<\/strong> 80 \u0433 \u2013 320 \u043c<br data-start=\"737\" data-end=\"740\" \/><strong data-start=\"740\" data-end=\"766\">\u041f\u043b\u043e\u0442\u043d\u043e\u0441\u0442\u044c: <\/strong>10 \u00d7 10 \u0441\u043c \u2013 30 \u043f\u0435\u0442\u043b\u0438  \u00d7 42 \u0440\u044f\u0434\u0430<br data-start=\"785\" data-end=\"788\" data-is-only-node=\"\" \/><strong data-start=\"788\" data-end=\"816\">\u0420\u0435\u043a\u043e\u043c\u0435\u043d\u0434\u0443\u0435\u043c\u044b\u0435 \u0441\u043f\u0438\u0446\u044b:<\/strong> 2,5-3,0 \u043c\u043c<br data-start=\"827\" data-end=\"830\" \/><strong data-start=\"830\" data-end=\"841\">\u0420\u0430\u0441\u0445\u043e\u0434:<\/strong><br data-start=\"841\" data-end=\"844\" \/>\u2013 1 \u043c\u043e\u0442\u043a\u0430 (80 \u0433) \u0445\u0432\u0430\u0442\u0430\u0435\u0442 \u043d\u0430 \u043f\u0430\u0440\u0443 \u043d\u043e\u0441\u043a\u043e\u0432 \u0434\u043e 44 \u0440\u0430\u0437\u043c\u0435\u0440\u0430<br data-start=\"901\" data-end=\"904\" \/>\u2013 50 \u0433 \u0445\u0432\u0430\u0442\u0438\u0442 \u043d\u0430 \u043f\u0430\u0440\u0443 \u043d\u043e\u0441\u043a\u043e\u0432 28\u201329 \u0440\u0430\u0437\u043c\u0435\u0440\u0430<\/p>\n<p data-start=\"948\" data-end=\"1012\"><strong data-start=\"948\" data-end=\"958\">\u041f\u043e\u0434\u0445\u043e\u0434\u0438\u0442 \u0434\u043b\u044f:<\/strong> \u043d\u043e\u0441\u043a\u0438, \u0448\u0430\u0440\u0444\u044b, \u0441\u043d\u0443\u0434\u044b, \u043f\u0435\u0440\u0447\u0430\u0442\u043a\u0438, \u0448\u0430\u043f\u043a\u0438.<\/p>\n<p data-start=\"1014\" data-end=\"1210\" data-is-last-node=\"\" data-is-only-node=\"\"><strong data-start=\"1014\" data-end=\"1028\">\u0421\u043e\u0432\u0435\u0442\u044b \u043f\u043e \u0443\u0445\u043e\u0434\u0443:<\/strong> \u0421\u0442\u0438\u0440\u0430\u0442\u044c \u0432\u0440\u0443\u0447\u043d\u0443\u044e \u043f\u0440\u0438 \u0442\u0435\u043c\u043f\u0435\u0440\u0430\u0442\u0443\u0440\u0435 \u043d\u0435 \u0432\u044b\u0448\u0435 30 \u00b0C, \u0441\u0443\u0448\u0438\u0442\u044c \u043d\u0430 \u0433\u043e\u0440\u0438\u0437\u043e\u043d\u0442\u0430\u043b\u044c\u043d\u043e\u0439 \u043f\u043e\u0432\u0435\u0440\u0445\u043d\u043e\u0441\u0442\u0438.<\/p>\n<p data-start=\"1014\" data-end=\"1210\" data-is-last-node=\"\" data-is-only-node=\"\"><br data-start=\"1119\" data-end=\"1122\" \/><strong data-start=\"1122\" data-end=\"1134\">\u041f\u0440\u0438\u043c\u0435\u0447\u0430\u043d\u0438\u0435:<\/strong> \u0426\u0432\u0435\u0442\u043e\u0432\u044b\u0435 \u043e\u0442\u0442\u0435\u043d\u043a\u0438 \u043c\u043e\u0433\u0443\u0442 \u043d\u0435\u0437\u043d\u0430\u0447\u0438\u0442\u0435\u043b\u044c\u043d\u043e \u043e\u0442\u043b\u0438\u0447\u0430\u0442\u044c\u0441\u044f \u0432 \u0437\u0430\u0432\u0438\u0441\u0438\u043c\u043e\u0441\u0442\u0438 \u043e\u0442 \u044d\u043a\u0440\u0430\u043d\u0430 \u0432\u0430\u0448\u0435\u0433\u043e \u0443\u0441\u0442\u0440\u043e\u0439\u0441\u0442\u0432\u0430.<\/p>","protected":false},"excerpt":{"rendered":"<p>Concept Illusion \u00a0Symmetric Socks &amp; More \u2013 tai novatori\u0161ki 4 sluoksni\u0173 si\u016blai, kuri\u0173 spalvinis ra\u0161tas idealiai kartojasi, tod\u0117l kiekvienas j\u016bs\u0173 mezginys atrodo itin tvarkingai ir profesionaliai. \u017daismingas spalv\u0173 efektas sujungia dr\u0105sias juosteles ir \u0161velnius gradientus, tod\u0117l \u0161ie si\u016blai \u2013 puikus pasirinkimas i\u0161skirtin\u0117ms kojin\u0117ms, \u0161alikams ar snood tipo kaklo aksesuarams. Vos vienas kamuoliukas leis jums numegzti [&hellip;]<\/p>\n","protected":false},"featured_media":4006,"comment_status":"open","ping_status":"closed","template":"","meta":{"_acf_changed":false},"product_brand":[69],"product_cat":[15,18,94],"product_tag":[],"pro-kategorijos":[56],"class_list":{"0":"post-4009","1":"product","2":"type-product","3":"status-publish","4":"has-post-thumbnail","6":"product_brand-concept-by-katia","7":"product_cat-visi-produktai","8":"product_cat-siulai","9":"product_cat-siulai-kojinems","10":"pro-kategorijos-vilna","12":"first","13":"instock","14":"shipping-taxable","15":"purchasable","16":"product-type-variable"},"acf":[],"yoast_head":"<!-- This site is optimized with the Yoast SEO plugin v26.8 - https:\/\/yoast.com\/product\/yoast-seo-wordpress\/ -->\n<title>Concept by Katia SYMMETRIC SOCKS &amp; MORE - ILLUSION - Happyinaknit.com<\/title>\n<meta name=\"robots\" content=\"index, follow, max-snippet:-1, max-image-preview:large, max-video-preview:-1\" \/>\n<link rel=\"canonical\" href=\"https:\/\/happyinaknit.com\/ru\/product\/concept-by-katia-symmetric-socks-more-illusion\/\" \/>\n<meta property=\"og:locale\" content=\"ru_RU\" \/>\n<meta property=\"og:type\" content=\"article\" \/>\n<meta property=\"og:title\" content=\"Concept by Katia SYMMETRIC SOCKS &amp; MORE - ILLUSION - Happyinaknit.com\" \/>\n<meta property=\"og:description\" content=\"Concept Illusion \u00a0Symmetric Socks &amp; More \u2013 tai novatori\u0161ki 4 sluoksni\u0173 si\u016blai, kuri\u0173 spalvinis ra\u0161tas idealiai kartojasi, tod\u0117l kiekvienas j\u016bs\u0173 mezginys atrodo itin tvarkingai ir profesionaliai. \u017daismingas spalv\u0173 efektas sujungia dr\u0105sias juosteles ir \u0161velnius gradientus, tod\u0117l \u0161ie si\u016blai \u2013 puikus pasirinkimas i\u0161skirtin\u0117ms kojin\u0117ms, \u0161alikams ar snood tipo kaklo aksesuarams. Vos vienas kamuoliukas leis jums numegzti [&hellip;]\" \/>\n<meta property=\"og:url\" content=\"https:\/\/happyinaknit.com\/ru\/product\/concept-by-katia-symmetric-socks-more-illusion\/\" \/>\n<meta property=\"og:site_name\" content=\"Happyinaknit.com\" \/>\n<meta property=\"article:modified_time\" content=\"2026-02-04T09:50:35+00:00\" \/>\n<meta property=\"og:image\" content=\"https:\/\/happyinaknit.com\/wp-content\/uploads\/2025\/10\/IMG_8873.jpg\" \/>\n\t<meta property=\"og:image:width\" content=\"1320\" \/>\n\t<meta property=\"og:image:height\" content=\"1253\" \/>\n\t<meta property=\"og:image:type\" content=\"image\/jpeg\" \/>\n<meta name=\"twitter:card\" content=\"summary_large_image\" \/>\n<meta name=\"twitter:label1\" content=\"\u041f\u0440\u0438\u043c\u0435\u0440\u043d\u043e\u0435 \u0432\u0440\u0435\u043c\u044f \u0434\u043b\u044f \u0447\u0442\u0435\u043d\u0438\u044f\" \/>\n\t<meta name=\"twitter:data1\" content=\"1 \u043c\u0438\u043d\u0443\u0442\u0430\" \/>\n<script type=\"application\/ld+json\" class=\"yoast-schema-graph\">{\"@context\":\"https:\/\/schema.org\",\"@graph\":[{\"@type\":\"WebPage\",\"@id\":\"https:\/\/happyinaknit.com\/produktas\/concept-by-katia-symmetric-socks-more-illusion\/\",\"url\":\"https:\/\/happyinaknit.com\/produktas\/concept-by-katia-symmetric-socks-more-illusion\/\",\"name\":\"Concept by Katia SYMMETRIC SOCKS & MORE - ILLUSION - Happyinaknit.com\",\"isPartOf\":{\"@id\":\"https:\/\/happyinaknit.com\/lt\/#website\"},\"primaryImageOfPage\":{\"@id\":\"https:\/\/happyinaknit.com\/produktas\/concept-by-katia-symmetric-socks-more-illusion\/#primaryimage\"},\"image\":{\"@id\":\"https:\/\/happyinaknit.com\/produktas\/concept-by-katia-symmetric-socks-more-illusion\/#primaryimage\"},\"thumbnailUrl\":\"https:\/\/happyinaknit.com\/wp-content\/uploads\/2025\/10\/IMG_8873.jpg\",\"datePublished\":\"2025-10-09T13:05:45+00:00\",\"dateModified\":\"2026-02-04T09:50:35+00:00\",\"breadcrumb\":{\"@id\":\"https:\/\/happyinaknit.com\/produktas\/concept-by-katia-symmetric-socks-more-illusion\/#breadcrumb\"},\"inLanguage\":\"ru-RU\",\"potentialAction\":[{\"@type\":\"ReadAction\",\"target\":[\"https:\/\/happyinaknit.com\/produktas\/concept-by-katia-symmetric-socks-more-illusion\/\"]}]},{\"@type\":\"ImageObject\",\"inLanguage\":\"ru-RU\",\"@id\":\"https:\/\/happyinaknit.com\/produktas\/concept-by-katia-symmetric-socks-more-illusion\/#primaryimage\",\"url\":\"https:\/\/happyinaknit.com\/wp-content\/uploads\/2025\/10\/IMG_8873.jpg\",\"contentUrl\":\"https:\/\/happyinaknit.com\/wp-content\/uploads\/2025\/10\/IMG_8873.jpg\",\"width\":1320,\"height\":1253},{\"@type\":\"BreadcrumbList\",\"@id\":\"https:\/\/happyinaknit.com\/produktas\/concept-by-katia-symmetric-socks-more-illusion\/#breadcrumb\",\"itemListElement\":[{\"@type\":\"ListItem\",\"position\":1,\"name\":\"Home\",\"item\":\"https:\/\/happyinaknit.com\/lt\/\"},{\"@type\":\"ListItem\",\"position\":2,\"name\":\"Parduotuv\u0117\",\"item\":\"https:\/\/happyinaknit.com\/lt\/parduotuve\/\"},{\"@type\":\"ListItem\",\"position\":3,\"name\":\"Concept by Katia SYMMETRIC SOCKS &#038; MORE &#8211; ILLUSION\"}]},{\"@type\":\"WebSite\",\"@id\":\"https:\/\/happyinaknit.com\/lt\/#website\",\"url\":\"https:\/\/happyinaknit.com\/lt\/\",\"name\":\"Happyinaknit.com\",\"description\":\"\",\"potentialAction\":[{\"@type\":\"SearchAction\",\"target\":{\"@type\":\"EntryPoint\",\"urlTemplate\":\"https:\/\/happyinaknit.com\/lt\/?s={search_term_string}\"},\"query-input\":{\"@type\":\"PropertyValueSpecification\",\"valueRequired\":true,\"valueName\":\"search_term_string\"}}],\"inLanguage\":\"ru-RU\"}]}<\/script>\n<!-- \/ Yoast SEO plugin. -->","yoast_head_json":{"title":"Concept by Katia SYMMETRIC SOCKS & MORE - ILLUSION - Happyinaknit.com","robots":{"index":"index","follow":"follow","max-snippet":"max-snippet:-1","max-image-preview":"max-image-preview:large","max-video-preview":"max-video-preview:-1"},"canonical":"https:\/\/happyinaknit.com\/ru\/product\/concept-by-katia-symmetric-socks-more-illusion\/","og_locale":"ru_RU","og_type":"article","og_title":"Concept by Katia SYMMETRIC SOCKS & MORE - ILLUSION - Happyinaknit.com","og_description":"Concept Illusion \u00a0Symmetric Socks &amp; More \u2013 tai novatori\u0161ki 4 sluoksni\u0173 si\u016blai, kuri\u0173 spalvinis ra\u0161tas idealiai kartojasi, tod\u0117l kiekvienas j\u016bs\u0173 mezginys atrodo itin tvarkingai ir profesionaliai. \u017daismingas spalv\u0173 efektas sujungia dr\u0105sias juosteles ir \u0161velnius gradientus, tod\u0117l \u0161ie si\u016blai \u2013 puikus pasirinkimas i\u0161skirtin\u0117ms kojin\u0117ms, \u0161alikams ar snood tipo kaklo aksesuarams. Vos vienas kamuoliukas leis jums numegzti [&hellip;]","og_url":"https:\/\/happyinaknit.com\/ru\/product\/concept-by-katia-symmetric-socks-more-illusion\/","og_site_name":"Happyinaknit.com","article_modified_time":"2026-02-04T09:50:35+00:00","og_image":[{"width":1320,"height":1253,"url":"https:\/\/happyinaknit.com\/wp-content\/uploads\/2025\/10\/IMG_8873.jpg","type":"image\/jpeg"}],"twitter_card":"summary_large_image","twitter_misc":{"\u041f\u0440\u0438\u043c\u0435\u0440\u043d\u043e\u0435 \u0432\u0440\u0435\u043c\u044f \u0434\u043b\u044f \u0447\u0442\u0435\u043d\u0438\u044f":"1 \u043c\u0438\u043d\u0443\u0442\u0430"},"schema":{"@context":"https:\/\/schema.org","@graph":[{"@type":"WebPage","@id":"https:\/\/happyinaknit.com\/produktas\/concept-by-katia-symmetric-socks-more-illusion\/","url":"https:\/\/happyinaknit.com\/produktas\/concept-by-katia-symmetric-socks-more-illusion\/","name":"Concept by Katia SYMMETRIC SOCKS & MORE - ILLUSION - Happyinaknit.com","isPartOf":{"@id":"https:\/\/happyinaknit.com\/lt\/#website"},"primaryImageOfPage":{"@id":"https:\/\/happyinaknit.com\/produktas\/concept-by-katia-symmetric-socks-more-illusion\/#primaryimage"},"image":{"@id":"https:\/\/happyinaknit.com\/produktas\/concept-by-katia-symmetric-socks-more-illusion\/#primaryimage"},"thumbnailUrl":"https:\/\/happyinaknit.com\/wp-content\/uploads\/2025\/10\/IMG_8873.jpg","datePublished":"2025-10-09T13:05:45+00:00","dateModified":"2026-02-04T09:50:35+00:00","breadcrumb":{"@id":"https:\/\/happyinaknit.com\/produktas\/concept-by-katia-symmetric-socks-more-illusion\/#breadcrumb"},"inLanguage":"ru-RU","potentialAction":[{"@type":"ReadAction","target":["https:\/\/happyinaknit.com\/produktas\/concept-by-katia-symmetric-socks-more-illusion\/"]}]},{"@type":"ImageObject","inLanguage":"ru-RU","@id":"https:\/\/happyinaknit.com\/produktas\/concept-by-katia-symmetric-socks-more-illusion\/#primaryimage","url":"https:\/\/happyinaknit.com\/wp-content\/uploads\/2025\/10\/IMG_8873.jpg","contentUrl":"https:\/\/happyinaknit.com\/wp-content\/uploads\/2025\/10\/IMG_8873.jpg","width":1320,"height":1253},{"@type":"BreadcrumbList","@id":"https:\/\/happyinaknit.com\/produktas\/concept-by-katia-symmetric-socks-more-illusion\/#breadcrumb","itemListElement":[{"@type":"ListItem","position":1,"name":"Home","item":"https:\/\/happyinaknit.com\/lt\/"},{"@type":"ListItem","position":2,"name":"Parduotuv\u0117","item":"https:\/\/happyinaknit.com\/lt\/parduotuve\/"},{"@type":"ListItem","position":3,"name":"Concept by Katia SYMMETRIC SOCKS &#038; MORE &#8211; ILLUSION"}]},{"@type":"WebSite","@id":"https:\/\/happyinaknit.com\/lt\/#website","url":"https:\/\/happyinaknit.com\/lt\/","name":"Happyinaknit.com","description":"","potentialAction":[{"@type":"SearchAction","target":{"@type":"EntryPoint","urlTemplate":"https:\/\/happyinaknit.com\/lt\/?s={search_term_string}"},"query-input":{"@type":"PropertyValueSpecification","valueRequired":true,"valueName":"search_term_string"}}],"inLanguage":"ru-RU"}]}},"_links":{"self":[{"href":"https:\/\/happyinaknit.com\/ru\/wp-json\/wp\/v2\/product\/4009","targetHints":{"allow":["GET"]}}],"collection":[{"href":"https:\/\/happyinaknit.com\/ru\/wp-json\/wp\/v2\/product"}],"about":[{"href":"https:\/\/happyinaknit.com\/ru\/wp-json\/wp\/v2\/types\/product"}],"replies":[{"embeddable":true,"href":"https:\/\/happyinaknit.com\/ru\/wp-json\/wp\/v2\/comments?post=4009"}],"wp:featuredmedia":[{"embeddable":true,"href":"https:\/\/happyinaknit.com\/ru\/wp-json\/wp\/v2\/media\/4006"}],"wp:attachment":[{"href":"https:\/\/happyinaknit.com\/ru\/wp-json\/wp\/v2\/media?parent=4009"}],"wp:term":[{"taxonomy":"product_brand","embeddable":true,"href":"https:\/\/happyinaknit.com\/ru\/wp-json\/wp\/v2\/product_brand?post=4009"},{"taxonomy":"product_cat","embeddable":true,"href":"https:\/\/happyinaknit.com\/ru\/wp-json\/wp\/v2\/product_cat?post=4009"},{"taxonomy":"product_tag","embeddable":true,"href":"https:\/\/happyinaknit.com\/ru\/wp-json\/wp\/v2\/product_tag?post=4009"},{"taxonomy":"pro-kategorijos","embeddable":true,"href":"https:\/\/happyinaknit.com\/ru\/wp-json\/wp\/v2\/pro-kategorijos?post=4009"}],"curies":[{"name":"wp","href":"https:\/\/api.w.org\/{rel}","templated":true}]}}