{"id":3967,"date":"2025-10-09T10:46:14","date_gmt":"2025-10-09T10:46:14","guid":{"rendered":"https:\/\/happyinaknit.com\/?post_type=product&#038;p=3967"},"modified":"2026-02-16T19:04:36","modified_gmt":"2026-02-16T19:04:36","slug":"rico-design-superba-twirl-4-ply","status":"publish","type":"product","link":"https:\/\/happyinaknit.com\/ru\/product\/rico-design-superba-twirl-4-ply\/","title":{"rendered":"Rico Design Superba Twirl 4-ply"},"content":{"rendered":"<p data-start=\"69\" data-end=\"325\">Superba Twirl 4-ply \u2014 \u044d\u0442\u043e \u0432\u044b\u0441\u043e\u043a\u043e\u043a\u0430\u0447\u0435\u0441\u0442\u0432\u0435\u043d\u043d\u0430\u044f \u043f\u0440\u044f\u0436\u0430 \u0434\u043b\u044f \u043d\u043e\u0441\u043a\u043e\u0432 \u0432 4 \u0441\u043b\u043e\u0436\u0435\u043d\u0438\u044f \u0441 \u043c\u044f\u0433\u043a\u0438\u043c\u0438, \u043f\u043b\u0430\u0432\u043d\u044b\u043c\u0438 \u043f\u0435\u0440\u0435\u0445\u043e\u0434\u0430\u043c\u0438 \u0446\u0432\u0435\u0442\u043e\u0432. \u041a\u0430\u0436\u0434\u0430\u044f \u043f\u0430\u0440\u0430 \u043d\u043e\u0441\u043a\u043e\u0432 \u0443\u043d\u0438\u043a\u0430\u043b\u044c\u043d\u0430, \u043f\u043e\u0441\u043a\u043e\u043b\u044c\u043a\u0443 \u0443 \u043e\u0431\u043e\u0438\u0445 \u043d\u043e\u0441\u043a\u043e\u0432 \u0431\u0443\u0434\u0443\u0442 \u0440\u0430\u0437\u043d\u044b\u0435, \u0435\u0434\u0432\u0430 \u0437\u0430\u043c\u0435\u0442\u043d\u044b\u0435 \u043f\u0435\u0440\u0435\u0445\u043e\u0434\u044b \u043e\u0442\u0442\u0435\u043d\u043a\u043e\u0432.<\/p>\n<p data-start=\"327\" data-end=\"543\">\u042d\u0442\u0430 \u043f\u0440\u044f\u0436\u0430 \u0438\u0437\u0433\u043e\u0442\u043e\u0432\u043b\u0435\u043d\u0430 \u0438\u0437 \u043c\u0435\u0440\u0438\u043d\u043e\u0441\u043e\u0432\u043e\u0439 \u0448\u0435\u0440\u0441\u0442\u0438 \u0441 \u0434\u043e\u0431\u0430\u0432\u043b\u0435\u043d\u0438\u0435\u043c \u043f\u043e\u043b\u0438\u0430\u043c\u0438\u0434\u0430 \u2014 \u0441\u043e\u0447\u0435\u0442\u0430\u043d\u0438\u0435, \u043e\u0431\u0435\u0441\u043f\u0435\u0447\u0438\u0432\u0430\u044e\u0449\u0435\u0435 \u0442\u0435\u043f\u043b\u043e, \u043c\u044f\u0433\u043a\u043e\u0441\u0442\u044c \u0438 \u0434\u043e\u043b\u0433\u043e\u0432\u0435\u0447\u043d\u043e\u0441\u0442\u044c. \u041e\u043d\u0430 \u0438\u0434\u0435\u0430\u043b\u044c\u043d\u043e \u043f\u043e\u0434\u0445\u043e\u0434\u0438\u0442 \u043d\u0435 \u0442\u043e\u043b\u044c\u043a\u043e \u0434\u043b\u044f \u0432\u044f\u0437\u0430\u043d\u0438\u044f \u043d\u043e\u0441\u043a\u043e\u0432, \u043d\u043e \u0438 \u0434\u043b\u044f \u043f\u0435\u0440\u0447\u0430\u0442\u043e\u043a, \u0448\u0430\u0440\u0444\u043e\u0432 \u0438 \u0448\u0430\u043f\u043e\u043a.<\/p>\n<p data-start=\"545\" data-end=\"786\"><strong data-start=\"545\" data-end=\"557\">\u0421\u043e\u0441\u0442\u0430\u0432:<\/strong> 75 % \u043c\u0435\u0440\u0438\u043d\u043e\u0441\u043e\u0432\u0430\u044f \u0448\u0435\u0440\u0441\u0442\u044c, 25 % \u043f\u043e\u043b\u0438\u0430\u043c\u0438\u0434<br data-start=\"592\" data-end=\"595\" \/><strong data-start=\"595\" data-end=\"606\">\u0412\u0435\u0441\/ \u0434\u043b\u0438\u043d\u0430:<\/strong> 100 \u0433 - 390 \u043c<br data-start=\"631\" data-end=\"634\" data-is-only-node=\"\" \/><strong data-start=\"634\" data-end=\"660\">\u041f\u043b\u043e\u0442\u043d\u043e\u0441\u0442\u044c: <\/strong>10 \u00d7 10 \u0441\u043c \u2013 40 \u043f\u0435\u0442\u0435\u043b\u044c \u00d7 42 \u0440\u044f\u0434\u0430<br data-start=\"679\" data-end=\"682\" \/><strong data-start=\"682\" data-end=\"710\">\u0420\u0435\u043a\u043e\u043c\u0435\u043d\u0434\u0443\u0435\u043c\u044b\u0435 \u0441\u043f\u0438\u0446\u044b:<\/strong> 2-3 \u043c\u043c<br data-start=\"717\" data-end=\"720\" \/><strong data-start=\"720\" data-end=\"731\">\u0420\u0430\u0441\u0445\u043e\u0434:<\/strong> \u043e\u0434\u043d\u043e\u0433\u043e \u043c\u043e\u0442\u043a\u0430 \u0445\u0432\u0430\u0442\u0430\u0435\u0442 \u043d\u0430 \u043f\u0430\u0440\u0443 \u043d\u043e\u0441\u043a\u043e\u0432 \u0434\u043e 46 \u0440\u0430\u0437\u043c\u0435\u0440\u0430<\/p>\n<p data-start=\"788\" data-end=\"842\"><strong data-start=\"788\" data-end=\"798\">\u041f\u043e\u0434\u0445\u043e\u0434\u0438\u0442 \u0434\u043b\u044f:<\/strong> \u043d\u043e\u0441\u043a\u043e\u0432, \u0448\u0430\u043f\u043e\u043a, \u043f\u0435\u0440\u0447\u0430\u0442\u043e\u043a \u0448\u0430\u0440\u0444\u043e\u0432.<\/p>\n<p data-start=\"844\" data-end=\"1040\" data-is-last-node=\"\" data-is-only-node=\"\"><strong data-start=\"844\" data-end=\"858\">\u0421\u043e\u0432\u0435\u0442\u044b \u043f\u043e \u0443\u0445\u043e\u0434\u0443:<\/strong> \u0421\u0442\u0438\u0440\u0430\u0442\u044c \u0432\u0440\u0443\u0447\u043d\u0443\u044e \u043f\u0440\u0438 \u0442\u0435\u043c\u043f\u0435\u0440\u0430\u0442\u0443\u0440\u0435 \u043d\u0435 \u0432\u044b\u0448\u0435 30 \u00b0C, \u0441\u0443\u0448\u0438\u0442\u044c \u043d\u0430 \u0433\u043e\u0440\u0438\u0437\u043e\u043d\u0442\u0430\u043b\u044c\u043d\u043e\u0439 \u043f\u043e\u0432\u0435\u0440\u0445\u043d\u043e\u0441\u0442\u0438.<\/p>\n<p data-start=\"844\" data-end=\"1040\" data-is-last-node=\"\" data-is-only-node=\"\"><br data-start=\"949\" data-end=\"952\" \/><strong data-start=\"952\" data-end=\"964\">\u041f\u0440\u0438\u043c\u0435\u0447\u0430\u043d\u0438\u0435:<\/strong> \u0426\u0432\u0435\u0442\u043e\u0432\u044b\u0435 \u043e\u0442\u0442\u0435\u043d\u043a\u0438 \u043c\u043e\u0433\u0443\u0442 \u043d\u0435\u0437\u043d\u0430\u0447\u0438\u0442\u0435\u043b\u044c\u043d\u043e \u043e\u0442\u043b\u0438\u0447\u0430\u0442\u044c\u0441\u044f \u0432 \u0437\u0430\u0432\u0438\u0441\u0438\u043c\u043e\u0441\u0442\u0438 \u043e\u0442 \u044d\u043a\u0440\u0430\u043d\u0430 \u0432\u0430\u0448\u0435\u0433\u043e \u0443\u0441\u0442\u0440\u043e\u0439\u0441\u0442\u0432\u0430.<\/p>","protected":false},"excerpt":{"rendered":"<p>Superba Twirl 4-ply\u00a0\u2013 tai auk\u0161tos kokyb\u0117s 4 sluoksni\u0173 (4-ply) kojini\u0173 si\u016blai, i\u0161siskiriantys \u0161velniais, tekan\u010diais spalv\u0173 per\u0117jimais. Kiekviena pora kojini\u0173 \u2013 unikali, nes abi kojin\u0117s tur\u0117s skirtingus, subtiliai besikei\u010dian\u010dius atspalvius. \u0160ie si\u016blai pagaminti i\u0161 merino vilnos su poliamido priemai\u0161a \u2013 derinys, kuris suteikia \u0161ilum\u0105, \u0161velnum\u0105 ir patvarum\u0105. Puikiai tinka ne tik kojini\u0173 mezgimui, bet ir pir\u0161tin\u0117ms, [&hellip;]<\/p>\n","protected":false},"featured_media":3982,"comment_status":"open","ping_status":"closed","template":"","meta":{"_acf_changed":false},"product_brand":[68],"product_cat":[15,18,94],"product_tag":[],"pro-kategorijos":[71],"class_list":{"0":"post-3967","1":"product","2":"type-product","3":"status-publish","4":"has-post-thumbnail","6":"product_brand-rico-design","7":"product_cat-visi-produktai","8":"product_cat-siulai","9":"product_cat-siulai-kojinems","10":"pro-kategorijos-merino-vilna","12":"first","13":"instock","14":"shipping-taxable","15":"purchasable","16":"product-type-variable"},"acf":[],"yoast_head":"<!-- This site is optimized with the Yoast SEO plugin v26.8 - https:\/\/yoast.com\/product\/yoast-seo-wordpress\/ -->\n<title>Rico Design Superba Twirl 4-ply - Happyinaknit.com<\/title>\n<meta name=\"robots\" content=\"index, follow, max-snippet:-1, max-image-preview:large, max-video-preview:-1\" \/>\n<link rel=\"canonical\" href=\"https:\/\/happyinaknit.com\/ru\/product\/rico-design-superba-twirl-4-ply\/\" \/>\n<meta property=\"og:locale\" content=\"ru_RU\" \/>\n<meta property=\"og:type\" content=\"article\" \/>\n<meta property=\"og:title\" content=\"Rico Design Superba Twirl 4-ply - Happyinaknit.com\" \/>\n<meta property=\"og:description\" content=\"Superba Twirl 4-ply\u00a0\u2013 tai auk\u0161tos kokyb\u0117s 4 sluoksni\u0173 (4-ply) kojini\u0173 si\u016blai, i\u0161siskiriantys \u0161velniais, tekan\u010diais spalv\u0173 per\u0117jimais. Kiekviena pora kojini\u0173 \u2013 unikali, nes abi kojin\u0117s tur\u0117s skirtingus, subtiliai besikei\u010dian\u010dius atspalvius. \u0160ie si\u016blai pagaminti i\u0161 merino vilnos su poliamido priemai\u0161a \u2013 derinys, kuris suteikia \u0161ilum\u0105, \u0161velnum\u0105 ir patvarum\u0105. Puikiai tinka ne tik kojini\u0173 mezgimui, bet ir pir\u0161tin\u0117ms, [&hellip;]\" \/>\n<meta property=\"og:url\" content=\"https:\/\/happyinaknit.com\/ru\/product\/rico-design-superba-twirl-4-ply\/\" \/>\n<meta property=\"og:site_name\" content=\"Happyinaknit.com\" \/>\n<meta property=\"article:modified_time\" content=\"2026-02-16T19:04:36+00:00\" \/>\n<meta property=\"og:image\" content=\"https:\/\/happyinaknit.com\/wp-content\/uploads\/2025\/10\/IMG_8854.jpg\" \/>\n\t<meta property=\"og:image:width\" content=\"1289\" \/>\n\t<meta property=\"og:image:height\" content=\"1929\" \/>\n\t<meta property=\"og:image:type\" content=\"image\/jpeg\" \/>\n<meta name=\"twitter:card\" content=\"summary_large_image\" \/>\n<meta name=\"twitter:label1\" content=\"\u041f\u0440\u0438\u043c\u0435\u0440\u043d\u043e\u0435 \u0432\u0440\u0435\u043c\u044f \u0434\u043b\u044f \u0447\u0442\u0435\u043d\u0438\u044f\" \/>\n\t<meta name=\"twitter:data1\" content=\"1 \u043c\u0438\u043d\u0443\u0442\u0430\" \/>\n<script type=\"application\/ld+json\" class=\"yoast-schema-graph\">{\"@context\":\"https:\/\/schema.org\",\"@graph\":[{\"@type\":\"WebPage\",\"@id\":\"https:\/\/happyinaknit.com\/produktas\/rico-design-superba-twirl-4-ply\/\",\"url\":\"https:\/\/happyinaknit.com\/produktas\/rico-design-superba-twirl-4-ply\/\",\"name\":\"Rico Design Superba Twirl 4-ply - Happyinaknit.com\",\"isPartOf\":{\"@id\":\"https:\/\/happyinaknit.com\/lt\/#website\"},\"primaryImageOfPage\":{\"@id\":\"https:\/\/happyinaknit.com\/produktas\/rico-design-superba-twirl-4-ply\/#primaryimage\"},\"image\":{\"@id\":\"https:\/\/happyinaknit.com\/produktas\/rico-design-superba-twirl-4-ply\/#primaryimage\"},\"thumbnailUrl\":\"https:\/\/happyinaknit.com\/wp-content\/uploads\/2025\/10\/IMG_8854.jpg\",\"datePublished\":\"2025-10-09T10:46:14+00:00\",\"dateModified\":\"2026-02-16T19:04:36+00:00\",\"breadcrumb\":{\"@id\":\"https:\/\/happyinaknit.com\/produktas\/rico-design-superba-twirl-4-ply\/#breadcrumb\"},\"inLanguage\":\"ru-RU\",\"potentialAction\":[{\"@type\":\"ReadAction\",\"target\":[\"https:\/\/happyinaknit.com\/produktas\/rico-design-superba-twirl-4-ply\/\"]}]},{\"@type\":\"ImageObject\",\"inLanguage\":\"ru-RU\",\"@id\":\"https:\/\/happyinaknit.com\/produktas\/rico-design-superba-twirl-4-ply\/#primaryimage\",\"url\":\"https:\/\/happyinaknit.com\/wp-content\/uploads\/2025\/10\/IMG_8854.jpg\",\"contentUrl\":\"https:\/\/happyinaknit.com\/wp-content\/uploads\/2025\/10\/IMG_8854.jpg\",\"width\":1289,\"height\":1929},{\"@type\":\"BreadcrumbList\",\"@id\":\"https:\/\/happyinaknit.com\/produktas\/rico-design-superba-twirl-4-ply\/#breadcrumb\",\"itemListElement\":[{\"@type\":\"ListItem\",\"position\":1,\"name\":\"Home\",\"item\":\"https:\/\/happyinaknit.com\/lt\/\"},{\"@type\":\"ListItem\",\"position\":2,\"name\":\"Parduotuv\u0117\",\"item\":\"https:\/\/happyinaknit.com\/lt\/parduotuve\/\"},{\"@type\":\"ListItem\",\"position\":3,\"name\":\"Rico Design Superba Twirl 4-ply\"}]},{\"@type\":\"WebSite\",\"@id\":\"https:\/\/happyinaknit.com\/lt\/#website\",\"url\":\"https:\/\/happyinaknit.com\/lt\/\",\"name\":\"Happyinaknit.com\",\"description\":\"\",\"potentialAction\":[{\"@type\":\"SearchAction\",\"target\":{\"@type\":\"EntryPoint\",\"urlTemplate\":\"https:\/\/happyinaknit.com\/lt\/?s={search_term_string}\"},\"query-input\":{\"@type\":\"PropertyValueSpecification\",\"valueRequired\":true,\"valueName\":\"search_term_string\"}}],\"inLanguage\":\"ru-RU\"}]}<\/script>\n<!-- \/ Yoast SEO plugin. -->","yoast_head_json":{"title":"Rico Design Superba Twirl 4-ply - Happyinaknit.com","robots":{"index":"index","follow":"follow","max-snippet":"max-snippet:-1","max-image-preview":"max-image-preview:large","max-video-preview":"max-video-preview:-1"},"canonical":"https:\/\/happyinaknit.com\/ru\/product\/rico-design-superba-twirl-4-ply\/","og_locale":"ru_RU","og_type":"article","og_title":"Rico Design Superba Twirl 4-ply - Happyinaknit.com","og_description":"Superba Twirl 4-ply\u00a0\u2013 tai auk\u0161tos kokyb\u0117s 4 sluoksni\u0173 (4-ply) kojini\u0173 si\u016blai, i\u0161siskiriantys \u0161velniais, tekan\u010diais spalv\u0173 per\u0117jimais. Kiekviena pora kojini\u0173 \u2013 unikali, nes abi kojin\u0117s tur\u0117s skirtingus, subtiliai besikei\u010dian\u010dius atspalvius. \u0160ie si\u016blai pagaminti i\u0161 merino vilnos su poliamido priemai\u0161a \u2013 derinys, kuris suteikia \u0161ilum\u0105, \u0161velnum\u0105 ir patvarum\u0105. Puikiai tinka ne tik kojini\u0173 mezgimui, bet ir pir\u0161tin\u0117ms, [&hellip;]","og_url":"https:\/\/happyinaknit.com\/ru\/product\/rico-design-superba-twirl-4-ply\/","og_site_name":"Happyinaknit.com","article_modified_time":"2026-02-16T19:04:36+00:00","og_image":[{"width":1289,"height":1929,"url":"https:\/\/happyinaknit.com\/wp-content\/uploads\/2025\/10\/IMG_8854.jpg","type":"image\/jpeg"}],"twitter_card":"summary_large_image","twitter_misc":{"\u041f\u0440\u0438\u043c\u0435\u0440\u043d\u043e\u0435 \u0432\u0440\u0435\u043c\u044f \u0434\u043b\u044f \u0447\u0442\u0435\u043d\u0438\u044f":"1 \u043c\u0438\u043d\u0443\u0442\u0430"},"schema":{"@context":"https:\/\/schema.org","@graph":[{"@type":"WebPage","@id":"https:\/\/happyinaknit.com\/produktas\/rico-design-superba-twirl-4-ply\/","url":"https:\/\/happyinaknit.com\/produktas\/rico-design-superba-twirl-4-ply\/","name":"Rico Design Superba Twirl 4-ply - Happyinaknit.com","isPartOf":{"@id":"https:\/\/happyinaknit.com\/lt\/#website"},"primaryImageOfPage":{"@id":"https:\/\/happyinaknit.com\/produktas\/rico-design-superba-twirl-4-ply\/#primaryimage"},"image":{"@id":"https:\/\/happyinaknit.com\/produktas\/rico-design-superba-twirl-4-ply\/#primaryimage"},"thumbnailUrl":"https:\/\/happyinaknit.com\/wp-content\/uploads\/2025\/10\/IMG_8854.jpg","datePublished":"2025-10-09T10:46:14+00:00","dateModified":"2026-02-16T19:04:36+00:00","breadcrumb":{"@id":"https:\/\/happyinaknit.com\/produktas\/rico-design-superba-twirl-4-ply\/#breadcrumb"},"inLanguage":"ru-RU","potentialAction":[{"@type":"ReadAction","target":["https:\/\/happyinaknit.com\/produktas\/rico-design-superba-twirl-4-ply\/"]}]},{"@type":"ImageObject","inLanguage":"ru-RU","@id":"https:\/\/happyinaknit.com\/produktas\/rico-design-superba-twirl-4-ply\/#primaryimage","url":"https:\/\/happyinaknit.com\/wp-content\/uploads\/2025\/10\/IMG_8854.jpg","contentUrl":"https:\/\/happyinaknit.com\/wp-content\/uploads\/2025\/10\/IMG_8854.jpg","width":1289,"height":1929},{"@type":"BreadcrumbList","@id":"https:\/\/happyinaknit.com\/produktas\/rico-design-superba-twirl-4-ply\/#breadcrumb","itemListElement":[{"@type":"ListItem","position":1,"name":"Home","item":"https:\/\/happyinaknit.com\/lt\/"},{"@type":"ListItem","position":2,"name":"Parduotuv\u0117","item":"https:\/\/happyinaknit.com\/lt\/parduotuve\/"},{"@type":"ListItem","position":3,"name":"Rico Design Superba Twirl 4-ply"}]},{"@type":"WebSite","@id":"https:\/\/happyinaknit.com\/lt\/#website","url":"https:\/\/happyinaknit.com\/lt\/","name":"Happyinaknit.com","description":"","potentialAction":[{"@type":"SearchAction","target":{"@type":"EntryPoint","urlTemplate":"https:\/\/happyinaknit.com\/lt\/?s={search_term_string}"},"query-input":{"@type":"PropertyValueSpecification","valueRequired":true,"valueName":"search_term_string"}}],"inLanguage":"ru-RU"}]}},"_links":{"self":[{"href":"https:\/\/happyinaknit.com\/ru\/wp-json\/wp\/v2\/product\/3967","targetHints":{"allow":["GET"]}}],"collection":[{"href":"https:\/\/happyinaknit.com\/ru\/wp-json\/wp\/v2\/product"}],"about":[{"href":"https:\/\/happyinaknit.com\/ru\/wp-json\/wp\/v2\/types\/product"}],"replies":[{"embeddable":true,"href":"https:\/\/happyinaknit.com\/ru\/wp-json\/wp\/v2\/comments?post=3967"}],"wp:featuredmedia":[{"embeddable":true,"href":"https:\/\/happyinaknit.com\/ru\/wp-json\/wp\/v2\/media\/3982"}],"wp:attachment":[{"href":"https:\/\/happyinaknit.com\/ru\/wp-json\/wp\/v2\/media?parent=3967"}],"wp:term":[{"taxonomy":"product_brand","embeddable":true,"href":"https:\/\/happyinaknit.com\/ru\/wp-json\/wp\/v2\/product_brand?post=3967"},{"taxonomy":"product_cat","embeddable":true,"href":"https:\/\/happyinaknit.com\/ru\/wp-json\/wp\/v2\/product_cat?post=3967"},{"taxonomy":"product_tag","embeddable":true,"href":"https:\/\/happyinaknit.com\/ru\/wp-json\/wp\/v2\/product_tag?post=3967"},{"taxonomy":"pro-kategorijos","embeddable":true,"href":"https:\/\/happyinaknit.com\/ru\/wp-json\/wp\/v2\/pro-kategorijos?post=3967"}],"curies":[{"name":"wp","href":"https:\/\/api.w.org\/{rel}","templated":true}]}}