{"id":3940,"date":"2025-10-09T09:40:37","date_gmt":"2025-10-09T09:40:37","guid":{"rendered":"https:\/\/happyinaknit.com\/?post_type=product&#038;p=3940"},"modified":"2026-03-26T14:33:28","modified_gmt":"2026-03-26T14:33:28","slug":"rico-design-superba-alpaca-luxury-socks","status":"publish","type":"product","link":"https:\/\/happyinaknit.com\/ru\/product\/rico-design-superba-alpaca-luxury-socks\/","title":{"rendered":"Rico Design superba Alpaca Luxury Socks"},"content":{"rendered":"<p data-start=\"86\" data-end=\"358\"><strong data-start=\"86\" data-end=\"117\">Superba Alpaca Luxury Socks<\/strong> - \u044d\u0442\u043e \u0432\u044b\u0441\u043e\u043a\u043e\u043a\u0430\u0447\u0435\u0441\u0442\u0432\u0435\u043d\u043d\u0430\u044f \u043d\u043e\u0441\u043e\u0447\u043d\u0430\u044f \u043f\u0440\u044f\u0436\u0430, \u0438\u0437\u0433\u043e\u0442\u043e\u0432\u043b\u0435\u043d\u043d\u0430\u044f \u0438\u0437 \u0441\u043c\u0435\u0441\u0438 \u0447\u0438\u0441\u0442\u043e\u0439 \u0448\u0435\u0440\u0441\u0442\u0438 \u0438 \u0430\u043b\u044c\u043f\u0430\u043a\u0438. \u0422\u0430\u043a\u043e\u0439 \u0441\u043e\u0441\u0442\u0430\u0432 \u043f\u0440\u0438\u0434\u0430\u0435\u0442 \u043f\u0440\u044f\u0436\u0435 \u0438\u0441\u043a\u043b\u044e\u0447\u0438\u0442\u0435\u043b\u044c\u043d\u0443\u044e \u043c\u044f\u0433\u043a\u043e\u0441\u0442\u044c, \u0442\u0435\u043f\u043b\u043e\u0442\u0443 \u0438 \u044d\u043b\u0430\u0441\u0442\u0438\u0447\u043d\u043e\u0441\u0442\u044c, \u0431\u043b\u0430\u0433\u043e\u0434\u0430\u0440\u044f \u0447\u0435\u043c\u0443 \u043d\u043e\u0441\u043a\u0438 \u0440\u0443\u0447\u043d\u043e\u0439 \u0440\u0430\u0431\u043e\u0442\u044b \u043d\u0435 \u0442\u043e\u043b\u044c\u043a\u043e \u0443\u0434\u043e\u0431\u043d\u044b, \u043d\u043e \u0438 \u0447\u0440\u0435\u0437\u0432\u044b\u0447\u0430\u0439\u043d\u043e \u043f\u0440\u0438\u044f\u0442\u043d\u044b \u043d\u0430 \u043a\u043e\u0436\u0435.<\/p>\n<p data-start=\"360\" data-end=\"489\">\u041f\u0440\u044f\u0436\u0430 \u0438\u0434\u0435\u0430\u043b\u044c\u043d\u043e \u043f\u043e\u0434\u0445\u043e\u0434\u0438\u0442 \u043d\u0435 \u0442\u043e\u043b\u044c\u043a\u043e \u0434\u043b\u044f \u043d\u043e\u0441\u043a\u043e\u0432, \u043d\u043e \u0438 \u0434\u043b\u044f \u043f\u0435\u0440\u0447\u0430\u0442\u043e\u043a, \u0448\u0430\u043f\u043e\u043a \u0438\u043b\u0438 \u0448\u0430\u0440\u0444\u043e\u0432, \u043a\u043e\u0433\u0434\u0430 \u0445\u043e\u0447\u0435\u0442\u0441\u044f \u0442\u0435\u043f\u043b\u0430 \u0438 \u043c\u044f\u0433\u043a\u043e\u0441\u0442\u0438.<\/p>\n<p data-start=\"491\" data-end=\"692\"><strong data-start=\"491\" data-end=\"503\">\u0421\u043e\u0441\u0442\u0430\u0432:<\/strong> 62 % \u0448\u0435\u0440\u0441\u0442\u044c, 23 % \u043f\u043e\u043b\u0438\u0430\u043c\u0438\u0434, 15 % \u0430\u043b\u044c\u043f\u0430\u043a\u0430<br data-start=\"544\" data-end=\"547\" \/><strong data-start=\"547\" data-end=\"558\">\u0412\u0435\u0441\/ \u0434\u043b\u0438\u043d\u0430: :<\/strong> 100 \u0433 - 310 \u043c<br data-start=\"583\" data-end=\"586\" data-is-only-node=\"\" \/><strong data-start=\"586\" data-end=\"614\">\u0420\u0435\u043a\u043e\u043c\u0435\u043d\u0434\u0443\u0435\u043c\u044b\u0435 \u0441\u043f\u0438\u0446\u044b:<\/strong> 2,5-3 \u043c\u043c<br data-start=\"623\" data-end=\"626\" \/><strong data-start=\"626\" data-end=\"637\">\u0420\u0430\u0441\u0445\u043e\u0434:<\/strong> \u043e\u0434\u043d\u043e\u0433\u043e \u043c\u043e\u0442\u043a\u0430 \u0445\u0432\u0430\u0442\u0430\u0435\u0442 \u043d\u0430 \u043f\u0430\u0440\u0443 \u043d\u043e\u0441\u043a\u043e\u0432 \u0434\u043e 46 \u0440\u0430\u0437\u043c\u0435\u0440\u0430<\/p>\n<p data-start=\"694\" data-end=\"748\"><strong data-start=\"694\" data-end=\"704\">\u041f\u043e\u0434\u0445\u043e\u0434\u0438\u0442 \u0434\u043b\u044f:<\/strong> \u043d\u043e\u0441\u043a\u043e\u0432, \u0448\u0430\u043f\u043e\u043a, \u043f\u0435\u0440\u0447\u0430\u0442\u043e\u043a \u0448\u0430\u0440\u0444\u043e\u0432.<\/p>\n<p data-start=\"750\" data-end=\"946\" data-is-last-node=\"\" data-is-only-node=\"\"><strong data-start=\"750\" data-end=\"764\">\u0421\u043e\u0432\u0435\u0442\u044b \u043f\u043e \u0443\u0445\u043e\u0434\u0443:<\/strong> \u0421\u0442\u0438\u0440\u0430\u0442\u044c \u0432\u0440\u0443\u0447\u043d\u0443\u044e \u043f\u0440\u0438 \u0442\u0435\u043c\u043f\u0435\u0440\u0430\u0442\u0443\u0440\u0435 \u043d\u0435 \u0432\u044b\u0448\u0435 30 \u00b0C, \u0441\u0443\u0448\u0438\u0442\u044c \u043d\u0430 \u0433\u043e\u0440\u0438\u0437\u043e\u043d\u0442\u0430\u043b\u044c\u043d\u043e\u0439 \u043f\u043e\u0432\u0435\u0440\u0445\u043d\u043e\u0441\u0442\u0438.<\/p>\n<p data-start=\"750\" data-end=\"946\" data-is-last-node=\"\" data-is-only-node=\"\"><br data-start=\"855\" data-end=\"858\" \/><strong data-start=\"858\" data-end=\"870\">\u041f\u0440\u0438\u043c\u0435\u0447\u0430\u043d\u0438\u0435:<\/strong> \u0426\u0432\u0435\u0442\u043e\u0432\u044b\u0435 \u043e\u0442\u0442\u0435\u043d\u043a\u0438 \u043c\u043e\u0433\u0443\u0442 \u043d\u0435\u0437\u043d\u0430\u0447\u0438\u0442\u0435\u043b\u044c\u043d\u043e \u043e\u0442\u043b\u0438\u0447\u0430\u0442\u044c\u0441\u044f \u0432 \u0437\u0430\u0432\u0438\u0441\u0438\u043c\u043e\u0441\u0442\u0438 \u043e\u0442 \u044d\u043a\u0440\u0430\u043d\u0430 \u0432\u0430\u0448\u0435\u0433\u043e \u0443\u0441\u0442\u0440\u043e\u0439\u0441\u0442\u0432\u0430.<\/p>","protected":false},"excerpt":{"rendered":"<p>Superba Alpaca Luxury Socks \u2013 tai auk\u0161tos kokyb\u0117s kojini\u0173 si\u016blai, pagaminti i\u0161 grynos vilnos mi\u0161inio su alpaka. \u0160i sud\u0117tis suteikia si\u016blams i\u0161skirtin\u012f \u0161velnum\u0105, \u0161ilum\u0105 ir elastingum\u0105, tod\u0117l j\u016bs\u0173 rank\u0173 darbo kojin\u0117s bus ne tik patogios, bet ir itin malonios odai. Si\u016blai puikiai tinka ne tik kojini\u0173 mezgimui, bet ir pir\u0161tin\u0117ms, kepur\u0117ms ar \u0161alikams, kai norisi [&hellip;]<\/p>\n","protected":false},"featured_media":3942,"comment_status":"open","ping_status":"closed","template":"","meta":{"_acf_changed":false},"product_brand":[68],"product_cat":[15,18,94],"product_tag":[],"pro-kategorijos":[54,56],"class_list":{"0":"post-3940","1":"product","2":"type-product","3":"status-publish","4":"has-post-thumbnail","6":"product_brand-rico-design","7":"product_cat-visi-produktai","8":"product_cat-siulai","9":"product_cat-siulai-kojinems","10":"pro-kategorijos-alpaka","11":"pro-kategorijos-vilna","13":"first","14":"instock","15":"shipping-taxable","16":"purchasable","17":"product-type-variable"},"acf":[],"yoast_head":"<!-- This site is optimized with the Yoast SEO plugin v26.8 - https:\/\/yoast.com\/product\/yoast-seo-wordpress\/ -->\n<title>Rico Design superba Alpaca Luxury Socks - Happyinaknit.com<\/title>\n<meta name=\"robots\" content=\"index, follow, max-snippet:-1, max-image-preview:large, max-video-preview:-1\" \/>\n<link rel=\"canonical\" href=\"https:\/\/happyinaknit.com\/ru\/product\/rico-design-superba-alpaca-luxury-socks\/\" \/>\n<meta property=\"og:locale\" content=\"ru_RU\" \/>\n<meta property=\"og:type\" content=\"article\" \/>\n<meta property=\"og:title\" content=\"Rico Design superba Alpaca Luxury Socks - Happyinaknit.com\" \/>\n<meta property=\"og:description\" content=\"Superba Alpaca Luxury Socks \u2013 tai auk\u0161tos kokyb\u0117s kojini\u0173 si\u016blai, pagaminti i\u0161 grynos vilnos mi\u0161inio su alpaka. \u0160i sud\u0117tis suteikia si\u016blams i\u0161skirtin\u012f \u0161velnum\u0105, \u0161ilum\u0105 ir elastingum\u0105, tod\u0117l j\u016bs\u0173 rank\u0173 darbo kojin\u0117s bus ne tik patogios, bet ir itin malonios odai. Si\u016blai puikiai tinka ne tik kojini\u0173 mezgimui, bet ir pir\u0161tin\u0117ms, kepur\u0117ms ar \u0161alikams, kai norisi [&hellip;]\" \/>\n<meta property=\"og:url\" content=\"https:\/\/happyinaknit.com\/ru\/product\/rico-design-superba-alpaca-luxury-socks\/\" \/>\n<meta property=\"og:site_name\" content=\"Happyinaknit.com\" \/>\n<meta property=\"article:modified_time\" content=\"2026-03-26T14:33:28+00:00\" \/>\n<meta property=\"og:image\" content=\"https:\/\/happyinaknit.com\/wp-content\/uploads\/2025\/10\/\u0421\u043d\u0438\u043c\u043e\u043a-\u044d\u043a\u0440\u0430\u043d\u0430-2025-10-09-\u0432-12.38.54.png\" \/>\n\t<meta property=\"og:image:width\" content=\"1088\" \/>\n\t<meta property=\"og:image:height\" content=\"1012\" \/>\n\t<meta property=\"og:image:type\" content=\"image\/png\" \/>\n<meta name=\"twitter:card\" content=\"summary_large_image\" \/>\n<meta name=\"twitter:label1\" content=\"\u041f\u0440\u0438\u043c\u0435\u0440\u043d\u043e\u0435 \u0432\u0440\u0435\u043c\u044f \u0434\u043b\u044f \u0447\u0442\u0435\u043d\u0438\u044f\" \/>\n\t<meta name=\"twitter:data1\" content=\"1 \u043c\u0438\u043d\u0443\u0442\u0430\" \/>\n<script type=\"application\/ld+json\" class=\"yoast-schema-graph\">{\"@context\":\"https:\/\/schema.org\",\"@graph\":[{\"@type\":\"WebPage\",\"@id\":\"https:\/\/happyinaknit.com\/produktas\/rico-design-superba-alpaca-luxury-socks\/\",\"url\":\"https:\/\/happyinaknit.com\/produktas\/rico-design-superba-alpaca-luxury-socks\/\",\"name\":\"Rico Design superba Alpaca Luxury Socks - Happyinaknit.com\",\"isPartOf\":{\"@id\":\"https:\/\/happyinaknit.com\/lt\/#website\"},\"primaryImageOfPage\":{\"@id\":\"https:\/\/happyinaknit.com\/produktas\/rico-design-superba-alpaca-luxury-socks\/#primaryimage\"},\"image\":{\"@id\":\"https:\/\/happyinaknit.com\/produktas\/rico-design-superba-alpaca-luxury-socks\/#primaryimage\"},\"thumbnailUrl\":\"https:\/\/happyinaknit.com\/wp-content\/uploads\/2025\/10\/\u0421\u043d\u0438\u043c\u043e\u043a-\u044d\u043a\u0440\u0430\u043d\u0430-2025-10-09-\u0432-12.38.54.png\",\"datePublished\":\"2025-10-09T09:40:37+00:00\",\"dateModified\":\"2026-03-26T14:33:28+00:00\",\"breadcrumb\":{\"@id\":\"https:\/\/happyinaknit.com\/produktas\/rico-design-superba-alpaca-luxury-socks\/#breadcrumb\"},\"inLanguage\":\"ru-RU\",\"potentialAction\":[{\"@type\":\"ReadAction\",\"target\":[\"https:\/\/happyinaknit.com\/produktas\/rico-design-superba-alpaca-luxury-socks\/\"]}]},{\"@type\":\"ImageObject\",\"inLanguage\":\"ru-RU\",\"@id\":\"https:\/\/happyinaknit.com\/produktas\/rico-design-superba-alpaca-luxury-socks\/#primaryimage\",\"url\":\"https:\/\/happyinaknit.com\/wp-content\/uploads\/2025\/10\/\u0421\u043d\u0438\u043c\u043e\u043a-\u044d\u043a\u0440\u0430\u043d\u0430-2025-10-09-\u0432-12.38.54.png\",\"contentUrl\":\"https:\/\/happyinaknit.com\/wp-content\/uploads\/2025\/10\/\u0421\u043d\u0438\u043c\u043e\u043a-\u044d\u043a\u0440\u0430\u043d\u0430-2025-10-09-\u0432-12.38.54.png\",\"width\":1088,\"height\":1012},{\"@type\":\"BreadcrumbList\",\"@id\":\"https:\/\/happyinaknit.com\/produktas\/rico-design-superba-alpaca-luxury-socks\/#breadcrumb\",\"itemListElement\":[{\"@type\":\"ListItem\",\"position\":1,\"name\":\"Home\",\"item\":\"https:\/\/happyinaknit.com\/lt\/\"},{\"@type\":\"ListItem\",\"position\":2,\"name\":\"Parduotuv\u0117\",\"item\":\"https:\/\/happyinaknit.com\/lt\/parduotuve\/\"},{\"@type\":\"ListItem\",\"position\":3,\"name\":\"Rico Design superba Alpaca Luxury Socks\"}]},{\"@type\":\"WebSite\",\"@id\":\"https:\/\/happyinaknit.com\/lt\/#website\",\"url\":\"https:\/\/happyinaknit.com\/lt\/\",\"name\":\"Happyinaknit.com\",\"description\":\"\",\"potentialAction\":[{\"@type\":\"SearchAction\",\"target\":{\"@type\":\"EntryPoint\",\"urlTemplate\":\"https:\/\/happyinaknit.com\/lt\/?s={search_term_string}\"},\"query-input\":{\"@type\":\"PropertyValueSpecification\",\"valueRequired\":true,\"valueName\":\"search_term_string\"}}],\"inLanguage\":\"ru-RU\"}]}<\/script>\n<!-- \/ Yoast SEO plugin. -->","yoast_head_json":{"title":"Rico Design superba Alpaca Luxury Socks - Happyinaknit.com","robots":{"index":"index","follow":"follow","max-snippet":"max-snippet:-1","max-image-preview":"max-image-preview:large","max-video-preview":"max-video-preview:-1"},"canonical":"https:\/\/happyinaknit.com\/ru\/product\/rico-design-superba-alpaca-luxury-socks\/","og_locale":"ru_RU","og_type":"article","og_title":"Rico Design superba Alpaca Luxury Socks - Happyinaknit.com","og_description":"Superba Alpaca Luxury Socks \u2013 tai auk\u0161tos kokyb\u0117s kojini\u0173 si\u016blai, pagaminti i\u0161 grynos vilnos mi\u0161inio su alpaka. \u0160i sud\u0117tis suteikia si\u016blams i\u0161skirtin\u012f \u0161velnum\u0105, \u0161ilum\u0105 ir elastingum\u0105, tod\u0117l j\u016bs\u0173 rank\u0173 darbo kojin\u0117s bus ne tik patogios, bet ir itin malonios odai. Si\u016blai puikiai tinka ne tik kojini\u0173 mezgimui, bet ir pir\u0161tin\u0117ms, kepur\u0117ms ar \u0161alikams, kai norisi [&hellip;]","og_url":"https:\/\/happyinaknit.com\/ru\/product\/rico-design-superba-alpaca-luxury-socks\/","og_site_name":"Happyinaknit.com","article_modified_time":"2026-03-26T14:33:28+00:00","og_image":[{"width":1088,"height":1012,"url":"https:\/\/happyinaknit.com\/wp-content\/uploads\/2025\/10\/\u0421\u043d\u0438\u043c\u043e\u043a-\u044d\u043a\u0440\u0430\u043d\u0430-2025-10-09-\u0432-12.38.54.png","type":"image\/png"}],"twitter_card":"summary_large_image","twitter_misc":{"\u041f\u0440\u0438\u043c\u0435\u0440\u043d\u043e\u0435 \u0432\u0440\u0435\u043c\u044f \u0434\u043b\u044f \u0447\u0442\u0435\u043d\u0438\u044f":"1 \u043c\u0438\u043d\u0443\u0442\u0430"},"schema":{"@context":"https:\/\/schema.org","@graph":[{"@type":"WebPage","@id":"https:\/\/happyinaknit.com\/produktas\/rico-design-superba-alpaca-luxury-socks\/","url":"https:\/\/happyinaknit.com\/produktas\/rico-design-superba-alpaca-luxury-socks\/","name":"Rico Design superba Alpaca Luxury Socks - Happyinaknit.com","isPartOf":{"@id":"https:\/\/happyinaknit.com\/lt\/#website"},"primaryImageOfPage":{"@id":"https:\/\/happyinaknit.com\/produktas\/rico-design-superba-alpaca-luxury-socks\/#primaryimage"},"image":{"@id":"https:\/\/happyinaknit.com\/produktas\/rico-design-superba-alpaca-luxury-socks\/#primaryimage"},"thumbnailUrl":"https:\/\/happyinaknit.com\/wp-content\/uploads\/2025\/10\/\u0421\u043d\u0438\u043c\u043e\u043a-\u044d\u043a\u0440\u0430\u043d\u0430-2025-10-09-\u0432-12.38.54.png","datePublished":"2025-10-09T09:40:37+00:00","dateModified":"2026-03-26T14:33:28+00:00","breadcrumb":{"@id":"https:\/\/happyinaknit.com\/produktas\/rico-design-superba-alpaca-luxury-socks\/#breadcrumb"},"inLanguage":"ru-RU","potentialAction":[{"@type":"ReadAction","target":["https:\/\/happyinaknit.com\/produktas\/rico-design-superba-alpaca-luxury-socks\/"]}]},{"@type":"ImageObject","inLanguage":"ru-RU","@id":"https:\/\/happyinaknit.com\/produktas\/rico-design-superba-alpaca-luxury-socks\/#primaryimage","url":"https:\/\/happyinaknit.com\/wp-content\/uploads\/2025\/10\/\u0421\u043d\u0438\u043c\u043e\u043a-\u044d\u043a\u0440\u0430\u043d\u0430-2025-10-09-\u0432-12.38.54.png","contentUrl":"https:\/\/happyinaknit.com\/wp-content\/uploads\/2025\/10\/\u0421\u043d\u0438\u043c\u043e\u043a-\u044d\u043a\u0440\u0430\u043d\u0430-2025-10-09-\u0432-12.38.54.png","width":1088,"height":1012},{"@type":"BreadcrumbList","@id":"https:\/\/happyinaknit.com\/produktas\/rico-design-superba-alpaca-luxury-socks\/#breadcrumb","itemListElement":[{"@type":"ListItem","position":1,"name":"Home","item":"https:\/\/happyinaknit.com\/lt\/"},{"@type":"ListItem","position":2,"name":"Parduotuv\u0117","item":"https:\/\/happyinaknit.com\/lt\/parduotuve\/"},{"@type":"ListItem","position":3,"name":"Rico Design superba Alpaca Luxury Socks"}]},{"@type":"WebSite","@id":"https:\/\/happyinaknit.com\/lt\/#website","url":"https:\/\/happyinaknit.com\/lt\/","name":"Happyinaknit.com","description":"","potentialAction":[{"@type":"SearchAction","target":{"@type":"EntryPoint","urlTemplate":"https:\/\/happyinaknit.com\/lt\/?s={search_term_string}"},"query-input":{"@type":"PropertyValueSpecification","valueRequired":true,"valueName":"search_term_string"}}],"inLanguage":"ru-RU"}]}},"_links":{"self":[{"href":"https:\/\/happyinaknit.com\/ru\/wp-json\/wp\/v2\/product\/3940","targetHints":{"allow":["GET"]}}],"collection":[{"href":"https:\/\/happyinaknit.com\/ru\/wp-json\/wp\/v2\/product"}],"about":[{"href":"https:\/\/happyinaknit.com\/ru\/wp-json\/wp\/v2\/types\/product"}],"replies":[{"embeddable":true,"href":"https:\/\/happyinaknit.com\/ru\/wp-json\/wp\/v2\/comments?post=3940"}],"wp:featuredmedia":[{"embeddable":true,"href":"https:\/\/happyinaknit.com\/ru\/wp-json\/wp\/v2\/media\/3942"}],"wp:attachment":[{"href":"https:\/\/happyinaknit.com\/ru\/wp-json\/wp\/v2\/media?parent=3940"}],"wp:term":[{"taxonomy":"product_brand","embeddable":true,"href":"https:\/\/happyinaknit.com\/ru\/wp-json\/wp\/v2\/product_brand?post=3940"},{"taxonomy":"product_cat","embeddable":true,"href":"https:\/\/happyinaknit.com\/ru\/wp-json\/wp\/v2\/product_cat?post=3940"},{"taxonomy":"product_tag","embeddable":true,"href":"https:\/\/happyinaknit.com\/ru\/wp-json\/wp\/v2\/product_tag?post=3940"},{"taxonomy":"pro-kategorijos","embeddable":true,"href":"https:\/\/happyinaknit.com\/ru\/wp-json\/wp\/v2\/pro-kategorijos?post=3940"}],"curies":[{"name":"wp","href":"https:\/\/api.w.org\/{rel}","templated":true}]}}