{"id":3927,"date":"2025-10-09T09:34:14","date_gmt":"2025-10-09T09:34:14","guid":{"rendered":"https:\/\/happyinaknit.com\/?post_type=product&#038;p=3927"},"modified":"2026-03-23T14:50:09","modified_gmt":"2026-03-23T14:50:09","slug":"opal-flair-4-ply","status":"publish","type":"product","link":"https:\/\/happyinaknit.com\/ru\/product\/opal-flair-4-ply\/","title":{"rendered":"Opal Flair  4-ply"},"content":{"rendered":"<p data-start=\"69\" data-end=\"306\">\u042d\u0442\u0430 \u0447\u0435\u0442\u044b\u0440\u0451\u0445\u0441\u043b\u043e\u0439\u043d\u0430\u044f \u0448\u0435\u0440\u0441\u0442\u044c \u0438\u0437 \u0441\u0435\u0440\u0438\u0438 Opal \u0438\u0434\u0435\u0430\u043b\u044c\u043d\u043e \u043f\u043e\u0434\u0445\u043e\u0434\u0438\u0442 \u0434\u043b\u044f \u0442\u0451\u043f\u043b\u044b\u0445, \u043f\u0440\u043e\u0447\u043d\u044b\u0445 \u0438 \u044f\u0440\u043a\u0438\u0445 \u0438\u0437\u0434\u0435\u043b\u0438\u0439. \u0426\u0432\u0435\u0442\u043e\u0432\u044b\u0435 \u043f\u0435\u0440\u0435\u0445\u043e\u0434\u044b \u043e\u0431\u0440\u0430\u0437\u0443\u044e\u0442 \u043d\u0435\u043f\u043e\u0432\u0442\u043e\u0440\u0438\u043c\u044b\u0435 \u0443\u0437\u043e\u0440\u044b, \u0431\u043b\u0430\u0433\u043e\u0434\u0430\u0440\u044f \u043a\u043e\u0442\u043e\u0440\u044b\u043c \u043a\u0430\u0436\u0434\u043e\u0435 \u0438\u0437\u0434\u0435\u043b\u0438\u0435 \u0432\u044b\u0433\u043b\u044f\u0434\u0438\u0442 \u043d\u0435\u043f\u043e\u0432\u0442\u043e\u0440\u0438\u043c\u043e \u2014 \u0441\u043b\u043e\u0432\u043d\u043e \u043f\u0440\u043e\u0438\u0437\u0432\u0435\u0434\u0435\u043d\u0438\u0435 \u0438\u0441\u043a\u0443\u0441\u0441\u0442\u0432\u0430 \u0440\u0443\u0447\u043d\u043e\u0439 \u0440\u0430\u0431\u043e\u0442\u044b.<\/p>\n<p data-start=\"308\" data-end=\"515\">\u042d\u0442\u0430 \u043f\u0440\u044f\u0436\u0430 \u0438\u0434\u0435\u0430\u043b\u044c\u043d\u043e \u043f\u043e\u0434\u0445\u043e\u0434\u0438\u0442 \u0434\u043b\u044f \u0432\u044f\u0437\u0430\u043d\u0438\u044f \u043d\u043e\u0441\u043a\u043e\u0432, \u0430 \u0442\u0430\u043a\u0436\u0435 \u0441\u0432\u0438\u0442\u0435\u0440\u043e\u0432, \u0448\u0430\u043f\u043e\u043a, \u043f\u0435\u0440\u0447\u0430\u0442\u043e\u043a \u0438 \u0448\u0430\u0440\u0444\u043e\u0432. \u0411\u043b\u0430\u0433\u043e\u0434\u0430\u0440\u044f \u043e\u0431\u0440\u0430\u0431\u043e\u0442\u043a\u0435 Superwash \u043e\u043d\u0430 \u043f\u0440\u043e\u0441\u0442\u0430 \u0432 \u0443\u0445\u043e\u0434\u0435, \u043f\u0440\u0438\u044f\u0442\u043d\u0430 \u043a \u0442\u0435\u043b\u0443 \u0438 \u0434\u043e\u043b\u0433\u043e\u0432\u0435\u0447\u043d\u0430.<\/p>\n<p data-start=\"517\" data-end=\"763\"><strong data-start=\"517\" data-end=\"529\">\u0421\u043e\u0441\u0442\u0430\u0432:<\/strong> 75 % \u0448\u0435\u0440\u0441\u0442\u044c (superwash), 25 % \u043f\u043e\u043b\u0438\u0430\u043c\u0438\u0434<br data-start=\"569\" data-end=\"572\" \/><strong data-start=\"572\" data-end=\"583\">\u0412\u0435\u0441\/ \u0434\u043b\u0438\u043d\u0430:<\/strong> 100 \u0433 - 425 \u043c<br data-start=\"608\" data-end=\"611\" data-is-only-node=\"\" \/><strong data-start=\"611\" data-end=\"637\">\u041f\u043b\u043e\u0442\u043d\u043e\u0441\u0442\u044c: <\/strong>10 \u00d7 10 \u0441\u043c \u2013 30 \u043f\u0435\u0442\u0435\u043b\u044c \u00d7 42 \u0440\u044f\u0434\u0430<br data-start=\"656\" data-end=\"659\" \/><strong data-start=\"659\" data-end=\"687\">\u0420\u0435\u043a\u043e\u043c\u0435\u043d\u0434\u0443\u0435\u043c\u044b\u0435 \u0441\u043f\u0438\u0446\u044b:<\/strong> 2,5 \u043c\u043c<br data-start=\"694\" data-end=\"697\" \/><strong data-start=\"697\" data-end=\"708\">\u0420\u0430\u0441\u0445\u043e\u0434:<\/strong> \u043e\u0434\u043d\u043e\u0433\u043e \u043c\u043e\u0442\u043a\u0430 \u0445\u0432\u0430\u0442\u0430\u0435\u0442 \u043d\u0430 \u043f\u0430\u0440\u0443 \u043d\u043e\u0441\u043a\u043e\u0432 \u0434\u043e 46 \u0440\u0430\u0437\u043c\u0435\u0440\u0430<\/p>\n<p data-start=\"765\" data-end=\"832\"><strong data-start=\"765\" data-end=\"775\">\u041f\u043e\u0434\u0445\u043e\u0434\u0438\u0442 \u0434\u043b\u044f:<\/strong> \u043d\u043e\u0441\u043a\u043e\u0432, \u0441\u0432\u0438\u0442\u0435\u0440\u043e\u0432, \u0448\u0430\u043f\u043e\u043a, \u043f\u0435\u0440\u0447\u0430\u0442\u043e\u043a, \u0448\u0430\u0440\u0444\u043e\u0432.<\/p>\n<p data-start=\"834\" data-end=\"1022\" data-is-last-node=\"\" data-is-only-node=\"\"><strong data-start=\"834\" data-end=\"848\">\u0421\u043e\u0432\u0435\u0442\u044b \u043f\u043e \u0443\u0445\u043e\u0434\u0443:<\/strong> \u0421\u0442\u0438\u0440\u0430\u0442\u044c \u043f\u0440\u0438 \u0442\u0435\u043c\u043f\u0435\u0440\u0430\u0442\u0443\u0440\u0435 \u0434\u043e 40 \u00b0C (\u0440\u0435\u0436\u0438\u043c \u00ab\u0428\u0435\u0440\u0441\u0442\u044c\u00bb), \u0441\u0443\u0448\u0438\u0442\u044c \u043d\u0430 \u0433\u043e\u0440\u0438\u0437\u043e\u043d\u0442\u0430\u043b\u044c\u043d\u043e\u0439 \u043f\u043e\u0432\u0435\u0440\u0445\u043d\u043e\u0441\u0442\u0438.<\/p>\n<p data-start=\"834\" data-end=\"1022\" data-is-last-node=\"\" data-is-only-node=\"\"><br data-start=\"931\" data-end=\"934\" \/><strong data-start=\"934\" data-end=\"946\">\u041f\u0440\u0438\u043c\u0435\u0447\u0430\u043d\u0438\u0435:<\/strong> \u0426\u0432\u0435\u0442\u043e\u0432\u044b\u0435 \u043e\u0442\u0442\u0435\u043d\u043a\u0438 \u043c\u043e\u0433\u0443\u0442 \u043d\u0435\u0437\u043d\u0430\u0447\u0438\u0442\u0435\u043b\u044c\u043d\u043e \u043e\u0442\u043b\u0438\u0447\u0430\u0442\u044c\u0441\u044f \u0432 \u0437\u0430\u0432\u0438\u0441\u0438\u043c\u043e\u0441\u0442\u0438 \u043e\u0442 \u044d\u043a\u0440\u0430\u043d\u0430 \u0432\u0430\u0448\u0435\u0433\u043e \u0443\u0441\u0442\u0440\u043e\u0439\u0441\u0442\u0432\u0430.<\/p>","protected":false},"excerpt":{"rendered":"<p>\u0160i Opal serijos 4 sluoksni\u0173 (4-ply) vilna idealiai tinka \u0161iltiems, tvirtiems ir spalvingiems mezginiams. Spalv\u0173 per\u0117jimai formuoja unikalius ra\u0161tus, tod\u0117l kiekvienas mezginys atrodo i\u0161skirtinai \u2013 tarsi rank\u0173 darbo meno k\u016brinys. Si\u016blai puikiai tinka kojini\u0173 mezgimui, ta\u010diau juos galima naudoti ir megztiniams, kepur\u0117ms, pir\u0161tin\u0117ms ar \u0161alikams. D\u0117l superwash apdirbimo jie yra lengvai pri\u017ei\u016brimi, \u0161veln\u016bs odai ir [&hellip;]<\/p>\n","protected":false},"featured_media":3928,"comment_status":"open","ping_status":"closed","template":"","meta":{"_acf_changed":false},"product_brand":[871],"product_cat":[15,18,94],"product_tag":[],"pro-kategorijos":[56],"class_list":{"0":"post-3927","1":"product","2":"type-product","3":"status-publish","4":"has-post-thumbnail","6":"product_brand-opal","7":"product_cat-visi-produktai","8":"product_cat-siulai","9":"product_cat-siulai-kojinems","10":"pro-kategorijos-vilna","12":"first","13":"instock","14":"shipping-taxable","15":"purchasable","16":"product-type-variable"},"acf":[],"yoast_head":"<!-- This site is optimized with the Yoast SEO plugin v26.8 - https:\/\/yoast.com\/product\/yoast-seo-wordpress\/ -->\n<title>Opal Flair 4-ply - Happyinaknit.com<\/title>\n<meta name=\"robots\" content=\"index, follow, max-snippet:-1, max-image-preview:large, max-video-preview:-1\" \/>\n<link rel=\"canonical\" href=\"https:\/\/happyinaknit.com\/ru\/product\/opal-flair-4-ply\/\" \/>\n<meta property=\"og:locale\" content=\"ru_RU\" \/>\n<meta property=\"og:type\" content=\"article\" \/>\n<meta property=\"og:title\" content=\"Opal Flair 4-ply - Happyinaknit.com\" \/>\n<meta property=\"og:description\" content=\"\u0160i Opal serijos 4 sluoksni\u0173 (4-ply) vilna idealiai tinka \u0161iltiems, tvirtiems ir spalvingiems mezginiams. Spalv\u0173 per\u0117jimai formuoja unikalius ra\u0161tus, tod\u0117l kiekvienas mezginys atrodo i\u0161skirtinai \u2013 tarsi rank\u0173 darbo meno k\u016brinys. Si\u016blai puikiai tinka kojini\u0173 mezgimui, ta\u010diau juos galima naudoti ir megztiniams, kepur\u0117ms, pir\u0161tin\u0117ms ar \u0161alikams. D\u0117l superwash apdirbimo jie yra lengvai pri\u017ei\u016brimi, \u0161veln\u016bs odai ir [&hellip;]\" \/>\n<meta property=\"og:url\" content=\"https:\/\/happyinaknit.com\/ru\/product\/opal-flair-4-ply\/\" \/>\n<meta property=\"og:site_name\" content=\"Happyinaknit.com\" \/>\n<meta property=\"article:modified_time\" content=\"2026-03-23T14:50:09+00:00\" \/>\n<meta property=\"og:image\" content=\"https:\/\/happyinaknit.com\/wp-content\/uploads\/2025\/10\/opal-flair-4-ply.jpg.webp\" \/>\n\t<meta property=\"og:image:width\" content=\"800\" \/>\n\t<meta property=\"og:image:height\" content=\"800\" \/>\n\t<meta property=\"og:image:type\" content=\"image\/webp\" \/>\n<meta name=\"twitter:card\" content=\"summary_large_image\" \/>\n<meta name=\"twitter:label1\" content=\"\u041f\u0440\u0438\u043c\u0435\u0440\u043d\u043e\u0435 \u0432\u0440\u0435\u043c\u044f \u0434\u043b\u044f \u0447\u0442\u0435\u043d\u0438\u044f\" \/>\n\t<meta name=\"twitter:data1\" content=\"1 \u043c\u0438\u043d\u0443\u0442\u0430\" \/>\n<script type=\"application\/ld+json\" class=\"yoast-schema-graph\">{\"@context\":\"https:\/\/schema.org\",\"@graph\":[{\"@type\":\"WebPage\",\"@id\":\"https:\/\/happyinaknit.com\/produktas\/opal-flair-4-ply\/\",\"url\":\"https:\/\/happyinaknit.com\/produktas\/opal-flair-4-ply\/\",\"name\":\"Opal Flair 4-ply - Happyinaknit.com\",\"isPartOf\":{\"@id\":\"https:\/\/happyinaknit.com\/lt\/#website\"},\"primaryImageOfPage\":{\"@id\":\"https:\/\/happyinaknit.com\/produktas\/opal-flair-4-ply\/#primaryimage\"},\"image\":{\"@id\":\"https:\/\/happyinaknit.com\/produktas\/opal-flair-4-ply\/#primaryimage\"},\"thumbnailUrl\":\"https:\/\/happyinaknit.com\/wp-content\/uploads\/2025\/10\/opal-flair-4-ply.jpg.webp\",\"datePublished\":\"2025-10-09T09:34:14+00:00\",\"dateModified\":\"2026-03-23T14:50:09+00:00\",\"breadcrumb\":{\"@id\":\"https:\/\/happyinaknit.com\/produktas\/opal-flair-4-ply\/#breadcrumb\"},\"inLanguage\":\"ru-RU\",\"potentialAction\":[{\"@type\":\"ReadAction\",\"target\":[\"https:\/\/happyinaknit.com\/produktas\/opal-flair-4-ply\/\"]}]},{\"@type\":\"ImageObject\",\"inLanguage\":\"ru-RU\",\"@id\":\"https:\/\/happyinaknit.com\/produktas\/opal-flair-4-ply\/#primaryimage\",\"url\":\"https:\/\/happyinaknit.com\/wp-content\/uploads\/2025\/10\/opal-flair-4-ply.jpg.webp\",\"contentUrl\":\"https:\/\/happyinaknit.com\/wp-content\/uploads\/2025\/10\/opal-flair-4-ply.jpg.webp\",\"width\":800,\"height\":800},{\"@type\":\"BreadcrumbList\",\"@id\":\"https:\/\/happyinaknit.com\/produktas\/opal-flair-4-ply\/#breadcrumb\",\"itemListElement\":[{\"@type\":\"ListItem\",\"position\":1,\"name\":\"Home\",\"item\":\"https:\/\/happyinaknit.com\/lt\/\"},{\"@type\":\"ListItem\",\"position\":2,\"name\":\"Parduotuv\u0117\",\"item\":\"https:\/\/happyinaknit.com\/lt\/parduotuve\/\"},{\"@type\":\"ListItem\",\"position\":3,\"name\":\"Opal Flair 4-ply\"}]},{\"@type\":\"WebSite\",\"@id\":\"https:\/\/happyinaknit.com\/lt\/#website\",\"url\":\"https:\/\/happyinaknit.com\/lt\/\",\"name\":\"Happyinaknit.com\",\"description\":\"\",\"potentialAction\":[{\"@type\":\"SearchAction\",\"target\":{\"@type\":\"EntryPoint\",\"urlTemplate\":\"https:\/\/happyinaknit.com\/lt\/?s={search_term_string}\"},\"query-input\":{\"@type\":\"PropertyValueSpecification\",\"valueRequired\":true,\"valueName\":\"search_term_string\"}}],\"inLanguage\":\"ru-RU\"}]}<\/script>\n<!-- \/ Yoast SEO plugin. -->","yoast_head_json":{"title":"Opal Flair 4-ply - Happyinaknit.com","robots":{"index":"index","follow":"follow","max-snippet":"max-snippet:-1","max-image-preview":"max-image-preview:large","max-video-preview":"max-video-preview:-1"},"canonical":"https:\/\/happyinaknit.com\/ru\/product\/opal-flair-4-ply\/","og_locale":"ru_RU","og_type":"article","og_title":"Opal Flair 4-ply - Happyinaknit.com","og_description":"\u0160i Opal serijos 4 sluoksni\u0173 (4-ply) vilna idealiai tinka \u0161iltiems, tvirtiems ir spalvingiems mezginiams. Spalv\u0173 per\u0117jimai formuoja unikalius ra\u0161tus, tod\u0117l kiekvienas mezginys atrodo i\u0161skirtinai \u2013 tarsi rank\u0173 darbo meno k\u016brinys. Si\u016blai puikiai tinka kojini\u0173 mezgimui, ta\u010diau juos galima naudoti ir megztiniams, kepur\u0117ms, pir\u0161tin\u0117ms ar \u0161alikams. D\u0117l superwash apdirbimo jie yra lengvai pri\u017ei\u016brimi, \u0161veln\u016bs odai ir [&hellip;]","og_url":"https:\/\/happyinaknit.com\/ru\/product\/opal-flair-4-ply\/","og_site_name":"Happyinaknit.com","article_modified_time":"2026-03-23T14:50:09+00:00","og_image":[{"width":800,"height":800,"url":"https:\/\/happyinaknit.com\/wp-content\/uploads\/2025\/10\/opal-flair-4-ply.jpg.webp","type":"image\/webp"}],"twitter_card":"summary_large_image","twitter_misc":{"\u041f\u0440\u0438\u043c\u0435\u0440\u043d\u043e\u0435 \u0432\u0440\u0435\u043c\u044f \u0434\u043b\u044f \u0447\u0442\u0435\u043d\u0438\u044f":"1 \u043c\u0438\u043d\u0443\u0442\u0430"},"schema":{"@context":"https:\/\/schema.org","@graph":[{"@type":"WebPage","@id":"https:\/\/happyinaknit.com\/produktas\/opal-flair-4-ply\/","url":"https:\/\/happyinaknit.com\/produktas\/opal-flair-4-ply\/","name":"Opal Flair 4-ply - Happyinaknit.com","isPartOf":{"@id":"https:\/\/happyinaknit.com\/lt\/#website"},"primaryImageOfPage":{"@id":"https:\/\/happyinaknit.com\/produktas\/opal-flair-4-ply\/#primaryimage"},"image":{"@id":"https:\/\/happyinaknit.com\/produktas\/opal-flair-4-ply\/#primaryimage"},"thumbnailUrl":"https:\/\/happyinaknit.com\/wp-content\/uploads\/2025\/10\/opal-flair-4-ply.jpg.webp","datePublished":"2025-10-09T09:34:14+00:00","dateModified":"2026-03-23T14:50:09+00:00","breadcrumb":{"@id":"https:\/\/happyinaknit.com\/produktas\/opal-flair-4-ply\/#breadcrumb"},"inLanguage":"ru-RU","potentialAction":[{"@type":"ReadAction","target":["https:\/\/happyinaknit.com\/produktas\/opal-flair-4-ply\/"]}]},{"@type":"ImageObject","inLanguage":"ru-RU","@id":"https:\/\/happyinaknit.com\/produktas\/opal-flair-4-ply\/#primaryimage","url":"https:\/\/happyinaknit.com\/wp-content\/uploads\/2025\/10\/opal-flair-4-ply.jpg.webp","contentUrl":"https:\/\/happyinaknit.com\/wp-content\/uploads\/2025\/10\/opal-flair-4-ply.jpg.webp","width":800,"height":800},{"@type":"BreadcrumbList","@id":"https:\/\/happyinaknit.com\/produktas\/opal-flair-4-ply\/#breadcrumb","itemListElement":[{"@type":"ListItem","position":1,"name":"Home","item":"https:\/\/happyinaknit.com\/lt\/"},{"@type":"ListItem","position":2,"name":"Parduotuv\u0117","item":"https:\/\/happyinaknit.com\/lt\/parduotuve\/"},{"@type":"ListItem","position":3,"name":"Opal Flair 4-ply"}]},{"@type":"WebSite","@id":"https:\/\/happyinaknit.com\/lt\/#website","url":"https:\/\/happyinaknit.com\/lt\/","name":"Happyinaknit.com","description":"","potentialAction":[{"@type":"SearchAction","target":{"@type":"EntryPoint","urlTemplate":"https:\/\/happyinaknit.com\/lt\/?s={search_term_string}"},"query-input":{"@type":"PropertyValueSpecification","valueRequired":true,"valueName":"search_term_string"}}],"inLanguage":"ru-RU"}]}},"_links":{"self":[{"href":"https:\/\/happyinaknit.com\/ru\/wp-json\/wp\/v2\/product\/3927","targetHints":{"allow":["GET"]}}],"collection":[{"href":"https:\/\/happyinaknit.com\/ru\/wp-json\/wp\/v2\/product"}],"about":[{"href":"https:\/\/happyinaknit.com\/ru\/wp-json\/wp\/v2\/types\/product"}],"replies":[{"embeddable":true,"href":"https:\/\/happyinaknit.com\/ru\/wp-json\/wp\/v2\/comments?post=3927"}],"wp:featuredmedia":[{"embeddable":true,"href":"https:\/\/happyinaknit.com\/ru\/wp-json\/wp\/v2\/media\/3928"}],"wp:attachment":[{"href":"https:\/\/happyinaknit.com\/ru\/wp-json\/wp\/v2\/media?parent=3927"}],"wp:term":[{"taxonomy":"product_brand","embeddable":true,"href":"https:\/\/happyinaknit.com\/ru\/wp-json\/wp\/v2\/product_brand?post=3927"},{"taxonomy":"product_cat","embeddable":true,"href":"https:\/\/happyinaknit.com\/ru\/wp-json\/wp\/v2\/product_cat?post=3927"},{"taxonomy":"product_tag","embeddable":true,"href":"https:\/\/happyinaknit.com\/ru\/wp-json\/wp\/v2\/product_tag?post=3927"},{"taxonomy":"pro-kategorijos","embeddable":true,"href":"https:\/\/happyinaknit.com\/ru\/wp-json\/wp\/v2\/pro-kategorijos?post=3927"}],"curies":[{"name":"wp","href":"https:\/\/api.w.org\/{rel}","templated":true}]}}