{"id":3916,"date":"2025-10-09T09:24:34","date_gmt":"2025-10-09T09:24:34","guid":{"rendered":"https:\/\/happyinaknit.com\/?post_type=product&#038;p=3916"},"modified":"2026-01-02T19:45:43","modified_gmt":"2026-01-02T19:45:43","slug":"opal-nach-hundertwasser-edition-4-ply","status":"publish","type":"product","link":"https:\/\/happyinaknit.com\/ru\/product\/opal-nach-hundertwasser-edition-4-ply\/","title":{"rendered":"Opal Nach Hundertwasser Edition,   4-ply"},"content":{"rendered":"<p data-start=\"71\" data-end=\"355\">\u041a\u043e\u043b\u043b\u0435\u043a\u0446\u0438\u044f Opal Hundertwasser \u0432\u0434\u043e\u0445\u043d\u043e\u0432\u043b\u0435\u043d\u0430 \u0442\u0432\u043e\u0440\u0447\u0435\u0441\u0442\u0432\u043e\u043c \u0437\u043d\u0430\u043c\u0435\u043d\u0438\u0442\u043e\u0433\u043e \u0430\u0432\u0441\u0442\u0440\u0438\u0439\u0441\u043a\u043e\u0433\u043e \u0445\u0443\u0434\u043e\u0436\u043d\u0438\u043a\u0430 riedensreich Hundertwasser   \u041a\u0430\u043a \u0438 \u0435\u0433\u043e \u0440\u0430\u0431\u043e\u0442\u044b, \u044d\u0442\u0430 \u0440\u043e\u0441\u043a\u043e\u0448\u043d\u0430\u044f \u0441\u0435\u0440\u0438\u044f \u043f\u0440\u044f\u0436\u0438 \u043e\u0442\u043b\u0438\u0447\u0430\u0435\u0442\u0441\u044f \u0438\u0433\u0440\u043e\u0439 \u0446\u0432\u0435\u0442\u043e\u0432, \u043d\u0435\u043e\u0436\u0438\u0434\u0430\u043d\u043d\u044b\u043c\u0438 \u0441\u043e\u0447\u0435\u0442\u0430\u043d\u0438\u044f\u043c\u0438 \u0438 \u0443\u043d\u0438\u043a\u0430\u043b\u044c\u043d\u044b\u043c \u0440\u0438\u0442\u043c\u043e\u043c, \u043f\u0440\u0435\u0432\u0440\u0430\u0449\u0430\u044e\u0449\u0438\u043c \u043a\u0430\u0436\u0434\u0443\u044e \u0432\u044f\u0437\u0430\u043d\u043d\u0443\u044e \u0432\u0435\u0449\u044c \u0432 \u043d\u0430\u0441\u0442\u043e\u044f\u0449\u0435\u0435 \u043f\u0440\u043e\u0438\u0437\u0432\u0435\u0434\u0435\u043d\u0438\u0435 \u0438\u0441\u043a\u0443\u0441\u0441\u0442\u0432\u0430.<\/p>\n<p data-start=\"357\" data-end=\"611\">\u042d\u0442\u0430 \u0447\u0435\u0442\u044b\u0440\u0451\u0445\u0441\u043b\u043e\u0439\u043d\u0430\u044f \u043f\u0440\u044f\u0436\u0430 \u0438\u0434\u0435\u0430\u043b\u044c\u043d\u043e \u043f\u043e\u0434\u0445\u043e\u0434\u0438\u0442 \u0434\u043b\u044f \u0442\u0451\u043f\u043b\u044b\u0445, \u044f\u0440\u043a\u0438\u0445 \u043d\u043e\u0441\u043a\u043e\u0432, \u0430 \u0442\u0430\u043a\u0436\u0435 \u0434\u043b\u044f \u0441\u0432\u0438\u0442\u0435\u0440\u043e\u0432, \u0448\u0430\u043f\u043e\u043a, \u043f\u0435\u0440\u0447\u0430\u0442\u043e\u043a \u0438 \u0448\u0430\u0440\u0444\u043e\u0432. \u0411\u043b\u0430\u0433\u043e\u0434\u0430\u0440\u044f \u043e\u0431\u0440\u0430\u0431\u043e\u0442\u043a\u0435 Superwash \u043f\u0440\u044f\u0436\u0430 \u043f\u0440\u043e\u0441\u0442\u0430 \u0432 \u0443\u0445\u043e\u0434\u0435, \u043c\u044f\u0433\u043a\u0430\u044f \u0438 \u0434\u043e\u043b\u0433\u043e\u0432\u0435\u0447\u043d\u0430\u044f.<\/p>\n<p data-start=\"613\" data-end=\"859\"><strong data-start=\"613\" data-end=\"625\">\u0421\u043e\u0441\u0442\u0430\u0432:<\/strong> 75 % \u0448\u0435\u0440\u0441\u0442\u044c (superwash), 25 % \u043f\u043e\u043b\u0438\u0430\u043c\u0438\u0434<br data-start=\"665\" data-end=\"668\" \/><strong data-start=\"668\" data-end=\"690\">\u0412\u0435\u0441\/\u0434\u043b\u0438\u043d\u0430:<\/strong> 100 \u0433 - 425 \u043c<br data-start=\"704\" data-end=\"707\" \/><strong data-start=\"707\" data-end=\"735\">\u0420\u0435\u043a\u043e\u043c\u0435\u043d\u0434\u0443\u0435\u043c\u044b\u0435 \u0441\u043f\u0438\u0446\u044b:<\/strong> 2-3 \u043c\u043c<br data-start=\"742\" data-end=\"745\" data-is-only-node=\"\" \/><strong data-start=\"745\" data-end=\"771\">\u041f\u043b\u043e\u0442\u043d\u043e\u0441\u0442\u044c (10 \u00d7 10 \u0441\u043c):<\/strong> 30 \u043f\u0435\u0442\u0435\u043b\u044c \u00d7 42 \u0440\u044f\u0434\u0430<br data-start=\"790\" data-end=\"793\" \/><strong data-start=\"793\" data-end=\"804\">\u0420\u0430\u0441\u0445\u043e\u0434:<\/strong> \u043e\u0434\u043d\u043e\u0433\u043e \u043c\u043e\u0442\u043a\u0430 \u0445\u0432\u0430\u0442\u0430\u0435\u0442 \u043d\u0430 \u043f\u0430\u0440\u0443 \u043d\u043e\u0441\u043a\u043e\u0432 \u0434\u043e 46 \u0440\u0430\u0437\u043c\u0435\u0440\u0430<\/p>\n<p data-start=\"861\" data-end=\"928\"><strong data-start=\"861\" data-end=\"871\">\u041f\u043e\u0434\u0445\u043e\u0434\u0438\u0442 \u0434\u043b\u044f:<\/strong> \u043d\u043e\u0441\u043a\u043e\u0432, \u0441\u0432\u0438\u0442\u0435\u0440\u043e\u0432, \u0448\u0430\u043f\u043e\u043a, \u043f\u0435\u0440\u0447\u0430\u0442\u043e\u043a, \u0448\u0430\u0440\u0444\u043e\u0432.<\/p>\n<p data-start=\"930\" data-end=\"1118\" data-is-last-node=\"\" data-is-only-node=\"\"><strong data-start=\"930\" data-end=\"944\">\u0421\u043e\u0432\u0435\u0442\u044b \u043f\u043e \u0443\u0445\u043e\u0434\u0443:<\/strong> \u0421\u0442\u0438\u0440\u0430\u0442\u044c \u043f\u0440\u0438 \u0442\u0435\u043c\u043f\u0435\u0440\u0430\u0442\u0443\u0440\u0435 \u0434\u043e 40 \u00b0C (\u0440\u0435\u0436\u0438\u043c \u00ab\u0428\u0435\u0440\u0441\u0442\u044c\u00bb), \u0441\u0443\u0448\u0438\u0442\u044c \u043d\u0430 \u0433\u043e\u0440\u0438\u0437\u043e\u043d\u0442\u0430\u043b\u044c\u043d\u043e\u0439 \u043f\u043e\u0432\u0435\u0440\u0445\u043d\u043e\u0441\u0442\u0438.<\/p>\n<p data-start=\"930\" data-end=\"1118\" data-is-last-node=\"\" data-is-only-node=\"\"><br data-start=\"1027\" data-end=\"1030\" \/><strong data-start=\"1030\" data-end=\"1042\">\u041f\u0440\u0438\u043c\u0435\u0447\u0430\u043d\u0438\u0435:<\/strong> \u0426\u0432\u0435\u0442\u043e\u0432\u044b\u0435 \u043e\u0442\u0442\u0435\u043d\u043a\u0438 \u043c\u043e\u0433\u0443\u0442 \u043d\u0435\u0437\u043d\u0430\u0447\u0438\u0442\u0435\u043b\u044c\u043d\u043e \u043e\u0442\u043b\u0438\u0447\u0430\u0442\u044c\u0441\u044f \u0432 \u0437\u0430\u0432\u0438\u0441\u0438\u043c\u043e\u0441\u0442\u0438 \u043e\u0442 \u044d\u043a\u0440\u0430\u043d\u0430 \u0432\u0430\u0448\u0435\u0433\u043e \u0443\u0441\u0442\u0440\u043e\u0439\u0441\u0442\u0432\u0430.<\/p>","protected":false},"excerpt":{"rendered":"<p>Opal Hundertwasser kolekcija sukurta, \u012fkv\u0117pta garsaus austr\u0173 menininko Friedensreich Hundertwasser darb\u0173. Kaip ir jo k\u016bryba, \u0161i prabangaus dizaino si\u016bl\u0173 serija pasi\u017eymi spalv\u0173 \u017eaismu, netik\u0117tais deriniais ir unikaliu ritmu, kuris kiekvien\u0105 mezgin\u012f paver\u010dia meno k\u016briniu. \u0160ie 4 sluoksni\u0173 (4-ply) si\u016blai puikiai tinka \u0161iltiems, spalvingiems kojin\u0117ms, ta\u010diau taip pat idealiai tiks megztiniams, kepur\u0117ms, pir\u0161tin\u0117ms ar \u0161alikams. D\u0117l [&hellip;]<\/p>\n","protected":false},"featured_media":3917,"comment_status":"open","ping_status":"closed","template":"","meta":{"_acf_changed":false},"product_brand":[871],"product_cat":[15,18,94],"product_tag":[],"pro-kategorijos":[56],"class_list":{"0":"post-3916","1":"product","2":"type-product","3":"status-publish","4":"has-post-thumbnail","6":"product_brand-opal","7":"product_cat-visi-produktai","8":"product_cat-siulai","9":"product_cat-siulai-kojinems","10":"pro-kategorijos-vilna","12":"first","13":"instock","14":"shipping-taxable","15":"purchasable","16":"product-type-variable"},"acf":[],"yoast_head":"<!-- This site is optimized with the Yoast SEO plugin v26.8 - https:\/\/yoast.com\/product\/yoast-seo-wordpress\/ -->\n<title>Opal Nach Hundertwasser Edition 4-ply - Happyinaknit.com<\/title>\n<meta name=\"robots\" content=\"index, follow, max-snippet:-1, max-image-preview:large, max-video-preview:-1\" \/>\n<link rel=\"canonical\" href=\"https:\/\/happyinaknit.com\/ru\/product\/opal-nach-hundertwasser-edition-4-ply\/\" \/>\n<meta property=\"og:locale\" content=\"ru_RU\" \/>\n<meta property=\"og:type\" content=\"article\" \/>\n<meta property=\"og:title\" content=\"Opal Nach Hundertwasser Edition 4-ply - Happyinaknit.com\" \/>\n<meta property=\"og:description\" content=\"Opal Hundertwasser kolekcija sukurta, \u012fkv\u0117pta garsaus austr\u0173 menininko Friedensreich Hundertwasser darb\u0173. Kaip ir jo k\u016bryba, \u0161i prabangaus dizaino si\u016bl\u0173 serija pasi\u017eymi spalv\u0173 \u017eaismu, netik\u0117tais deriniais ir unikaliu ritmu, kuris kiekvien\u0105 mezgin\u012f paver\u010dia meno k\u016briniu. \u0160ie 4 sluoksni\u0173 (4-ply) si\u016blai puikiai tinka \u0161iltiems, spalvingiems kojin\u0117ms, ta\u010diau taip pat idealiai tiks megztiniams, kepur\u0117ms, pir\u0161tin\u0117ms ar \u0161alikams. D\u0117l [&hellip;]\" \/>\n<meta property=\"og:url\" content=\"https:\/\/happyinaknit.com\/ru\/product\/opal-nach-hundertwasser-edition-4-ply\/\" \/>\n<meta property=\"og:site_name\" content=\"Happyinaknit.com\" \/>\n<meta property=\"article:modified_time\" content=\"2026-01-02T19:45:43+00:00\" \/>\n<meta property=\"og:image\" content=\"https:\/\/happyinaknit.com\/wp-content\/uploads\/2025\/10\/opal-nach-hundertwasser-edition-4-ply.jpg.webp\" \/>\n\t<meta property=\"og:image:width\" content=\"800\" \/>\n\t<meta property=\"og:image:height\" content=\"800\" \/>\n\t<meta property=\"og:image:type\" content=\"image\/webp\" \/>\n<meta name=\"twitter:card\" content=\"summary_large_image\" \/>\n<meta name=\"twitter:label1\" content=\"\u041f\u0440\u0438\u043c\u0435\u0440\u043d\u043e\u0435 \u0432\u0440\u0435\u043c\u044f \u0434\u043b\u044f \u0447\u0442\u0435\u043d\u0438\u044f\" \/>\n\t<meta name=\"twitter:data1\" content=\"1 \u043c\u0438\u043d\u0443\u0442\u0430\" \/>\n<script type=\"application\/ld+json\" class=\"yoast-schema-graph\">{\"@context\":\"https:\/\/schema.org\",\"@graph\":[{\"@type\":\"WebPage\",\"@id\":\"https:\/\/happyinaknit.com\/produktas\/opal-nach-hundertwasser-edition-4-ply\/\",\"url\":\"https:\/\/happyinaknit.com\/produktas\/opal-nach-hundertwasser-edition-4-ply\/\",\"name\":\"Opal Nach Hundertwasser Edition 4-ply - Happyinaknit.com\",\"isPartOf\":{\"@id\":\"https:\/\/happyinaknit.com\/lt\/#website\"},\"primaryImageOfPage\":{\"@id\":\"https:\/\/happyinaknit.com\/produktas\/opal-nach-hundertwasser-edition-4-ply\/#primaryimage\"},\"image\":{\"@id\":\"https:\/\/happyinaknit.com\/produktas\/opal-nach-hundertwasser-edition-4-ply\/#primaryimage\"},\"thumbnailUrl\":\"https:\/\/happyinaknit.com\/wp-content\/uploads\/2025\/10\/opal-nach-hundertwasser-edition-4-ply.jpg.webp\",\"datePublished\":\"2025-10-09T09:24:34+00:00\",\"dateModified\":\"2026-01-02T19:45:43+00:00\",\"breadcrumb\":{\"@id\":\"https:\/\/happyinaknit.com\/produktas\/opal-nach-hundertwasser-edition-4-ply\/#breadcrumb\"},\"inLanguage\":\"ru-RU\",\"potentialAction\":[{\"@type\":\"ReadAction\",\"target\":[\"https:\/\/happyinaknit.com\/produktas\/opal-nach-hundertwasser-edition-4-ply\/\"]}]},{\"@type\":\"ImageObject\",\"inLanguage\":\"ru-RU\",\"@id\":\"https:\/\/happyinaknit.com\/produktas\/opal-nach-hundertwasser-edition-4-ply\/#primaryimage\",\"url\":\"https:\/\/happyinaknit.com\/wp-content\/uploads\/2025\/10\/opal-nach-hundertwasser-edition-4-ply.jpg.webp\",\"contentUrl\":\"https:\/\/happyinaknit.com\/wp-content\/uploads\/2025\/10\/opal-nach-hundertwasser-edition-4-ply.jpg.webp\",\"width\":800,\"height\":800},{\"@type\":\"BreadcrumbList\",\"@id\":\"https:\/\/happyinaknit.com\/produktas\/opal-nach-hundertwasser-edition-4-ply\/#breadcrumb\",\"itemListElement\":[{\"@type\":\"ListItem\",\"position\":1,\"name\":\"Home\",\"item\":\"https:\/\/happyinaknit.com\/lt\/\"},{\"@type\":\"ListItem\",\"position\":2,\"name\":\"Parduotuv\u0117\",\"item\":\"https:\/\/happyinaknit.com\/lt\/parduotuve\/\"},{\"@type\":\"ListItem\",\"position\":3,\"name\":\"Opal Nach Hundertwasser Edition 4-ply\"}]},{\"@type\":\"WebSite\",\"@id\":\"https:\/\/happyinaknit.com\/lt\/#website\",\"url\":\"https:\/\/happyinaknit.com\/lt\/\",\"name\":\"Happyinaknit.com\",\"description\":\"\",\"potentialAction\":[{\"@type\":\"SearchAction\",\"target\":{\"@type\":\"EntryPoint\",\"urlTemplate\":\"https:\/\/happyinaknit.com\/lt\/?s={search_term_string}\"},\"query-input\":{\"@type\":\"PropertyValueSpecification\",\"valueRequired\":true,\"valueName\":\"search_term_string\"}}],\"inLanguage\":\"ru-RU\"}]}<\/script>\n<!-- \/ Yoast SEO plugin. -->","yoast_head_json":{"title":"Opal Nach Hundertwasser Edition 4-ply - Happyinaknit.com","robots":{"index":"index","follow":"follow","max-snippet":"max-snippet:-1","max-image-preview":"max-image-preview:large","max-video-preview":"max-video-preview:-1"},"canonical":"https:\/\/happyinaknit.com\/ru\/product\/opal-nach-hundertwasser-edition-4-ply\/","og_locale":"ru_RU","og_type":"article","og_title":"Opal Nach Hundertwasser Edition 4-ply - Happyinaknit.com","og_description":"Opal Hundertwasser kolekcija sukurta, \u012fkv\u0117pta garsaus austr\u0173 menininko Friedensreich Hundertwasser darb\u0173. Kaip ir jo k\u016bryba, \u0161i prabangaus dizaino si\u016bl\u0173 serija pasi\u017eymi spalv\u0173 \u017eaismu, netik\u0117tais deriniais ir unikaliu ritmu, kuris kiekvien\u0105 mezgin\u012f paver\u010dia meno k\u016briniu. \u0160ie 4 sluoksni\u0173 (4-ply) si\u016blai puikiai tinka \u0161iltiems, spalvingiems kojin\u0117ms, ta\u010diau taip pat idealiai tiks megztiniams, kepur\u0117ms, pir\u0161tin\u0117ms ar \u0161alikams. D\u0117l [&hellip;]","og_url":"https:\/\/happyinaknit.com\/ru\/product\/opal-nach-hundertwasser-edition-4-ply\/","og_site_name":"Happyinaknit.com","article_modified_time":"2026-01-02T19:45:43+00:00","og_image":[{"width":800,"height":800,"url":"https:\/\/happyinaknit.com\/wp-content\/uploads\/2025\/10\/opal-nach-hundertwasser-edition-4-ply.jpg.webp","type":"image\/webp"}],"twitter_card":"summary_large_image","twitter_misc":{"\u041f\u0440\u0438\u043c\u0435\u0440\u043d\u043e\u0435 \u0432\u0440\u0435\u043c\u044f \u0434\u043b\u044f \u0447\u0442\u0435\u043d\u0438\u044f":"1 \u043c\u0438\u043d\u0443\u0442\u0430"},"schema":{"@context":"https:\/\/schema.org","@graph":[{"@type":"WebPage","@id":"https:\/\/happyinaknit.com\/produktas\/opal-nach-hundertwasser-edition-4-ply\/","url":"https:\/\/happyinaknit.com\/produktas\/opal-nach-hundertwasser-edition-4-ply\/","name":"Opal Nach Hundertwasser Edition 4-ply - Happyinaknit.com","isPartOf":{"@id":"https:\/\/happyinaknit.com\/lt\/#website"},"primaryImageOfPage":{"@id":"https:\/\/happyinaknit.com\/produktas\/opal-nach-hundertwasser-edition-4-ply\/#primaryimage"},"image":{"@id":"https:\/\/happyinaknit.com\/produktas\/opal-nach-hundertwasser-edition-4-ply\/#primaryimage"},"thumbnailUrl":"https:\/\/happyinaknit.com\/wp-content\/uploads\/2025\/10\/opal-nach-hundertwasser-edition-4-ply.jpg.webp","datePublished":"2025-10-09T09:24:34+00:00","dateModified":"2026-01-02T19:45:43+00:00","breadcrumb":{"@id":"https:\/\/happyinaknit.com\/produktas\/opal-nach-hundertwasser-edition-4-ply\/#breadcrumb"},"inLanguage":"ru-RU","potentialAction":[{"@type":"ReadAction","target":["https:\/\/happyinaknit.com\/produktas\/opal-nach-hundertwasser-edition-4-ply\/"]}]},{"@type":"ImageObject","inLanguage":"ru-RU","@id":"https:\/\/happyinaknit.com\/produktas\/opal-nach-hundertwasser-edition-4-ply\/#primaryimage","url":"https:\/\/happyinaknit.com\/wp-content\/uploads\/2025\/10\/opal-nach-hundertwasser-edition-4-ply.jpg.webp","contentUrl":"https:\/\/happyinaknit.com\/wp-content\/uploads\/2025\/10\/opal-nach-hundertwasser-edition-4-ply.jpg.webp","width":800,"height":800},{"@type":"BreadcrumbList","@id":"https:\/\/happyinaknit.com\/produktas\/opal-nach-hundertwasser-edition-4-ply\/#breadcrumb","itemListElement":[{"@type":"ListItem","position":1,"name":"Home","item":"https:\/\/happyinaknit.com\/lt\/"},{"@type":"ListItem","position":2,"name":"Parduotuv\u0117","item":"https:\/\/happyinaknit.com\/lt\/parduotuve\/"},{"@type":"ListItem","position":3,"name":"Opal Nach Hundertwasser Edition 4-ply"}]},{"@type":"WebSite","@id":"https:\/\/happyinaknit.com\/lt\/#website","url":"https:\/\/happyinaknit.com\/lt\/","name":"Happyinaknit.com","description":"","potentialAction":[{"@type":"SearchAction","target":{"@type":"EntryPoint","urlTemplate":"https:\/\/happyinaknit.com\/lt\/?s={search_term_string}"},"query-input":{"@type":"PropertyValueSpecification","valueRequired":true,"valueName":"search_term_string"}}],"inLanguage":"ru-RU"}]}},"_links":{"self":[{"href":"https:\/\/happyinaknit.com\/ru\/wp-json\/wp\/v2\/product\/3916","targetHints":{"allow":["GET"]}}],"collection":[{"href":"https:\/\/happyinaknit.com\/ru\/wp-json\/wp\/v2\/product"}],"about":[{"href":"https:\/\/happyinaknit.com\/ru\/wp-json\/wp\/v2\/types\/product"}],"replies":[{"embeddable":true,"href":"https:\/\/happyinaknit.com\/ru\/wp-json\/wp\/v2\/comments?post=3916"}],"wp:featuredmedia":[{"embeddable":true,"href":"https:\/\/happyinaknit.com\/ru\/wp-json\/wp\/v2\/media\/3917"}],"wp:attachment":[{"href":"https:\/\/happyinaknit.com\/ru\/wp-json\/wp\/v2\/media?parent=3916"}],"wp:term":[{"taxonomy":"product_brand","embeddable":true,"href":"https:\/\/happyinaknit.com\/ru\/wp-json\/wp\/v2\/product_brand?post=3916"},{"taxonomy":"product_cat","embeddable":true,"href":"https:\/\/happyinaknit.com\/ru\/wp-json\/wp\/v2\/product_cat?post=3916"},{"taxonomy":"product_tag","embeddable":true,"href":"https:\/\/happyinaknit.com\/ru\/wp-json\/wp\/v2\/product_tag?post=3916"},{"taxonomy":"pro-kategorijos","embeddable":true,"href":"https:\/\/happyinaknit.com\/ru\/wp-json\/wp\/v2\/pro-kategorijos?post=3916"}],"curies":[{"name":"wp","href":"https:\/\/api.w.org\/{rel}","templated":true}]}}