{"id":3903,"date":"2025-10-09T09:07:32","date_gmt":"2025-10-09T09:07:32","guid":{"rendered":"https:\/\/happyinaknit.com\/?post_type=product&#038;p=3903"},"modified":"2026-03-23T14:54:34","modified_gmt":"2026-03-23T14:54:34","slug":"opal-zauberwald","status":"publish","type":"product","link":"https:\/\/happyinaknit.com\/ru\/product\/opal-zauberwald\/","title":{"rendered":"Opal  Zauberwald"},"content":{"rendered":"<p data-start=\"67\" data-end=\"420\">Opal Zauberwald \u2014 \u044d\u0442\u043e \u043f\u0440\u043e\u0447\u043d\u0430\u044f, \u0432\u044b\u0441\u043e\u043a\u043e\u043a\u0430\u0447\u0435\u0441\u0442\u0432\u0435\u043d\u043d\u0430\u044f 4-\u043d\u0438\u0442\u043e\u0447\u043d\u0430\u044f \u043f\u0440\u044f\u0436\u0430, \u0441\u043e\u0441\u0442\u043e\u044f\u0449\u0430\u044f \u0438\u0437 75 \u043d\u0438\u0442\u0435\u0439 \u0448\u0435\u0440\u0441\u0442\u0438 % (\u0441\u0443\u043f\u0435\u0440\u0432\u043e\u0448) \u0438 25% \u043f\u043e\u043b\u0438\u0430\u043c\u0438\u0434\u0430. \u042d\u0442\u0430 \u0441\u0435\u0440\u0438\u044f \u043f\u0435\u0440\u0435\u043d\u0435\u0441\u0435\u0442 \u0432\u0430\u0441 \u0432 \u043c\u0438\u0440 \u0441\u043a\u0430\u0437\u043e\u043a \u2014 \u043e\u0442 \u0434\u0440\u0430\u043a\u043e\u043d\u043e\u0432 \u0438 \u0432\u043e\u043b\u0448\u0435\u0431\u043d\u0438\u043a\u043e\u0432 \u0434\u043e \u0435\u0434\u0438\u043d\u043e\u0440\u043e\u0433\u043e\u0432 \u0438 \u0433\u043d\u043e\u043c\u043e\u0432. \u0427\u0443\u0434\u0435\u0441\u043d\u044b\u0435, \u043f\u043b\u0430\u0432\u043d\u044b\u0435 \u043f\u0435\u0440\u0435\u0445\u043e\u0434\u044b \u0446\u0432\u0435\u0442\u043e\u0432 \u0441\u043e\u0437\u0434\u0430\u044e\u0442 \u0432\u043e\u043b\u0448\u0435\u0431\u0441\u0442\u0432\u043e \u0432 \u0432\u044f\u0437\u0430\u043d\u0438\u0438, \u0434\u0435\u043b\u0430\u044f \u043a\u0430\u0436\u0434\u043e\u0435 \u0438\u0437\u0434\u0435\u043b\u0438\u0435 \u0443\u043d\u0438\u043a\u0430\u043b\u044c\u043d\u044b\u043c.<\/p>\n<p data-start=\"422\" data-end=\"671\">\u041f\u0440\u044f\u0436\u0430 \u043f\u0440\u0438\u044f\u0442\u043d\u0430 \u043d\u0430 \u043e\u0449\u0443\u043f\u044c, \u043f\u0440\u043e\u0447\u043d\u0430 \u0438 \u043d\u0435 \u0441\u0430\u0434\u0438\u0442\u0441\u044f \u043f\u0440\u0438 \u0441\u0442\u0438\u0440\u043a\u0435. \u0411\u043b\u0430\u0433\u043e\u0434\u0430\u0440\u044f \u043e\u0431\u0440\u0430\u0431\u043e\u0442\u043a\u0435 Superwash \u043e\u043d\u0430 \u043f\u0440\u043e\u0441\u0442\u0430 \u0432 \u0443\u0445\u043e\u0434\u0435 \u0438 \u043f\u043e\u0434\u0445\u043e\u0434\u0438\u0442 \u0434\u043b\u044f \u0441\u0442\u0438\u0440\u043a\u0438 \u043f\u0440\u0438 \u0442\u0435\u043c\u043f\u0435\u0440\u0430\u0442\u0443\u0440\u0435 \u0434\u043e 40 \u00b0C. \u0418\u0434\u0435\u0430\u043b\u044c\u043d\u043e \u043f\u043e\u0434\u0445\u043e\u0434\u0438\u0442 \u0434\u043b\u044f \u0432\u044f\u0437\u0430\u043d\u0438\u044f \u043d\u043e\u0441\u043a\u043e\u0432, \u0441\u0432\u0438\u0442\u0435\u0440\u043e\u0432, \u0448\u0430\u043f\u043e\u043a, \u043f\u0435\u0440\u0447\u0430\u0442\u043e\u043a \u0438 \u0448\u0430\u0440\u0444\u043e\u0432.<\/p>\n<p data-start=\"673\" data-end=\"919\"><strong data-start=\"673\" data-end=\"685\">\u0421\u043e\u0441\u0442\u0430\u0432:<\/strong> 75 % \u0448\u0435\u0440\u0441\u0442\u044c (superwash), 25 % \u043f\u043e\u043b\u0438\u0430\u043c\u0438\u0434<br data-start=\"725\" data-end=\"728\" \/><strong data-start=\"728\" data-end=\"739\">\u0412\u0435\u0441\/ \u0434\u043b\u0438\u043d\u0430:<\/strong> 100 \u0433 <b>-<\/b>\u00a0425 \u043c<br data-start=\"764\" data-end=\"767\" data-is-only-node=\"\" \/><strong data-start=\"767\" data-end=\"793\">\u041f\u043b\u043e\u0442\u043d\u043e\u0441\u0442\u044c 10 \u00d7 10 \u0441\u043c:<\/strong> 30 \u043f\u0435\u0442\u0435\u043b\u044c \u00d7 42 \u0440\u044f\u0434\u0430<br data-start=\"812\" data-end=\"815\" \/><strong data-start=\"815\" data-end=\"843\">\u0420\u0435\u043a\u043e\u043c\u0435\u043d\u0434\u0443\u0435\u043c\u044b\u0435 \u0441\u043f\u0438\u0446\u044b:<\/strong> 2,5 \u043c\u043c<br data-start=\"850\" data-end=\"853\" \/><strong data-start=\"853\" data-end=\"864\">\u0420\u0430\u0441\u0445\u043e\u0434:<\/strong> \u043e\u0434\u043d\u043e\u0433\u043e \u043c\u043e\u0442\u043a\u0430 \u0445\u0432\u0430\u0442\u0430\u0435\u0442 \u043d\u0430 \u043f\u0430\u0440\u0443 \u043d\u043e\u0441\u043a\u043e\u0432 \u0434\u043e 46 \u0440\u0430\u0437\u043c\u0435\u0440\u0430<\/p>\n<p data-start=\"921\" data-end=\"988\"><strong data-start=\"921\" data-end=\"931\">\u041f\u043e\u0434\u0445\u043e\u0434\u0438\u0442 \u0434\u043b\u044f:<\/strong> \u043d\u043e\u0441\u043a\u043e\u0432, \u0441\u0432\u0438\u0442\u0435\u0440\u043e\u0432, \u0448\u0430\u043f\u043e\u043a, \u043f\u0435\u0440\u0447\u0430\u0442\u043e\u043a, \u0448\u0430\u0440\u0444\u043e\u0432.<\/p>\n<p data-start=\"990\" data-end=\"1162\" data-is-last-node=\"\" data-is-only-node=\"\"><strong data-start=\"990\" data-end=\"1004\">\u0421\u043e\u0432\u0435\u0442\u044b \u043f\u043e \u0443\u0445\u043e\u0434\u0443:<\/strong> \u0421\u0442\u0438\u0440\u0430\u0442\u044c \u043f\u0440\u0438 \u0442\u0435\u043c\u043f\u0435\u0440\u0430\u0442\u0443\u0440\u0435 \u0434\u043e 40 \u00b0C, \u0441\u0443\u0448\u0438\u0442\u044c \u043d\u0430 \u0433\u043e\u0440\u0438\u0437\u043e\u043d\u0442\u0430\u043b\u044c\u043d\u043e\u0439 \u043f\u043e\u0432\u0435\u0440\u0445\u043d\u043e\u0441\u0442\u0438.<\/p>\n<p data-start=\"990\" data-end=\"1162\" data-is-last-node=\"\" data-is-only-node=\"\"><br data-start=\"1071\" data-end=\"1074\" \/><strong data-start=\"1074\" data-end=\"1086\">\u041f\u0440\u0438\u043c\u0435\u0447\u0430\u043d\u0438\u0435:<\/strong> \u0426\u0432\u0435\u0442\u043e\u0432\u044b\u0435 \u043e\u0442\u0442\u0435\u043d\u043a\u0438 \u043c\u043e\u0433\u0443\u0442 \u043d\u0435\u0437\u043d\u0430\u0447\u0438\u0442\u0435\u043b\u044c\u043d\u043e \u043e\u0442\u043b\u0438\u0447\u0430\u0442\u044c\u0441\u044f \u0432 \u0437\u0430\u0432\u0438\u0441\u0438\u043c\u043e\u0441\u0442\u0438 \u043e\u0442 \u044d\u043a\u0440\u0430\u043d\u0430 \u0432\u0430\u0448\u0435\u0433\u043e \u0443\u0441\u0442\u0440\u043e\u0439\u0441\u0442\u0432\u0430.<\/p>","protected":false},"excerpt":{"rendered":"<p>Opal Zauberwald \u2013 tai tvirta, auk\u0161tos kokyb\u0117s 4 sluoksni\u0173 si\u016bl\u0173 kolekcija, pagaminta i\u0161 75 % vilnos (superwash) ir 25 % poliamido. \u0160i serija nukelia jus \u012f pasak\u0173 pasaul\u012f \u2013 nuo drakon\u0173 ir burtinink\u0173 iki vienaragi\u0173 ir nyk\u0161tuk\u0173. Nuostab\u016bs, skland\u016bs spalv\u0173 per\u0117jimai sukuria magij\u0105 mezginyje, tod\u0117l kiekvienas projektas atrodo i\u0161skirtinai. Si\u016blai yra \u0161veln\u016bs odai, patvar\u016bs ir [&hellip;]<\/p>\n","protected":false},"featured_media":3904,"comment_status":"open","ping_status":"closed","template":"","meta":{"_acf_changed":false},"product_brand":[871],"product_cat":[15,18,94],"product_tag":[],"pro-kategorijos":[56],"class_list":{"0":"post-3903","1":"product","2":"type-product","3":"status-publish","4":"has-post-thumbnail","6":"product_brand-opal","7":"product_cat-visi-produktai","8":"product_cat-siulai","9":"product_cat-siulai-kojinems","10":"pro-kategorijos-vilna","12":"first","13":"instock","14":"shipping-taxable","15":"purchasable","16":"product-type-variable"},"acf":[],"yoast_head":"<!-- This site is optimized with the Yoast SEO plugin v26.8 - https:\/\/yoast.com\/product\/yoast-seo-wordpress\/ -->\n<title>Opal Zauberwald - Happyinaknit.com<\/title>\n<meta name=\"robots\" content=\"index, follow, max-snippet:-1, max-image-preview:large, max-video-preview:-1\" \/>\n<link rel=\"canonical\" href=\"https:\/\/happyinaknit.com\/ru\/product\/opal-zauberwald\/\" \/>\n<meta property=\"og:locale\" content=\"ru_RU\" \/>\n<meta property=\"og:type\" content=\"article\" \/>\n<meta property=\"og:title\" content=\"Opal Zauberwald - Happyinaknit.com\" \/>\n<meta property=\"og:description\" content=\"Opal Zauberwald \u2013 tai tvirta, auk\u0161tos kokyb\u0117s 4 sluoksni\u0173 si\u016bl\u0173 kolekcija, pagaminta i\u0161 75 % vilnos (superwash) ir 25 % poliamido. \u0160i serija nukelia jus \u012f pasak\u0173 pasaul\u012f \u2013 nuo drakon\u0173 ir burtinink\u0173 iki vienaragi\u0173 ir nyk\u0161tuk\u0173. Nuostab\u016bs, skland\u016bs spalv\u0173 per\u0117jimai sukuria magij\u0105 mezginyje, tod\u0117l kiekvienas projektas atrodo i\u0161skirtinai. Si\u016blai yra \u0161veln\u016bs odai, patvar\u016bs ir [&hellip;]\" \/>\n<meta property=\"og:url\" content=\"https:\/\/happyinaknit.com\/ru\/product\/opal-zauberwald\/\" \/>\n<meta property=\"og:site_name\" content=\"Happyinaknit.com\" \/>\n<meta property=\"article:modified_time\" content=\"2026-03-23T14:54:34+00:00\" \/>\n<meta property=\"og:image\" content=\"https:\/\/happyinaknit.com\/wp-content\/uploads\/2025\/10\/op233-1-11443-1-1726654758-1000xauto_0.jpg\" \/>\n\t<meta property=\"og:image:width\" content=\"1000\" \/>\n\t<meta property=\"og:image:height\" content=\"1000\" \/>\n\t<meta property=\"og:image:type\" content=\"image\/jpeg\" \/>\n<meta name=\"twitter:card\" content=\"summary_large_image\" \/>\n<meta name=\"twitter:label1\" content=\"\u041f\u0440\u0438\u043c\u0435\u0440\u043d\u043e\u0435 \u0432\u0440\u0435\u043c\u044f \u0434\u043b\u044f \u0447\u0442\u0435\u043d\u0438\u044f\" \/>\n\t<meta name=\"twitter:data1\" content=\"1 \u043c\u0438\u043d\u0443\u0442\u0430\" \/>\n<script type=\"application\/ld+json\" class=\"yoast-schema-graph\">{\"@context\":\"https:\/\/schema.org\",\"@graph\":[{\"@type\":\"WebPage\",\"@id\":\"https:\/\/happyinaknit.com\/produktas\/opal-zauberwald\/\",\"url\":\"https:\/\/happyinaknit.com\/produktas\/opal-zauberwald\/\",\"name\":\"Opal Zauberwald - Happyinaknit.com\",\"isPartOf\":{\"@id\":\"https:\/\/happyinaknit.com\/lt\/#website\"},\"primaryImageOfPage\":{\"@id\":\"https:\/\/happyinaknit.com\/produktas\/opal-zauberwald\/#primaryimage\"},\"image\":{\"@id\":\"https:\/\/happyinaknit.com\/produktas\/opal-zauberwald\/#primaryimage\"},\"thumbnailUrl\":\"https:\/\/happyinaknit.com\/wp-content\/uploads\/2025\/10\/op233-1-11443-1-1726654758-1000xauto_0.jpg\",\"datePublished\":\"2025-10-09T09:07:32+00:00\",\"dateModified\":\"2026-03-23T14:54:34+00:00\",\"breadcrumb\":{\"@id\":\"https:\/\/happyinaknit.com\/produktas\/opal-zauberwald\/#breadcrumb\"},\"inLanguage\":\"ru-RU\",\"potentialAction\":[{\"@type\":\"ReadAction\",\"target\":[\"https:\/\/happyinaknit.com\/produktas\/opal-zauberwald\/\"]}]},{\"@type\":\"ImageObject\",\"inLanguage\":\"ru-RU\",\"@id\":\"https:\/\/happyinaknit.com\/produktas\/opal-zauberwald\/#primaryimage\",\"url\":\"https:\/\/happyinaknit.com\/wp-content\/uploads\/2025\/10\/op233-1-11443-1-1726654758-1000xauto_0.jpg\",\"contentUrl\":\"https:\/\/happyinaknit.com\/wp-content\/uploads\/2025\/10\/op233-1-11443-1-1726654758-1000xauto_0.jpg\",\"width\":1000,\"height\":1000},{\"@type\":\"BreadcrumbList\",\"@id\":\"https:\/\/happyinaknit.com\/produktas\/opal-zauberwald\/#breadcrumb\",\"itemListElement\":[{\"@type\":\"ListItem\",\"position\":1,\"name\":\"Home\",\"item\":\"https:\/\/happyinaknit.com\/lt\/\"},{\"@type\":\"ListItem\",\"position\":2,\"name\":\"Parduotuv\u0117\",\"item\":\"https:\/\/happyinaknit.com\/lt\/parduotuve\/\"},{\"@type\":\"ListItem\",\"position\":3,\"name\":\"Opal Zauberwald\"}]},{\"@type\":\"WebSite\",\"@id\":\"https:\/\/happyinaknit.com\/lt\/#website\",\"url\":\"https:\/\/happyinaknit.com\/lt\/\",\"name\":\"Happyinaknit.com\",\"description\":\"\",\"potentialAction\":[{\"@type\":\"SearchAction\",\"target\":{\"@type\":\"EntryPoint\",\"urlTemplate\":\"https:\/\/happyinaknit.com\/lt\/?s={search_term_string}\"},\"query-input\":{\"@type\":\"PropertyValueSpecification\",\"valueRequired\":true,\"valueName\":\"search_term_string\"}}],\"inLanguage\":\"ru-RU\"}]}<\/script>\n<!-- \/ Yoast SEO plugin. -->","yoast_head_json":{"title":"Opal Zauberwald - Happyinaknit.com","robots":{"index":"index","follow":"follow","max-snippet":"max-snippet:-1","max-image-preview":"max-image-preview:large","max-video-preview":"max-video-preview:-1"},"canonical":"https:\/\/happyinaknit.com\/ru\/product\/opal-zauberwald\/","og_locale":"ru_RU","og_type":"article","og_title":"Opal Zauberwald - Happyinaknit.com","og_description":"Opal Zauberwald \u2013 tai tvirta, auk\u0161tos kokyb\u0117s 4 sluoksni\u0173 si\u016bl\u0173 kolekcija, pagaminta i\u0161 75 % vilnos (superwash) ir 25 % poliamido. \u0160i serija nukelia jus \u012f pasak\u0173 pasaul\u012f \u2013 nuo drakon\u0173 ir burtinink\u0173 iki vienaragi\u0173 ir nyk\u0161tuk\u0173. Nuostab\u016bs, skland\u016bs spalv\u0173 per\u0117jimai sukuria magij\u0105 mezginyje, tod\u0117l kiekvienas projektas atrodo i\u0161skirtinai. Si\u016blai yra \u0161veln\u016bs odai, patvar\u016bs ir [&hellip;]","og_url":"https:\/\/happyinaknit.com\/ru\/product\/opal-zauberwald\/","og_site_name":"Happyinaknit.com","article_modified_time":"2026-03-23T14:54:34+00:00","og_image":[{"width":1000,"height":1000,"url":"https:\/\/happyinaknit.com\/wp-content\/uploads\/2025\/10\/op233-1-11443-1-1726654758-1000xauto_0.jpg","type":"image\/jpeg"}],"twitter_card":"summary_large_image","twitter_misc":{"\u041f\u0440\u0438\u043c\u0435\u0440\u043d\u043e\u0435 \u0432\u0440\u0435\u043c\u044f \u0434\u043b\u044f \u0447\u0442\u0435\u043d\u0438\u044f":"1 \u043c\u0438\u043d\u0443\u0442\u0430"},"schema":{"@context":"https:\/\/schema.org","@graph":[{"@type":"WebPage","@id":"https:\/\/happyinaknit.com\/produktas\/opal-zauberwald\/","url":"https:\/\/happyinaknit.com\/produktas\/opal-zauberwald\/","name":"Opal Zauberwald - Happyinaknit.com","isPartOf":{"@id":"https:\/\/happyinaknit.com\/lt\/#website"},"primaryImageOfPage":{"@id":"https:\/\/happyinaknit.com\/produktas\/opal-zauberwald\/#primaryimage"},"image":{"@id":"https:\/\/happyinaknit.com\/produktas\/opal-zauberwald\/#primaryimage"},"thumbnailUrl":"https:\/\/happyinaknit.com\/wp-content\/uploads\/2025\/10\/op233-1-11443-1-1726654758-1000xauto_0.jpg","datePublished":"2025-10-09T09:07:32+00:00","dateModified":"2026-03-23T14:54:34+00:00","breadcrumb":{"@id":"https:\/\/happyinaknit.com\/produktas\/opal-zauberwald\/#breadcrumb"},"inLanguage":"ru-RU","potentialAction":[{"@type":"ReadAction","target":["https:\/\/happyinaknit.com\/produktas\/opal-zauberwald\/"]}]},{"@type":"ImageObject","inLanguage":"ru-RU","@id":"https:\/\/happyinaknit.com\/produktas\/opal-zauberwald\/#primaryimage","url":"https:\/\/happyinaknit.com\/wp-content\/uploads\/2025\/10\/op233-1-11443-1-1726654758-1000xauto_0.jpg","contentUrl":"https:\/\/happyinaknit.com\/wp-content\/uploads\/2025\/10\/op233-1-11443-1-1726654758-1000xauto_0.jpg","width":1000,"height":1000},{"@type":"BreadcrumbList","@id":"https:\/\/happyinaknit.com\/produktas\/opal-zauberwald\/#breadcrumb","itemListElement":[{"@type":"ListItem","position":1,"name":"Home","item":"https:\/\/happyinaknit.com\/lt\/"},{"@type":"ListItem","position":2,"name":"Parduotuv\u0117","item":"https:\/\/happyinaknit.com\/lt\/parduotuve\/"},{"@type":"ListItem","position":3,"name":"Opal Zauberwald"}]},{"@type":"WebSite","@id":"https:\/\/happyinaknit.com\/lt\/#website","url":"https:\/\/happyinaknit.com\/lt\/","name":"Happyinaknit.com","description":"","potentialAction":[{"@type":"SearchAction","target":{"@type":"EntryPoint","urlTemplate":"https:\/\/happyinaknit.com\/lt\/?s={search_term_string}"},"query-input":{"@type":"PropertyValueSpecification","valueRequired":true,"valueName":"search_term_string"}}],"inLanguage":"ru-RU"}]}},"_links":{"self":[{"href":"https:\/\/happyinaknit.com\/ru\/wp-json\/wp\/v2\/product\/3903","targetHints":{"allow":["GET"]}}],"collection":[{"href":"https:\/\/happyinaknit.com\/ru\/wp-json\/wp\/v2\/product"}],"about":[{"href":"https:\/\/happyinaknit.com\/ru\/wp-json\/wp\/v2\/types\/product"}],"replies":[{"embeddable":true,"href":"https:\/\/happyinaknit.com\/ru\/wp-json\/wp\/v2\/comments?post=3903"}],"wp:featuredmedia":[{"embeddable":true,"href":"https:\/\/happyinaknit.com\/ru\/wp-json\/wp\/v2\/media\/3904"}],"wp:attachment":[{"href":"https:\/\/happyinaknit.com\/ru\/wp-json\/wp\/v2\/media?parent=3903"}],"wp:term":[{"taxonomy":"product_brand","embeddable":true,"href":"https:\/\/happyinaknit.com\/ru\/wp-json\/wp\/v2\/product_brand?post=3903"},{"taxonomy":"product_cat","embeddable":true,"href":"https:\/\/happyinaknit.com\/ru\/wp-json\/wp\/v2\/product_cat?post=3903"},{"taxonomy":"product_tag","embeddable":true,"href":"https:\/\/happyinaknit.com\/ru\/wp-json\/wp\/v2\/product_tag?post=3903"},{"taxonomy":"pro-kategorijos","embeddable":true,"href":"https:\/\/happyinaknit.com\/ru\/wp-json\/wp\/v2\/pro-kategorijos?post=3903"}],"curies":[{"name":"wp","href":"https:\/\/api.w.org\/{rel}","templated":true}]}}