{"id":3824,"date":"2025-10-08T22:16:55","date_gmt":"2025-10-08T22:16:55","guid":{"rendered":"https:\/\/happyinaknit.com\/?post_type=product&#038;p=3824"},"modified":"2026-04-06T15:51:06","modified_gmt":"2026-04-06T15:51:06","slug":"lanamania-buchara-light","status":"publish","type":"product","link":"https:\/\/happyinaknit.com\/ru\/product\/lanamania-buchara-light\/","title":{"rendered":"Lanamania Buchara Light"},"content":{"rendered":"<p data-start=\"65\" data-end=\"321\"><strong data-start=\"65\" data-end=\"85\">Lanamania Alpaca<\/strong> - \u044d\u0442\u043e \u043f\u0440\u044f\u0436\u0430 \u0432\u044b\u0441\u0448\u0435\u0433\u043e \u043a\u0430\u0447\u0435\u0441\u0442\u0432\u0430 \u0438\u0437 \u0442\u043e\u043d\u043a\u043e\u0439 \u0448\u0435\u0440\u0441\u0442\u0438 \u043f\u0435\u0440\u0443\u0430\u043d\u0441\u043a\u043e\u0439 \u0430\u043b\u044c\u043f\u0430\u043a\u0438, \u043e\u0431\u043b\u0430\u0434\u0430\u044e\u0449\u0430\u044f \u0438\u0441\u043a\u043b\u044e\u0447\u0438\u0442\u0435\u043b\u044c\u043d\u043e\u0439 \u043c\u044f\u0433\u043a\u043e\u0441\u0442\u044c\u044e, \u0442\u0435\u043f\u043b\u043e\u0442\u043e\u0439 \u0438 \u043b\u0435\u0433\u043a\u043e\u0441\u0442\u044c\u044e. \u042d\u0442\u0430 \u043f\u0440\u044f\u0436\u0430 \u0441\u043b\u043e\u0432\u043d\u043e \u0441\u043e\u0437\u0434\u0430\u043d\u0430 \u0434\u043b\u044f \u0442\u043e\u0433\u043e, \u0447\u0442\u043e\u0431\u044b \u0440\u0430\u0437\u0432\u0435\u044f\u0442\u044c \u043e\u0441\u0435\u043d\u043d\u044e\u044e \u0445\u043c\u0443\u0440\u043e\u0441\u0442\u044c \u0438 \u043f\u043e\u0434\u0430\u0440\u0438\u0442\u044c \u043e\u0449\u0443\u0449\u0435\u043d\u0438\u0435 \u0443\u044e\u0442\u0430 \u0438 \u043b\u0435\u0433\u043a\u043e\u0441\u0442\u0438.<\/p>\n<p data-start=\"323\" data-end=\"648\">\u041f\u043e\u043b\u0430\u044f \u0441\u0442\u0440\u0443\u043a\u0442\u0443\u0440\u0430 \u0448\u0435\u0440\u0441\u0442\u0438 \u0430\u043b\u044c\u043f\u0430\u043a\u0430 \u043f\u0440\u0438\u0434\u0430\u0435\u0442 \u043f\u0440\u044f\u0436\u0435 \u0435\u0441\u0442\u0435\u0441\u0442\u0432\u0435\u043d\u043d\u044b\u0435 \u0442\u0435\u0440\u043c\u043e\u0440\u0435\u0433\u0443\u043b\u0438\u0440\u0443\u044e\u0449\u0438\u0435 \u0441\u0432\u043e\u0439\u0441\u0442\u0432\u0430 - \u043e\u043d\u0430 \u0441\u043e\u0433\u0440\u0435\u0432\u0430\u0435\u0442 \u043e\u0434\u0435\u0436\u0434\u0443 \u0432 \u0445\u043e\u043b\u043e\u0434\u0430 \u0438 \u043f\u043e\u0437\u0432\u043e\u043b\u044f\u0435\u0442 \u0442\u0435\u043b\u0443 \u0434\u044b\u0448\u0430\u0442\u044c \u0432 \u0431\u043e\u043b\u0435\u0435 \u0442\u0435\u043f\u043b\u043e\u043c \u0432\u043e\u0437\u0434\u0443\u0445\u0435.<br data-start=\"504\" data-end=\"507\" \/>\u0428\u0435\u0440\u0441\u0442\u044c \u0430\u043b\u044c\u043f\u0430\u043a\u0438, \u043a\u043e\u0442\u043e\u0440\u0443\u044e \u043f\u043e\u043b\u0443\u0447\u0430\u044e\u0442 \u043e\u0442 \u043f\u0435\u0440\u0432\u043e\u0439 \u0441\u0442\u0440\u0438\u0436\u043a\u0438 \u043c\u043e\u043b\u043e\u0434\u044b\u0445 \u0430\u043b\u044c\u043f\u0430\u043a, \u043e\u0447\u0435\u043d\u044c \u043c\u044f\u0433\u043a\u0430\u044f, \u044d\u043b\u0430\u0441\u0442\u0438\u0447\u043d\u0430\u044f \u0438 \u0432 \u043d\u0435\u0441\u043a\u043e\u043b\u044c\u043a\u043e \u0440\u0430\u0437 \u0442\u0435\u043f\u043b\u0435\u0435 \u043e\u0432\u0435\u0447\u044c\u0435\u0439.<\/p>\n<p data-start=\"650\" data-end=\"782\">\u0411\u0440\u0435\u043d\u0434 Lanamania \u0441\u043e\u0447\u0435\u0442\u0430\u0435\u0442 \u0432 \u0441\u0435\u0431\u0435 \u043b\u044e\u0431\u043e\u0432\u044c \u043a \u043f\u0440\u0438\u0440\u043e\u0434\u0435, \u044d\u043a\u043e\u043b\u043e\u0433\u0438\u0447\u043d\u043e\u0441\u0442\u044c \u0438 \u043c\u0430\u0441\u0442\u0435\u0440\u0441\u0442\u0432\u043e, \u0447\u0442\u043e\u0431\u044b \u043a\u0430\u0436\u0434\u044b\u0439 \u043c\u044f\u0447 \u0441\u0442\u0430\u043b \u043f\u0440\u0438\u044f\u0442\u043d\u044b\u043c \u0442\u0432\u043e\u0440\u0447\u0435\u0441\u043a\u0438\u043c \u043e\u043f\u044b\u0442\u043e\u043c.<\/p>\n<p data-start=\"784\" data-end=\"930\"><strong data-start=\"784\" data-end=\"796\">\u0421\u043e\u0441\u0442\u0430\u0432:<\/strong> 89 % \u0430\u043b\u044c\u043f\u0430\u043a\u0430, 11 % \u043d\u0435\u0439\u043b\u043e\u043d<br data-start=\"823\" data-end=\"826\" \/><strong data-start=\"826\" data-end=\"848\">\u0412\u0435\u0441\/\u0434\u043b\u0438\u043d\u0430:<\/strong> 50 \u0433 - 250 \u043c<br data-start=\"861\" data-end=\"864\" \/><strong data-start=\"864\" data-end=\"892\">\u0420\u0435\u043a\u043e\u043c\u0435\u043d\u0434\u0443\u0435\u043c\u044b\u0435 \u0441\u043f\u0438\u0446\u044b:<\/strong> 4,0-5,0 \u043c\u043c<br data-start=\"903\" data-end=\"906\" \/><strong data-start=\"906\" data-end=\"923\" data-is-only-node=\"\">\u0421\u0442\u0440\u0430\u043d\u0430 \u043f\u0440\u043e\u0438\u0441\u0445\u043e\u0436\u0434\u0435\u043d\u0438\u044f:<\/strong> \u041f\u0435\u0440\u0443<\/p>\n<p data-start=\"932\" data-end=\"1021\"><strong data-start=\"932\" data-end=\"942\">\u041f\u043e\u0434\u0445\u043e\u0434\u0438\u0442 \u0434\u043b\u044f:<\/strong> \u0434\u043b\u044f \u0441\u0432\u0438\u0442\u0435\u0440\u043e\u0432, \u0448\u0430\u0440\u0444\u043e\u0432, \u0448\u0430\u043f\u043e\u043a \u0438 \u043b\u0435\u0433\u043a\u0438\u0445 \u0442\u0435\u043f\u043b\u044b\u0445 \u0430\u043a\u0441\u0435\u0441\u0441\u0443\u0430\u0440\u043e\u0432.<\/p>\n<p data-start=\"1023\" data-end=\"1219\" data-is-last-node=\"\" data-is-only-node=\"\"><strong data-start=\"1023\" data-end=\"1037\">\u0421\u043e\u0432\u0435\u0442\u044b \u043f\u043e \u0443\u0445\u043e\u0434\u0443:<\/strong> \u0421\u0442\u0438\u0440\u0430\u0442\u044c \u0432\u0440\u0443\u0447\u043d\u0443\u044e \u043f\u0440\u0438 \u0442\u0435\u043c\u043f\u0435\u0440\u0430\u0442\u0443\u0440\u0435 \u043d\u0435 \u0432\u044b\u0448\u0435 30 \u00b0C, \u0441\u0443\u0448\u0438\u0442\u044c \u043d\u0430 \u0433\u043e\u0440\u0438\u0437\u043e\u043d\u0442\u0430\u043b\u044c\u043d\u043e\u0439 \u043f\u043e\u0432\u0435\u0440\u0445\u043d\u043e\u0441\u0442\u0438.<br data-start=\"1128\" data-end=\"1131\" \/><strong data-start=\"1131\" data-end=\"1143\">\u041f\u0440\u0438\u043c\u0435\u0447\u0430\u043d\u0438\u0435:<\/strong> \u0426\u0432\u0435\u0442\u043e\u0432\u044b\u0435 \u043e\u0442\u0442\u0435\u043d\u043a\u0438 \u043c\u043e\u0433\u0443\u0442 \u043d\u0435\u0437\u043d\u0430\u0447\u0438\u0442\u0435\u043b\u044c\u043d\u043e \u043e\u0442\u043b\u0438\u0447\u0430\u0442\u044c\u0441\u044f \u0432 \u0437\u0430\u0432\u0438\u0441\u0438\u043c\u043e\u0441\u0442\u0438 \u043e\u0442 \u044d\u043a\u0440\u0430\u043d\u0430 \u0432\u0430\u0448\u0435\u0433\u043e \u0443\u0441\u0442\u0440\u043e\u0439\u0441\u0442\u0432\u0430.<\/p>","protected":false},"excerpt":{"rendered":"<p>Lanamania Alpaca \u2013 tai auk\u0161\u010diausios kokyb\u0117s si\u016blai, pagaminti i\u0161 \u0161velnios Peru alpako vilnos, pasi\u017eymintys ypatingu \u0161velnumu, \u0161iluma ir lengvumu. \u0160ie si\u016blai tarsi sukurti tam, kad i\u0161sklaidyt\u0173 rudens ni\u016brum\u0105 ir suteikt\u0173 jaukumo bei \u0161viesos poj\u016bt\u012f. D\u0117l alpako vilnos tu\u0161\u010diavidur\u0117s strukt\u016bros si\u016blai pasi\u017eymi nat\u016braliomis termoreguliacin\u0117mis savyb\u0117mis \u2013 drabu\u017eiai i\u0161 j\u0173 \u0161ildo \u0161al\u010diu ir leid\u017eia k\u016bnui kv\u0117puoti \u0161iltesniu [&hellip;]<\/p>\n","protected":false},"featured_media":3728,"comment_status":"open","ping_status":"closed","template":"","meta":{"_acf_changed":false},"product_brand":[64],"product_cat":[15,18],"product_tag":[],"pro-kategorijos":[54],"class_list":{"0":"post-3824","1":"product","2":"type-product","3":"status-publish","4":"has-post-thumbnail","6":"product_brand-zealanalanamania","7":"product_cat-visi-produktai","8":"product_cat-siulai","9":"pro-kategorijos-alpaka","11":"first","12":"instock","13":"shipping-taxable","14":"purchasable","15":"product-type-variable"},"acf":[],"yoast_head":"<!-- This site is optimized with the Yoast SEO plugin v26.8 - https:\/\/yoast.com\/product\/yoast-seo-wordpress\/ -->\n<title>Lanamania Buchara Light - Happyinaknit.com<\/title>\n<meta name=\"robots\" content=\"index, follow, max-snippet:-1, max-image-preview:large, max-video-preview:-1\" \/>\n<link rel=\"canonical\" href=\"https:\/\/happyinaknit.com\/ru\/product\/lanamania-buchara-light\/\" \/>\n<meta property=\"og:locale\" content=\"ru_RU\" \/>\n<meta property=\"og:type\" content=\"article\" \/>\n<meta property=\"og:title\" content=\"Lanamania Buchara Light - Happyinaknit.com\" \/>\n<meta property=\"og:description\" content=\"Lanamania Alpaca \u2013 tai auk\u0161\u010diausios kokyb\u0117s si\u016blai, pagaminti i\u0161 \u0161velnios Peru alpako vilnos, pasi\u017eymintys ypatingu \u0161velnumu, \u0161iluma ir lengvumu. \u0160ie si\u016blai tarsi sukurti tam, kad i\u0161sklaidyt\u0173 rudens ni\u016brum\u0105 ir suteikt\u0173 jaukumo bei \u0161viesos poj\u016bt\u012f. D\u0117l alpako vilnos tu\u0161\u010diavidur\u0117s strukt\u016bros si\u016blai pasi\u017eymi nat\u016braliomis termoreguliacin\u0117mis savyb\u0117mis \u2013 drabu\u017eiai i\u0161 j\u0173 \u0161ildo \u0161al\u010diu ir leid\u017eia k\u016bnui kv\u0117puoti \u0161iltesniu [&hellip;]\" \/>\n<meta property=\"og:url\" content=\"https:\/\/happyinaknit.com\/ru\/product\/lanamania-buchara-light\/\" \/>\n<meta property=\"og:site_name\" content=\"Happyinaknit.com\" \/>\n<meta property=\"article:modified_time\" content=\"2026-04-06T15:51:06+00:00\" \/>\n<meta property=\"og:image\" content=\"https:\/\/happyinaknit.com\/wp-content\/uploads\/2025\/10\/IMG_8822.jpg\" \/>\n\t<meta property=\"og:image:width\" content=\"1320\" \/>\n\t<meta property=\"og:image:height\" content=\"1338\" \/>\n\t<meta property=\"og:image:type\" content=\"image\/jpeg\" \/>\n<meta name=\"twitter:card\" content=\"summary_large_image\" \/>\n<meta name=\"twitter:label1\" content=\"\u041f\u0440\u0438\u043c\u0435\u0440\u043d\u043e\u0435 \u0432\u0440\u0435\u043c\u044f \u0434\u043b\u044f \u0447\u0442\u0435\u043d\u0438\u044f\" \/>\n\t<meta name=\"twitter:data1\" content=\"1 \u043c\u0438\u043d\u0443\u0442\u0430\" \/>\n<script type=\"application\/ld+json\" class=\"yoast-schema-graph\">{\"@context\":\"https:\/\/schema.org\",\"@graph\":[{\"@type\":\"WebPage\",\"@id\":\"https:\/\/happyinaknit.com\/produktas\/lanamania-buchara-light\/\",\"url\":\"https:\/\/happyinaknit.com\/produktas\/lanamania-buchara-light\/\",\"name\":\"Lanamania Buchara Light - Happyinaknit.com\",\"isPartOf\":{\"@id\":\"https:\/\/happyinaknit.com\/lt\/#website\"},\"primaryImageOfPage\":{\"@id\":\"https:\/\/happyinaknit.com\/produktas\/lanamania-buchara-light\/#primaryimage\"},\"image\":{\"@id\":\"https:\/\/happyinaknit.com\/produktas\/lanamania-buchara-light\/#primaryimage\"},\"thumbnailUrl\":\"https:\/\/happyinaknit.com\/wp-content\/uploads\/2025\/10\/IMG_8822.jpg\",\"datePublished\":\"2025-10-08T22:16:55+00:00\",\"dateModified\":\"2026-04-06T15:51:06+00:00\",\"breadcrumb\":{\"@id\":\"https:\/\/happyinaknit.com\/produktas\/lanamania-buchara-light\/#breadcrumb\"},\"inLanguage\":\"ru-RU\",\"potentialAction\":[{\"@type\":\"ReadAction\",\"target\":[\"https:\/\/happyinaknit.com\/produktas\/lanamania-buchara-light\/\"]}]},{\"@type\":\"ImageObject\",\"inLanguage\":\"ru-RU\",\"@id\":\"https:\/\/happyinaknit.com\/produktas\/lanamania-buchara-light\/#primaryimage\",\"url\":\"https:\/\/happyinaknit.com\/wp-content\/uploads\/2025\/10\/IMG_8822.jpg\",\"contentUrl\":\"https:\/\/happyinaknit.com\/wp-content\/uploads\/2025\/10\/IMG_8822.jpg\",\"width\":1320,\"height\":1338},{\"@type\":\"BreadcrumbList\",\"@id\":\"https:\/\/happyinaknit.com\/produktas\/lanamania-buchara-light\/#breadcrumb\",\"itemListElement\":[{\"@type\":\"ListItem\",\"position\":1,\"name\":\"Home\",\"item\":\"https:\/\/happyinaknit.com\/lt\/\"},{\"@type\":\"ListItem\",\"position\":2,\"name\":\"Parduotuv\u0117\",\"item\":\"https:\/\/happyinaknit.com\/lt\/parduotuve\/\"},{\"@type\":\"ListItem\",\"position\":3,\"name\":\"Lanamania Buchara Light\"}]},{\"@type\":\"WebSite\",\"@id\":\"https:\/\/happyinaknit.com\/lt\/#website\",\"url\":\"https:\/\/happyinaknit.com\/lt\/\",\"name\":\"Happyinaknit.com\",\"description\":\"\",\"potentialAction\":[{\"@type\":\"SearchAction\",\"target\":{\"@type\":\"EntryPoint\",\"urlTemplate\":\"https:\/\/happyinaknit.com\/lt\/?s={search_term_string}\"},\"query-input\":{\"@type\":\"PropertyValueSpecification\",\"valueRequired\":true,\"valueName\":\"search_term_string\"}}],\"inLanguage\":\"ru-RU\"}]}<\/script>\n<!-- \/ Yoast SEO plugin. -->","yoast_head_json":{"title":"Lanamania Buchara Light - Happyinaknit.com","robots":{"index":"index","follow":"follow","max-snippet":"max-snippet:-1","max-image-preview":"max-image-preview:large","max-video-preview":"max-video-preview:-1"},"canonical":"https:\/\/happyinaknit.com\/ru\/product\/lanamania-buchara-light\/","og_locale":"ru_RU","og_type":"article","og_title":"Lanamania Buchara Light - Happyinaknit.com","og_description":"Lanamania Alpaca \u2013 tai auk\u0161\u010diausios kokyb\u0117s si\u016blai, pagaminti i\u0161 \u0161velnios Peru alpako vilnos, pasi\u017eymintys ypatingu \u0161velnumu, \u0161iluma ir lengvumu. \u0160ie si\u016blai tarsi sukurti tam, kad i\u0161sklaidyt\u0173 rudens ni\u016brum\u0105 ir suteikt\u0173 jaukumo bei \u0161viesos poj\u016bt\u012f. D\u0117l alpako vilnos tu\u0161\u010diavidur\u0117s strukt\u016bros si\u016blai pasi\u017eymi nat\u016braliomis termoreguliacin\u0117mis savyb\u0117mis \u2013 drabu\u017eiai i\u0161 j\u0173 \u0161ildo \u0161al\u010diu ir leid\u017eia k\u016bnui kv\u0117puoti \u0161iltesniu [&hellip;]","og_url":"https:\/\/happyinaknit.com\/ru\/product\/lanamania-buchara-light\/","og_site_name":"Happyinaknit.com","article_modified_time":"2026-04-06T15:51:06+00:00","og_image":[{"width":1320,"height":1338,"url":"https:\/\/happyinaknit.com\/wp-content\/uploads\/2025\/10\/IMG_8822.jpg","type":"image\/jpeg"}],"twitter_card":"summary_large_image","twitter_misc":{"\u041f\u0440\u0438\u043c\u0435\u0440\u043d\u043e\u0435 \u0432\u0440\u0435\u043c\u044f \u0434\u043b\u044f \u0447\u0442\u0435\u043d\u0438\u044f":"1 \u043c\u0438\u043d\u0443\u0442\u0430"},"schema":{"@context":"https:\/\/schema.org","@graph":[{"@type":"WebPage","@id":"https:\/\/happyinaknit.com\/produktas\/lanamania-buchara-light\/","url":"https:\/\/happyinaknit.com\/produktas\/lanamania-buchara-light\/","name":"Lanamania Buchara Light - Happyinaknit.com","isPartOf":{"@id":"https:\/\/happyinaknit.com\/lt\/#website"},"primaryImageOfPage":{"@id":"https:\/\/happyinaknit.com\/produktas\/lanamania-buchara-light\/#primaryimage"},"image":{"@id":"https:\/\/happyinaknit.com\/produktas\/lanamania-buchara-light\/#primaryimage"},"thumbnailUrl":"https:\/\/happyinaknit.com\/wp-content\/uploads\/2025\/10\/IMG_8822.jpg","datePublished":"2025-10-08T22:16:55+00:00","dateModified":"2026-04-06T15:51:06+00:00","breadcrumb":{"@id":"https:\/\/happyinaknit.com\/produktas\/lanamania-buchara-light\/#breadcrumb"},"inLanguage":"ru-RU","potentialAction":[{"@type":"ReadAction","target":["https:\/\/happyinaknit.com\/produktas\/lanamania-buchara-light\/"]}]},{"@type":"ImageObject","inLanguage":"ru-RU","@id":"https:\/\/happyinaknit.com\/produktas\/lanamania-buchara-light\/#primaryimage","url":"https:\/\/happyinaknit.com\/wp-content\/uploads\/2025\/10\/IMG_8822.jpg","contentUrl":"https:\/\/happyinaknit.com\/wp-content\/uploads\/2025\/10\/IMG_8822.jpg","width":1320,"height":1338},{"@type":"BreadcrumbList","@id":"https:\/\/happyinaknit.com\/produktas\/lanamania-buchara-light\/#breadcrumb","itemListElement":[{"@type":"ListItem","position":1,"name":"Home","item":"https:\/\/happyinaknit.com\/lt\/"},{"@type":"ListItem","position":2,"name":"Parduotuv\u0117","item":"https:\/\/happyinaknit.com\/lt\/parduotuve\/"},{"@type":"ListItem","position":3,"name":"Lanamania Buchara Light"}]},{"@type":"WebSite","@id":"https:\/\/happyinaknit.com\/lt\/#website","url":"https:\/\/happyinaknit.com\/lt\/","name":"Happyinaknit.com","description":"","potentialAction":[{"@type":"SearchAction","target":{"@type":"EntryPoint","urlTemplate":"https:\/\/happyinaknit.com\/lt\/?s={search_term_string}"},"query-input":{"@type":"PropertyValueSpecification","valueRequired":true,"valueName":"search_term_string"}}],"inLanguage":"ru-RU"}]}},"_links":{"self":[{"href":"https:\/\/happyinaknit.com\/ru\/wp-json\/wp\/v2\/product\/3824","targetHints":{"allow":["GET"]}}],"collection":[{"href":"https:\/\/happyinaknit.com\/ru\/wp-json\/wp\/v2\/product"}],"about":[{"href":"https:\/\/happyinaknit.com\/ru\/wp-json\/wp\/v2\/types\/product"}],"replies":[{"embeddable":true,"href":"https:\/\/happyinaknit.com\/ru\/wp-json\/wp\/v2\/comments?post=3824"}],"wp:featuredmedia":[{"embeddable":true,"href":"https:\/\/happyinaknit.com\/ru\/wp-json\/wp\/v2\/media\/3728"}],"wp:attachment":[{"href":"https:\/\/happyinaknit.com\/ru\/wp-json\/wp\/v2\/media?parent=3824"}],"wp:term":[{"taxonomy":"product_brand","embeddable":true,"href":"https:\/\/happyinaknit.com\/ru\/wp-json\/wp\/v2\/product_brand?post=3824"},{"taxonomy":"product_cat","embeddable":true,"href":"https:\/\/happyinaknit.com\/ru\/wp-json\/wp\/v2\/product_cat?post=3824"},{"taxonomy":"product_tag","embeddable":true,"href":"https:\/\/happyinaknit.com\/ru\/wp-json\/wp\/v2\/product_tag?post=3824"},{"taxonomy":"pro-kategorijos","embeddable":true,"href":"https:\/\/happyinaknit.com\/ru\/wp-json\/wp\/v2\/pro-kategorijos?post=3824"}],"curies":[{"name":"wp","href":"https:\/\/api.w.org\/{rel}","templated":true}]}}