{"id":3816,"date":"2025-10-08T22:05:49","date_gmt":"2025-10-08T22:05:49","guid":{"rendered":"https:\/\/happyinaknit.com\/?post_type=product&#038;p=3816"},"modified":"2026-04-05T15:46:35","modified_gmt":"2026-04-05T15:46:35","slug":"zealana-cozi","status":"publish","type":"product","link":"https:\/\/happyinaknit.com\/ru\/product\/zealana-cozi\/","title":{"rendered":"Zealana Cozi"},"content":{"rendered":"<p data-start=\"85\" data-end=\"438\"><strong data-start=\"85\" data-end=\"101\">Zealana Cozi<\/strong> \u2013 \u044d\u0442\u043e \u044d\u043a\u0441\u043a\u043b\u044e\u0437\u0438\u0432\u043d\u0430\u044f \u043a\u043e\u043b\u043b\u0435\u043a\u0446\u0438\u044f \u043f\u0440\u044f\u0436\u0438,  \u0441\u043e\u0437\u0434\u0430\u043d\u043d\u0430\u044f \u043a\u0430\u043a \u043e\u0441\u043e\u0431\u043e \u043f\u0440\u043e\u0447\u043d\u0430\u044f, \u043d\u043e \u043f\u0440\u0438 \u044d\u0442\u043e\u043c \u043d\u0435\u0432\u0435\u0440\u043e\u044f\u0442\u043d\u043e \u043c\u044f\u0433\u043a\u0430\u044f \u0438 \u0440\u043e\u0441\u043a\u043e\u0448\u043d\u0430\u044f \u043d\u043e\u0441\u043e\u0432\u0430\u044f \u043f\u0440\u044f\u0436\u0430 \u043f\u0440\u0435\u043c\u0438\u0443\u043c-\u043a\u043b\u0430\u0441\u0441\u0430. <strong data-start=\"188\" data-end=\"228\">\u0418\u0437 \u043d\u0435\u0435 \u0432\u044f\u0436\u0443\u0442<\/strong>\u043d\u0435 \u0442\u043e\u043b\u044c\u043a\u043e \u0434\u043e\u043b\u0433\u043e\u0432\u0435\u0447\u043d\u044b\u0435 \u043d\u043e\u0441\u043a\u0438, \u043d\u043e \u0438  \u0441\u0430\u043c\u044b\u0435 \u043d\u0435\u0436\u043d\u044b\u0435  \u043f\u0435\u0440\u0447\u0430\u0442\u043a\u0438, \u043c\u0438\u0442\u0435\u043d\u043a\u0438, \u0448\u0430\u043f\u043a\u0438 \u0438\u043b\u0438 \u0448\u0430\u0440\u0444\u044b. \u041e\u043d\u0430 \u043e\u0441\u043e\u0431\u0435\u043d\u043d\u043e \u043f\u043e\u0434\u0445\u043e\u0434\u0438\u0442 \u0434\u043b\u044f \u0434\u0435\u0442\u0441\u043a\u043e\u0439 \u043e\u0434\u0435\u0436\u0434\u044b \u2014 \u044d\u0442\u0430 \u043f\u0440\u044f\u0436\u0430 \u043c\u044f\u0433\u043a\u0430\u044f, \u0442\u0451\u043f\u043b\u0430\u044f \u0438 \u043f\u0440\u0438\u044f\u0442\u043d\u0430\u044f \u0434\u043b\u044f \u0447\u0443\u0432\u0441\u0442\u0432\u0438\u0442\u0435\u043b\u044c\u043d\u043e\u0439 \u043a\u043e\u0436\u0438.<\/p>\n<p data-start=\"440\" data-end=\"794\">\u041c\u0435\u0440\u0438\u043d\u043e\u0441\u043e\u0432\u0430\u044f \u0448\u0435\u0440\u0441\u0442\u044c \u0438 \u043f\u0443\u0445 \u0430\u043b\u044c\u043f\u0430\u043a\u0438 \u0432\u043c\u0435\u0441\u0442\u0435 \u0441 <strong data-start=\"484\" data-end=\"503\">\u043f\u0443\u0445\u043e\u043c \u043f\u043e\u0441\u0441\u0443\u043c\u0430<\/strong> \u043f\u0440\u0438\u0434\u0430\u0435\u0442 \u043f\u0440\u044f\u0436\u0435 \u043e\u0441\u043e\u0431\u0443\u044e \u0442\u0435\u043f\u043b\u043e\u0442\u0443 \u0438 \u043f\u0443\u0448\u0438\u0441\u0442\u043e\u0441\u0442\u044c, \u0430 \u0442\u0430\u043a\u0436\u0435 <strong data-start=\"550\" data-end=\"562\">\u043d\u0435\u0439\u043b\u043e\u043d<\/strong>\u043e\u0431\u0435\u0441\u043f\u0435\u0447\u0438\u0432\u0430\u0435\u0442 \u043f\u0440\u043e\u0447\u043d\u043e\u0441\u0442\u044c, \u044d\u043b\u0430\u0441\u0442\u0438\u0447\u043d\u043e\u0441\u0442\u044c \u0438 \u043b\u0451\u0433\u043a\u0438\u0439 \u0431\u043b\u0435\u0441\u043a. \u041f\u043e\u0441\u043b\u0435 \u0441\u0442\u0438\u0440\u043a\u0438 \u043d\u0438\u0442\u044c \u0440\u0430\u0441\u043a\u0440\u044b\u0432\u0430\u0435\u0442\u0441\u044f, \u0441\u0442\u0430\u043d\u043e\u0432\u044f\u0441\u044c \u0435\u0449\u0451 \u043c\u044f\u0433\u0447\u0435 \u0438 \u043f\u0440\u0438\u044f\u0442\u043d\u0435\u0435 \u043d\u0430 \u043e\u0449\u0443\u043f\u044c.<br data-start=\"685\" data-end=\"688\" \/>\u0426\u0432\u0435\u0442\u043e\u0432\u0430\u044f \u043f\u0430\u043b\u0438\u0442\u0440\u0430 \u0432\u043a\u043b\u044e\u0447\u0430\u0435\u0442 \u043a\u0430\u043a \u043e\u0434\u043d\u043e\u0442\u043e\u043d\u043d\u044b\u0435 \u0446\u0432\u0435\u0442\u0430, \u0442\u0430\u043a \u0438 \u0442\u043e\u043d\u043a\u043e \u0441\u043c\u0435\u0448\u0430\u043d\u043d\u044b\u0435 \u0442\u043e\u043d\u0430, \u043a\u043e\u0442\u043e\u0440\u044b\u0435 \u0438\u0434\u0435\u0430\u043b\u044c\u043d\u043e \u0441\u043e\u0447\u0435\u0442\u0430\u044e\u0442\u0441\u044f \u0434\u0440\u0443\u0433 \u0441 \u0434\u0440\u0443\u0433\u043e\u043c.<\/p>\n<p data-start=\"796\" data-end=\"1048\"><strong data-start=\"796\" data-end=\"808\">\u0421\u043e\u0441\u0442\u0430\u0432:<\/strong> 58 % \u043c\u0435\u0440\u0438\u043d\u043e\u0441\u043e\u0432\u0430\u044f \u0448\u0435\u0440\u0441\u0442\u044c, 22 % \u043d\u0435\u0439\u043b\u043e\u043d, 15 % \u043f\u0443\u0445 \u043f\u043e\u0441\u0441\u0443\u043c\u0430, 5 % \u0431\u0435\u0431\u0438 \u0430\u043b\u044c\u043f\u0430\u043a\u0430<br data-start=\"873\" data-end=\"876\" \/><strong data-start=\"876\" data-end=\"898\">\u0412\u0435\u0441\/\u0434\u043b\u0438\u043d\u0430:<\/strong> 50 \u0433 - 170 \u043c<br data-start=\"911\" data-end=\"914\" \/><strong data-start=\"914\" data-end=\"942\">\u0420\u0435\u043a\u043e\u043c\u0435\u043d\u0434\u0443\u0435\u043c\u044b\u0435 \u0441\u043f\u0438\u0446\u044b:<\/strong> 2,25-3,25 \u043c\u043c<br data-start=\"955\" data-end=\"958\" \/><strong data-start=\"958\" data-end=\"971\" data-is-only-node=\"\">\u041f\u043b\u043e\u0442\u043d\u043e\u0441\u0442\u044c:<\/strong> 10 \u00d7 10 \u0441\u043c \u2013 \u043f\u0440\u0438\u043c\u0435\u0440\u043d\u043e 28 \u043f\u0435\u0442\u0435\u043b\u044c \u00d7 40 \u0440\u044f\u0434\u043e\u0432<br data-start=\"1008\" data-end=\"1011\" \/><strong data-start=\"1011\" data-end=\"1028\">\u0421\u0442\u0440\u0430\u043d\u0430 \u043f\u0440\u043e\u0438\u0441\u0445\u043e\u0436\u0434\u0435\u043d\u0438\u044f:<\/strong> \u041d\u043e\u0432\u0430\u044f \u0417\u0435\u043b\u0430\u043d\u0434\u0438\u044f<\/p>\n<p data-start=\"1050\" data-end=\"1107\"><strong data-start=\"1050\" data-end=\"1061\">\u0420\u0430\u0441\u0445\u043e\u0434:<\/strong> \u043d\u0430 \u043f\u0430\u0440\u0443 \u043d\u043e\u0441\u043a\u043e\u0432 \u0434\u043e 46 \u0440\u0430\u0437\u043c\u0435\u0440\u0430 \u2013 2 \u043c\u043e\u0442\u043a\u0430<\/p>\n<p data-start=\"1109\" data-end=\"1194\"><strong data-start=\"1109\" data-end=\"1119\">\u041f\u043e\u0434\u0445\u043e\u0434\u0438\u0442 \u0434\u043b\u044f:<\/strong> \u043d\u043e\u0441\u043a\u0438, \u043f\u0435\u0440\u0447\u0430\u0442\u043a\u0438, \u043c\u0438\u0442\u0435\u043d\u043a\u0438, \u0448\u0430\u043f\u043a\u0438, \u0448\u0430\u0440\u0444\u044b \u0438 \u0434\u0435\u0442\u0441\u043a\u0430\u044f \u043e\u0434\u0435\u0436\u0434\u0430.<\/p>\n<p data-start=\"1196\" data-end=\"1392\" data-is-last-node=\"\" data-is-only-node=\"\"><strong data-start=\"1196\" data-end=\"1210\">\u0421\u043e\u0432\u0435\u0442\u044b \u043f\u043e \u0443\u0445\u043e\u0434\u0443:<\/strong> \u0421\u0442\u0438\u0440\u0430\u0442\u044c \u0432\u0440\u0443\u0447\u043d\u0443\u044e \u043f\u0440\u0438 \u0442\u0435\u043c\u043f\u0435\u0440\u0430\u0442\u0443\u0440\u0435 \u043d\u0435 \u0432\u044b\u0448\u0435 30 \u00b0C, \u0441\u0443\u0448\u0438\u0442\u044c \u043d\u0430 \u0433\u043e\u0440\u0438\u0437\u043e\u043d\u0442\u0430\u043b\u044c\u043d\u043e\u0439 \u043f\u043e\u0432\u0435\u0440\u0445\u043d\u043e\u0441\u0442\u0438.<br data-start=\"1301\" data-end=\"1304\" \/><strong data-start=\"1304\" data-end=\"1316\">\u041f\u0440\u0438\u043c\u0435\u0447\u0430\u043d\u0438\u0435:<\/strong> \u0426\u0432\u0435\u0442\u043e\u0432\u044b\u0435 \u043e\u0442\u0442\u0435\u043d\u043a\u0438 \u043c\u043e\u0433\u0443\u0442 \u043d\u0435\u0437\u043d\u0430\u0447\u0438\u0442\u0435\u043b\u044c\u043d\u043e \u043e\u0442\u043b\u0438\u0447\u0430\u0442\u044c\u0441\u044f \u0432 \u0437\u0430\u0432\u0438\u0441\u0438\u043c\u043e\u0441\u0442\u0438 \u043e\u0442 \u044d\u043a\u0440\u0430\u043d\u0430 \u0432\u0430\u0448\u0435\u0433\u043e \u0443\u0441\u0442\u0440\u043e\u0439\u0441\u0442\u0432\u0430.<\/p>","protected":false},"excerpt":{"rendered":"<p>Zealana Cozi \u2013 tai i\u0161skirtin\u0117 si\u016bl\u0173 kolekcija, sukurta kaip itin tvirta, ta\u010diau nepaprastai \u0161velni auk\u0161\u010diausios kokyb\u0117s kojin\u0117 prabanga. I\u0161 \u0161i\u0173 si\u016bl\u0173 mezgamos ne tik ilgaam\u017e\u0117s kojin\u0117s, bet ir mink\u0161\u010diausios pir\u0161tin\u0117s, rie\u0161in\u0117s, kepur\u0117s ar \u0161alikai. Jie ypa\u010d tinka vaik\u0173 drabu\u017eiams \u2013 jautriai odai \u0161ie si\u016blai yra \u0161veln\u016bs, \u0161ilti ir malon\u016bs d\u0117v\u0117ti. Merino vilna ir baby alpakos [&hellip;]<\/p>\n","protected":false},"featured_media":6985,"comment_status":"open","ping_status":"closed","template":"","meta":{"_acf_changed":false},"product_brand":[64],"product_cat":[15,18,94],"product_tag":[],"pro-kategorijos":[54,71,809],"class_list":{"0":"post-3816","1":"product","2":"type-product","3":"status-publish","4":"has-post-thumbnail","6":"product_brand-zealanalanamania","7":"product_cat-visi-produktai","8":"product_cat-siulai","9":"product_cat-siulai-kojinems","10":"pro-kategorijos-alpaka","11":"pro-kategorijos-merino-vilna","12":"pro-kategorijos-possumas","14":"first","15":"instock","16":"shipping-taxable","17":"purchasable","18":"product-type-variable"},"acf":[],"yoast_head":"<!-- This site is optimized with the Yoast SEO plugin v26.8 - https:\/\/yoast.com\/product\/yoast-seo-wordpress\/ -->\n<title>Zealana Cozi - Happyinaknit.com<\/title>\n<meta name=\"robots\" content=\"index, follow, max-snippet:-1, max-image-preview:large, max-video-preview:-1\" \/>\n<link rel=\"canonical\" href=\"https:\/\/happyinaknit.com\/ru\/product\/zealana-cozi\/\" \/>\n<meta property=\"og:locale\" content=\"ru_RU\" \/>\n<meta property=\"og:type\" content=\"article\" \/>\n<meta property=\"og:title\" content=\"Zealana Cozi - Happyinaknit.com\" \/>\n<meta property=\"og:description\" content=\"Zealana Cozi \u2013 tai i\u0161skirtin\u0117 si\u016bl\u0173 kolekcija, sukurta kaip itin tvirta, ta\u010diau nepaprastai \u0161velni auk\u0161\u010diausios kokyb\u0117s kojin\u0117 prabanga. I\u0161 \u0161i\u0173 si\u016bl\u0173 mezgamos ne tik ilgaam\u017e\u0117s kojin\u0117s, bet ir mink\u0161\u010diausios pir\u0161tin\u0117s, rie\u0161in\u0117s, kepur\u0117s ar \u0161alikai. Jie ypa\u010d tinka vaik\u0173 drabu\u017eiams \u2013 jautriai odai \u0161ie si\u016blai yra \u0161veln\u016bs, \u0161ilti ir malon\u016bs d\u0117v\u0117ti. Merino vilna ir baby alpakos [&hellip;]\" \/>\n<meta property=\"og:url\" content=\"https:\/\/happyinaknit.com\/ru\/product\/zealana-cozi\/\" \/>\n<meta property=\"og:site_name\" content=\"Happyinaknit.com\" \/>\n<meta property=\"article:modified_time\" content=\"2026-04-05T15:46:35+00:00\" \/>\n<meta property=\"og:image\" content=\"https:\/\/happyinaknit.com\/wp-content\/uploads\/2025\/10\/DSC_5563-scaled.jpg\" \/>\n\t<meta property=\"og:image:width\" content=\"2560\" \/>\n\t<meta property=\"og:image:height\" content=\"2560\" \/>\n\t<meta property=\"og:image:type\" content=\"image\/jpeg\" \/>\n<meta name=\"twitter:card\" content=\"summary_large_image\" \/>\n<meta name=\"twitter:label1\" content=\"\u041f\u0440\u0438\u043c\u0435\u0440\u043d\u043e\u0435 \u0432\u0440\u0435\u043c\u044f \u0434\u043b\u044f \u0447\u0442\u0435\u043d\u0438\u044f\" \/>\n\t<meta name=\"twitter:data1\" content=\"1 \u043c\u0438\u043d\u0443\u0442\u0430\" \/>\n<script type=\"application\/ld+json\" class=\"yoast-schema-graph\">{\"@context\":\"https:\/\/schema.org\",\"@graph\":[{\"@type\":\"WebPage\",\"@id\":\"https:\/\/happyinaknit.com\/produktas\/zealana-cozi\/\",\"url\":\"https:\/\/happyinaknit.com\/produktas\/zealana-cozi\/\",\"name\":\"Zealana Cozi - Happyinaknit.com\",\"isPartOf\":{\"@id\":\"https:\/\/happyinaknit.com\/lt\/#website\"},\"primaryImageOfPage\":{\"@id\":\"https:\/\/happyinaknit.com\/produktas\/zealana-cozi\/#primaryimage\"},\"image\":{\"@id\":\"https:\/\/happyinaknit.com\/produktas\/zealana-cozi\/#primaryimage\"},\"thumbnailUrl\":\"https:\/\/happyinaknit.com\/wp-content\/uploads\/2025\/10\/DSC_5563-scaled.jpg\",\"datePublished\":\"2025-10-08T22:05:49+00:00\",\"dateModified\":\"2026-04-05T15:46:35+00:00\",\"breadcrumb\":{\"@id\":\"https:\/\/happyinaknit.com\/produktas\/zealana-cozi\/#breadcrumb\"},\"inLanguage\":\"ru-RU\",\"potentialAction\":[{\"@type\":\"ReadAction\",\"target\":[\"https:\/\/happyinaknit.com\/produktas\/zealana-cozi\/\"]}]},{\"@type\":\"ImageObject\",\"inLanguage\":\"ru-RU\",\"@id\":\"https:\/\/happyinaknit.com\/produktas\/zealana-cozi\/#primaryimage\",\"url\":\"https:\/\/happyinaknit.com\/wp-content\/uploads\/2025\/10\/DSC_5563-scaled.jpg\",\"contentUrl\":\"https:\/\/happyinaknit.com\/wp-content\/uploads\/2025\/10\/DSC_5563-scaled.jpg\",\"width\":2560,\"height\":2560},{\"@type\":\"BreadcrumbList\",\"@id\":\"https:\/\/happyinaknit.com\/produktas\/zealana-cozi\/#breadcrumb\",\"itemListElement\":[{\"@type\":\"ListItem\",\"position\":1,\"name\":\"Home\",\"item\":\"https:\/\/happyinaknit.com\/lt\/\"},{\"@type\":\"ListItem\",\"position\":2,\"name\":\"Parduotuv\u0117\",\"item\":\"https:\/\/happyinaknit.com\/lt\/parduotuve\/\"},{\"@type\":\"ListItem\",\"position\":3,\"name\":\"Zealana Cozi\"}]},{\"@type\":\"WebSite\",\"@id\":\"https:\/\/happyinaknit.com\/lt\/#website\",\"url\":\"https:\/\/happyinaknit.com\/lt\/\",\"name\":\"Happyinaknit.com\",\"description\":\"\",\"potentialAction\":[{\"@type\":\"SearchAction\",\"target\":{\"@type\":\"EntryPoint\",\"urlTemplate\":\"https:\/\/happyinaknit.com\/lt\/?s={search_term_string}\"},\"query-input\":{\"@type\":\"PropertyValueSpecification\",\"valueRequired\":true,\"valueName\":\"search_term_string\"}}],\"inLanguage\":\"ru-RU\"}]}<\/script>\n<!-- \/ Yoast SEO plugin. -->","yoast_head_json":{"title":"Zealana Cozi - Happyinaknit.com","robots":{"index":"index","follow":"follow","max-snippet":"max-snippet:-1","max-image-preview":"max-image-preview:large","max-video-preview":"max-video-preview:-1"},"canonical":"https:\/\/happyinaknit.com\/ru\/product\/zealana-cozi\/","og_locale":"ru_RU","og_type":"article","og_title":"Zealana Cozi - Happyinaknit.com","og_description":"Zealana Cozi \u2013 tai i\u0161skirtin\u0117 si\u016bl\u0173 kolekcija, sukurta kaip itin tvirta, ta\u010diau nepaprastai \u0161velni auk\u0161\u010diausios kokyb\u0117s kojin\u0117 prabanga. I\u0161 \u0161i\u0173 si\u016bl\u0173 mezgamos ne tik ilgaam\u017e\u0117s kojin\u0117s, bet ir mink\u0161\u010diausios pir\u0161tin\u0117s, rie\u0161in\u0117s, kepur\u0117s ar \u0161alikai. Jie ypa\u010d tinka vaik\u0173 drabu\u017eiams \u2013 jautriai odai \u0161ie si\u016blai yra \u0161veln\u016bs, \u0161ilti ir malon\u016bs d\u0117v\u0117ti. Merino vilna ir baby alpakos [&hellip;]","og_url":"https:\/\/happyinaknit.com\/ru\/product\/zealana-cozi\/","og_site_name":"Happyinaknit.com","article_modified_time":"2026-04-05T15:46:35+00:00","og_image":[{"width":2560,"height":2560,"url":"https:\/\/happyinaknit.com\/wp-content\/uploads\/2025\/10\/DSC_5563-scaled.jpg","type":"image\/jpeg"}],"twitter_card":"summary_large_image","twitter_misc":{"\u041f\u0440\u0438\u043c\u0435\u0440\u043d\u043e\u0435 \u0432\u0440\u0435\u043c\u044f \u0434\u043b\u044f \u0447\u0442\u0435\u043d\u0438\u044f":"1 \u043c\u0438\u043d\u0443\u0442\u0430"},"schema":{"@context":"https:\/\/schema.org","@graph":[{"@type":"WebPage","@id":"https:\/\/happyinaknit.com\/produktas\/zealana-cozi\/","url":"https:\/\/happyinaknit.com\/produktas\/zealana-cozi\/","name":"Zealana Cozi - Happyinaknit.com","isPartOf":{"@id":"https:\/\/happyinaknit.com\/lt\/#website"},"primaryImageOfPage":{"@id":"https:\/\/happyinaknit.com\/produktas\/zealana-cozi\/#primaryimage"},"image":{"@id":"https:\/\/happyinaknit.com\/produktas\/zealana-cozi\/#primaryimage"},"thumbnailUrl":"https:\/\/happyinaknit.com\/wp-content\/uploads\/2025\/10\/DSC_5563-scaled.jpg","datePublished":"2025-10-08T22:05:49+00:00","dateModified":"2026-04-05T15:46:35+00:00","breadcrumb":{"@id":"https:\/\/happyinaknit.com\/produktas\/zealana-cozi\/#breadcrumb"},"inLanguage":"ru-RU","potentialAction":[{"@type":"ReadAction","target":["https:\/\/happyinaknit.com\/produktas\/zealana-cozi\/"]}]},{"@type":"ImageObject","inLanguage":"ru-RU","@id":"https:\/\/happyinaknit.com\/produktas\/zealana-cozi\/#primaryimage","url":"https:\/\/happyinaknit.com\/wp-content\/uploads\/2025\/10\/DSC_5563-scaled.jpg","contentUrl":"https:\/\/happyinaknit.com\/wp-content\/uploads\/2025\/10\/DSC_5563-scaled.jpg","width":2560,"height":2560},{"@type":"BreadcrumbList","@id":"https:\/\/happyinaknit.com\/produktas\/zealana-cozi\/#breadcrumb","itemListElement":[{"@type":"ListItem","position":1,"name":"Home","item":"https:\/\/happyinaknit.com\/lt\/"},{"@type":"ListItem","position":2,"name":"Parduotuv\u0117","item":"https:\/\/happyinaknit.com\/lt\/parduotuve\/"},{"@type":"ListItem","position":3,"name":"Zealana Cozi"}]},{"@type":"WebSite","@id":"https:\/\/happyinaknit.com\/lt\/#website","url":"https:\/\/happyinaknit.com\/lt\/","name":"Happyinaknit.com","description":"","potentialAction":[{"@type":"SearchAction","target":{"@type":"EntryPoint","urlTemplate":"https:\/\/happyinaknit.com\/lt\/?s={search_term_string}"},"query-input":{"@type":"PropertyValueSpecification","valueRequired":true,"valueName":"search_term_string"}}],"inLanguage":"ru-RU"}]}},"_links":{"self":[{"href":"https:\/\/happyinaknit.com\/ru\/wp-json\/wp\/v2\/product\/3816","targetHints":{"allow":["GET"]}}],"collection":[{"href":"https:\/\/happyinaknit.com\/ru\/wp-json\/wp\/v2\/product"}],"about":[{"href":"https:\/\/happyinaknit.com\/ru\/wp-json\/wp\/v2\/types\/product"}],"replies":[{"embeddable":true,"href":"https:\/\/happyinaknit.com\/ru\/wp-json\/wp\/v2\/comments?post=3816"}],"wp:featuredmedia":[{"embeddable":true,"href":"https:\/\/happyinaknit.com\/ru\/wp-json\/wp\/v2\/media\/6985"}],"wp:attachment":[{"href":"https:\/\/happyinaknit.com\/ru\/wp-json\/wp\/v2\/media?parent=3816"}],"wp:term":[{"taxonomy":"product_brand","embeddable":true,"href":"https:\/\/happyinaknit.com\/ru\/wp-json\/wp\/v2\/product_brand?post=3816"},{"taxonomy":"product_cat","embeddable":true,"href":"https:\/\/happyinaknit.com\/ru\/wp-json\/wp\/v2\/product_cat?post=3816"},{"taxonomy":"product_tag","embeddable":true,"href":"https:\/\/happyinaknit.com\/ru\/wp-json\/wp\/v2\/product_tag?post=3816"},{"taxonomy":"pro-kategorijos","embeddable":true,"href":"https:\/\/happyinaknit.com\/ru\/wp-json\/wp\/v2\/pro-kategorijos?post=3816"}],"curies":[{"name":"wp","href":"https:\/\/api.w.org\/{rel}","templated":true}]}}