{"id":3791,"date":"2025-10-08T21:34:42","date_gmt":"2025-10-08T21:34:42","guid":{"rendered":"https:\/\/happyinaknit.com\/?post_type=product&#038;p=3791"},"modified":"2026-04-06T17:56:55","modified_gmt":"2026-04-06T17:56:55","slug":"zealana-air-lace","status":"publish","type":"product","link":"https:\/\/happyinaknit.com\/ru\/product\/zealana-air-lace\/","title":{"rendered":"Zealana Air Lace"},"content":{"rendered":"<p data-start=\"83\" data-end=\"355\">\u041d\u0430\u0441\u0442\u043e\u044f\u0449\u0430\u044f \u0440\u043e\u0441\u043a\u043e\u0448\u044c! <strong data-start=\"99\" data-end=\"119\">Zealana Air Lace<\/strong> 40 % \u043f\u0443\u0445\u0430 \u043e\u043f\u043e\u0441\u0441\u0443\u043c\u0430, 40 % \u043a\u0430\u0448\u0435\u043c\u0438\u0440\u0430 \u0438 20 % \u0442\u0443\u0442\u043e\u0432\u043e\u0433\u043e \u0448\u0435\u043b\u043a\u0430. \u042d\u0442\u043e \u0443\u043d\u0438\u043a\u0430\u043b\u044c\u043d\u043e\u0435 \u0441\u043e\u0447\u0435\u0442\u0430\u043d\u0438\u0435 \u0441\u043e\u0437\u0434\u0430\u0435\u0442 \u0447\u0440\u0435\u0437\u0432\u044b\u0447\u0430\u0439\u043d\u043e \u043c\u044f\u0433\u043a\u0443\u044e, \u043b\u0435\u0433\u043a\u0443\u044e, \u043d\u043e \u043f\u0440\u0438 \u044d\u0442\u043e\u043c \u0447\u0440\u0435\u0437\u0432\u044b\u0447\u0430\u0439\u043d\u043e \u043f\u0440\u043e\u0447\u043d\u0443\u044e \u043f\u0440\u044f\u0436\u0443, \u043a\u043e\u0442\u043e\u0440\u0430\u044f, \u043a\u0430\u043a \u043f\u043e\u043a\u0430\u0437\u0430\u043b\u0438 \u0438\u0441\u0441\u043b\u0435\u0434\u043e\u0432\u0430\u043d\u0438\u044f, \u0434\u0430\u0436\u0435 \u0442\u0435\u043f\u043b\u0435\u0435, \u0447\u0435\u043c \u043a\u0430\u0448\u0435\u043c\u0438\u0440 100 %.<\/p>\n<p data-start=\"357\" data-end=\"760\">\u041f\u0440\u044f\u0436\u0430 \u043f\u0440\u0435\u043a\u0440\u0430\u0441\u043d\u043e \u043f\u043e\u0434\u0445\u043e\u0434\u0438\u0442 \u043a\u0430\u043a \u0434\u043b\u044f \u0442\u043e\u043d\u043a\u0438\u0445, \u0442\u0430\u043a \u0438 \u0434\u043b\u044f \u0430\u0436\u0443\u0440\u043d\u044b\u0445 \u0443\u0437\u043e\u0440\u043e\u0432, \u043b\u0435\u0433\u043a\u043e \u0441\u043a\u043e\u043b\u044c\u0437\u0438\u0442 \u043f\u0440\u0438 \u0432\u044f\u0437\u0430\u043d\u0438\u0438 \u0438 \u0438\u0437\u044f\u0449\u043d\u043e \u00ab\u0440\u0430\u0441\u043a\u0440\u044b\u0432\u0430\u0435\u0442\u0441\u044f\u00bb \u043f\u043e\u0441\u043b\u0435 \u0441\u0442\u0438\u0440\u043a\u0438, \u043f\u043e\u043a\u0440\u044b\u0432\u0430\u044f\u0441\u044c \u043c\u044f\u0433\u043a\u0438\u043c \u043f\u0443\u0448\u043a\u043e\u043c \u2014 \u043f\u043e\u043b\u043e\u0442\u043d\u043e \u0441\u0442\u0430\u043d\u043e\u0432\u0438\u0442\u0441\u044f \u0435\u0449\u0435 \u043c\u044f\u0433\u0447\u0435, \u0430 \u043d\u0430 \u043f\u043e\u0432\u0435\u0440\u0445\u043d\u043e\u0441\u0442\u0438 \u043f\u043e\u044f\u0432\u043b\u044f\u0435\u0442\u0441\u044f \u043d\u0435\u0436\u043d\u044b\u0439 \u0434\u044b\u043c\u0447\u0430\u0442\u044b\u0439 \u044d\u0444\u0444\u0435\u043a\u0442.<br data-start=\"592\" data-end=\"595\" \/><strong data-start=\"595\" data-end=\"615\">Zealana Air Lace<\/strong> \u2013 \u044d\u0442\u043e \u0438\u0434\u0435\u0430\u043b\u044c\u043d\u044b\u0439 \u0432\u044b\u0431\u043e\u0440 \u0434\u043b\u044f \u0437\u0438\u043c\u043d\u0435\u0439 \u043e\u0434\u0435\u0436\u0434\u044b \u0438 \u0430\u043a\u0441\u0435\u0441\u0441\u0443\u0430\u0440\u043e\u0432: \u0442\u0435\u043f\u043b\u044b\u0439, \u043d\u043e \u043d\u0435 \u0436\u0430\u0440\u043a\u0438\u0439, \u043d\u0435 \u0440\u0430\u0437\u0434\u0440\u0430\u0436\u0430\u044e\u0449\u0438\u0439 \u043a\u043e\u0436\u0443 \u0438 \u0447\u0440\u0435\u0437\u0432\u044b\u0447\u0430\u0439\u043d\u043e \u0443\u0434\u043e\u0431\u043d\u044b\u0439 \u0434\u043b\u044f \u043f\u043e\u0432\u0441\u0435\u0434\u043d\u0435\u0432\u043d\u043e\u0439 \u043d\u043e\u0441\u043a\u0438.<\/p>\n<p data-start=\"762\" data-end=\"1000\"><strong data-start=\"762\" data-end=\"774\">\u0421\u043e\u0441\u0442\u0430\u0432:<\/strong> 40 % \u043a\u0430\u0448\u0435\u043c\u0438\u0440, 40 % \u043f\u0443\u0445 \u043f\u043e\u0441\u0441\u0443\u043c\u0430, 20 % \u0442\u0443\u0442\u043e\u0432\u044b\u0439 \u0448\u0435\u043b\u043a<br data-start=\"825\" data-end=\"828\" \/><strong data-start=\"828\" data-end=\"850\">\u0412\u0435\u0441\/\u0434\u043b\u0438\u043d\u0430:<\/strong> 25 \u0433 - 175 \u043c<br data-start=\"863\" data-end=\"866\" \/><strong data-start=\"866\" data-end=\"894\">\u0420\u0435\u043a\u043e\u043c\u0435\u043d\u0434\u0443\u0435\u043c\u044b\u0435 \u0441\u043f\u0438\u0446\u044b:<\/strong> 2,25-3,75 \u043c\u043c<br data-start=\"907\" data-end=\"910\" data-is-only-node=\"\" \/><strong data-start=\"910\" data-end=\"923\">\u041f\u043b\u043e\u0442\u043d\u043e\u0441\u0442\u044c:<\/strong> 10 \u00d7 10 \u0441\u043c \u2013 \u043f\u0440\u0438\u043c\u0435\u0440\u043d\u043e 32 \u043f\u0435\u0442\u043b\u0438 \u00d7 46 \u0440\u044f\u0434\u043e\u0432<br data-start=\"960\" data-end=\"963\" \/><strong data-start=\"963\" data-end=\"980\">\u0421\u0442\u0440\u0430\u043d\u0430 \u043f\u0440\u043e\u0438\u0441\u0445\u043e\u0436\u0434\u0435\u043d\u0438\u044f:<\/strong> \u041d\u043e\u0432\u0430\u044f \u0417\u0435\u043b\u0430\u043d\u0434\u0438\u044f<\/p>\n<p data-start=\"1002\" data-end=\"1120\"><strong data-start=\"1002\" data-end=\"1012\">\u041f\u043e\u0434\u0445\u043e\u0434\u0438\u0442 \u0434\u043b\u044f:<\/strong> \u0434\u043b\u044f \u0448\u0430\u043f\u043e\u043a, \u0448\u0430\u0440\u0444\u043e\u0432, \u0441\u0432\u0438\u0442\u0435\u0440\u043e\u0432, \u0448\u0430\u043b\u0435\u0439, \u0442\u0440\u0438\u043a\u043e\u0442\u0430\u0436\u043d\u044b\u0445 \u043f\u043b\u0430\u0442\u044c\u0435\u0432 \u0438 \u0434\u0440\u0443\u0433\u0438\u0445 \u043c\u044f\u0433\u043a\u0438\u0445, \u0440\u043e\u0441\u043a\u043e\u0448\u043d\u044b\u0445 \u0438\u0437\u0434\u0435\u043b\u0438\u0439.<\/p>\n<p data-start=\"1122\" data-end=\"1318\" data-is-last-node=\"\" data-is-only-node=\"\"><strong data-start=\"1122\" data-end=\"1136\">\u0421\u043e\u0432\u0435\u0442\u044b \u043f\u043e \u0443\u0445\u043e\u0434\u0443:<\/strong> \u0421\u0442\u0438\u0440\u0430\u0442\u044c \u0432\u0440\u0443\u0447\u043d\u0443\u044e \u043f\u0440\u0438 \u0442\u0435\u043c\u043f\u0435\u0440\u0430\u0442\u0443\u0440\u0435 \u043d\u0435 \u0432\u044b\u0448\u0435 30 \u00b0C, \u0441\u0443\u0448\u0438\u0442\u044c \u043d\u0430 \u0433\u043e\u0440\u0438\u0437\u043e\u043d\u0442\u0430\u043b\u044c\u043d\u043e\u0439 \u043f\u043e\u0432\u0435\u0440\u0445\u043d\u043e\u0441\u0442\u0438.<\/p>\n<p data-start=\"1122\" data-end=\"1318\" data-is-last-node=\"\" data-is-only-node=\"\"><br data-start=\"1227\" data-end=\"1230\" \/><strong data-start=\"1230\" data-end=\"1242\">\u041f\u0440\u0438\u043c\u0435\u0447\u0430\u043d\u0438\u0435:<\/strong> \u0426\u0432\u0435\u0442\u043e\u0432\u044b\u0435 \u043e\u0442\u0442\u0435\u043d\u043a\u0438 \u043c\u043e\u0433\u0443\u0442 \u043d\u0435\u0437\u043d\u0430\u0447\u0438\u0442\u0435\u043b\u044c\u043d\u043e \u043e\u0442\u043b\u0438\u0447\u0430\u0442\u044c\u0441\u044f \u0432 \u0437\u0430\u0432\u0438\u0441\u0438\u043c\u043e\u0441\u0442\u0438 \u043e\u0442 \u044d\u043a\u0440\u0430\u043d\u0430 \u0432\u0430\u0448\u0435\u0433\u043e \u0443\u0441\u0442\u0440\u043e\u0439\u0441\u0442\u0432\u0430.<\/p>","protected":false},"excerpt":{"rendered":"<p>Tikra prabanga! Zealana Air Lace sud\u0117tyje \u2013 40 % possumo p\u016bk\u0173, 40 % ka\u0161myro ir 20 % mulberio \u0161ilko. \u0160is unikalus derinys sukuria nepaprastai \u0161velnius, lengvus, bet tuo pa\u010diu ir itin tvirtus si\u016blus, kurie, kaip \u012frodyta tyrimais, yra net \u0161iltesni u\u017e 100 % ka\u0161myr\u0105. Si\u016blai puikiai tinka ir smulkiems, tiek kiaurara\u0161\u010diams ra\u0161tams, \u00a0lengvai slysta mezgant [&hellip;]<\/p>\n","protected":false},"featured_media":3761,"comment_status":"open","ping_status":"closed","template":"","meta":{"_acf_changed":false},"product_brand":[64],"product_cat":[15,18],"product_tag":[],"pro-kategorijos":[46,809,77],"class_list":{"0":"post-3791","1":"product","2":"type-product","3":"status-publish","4":"has-post-thumbnail","6":"product_brand-zealanalanamania","7":"product_cat-visi-produktai","8":"product_cat-siulai","9":"pro-kategorijos-kasmyras","10":"pro-kategorijos-possumas","11":"pro-kategorijos-silkas","13":"first","14":"instock","15":"shipping-taxable","16":"purchasable","17":"product-type-variable"},"acf":[],"yoast_head":"<!-- This site is optimized with the Yoast SEO plugin v26.8 - https:\/\/yoast.com\/product\/yoast-seo-wordpress\/ -->\n<title>Zealana Air Lace - Happyinaknit.com<\/title>\n<meta name=\"robots\" content=\"index, follow, max-snippet:-1, max-image-preview:large, max-video-preview:-1\" \/>\n<link rel=\"canonical\" href=\"https:\/\/happyinaknit.com\/ru\/product\/zealana-air-lace\/\" \/>\n<meta property=\"og:locale\" content=\"ru_RU\" \/>\n<meta property=\"og:type\" content=\"article\" \/>\n<meta property=\"og:title\" content=\"Zealana Air Lace - Happyinaknit.com\" \/>\n<meta property=\"og:description\" content=\"Tikra prabanga! Zealana Air Lace sud\u0117tyje \u2013 40 % possumo p\u016bk\u0173, 40 % ka\u0161myro ir 20 % mulberio \u0161ilko. \u0160is unikalus derinys sukuria nepaprastai \u0161velnius, lengvus, bet tuo pa\u010diu ir itin tvirtus si\u016blus, kurie, kaip \u012frodyta tyrimais, yra net \u0161iltesni u\u017e 100 % ka\u0161myr\u0105. Si\u016blai puikiai tinka ir smulkiems, tiek kiaurara\u0161\u010diams ra\u0161tams, \u00a0lengvai slysta mezgant [&hellip;]\" \/>\n<meta property=\"og:url\" content=\"https:\/\/happyinaknit.com\/ru\/product\/zealana-air-lace\/\" \/>\n<meta property=\"og:site_name\" content=\"Happyinaknit.com\" \/>\n<meta property=\"article:modified_time\" content=\"2026-04-06T17:56:55+00:00\" \/>\n<meta property=\"og:image\" content=\"https:\/\/happyinaknit.com\/wp-content\/uploads\/2025\/10\/IMG_8785.jpg\" \/>\n\t<meta property=\"og:image:width\" content=\"1320\" \/>\n\t<meta property=\"og:image:height\" content=\"1347\" \/>\n\t<meta property=\"og:image:type\" content=\"image\/jpeg\" \/>\n<meta name=\"twitter:card\" content=\"summary_large_image\" \/>\n<meta name=\"twitter:label1\" content=\"\u041f\u0440\u0438\u043c\u0435\u0440\u043d\u043e\u0435 \u0432\u0440\u0435\u043c\u044f \u0434\u043b\u044f \u0447\u0442\u0435\u043d\u0438\u044f\" \/>\n\t<meta name=\"twitter:data1\" content=\"1 \u043c\u0438\u043d\u0443\u0442\u0430\" \/>\n<script type=\"application\/ld+json\" class=\"yoast-schema-graph\">{\"@context\":\"https:\/\/schema.org\",\"@graph\":[{\"@type\":\"WebPage\",\"@id\":\"https:\/\/happyinaknit.com\/lt\/produktas\/zealana-air-lace\/\",\"url\":\"https:\/\/happyinaknit.com\/lt\/produktas\/zealana-air-lace\/\",\"name\":\"Zealana Air Lace - Happyinaknit.com\",\"isPartOf\":{\"@id\":\"https:\/\/happyinaknit.com\/lt\/#website\"},\"primaryImageOfPage\":{\"@id\":\"https:\/\/happyinaknit.com\/lt\/produktas\/zealana-air-lace\/#primaryimage\"},\"image\":{\"@id\":\"https:\/\/happyinaknit.com\/lt\/produktas\/zealana-air-lace\/#primaryimage\"},\"thumbnailUrl\":\"https:\/\/happyinaknit.com\/wp-content\/uploads\/2025\/10\/IMG_8785.jpg\",\"datePublished\":\"2025-10-08T21:34:42+00:00\",\"dateModified\":\"2026-04-06T17:56:55+00:00\",\"breadcrumb\":{\"@id\":\"https:\/\/happyinaknit.com\/lt\/produktas\/zealana-air-lace\/#breadcrumb\"},\"inLanguage\":\"ru-RU\",\"potentialAction\":[{\"@type\":\"ReadAction\",\"target\":[\"https:\/\/happyinaknit.com\/lt\/produktas\/zealana-air-lace\/\"]}]},{\"@type\":\"ImageObject\",\"inLanguage\":\"ru-RU\",\"@id\":\"https:\/\/happyinaknit.com\/lt\/produktas\/zealana-air-lace\/#primaryimage\",\"url\":\"https:\/\/happyinaknit.com\/wp-content\/uploads\/2025\/10\/IMG_8785.jpg\",\"contentUrl\":\"https:\/\/happyinaknit.com\/wp-content\/uploads\/2025\/10\/IMG_8785.jpg\",\"width\":1320,\"height\":1347},{\"@type\":\"BreadcrumbList\",\"@id\":\"https:\/\/happyinaknit.com\/lt\/produktas\/zealana-air-lace\/#breadcrumb\",\"itemListElement\":[{\"@type\":\"ListItem\",\"position\":1,\"name\":\"Home\",\"item\":\"https:\/\/happyinaknit.com\/lt\/\"},{\"@type\":\"ListItem\",\"position\":2,\"name\":\"Parduotuv\u0117\",\"item\":\"https:\/\/happyinaknit.com\/lt\/parduotuve\/\"},{\"@type\":\"ListItem\",\"position\":3,\"name\":\"Zealana Air Lace\"}]},{\"@type\":\"WebSite\",\"@id\":\"https:\/\/happyinaknit.com\/lt\/#website\",\"url\":\"https:\/\/happyinaknit.com\/lt\/\",\"name\":\"Happyinaknit.com\",\"description\":\"\",\"potentialAction\":[{\"@type\":\"SearchAction\",\"target\":{\"@type\":\"EntryPoint\",\"urlTemplate\":\"https:\/\/happyinaknit.com\/lt\/?s={search_term_string}\"},\"query-input\":{\"@type\":\"PropertyValueSpecification\",\"valueRequired\":true,\"valueName\":\"search_term_string\"}}],\"inLanguage\":\"ru-RU\"}]}<\/script>\n<!-- \/ Yoast SEO plugin. -->","yoast_head_json":{"title":"Zealana Air Lace - Happyinaknit.com","robots":{"index":"index","follow":"follow","max-snippet":"max-snippet:-1","max-image-preview":"max-image-preview:large","max-video-preview":"max-video-preview:-1"},"canonical":"https:\/\/happyinaknit.com\/ru\/product\/zealana-air-lace\/","og_locale":"ru_RU","og_type":"article","og_title":"Zealana Air Lace - Happyinaknit.com","og_description":"Tikra prabanga! Zealana Air Lace sud\u0117tyje \u2013 40 % possumo p\u016bk\u0173, 40 % ka\u0161myro ir 20 % mulberio \u0161ilko. \u0160is unikalus derinys sukuria nepaprastai \u0161velnius, lengvus, bet tuo pa\u010diu ir itin tvirtus si\u016blus, kurie, kaip \u012frodyta tyrimais, yra net \u0161iltesni u\u017e 100 % ka\u0161myr\u0105. Si\u016blai puikiai tinka ir smulkiems, tiek kiaurara\u0161\u010diams ra\u0161tams, \u00a0lengvai slysta mezgant [&hellip;]","og_url":"https:\/\/happyinaknit.com\/ru\/product\/zealana-air-lace\/","og_site_name":"Happyinaknit.com","article_modified_time":"2026-04-06T17:56:55+00:00","og_image":[{"width":1320,"height":1347,"url":"https:\/\/happyinaknit.com\/wp-content\/uploads\/2025\/10\/IMG_8785.jpg","type":"image\/jpeg"}],"twitter_card":"summary_large_image","twitter_misc":{"\u041f\u0440\u0438\u043c\u0435\u0440\u043d\u043e\u0435 \u0432\u0440\u0435\u043c\u044f \u0434\u043b\u044f \u0447\u0442\u0435\u043d\u0438\u044f":"1 \u043c\u0438\u043d\u0443\u0442\u0430"},"schema":{"@context":"https:\/\/schema.org","@graph":[{"@type":"WebPage","@id":"https:\/\/happyinaknit.com\/lt\/produktas\/zealana-air-lace\/","url":"https:\/\/happyinaknit.com\/lt\/produktas\/zealana-air-lace\/","name":"Zealana Air Lace - Happyinaknit.com","isPartOf":{"@id":"https:\/\/happyinaknit.com\/lt\/#website"},"primaryImageOfPage":{"@id":"https:\/\/happyinaknit.com\/lt\/produktas\/zealana-air-lace\/#primaryimage"},"image":{"@id":"https:\/\/happyinaknit.com\/lt\/produktas\/zealana-air-lace\/#primaryimage"},"thumbnailUrl":"https:\/\/happyinaknit.com\/wp-content\/uploads\/2025\/10\/IMG_8785.jpg","datePublished":"2025-10-08T21:34:42+00:00","dateModified":"2026-04-06T17:56:55+00:00","breadcrumb":{"@id":"https:\/\/happyinaknit.com\/lt\/produktas\/zealana-air-lace\/#breadcrumb"},"inLanguage":"ru-RU","potentialAction":[{"@type":"ReadAction","target":["https:\/\/happyinaknit.com\/lt\/produktas\/zealana-air-lace\/"]}]},{"@type":"ImageObject","inLanguage":"ru-RU","@id":"https:\/\/happyinaknit.com\/lt\/produktas\/zealana-air-lace\/#primaryimage","url":"https:\/\/happyinaknit.com\/wp-content\/uploads\/2025\/10\/IMG_8785.jpg","contentUrl":"https:\/\/happyinaknit.com\/wp-content\/uploads\/2025\/10\/IMG_8785.jpg","width":1320,"height":1347},{"@type":"BreadcrumbList","@id":"https:\/\/happyinaknit.com\/lt\/produktas\/zealana-air-lace\/#breadcrumb","itemListElement":[{"@type":"ListItem","position":1,"name":"Home","item":"https:\/\/happyinaknit.com\/lt\/"},{"@type":"ListItem","position":2,"name":"Parduotuv\u0117","item":"https:\/\/happyinaknit.com\/lt\/parduotuve\/"},{"@type":"ListItem","position":3,"name":"Zealana Air Lace"}]},{"@type":"WebSite","@id":"https:\/\/happyinaknit.com\/lt\/#website","url":"https:\/\/happyinaknit.com\/lt\/","name":"Happyinaknit.com","description":"","potentialAction":[{"@type":"SearchAction","target":{"@type":"EntryPoint","urlTemplate":"https:\/\/happyinaknit.com\/lt\/?s={search_term_string}"},"query-input":{"@type":"PropertyValueSpecification","valueRequired":true,"valueName":"search_term_string"}}],"inLanguage":"ru-RU"}]}},"_links":{"self":[{"href":"https:\/\/happyinaknit.com\/ru\/wp-json\/wp\/v2\/product\/3791","targetHints":{"allow":["GET"]}}],"collection":[{"href":"https:\/\/happyinaknit.com\/ru\/wp-json\/wp\/v2\/product"}],"about":[{"href":"https:\/\/happyinaknit.com\/ru\/wp-json\/wp\/v2\/types\/product"}],"replies":[{"embeddable":true,"href":"https:\/\/happyinaknit.com\/ru\/wp-json\/wp\/v2\/comments?post=3791"}],"wp:featuredmedia":[{"embeddable":true,"href":"https:\/\/happyinaknit.com\/ru\/wp-json\/wp\/v2\/media\/3761"}],"wp:attachment":[{"href":"https:\/\/happyinaknit.com\/ru\/wp-json\/wp\/v2\/media?parent=3791"}],"wp:term":[{"taxonomy":"product_brand","embeddable":true,"href":"https:\/\/happyinaknit.com\/ru\/wp-json\/wp\/v2\/product_brand?post=3791"},{"taxonomy":"product_cat","embeddable":true,"href":"https:\/\/happyinaknit.com\/ru\/wp-json\/wp\/v2\/product_cat?post=3791"},{"taxonomy":"product_tag","embeddable":true,"href":"https:\/\/happyinaknit.com\/ru\/wp-json\/wp\/v2\/product_tag?post=3791"},{"taxonomy":"pro-kategorijos","embeddable":true,"href":"https:\/\/happyinaknit.com\/ru\/wp-json\/wp\/v2\/pro-kategorijos?post=3791"}],"curies":[{"name":"wp","href":"https:\/\/api.w.org\/{rel}","templated":true}]}}