{"id":3780,"date":"2025-10-08T21:07:29","date_gmt":"2025-10-08T21:07:29","guid":{"rendered":"https:\/\/happyinaknit.com\/?post_type=product&#038;p=3780"},"modified":"2025-11-13T21:59:29","modified_gmt":"2025-11-13T21:59:29","slug":"zealana-rimu-fingering","status":"publish","type":"product","link":"https:\/\/happyinaknit.com\/ru\/product\/zealana-rimu-fingering\/","title":{"rendered":"Zealana Rimu Fingering"},"content":{"rendered":"<p data-start=\"85\" data-end=\"387\"><strong data-start=\"85\" data-end=\"111\">Zealana Rimu Fingering<\/strong> \u2013 \u0440\u043e\u0441\u043a\u043e\u0448\u043d\u0430\u044f, \u043c\u044f\u0433\u043a\u0430\u044f \u0438 \u0442\u0451\u043f\u043b\u0430\u044f \u043f\u0440\u044f\u0436\u0430 \u0438\u0437 \u041d\u043e\u0432\u043e\u0439 \u0417\u0435\u043b\u0430\u043d\u0434\u0438\u0438. \u0423\u043d\u0438\u043a\u0430\u043b\u044c\u043d\u043e\u0435 \u0441\u043e\u0447\u0435\u0442\u0430\u043d\u0438\u0435 <strong data-start=\"183\" data-end=\"211\">\u043c\u0435\u0440\u0438\u043d\u043e\u0441\u043e\u0432\u043e\u0439 \u0448\u0435\u0440\u0441\u0442\u0438 \u0438 \u043f\u0443\u0445\u0430 \u043f\u043e\u0441\u0441\u0443\u043c\u0430<\/strong>\u043f\u0440\u0438\u0434\u0430\u0451\u0442 \u043f\u0440\u044f\u0436\u0435 \u043e\u0441\u043e\u0431\u0443\u044e \u0442\u0435\u043f\u043b\u043e\u0438\u0437\u043e\u043b\u044f\u0446\u0438\u044e, \u043b\u0451\u0433\u043a\u043e\u0441\u0442\u044c \u0438 \u043f\u0443\u0448\u0438\u0441\u0442\u043e\u0441\u0442\u044c. \u041f\u0440\u044f\u0436\u0430 \u0447\u0440\u0435\u0437\u0432\u044b\u0447\u0430\u0439\u043d\u043e \u043f\u0440\u0438\u044f\u0442\u043d\u0430 \u043a \u0442\u0435\u043b\u0443, \u0447\u0442\u043e \u0434\u0435\u043b\u0430\u0435\u0442 \u0435\u0451 \u0438\u0434\u0435\u0430\u043b\u044c\u043d\u043e\u0439 \u0434\u043b\u044f <strong data-start=\"335\" data-end=\"384\">\u0434\u043b\u044f \u0441\u0432\u0438\u0442\u0435\u0440\u043e\u0432, \u0448\u0430\u0440\u0444\u043e\u0432, \u0448\u0430\u043b\u0435\u0439 \u0438 \u0430\u043a\u0441\u0435\u0441\u0441\u0443\u0430\u0440\u043e\u0432<\/strong>.<\/p>\n<p data-start=\"389\" data-end=\"608\"><strong data-start=\"389\" data-end=\"401\">\u0421\u043e\u0441\u0442\u0430\u0432:<\/strong> 60 % \u0448\u0435\u0440\u0441\u0442\u044c \u043d\u043e\u0432\u043e\u0437\u0435\u043b\u0430\u043d\u0434\u0441\u043a\u043e\u0433\u043e \u043c\u0435\u0440\u0438\u043d\u043e\u0441\u0430, 40 % \u043f\u0443\u0445 \u043f\u043e\u0441\u0441\u0443\u043c\u0430<br data-start=\"455\" data-end=\"458\" \/><strong data-start=\"458\" data-end=\"480\">\u0412\u0435\u0441\/\u0434\u043b\u0438\u043d\u0430:<\/strong> 40 \u0433 - 153 \u043c<br data-start=\"493\" data-end=\"496\" \/><strong data-start=\"496\" data-end=\"524\" data-is-only-node=\"\">\u0420\u0435\u043a\u043e\u043c\u0435\u043d\u0434\u0443\u0435\u043c\u044b\u0435 \u0441\u043f\u0438\u0446\u044b:<\/strong> 3,0 \u043c\u043c<br data-start=\"531\" data-end=\"534\" \/><strong data-start=\"534\" data-end=\"547\">\u041f\u043b\u043e\u0442\u043d\u043e\u0441\u0442\u044c:<\/strong> 10 \u0441\u043c \u2013 \u043e\u043a\u043e\u043b\u043e 26-28 \u043f\u0435\u0442\u0435\u043b\u044c<br data-start=\"568\" data-end=\"571\" \/><strong data-start=\"571\" data-end=\"588\">\u0421\u0442\u0440\u0430\u043d\u0430 \u043f\u0440\u043e\u0438\u0441\u0445\u043e\u0436\u0434\u0435\u043d\u0438\u044f:<\/strong> \u041d\u043e\u0432\u0430\u044f \u0417\u0435\u043b\u0430\u043d\u0434\u0438\u044f<\/p>\n<p data-start=\"610\" data-end=\"717\"><strong data-start=\"610\" data-end=\"624\">\u0421\u043e\u0432\u0435\u0442\u044b \u043f\u043e \u0443\u0445\u043e\u0434\u0443:<\/strong> \u0421\u0442\u0438\u0440\u0430\u0442\u044c \u0432\u0440\u0443\u0447\u043d\u0443\u044e \u043f\u0440\u0438 \u0442\u0435\u043c\u043f\u0435\u0440\u0430\u0442\u0443\u0440\u0435 \u043d\u0435 \u0432\u044b\u0448\u0435 30 \u00b0C, \u0441\u0443\u0448\u0438\u0442\u044c \u043d\u0430 \u0433\u043e\u0440\u0438\u0437\u043e\u043d\u0442\u0430\u043b\u044c\u043d\u043e\u0439 \u043f\u043e\u0432\u0435\u0440\u0445\u043d\u043e\u0441\u0442\u0438.<\/p>\n<p data-start=\"719\" data-end=\"807\" data-is-last-node=\"\" data-is-only-node=\"\"><strong data-start=\"719\" data-end=\"731\">\u041f\u0440\u0438\u043c\u0435\u0447\u0430\u043d\u0438\u0435:<\/strong> \u0426\u0432\u0435\u0442\u043e\u0432\u044b\u0435 \u043e\u0442\u0442\u0435\u043d\u043a\u0438 \u043c\u043e\u0433\u0443\u0442 \u043d\u0435\u0437\u043d\u0430\u0447\u0438\u0442\u0435\u043b\u044c\u043d\u043e \u043e\u0442\u043b\u0438\u0447\u0430\u0442\u044c\u0441\u044f \u0432 \u0437\u0430\u0432\u0438\u0441\u0438\u043c\u043e\u0441\u0442\u0438 \u043e\u0442 \u044d\u043a\u0440\u0430\u043d\u0430 \u0432\u0430\u0448\u0435\u0433\u043e \u0443\u0441\u0442\u0440\u043e\u0439\u0441\u0442\u0432\u0430.<\/p>","protected":false},"excerpt":{"rendered":"<p>Zealana Rimu Fingering \u2013 prabang\u016bs, \u0161veln\u016bs ir \u0161ilti si\u016blai i\u0161 Naujosios Zelandijos. Unikalus merino vilnos ir possumoderinys suteikia si\u016blui ypating\u0105 \u0161ilumos izoliacij\u0105, lengvum\u0105 ir purum\u0105. Si\u016blai yra itin malon\u016bs odai, tod\u0117l puikiai tinka megztiniams, \u0161alikams, skaroms ir aksesuarams. Sud\u0117tis: 60 % Naujosios Zelandijos merino vilna, 40 % possumasSvoris \/ metra\u017eas: 40 g &#8211; 153 mRekomenduojami [&hellip;]<\/p>\n","protected":false},"featured_media":3775,"comment_status":"open","ping_status":"closed","template":"","meta":{"_acf_changed":false},"product_brand":[64],"product_cat":[15,18],"product_tag":[],"pro-kategorijos":[71,809],"class_list":{"0":"post-3780","1":"product","2":"type-product","3":"status-publish","4":"has-post-thumbnail","6":"product_brand-zealanalanamania","7":"product_cat-visi-produktai","8":"product_cat-siulai","9":"pro-kategorijos-merino-vilna","10":"pro-kategorijos-possumas","12":"first","13":"instock","14":"shipping-taxable","15":"purchasable","16":"product-type-variable"},"acf":[],"yoast_head":"<!-- This site is optimized with the Yoast SEO plugin v26.8 - https:\/\/yoast.com\/product\/yoast-seo-wordpress\/ -->\n<title>Zealana Rimu Fingering - Happyinaknit.com<\/title>\n<meta name=\"robots\" content=\"index, follow, max-snippet:-1, max-image-preview:large, max-video-preview:-1\" \/>\n<link rel=\"canonical\" href=\"https:\/\/happyinaknit.com\/ru\/product\/zealana-rimu-fingering\/\" \/>\n<meta property=\"og:locale\" content=\"ru_RU\" \/>\n<meta property=\"og:type\" content=\"article\" \/>\n<meta property=\"og:title\" content=\"Zealana Rimu Fingering - Happyinaknit.com\" \/>\n<meta property=\"og:description\" content=\"Zealana Rimu Fingering \u2013 prabang\u016bs, \u0161veln\u016bs ir \u0161ilti si\u016blai i\u0161 Naujosios Zelandijos. Unikalus merino vilnos ir possumoderinys suteikia si\u016blui ypating\u0105 \u0161ilumos izoliacij\u0105, lengvum\u0105 ir purum\u0105. Si\u016blai yra itin malon\u016bs odai, tod\u0117l puikiai tinka megztiniams, \u0161alikams, skaroms ir aksesuarams. Sud\u0117tis: 60 % Naujosios Zelandijos merino vilna, 40 % possumasSvoris \/ metra\u017eas: 40 g &#8211; 153 mRekomenduojami [&hellip;]\" \/>\n<meta property=\"og:url\" content=\"https:\/\/happyinaknit.com\/ru\/product\/zealana-rimu-fingering\/\" \/>\n<meta property=\"og:site_name\" content=\"Happyinaknit.com\" \/>\n<meta property=\"article:modified_time\" content=\"2025-11-13T21:59:29+00:00\" \/>\n<meta property=\"og:image\" content=\"https:\/\/happyinaknit.com\/wp-content\/uploads\/2025\/10\/IMG_8771.jpg\" \/>\n\t<meta property=\"og:image:width\" content=\"1320\" \/>\n\t<meta property=\"og:image:height\" content=\"1323\" \/>\n\t<meta property=\"og:image:type\" content=\"image\/jpeg\" \/>\n<meta name=\"twitter:card\" content=\"summary_large_image\" \/>\n<script type=\"application\/ld+json\" class=\"yoast-schema-graph\">{\"@context\":\"https:\/\/schema.org\",\"@graph\":[{\"@type\":\"WebPage\",\"@id\":\"https:\/\/happyinaknit.com\/produktas\/zealana-rimu-fingering\/\",\"url\":\"https:\/\/happyinaknit.com\/produktas\/zealana-rimu-fingering\/\",\"name\":\"Zealana Rimu Fingering - Happyinaknit.com\",\"isPartOf\":{\"@id\":\"https:\/\/happyinaknit.com\/lt\/#website\"},\"primaryImageOfPage\":{\"@id\":\"https:\/\/happyinaknit.com\/produktas\/zealana-rimu-fingering\/#primaryimage\"},\"image\":{\"@id\":\"https:\/\/happyinaknit.com\/produktas\/zealana-rimu-fingering\/#primaryimage\"},\"thumbnailUrl\":\"https:\/\/happyinaknit.com\/wp-content\/uploads\/2025\/10\/IMG_8771.jpg\",\"datePublished\":\"2025-10-08T21:07:29+00:00\",\"dateModified\":\"2025-11-13T21:59:29+00:00\",\"breadcrumb\":{\"@id\":\"https:\/\/happyinaknit.com\/produktas\/zealana-rimu-fingering\/#breadcrumb\"},\"inLanguage\":\"ru-RU\",\"potentialAction\":[{\"@type\":\"ReadAction\",\"target\":[\"https:\/\/happyinaknit.com\/produktas\/zealana-rimu-fingering\/\"]}]},{\"@type\":\"ImageObject\",\"inLanguage\":\"ru-RU\",\"@id\":\"https:\/\/happyinaknit.com\/produktas\/zealana-rimu-fingering\/#primaryimage\",\"url\":\"https:\/\/happyinaknit.com\/wp-content\/uploads\/2025\/10\/IMG_8771.jpg\",\"contentUrl\":\"https:\/\/happyinaknit.com\/wp-content\/uploads\/2025\/10\/IMG_8771.jpg\",\"width\":1320,\"height\":1323},{\"@type\":\"BreadcrumbList\",\"@id\":\"https:\/\/happyinaknit.com\/produktas\/zealana-rimu-fingering\/#breadcrumb\",\"itemListElement\":[{\"@type\":\"ListItem\",\"position\":1,\"name\":\"Home\",\"item\":\"https:\/\/happyinaknit.com\/lt\/\"},{\"@type\":\"ListItem\",\"position\":2,\"name\":\"Parduotuv\u0117\",\"item\":\"https:\/\/happyinaknit.com\/lt\/parduotuve\/\"},{\"@type\":\"ListItem\",\"position\":3,\"name\":\"Zealana Rimu Fingering\"}]},{\"@type\":\"WebSite\",\"@id\":\"https:\/\/happyinaknit.com\/lt\/#website\",\"url\":\"https:\/\/happyinaknit.com\/lt\/\",\"name\":\"Happyinaknit.com\",\"description\":\"\",\"potentialAction\":[{\"@type\":\"SearchAction\",\"target\":{\"@type\":\"EntryPoint\",\"urlTemplate\":\"https:\/\/happyinaknit.com\/lt\/?s={search_term_string}\"},\"query-input\":{\"@type\":\"PropertyValueSpecification\",\"valueRequired\":true,\"valueName\":\"search_term_string\"}}],\"inLanguage\":\"ru-RU\"}]}<\/script>\n<!-- \/ Yoast SEO plugin. -->","yoast_head_json":{"title":"Zealana Rimu Fingering - Happyinaknit.com","robots":{"index":"index","follow":"follow","max-snippet":"max-snippet:-1","max-image-preview":"max-image-preview:large","max-video-preview":"max-video-preview:-1"},"canonical":"https:\/\/happyinaknit.com\/ru\/product\/zealana-rimu-fingering\/","og_locale":"ru_RU","og_type":"article","og_title":"Zealana Rimu Fingering - Happyinaknit.com","og_description":"Zealana Rimu Fingering \u2013 prabang\u016bs, \u0161veln\u016bs ir \u0161ilti si\u016blai i\u0161 Naujosios Zelandijos. Unikalus merino vilnos ir possumoderinys suteikia si\u016blui ypating\u0105 \u0161ilumos izoliacij\u0105, lengvum\u0105 ir purum\u0105. Si\u016blai yra itin malon\u016bs odai, tod\u0117l puikiai tinka megztiniams, \u0161alikams, skaroms ir aksesuarams. Sud\u0117tis: 60 % Naujosios Zelandijos merino vilna, 40 % possumasSvoris \/ metra\u017eas: 40 g &#8211; 153 mRekomenduojami [&hellip;]","og_url":"https:\/\/happyinaknit.com\/ru\/product\/zealana-rimu-fingering\/","og_site_name":"Happyinaknit.com","article_modified_time":"2025-11-13T21:59:29+00:00","og_image":[{"width":1320,"height":1323,"url":"https:\/\/happyinaknit.com\/wp-content\/uploads\/2025\/10\/IMG_8771.jpg","type":"image\/jpeg"}],"twitter_card":"summary_large_image","schema":{"@context":"https:\/\/schema.org","@graph":[{"@type":"WebPage","@id":"https:\/\/happyinaknit.com\/produktas\/zealana-rimu-fingering\/","url":"https:\/\/happyinaknit.com\/produktas\/zealana-rimu-fingering\/","name":"Zealana Rimu Fingering - Happyinaknit.com","isPartOf":{"@id":"https:\/\/happyinaknit.com\/lt\/#website"},"primaryImageOfPage":{"@id":"https:\/\/happyinaknit.com\/produktas\/zealana-rimu-fingering\/#primaryimage"},"image":{"@id":"https:\/\/happyinaknit.com\/produktas\/zealana-rimu-fingering\/#primaryimage"},"thumbnailUrl":"https:\/\/happyinaknit.com\/wp-content\/uploads\/2025\/10\/IMG_8771.jpg","datePublished":"2025-10-08T21:07:29+00:00","dateModified":"2025-11-13T21:59:29+00:00","breadcrumb":{"@id":"https:\/\/happyinaknit.com\/produktas\/zealana-rimu-fingering\/#breadcrumb"},"inLanguage":"ru-RU","potentialAction":[{"@type":"ReadAction","target":["https:\/\/happyinaknit.com\/produktas\/zealana-rimu-fingering\/"]}]},{"@type":"ImageObject","inLanguage":"ru-RU","@id":"https:\/\/happyinaknit.com\/produktas\/zealana-rimu-fingering\/#primaryimage","url":"https:\/\/happyinaknit.com\/wp-content\/uploads\/2025\/10\/IMG_8771.jpg","contentUrl":"https:\/\/happyinaknit.com\/wp-content\/uploads\/2025\/10\/IMG_8771.jpg","width":1320,"height":1323},{"@type":"BreadcrumbList","@id":"https:\/\/happyinaknit.com\/produktas\/zealana-rimu-fingering\/#breadcrumb","itemListElement":[{"@type":"ListItem","position":1,"name":"Home","item":"https:\/\/happyinaknit.com\/lt\/"},{"@type":"ListItem","position":2,"name":"Parduotuv\u0117","item":"https:\/\/happyinaknit.com\/lt\/parduotuve\/"},{"@type":"ListItem","position":3,"name":"Zealana Rimu Fingering"}]},{"@type":"WebSite","@id":"https:\/\/happyinaknit.com\/lt\/#website","url":"https:\/\/happyinaknit.com\/lt\/","name":"Happyinaknit.com","description":"","potentialAction":[{"@type":"SearchAction","target":{"@type":"EntryPoint","urlTemplate":"https:\/\/happyinaknit.com\/lt\/?s={search_term_string}"},"query-input":{"@type":"PropertyValueSpecification","valueRequired":true,"valueName":"search_term_string"}}],"inLanguage":"ru-RU"}]}},"_links":{"self":[{"href":"https:\/\/happyinaknit.com\/ru\/wp-json\/wp\/v2\/product\/3780","targetHints":{"allow":["GET"]}}],"collection":[{"href":"https:\/\/happyinaknit.com\/ru\/wp-json\/wp\/v2\/product"}],"about":[{"href":"https:\/\/happyinaknit.com\/ru\/wp-json\/wp\/v2\/types\/product"}],"replies":[{"embeddable":true,"href":"https:\/\/happyinaknit.com\/ru\/wp-json\/wp\/v2\/comments?post=3780"}],"wp:featuredmedia":[{"embeddable":true,"href":"https:\/\/happyinaknit.com\/ru\/wp-json\/wp\/v2\/media\/3775"}],"wp:attachment":[{"href":"https:\/\/happyinaknit.com\/ru\/wp-json\/wp\/v2\/media?parent=3780"}],"wp:term":[{"taxonomy":"product_brand","embeddable":true,"href":"https:\/\/happyinaknit.com\/ru\/wp-json\/wp\/v2\/product_brand?post=3780"},{"taxonomy":"product_cat","embeddable":true,"href":"https:\/\/happyinaknit.com\/ru\/wp-json\/wp\/v2\/product_cat?post=3780"},{"taxonomy":"product_tag","embeddable":true,"href":"https:\/\/happyinaknit.com\/ru\/wp-json\/wp\/v2\/product_tag?post=3780"},{"taxonomy":"pro-kategorijos","embeddable":true,"href":"https:\/\/happyinaknit.com\/ru\/wp-json\/wp\/v2\/pro-kategorijos?post=3780"}],"curies":[{"name":"wp","href":"https:\/\/api.w.org\/{rel}","templated":true}]}}