{"id":3682,"date":"2025-10-08T19:11:24","date_gmt":"2025-10-08T19:11:24","guid":{"rendered":"https:\/\/happyinaknit.com\/?post_type=product&#038;p=3682"},"modified":"2026-03-13T15:08:52","modified_gmt":"2026-03-13T15:08:52","slug":"natural-club","status":"publish","type":"product","link":"https:\/\/happyinaknit.com\/ru\/product\/natural-club\/","title":{"rendered":"Natural Club"},"content":{"rendered":"<p data-start=\"60\" data-end=\"385\"><strong data-start=\"102\" data-end=\"118\">Natural Club<\/strong> \u043f\u0440\u043e\u0438\u0437\u0432\u0435\u0434\u0435\u043d\u0430 \u0438\u0437 <strong data-start=\"139\" data-end=\"178\">100 % \u043d\u0430\u0442\u0443\u0440\u0430\u043b\u044c\u043d\u0430\u044f \u0434\u0440\u0435\u0432\u0435\u0441\u043d\u043e\u0439 \u0446\u0435\u043b\u043b\u044e\u043b\u043e\u0437\u044b.<\/strong>\u041e\u043d\u0430 \u0438\u0434\u0435\u0430\u043b\u044c\u043d\u043e \u043f\u043e\u0434\u0445\u043e\u0434\u044f\u0442 \u0434\u043b\u044f \u043b\u0435\u0442\u043d\u0438\u0445 \u043f\u0440\u043e\u0435\u043a\u0442\u043e\u0432 \u2013 <strong data-start=\"225\" data-end=\"289\">\u0434\u043b\u044f \u0448\u043b\u044f\u043f, \u0441\u0443\u043c\u043e\u043a, \u0448\u043e\u043f\u043f\u0435\u0440\u043e\u0432 \u0438\u043b\u0438 \u043f\u0440\u0435\u0434\u043c\u0435\u0442\u043e\u0432 \u0438\u043d\u0442\u0435\u0440\u044c\u0435\u0440\u0430.<\/strong>\u041f\u0440\u044f\u0436\u0430 \u043e\u0442\u043b\u0438\u0447\u0430\u0435\u0442\u0441\u044f  \u043f\u0440\u043e\u0447\u043d\u043e\u0441\u0442\u044c\u044e, \u043d\u043e \u043f\u0440\u0438 \u044d\u0442\u043e\u043c \u043e\u0441\u0442\u0430\u0435\u0442\u0441\u044f \u043c\u044f\u0433\u043a\u043e\u0439, \u043b\u0435\u0433\u043a\u043e \u0444\u043e\u0440\u043c\u0443\u044e\u0442\u0441\u044f \u0438 \u0438\u043c\u0435\u044e\u0442 \u0435\u0441\u0442\u0435\u0441\u0442\u0432\u0435\u043d\u043d\u0443\u044e \u043c\u0430\u0442\u043e\u0432\u0443\u044e \u043f\u043e\u0432\u0435\u0440\u0445\u043d\u043e\u0441\u0442\u044c.<\/p>\n<p data-start=\"387\" data-end=\"552\"><strong data-start=\"387\" data-end=\"399\">\u0421\u043e\u0441\u0442\u0430\u0432:<\/strong> 100 % \u0440\u0430\u0444\u0438\u044f (\u043d\u0430\u0442\u0443\u0440\u0430\u043b\u044c\u043d\u0430\u044f \u0434\u0440\u0435\u0432\u0435\u0441\u043d\u0430\u044f \u0446\u0435\u043b\u043b\u044e\u043b\u043e\u0437\u0430)<br data-start=\"434\" data-end=\"437\" \/><strong data-start=\"437\" data-end=\"453\">\u0412\u0435\u0441\/\u0434\u043b\u0438\u043d\u0430:<\/strong> 80 \u0433 - 200 \u043c<br data-start=\"471\" data-end=\"474\" \/><strong data-start=\"474\" data-end=\"513\">\u0420\u0435\u043a\u043e\u043c\u0435\u043d\u0434\u0443\u0435\u043c\u044b\u0435 \u0441\u043f\u0438\u0446\u044b\/\u043a\u0440\u044e\u0447\u043a\u0438:<\/strong> 3,5-4,0 \u043c\u043c<br data-start=\"524\" data-end=\"527\" data-is-only-node=\"\" \/><strong data-start=\"527\" data-end=\"550\">\u041d\u0435\u043e\u0431\u0445\u043e\u0434\u0438\u043c\u043e\u0435 \u043a\u043e\u043b\u0438\u0447\u0435\u0441\u0442\u0432\u043e:<\/strong><\/p>\n<ul data-start=\"553\" data-end=\"641\">\n<li data-start=\"553\" data-end=\"580\">\n<p data-start=\"555\" data-end=\"580\">\u041f\u0430\u043d\u0430\u043c\u0430 \u2013 1 \u043c\u043e\u0442\u043e\u043a<\/p>\n<\/li>\n<li data-start=\"581\" data-end=\"610\">\n<p data-start=\"583\" data-end=\"610\">\u0428\u043b\u044f\u043f\u0430 \u2013 2 \u043c\u043e\u0442\u043a\u0430<\/p>\n<\/li>\n<li data-start=\"611\" data-end=\"641\">\n<p data-start=\"613\" data-end=\"641\">\u043d\u0430 \u0441\u0443\u043c\u043a\u0443 \u2013 2\u20133 \u043c\u043e\u0442\u043a\u0430<\/p>\n<\/li>\n<\/ul>\n<p data-start=\"643\" data-end=\"758\"><strong data-start=\"643\" data-end=\"657\">\u0421\u043e\u0432\u0435\u0442\u044b \u043f\u043e \u0443\u0445\u043e\u0434\u0443:<\/strong> \u041f\u0440\u043e\u0442\u0438\u0440\u0430\u0439\u0442\u0435 \u0432\u043b\u0430\u0436\u043d\u043e\u0439 \u0442\u043a\u0430\u043d\u044c\u044e, \u0438\u0437\u0431\u0435\u0433\u0430\u0439\u0442\u0435 \u0434\u043b\u0438\u0442\u0435\u043b\u044c\u043d\u043e\u0433\u043e \u0432\u043e\u0437\u0434\u0435\u0439\u0441\u0442\u0432\u0438\u044f \u044f\u0440\u043a\u043e\u0433\u043e \u0441\u0432\u0435\u0442\u0430, \u0442\u0430\u043a \u043a\u0430\u043a \u0446\u0432\u0435\u0442 \u043c\u043e\u0436\u0435\u0442 \u0441\u043b\u0435\u0433\u043a\u0430 \u043f\u043e\u0442\u0443\u0441\u043a\u043d\u0435\u0442\u044c.<\/p>\n<p data-start=\"760\" data-end=\"848\" data-is-last-node=\"\" data-is-only-node=\"\"><strong data-start=\"760\" data-end=\"772\">\u041f\u0440\u0438\u043c\u0435\u0447\u0430\u043d\u0438\u0435:<\/strong> \u0426\u0432\u0435\u0442\u043e\u0432\u044b\u0435 \u043e\u0442\u0442\u0435\u043d\u043a\u0438 \u043c\u043e\u0433\u0443\u0442 \u043d\u0435\u0437\u043d\u0430\u0447\u0438\u0442\u0435\u043b\u044c\u043d\u043e \u043e\u0442\u043b\u0438\u0447\u0430\u0442\u044c\u0441\u044f \u0432 \u0437\u0430\u0432\u0438\u0441\u0438\u043c\u043e\u0441\u0442\u0438 \u043e\u0442 \u044d\u043a\u0440\u0430\u043d\u0430 \u0432\u0430\u0448\u0435\u0433\u043e \u0443\u0441\u0442\u0440\u043e\u0439\u0441\u0442\u0432\u0430.<\/p>","protected":false},"excerpt":{"rendered":"<p>Natural Club si\u016blai pagaminti i\u0161 100 % nat\u016bralaus med\u017eio celiulioz\u0117s. Jie idealiai tinka vasari\u0161kiems projektams \u2013 skryb\u0117l\u0117ms, rankin\u0117ms, krep\u0161eliams ar interjero dekoracijoms. Si\u016blai pasi\u017eymi tvirtumu, ta\u010diau i\u0161lieka \u0161veln\u016bs, lengvai formuojami ir nat\u016braliai matiniai. Sud\u0117tis: 100 % \u00a0rafija (nat\u016bralaus med\u017eio celiulioz\u0117)Kamuoliukas: 80 g &#8211; 200 mRekomenduojami virbalai \/ v\u0105\u0161eliai: 3,5\u20134,0 mmReikalingas kiekis: panamai \u2013 1 kamuoliukas [&hellip;]<\/p>\n","protected":false},"featured_media":3686,"comment_status":"open","ping_status":"closed","template":"","meta":{"_acf_changed":false},"product_brand":[62],"product_cat":[15,18],"product_tag":[],"pro-kategorijos":[83],"class_list":{"0":"post-3682","1":"product","2":"type-product","3":"status-publish","4":"has-post-thumbnail","6":"product_brand-natural-club","7":"product_cat-visi-produktai","8":"product_cat-siulai","9":"pro-kategorijos-raffia","11":"first","12":"instock","13":"shipping-taxable","14":"purchasable","15":"product-type-variable"},"acf":[],"yoast_head":"<!-- This site is optimized with the Yoast SEO plugin v26.8 - https:\/\/yoast.com\/product\/yoast-seo-wordpress\/ -->\n<title>Natural Club - Happyinaknit.com<\/title>\n<meta name=\"robots\" content=\"index, follow, max-snippet:-1, max-image-preview:large, max-video-preview:-1\" \/>\n<link rel=\"canonical\" href=\"https:\/\/happyinaknit.com\/ru\/product\/natural-club\/\" \/>\n<meta property=\"og:locale\" content=\"ru_RU\" \/>\n<meta property=\"og:type\" content=\"article\" \/>\n<meta property=\"og:title\" content=\"Natural Club - Happyinaknit.com\" \/>\n<meta property=\"og:description\" content=\"Natural Club si\u016blai pagaminti i\u0161 100 % nat\u016bralaus med\u017eio celiulioz\u0117s. Jie idealiai tinka vasari\u0161kiems projektams \u2013 skryb\u0117l\u0117ms, rankin\u0117ms, krep\u0161eliams ar interjero dekoracijoms. Si\u016blai pasi\u017eymi tvirtumu, ta\u010diau i\u0161lieka \u0161veln\u016bs, lengvai formuojami ir nat\u016braliai matiniai. Sud\u0117tis: 100 % \u00a0rafija (nat\u016bralaus med\u017eio celiulioz\u0117)Kamuoliukas: 80 g &#8211; 200 mRekomenduojami virbalai \/ v\u0105\u0161eliai: 3,5\u20134,0 mmReikalingas kiekis: panamai \u2013 1 kamuoliukas [&hellip;]\" \/>\n<meta property=\"og:url\" content=\"https:\/\/happyinaknit.com\/ru\/product\/natural-club\/\" \/>\n<meta property=\"og:site_name\" content=\"Happyinaknit.com\" \/>\n<meta property=\"article:modified_time\" content=\"2026-03-13T15:08:52+00:00\" \/>\n<meta property=\"og:image\" content=\"https:\/\/happyinaknit.com\/wp-content\/uploads\/2025\/10\/IMG_8744.jpg\" \/>\n\t<meta property=\"og:image:width\" content=\"1320\" \/>\n\t<meta property=\"og:image:height\" content=\"1395\" \/>\n\t<meta property=\"og:image:type\" content=\"image\/jpeg\" \/>\n<meta name=\"twitter:card\" content=\"summary_large_image\" \/>\n<meta name=\"twitter:label1\" content=\"\u041f\u0440\u0438\u043c\u0435\u0440\u043d\u043e\u0435 \u0432\u0440\u0435\u043c\u044f \u0434\u043b\u044f \u0447\u0442\u0435\u043d\u0438\u044f\" \/>\n\t<meta name=\"twitter:data1\" content=\"1 \u043c\u0438\u043d\u0443\u0442\u0430\" \/>\n<script type=\"application\/ld+json\" class=\"yoast-schema-graph\">{\"@context\":\"https:\/\/schema.org\",\"@graph\":[{\"@type\":\"WebPage\",\"@id\":\"https:\/\/happyinaknit.com\/produktas\/natural-club\/\",\"url\":\"https:\/\/happyinaknit.com\/produktas\/natural-club\/\",\"name\":\"Natural Club - Happyinaknit.com\",\"isPartOf\":{\"@id\":\"https:\/\/happyinaknit.com\/lt\/#website\"},\"primaryImageOfPage\":{\"@id\":\"https:\/\/happyinaknit.com\/produktas\/natural-club\/#primaryimage\"},\"image\":{\"@id\":\"https:\/\/happyinaknit.com\/produktas\/natural-club\/#primaryimage\"},\"thumbnailUrl\":\"https:\/\/happyinaknit.com\/wp-content\/uploads\/2025\/10\/IMG_8744.jpg\",\"datePublished\":\"2025-10-08T19:11:24+00:00\",\"dateModified\":\"2026-03-13T15:08:52+00:00\",\"breadcrumb\":{\"@id\":\"https:\/\/happyinaknit.com\/produktas\/natural-club\/#breadcrumb\"},\"inLanguage\":\"ru-RU\",\"potentialAction\":[{\"@type\":\"ReadAction\",\"target\":[\"https:\/\/happyinaknit.com\/produktas\/natural-club\/\"]}]},{\"@type\":\"ImageObject\",\"inLanguage\":\"ru-RU\",\"@id\":\"https:\/\/happyinaknit.com\/produktas\/natural-club\/#primaryimage\",\"url\":\"https:\/\/happyinaknit.com\/wp-content\/uploads\/2025\/10\/IMG_8744.jpg\",\"contentUrl\":\"https:\/\/happyinaknit.com\/wp-content\/uploads\/2025\/10\/IMG_8744.jpg\",\"width\":1320,\"height\":1395},{\"@type\":\"BreadcrumbList\",\"@id\":\"https:\/\/happyinaknit.com\/produktas\/natural-club\/#breadcrumb\",\"itemListElement\":[{\"@type\":\"ListItem\",\"position\":1,\"name\":\"Home\",\"item\":\"https:\/\/happyinaknit.com\/lt\/\"},{\"@type\":\"ListItem\",\"position\":2,\"name\":\"Parduotuv\u0117\",\"item\":\"https:\/\/happyinaknit.com\/lt\/parduotuve\/\"},{\"@type\":\"ListItem\",\"position\":3,\"name\":\"Natural Club\"}]},{\"@type\":\"WebSite\",\"@id\":\"https:\/\/happyinaknit.com\/lt\/#website\",\"url\":\"https:\/\/happyinaknit.com\/lt\/\",\"name\":\"Happyinaknit.com\",\"description\":\"\",\"potentialAction\":[{\"@type\":\"SearchAction\",\"target\":{\"@type\":\"EntryPoint\",\"urlTemplate\":\"https:\/\/happyinaknit.com\/lt\/?s={search_term_string}\"},\"query-input\":{\"@type\":\"PropertyValueSpecification\",\"valueRequired\":true,\"valueName\":\"search_term_string\"}}],\"inLanguage\":\"ru-RU\"}]}<\/script>\n<!-- \/ Yoast SEO plugin. -->","yoast_head_json":{"title":"Natural Club - Happyinaknit.com","robots":{"index":"index","follow":"follow","max-snippet":"max-snippet:-1","max-image-preview":"max-image-preview:large","max-video-preview":"max-video-preview:-1"},"canonical":"https:\/\/happyinaknit.com\/ru\/product\/natural-club\/","og_locale":"ru_RU","og_type":"article","og_title":"Natural Club - Happyinaknit.com","og_description":"Natural Club si\u016blai pagaminti i\u0161 100 % nat\u016bralaus med\u017eio celiulioz\u0117s. Jie idealiai tinka vasari\u0161kiems projektams \u2013 skryb\u0117l\u0117ms, rankin\u0117ms, krep\u0161eliams ar interjero dekoracijoms. Si\u016blai pasi\u017eymi tvirtumu, ta\u010diau i\u0161lieka \u0161veln\u016bs, lengvai formuojami ir nat\u016braliai matiniai. Sud\u0117tis: 100 % \u00a0rafija (nat\u016bralaus med\u017eio celiulioz\u0117)Kamuoliukas: 80 g &#8211; 200 mRekomenduojami virbalai \/ v\u0105\u0161eliai: 3,5\u20134,0 mmReikalingas kiekis: panamai \u2013 1 kamuoliukas [&hellip;]","og_url":"https:\/\/happyinaknit.com\/ru\/product\/natural-club\/","og_site_name":"Happyinaknit.com","article_modified_time":"2026-03-13T15:08:52+00:00","og_image":[{"width":1320,"height":1395,"url":"https:\/\/happyinaknit.com\/wp-content\/uploads\/2025\/10\/IMG_8744.jpg","type":"image\/jpeg"}],"twitter_card":"summary_large_image","twitter_misc":{"\u041f\u0440\u0438\u043c\u0435\u0440\u043d\u043e\u0435 \u0432\u0440\u0435\u043c\u044f \u0434\u043b\u044f \u0447\u0442\u0435\u043d\u0438\u044f":"1 \u043c\u0438\u043d\u0443\u0442\u0430"},"schema":{"@context":"https:\/\/schema.org","@graph":[{"@type":"WebPage","@id":"https:\/\/happyinaknit.com\/produktas\/natural-club\/","url":"https:\/\/happyinaknit.com\/produktas\/natural-club\/","name":"Natural Club - Happyinaknit.com","isPartOf":{"@id":"https:\/\/happyinaknit.com\/lt\/#website"},"primaryImageOfPage":{"@id":"https:\/\/happyinaknit.com\/produktas\/natural-club\/#primaryimage"},"image":{"@id":"https:\/\/happyinaknit.com\/produktas\/natural-club\/#primaryimage"},"thumbnailUrl":"https:\/\/happyinaknit.com\/wp-content\/uploads\/2025\/10\/IMG_8744.jpg","datePublished":"2025-10-08T19:11:24+00:00","dateModified":"2026-03-13T15:08:52+00:00","breadcrumb":{"@id":"https:\/\/happyinaknit.com\/produktas\/natural-club\/#breadcrumb"},"inLanguage":"ru-RU","potentialAction":[{"@type":"ReadAction","target":["https:\/\/happyinaknit.com\/produktas\/natural-club\/"]}]},{"@type":"ImageObject","inLanguage":"ru-RU","@id":"https:\/\/happyinaknit.com\/produktas\/natural-club\/#primaryimage","url":"https:\/\/happyinaknit.com\/wp-content\/uploads\/2025\/10\/IMG_8744.jpg","contentUrl":"https:\/\/happyinaknit.com\/wp-content\/uploads\/2025\/10\/IMG_8744.jpg","width":1320,"height":1395},{"@type":"BreadcrumbList","@id":"https:\/\/happyinaknit.com\/produktas\/natural-club\/#breadcrumb","itemListElement":[{"@type":"ListItem","position":1,"name":"Home","item":"https:\/\/happyinaknit.com\/lt\/"},{"@type":"ListItem","position":2,"name":"Parduotuv\u0117","item":"https:\/\/happyinaknit.com\/lt\/parduotuve\/"},{"@type":"ListItem","position":3,"name":"Natural Club"}]},{"@type":"WebSite","@id":"https:\/\/happyinaknit.com\/lt\/#website","url":"https:\/\/happyinaknit.com\/lt\/","name":"Happyinaknit.com","description":"","potentialAction":[{"@type":"SearchAction","target":{"@type":"EntryPoint","urlTemplate":"https:\/\/happyinaknit.com\/lt\/?s={search_term_string}"},"query-input":{"@type":"PropertyValueSpecification","valueRequired":true,"valueName":"search_term_string"}}],"inLanguage":"ru-RU"}]}},"_links":{"self":[{"href":"https:\/\/happyinaknit.com\/ru\/wp-json\/wp\/v2\/product\/3682","targetHints":{"allow":["GET"]}}],"collection":[{"href":"https:\/\/happyinaknit.com\/ru\/wp-json\/wp\/v2\/product"}],"about":[{"href":"https:\/\/happyinaknit.com\/ru\/wp-json\/wp\/v2\/types\/product"}],"replies":[{"embeddable":true,"href":"https:\/\/happyinaknit.com\/ru\/wp-json\/wp\/v2\/comments?post=3682"}],"wp:featuredmedia":[{"embeddable":true,"href":"https:\/\/happyinaknit.com\/ru\/wp-json\/wp\/v2\/media\/3686"}],"wp:attachment":[{"href":"https:\/\/happyinaknit.com\/ru\/wp-json\/wp\/v2\/media?parent=3682"}],"wp:term":[{"taxonomy":"product_brand","embeddable":true,"href":"https:\/\/happyinaknit.com\/ru\/wp-json\/wp\/v2\/product_brand?post=3682"},{"taxonomy":"product_cat","embeddable":true,"href":"https:\/\/happyinaknit.com\/ru\/wp-json\/wp\/v2\/product_cat?post=3682"},{"taxonomy":"product_tag","embeddable":true,"href":"https:\/\/happyinaknit.com\/ru\/wp-json\/wp\/v2\/product_tag?post=3682"},{"taxonomy":"pro-kategorijos","embeddable":true,"href":"https:\/\/happyinaknit.com\/ru\/wp-json\/wp\/v2\/pro-kategorijos?post=3682"}],"curies":[{"name":"wp","href":"https:\/\/api.w.org\/{rel}","templated":true}]}}