{"id":3582,"date":"2025-10-08T10:47:26","date_gmt":"2025-10-08T10:47:26","guid":{"rendered":"https:\/\/happyinaknit.com\/?post_type=product&#038;p=3582"},"modified":"2026-01-05T21:20:44","modified_gmt":"2026-01-05T21:20:44","slug":"we-are-knitters-the-petit-wool","status":"publish","type":"product","link":"https:\/\/happyinaknit.com\/ru\/product\/we-are-knitters-the-petit-wool\/","title":{"rendered":"We are Knitters  Petit Wool"},"content":{"rendered":"<p data-start=\"41\" data-end=\"369\">The Petite Wool \u2014 \u044d\u0442\u043e 100% \u043d\u0430\u0442\u0443\u0440\u0430\u043b\u044c\u043d\u0430\u044f \u043f\u0435\u0440\u0443\u0430\u043d\u0441\u043a\u0430\u044f \u0448\u0435\u0440\u0441\u0442\u044c  \u0438\u0441\u043a\u043b\u044e\u0447\u0438\u0442\u0435\u043b\u044c\u043d\u043e\u0433\u043e \u043a\u0430\u0447\u0435\u0441\u0442\u0432\u0430 \u0438 \u043c\u044f\u0433\u043a\u043e\u0441\u0442\u0438. \u0421\u0442\u0440\u0443\u043a\u0442\u0443\u0440\u0430 \u043e\u0434\u0438\u043d\u0430\u0440\u043d\u043e\u0439 \u043d\u0438\u0442\u0438 \u043f\u0440\u0438\u0434\u0430\u0435\u0442 \u043f\u0440\u044f\u0436\u0435 \u043f\u0443\u0448\u0438\u0441\u0442\u043e\u0441\u0442\u044c \u0438 \u044d\u043b\u0430\u0441\u0442\u0438\u0447\u043d\u043e\u0441\u0442\u044c, \u0434\u0435\u043b\u0430\u044f \u0432\u044f\u0437\u0430\u043d\u0438\u0435 \u043d\u0435\u0432\u0435\u0440\u043e\u044f\u0442\u043d\u043e \u043f\u0440\u0438\u044f\u0442\u043d\u044b\u043c \u0438 \u043b\u0451\u0433\u043a\u0438\u043c. \u042d\u0442\u0430 \u043f\u0440\u044f\u0436\u0430 \u0442\u043e\u043d\u044c\u0448\u0435 \u043a\u043b\u0430\u0441\u0441\u0438\u0447\u0435\u0441\u043a\u043e\u0439 The Wool, \u0447\u0442\u043e \u0434\u0435\u043b\u0430\u0435\u0442 \u0435\u0451 \u0438\u0434\u0435\u0430\u043b\u044c\u043d\u043e\u0439 \u0434\u043b\u044f \u043c\u044f\u0433\u043a\u0438\u0445, \u043b\u0451\u0433\u043a\u0438\u0445 \u0438 \u0442\u0451\u043f\u043b\u044b\u0445 \u0438\u0437\u0434\u0435\u043b\u0438\u0439.<\/p>\n<p data-start=\"371\" data-end=\"529\">\u0418\u0437 \u043f\u0440\u044f\u0436\u0438 The Petite Wool \u043c\u043e\u0436\u043d\u043e \u0441\u0432\u044f\u0437\u0430\u0442\u044c \u0448\u0430\u043f\u043a\u0438, \u0448\u0430\u0440\u0444\u044b, \u0441\u0432\u0438\u0442\u0435\u0440\u0430 \u0438 \u0434\u0440\u0443\u0433\u0438\u0435 \u0437\u0438\u043c\u043d\u0438\u0435 \u0430\u043a\u0441\u0435\u0441\u0441\u0443\u0430\u0440\u044b. \u0418\u0437\u0434\u0435\u043b\u0438\u044f \u043f\u043e\u043b\u0443\u0447\u0430\u044e\u0442\u0441\u044f \u043c\u044f\u0433\u043a\u0438\u043c\u0438, \u0443\u044e\u0442\u043d\u044b\u043c\u0438 \u0438 \u0434\u043e\u043b\u0433\u043e \u0441\u043e\u0445\u0440\u0430\u043d\u044f\u044e\u0442 \u0444\u043e\u0440\u043c\u0443.<\/p>\n<p data-start=\"531\" data-end=\"913\"><strong data-start=\"531\" data-end=\"543\">\u0421\u043e\u0441\u0442\u0430\u0432:<\/strong> 100 % \u043f\u0435\u0440\u0443\u0430\u043d\u0441\u043a\u0430\u044f \u0448\u0435\u0440\u0441\u0442\u044c<br data-start=\"560\" data-end=\"563\" \/><strong data-start=\"547\" data-end=\"558\">\u0412\u0435\u0441\/ \u0434\u043b\u0438\u043d\u0430: <\/strong>100 \u0433 - 140 \u043c<br data-start=\"598\" data-end=\"601\" \/><strong data-start=\"601\" data-end=\"629\" data-is-only-node=\"\">\u0420\u0435\u043a\u043e\u043c\u0435\u043d\u0434\u0443\u0435\u043c\u044b\u0435 \u0441\u043f\u0438\u0446\u044b:<\/strong> 8 \u043c\u043c<br data-start=\"634\" data-end=\"637\" \/><strong data-start=\"637\" data-end=\"648\">\u041f\u043b\u043e\u0442\u043d\u043e\u0441\u0442\u044c:<\/strong> 10 x 10 \u0441\u043c \u2013 \u043f\u0440\u0438\u043c\u0435\u0440\u043d\u043e 12 \u043f\u0435\u0442\u0435\u043b\u044c x 16 \u0440\u044f\u0434\u043e\u0432<br data-start=\"685\" data-end=\"688\" \/><strong data-start=\"688\" data-end=\"711\">\u041d\u0435\u043e\u0431\u0445\u043e\u0434\u0438\u043c\u043e\u0435 \u043a\u043e\u043b\u0438\u0447\u0435\u0441\u0442\u0432\u043e:<\/strong> \u0434\u043b\u044f \u0448\u0430\u043f\u043a\u0438 \u2013 1 \u043c\u043e\u0442\u043e\u043a, \u0434\u043b\u044f \u0448\u0430\u0440\u0444\u0430 \u2013 2\u20133 \u043c\u043e\u0442\u043a\u0430, \u0434\u043b\u044f \u0441\u0432\u0438\u0442\u0435\u0440\u0430 \u0440\u0430\u0437\u043c\u0435\u0440\u0430 \u041c \u2013 \u043e\u0442 6 \u043c\u043e\u0442\u043a\u043e\u0432<br data-start=\"802\" data-end=\"805\" \/><strong data-start=\"805\" data-end=\"819\">\u0421\u043e\u0432\u0435\u0442\u044b \u043f\u043e \u0443\u0445\u043e\u0434\u0443:<\/strong> \u0420\u0443\u0447\u043d\u0430\u044f \u0441\u0442\u0438\u0440\u043a\u0430 \u043f\u0440\u0438 \u0442\u0435\u043c\u043f\u0435\u0440\u0430\u0442\u0443\u0440\u0435 \u043d\u0435 \u0432\u044b\u0448\u0435 30\u00b0\u0421, \u0441\u0443\u0448\u0438\u0442\u044c \u043d\u0430 \u0433\u043e\u0440\u0438\u0437\u043e\u043d\u0442\u0430\u043b\u044c\u043d\u043e\u0439 \u043f\u043e\u0432\u0435\u0440\u0445\u043d\u043e\u0441\u0442\u0438.<\/p>\n<p data-start=\"915\" data-end=\"1001\" data-is-last-node=\"\" data-is-only-node=\"\"><em data-start=\"915\" data-end=\"1001\" data-is-last-node=\"\">\u041f\u0440\u0438\u043c\u0435\u0447\u0430\u043d\u0438\u0435: \u043e\u0442\u0442\u0435\u043d\u043a\u0438 \u0446\u0432\u0435\u0442\u043e\u0432 \u043c\u043e\u0433\u0443\u0442 \u043d\u0435\u0437\u043d\u0430\u0447\u0438\u0442\u0435\u043b\u044c\u043d\u043e \u043e\u0442\u043b\u0438\u0447\u0430\u0442\u044c\u0441\u044f \u0432 \u0437\u0430\u0432\u0438\u0441\u0438\u043c\u043e\u0441\u0442\u0438 \u043e\u0442 \u044d\u043a\u0440\u0430\u043d\u0430 \u0432\u0430\u0448\u0435\u0433\u043e \u0443\u0441\u0442\u0440\u043e\u0439\u0441\u0442\u0432\u0430.<\/em><\/p>","protected":false},"excerpt":{"rendered":"<p>The Petite Wool\u201c \u2013 tai 100 % nat\u016brali Peru vilna, pasi\u017eyminti i\u0161skirtine kokybe ir \u0161velnumu. Viengubos gijos strukt\u016bra suteikia si\u016blams purumo ir elastingumo, tod\u0117l mezgimas tampa itin malonus ir lengvas. \u0160ie si\u016blai yra plonesni nei klasikiniai \u201eThe Wool\u201c, tod\u0117l puikiai tinka \u0161velniems, lengviems, ta\u010diau \u0161iltiems gaminiams. I\u0161 \u201eThe Petite Wool\u201c si\u016bl\u0173 galite megzti kepures, \u0161alikus, [&hellip;]<\/p>\n","protected":false},"featured_media":3565,"comment_status":"open","ping_status":"closed","template":"","meta":{"_acf_changed":false},"product_brand":[60],"product_cat":[15,182,18],"product_tag":[33],"pro-kategorijos":[56],"class_list":{"0":"post-3582","1":"product","2":"type-product","3":"status-publish","4":"has-post-thumbnail","6":"product_brand-we-are-knitters","7":"product_cat-visi-produktai","8":"product_cat-ispardavimas","9":"product_cat-siulai","10":"product_tag-ispardavimas","11":"pro-kategorijos-vilna","13":"first","14":"instock","15":"sale","16":"shipping-taxable","17":"purchasable","18":"product-type-variable"},"acf":[],"yoast_head":"<!-- This site is optimized with the Yoast SEO plugin v26.8 - https:\/\/yoast.com\/product\/yoast-seo-wordpress\/ -->\n<title>We are Knitters The Petit Wool - Happyinaknit.com<\/title>\n<meta name=\"robots\" content=\"index, follow, max-snippet:-1, max-image-preview:large, max-video-preview:-1\" \/>\n<link rel=\"canonical\" href=\"https:\/\/happyinaknit.com\/ru\/product\/we-are-knitters-the-petit-wool\/\" \/>\n<meta property=\"og:locale\" content=\"ru_RU\" \/>\n<meta property=\"og:type\" content=\"article\" \/>\n<meta property=\"og:title\" content=\"We are Knitters The Petit Wool - Happyinaknit.com\" \/>\n<meta property=\"og:description\" content=\"The Petite Wool\u201c \u2013 tai 100 % nat\u016brali Peru vilna, pasi\u017eyminti i\u0161skirtine kokybe ir \u0161velnumu. Viengubos gijos strukt\u016bra suteikia si\u016blams purumo ir elastingumo, tod\u0117l mezgimas tampa itin malonus ir lengvas. \u0160ie si\u016blai yra plonesni nei klasikiniai \u201eThe Wool\u201c, tod\u0117l puikiai tinka \u0161velniems, lengviems, ta\u010diau \u0161iltiems gaminiams. I\u0161 \u201eThe Petite Wool\u201c si\u016bl\u0173 galite megzti kepures, \u0161alikus, [&hellip;]\" \/>\n<meta property=\"og:url\" content=\"https:\/\/happyinaknit.com\/ru\/product\/we-are-knitters-the-petit-wool\/\" \/>\n<meta property=\"og:site_name\" content=\"Happyinaknit.com\" \/>\n<meta property=\"article:modified_time\" content=\"2026-01-05T21:20:44+00:00\" \/>\n<meta property=\"og:image\" content=\"https:\/\/happyinaknit.com\/wp-content\/uploads\/2025\/10\/IMG_8727.jpg\" \/>\n\t<meta property=\"og:image:width\" content=\"1320\" \/>\n\t<meta property=\"og:image:height\" content=\"1285\" \/>\n\t<meta property=\"og:image:type\" content=\"image\/jpeg\" \/>\n<meta name=\"twitter:card\" content=\"summary_large_image\" \/>\n<meta name=\"twitter:label1\" content=\"\u041f\u0440\u0438\u043c\u0435\u0440\u043d\u043e\u0435 \u0432\u0440\u0435\u043c\u044f \u0434\u043b\u044f \u0447\u0442\u0435\u043d\u0438\u044f\" \/>\n\t<meta name=\"twitter:data1\" content=\"1 \u043c\u0438\u043d\u0443\u0442\u0430\" \/>\n<script type=\"application\/ld+json\" class=\"yoast-schema-graph\">{\"@context\":\"https:\/\/schema.org\",\"@graph\":[{\"@type\":\"WebPage\",\"@id\":\"https:\/\/happyinaknit.com\/produktas\/we-are-knitters-the-petit-wool\/\",\"url\":\"https:\/\/happyinaknit.com\/produktas\/we-are-knitters-the-petit-wool\/\",\"name\":\"We are Knitters The Petit Wool - Happyinaknit.com\",\"isPartOf\":{\"@id\":\"https:\/\/happyinaknit.com\/lt\/#website\"},\"primaryImageOfPage\":{\"@id\":\"https:\/\/happyinaknit.com\/produktas\/we-are-knitters-the-petit-wool\/#primaryimage\"},\"image\":{\"@id\":\"https:\/\/happyinaknit.com\/produktas\/we-are-knitters-the-petit-wool\/#primaryimage\"},\"thumbnailUrl\":\"https:\/\/happyinaknit.com\/wp-content\/uploads\/2025\/10\/IMG_8727.jpg\",\"datePublished\":\"2025-10-08T10:47:26+00:00\",\"dateModified\":\"2026-01-05T21:20:44+00:00\",\"breadcrumb\":{\"@id\":\"https:\/\/happyinaknit.com\/produktas\/we-are-knitters-the-petit-wool\/#breadcrumb\"},\"inLanguage\":\"ru-RU\",\"potentialAction\":[{\"@type\":\"ReadAction\",\"target\":[\"https:\/\/happyinaknit.com\/produktas\/we-are-knitters-the-petit-wool\/\"]}]},{\"@type\":\"ImageObject\",\"inLanguage\":\"ru-RU\",\"@id\":\"https:\/\/happyinaknit.com\/produktas\/we-are-knitters-the-petit-wool\/#primaryimage\",\"url\":\"https:\/\/happyinaknit.com\/wp-content\/uploads\/2025\/10\/IMG_8727.jpg\",\"contentUrl\":\"https:\/\/happyinaknit.com\/wp-content\/uploads\/2025\/10\/IMG_8727.jpg\",\"width\":1320,\"height\":1285},{\"@type\":\"BreadcrumbList\",\"@id\":\"https:\/\/happyinaknit.com\/produktas\/we-are-knitters-the-petit-wool\/#breadcrumb\",\"itemListElement\":[{\"@type\":\"ListItem\",\"position\":1,\"name\":\"Home\",\"item\":\"https:\/\/happyinaknit.com\/lt\/\"},{\"@type\":\"ListItem\",\"position\":2,\"name\":\"Parduotuv\u0117\",\"item\":\"https:\/\/happyinaknit.com\/lt\/parduotuve\/\"},{\"@type\":\"ListItem\",\"position\":3,\"name\":\"We are Knitters The Petit Wool\"}]},{\"@type\":\"WebSite\",\"@id\":\"https:\/\/happyinaknit.com\/lt\/#website\",\"url\":\"https:\/\/happyinaknit.com\/lt\/\",\"name\":\"Happyinaknit.com\",\"description\":\"\",\"potentialAction\":[{\"@type\":\"SearchAction\",\"target\":{\"@type\":\"EntryPoint\",\"urlTemplate\":\"https:\/\/happyinaknit.com\/lt\/?s={search_term_string}\"},\"query-input\":{\"@type\":\"PropertyValueSpecification\",\"valueRequired\":true,\"valueName\":\"search_term_string\"}}],\"inLanguage\":\"ru-RU\"}]}<\/script>\n<!-- \/ Yoast SEO plugin. -->","yoast_head_json":{"title":"We are Knitters The Petit Wool - Happyinaknit.com","robots":{"index":"index","follow":"follow","max-snippet":"max-snippet:-1","max-image-preview":"max-image-preview:large","max-video-preview":"max-video-preview:-1"},"canonical":"https:\/\/happyinaknit.com\/ru\/product\/we-are-knitters-the-petit-wool\/","og_locale":"ru_RU","og_type":"article","og_title":"We are Knitters The Petit Wool - Happyinaknit.com","og_description":"The Petite Wool\u201c \u2013 tai 100 % nat\u016brali Peru vilna, pasi\u017eyminti i\u0161skirtine kokybe ir \u0161velnumu. Viengubos gijos strukt\u016bra suteikia si\u016blams purumo ir elastingumo, tod\u0117l mezgimas tampa itin malonus ir lengvas. \u0160ie si\u016blai yra plonesni nei klasikiniai \u201eThe Wool\u201c, tod\u0117l puikiai tinka \u0161velniems, lengviems, ta\u010diau \u0161iltiems gaminiams. I\u0161 \u201eThe Petite Wool\u201c si\u016bl\u0173 galite megzti kepures, \u0161alikus, [&hellip;]","og_url":"https:\/\/happyinaknit.com\/ru\/product\/we-are-knitters-the-petit-wool\/","og_site_name":"Happyinaknit.com","article_modified_time":"2026-01-05T21:20:44+00:00","og_image":[{"width":1320,"height":1285,"url":"https:\/\/happyinaknit.com\/wp-content\/uploads\/2025\/10\/IMG_8727.jpg","type":"image\/jpeg"}],"twitter_card":"summary_large_image","twitter_misc":{"\u041f\u0440\u0438\u043c\u0435\u0440\u043d\u043e\u0435 \u0432\u0440\u0435\u043c\u044f \u0434\u043b\u044f \u0447\u0442\u0435\u043d\u0438\u044f":"1 \u043c\u0438\u043d\u0443\u0442\u0430"},"schema":{"@context":"https:\/\/schema.org","@graph":[{"@type":"WebPage","@id":"https:\/\/happyinaknit.com\/produktas\/we-are-knitters-the-petit-wool\/","url":"https:\/\/happyinaknit.com\/produktas\/we-are-knitters-the-petit-wool\/","name":"We are Knitters The Petit Wool - Happyinaknit.com","isPartOf":{"@id":"https:\/\/happyinaknit.com\/lt\/#website"},"primaryImageOfPage":{"@id":"https:\/\/happyinaknit.com\/produktas\/we-are-knitters-the-petit-wool\/#primaryimage"},"image":{"@id":"https:\/\/happyinaknit.com\/produktas\/we-are-knitters-the-petit-wool\/#primaryimage"},"thumbnailUrl":"https:\/\/happyinaknit.com\/wp-content\/uploads\/2025\/10\/IMG_8727.jpg","datePublished":"2025-10-08T10:47:26+00:00","dateModified":"2026-01-05T21:20:44+00:00","breadcrumb":{"@id":"https:\/\/happyinaknit.com\/produktas\/we-are-knitters-the-petit-wool\/#breadcrumb"},"inLanguage":"ru-RU","potentialAction":[{"@type":"ReadAction","target":["https:\/\/happyinaknit.com\/produktas\/we-are-knitters-the-petit-wool\/"]}]},{"@type":"ImageObject","inLanguage":"ru-RU","@id":"https:\/\/happyinaknit.com\/produktas\/we-are-knitters-the-petit-wool\/#primaryimage","url":"https:\/\/happyinaknit.com\/wp-content\/uploads\/2025\/10\/IMG_8727.jpg","contentUrl":"https:\/\/happyinaknit.com\/wp-content\/uploads\/2025\/10\/IMG_8727.jpg","width":1320,"height":1285},{"@type":"BreadcrumbList","@id":"https:\/\/happyinaknit.com\/produktas\/we-are-knitters-the-petit-wool\/#breadcrumb","itemListElement":[{"@type":"ListItem","position":1,"name":"Home","item":"https:\/\/happyinaknit.com\/lt\/"},{"@type":"ListItem","position":2,"name":"Parduotuv\u0117","item":"https:\/\/happyinaknit.com\/lt\/parduotuve\/"},{"@type":"ListItem","position":3,"name":"We are Knitters The Petit Wool"}]},{"@type":"WebSite","@id":"https:\/\/happyinaknit.com\/lt\/#website","url":"https:\/\/happyinaknit.com\/lt\/","name":"Happyinaknit.com","description":"","potentialAction":[{"@type":"SearchAction","target":{"@type":"EntryPoint","urlTemplate":"https:\/\/happyinaknit.com\/lt\/?s={search_term_string}"},"query-input":{"@type":"PropertyValueSpecification","valueRequired":true,"valueName":"search_term_string"}}],"inLanguage":"ru-RU"}]}},"_links":{"self":[{"href":"https:\/\/happyinaknit.com\/ru\/wp-json\/wp\/v2\/product\/3582","targetHints":{"allow":["GET"]}}],"collection":[{"href":"https:\/\/happyinaknit.com\/ru\/wp-json\/wp\/v2\/product"}],"about":[{"href":"https:\/\/happyinaknit.com\/ru\/wp-json\/wp\/v2\/types\/product"}],"replies":[{"embeddable":true,"href":"https:\/\/happyinaknit.com\/ru\/wp-json\/wp\/v2\/comments?post=3582"}],"wp:featuredmedia":[{"embeddable":true,"href":"https:\/\/happyinaknit.com\/ru\/wp-json\/wp\/v2\/media\/3565"}],"wp:attachment":[{"href":"https:\/\/happyinaknit.com\/ru\/wp-json\/wp\/v2\/media?parent=3582"}],"wp:term":[{"taxonomy":"product_brand","embeddable":true,"href":"https:\/\/happyinaknit.com\/ru\/wp-json\/wp\/v2\/product_brand?post=3582"},{"taxonomy":"product_cat","embeddable":true,"href":"https:\/\/happyinaknit.com\/ru\/wp-json\/wp\/v2\/product_cat?post=3582"},{"taxonomy":"product_tag","embeddable":true,"href":"https:\/\/happyinaknit.com\/ru\/wp-json\/wp\/v2\/product_tag?post=3582"},{"taxonomy":"pro-kategorijos","embeddable":true,"href":"https:\/\/happyinaknit.com\/ru\/wp-json\/wp\/v2\/pro-kategorijos?post=3582"}],"curies":[{"name":"wp","href":"https:\/\/api.w.org\/{rel}","templated":true}]}}