{"id":3561,"date":"2025-10-08T10:27:17","date_gmt":"2025-10-08T10:27:17","guid":{"rendered":"https:\/\/happyinaknit.com\/?post_type=product&#038;p=3561"},"modified":"2025-11-13T21:49:05","modified_gmt":"2025-11-13T21:49:05","slug":"we-are-knitters-the-wool","status":"publish","type":"product","link":"https:\/\/happyinaknit.com\/ru\/product\/we-are-knitters-the-wool\/","title":{"rendered":"We are Knitters The Wool"},"content":{"rendered":"<p data-start=\"34\" data-end=\"353\">\u0420\u043e\u0441\u043a\u043e\u0448\u043d\u0430\u044f, \u043e\u0447\u0435\u043d\u044c \u043f\u043b\u043e\u0442\u043d\u0430\u044f \u0438 \u043d\u0430\u0442\u0443\u0440\u0430\u043b\u044c\u043d\u0430\u044f \u043f\u0440\u044f\u0436\u0430, \u043f\u043e\u043a\u043e\u0440\u0438\u0432\u0448\u0430\u044f \u0441\u0435\u0440\u0434\u0446\u0430 \u0432\u044f\u0437\u0430\u043b\u044c\u0449\u0438\u0446 \u043f\u043e \u0432\u0441\u0435\u043c\u0443 \u043c\u0438\u0440\u0443. \u00abThe Wool\u00bb \u2014 \u044d\u0442\u043e  100 % \u043f\u0435\u0440\u0443\u0430\u043d\u0441\u043a\u0430\u044f \u0448\u0435\u0440\u0441\u0442\u044c, \u043e\u0442\u043b\u0438\u0447\u0430\u044e\u0449\u0430\u044f\u0441\u044f \u0442\u0435\u043f\u043b\u043e\u0442\u043e\u0439, \u043f\u0443\u0448\u0438\u0441\u0442\u043e\u0441\u0442\u044c\u044e \u0438 \u043e\u0441\u043e\u0431\u044b\u043c \u0443\u0434\u043e\u0432\u043e\u043b\u044c\u0441\u0442\u0432\u0438\u0435\u043c \u043e\u0442 \u0432\u044f\u0437\u0430\u043d\u0438\u044f. \u0411\u043b\u0430\u0433\u043e\u0434\u0430\u0440\u044f \u0441\u0432\u043e\u0435\u0439 \u0442\u043e\u043b\u0449\u0438\u043d\u0435 \u044d\u0442\u0430 \u043f\u0440\u044f\u0436\u0430 \u0438\u0434\u0435\u0430\u043b\u044c\u043d\u043e \u043f\u043e\u0434\u0445\u043e\u0434\u0438\u0442 \u0434\u043b\u044f \u043d\u0430\u0447\u0438\u043d\u0430\u044e\u0449\u0438\u0445: \u043f\u0435\u0442\u043b\u0438 \u043b\u0435\u0433\u043a\u043e \u0432\u044f\u0436\u0443\u0442\u0441\u044f, \u0430 \u0438\u0437\u0434\u0435\u043b\u0438\u044f \u043f\u0440\u0438\u043e\u0431\u0440\u0435\u0442\u0430\u044e\u0442 \u0432\u044b\u0440\u0430\u0437\u0438\u0442\u0435\u043b\u044c\u043d\u0443\u044e, \u043c\u044f\u0433\u043a\u0443\u044e \u0444\u0430\u043a\u0442\u0443\u0440\u0443.<\/p>\n<p data-start=\"355\" data-end=\"556\">\u0428\u0435\u0440\u0441\u0442\u044c \u043e\u0442 \u043f\u0440\u0438\u0440\u043e\u0434\u044b \u044d\u043b\u0430\u0441\u0442\u0438\u0447\u043d\u0430, \u043f\u0440\u043e\u0447\u043d\u0430 \u0438 \u0432\u043e\u0437\u0434\u0443\u0445\u043e\u043f\u0440\u043e\u043d\u0438\u0446\u0430\u0435\u043c\u0430: \u043e\u043d\u0430 \u0441\u0442\u0430\u043d\u043e\u0432\u0438\u0442\u0441\u044f \u043c\u044f\u0433\u0447\u0435 \u043f\u0440\u0438 \u043d\u043e\u0441\u043a\u0435 \u0438 \u043f\u0440\u0438\u0441\u043f\u043e\u0441\u0430\u0431\u043b\u0438\u0432\u0430\u0435\u0442\u0441\u044f \u043a \u0442\u0435\u043b\u0443. \u041a\u0440\u043e\u043c\u0435 \u0442\u043e\u0433\u043e, \u044d\u0442\u043e \u0431\u0435\u0437\u043e\u043f\u0430\u0441\u043d\u044b\u0439 \u0430\u043d\u0442\u0438\u0431\u0430\u043a\u0442\u0435\u0440\u0438\u0430\u043b\u044c\u043d\u044b\u0439 \u043c\u0430\u0442\u0435\u0440\u0438\u0430\u043b, \u043a\u043e\u0442\u043e\u0440\u044b\u0439 \u0434\u043e\u043b\u0433\u043e \u043e\u0441\u0442\u0430\u0451\u0442\u0441\u044f \u0447\u0438\u0441\u0442\u044b\u043c \u0438 \u0441\u0432\u0435\u0436\u0438\u043c.<\/p>\n<p data-start=\"558\" data-end=\"940\"><strong data-start=\"558\" data-end=\"570\">\u0421\u043e\u0441\u0442\u0430\u0432:<\/strong> 100 % \u043f\u0435\u0440\u0443\u0430\u043d\u0441\u043a\u0430\u044f \u0448\u0435\u0440\u0441\u0442\u044c<br data-start=\"587\" data-end=\"590\" \/><strong data-start=\"547\" data-end=\"558\">\u0412\u0435\u0441\/ \u0434\u043b\u0438\u043d\u0430:<\/strong>\u00a0200 \u0433 - 80 \u043c<br data-start=\"624\" data-end=\"627\" \/><strong data-start=\"627\" data-end=\"655\" data-is-only-node=\"\">\u0420\u0435\u043a\u043e\u043c\u0435\u043d\u0434\u0443\u0435\u043c\u044b\u0435 \u0441\u043f\u0438\u0446\u044b:<\/strong> 10-15 \u043c\u043c<br data-start=\"664\" data-end=\"667\" \/><strong data-start=\"667\" data-end=\"678\">\u041f\u043b\u043e\u0442\u043d\u043e\u0441\u0442\u044c:<\/strong> 10 x 10 \u0441\u043c \u2013 \u043f\u0440\u0438\u043c\u0435\u0440\u043d\u043e 6 \u043f\u0435\u0442\u0435\u043b\u044c x 5 \u0440\u044f\u0434\u043e\u0432<br data-start=\"713\" data-end=\"716\" \/><strong data-start=\"716\" data-end=\"739\">\u041d\u0435\u043e\u0431\u0445\u043e\u0434\u0438\u043c\u043e\u0435 \u043a\u043e\u043b\u0438\u0447\u0435\u0441\u0442\u0432\u043e:<\/strong> \u043d\u0430  \u0448\u0430\u043f\u043a\u0443 \u2013 1 \u043c\u043e\u0442\u043e\u043a, \u043d\u0430 \u0448\u0430\u0440\u0444 \u2013 1\u20132 \u043c\u043e\u0442\u043e\u043a, \u043d\u0430 \u0441\u0432\u0438\u0442\u0435\u0440 \u0440\u0430\u0437\u043c\u0435\u0440\u0430 \u041c \u2013 4\u20135 \u043c\u043e\u0442\u043a\u0430<br data-start=\"829\" data-end=\"832\" \/><strong data-start=\"832\" data-end=\"846\">\u0421\u043e\u0432\u0435\u0442\u044b \u043f\u043e \u0443\u0445\u043e\u0434\u0443:<\/strong> \u0420\u0443\u0447\u043d\u0430\u044f \u0441\u0442\u0438\u0440\u043a\u0430 \u043f\u0440\u0438 \u0442\u0435\u043c\u043f\u0435\u0440\u0430\u0442\u0443\u0440\u0435 \u043d\u0435 \u0432\u044b\u0448\u0435 30\u00b0\u0421, \u0441\u0443\u0448\u0438\u0442\u044c \u043d\u0430 \u0433\u043e\u0440\u0438\u0437\u043e\u043d\u0442\u0430\u043b\u044c\u043d\u043e\u0439 \u043f\u043e\u0432\u0435\u0440\u0445\u043d\u043e\u0441\u0442\u0438.<\/p>\n<p data-start=\"942\" data-end=\"1028\" data-is-last-node=\"\" data-is-only-node=\"\"><em data-start=\"942\" data-end=\"1028\" data-is-last-node=\"\">\u041f\u0440\u0438\u043c\u0435\u0447\u0430\u043d\u0438\u0435: \u043e\u0442\u0442\u0435\u043d\u043a\u0438 \u0446\u0432\u0435\u0442\u043e\u0432 \u043c\u043e\u0433\u0443\u0442 \u043d\u0435\u0437\u043d\u0430\u0447\u0438\u0442\u0435\u043b\u044c\u043d\u043e \u043e\u0442\u043b\u0438\u0447\u0430\u0442\u044c\u0441\u044f \u0432 \u0437\u0430\u0432\u0438\u0441\u0438\u043c\u043e\u0441\u0442\u0438 \u043e\u0442 \u044d\u043a\u0440\u0430\u043d\u0430 \u0432\u0430\u0448\u0435\u0433\u043e \u0443\u0441\u0442\u0440\u043e\u0439\u0441\u0442\u0432\u0430.<\/em><\/p>","protected":false},"excerpt":{"rendered":"<p>Prabang\u016bs, itin stori ir nat\u016bral\u016bs si\u016blai, kurie peln\u0117 mezg\u0117j\u0173 simpatijas visame pasaulyje. \u201eThe Wool\u201c \u2013 tai 100 % Peru vilna, pasi\u017eyminti \u0161iluma, purumu ir ypatingu mezgimo malonumu. D\u0117l savo storio si\u016blai puikiai tinka pradedantiesiems \u2013 akys formuojasi lengvai, o mezginiai \u012fgauna i\u0161rai\u0161king\u0105, mink\u0161t\u0105 fakt\u016br\u0105. Vilna yra nat\u016braliai elastinga, patvari ir kv\u0117puojanti \u2013 ji \u0161veln\u0117ja d\u0117vint [&hellip;]<\/p>\n","protected":false},"featured_media":3567,"comment_status":"open","ping_status":"closed","template":"","meta":{"_acf_changed":false},"product_brand":[60],"product_cat":[15,182,18],"product_tag":[33],"pro-kategorijos":[56],"class_list":{"0":"post-3561","1":"product","2":"type-product","3":"status-publish","4":"has-post-thumbnail","6":"product_brand-we-are-knitters","7":"product_cat-visi-produktai","8":"product_cat-ispardavimas","9":"product_cat-siulai","10":"product_tag-ispardavimas","11":"pro-kategorijos-vilna","13":"first","14":"instock","15":"sale","16":"shipping-taxable","17":"purchasable","18":"product-type-variable"},"acf":[],"yoast_head":"<!-- This site is optimized with the Yoast SEO plugin v26.8 - https:\/\/yoast.com\/product\/yoast-seo-wordpress\/ -->\n<title>We are Knitters The Wool - Happyinaknit.com<\/title>\n<meta name=\"robots\" content=\"index, follow, max-snippet:-1, max-image-preview:large, max-video-preview:-1\" \/>\n<link rel=\"canonical\" href=\"https:\/\/happyinaknit.com\/ru\/product\/we-are-knitters-the-wool\/\" \/>\n<meta property=\"og:locale\" content=\"ru_RU\" \/>\n<meta property=\"og:type\" content=\"article\" \/>\n<meta property=\"og:title\" content=\"We are Knitters The Wool - Happyinaknit.com\" \/>\n<meta property=\"og:description\" content=\"Prabang\u016bs, itin stori ir nat\u016bral\u016bs si\u016blai, kurie peln\u0117 mezg\u0117j\u0173 simpatijas visame pasaulyje. \u201eThe Wool\u201c \u2013 tai 100 % Peru vilna, pasi\u017eyminti \u0161iluma, purumu ir ypatingu mezgimo malonumu. D\u0117l savo storio si\u016blai puikiai tinka pradedantiesiems \u2013 akys formuojasi lengvai, o mezginiai \u012fgauna i\u0161rai\u0161king\u0105, mink\u0161t\u0105 fakt\u016br\u0105. Vilna yra nat\u016braliai elastinga, patvari ir kv\u0117puojanti \u2013 ji \u0161veln\u0117ja d\u0117vint [&hellip;]\" \/>\n<meta property=\"og:url\" content=\"https:\/\/happyinaknit.com\/ru\/product\/we-are-knitters-the-wool\/\" \/>\n<meta property=\"og:site_name\" content=\"Happyinaknit.com\" \/>\n<meta property=\"article:modified_time\" content=\"2025-11-13T21:49:05+00:00\" \/>\n<meta property=\"og:image\" content=\"https:\/\/happyinaknit.com\/wp-content\/uploads\/2025\/10\/IMG_8725.jpg\" \/>\n\t<meta property=\"og:image:width\" content=\"1320\" \/>\n\t<meta property=\"og:image:height\" content=\"1406\" \/>\n\t<meta property=\"og:image:type\" content=\"image\/jpeg\" \/>\n<meta name=\"twitter:card\" content=\"summary_large_image\" \/>\n<meta name=\"twitter:label1\" content=\"\u041f\u0440\u0438\u043c\u0435\u0440\u043d\u043e\u0435 \u0432\u0440\u0435\u043c\u044f \u0434\u043b\u044f \u0447\u0442\u0435\u043d\u0438\u044f\" \/>\n\t<meta name=\"twitter:data1\" content=\"1 \u043c\u0438\u043d\u0443\u0442\u0430\" \/>\n<script type=\"application\/ld+json\" class=\"yoast-schema-graph\">{\"@context\":\"https:\/\/schema.org\",\"@graph\":[{\"@type\":\"WebPage\",\"@id\":\"https:\/\/happyinaknit.com\/produktas\/we-are-knitters-the-wool\/\",\"url\":\"https:\/\/happyinaknit.com\/produktas\/we-are-knitters-the-wool\/\",\"name\":\"We are Knitters The Wool - Happyinaknit.com\",\"isPartOf\":{\"@id\":\"https:\/\/happyinaknit.com\/lt\/#website\"},\"primaryImageOfPage\":{\"@id\":\"https:\/\/happyinaknit.com\/produktas\/we-are-knitters-the-wool\/#primaryimage\"},\"image\":{\"@id\":\"https:\/\/happyinaknit.com\/produktas\/we-are-knitters-the-wool\/#primaryimage\"},\"thumbnailUrl\":\"https:\/\/happyinaknit.com\/wp-content\/uploads\/2025\/10\/IMG_8725.jpg\",\"datePublished\":\"2025-10-08T10:27:17+00:00\",\"dateModified\":\"2025-11-13T21:49:05+00:00\",\"breadcrumb\":{\"@id\":\"https:\/\/happyinaknit.com\/produktas\/we-are-knitters-the-wool\/#breadcrumb\"},\"inLanguage\":\"ru-RU\",\"potentialAction\":[{\"@type\":\"ReadAction\",\"target\":[\"https:\/\/happyinaknit.com\/produktas\/we-are-knitters-the-wool\/\"]}]},{\"@type\":\"ImageObject\",\"inLanguage\":\"ru-RU\",\"@id\":\"https:\/\/happyinaknit.com\/produktas\/we-are-knitters-the-wool\/#primaryimage\",\"url\":\"https:\/\/happyinaknit.com\/wp-content\/uploads\/2025\/10\/IMG_8725.jpg\",\"contentUrl\":\"https:\/\/happyinaknit.com\/wp-content\/uploads\/2025\/10\/IMG_8725.jpg\",\"width\":1320,\"height\":1406},{\"@type\":\"BreadcrumbList\",\"@id\":\"https:\/\/happyinaknit.com\/produktas\/we-are-knitters-the-wool\/#breadcrumb\",\"itemListElement\":[{\"@type\":\"ListItem\",\"position\":1,\"name\":\"Home\",\"item\":\"https:\/\/happyinaknit.com\/lt\/\"},{\"@type\":\"ListItem\",\"position\":2,\"name\":\"Parduotuv\u0117\",\"item\":\"https:\/\/happyinaknit.com\/lt\/parduotuve\/\"},{\"@type\":\"ListItem\",\"position\":3,\"name\":\"We are Knitters The Wool\"}]},{\"@type\":\"WebSite\",\"@id\":\"https:\/\/happyinaknit.com\/lt\/#website\",\"url\":\"https:\/\/happyinaknit.com\/lt\/\",\"name\":\"Happyinaknit.com\",\"description\":\"\",\"potentialAction\":[{\"@type\":\"SearchAction\",\"target\":{\"@type\":\"EntryPoint\",\"urlTemplate\":\"https:\/\/happyinaknit.com\/lt\/?s={search_term_string}\"},\"query-input\":{\"@type\":\"PropertyValueSpecification\",\"valueRequired\":true,\"valueName\":\"search_term_string\"}}],\"inLanguage\":\"ru-RU\"}]}<\/script>\n<!-- \/ Yoast SEO plugin. -->","yoast_head_json":{"title":"We are Knitters The Wool - Happyinaknit.com","robots":{"index":"index","follow":"follow","max-snippet":"max-snippet:-1","max-image-preview":"max-image-preview:large","max-video-preview":"max-video-preview:-1"},"canonical":"https:\/\/happyinaknit.com\/ru\/product\/we-are-knitters-the-wool\/","og_locale":"ru_RU","og_type":"article","og_title":"We are Knitters The Wool - Happyinaknit.com","og_description":"Prabang\u016bs, itin stori ir nat\u016bral\u016bs si\u016blai, kurie peln\u0117 mezg\u0117j\u0173 simpatijas visame pasaulyje. \u201eThe Wool\u201c \u2013 tai 100 % Peru vilna, pasi\u017eyminti \u0161iluma, purumu ir ypatingu mezgimo malonumu. D\u0117l savo storio si\u016blai puikiai tinka pradedantiesiems \u2013 akys formuojasi lengvai, o mezginiai \u012fgauna i\u0161rai\u0161king\u0105, mink\u0161t\u0105 fakt\u016br\u0105. Vilna yra nat\u016braliai elastinga, patvari ir kv\u0117puojanti \u2013 ji \u0161veln\u0117ja d\u0117vint [&hellip;]","og_url":"https:\/\/happyinaknit.com\/ru\/product\/we-are-knitters-the-wool\/","og_site_name":"Happyinaknit.com","article_modified_time":"2025-11-13T21:49:05+00:00","og_image":[{"width":1320,"height":1406,"url":"https:\/\/happyinaknit.com\/wp-content\/uploads\/2025\/10\/IMG_8725.jpg","type":"image\/jpeg"}],"twitter_card":"summary_large_image","twitter_misc":{"\u041f\u0440\u0438\u043c\u0435\u0440\u043d\u043e\u0435 \u0432\u0440\u0435\u043c\u044f \u0434\u043b\u044f \u0447\u0442\u0435\u043d\u0438\u044f":"1 \u043c\u0438\u043d\u0443\u0442\u0430"},"schema":{"@context":"https:\/\/schema.org","@graph":[{"@type":"WebPage","@id":"https:\/\/happyinaknit.com\/produktas\/we-are-knitters-the-wool\/","url":"https:\/\/happyinaknit.com\/produktas\/we-are-knitters-the-wool\/","name":"We are Knitters The Wool - Happyinaknit.com","isPartOf":{"@id":"https:\/\/happyinaknit.com\/lt\/#website"},"primaryImageOfPage":{"@id":"https:\/\/happyinaknit.com\/produktas\/we-are-knitters-the-wool\/#primaryimage"},"image":{"@id":"https:\/\/happyinaknit.com\/produktas\/we-are-knitters-the-wool\/#primaryimage"},"thumbnailUrl":"https:\/\/happyinaknit.com\/wp-content\/uploads\/2025\/10\/IMG_8725.jpg","datePublished":"2025-10-08T10:27:17+00:00","dateModified":"2025-11-13T21:49:05+00:00","breadcrumb":{"@id":"https:\/\/happyinaknit.com\/produktas\/we-are-knitters-the-wool\/#breadcrumb"},"inLanguage":"ru-RU","potentialAction":[{"@type":"ReadAction","target":["https:\/\/happyinaknit.com\/produktas\/we-are-knitters-the-wool\/"]}]},{"@type":"ImageObject","inLanguage":"ru-RU","@id":"https:\/\/happyinaknit.com\/produktas\/we-are-knitters-the-wool\/#primaryimage","url":"https:\/\/happyinaknit.com\/wp-content\/uploads\/2025\/10\/IMG_8725.jpg","contentUrl":"https:\/\/happyinaknit.com\/wp-content\/uploads\/2025\/10\/IMG_8725.jpg","width":1320,"height":1406},{"@type":"BreadcrumbList","@id":"https:\/\/happyinaknit.com\/produktas\/we-are-knitters-the-wool\/#breadcrumb","itemListElement":[{"@type":"ListItem","position":1,"name":"Home","item":"https:\/\/happyinaknit.com\/lt\/"},{"@type":"ListItem","position":2,"name":"Parduotuv\u0117","item":"https:\/\/happyinaknit.com\/lt\/parduotuve\/"},{"@type":"ListItem","position":3,"name":"We are Knitters The Wool"}]},{"@type":"WebSite","@id":"https:\/\/happyinaknit.com\/lt\/#website","url":"https:\/\/happyinaknit.com\/lt\/","name":"Happyinaknit.com","description":"","potentialAction":[{"@type":"SearchAction","target":{"@type":"EntryPoint","urlTemplate":"https:\/\/happyinaknit.com\/lt\/?s={search_term_string}"},"query-input":{"@type":"PropertyValueSpecification","valueRequired":true,"valueName":"search_term_string"}}],"inLanguage":"ru-RU"}]}},"_links":{"self":[{"href":"https:\/\/happyinaknit.com\/ru\/wp-json\/wp\/v2\/product\/3561","targetHints":{"allow":["GET"]}}],"collection":[{"href":"https:\/\/happyinaknit.com\/ru\/wp-json\/wp\/v2\/product"}],"about":[{"href":"https:\/\/happyinaknit.com\/ru\/wp-json\/wp\/v2\/types\/product"}],"replies":[{"embeddable":true,"href":"https:\/\/happyinaknit.com\/ru\/wp-json\/wp\/v2\/comments?post=3561"}],"wp:featuredmedia":[{"embeddable":true,"href":"https:\/\/happyinaknit.com\/ru\/wp-json\/wp\/v2\/media\/3567"}],"wp:attachment":[{"href":"https:\/\/happyinaknit.com\/ru\/wp-json\/wp\/v2\/media?parent=3561"}],"wp:term":[{"taxonomy":"product_brand","embeddable":true,"href":"https:\/\/happyinaknit.com\/ru\/wp-json\/wp\/v2\/product_brand?post=3561"},{"taxonomy":"product_cat","embeddable":true,"href":"https:\/\/happyinaknit.com\/ru\/wp-json\/wp\/v2\/product_cat?post=3561"},{"taxonomy":"product_tag","embeddable":true,"href":"https:\/\/happyinaknit.com\/ru\/wp-json\/wp\/v2\/product_tag?post=3561"},{"taxonomy":"pro-kategorijos","embeddable":true,"href":"https:\/\/happyinaknit.com\/ru\/wp-json\/wp\/v2\/pro-kategorijos?post=3561"}],"curies":[{"name":"wp","href":"https:\/\/api.w.org\/{rel}","templated":true}]}}