{"id":3477,"date":"2025-10-07T20:10:13","date_gmt":"2025-10-07T20:10:13","guid":{"rendered":"https:\/\/happyinaknit.com\/?post_type=product&#038;p=3477"},"modified":"2026-02-28T18:43:12","modified_gmt":"2026-02-28T18:43:12","slug":"casagrande-baby-alpaca","status":"publish","type":"product","link":"https:\/\/happyinaknit.com\/ru\/product\/casagrande-baby-alpaca\/","title":{"rendered":"Casagrande Baby Alpaca"},"content":{"rendered":"<p data-start=\"76\" data-end=\"368\">\u041e\u0447\u0435\u043d\u044c <strong data-start=\"86\" data-end=\"105\">\u043c\u044f\u0433\u043a\u0430\u044f \u043f\u0440\u044f\u0436\u0430<\/strong>, \u043a\u043e\u0442\u043e\u0440\u0430\u044f \u0441\u043e\u0434\u0435\u0440\u0436\u0438\u0442 <strong data-start=\"122\" data-end=\"158\">\u0431\u0435\u0431\u0438 \u0430\u043b\u044c\u043f\u0430\u043a\u0430, \u0448\u0435\u0440\u0441\u0442\u044c \u0438 \u043f\u043e\u043b\u0438\u0430\u043c\u0438\u0434<\/strong>, \u0441\u043e\u0437\u0434\u0430\u043d\u043d\u0430\u044f \u0434\u043b\u044f \u0442\u0451\u043f\u043b\u043e\u0433\u043e \u0438 \u0443\u044e\u0442\u043d\u043e\u0433\u043e \u0432\u044f\u0437\u0430\u043d\u0438\u044f. \u042d\u0442\u0430 \u043f\u0440\u044f\u0436\u0430 \u0438\u0434\u0435\u0430\u043b\u044c\u043d\u043e \u043f\u043e\u0434\u0445\u043e\u0434\u0438\u0442 \u0434\u043b\u044f <strong data-start=\"228\" data-end=\"286\">\u0434\u043b\u044f \u0441\u0432\u0438\u0442\u0435\u0440\u043e\u0432, \u0448\u0430\u043f\u043e\u043a, \u0448\u0430\u0440\u0444\u043e\u0432 \u0438 \u0434\u0440\u0443\u0433\u0438\u0445 \u0430\u043a\u0441\u0435\u0441\u0441\u0443\u0430\u0440\u043e\u0432<\/strong>, \u0430 \u0431\u043b\u0430\u0433\u043e\u0434\u0430\u0440\u044f \u043f\u043e\u043b\u0438\u0430\u043c\u0438\u0434\u043d\u043e\u043c\u0443 \u0432\u043e\u043b\u043e\u043a\u043d\u0443 \u0442\u043a\u0430\u043d\u044c \u043e\u0441\u0442\u0430\u0435\u0442\u0441\u044f <strong data-start=\"328\" data-end=\"365\">\u0441\u0442\u0430\u0431\u0438\u043b\u044c\u043d\u044b\u0439, \u044d\u043b\u0430\u0441\u0442\u0438\u0447\u043d\u044b\u0439 \u0438 \u0434\u043e\u043b\u0433\u043e\u0432\u0435\u0447\u043d\u044b\u0439<\/strong>.<\/p>\n<p data-start=\"370\" data-end=\"581\">\u0411\u044d\u0431\u0438 \u0430\u043b\u044c\u043f\u0430\u043a\u0430 \u0434\u0430\u0435\u0442 <strong data-start=\"391\" data-end=\"414\">\u043d\u0435\u0436\u043d\u043e\u0441\u0442\u044c \u0438 \u0442\u0435\u043f\u043b\u043e<\/strong>, \u0430 \u0448\u0435\u0440\u0441\u0442\u044c \u043e\u0431\u0435\u0441\u043f\u0435\u0447\u0438\u0432\u0430\u0435\u0442 \u0435\u0441\u0442\u0435\u0441\u0442\u0432\u0435\u043d\u043d\u0443\u044e \u0442\u0435\u0440\u043c\u043e\u0440\u0435\u0433\u0443\u043b\u044f\u0446\u0438\u044e. \u041e\u0442\u043b\u0438\u0447\u043d\u044b\u0439 \u0432\u044b\u0431\u043e\u0440 \u0434\u0430\u0436\u0435 \u0434\u043b\u044f \u0442\u0435\u0445, \u0447\u044c\u044f \u043a\u043e\u0436\u0430 \u0447\u0443\u0432\u0441\u0442\u0432\u0438\u0442\u0435\u043b\u044c\u043d\u0430 \u043a \u0448\u0435\u0440\u0441\u0442\u0438 \u2014 \u0432\u044f\u0437\u0430\u043d\u044b\u0435 \u0438\u0437\u0434\u0435\u043b\u0438\u044f \u0438\u0437 \u044d\u0442\u043e\u0439 \u043f\u0440\u044f\u0436\u0438 \u0431\u0443\u0434\u0443\u0442 \u043f\u0440\u0438\u044f\u0442\u043d\u044b\u043c\u0438 \u0438 \u043a\u043e\u043c\u0444\u043e\u0440\u0442\u043d\u044b\u043c\u0438 \u0432 \u0442\u0435\u0447\u0435\u043d\u0438\u0435 \u0432\u0441\u0435\u0433\u043e \u0434\u043d\u044f.<\/p>\n<ul data-start=\"583\" data-end=\"757\">\n<li data-start=\"583\" data-end=\"642\">\n<p data-start=\"585\" data-end=\"642\"><strong data-start=\"585\" data-end=\"597\">\u0421\u043e\u0441\u0442\u0430\u0432:<\/strong> 75% \u0431\u0435\u0431\u0438 \u0430\u043b\u044c\u043f\u0430\u043a\u0430, 15% \u043f\u043e\u043b\u0438\u0430\u043c\u0438\u0434, 10% \u0448\u0435\u0440\u0441\u0442\u044c<\/p>\n<\/li>\n<li data-start=\"643\" data-end=\"682\">\n<p data-start=\"645\" data-end=\"682\"><strong data-start=\"645\" data-end=\"667\">\u0412\u0435\u0441\/\u0434\u043b\u0438\u043d\u0430:<\/strong> 50 \u0433 \u2014 110 \u043c<\/p>\n<\/li>\n<li data-start=\"683\" data-end=\"707\">\n<p data-start=\"685\" data-end=\"707\"><strong data-start=\"685\" data-end=\"698\">\u0421\u043f\u0438\u0446\u044b<\/strong> 5-6 \u043c\u043c<\/p>\n<\/li>\n<li data-start=\"708\" data-end=\"757\">\n<p data-start=\"710\" data-end=\"757\"><strong data-start=\"710\" data-end=\"723\">\u041f\u043b\u043e\u0442\u043d\u043e\u0441\u0442\u044c:<\/strong> 10 \u00d7 10 \u0441\u043c \u2248 18 \u043f\u0435\u0442\u0435\u043b\u044c \u00d7 26 \u0440\u044f\u0434\u043e\u0432<\/p>\n<\/li>\n<\/ul>\n<p data-start=\"759\" data-end=\"848\"><strong data-start=\"759\" data-end=\"778\">\u0420\u0435\u043a\u043e\u043c\u0435\u043d\u0434\u0443\u0435\u0442\u0441\u044f:<\/strong> \u0434\u043b\u044f \u0442\u0435\u043f\u043b\u044b\u0445 \u0441\u0432\u0438\u0442\u0435\u0440\u043e\u0432, \u0448\u0430\u043f\u043e\u043a, \u0448\u0430\u0440\u0444\u043e\u0432 \u0438 \u0437\u0438\u043c\u043d\u0438\u0445 \u0430\u043a\u0441\u0435\u0441\u0441\u0443\u0430\u0440\u043e\u0432.<\/p>\n<p data-start=\"850\" data-end=\"944\"><strong data-start=\"850\" data-end=\"864\">\u0421\u043e\u0432\u0435\u0442\u044b \u043f\u043e \u0443\u0445\u043e\u0434\u0443:<\/strong><br data-start=\"864\" data-end=\"867\" \/>\u0420\u0443\u0447\u043d\u0430\u044f \u0441\u0442\u0438\u0440\u043a\u0430 \u043f\u0440\u0438 30\u00b0C. \u0421\u0443\u0448\u0438\u0442\u044c \u043d\u0430 \u0433\u043e\u0440\u0438\u0437\u043e\u043d\u0442\u0430\u043b\u044c\u043d\u043e\u0439 \u043f\u043e\u0432\u0435\u0440\u0445\u043d\u043e\u0441\u0442\u0438.<\/p>\n<p data-start=\"946\" data-end=\"1027\" data-is-last-node=\"\" data-is-only-node=\"\">\ud83e\uddf6 <em data-start=\"949\" data-end=\"1027\" data-is-last-node=\"\">Baby Alpaca \u2014 \u044d\u0442\u043e \u0442\u0435\u043f\u043b\u043e \u0438 \u043c\u044f\u0433\u043a\u043e\u0441\u0442\u044c, \u043e\u043a\u0443\u0442\u044b\u0432\u0430\u044e\u0449\u0430\u044f \u0432\u0430\u0441, \u0441\u043b\u043e\u0432\u043d\u043e \u043c\u044f\u0433\u043a\u043e\u0435 \u043e\u0431\u043b\u0430\u043a\u043e.<\/em><\/p>","protected":false},"excerpt":{"rendered":"<p>Ypatingai mink\u0161tas si\u016blas, kurio sud\u0117tyje baby alpaka, vilna ir poliamidas, sukurtas \u0161iltiems ir jaukiems mezginiams. \u0160is si\u016blas idealiai tinka megztiniams, kepur\u0117ms, \u0161alikams ir kitiems aksesuarams, o d\u0117l poliamido pluo\u0161to audinys i\u0161lieka stabilus, elastingas ir ilgaam\u017eis. Baby alpaka suteikia \u0161velnumo ir \u0161ilumos, o vilna u\u017etikrina nat\u016brali\u0105 termoreguliacij\u0105. Puikus pasirinkimas net ir tiems, kuri\u0173 oda jautri vilnai [&hellip;]<\/p>\n","protected":false},"featured_media":3484,"comment_status":"open","ping_status":"closed","template":"","meta":{"_acf_changed":false},"product_brand":[58],"product_cat":[15,182,18],"product_tag":[33],"pro-kategorijos":[72,56],"class_list":{"0":"post-3477","1":"product","2":"type-product","3":"status-publish","4":"has-post-thumbnail","6":"product_brand-casagrande","7":"product_cat-visi-produktai","8":"product_cat-ispardavimas","9":"product_cat-siulai","10":"product_tag-ispardavimas","11":"pro-kategorijos-baby-alpaka","12":"pro-kategorijos-vilna","14":"first","15":"instock","16":"sale","17":"shipping-taxable","18":"purchasable","19":"product-type-variable"},"acf":[],"yoast_head":"<!-- This site is optimized with the Yoast SEO plugin v26.8 - https:\/\/yoast.com\/product\/yoast-seo-wordpress\/ -->\n<title>Casagrande Baby Alpaca - Happyinaknit.com<\/title>\n<meta name=\"robots\" content=\"index, follow, max-snippet:-1, max-image-preview:large, max-video-preview:-1\" \/>\n<link rel=\"canonical\" href=\"https:\/\/happyinaknit.com\/ru\/product\/casagrande-baby-alpaca\/\" \/>\n<meta property=\"og:locale\" content=\"ru_RU\" \/>\n<meta property=\"og:type\" content=\"article\" \/>\n<meta property=\"og:title\" content=\"Casagrande Baby Alpaca - Happyinaknit.com\" \/>\n<meta property=\"og:description\" content=\"Ypatingai mink\u0161tas si\u016blas, kurio sud\u0117tyje baby alpaka, vilna ir poliamidas, sukurtas \u0161iltiems ir jaukiems mezginiams. \u0160is si\u016blas idealiai tinka megztiniams, kepur\u0117ms, \u0161alikams ir kitiems aksesuarams, o d\u0117l poliamido pluo\u0161to audinys i\u0161lieka stabilus, elastingas ir ilgaam\u017eis. Baby alpaka suteikia \u0161velnumo ir \u0161ilumos, o vilna u\u017etikrina nat\u016brali\u0105 termoreguliacij\u0105. Puikus pasirinkimas net ir tiems, kuri\u0173 oda jautri vilnai [&hellip;]\" \/>\n<meta property=\"og:url\" content=\"https:\/\/happyinaknit.com\/ru\/product\/casagrande-baby-alpaca\/\" \/>\n<meta property=\"og:site_name\" content=\"Happyinaknit.com\" \/>\n<meta property=\"article:modified_time\" content=\"2026-02-28T18:43:12+00:00\" \/>\n<meta property=\"og:image\" content=\"https:\/\/happyinaknit.com\/wp-content\/uploads\/2025\/10\/IMG_8662.jpg\" \/>\n\t<meta property=\"og:image:width\" content=\"1320\" \/>\n\t<meta property=\"og:image:height\" content=\"1244\" \/>\n\t<meta property=\"og:image:type\" content=\"image\/jpeg\" \/>\n<meta name=\"twitter:card\" content=\"summary_large_image\" \/>\n<meta name=\"twitter:label1\" content=\"\u041f\u0440\u0438\u043c\u0435\u0440\u043d\u043e\u0435 \u0432\u0440\u0435\u043c\u044f \u0434\u043b\u044f \u0447\u0442\u0435\u043d\u0438\u044f\" \/>\n\t<meta name=\"twitter:data1\" content=\"1 \u043c\u0438\u043d\u0443\u0442\u0430\" \/>\n<script type=\"application\/ld+json\" class=\"yoast-schema-graph\">{\"@context\":\"https:\/\/schema.org\",\"@graph\":[{\"@type\":\"WebPage\",\"@id\":\"https:\/\/happyinaknit.com\/produktas\/casagrande-baby-alpaca\/\",\"url\":\"https:\/\/happyinaknit.com\/produktas\/casagrande-baby-alpaca\/\",\"name\":\"Casagrande Baby Alpaca - Happyinaknit.com\",\"isPartOf\":{\"@id\":\"https:\/\/happyinaknit.com\/lt\/#website\"},\"primaryImageOfPage\":{\"@id\":\"https:\/\/happyinaknit.com\/produktas\/casagrande-baby-alpaca\/#primaryimage\"},\"image\":{\"@id\":\"https:\/\/happyinaknit.com\/produktas\/casagrande-baby-alpaca\/#primaryimage\"},\"thumbnailUrl\":\"https:\/\/happyinaknit.com\/wp-content\/uploads\/2025\/10\/IMG_8662.jpg\",\"datePublished\":\"2025-10-07T20:10:13+00:00\",\"dateModified\":\"2026-02-28T18:43:12+00:00\",\"breadcrumb\":{\"@id\":\"https:\/\/happyinaknit.com\/produktas\/casagrande-baby-alpaca\/#breadcrumb\"},\"inLanguage\":\"ru-RU\",\"potentialAction\":[{\"@type\":\"ReadAction\",\"target\":[\"https:\/\/happyinaknit.com\/produktas\/casagrande-baby-alpaca\/\"]}]},{\"@type\":\"ImageObject\",\"inLanguage\":\"ru-RU\",\"@id\":\"https:\/\/happyinaknit.com\/produktas\/casagrande-baby-alpaca\/#primaryimage\",\"url\":\"https:\/\/happyinaknit.com\/wp-content\/uploads\/2025\/10\/IMG_8662.jpg\",\"contentUrl\":\"https:\/\/happyinaknit.com\/wp-content\/uploads\/2025\/10\/IMG_8662.jpg\",\"width\":1320,\"height\":1244},{\"@type\":\"BreadcrumbList\",\"@id\":\"https:\/\/happyinaknit.com\/produktas\/casagrande-baby-alpaca\/#breadcrumb\",\"itemListElement\":[{\"@type\":\"ListItem\",\"position\":1,\"name\":\"Home\",\"item\":\"https:\/\/happyinaknit.com\/lt\/\"},{\"@type\":\"ListItem\",\"position\":2,\"name\":\"Parduotuv\u0117\",\"item\":\"https:\/\/happyinaknit.com\/lt\/parduotuve\/\"},{\"@type\":\"ListItem\",\"position\":3,\"name\":\"Casagrande Baby Alpaca\"}]},{\"@type\":\"WebSite\",\"@id\":\"https:\/\/happyinaknit.com\/lt\/#website\",\"url\":\"https:\/\/happyinaknit.com\/lt\/\",\"name\":\"Happyinaknit.com\",\"description\":\"\",\"potentialAction\":[{\"@type\":\"SearchAction\",\"target\":{\"@type\":\"EntryPoint\",\"urlTemplate\":\"https:\/\/happyinaknit.com\/lt\/?s={search_term_string}\"},\"query-input\":{\"@type\":\"PropertyValueSpecification\",\"valueRequired\":true,\"valueName\":\"search_term_string\"}}],\"inLanguage\":\"ru-RU\"}]}<\/script>\n<!-- \/ Yoast SEO plugin. -->","yoast_head_json":{"title":"Casagrande Baby Alpaca - Happyinaknit.com","robots":{"index":"index","follow":"follow","max-snippet":"max-snippet:-1","max-image-preview":"max-image-preview:large","max-video-preview":"max-video-preview:-1"},"canonical":"https:\/\/happyinaknit.com\/ru\/product\/casagrande-baby-alpaca\/","og_locale":"ru_RU","og_type":"article","og_title":"Casagrande Baby Alpaca - Happyinaknit.com","og_description":"Ypatingai mink\u0161tas si\u016blas, kurio sud\u0117tyje baby alpaka, vilna ir poliamidas, sukurtas \u0161iltiems ir jaukiems mezginiams. \u0160is si\u016blas idealiai tinka megztiniams, kepur\u0117ms, \u0161alikams ir kitiems aksesuarams, o d\u0117l poliamido pluo\u0161to audinys i\u0161lieka stabilus, elastingas ir ilgaam\u017eis. Baby alpaka suteikia \u0161velnumo ir \u0161ilumos, o vilna u\u017etikrina nat\u016brali\u0105 termoreguliacij\u0105. Puikus pasirinkimas net ir tiems, kuri\u0173 oda jautri vilnai [&hellip;]","og_url":"https:\/\/happyinaknit.com\/ru\/product\/casagrande-baby-alpaca\/","og_site_name":"Happyinaknit.com","article_modified_time":"2026-02-28T18:43:12+00:00","og_image":[{"width":1320,"height":1244,"url":"https:\/\/happyinaknit.com\/wp-content\/uploads\/2025\/10\/IMG_8662.jpg","type":"image\/jpeg"}],"twitter_card":"summary_large_image","twitter_misc":{"\u041f\u0440\u0438\u043c\u0435\u0440\u043d\u043e\u0435 \u0432\u0440\u0435\u043c\u044f \u0434\u043b\u044f \u0447\u0442\u0435\u043d\u0438\u044f":"1 \u043c\u0438\u043d\u0443\u0442\u0430"},"schema":{"@context":"https:\/\/schema.org","@graph":[{"@type":"WebPage","@id":"https:\/\/happyinaknit.com\/produktas\/casagrande-baby-alpaca\/","url":"https:\/\/happyinaknit.com\/produktas\/casagrande-baby-alpaca\/","name":"Casagrande Baby Alpaca - Happyinaknit.com","isPartOf":{"@id":"https:\/\/happyinaknit.com\/lt\/#website"},"primaryImageOfPage":{"@id":"https:\/\/happyinaknit.com\/produktas\/casagrande-baby-alpaca\/#primaryimage"},"image":{"@id":"https:\/\/happyinaknit.com\/produktas\/casagrande-baby-alpaca\/#primaryimage"},"thumbnailUrl":"https:\/\/happyinaknit.com\/wp-content\/uploads\/2025\/10\/IMG_8662.jpg","datePublished":"2025-10-07T20:10:13+00:00","dateModified":"2026-02-28T18:43:12+00:00","breadcrumb":{"@id":"https:\/\/happyinaknit.com\/produktas\/casagrande-baby-alpaca\/#breadcrumb"},"inLanguage":"ru-RU","potentialAction":[{"@type":"ReadAction","target":["https:\/\/happyinaknit.com\/produktas\/casagrande-baby-alpaca\/"]}]},{"@type":"ImageObject","inLanguage":"ru-RU","@id":"https:\/\/happyinaknit.com\/produktas\/casagrande-baby-alpaca\/#primaryimage","url":"https:\/\/happyinaknit.com\/wp-content\/uploads\/2025\/10\/IMG_8662.jpg","contentUrl":"https:\/\/happyinaknit.com\/wp-content\/uploads\/2025\/10\/IMG_8662.jpg","width":1320,"height":1244},{"@type":"BreadcrumbList","@id":"https:\/\/happyinaknit.com\/produktas\/casagrande-baby-alpaca\/#breadcrumb","itemListElement":[{"@type":"ListItem","position":1,"name":"Home","item":"https:\/\/happyinaknit.com\/lt\/"},{"@type":"ListItem","position":2,"name":"Parduotuv\u0117","item":"https:\/\/happyinaknit.com\/lt\/parduotuve\/"},{"@type":"ListItem","position":3,"name":"Casagrande Baby Alpaca"}]},{"@type":"WebSite","@id":"https:\/\/happyinaknit.com\/lt\/#website","url":"https:\/\/happyinaknit.com\/lt\/","name":"Happyinaknit.com","description":"","potentialAction":[{"@type":"SearchAction","target":{"@type":"EntryPoint","urlTemplate":"https:\/\/happyinaknit.com\/lt\/?s={search_term_string}"},"query-input":{"@type":"PropertyValueSpecification","valueRequired":true,"valueName":"search_term_string"}}],"inLanguage":"ru-RU"}]}},"_links":{"self":[{"href":"https:\/\/happyinaknit.com\/ru\/wp-json\/wp\/v2\/product\/3477","targetHints":{"allow":["GET"]}}],"collection":[{"href":"https:\/\/happyinaknit.com\/ru\/wp-json\/wp\/v2\/product"}],"about":[{"href":"https:\/\/happyinaknit.com\/ru\/wp-json\/wp\/v2\/types\/product"}],"replies":[{"embeddable":true,"href":"https:\/\/happyinaknit.com\/ru\/wp-json\/wp\/v2\/comments?post=3477"}],"wp:featuredmedia":[{"embeddable":true,"href":"https:\/\/happyinaknit.com\/ru\/wp-json\/wp\/v2\/media\/3484"}],"wp:attachment":[{"href":"https:\/\/happyinaknit.com\/ru\/wp-json\/wp\/v2\/media?parent=3477"}],"wp:term":[{"taxonomy":"product_brand","embeddable":true,"href":"https:\/\/happyinaknit.com\/ru\/wp-json\/wp\/v2\/product_brand?post=3477"},{"taxonomy":"product_cat","embeddable":true,"href":"https:\/\/happyinaknit.com\/ru\/wp-json\/wp\/v2\/product_cat?post=3477"},{"taxonomy":"product_tag","embeddable":true,"href":"https:\/\/happyinaknit.com\/ru\/wp-json\/wp\/v2\/product_tag?post=3477"},{"taxonomy":"pro-kategorijos","embeddable":true,"href":"https:\/\/happyinaknit.com\/ru\/wp-json\/wp\/v2\/pro-kategorijos?post=3477"}],"curies":[{"name":"wp","href":"https:\/\/api.w.org\/{rel}","templated":true}]}}