{"id":3468,"date":"2025-10-07T19:38:21","date_gmt":"2025-10-07T19:38:21","guid":{"rendered":"https:\/\/happyinaknit.com\/?post_type=product&#038;p=3468"},"modified":"2025-11-13T09:52:04","modified_gmt":"2025-11-13T09:52:04","slug":"casagrande-tweed-absolu","status":"publish","type":"product","link":"https:\/\/happyinaknit.com\/ru\/product\/casagrande-tweed-absolu\/","title":{"rendered":"Casagrande Tweed Absolu"},"content":{"rendered":"<p data-start=\"88\" data-end=\"396\">\u042d\u043a\u0441\u043a\u043b\u044e\u0437\u0438\u0432\u043d\u044b\u0439  100%  \u043a\u0430\u0448\u0435\u043c\u0438\u0440 \u0441 \u0442\u0432\u0438\u0434\u043e\u0432\u044b\u043c\u0438 \u043f\u0435\u0440\u0435\u043f\u043b\u0435\u0442\u0435\u043d\u0438\u044f\u043c\u0438 \u2014 \u0432\u0435\u0440\u0448\u0438\u043d\u0430 \u043c\u044f\u0433\u043a\u043e\u0441\u0442\u0438 \u0438 \u044d\u043b\u0435\u0433\u0430\u043d\u0442\u043d\u043e\u0441\u0442\u0438. \u0421\u043b\u0435\u0433\u043a\u0430 \u043d\u0435\u0440\u043e\u0432\u043d\u044b\u0435 \u043f\u0435\u0440\u0435\u043f\u043b\u0435\u0442\u0435\u043d\u0438\u044f, \u0432\u0441\u0442\u0430\u0432\u043a\u0438 \u0446\u0432\u0435\u0442\u0430 \u0442\u0432\u0438\u0434\u0430 \u043f\u0440\u0438\u0434\u0430\u044e\u0442 \u043f\u043e\u043b\u043e\u0442\u043d\u0443 \u0433\u043b\u0443\u0431\u0438\u043d\u0443 \u0438 \u0438\u0437\u044b\u0441\u043a\u0430\u043d\u043d\u0443\u044e \u0438\u0433\u0440\u0438\u0432\u043e\u0441\u0442\u044c.<\/p>\n<p data-start=\"398\" data-end=\"640\">\u0414\u0430\u0436\u0435 \u0432 \u043f\u0440\u043e\u0441\u0442\u043e\u0439 \u043b\u0438\u0446\u0435\u0432\u043e\u0439 \u0433\u043b\u0430\u0434\u0438 \u044d\u0442\u0430 \u043f\u0440\u044f\u0436\u0430 \u0432\u044b\u0433\u043b\u044f\u0434\u0438\u0442 \u0432\u044b\u0440\u0430\u0437\u0438\u0442\u0435\u043b\u044c\u043d\u043e \u0438 \u0440\u043e\u0441\u043a\u043e\u0448\u043d\u043e. \u041f\u043e\u0441\u043b\u0435 \u0441\u0442\u0438\u0440\u043a\u0438  \u0438 \u0441\u0443\u0448\u043a\u0438 \u043f\u0440\u044f\u0436\u0430 \u0440\u0430\u0441\u043a\u0440\u044b\u0432\u0430\u0435\u0442\u0441\u044f, \u0438 \u043d\u0430 \u043f\u043e\u0432\u0435\u0440\u0445\u043d\u043e\u0441\u0442\u0438 \u043f\u043e\u044f\u0432\u043b\u044f\u0435\u0442\u0441\u044f \u0445\u0430\u0440\u0430\u043a\u0442\u0435\u0440\u043d\u044b\u0439 \u043a\u0430\u0448\u0435\u043c\u0438\u0440\u043e\u0432\u044b\u0439 \u043f\u0443\u0445, \u043f\u0440\u0438\u0434\u0430\u044e\u0449\u0438\u0439 \u043f\u043e\u043b\u043e\u0442\u043d\u0443 \u044d\u0444\u0444\u0435\u043a\u0442 \u043e\u0431\u043b\u0430\u043a\u0430 \u0438 \u043c\u044f\u0433\u043a\u043e\u0441\u0442\u0438.<\/p>\n<p data-start=\"642\" data-end=\"793\">\u0418\u0434\u0435\u0430\u043b\u044c\u043d\u043e \u043f\u043e\u0434\u0445\u043e\u0434\u0438\u0442 \u0434\u043b\u044f \u0448\u0430\u043f\u043e\u043a, \u043f\u0435\u0440\u0447\u0430\u0442\u043e\u043a, \u0448\u0430\u0440\u0444\u043e\u0432, \u0448\u0430\u043b\u0435\u0439, \u0441\u0432\u0438\u0442\u0435\u0440\u043e\u0432 \u0438 \u043a\u0430\u0440\u0434\u0438\u0433\u0430\u043d\u043e\u0432 \u2014 \u0432\u0441\u0435\u0433\u043e, \u0447\u0435\u043c\u0443 \u0432\u044b \u0445\u043e\u0442\u0438\u0442\u0435 \u043f\u0440\u0438\u0434\u0430\u0442\u044c \u043b\u0435\u0433\u043a\u043e\u0435 \u043f\u0440\u0438\u043a\u043e\u0441\u043d\u043e\u0432\u0435\u043d\u0438\u0435 \u0442\u0435\u043f\u043b\u0430 \u0438 \u043c\u044f\u0433\u043a\u043e\u0441\u0442\u0438.<\/p>\n<ul data-start=\"795\" data-end=\"1015\">\n<li data-start=\"795\" data-end=\"825\">\n<p data-start=\"797\" data-end=\"825\"><strong data-start=\"797\" data-end=\"809\">\u0421\u043e\u0441\u0442\u0430\u0432:<\/strong> 100% \u043a\u0430\u0448\u0435\u043c\u0438\u0440<\/p>\n<\/li>\n<li data-start=\"826\" data-end=\"864\">\n<p data-start=\"828\" data-end=\"864\"><strong data-start=\"828\" data-end=\"850\">\u0412\u0435\u0441\/\u0434\u043b\u0438\u043d\u0430:<\/strong> 25 \u0433 \u2014 75 \u043c<\/p>\n<\/li>\n<li data-start=\"865\" data-end=\"893\">\n<p data-start=\"867\" data-end=\"893\"><strong data-start=\"867\" data-end=\"880\">\u0421\u043f\u0438\u0446\u044b<\/strong> 3,5-4,0 \u043c\u043c<\/p>\n<\/li>\n<li data-start=\"894\" data-end=\"943\">\n<p data-start=\"896\" data-end=\"943\"><strong data-start=\"896\" data-end=\"909\">\u041f\u043b\u043e\u0442\u043d\u043e\u0441\u0442\u044c:<\/strong> 10 \u00d7 10 \u0441\u043c \u2248 22 \u043f\u0435\u0442\u043b\u0438  \u00d7 35 \u0440\u044f\u0434\u043e\u0432<\/p>\n<\/li>\n<li data-start=\"944\" data-end=\"1015\">\n<p data-start=\"946\" data-end=\"1015\"><strong data-start=\"946\" data-end=\"973\">\u0420\u0435\u043a\u043e\u043c\u0435\u043d\u0434\u0443\u0435\u043c\u043e\u0435 \u043a\u043e\u043b\u0438\u0447\u0435\u0441\u0442\u0432\u043e:<\/strong> \u043d\u0430 \u0434\u0436\u0435\u043c\u043f\u0435\u0440 \u0440\u0430\u0437\u043c\u0435\u0440\u0430 \u041c \u2013 \u043e\u0442 10 \u043c\u043e\u0442\u043a\u043e\u0432<\/p>\n<\/li>\n<\/ul>\n<p data-start=\"1017\" data-end=\"1111\"><strong data-start=\"1017\" data-end=\"1031\">\u0421\u043e\u0432\u0435\u0442\u044b \u043f\u043e \u0443\u0445\u043e\u0434\u0443:<\/strong><br data-start=\"1031\" data-end=\"1034\" \/>\u0420\u0443\u0447\u043d\u0430\u044f \u0441\u0442\u0438\u0440\u043a\u0430 \u043f\u0440\u0438 30\u00b0C. \u0421\u0443\u0448\u0438\u0442\u044c \u043d\u0430 \u0433\u043e\u0440\u0438\u0437\u043e\u043d\u0442\u0430\u043b\u044c\u043d\u043e\u0439 \u043f\u043e\u0432\u0435\u0440\u0445\u043d\u043e\u0441\u0442\u0438.<\/p>\n<p data-start=\"1113\" data-end=\"1248\" data-is-last-node=\"\" data-is-only-node=\"\">\ud83e\udd0d <em data-start=\"1116\" data-end=\"1248\" data-is-last-node=\"\">Tweed Absolu \u2014 \u044d\u0442\u043e \u043a\u0430\u0448\u0435\u043c\u0438\u0440, \u043f\u043b\u0435\u043d\u044f\u044e\u0449\u0438\u0439 \u0441\u0432\u043e\u0435\u0439 \u0442\u0435\u043a\u0441\u0442\u0443\u0440\u043e\u0439, \u0432\u044b\u0440\u0430\u0437\u0438\u0442\u0435\u043b\u044c\u043d\u043e\u0441\u0442\u044c\u044e \u0438 \u043d\u0435\u043f\u043e\u0432\u0442\u043e\u0440\u0438\u043c\u043e\u0439 \u043c\u044f\u0433\u043a\u043e\u0441\u0442\u044c\u044e. \u041a\u043b\u0430\u0441\u0441\u0438\u043a\u0430, \u0440\u0430\u0441\u043a\u0440\u044b\u0432\u0430\u044e\u0449\u0430\u044f \u0438\u0441\u0442\u0438\u043d\u043d\u0443\u044e \u0441\u0443\u0449\u043d\u043e\u0441\u0442\u044c \u0440\u043e\u0441\u043a\u043e\u0448\u0438.<\/em><\/p>","protected":false},"excerpt":{"rendered":"<p>I\u0161skirtinis 100% ka\u0161myras tvidinio stiliaus si\u016ble \u2013 tai \u0161velnumo ir elegancijos vir\u0161\u016bn\u0117. \u00a0Si\u016blas \u0161iek tiek netolygus, su tvidiniais spalv\u0173 intarpais, kurie suteikia audiniui gylio ir rafinuoto \u017eaismingumo. Net ir paprastoje lygioje akyje \u0161is si\u016blas atrodo i\u0161rai\u0161kingai ir prabangiai. Po i\u0161skalavimo ir d\u017eiovinimo si\u016blai atsiskleid\u017eia, o ant pavir\u0161iaus pasirodo b\u016bdingas ka\u0161myro p\u016bkelis, suteikiantis audiniui \u0161velnumo debesies [&hellip;]<\/p>\n","protected":false},"featured_media":3469,"comment_status":"open","ping_status":"closed","template":"","meta":{"_acf_changed":false},"product_brand":[58],"product_cat":[15,18],"product_tag":[],"pro-kategorijos":[46],"class_list":{"0":"post-3468","1":"product","2":"type-product","3":"status-publish","4":"has-post-thumbnail","6":"product_brand-casagrande","7":"product_cat-visi-produktai","8":"product_cat-siulai","9":"pro-kategorijos-kasmyras","11":"first","12":"instock","13":"shipping-taxable","14":"purchasable","15":"product-type-variable"},"acf":[],"yoast_head":"<!-- This site is optimized with the Yoast SEO plugin v26.8 - https:\/\/yoast.com\/product\/yoast-seo-wordpress\/ -->\n<title>Casagrande Tweed Absolu - Happyinaknit.com<\/title>\n<meta name=\"robots\" content=\"index, follow, max-snippet:-1, max-image-preview:large, max-video-preview:-1\" \/>\n<link rel=\"canonical\" href=\"https:\/\/happyinaknit.com\/ru\/product\/casagrande-tweed-absolu\/\" \/>\n<meta property=\"og:locale\" content=\"ru_RU\" \/>\n<meta property=\"og:type\" content=\"article\" \/>\n<meta property=\"og:title\" content=\"Casagrande Tweed Absolu - Happyinaknit.com\" \/>\n<meta property=\"og:description\" content=\"I\u0161skirtinis 100% ka\u0161myras tvidinio stiliaus si\u016ble \u2013 tai \u0161velnumo ir elegancijos vir\u0161\u016bn\u0117. \u00a0Si\u016blas \u0161iek tiek netolygus, su tvidiniais spalv\u0173 intarpais, kurie suteikia audiniui gylio ir rafinuoto \u017eaismingumo. Net ir paprastoje lygioje akyje \u0161is si\u016blas atrodo i\u0161rai\u0161kingai ir prabangiai. Po i\u0161skalavimo ir d\u017eiovinimo si\u016blai atsiskleid\u017eia, o ant pavir\u0161iaus pasirodo b\u016bdingas ka\u0161myro p\u016bkelis, suteikiantis audiniui \u0161velnumo debesies [&hellip;]\" \/>\n<meta property=\"og:url\" content=\"https:\/\/happyinaknit.com\/ru\/product\/casagrande-tweed-absolu\/\" \/>\n<meta property=\"og:site_name\" content=\"Happyinaknit.com\" \/>\n<meta property=\"article:modified_time\" content=\"2025-11-13T09:52:04+00:00\" \/>\n<meta property=\"og:image\" content=\"https:\/\/happyinaknit.com\/wp-content\/uploads\/2025\/10\/IMG_8661.jpg\" \/>\n\t<meta property=\"og:image:width\" content=\"1320\" \/>\n\t<meta property=\"og:image:height\" content=\"1292\" \/>\n\t<meta property=\"og:image:type\" content=\"image\/jpeg\" \/>\n<meta name=\"twitter:card\" content=\"summary_large_image\" \/>\n<meta name=\"twitter:label1\" content=\"\u041f\u0440\u0438\u043c\u0435\u0440\u043d\u043e\u0435 \u0432\u0440\u0435\u043c\u044f \u0434\u043b\u044f \u0447\u0442\u0435\u043d\u0438\u044f\" \/>\n\t<meta name=\"twitter:data1\" content=\"1 \u043c\u0438\u043d\u0443\u0442\u0430\" \/>\n<script type=\"application\/ld+json\" class=\"yoast-schema-graph\">{\"@context\":\"https:\/\/schema.org\",\"@graph\":[{\"@type\":\"WebPage\",\"@id\":\"https:\/\/happyinaknit.com\/produktas\/casagrande-tweed-absolu\/\",\"url\":\"https:\/\/happyinaknit.com\/produktas\/casagrande-tweed-absolu\/\",\"name\":\"Casagrande Tweed Absolu - Happyinaknit.com\",\"isPartOf\":{\"@id\":\"https:\/\/happyinaknit.com\/lt\/#website\"},\"primaryImageOfPage\":{\"@id\":\"https:\/\/happyinaknit.com\/produktas\/casagrande-tweed-absolu\/#primaryimage\"},\"image\":{\"@id\":\"https:\/\/happyinaknit.com\/produktas\/casagrande-tweed-absolu\/#primaryimage\"},\"thumbnailUrl\":\"https:\/\/happyinaknit.com\/wp-content\/uploads\/2025\/10\/IMG_8661.jpg\",\"datePublished\":\"2025-10-07T19:38:21+00:00\",\"dateModified\":\"2025-11-13T09:52:04+00:00\",\"breadcrumb\":{\"@id\":\"https:\/\/happyinaknit.com\/produktas\/casagrande-tweed-absolu\/#breadcrumb\"},\"inLanguage\":\"ru-RU\",\"potentialAction\":[{\"@type\":\"ReadAction\",\"target\":[\"https:\/\/happyinaknit.com\/produktas\/casagrande-tweed-absolu\/\"]}]},{\"@type\":\"ImageObject\",\"inLanguage\":\"ru-RU\",\"@id\":\"https:\/\/happyinaknit.com\/produktas\/casagrande-tweed-absolu\/#primaryimage\",\"url\":\"https:\/\/happyinaknit.com\/wp-content\/uploads\/2025\/10\/IMG_8661.jpg\",\"contentUrl\":\"https:\/\/happyinaknit.com\/wp-content\/uploads\/2025\/10\/IMG_8661.jpg\",\"width\":1320,\"height\":1292},{\"@type\":\"BreadcrumbList\",\"@id\":\"https:\/\/happyinaknit.com\/produktas\/casagrande-tweed-absolu\/#breadcrumb\",\"itemListElement\":[{\"@type\":\"ListItem\",\"position\":1,\"name\":\"Home\",\"item\":\"https:\/\/happyinaknit.com\/lt\/\"},{\"@type\":\"ListItem\",\"position\":2,\"name\":\"Parduotuv\u0117\",\"item\":\"https:\/\/happyinaknit.com\/lt\/parduotuve\/\"},{\"@type\":\"ListItem\",\"position\":3,\"name\":\"Casagrande Tweed Absolu\"}]},{\"@type\":\"WebSite\",\"@id\":\"https:\/\/happyinaknit.com\/lt\/#website\",\"url\":\"https:\/\/happyinaknit.com\/lt\/\",\"name\":\"Happyinaknit.com\",\"description\":\"\",\"potentialAction\":[{\"@type\":\"SearchAction\",\"target\":{\"@type\":\"EntryPoint\",\"urlTemplate\":\"https:\/\/happyinaknit.com\/lt\/?s={search_term_string}\"},\"query-input\":{\"@type\":\"PropertyValueSpecification\",\"valueRequired\":true,\"valueName\":\"search_term_string\"}}],\"inLanguage\":\"ru-RU\"}]}<\/script>\n<!-- \/ Yoast SEO plugin. -->","yoast_head_json":{"title":"Casagrande Tweed Absolu - Happyinaknit.com","robots":{"index":"index","follow":"follow","max-snippet":"max-snippet:-1","max-image-preview":"max-image-preview:large","max-video-preview":"max-video-preview:-1"},"canonical":"https:\/\/happyinaknit.com\/ru\/product\/casagrande-tweed-absolu\/","og_locale":"ru_RU","og_type":"article","og_title":"Casagrande Tweed Absolu - Happyinaknit.com","og_description":"I\u0161skirtinis 100% ka\u0161myras tvidinio stiliaus si\u016ble \u2013 tai \u0161velnumo ir elegancijos vir\u0161\u016bn\u0117. \u00a0Si\u016blas \u0161iek tiek netolygus, su tvidiniais spalv\u0173 intarpais, kurie suteikia audiniui gylio ir rafinuoto \u017eaismingumo. Net ir paprastoje lygioje akyje \u0161is si\u016blas atrodo i\u0161rai\u0161kingai ir prabangiai. Po i\u0161skalavimo ir d\u017eiovinimo si\u016blai atsiskleid\u017eia, o ant pavir\u0161iaus pasirodo b\u016bdingas ka\u0161myro p\u016bkelis, suteikiantis audiniui \u0161velnumo debesies [&hellip;]","og_url":"https:\/\/happyinaknit.com\/ru\/product\/casagrande-tweed-absolu\/","og_site_name":"Happyinaknit.com","article_modified_time":"2025-11-13T09:52:04+00:00","og_image":[{"width":1320,"height":1292,"url":"https:\/\/happyinaknit.com\/wp-content\/uploads\/2025\/10\/IMG_8661.jpg","type":"image\/jpeg"}],"twitter_card":"summary_large_image","twitter_misc":{"\u041f\u0440\u0438\u043c\u0435\u0440\u043d\u043e\u0435 \u0432\u0440\u0435\u043c\u044f \u0434\u043b\u044f \u0447\u0442\u0435\u043d\u0438\u044f":"1 \u043c\u0438\u043d\u0443\u0442\u0430"},"schema":{"@context":"https:\/\/schema.org","@graph":[{"@type":"WebPage","@id":"https:\/\/happyinaknit.com\/produktas\/casagrande-tweed-absolu\/","url":"https:\/\/happyinaknit.com\/produktas\/casagrande-tweed-absolu\/","name":"Casagrande Tweed Absolu - Happyinaknit.com","isPartOf":{"@id":"https:\/\/happyinaknit.com\/lt\/#website"},"primaryImageOfPage":{"@id":"https:\/\/happyinaknit.com\/produktas\/casagrande-tweed-absolu\/#primaryimage"},"image":{"@id":"https:\/\/happyinaknit.com\/produktas\/casagrande-tweed-absolu\/#primaryimage"},"thumbnailUrl":"https:\/\/happyinaknit.com\/wp-content\/uploads\/2025\/10\/IMG_8661.jpg","datePublished":"2025-10-07T19:38:21+00:00","dateModified":"2025-11-13T09:52:04+00:00","breadcrumb":{"@id":"https:\/\/happyinaknit.com\/produktas\/casagrande-tweed-absolu\/#breadcrumb"},"inLanguage":"ru-RU","potentialAction":[{"@type":"ReadAction","target":["https:\/\/happyinaknit.com\/produktas\/casagrande-tweed-absolu\/"]}]},{"@type":"ImageObject","inLanguage":"ru-RU","@id":"https:\/\/happyinaknit.com\/produktas\/casagrande-tweed-absolu\/#primaryimage","url":"https:\/\/happyinaknit.com\/wp-content\/uploads\/2025\/10\/IMG_8661.jpg","contentUrl":"https:\/\/happyinaknit.com\/wp-content\/uploads\/2025\/10\/IMG_8661.jpg","width":1320,"height":1292},{"@type":"BreadcrumbList","@id":"https:\/\/happyinaknit.com\/produktas\/casagrande-tweed-absolu\/#breadcrumb","itemListElement":[{"@type":"ListItem","position":1,"name":"Home","item":"https:\/\/happyinaknit.com\/lt\/"},{"@type":"ListItem","position":2,"name":"Parduotuv\u0117","item":"https:\/\/happyinaknit.com\/lt\/parduotuve\/"},{"@type":"ListItem","position":3,"name":"Casagrande Tweed Absolu"}]},{"@type":"WebSite","@id":"https:\/\/happyinaknit.com\/lt\/#website","url":"https:\/\/happyinaknit.com\/lt\/","name":"Happyinaknit.com","description":"","potentialAction":[{"@type":"SearchAction","target":{"@type":"EntryPoint","urlTemplate":"https:\/\/happyinaknit.com\/lt\/?s={search_term_string}"},"query-input":{"@type":"PropertyValueSpecification","valueRequired":true,"valueName":"search_term_string"}}],"inLanguage":"ru-RU"}]}},"_links":{"self":[{"href":"https:\/\/happyinaknit.com\/ru\/wp-json\/wp\/v2\/product\/3468","targetHints":{"allow":["GET"]}}],"collection":[{"href":"https:\/\/happyinaknit.com\/ru\/wp-json\/wp\/v2\/product"}],"about":[{"href":"https:\/\/happyinaknit.com\/ru\/wp-json\/wp\/v2\/types\/product"}],"replies":[{"embeddable":true,"href":"https:\/\/happyinaknit.com\/ru\/wp-json\/wp\/v2\/comments?post=3468"}],"wp:featuredmedia":[{"embeddable":true,"href":"https:\/\/happyinaknit.com\/ru\/wp-json\/wp\/v2\/media\/3469"}],"wp:attachment":[{"href":"https:\/\/happyinaknit.com\/ru\/wp-json\/wp\/v2\/media?parent=3468"}],"wp:term":[{"taxonomy":"product_brand","embeddable":true,"href":"https:\/\/happyinaknit.com\/ru\/wp-json\/wp\/v2\/product_brand?post=3468"},{"taxonomy":"product_cat","embeddable":true,"href":"https:\/\/happyinaknit.com\/ru\/wp-json\/wp\/v2\/product_cat?post=3468"},{"taxonomy":"product_tag","embeddable":true,"href":"https:\/\/happyinaknit.com\/ru\/wp-json\/wp\/v2\/product_tag?post=3468"},{"taxonomy":"pro-kategorijos","embeddable":true,"href":"https:\/\/happyinaknit.com\/ru\/wp-json\/wp\/v2\/pro-kategorijos?post=3468"}],"curies":[{"name":"wp","href":"https:\/\/api.w.org\/{rel}","templated":true}]}}