{"id":3239,"date":"2025-10-07T06:43:38","date_gmt":"2025-10-07T06:43:38","guid":{"rendered":"https:\/\/happyinaknit.com\/?post_type=product&#038;p=3239"},"modified":"2026-04-12T08:43:59","modified_gmt":"2026-04-12T08:43:59","slug":"casagrande-fusion","status":"publish","type":"product","link":"https:\/\/happyinaknit.com\/ru\/product\/casagrande-fusion\/","title":{"rendered":"Casagrande Fusion"},"content":{"rendered":"<p data-start=\"66\" data-end=\"350\"><strong data-start=\"66\" data-end=\"76\">Fusion<\/strong> \u2013 \u044d\u0442\u043e \u0447\u0440\u0435\u0437\u0432\u044b\u0447\u0430\u0439\u043d\u043e \u043c\u044f\u0433\u043a\u0430\u044f, \u044d\u043b\u0430\u0441\u0442\u0438\u0447\u043d\u0430\u044f \u043d\u0438\u0442\u044c \u043a\u043e\u0442\u043e\u0440\u0430\u044f \u0441\u043e\u0447\u0435\u0442\u0430\u0435\u0442 \u0432 \u0441\u0435\u0431\u0435 <strong data-start=\"134\" data-end=\"181\">\u044d\u043a\u0441\u0442\u0440\u0430\u0442\u043e\u043d\u043a\u0443\u044e \u043c\u0435\u0440\u0438\u043d\u043e\u0441\u043e\u0432\u0443\u044e \u0448\u0435\u0440\u0441\u0442\u044c, \u0448\u0435\u043b\u043a \u0438 \u044d\u043b\u0430\u0441\u0442\u0430\u043d.<\/strong>\u0422\u0430\u043a\u043e\u0435 \u0441\u043e\u0447\u0435\u0442\u0430\u043d\u0438\u0435 \u043f\u0440\u0438\u0434\u0430\u0435\u0442 \u0442\u0440\u0438\u043a\u043e\u0442\u0430\u0436\u0443 \u043c\u044f\u0433\u043a\u043e\u0441\u0442\u044c, \u043b\u0435\u0433\u043a\u0438\u0439 \u0431\u043b\u0435\u0441\u043a \u0438 \u043f\u0440\u0435\u043a\u0440\u0430\u0441\u043d\u0443\u044e \u0434\u0440\u0430\u043f\u0438\u0440\u0443\u0435\u043c\u043e\u0441\u0442\u044c, \u0430 \u043d\u0435\u0431\u043e\u043b\u044c\u0448\u043e\u0435 \u043a\u043e\u043b\u0438\u0447\u0435\u0441\u0442\u0432\u043e \u044d\u043b\u0430\u0441\u0442\u0430\u043d\u0430 \u043e\u0431\u0435\u0441\u043f\u0435\u0447\u0438\u0432\u0430\u0435\u0442 <strong data-start=\"306\" data-end=\"347\">\u0441\u043e\u0445\u0440\u0430\u043d\u0435\u043d\u0438\u0435 \u0444\u043e\u0440\u043c\u044b \u0438 \u0443\u0434\u043e\u0431\u043d\u0443\u044e \u043f\u043e\u0441\u0430\u0434\u043a\u0443<\/strong>.<\/p>\n<p data-start=\"352\" data-end=\"467\">\u041f\u043e\u0434\u0445\u043e\u0434\u0438\u0442 \u0434\u043b\u044f \u0441\u0432\u0438\u0442\u0435\u0440\u043e\u0432, \u043a\u0430\u0440\u0434\u0438\u0433\u0430\u043d\u043e\u0432 \u0438 \u043b\u0435\u0433\u043a\u0438\u0445 \u0430\u043a\u0441\u0435\u0441\u0441\u0443\u0430\u0440\u043e\u0432, \u043a\u043e\u0433\u0434\u0430 \u0432\u0430\u043c \u043d\u0443\u0436\u043d\u043e \u0442\u0435\u043f\u043b\u043e, \u043c\u044f\u0433\u043a\u043e\u0441\u0442\u044c \u0438 \u044d\u043b\u0435\u0433\u0430\u043d\u0442\u043d\u043e\u0441\u0442\u044c \u0432 \u043e\u0434\u043d\u043e\u043c.<\/p>\n<ul data-start=\"469\" data-end=\"747\">\n<li data-start=\"469\" data-end=\"553\">\n<p data-start=\"471\" data-end=\"553\"><strong data-start=\"471\" data-end=\"483\">\u0421\u043e\u0441\u0442\u0430\u0432:<\/strong> 75% \u043c\u0435\u0440\u0438\u043d\u043e\u0441\u043e\u0432\u0430\u044f \u0448\u0435\u0440\u0441\u0442\u044c \u044d\u043a\u0441\u0442\u0440\u0430\u0444\u0430\u0439\u043d, 18% \u0448\u0435\u043b\u043a, 5% \u043f\u043e\u043b\u0438\u0430\u043c\u0438\u0434, 2% \u044d\u043b\u0430\u0441\u0442\u0430\u043d<\/p>\n<\/li>\n<li data-start=\"554\" data-end=\"593\">\n<p data-start=\"556\" data-end=\"593\"><strong data-start=\"556\" data-end=\"578\">\u0412\u0435\u0441\/\u0434\u043b\u0438\u043d\u0430:<\/strong> 50 \u0433 \u2014 155 \u043c<\/p>\n<\/li>\n<li data-start=\"594\" data-end=\"622\">\n<p data-start=\"596\" data-end=\"622\"><strong data-start=\"596\" data-end=\"609\">\u0421\u043f\u0438\u0446\u044b<\/strong> 5,0-5,5 \u043c\u043c<\/p>\n<\/li>\n<li data-start=\"623\" data-end=\"672\">\n<p data-start=\"625\" data-end=\"672\"><strong data-start=\"625\" data-end=\"638\">\u041f\u043b\u043e\u0442\u043d\u043e\u0441\u0442\u044c:<\/strong> 10 \u00d7 10 \u0441\u043c \u2248 20 \u043f\u0435\u0442\u0435\u043b\u044c \u00d7 28 \u0440\u044f\u0434\u043e\u0432<\/p>\n<\/li>\n<li data-start=\"673\" data-end=\"747\">\n<p data-start=\"675\" data-end=\"747\"><strong data-start=\"675\" data-end=\"702\">\u0420\u0435\u043a\u043e\u043c\u0435\u043d\u0434\u0443\u0435\u043c\u043e\u0435 \u043a\u043e\u043b\u0438\u0447\u0435\u0441\u0442\u0432\u043e:<\/strong> \u043d\u0430 \u0434\u0436\u0435\u043c\u043f\u0435\u0440  \u0440\u0430\u0437\u043c\u0435\u0440\u0430 M \u2013 \u043e\u043a\u043e\u043b\u043e 8\u20139 \u043c\u043e\u0442\u043a\u043e\u0432<\/p>\n<\/li>\n<\/ul>\n<p data-start=\"749\" data-end=\"843\"><strong data-start=\"749\" data-end=\"763\">\u0421\u043e\u0432\u0435\u0442\u044b \u043f\u043e \u0443\u0445\u043e\u0434\u0443:<\/strong><br data-start=\"763\" data-end=\"766\" \/>\u0420\u0443\u0447\u043d\u0430\u044f \u0441\u0442\u0438\u0440\u043a\u0430 \u043f\u0440\u0438 30\u00b0C. \u0421\u0443\u0448\u0438\u0442\u044c \u043d\u0430 \u0433\u043e\u0440\u0438\u0437\u043e\u043d\u0442\u0430\u043b\u044c\u043d\u043e\u0439 \u043f\u043e\u0432\u0435\u0440\u0445\u043d\u043e\u0441\u0442\u0438.<\/p>","protected":false},"excerpt":{"rendered":"<p>Fusion \u2013 tai ypatingai \u0161veln\u016bs, elastingi si\u016blai, kuriuose dera merino vilna extrafine, \u0161ilkas ir elastanas. \u0160is derinys suteikia mezginiams mink\u0161tumo, subtilaus blizgesio ir puik\u0173 kritim\u0105, o nedidelis elastano kiekis u\u017etikrina formos i\u0161laikym\u0105 ir patog\u0173 prigludim\u0105. Tinka megztiniams, kardiganams ir lengviems aksesuarams, kai norisi \u0161ilumos, \u0161velnumo ir elegancijos viename. Sud\u0117tis: 75% merino vilna extrafine, 18% \u0161ilkas, [&hellip;]<\/p>\n","protected":false},"featured_media":3243,"comment_status":"open","ping_status":"closed","template":"","meta":{"_acf_changed":false},"product_brand":[58],"product_cat":[15,182,18],"product_tag":[33],"pro-kategorijos":[71,77],"class_list":{"0":"post-3239","1":"product","2":"type-product","3":"status-publish","4":"has-post-thumbnail","6":"product_brand-casagrande","7":"product_cat-visi-produktai","8":"product_cat-ispardavimas","9":"product_cat-siulai","10":"product_tag-ispardavimas","11":"pro-kategorijos-merino-vilna","12":"pro-kategorijos-silkas","14":"first","15":"instock","16":"sale","17":"shipping-taxable","18":"purchasable","19":"product-type-variable"},"acf":[],"yoast_head":"<!-- This site is optimized with the Yoast SEO plugin v26.8 - https:\/\/yoast.com\/product\/yoast-seo-wordpress\/ -->\n<title>Casagrande Fusion - Happyinaknit.com<\/title>\n<meta name=\"robots\" content=\"index, follow, max-snippet:-1, max-image-preview:large, max-video-preview:-1\" \/>\n<link rel=\"canonical\" href=\"https:\/\/happyinaknit.com\/ru\/product\/casagrande-fusion\/\" \/>\n<meta property=\"og:locale\" content=\"ru_RU\" \/>\n<meta property=\"og:type\" content=\"article\" \/>\n<meta property=\"og:title\" content=\"Casagrande Fusion - Happyinaknit.com\" \/>\n<meta property=\"og:description\" content=\"Fusion \u2013 tai ypatingai \u0161veln\u016bs, elastingi si\u016blai, kuriuose dera merino vilna extrafine, \u0161ilkas ir elastanas. \u0160is derinys suteikia mezginiams mink\u0161tumo, subtilaus blizgesio ir puik\u0173 kritim\u0105, o nedidelis elastano kiekis u\u017etikrina formos i\u0161laikym\u0105 ir patog\u0173 prigludim\u0105. Tinka megztiniams, kardiganams ir lengviems aksesuarams, kai norisi \u0161ilumos, \u0161velnumo ir elegancijos viename. Sud\u0117tis: 75% merino vilna extrafine, 18% \u0161ilkas, [&hellip;]\" \/>\n<meta property=\"og:url\" content=\"https:\/\/happyinaknit.com\/ru\/product\/casagrande-fusion\/\" \/>\n<meta property=\"og:site_name\" content=\"Happyinaknit.com\" \/>\n<meta property=\"article:modified_time\" content=\"2026-04-12T08:43:59+00:00\" \/>\n<meta property=\"og:image\" content=\"https:\/\/happyinaknit.com\/wp-content\/uploads\/2025\/10\/42442_big.jpeg\" \/>\n\t<meta property=\"og:image:width\" content=\"750\" \/>\n\t<meta property=\"og:image:height\" content=\"750\" \/>\n\t<meta property=\"og:image:type\" content=\"image\/jpeg\" \/>\n<meta name=\"twitter:card\" content=\"summary_large_image\" \/>\n<script type=\"application\/ld+json\" class=\"yoast-schema-graph\">{\"@context\":\"https:\/\/schema.org\",\"@graph\":[{\"@type\":\"WebPage\",\"@id\":\"https:\/\/happyinaknit.com\/produktas\/casagrande-fusion\/\",\"url\":\"https:\/\/happyinaknit.com\/produktas\/casagrande-fusion\/\",\"name\":\"Casagrande Fusion - Happyinaknit.com\",\"isPartOf\":{\"@id\":\"https:\/\/happyinaknit.com\/lt\/#website\"},\"primaryImageOfPage\":{\"@id\":\"https:\/\/happyinaknit.com\/produktas\/casagrande-fusion\/#primaryimage\"},\"image\":{\"@id\":\"https:\/\/happyinaknit.com\/produktas\/casagrande-fusion\/#primaryimage\"},\"thumbnailUrl\":\"https:\/\/happyinaknit.com\/wp-content\/uploads\/2025\/10\/42442_big.jpeg\",\"datePublished\":\"2025-10-07T06:43:38+00:00\",\"dateModified\":\"2026-04-12T08:43:59+00:00\",\"breadcrumb\":{\"@id\":\"https:\/\/happyinaknit.com\/produktas\/casagrande-fusion\/#breadcrumb\"},\"inLanguage\":\"ru-RU\",\"potentialAction\":[{\"@type\":\"ReadAction\",\"target\":[\"https:\/\/happyinaknit.com\/produktas\/casagrande-fusion\/\"]}]},{\"@type\":\"ImageObject\",\"inLanguage\":\"ru-RU\",\"@id\":\"https:\/\/happyinaknit.com\/produktas\/casagrande-fusion\/#primaryimage\",\"url\":\"https:\/\/happyinaknit.com\/wp-content\/uploads\/2025\/10\/42442_big.jpeg\",\"contentUrl\":\"https:\/\/happyinaknit.com\/wp-content\/uploads\/2025\/10\/42442_big.jpeg\",\"width\":750,\"height\":750},{\"@type\":\"BreadcrumbList\",\"@id\":\"https:\/\/happyinaknit.com\/produktas\/casagrande-fusion\/#breadcrumb\",\"itemListElement\":[{\"@type\":\"ListItem\",\"position\":1,\"name\":\"Home\",\"item\":\"https:\/\/happyinaknit.com\/lt\/\"},{\"@type\":\"ListItem\",\"position\":2,\"name\":\"Parduotuv\u0117\",\"item\":\"https:\/\/happyinaknit.com\/lt\/parduotuve\/\"},{\"@type\":\"ListItem\",\"position\":3,\"name\":\"Casagrande Fusion\"}]},{\"@type\":\"WebSite\",\"@id\":\"https:\/\/happyinaknit.com\/lt\/#website\",\"url\":\"https:\/\/happyinaknit.com\/lt\/\",\"name\":\"Happyinaknit.com\",\"description\":\"\",\"potentialAction\":[{\"@type\":\"SearchAction\",\"target\":{\"@type\":\"EntryPoint\",\"urlTemplate\":\"https:\/\/happyinaknit.com\/lt\/?s={search_term_string}\"},\"query-input\":{\"@type\":\"PropertyValueSpecification\",\"valueRequired\":true,\"valueName\":\"search_term_string\"}}],\"inLanguage\":\"ru-RU\"}]}<\/script>\n<!-- \/ Yoast SEO plugin. -->","yoast_head_json":{"title":"Casagrande Fusion - Happyinaknit.com","robots":{"index":"index","follow":"follow","max-snippet":"max-snippet:-1","max-image-preview":"max-image-preview:large","max-video-preview":"max-video-preview:-1"},"canonical":"https:\/\/happyinaknit.com\/ru\/product\/casagrande-fusion\/","og_locale":"ru_RU","og_type":"article","og_title":"Casagrande Fusion - Happyinaknit.com","og_description":"Fusion \u2013 tai ypatingai \u0161veln\u016bs, elastingi si\u016blai, kuriuose dera merino vilna extrafine, \u0161ilkas ir elastanas. \u0160is derinys suteikia mezginiams mink\u0161tumo, subtilaus blizgesio ir puik\u0173 kritim\u0105, o nedidelis elastano kiekis u\u017etikrina formos i\u0161laikym\u0105 ir patog\u0173 prigludim\u0105. Tinka megztiniams, kardiganams ir lengviems aksesuarams, kai norisi \u0161ilumos, \u0161velnumo ir elegancijos viename. Sud\u0117tis: 75% merino vilna extrafine, 18% \u0161ilkas, [&hellip;]","og_url":"https:\/\/happyinaknit.com\/ru\/product\/casagrande-fusion\/","og_site_name":"Happyinaknit.com","article_modified_time":"2026-04-12T08:43:59+00:00","og_image":[{"width":750,"height":750,"url":"https:\/\/happyinaknit.com\/wp-content\/uploads\/2025\/10\/42442_big.jpeg","type":"image\/jpeg"}],"twitter_card":"summary_large_image","schema":{"@context":"https:\/\/schema.org","@graph":[{"@type":"WebPage","@id":"https:\/\/happyinaknit.com\/produktas\/casagrande-fusion\/","url":"https:\/\/happyinaknit.com\/produktas\/casagrande-fusion\/","name":"Casagrande Fusion - Happyinaknit.com","isPartOf":{"@id":"https:\/\/happyinaknit.com\/lt\/#website"},"primaryImageOfPage":{"@id":"https:\/\/happyinaknit.com\/produktas\/casagrande-fusion\/#primaryimage"},"image":{"@id":"https:\/\/happyinaknit.com\/produktas\/casagrande-fusion\/#primaryimage"},"thumbnailUrl":"https:\/\/happyinaknit.com\/wp-content\/uploads\/2025\/10\/42442_big.jpeg","datePublished":"2025-10-07T06:43:38+00:00","dateModified":"2026-04-12T08:43:59+00:00","breadcrumb":{"@id":"https:\/\/happyinaknit.com\/produktas\/casagrande-fusion\/#breadcrumb"},"inLanguage":"ru-RU","potentialAction":[{"@type":"ReadAction","target":["https:\/\/happyinaknit.com\/produktas\/casagrande-fusion\/"]}]},{"@type":"ImageObject","inLanguage":"ru-RU","@id":"https:\/\/happyinaknit.com\/produktas\/casagrande-fusion\/#primaryimage","url":"https:\/\/happyinaknit.com\/wp-content\/uploads\/2025\/10\/42442_big.jpeg","contentUrl":"https:\/\/happyinaknit.com\/wp-content\/uploads\/2025\/10\/42442_big.jpeg","width":750,"height":750},{"@type":"BreadcrumbList","@id":"https:\/\/happyinaknit.com\/produktas\/casagrande-fusion\/#breadcrumb","itemListElement":[{"@type":"ListItem","position":1,"name":"Home","item":"https:\/\/happyinaknit.com\/lt\/"},{"@type":"ListItem","position":2,"name":"Parduotuv\u0117","item":"https:\/\/happyinaknit.com\/lt\/parduotuve\/"},{"@type":"ListItem","position":3,"name":"Casagrande Fusion"}]},{"@type":"WebSite","@id":"https:\/\/happyinaknit.com\/lt\/#website","url":"https:\/\/happyinaknit.com\/lt\/","name":"Happyinaknit.com","description":"","potentialAction":[{"@type":"SearchAction","target":{"@type":"EntryPoint","urlTemplate":"https:\/\/happyinaknit.com\/lt\/?s={search_term_string}"},"query-input":{"@type":"PropertyValueSpecification","valueRequired":true,"valueName":"search_term_string"}}],"inLanguage":"ru-RU"}]}},"_links":{"self":[{"href":"https:\/\/happyinaknit.com\/ru\/wp-json\/wp\/v2\/product\/3239","targetHints":{"allow":["GET"]}}],"collection":[{"href":"https:\/\/happyinaknit.com\/ru\/wp-json\/wp\/v2\/product"}],"about":[{"href":"https:\/\/happyinaknit.com\/ru\/wp-json\/wp\/v2\/types\/product"}],"replies":[{"embeddable":true,"href":"https:\/\/happyinaknit.com\/ru\/wp-json\/wp\/v2\/comments?post=3239"}],"wp:featuredmedia":[{"embeddable":true,"href":"https:\/\/happyinaknit.com\/ru\/wp-json\/wp\/v2\/media\/3243"}],"wp:attachment":[{"href":"https:\/\/happyinaknit.com\/ru\/wp-json\/wp\/v2\/media?parent=3239"}],"wp:term":[{"taxonomy":"product_brand","embeddable":true,"href":"https:\/\/happyinaknit.com\/ru\/wp-json\/wp\/v2\/product_brand?post=3239"},{"taxonomy":"product_cat","embeddable":true,"href":"https:\/\/happyinaknit.com\/ru\/wp-json\/wp\/v2\/product_cat?post=3239"},{"taxonomy":"product_tag","embeddable":true,"href":"https:\/\/happyinaknit.com\/ru\/wp-json\/wp\/v2\/product_tag?post=3239"},{"taxonomy":"pro-kategorijos","embeddable":true,"href":"https:\/\/happyinaknit.com\/ru\/wp-json\/wp\/v2\/pro-kategorijos?post=3239"}],"curies":[{"name":"wp","href":"https:\/\/api.w.org\/{rel}","templated":true}]}}