{"id":3230,"date":"2025-10-06T23:12:18","date_gmt":"2025-10-06T23:12:18","guid":{"rendered":"https:\/\/happyinaknit.com\/?post_type=product&#038;p=3230"},"modified":"2025-12-18T14:56:46","modified_gmt":"2025-12-18T14:56:46","slug":"eucalan-drekinamasis-ranku-balzamas","status":"publish","type":"product","link":"https:\/\/happyinaknit.com\/ru\/product\/eucalan-drekinamasis-ranku-balzamas\/","title":{"rendered":"Eucalan \u2013 \u0443\u0432\u043b\u0430\u0436\u043d\u044f\u044e\u0449\u0438\u0439 \u0431\u0430\u043b\u044c\u0437\u0430\u043c \u0434\u043b\u044f \u0440\u0443\u043a"},"content":{"rendered":"<p data-start=\"161\" data-end=\"485\"><strong data-start=\"205\" data-end=\"216\">Eucalan<\/strong> \u0411\u0430\u043b\u044c\u0437\u0430\u043c \u0434\u043b\u044f \u0440\u0443\u043a \u2014 \u043d\u0430\u0441\u0442\u043e\u044f\u0449\u0435\u0435 \u0443\u0434\u043e\u0432\u043e\u043b\u044c\u0441\u0442\u0432\u0438\u0435 \u0434\u043b\u044f \u0441\u0443\u0445\u043e\u0439 \u0438 \u043f\u043e\u0442\u0440\u0435\u0441\u043a\u0430\u0432\u0448\u0435\u0439\u0441\u044f \u043a\u043e\u0436\u0438. \u041d\u0430\u0442\u0443\u0440\u0430\u043b\u044c\u043d\u0430\u044f \u0444\u043e\u0440\u043c\u0443\u043b\u0430 <strong data-start=\"296\" data-end=\"352\">\u0431\u044b\u0441\u0442\u0440\u043e \u0441\u043c\u044f\u0433\u0447\u0430\u0435\u0442, \u0443\u0441\u043f\u043e\u043a\u0430\u0438\u0432\u0430\u0435\u0442 \u0438 \u0438\u043d\u0442\u0435\u043d\u0441\u0438\u0432\u043d\u043e \u0443\u0432\u043b\u0430\u0436\u043d\u044f\u0435\u0442 \u043a\u043e\u0436\u0443<\/strong>, \u043e\u0431\u0435\u0441\u043f\u0435\u0447\u0438\u0432\u0430\u044f \u0434\u043b\u0438\u0442\u0435\u043b\u044c\u043d\u044b\u0439 \u044d\u0444\u0444\u0435\u043a\u0442. \u041e\u0441\u043e\u0431\u0435\u043d\u043d\u043e \u043f\u043e\u0434\u0445\u043e\u0434\u0438\u0442 \u0434\u043b\u044f \u0438\u0441\u043f\u043e\u043b\u044c\u0437\u043e\u0432\u0430\u043d\u0438\u044f \u0432 \u0445\u043e\u043b\u043e\u0434\u043d\u043e\u0435 \u0432\u0440\u0435\u043c\u044f \u0433\u043e\u0434\u0430, \u043a\u043e\u0433\u0434\u0430 \u043f\u0435\u0440\u0435\u043f\u0430\u0434\u044b \u0442\u0435\u043c\u043f\u0435\u0440\u0430\u0442\u0443\u0440 \u0434\u0435\u043b\u0430\u044e\u0442 \u043a\u043e\u0436\u0443 \u0441\u0443\u0445\u043e\u0439 \u0438 \u0448\u0435\u0440\u0448\u0430\u0432\u043e\u0439.<\/p>\n<p data-start=\"487\" data-end=\"734\">\u042d\u0442\u043e\u0442 \u0431\u0430\u043b\u044c\u0437\u0430\u043c \u0438\u0434\u0435\u0430\u043b\u044c\u043d\u043e \u043f\u043e\u0434\u0445\u043e\u0434\u0438\u0442 \u0434\u043b\u044f \u043b\u044e\u0431\u0438\u0442\u0435\u043b\u0435\u0439 \u0440\u0443\u043a\u043e\u0434\u0435\u043b\u0438\u044f \u2013 \u043e\u043d <strong data-start=\"541\" data-end=\"570\">\u043d\u0435 \u043e\u0441\u0442\u0430\u0432\u043b\u044f\u0435\u0442 \u043e\u0449\u0443\u0449\u0435\u043d\u0438\u044f \u0436\u0438\u0440\u043d\u043e\u0441\u0442\u0438<\/strong>, \u0447\u0442\u043e\u0431\u044b \u0432\u044b \u043c\u043e\u0433\u043b\u0438 \u043a\u043e\u043c\u0444\u043e\u0440\u0442\u043d\u043e \u0432\u044f\u0437\u0430\u0442\u044c, \u0448\u0438\u0442\u044c \u0438\u043b\u0438 \u0440\u0430\u0431\u043e\u0442\u0430\u0442\u044c \u0441 \u043d\u0438\u0442\u043a\u0430\u043c\u0438 \u0438 \u0442\u043a\u0430\u043d\u044f\u043c\u0438. \u0411\u0430\u043b\u044c\u0437\u0430\u043c \u0442\u0430\u043a\u0436\u0435 \u043c\u043e\u0436\u043d\u043e \u0438\u0441\u043f\u043e\u043b\u044c\u0437\u043e\u0432\u0430\u0442\u044c <strong data-start=\"675\" data-end=\"731\">\u0434\u043b\u044f \u0441\u0443\u0445\u0438\u0445 \u043b\u043e\u043a\u0442\u0435\u0439, \u0441\u0442\u0443\u043f\u043d\u0435\u0439 \u0438 \u0434\u0440\u0443\u0433\u0438\u0445 \u0447\u0443\u0432\u0441\u0442\u0432\u0438\u0442\u0435\u043b\u044c\u043d\u044b\u0445 \u0443\u0447\u0430\u0441\u0442\u043a\u043e\u0432<\/strong>.<\/p>\n<p data-start=\"736\" data-end=\"888\">\u0411\u0430\u043b\u044c\u0437\u0430\u043c - \u044d\u0442\u043e <strong data-start=\"749\" data-end=\"762\">\u0432\u0435\u0433\u0430\u043d\u0441\u043a\u0438\u0439<\/strong>, \u0438\u0437\u0433\u043e\u0442\u043e\u0432\u043b\u0435\u043d \u0438\u0437 <strong data-start=\"778\" data-end=\"817\">\u043d\u0430\u0442\u0443\u0440\u0430\u043b\u044c\u043d\u044b\u0445 \u0440\u0430\u0441\u0442\u0438\u0442\u0435\u043b\u044c\u043d\u044b\u0445 \u043c\u0430\u0441\u0435\u043b \u0438 \u0432\u043e\u0441\u043a\u0430<\/strong>, \u0443\u043f\u0430\u043a\u043e\u0432\u0430\u043d\u043d\u044b\u0439 \u0432 \u0443\u0434\u043e\u0431\u043d\u0443\u044e \u0447\u0435\u0440\u043d\u0443\u044e \u043a\u043e\u0440\u043e\u0431\u043a\u0443, \u043a\u043e\u0442\u043e\u0440\u0443\u044e \u043b\u0435\u0433\u043a\u043e \u0432\u0437\u044f\u0442\u044c \u0441 \u0441\u043e\u0431\u043e\u0439.<\/p>\n<p data-start=\"890\" data-end=\"1069\">\u0412\u044b \u043c\u043e\u0436\u0435\u0442\u0435 \u0432\u044b\u0431\u0440\u0430\u0442\u044c \u0438\u0437 <strong data-start=\"908\" data-end=\"924\">\u0434\u0432\u0443\u0445 \u0430\u0440\u043e\u043c\u0430\u0442\u043e\u0432<\/strong> \u0438 <strong data-start=\"928\" data-end=\"940\">\u0431\u0435\u0437 \u0437\u0430\u043f\u0430\u0445\u0430.<\/strong> \u0410\u0440\u043e\u043c\u0430\u0442\u044b \u0442\u043e\u043d\u043a\u0438\u0435, \u0438\u0437\u0432\u043b\u0435\u0447\u0435\u043d\u043d\u044b\u0435 \u0438\u0437 \u044d\u0444\u0438\u0440\u043d\u044b\u0445 \u043c\u0430\u0441\u0435\u043b, \u0442\u0435 \u0436\u0435, \u0447\u0442\u043e \u0438\u0441\u043f\u043e\u043b\u044c\u0437\u0443\u044e\u0442\u0441\u044f \u0432 <strong data-start=\"1026\" data-end=\"1037\">Eucalan<\/strong> \u0432 \u0441\u0440\u0435\u0434\u0441\u0442\u0432\u0430\u0445 \u043f\u043e \u0443\u0445\u043e\u0434\u0443 \u0437\u0430 \u0448\u0435\u0440\u0441\u0442\u044c\u044e.<\/p>\n<ul data-start=\"1071\" data-end=\"1299\">\n<li data-start=\"1071\" data-end=\"1299\">\n<p data-start=\"1073\" data-end=\"1087\"><strong data-start=\"1073\" data-end=\"1085\">\u0424\u0443\u043d\u043a\u0446\u0438\u0438:<\/strong><\/p>\n<ul data-start=\"1090\" data-end=\"1299\">\n<li data-start=\"1090\" data-end=\"1137\">\n<p data-start=\"1092\" data-end=\"1137\">\u041f\u0438\u0442\u0430\u0435\u0442 \u0438 \u0443\u0432\u043b\u0430\u0436\u043d\u044f\u0435\u0442 \u0441\u0443\u0445\u0443\u044e, \u043f\u043e\u0442\u0440\u0435\u0441\u043a\u0430\u0432\u0448\u0443\u044e\u0441\u044f \u043a\u043e\u0436\u0443<\/p>\n<\/li>\n<li data-start=\"1140\" data-end=\"1174\">\n<p data-start=\"1142\" data-end=\"1174\">\u0414\u043b\u0438\u0442\u0435\u043b\u044c\u043d\u044b\u0439, \u043d\u0435\u0436\u0438\u0440\u043d\u044b\u0439 \u044d\u0444\u0444\u0435\u043a\u0442<\/p>\n<\/li>\n<li data-start=\"1177\" data-end=\"1211\">\n<p data-start=\"1179\" data-end=\"1211\">\u0412\u0435\u0433\u0430\u043d\u0441\u043a\u0438\u0439, \u043d\u0430\u0442\u0443\u0440\u0430\u043b\u044c\u043d\u044b\u0439 \u0441\u043e\u0441\u0442\u0430\u0432<\/p>\n<\/li>\n<li data-start=\"1214\" data-end=\"1253\">\n<p data-start=\"1216\" data-end=\"1253\">\u0423\u0434\u043e\u0431\u043d\u0430\u044f \u043c\u0435\u0442\u0430\u043b\u043b\u0438\u0447\u0435\u0441\u043a\u0430\u044f \u0443\u043f\u0430\u043a\u043e\u0432\u043a\u0430 \u0434\u043b\u044f \u043f\u0443\u0442\u0435\u0448\u0435\u0441\u0442\u0432\u0438\u0439<\/p>\n<\/li>\n<li data-start=\"1256\" data-end=\"1299\">\n<p data-start=\"1258\" data-end=\"1299\">\u041c\u043e\u0436\u043d\u043e \u0438\u0441\u043f\u043e\u043b\u044c\u0437\u043e\u0432\u0430\u0442\u044c \u043d\u0430 \u0440\u0443\u043a\u0430\u0445, \u043d\u043e\u0433\u0430\u0445 \u0438 \u0442\u0435\u043b\u0435.<\/p>\n<\/li>\n<\/ul>\n<\/li>\n<\/ul>\n<p data-start=\"1301\" data-end=\"1467\"><strong data-start=\"1301\" data-end=\"1313\">\u0421\u043e\u0441\u0442\u0430\u0432:<\/strong> \u043a\u043e\u043a\u043e\u0441\u043e\u0432\u043e\u0435 \u043c\u0430\u0441\u043b\u043e, \u0441\u043e\u0435\u0432\u043e\u0435 \u043c\u0430\u0441\u043b\u043e, \u043c\u0430\u0441\u043b\u043e \u0436\u043e\u0436\u043e\u0431\u0430, \u043a\u0430\u0440\u043d\u0430\u0443\u0431\u0441\u043a\u0438\u0439 \u0438 \u043a\u0430\u043d\u0434\u0435\u043b\u0438\u043b\u044c\u0441\u043a\u0438\u0439 \u0432\u043e\u0441\u043a\u0438, \u043a\u0430\u0441\u0442\u043e\u0440\u043e\u0432\u043e\u0435 \u043c\u0430\u0441\u043b\u043e, \u0430\u0446\u0435\u0442\u0430\u0442 \u0432\u0438\u0442\u0430\u043c\u0438\u043d\u0430 \u0415, \u043d\u0430\u0442\u0443\u0440\u0430\u043b\u044c\u043d\u044b\u0435 \u0430\u0440\u043e\u043c\u0430\u0442\u0438\u0437\u0430\u0442\u043e\u0440\u044b.<\/p>\n<p data-start=\"1469\" data-end=\"1487\"><strong data-start=\"1469\" data-end=\"1480\">\u0412\u0435\u0441:<\/strong> 28 \u0433\u0440\u0430\u043c\u043c\u043e\u0432<\/p>\n<p data-start=\"1489\" data-end=\"1548\">\u267b\ufe0f <em data-start=\"1492\" data-end=\"1546\">\u0421\u0434\u0435\u043b\u0430\u043d\u043e \u0432 \u041a\u0430\u043d\u0430\u0434\u0435. \u0411\u0438\u043e\u0440\u0430\u0437\u043b\u0430\u0433\u0430\u0435\u043c\u044b\u0439 \u043f\u0440\u043e\u0434\u0443\u043a\u0442.<\/em><\/p>","protected":false},"excerpt":{"rendered":"<p>Eucalan rank\u0173 balzamas \u2013 tikra atgaiva sausai ir suskeld\u0117jusiai odai. Nat\u016brali formul\u0117 greitai mink\u0161tina, ramina ir intensyviai dr\u0117kina od\u0105, suteikdama ilgalaik\u012f poveik\u012f. Ypa\u010d tinka naudoti \u0161altuoju met\u0173 laiku, kai d\u0117l temperat\u016bros svyravim\u0173 oda tampa sausa ir \u0161iurk\u0161ti. \u0160is balzamas idealiai tinka rankdarbi\u0173 m\u0117g\u0117jams \u2013 jis nepalieka riebumo poj\u016b\u010dio, tod\u0117l galima patogiai megzti, si\u016bti ar dirbti [&hellip;]<\/p>\n","protected":false},"featured_media":3236,"comment_status":"open","ping_status":"closed","template":"","meta":{"_acf_changed":false},"product_brand":[634],"product_cat":[15,20,91],"product_tag":[],"pro-kategorijos":[],"class_list":{"0":"post-3230","1":"product","2":"type-product","3":"status-publish","4":"has-post-thumbnail","6":"product_brand-eucalan","7":"product_cat-visi-produktai","8":"product_cat-priedai-mezgimui","9":"product_cat-skalbimo-priemones","11":"first","12":"instock","13":"shipping-taxable","14":"purchasable","15":"product-type-variable"},"acf":[],"yoast_head":"<!-- This site is optimized with the Yoast SEO plugin v26.8 - https:\/\/yoast.com\/product\/yoast-seo-wordpress\/ -->\n<title>Eucalan \u2013 dr\u0117kinamasis rank\u0173 balzamas - Happyinaknit.com<\/title>\n<meta name=\"robots\" content=\"index, follow, max-snippet:-1, max-image-preview:large, max-video-preview:-1\" \/>\n<link rel=\"canonical\" href=\"https:\/\/happyinaknit.com\/ru\/product\/eucalan-drekinamasis-ranku-balzamas\/\" \/>\n<meta property=\"og:locale\" content=\"ru_RU\" \/>\n<meta property=\"og:type\" content=\"article\" \/>\n<meta property=\"og:title\" content=\"Eucalan \u2013 dr\u0117kinamasis rank\u0173 balzamas - Happyinaknit.com\" \/>\n<meta property=\"og:description\" content=\"Eucalan rank\u0173 balzamas \u2013 tikra atgaiva sausai ir suskeld\u0117jusiai odai. Nat\u016brali formul\u0117 greitai mink\u0161tina, ramina ir intensyviai dr\u0117kina od\u0105, suteikdama ilgalaik\u012f poveik\u012f. Ypa\u010d tinka naudoti \u0161altuoju met\u0173 laiku, kai d\u0117l temperat\u016bros svyravim\u0173 oda tampa sausa ir \u0161iurk\u0161ti. \u0160is balzamas idealiai tinka rankdarbi\u0173 m\u0117g\u0117jams \u2013 jis nepalieka riebumo poj\u016b\u010dio, tod\u0117l galima patogiai megzti, si\u016bti ar dirbti [&hellip;]\" \/>\n<meta property=\"og:url\" content=\"https:\/\/happyinaknit.com\/ru\/product\/eucalan-drekinamasis-ranku-balzamas\/\" \/>\n<meta property=\"og:site_name\" content=\"Happyinaknit.com\" \/>\n<meta property=\"article:modified_time\" content=\"2025-12-18T14:56:46+00:00\" \/>\n<meta property=\"og:image\" content=\"https:\/\/happyinaknit.com\/wp-content\/uploads\/2025\/10\/JBALM-1.webp\" \/>\n\t<meta property=\"og:image:width\" content=\"1000\" \/>\n\t<meta property=\"og:image:height\" content=\"1000\" \/>\n\t<meta property=\"og:image:type\" content=\"image\/webp\" \/>\n<meta name=\"twitter:card\" content=\"summary_large_image\" \/>\n<meta name=\"twitter:label1\" content=\"\u041f\u0440\u0438\u043c\u0435\u0440\u043d\u043e\u0435 \u0432\u0440\u0435\u043c\u044f \u0434\u043b\u044f \u0447\u0442\u0435\u043d\u0438\u044f\" \/>\n\t<meta name=\"twitter:data1\" content=\"1 \u043c\u0438\u043d\u0443\u0442\u0430\" \/>\n<script type=\"application\/ld+json\" class=\"yoast-schema-graph\">{\"@context\":\"https:\/\/schema.org\",\"@graph\":[{\"@type\":\"WebPage\",\"@id\":\"https:\/\/happyinaknit.com\/produktas\/eucalan-drekinamasis-ranku-balzamas\/\",\"url\":\"https:\/\/happyinaknit.com\/produktas\/eucalan-drekinamasis-ranku-balzamas\/\",\"name\":\"Eucalan \u2013 dr\u0117kinamasis rank\u0173 balzamas - Happyinaknit.com\",\"isPartOf\":{\"@id\":\"https:\/\/happyinaknit.com\/lt\/#website\"},\"primaryImageOfPage\":{\"@id\":\"https:\/\/happyinaknit.com\/produktas\/eucalan-drekinamasis-ranku-balzamas\/#primaryimage\"},\"image\":{\"@id\":\"https:\/\/happyinaknit.com\/produktas\/eucalan-drekinamasis-ranku-balzamas\/#primaryimage\"},\"thumbnailUrl\":\"https:\/\/happyinaknit.com\/wp-content\/uploads\/2025\/10\/JBALM-1.webp\",\"datePublished\":\"2025-10-06T23:12:18+00:00\",\"dateModified\":\"2025-12-18T14:56:46+00:00\",\"breadcrumb\":{\"@id\":\"https:\/\/happyinaknit.com\/produktas\/eucalan-drekinamasis-ranku-balzamas\/#breadcrumb\"},\"inLanguage\":\"ru-RU\",\"potentialAction\":[{\"@type\":\"ReadAction\",\"target\":[\"https:\/\/happyinaknit.com\/produktas\/eucalan-drekinamasis-ranku-balzamas\/\"]}]},{\"@type\":\"ImageObject\",\"inLanguage\":\"ru-RU\",\"@id\":\"https:\/\/happyinaknit.com\/produktas\/eucalan-drekinamasis-ranku-balzamas\/#primaryimage\",\"url\":\"https:\/\/happyinaknit.com\/wp-content\/uploads\/2025\/10\/JBALM-1.webp\",\"contentUrl\":\"https:\/\/happyinaknit.com\/wp-content\/uploads\/2025\/10\/JBALM-1.webp\",\"width\":1000,\"height\":1000},{\"@type\":\"BreadcrumbList\",\"@id\":\"https:\/\/happyinaknit.com\/produktas\/eucalan-drekinamasis-ranku-balzamas\/#breadcrumb\",\"itemListElement\":[{\"@type\":\"ListItem\",\"position\":1,\"name\":\"Home\",\"item\":\"https:\/\/happyinaknit.com\/lt\/\"},{\"@type\":\"ListItem\",\"position\":2,\"name\":\"Parduotuv\u0117\",\"item\":\"https:\/\/happyinaknit.com\/lt\/parduotuve\/\"},{\"@type\":\"ListItem\",\"position\":3,\"name\":\"Eucalan \u2013 dr\u0117kinamasis rank\u0173 balzamas\"}]},{\"@type\":\"WebSite\",\"@id\":\"https:\/\/happyinaknit.com\/lt\/#website\",\"url\":\"https:\/\/happyinaknit.com\/lt\/\",\"name\":\"Happyinaknit.com\",\"description\":\"\",\"potentialAction\":[{\"@type\":\"SearchAction\",\"target\":{\"@type\":\"EntryPoint\",\"urlTemplate\":\"https:\/\/happyinaknit.com\/lt\/?s={search_term_string}\"},\"query-input\":{\"@type\":\"PropertyValueSpecification\",\"valueRequired\":true,\"valueName\":\"search_term_string\"}}],\"inLanguage\":\"ru-RU\"}]}<\/script>\n<!-- \/ Yoast SEO plugin. -->","yoast_head_json":{"title":"Eucalan \u2013 dr\u0117kinamasis rank\u0173 balzamas - Happyinaknit.com","robots":{"index":"index","follow":"follow","max-snippet":"max-snippet:-1","max-image-preview":"max-image-preview:large","max-video-preview":"max-video-preview:-1"},"canonical":"https:\/\/happyinaknit.com\/ru\/product\/eucalan-drekinamasis-ranku-balzamas\/","og_locale":"ru_RU","og_type":"article","og_title":"Eucalan \u2013 dr\u0117kinamasis rank\u0173 balzamas - Happyinaknit.com","og_description":"Eucalan rank\u0173 balzamas \u2013 tikra atgaiva sausai ir suskeld\u0117jusiai odai. Nat\u016brali formul\u0117 greitai mink\u0161tina, ramina ir intensyviai dr\u0117kina od\u0105, suteikdama ilgalaik\u012f poveik\u012f. Ypa\u010d tinka naudoti \u0161altuoju met\u0173 laiku, kai d\u0117l temperat\u016bros svyravim\u0173 oda tampa sausa ir \u0161iurk\u0161ti. \u0160is balzamas idealiai tinka rankdarbi\u0173 m\u0117g\u0117jams \u2013 jis nepalieka riebumo poj\u016b\u010dio, tod\u0117l galima patogiai megzti, si\u016bti ar dirbti [&hellip;]","og_url":"https:\/\/happyinaknit.com\/ru\/product\/eucalan-drekinamasis-ranku-balzamas\/","og_site_name":"Happyinaknit.com","article_modified_time":"2025-12-18T14:56:46+00:00","og_image":[{"width":1000,"height":1000,"url":"https:\/\/happyinaknit.com\/wp-content\/uploads\/2025\/10\/JBALM-1.webp","type":"image\/webp"}],"twitter_card":"summary_large_image","twitter_misc":{"\u041f\u0440\u0438\u043c\u0435\u0440\u043d\u043e\u0435 \u0432\u0440\u0435\u043c\u044f \u0434\u043b\u044f \u0447\u0442\u0435\u043d\u0438\u044f":"1 \u043c\u0438\u043d\u0443\u0442\u0430"},"schema":{"@context":"https:\/\/schema.org","@graph":[{"@type":"WebPage","@id":"https:\/\/happyinaknit.com\/produktas\/eucalan-drekinamasis-ranku-balzamas\/","url":"https:\/\/happyinaknit.com\/produktas\/eucalan-drekinamasis-ranku-balzamas\/","name":"Eucalan \u2013 dr\u0117kinamasis rank\u0173 balzamas - Happyinaknit.com","isPartOf":{"@id":"https:\/\/happyinaknit.com\/lt\/#website"},"primaryImageOfPage":{"@id":"https:\/\/happyinaknit.com\/produktas\/eucalan-drekinamasis-ranku-balzamas\/#primaryimage"},"image":{"@id":"https:\/\/happyinaknit.com\/produktas\/eucalan-drekinamasis-ranku-balzamas\/#primaryimage"},"thumbnailUrl":"https:\/\/happyinaknit.com\/wp-content\/uploads\/2025\/10\/JBALM-1.webp","datePublished":"2025-10-06T23:12:18+00:00","dateModified":"2025-12-18T14:56:46+00:00","breadcrumb":{"@id":"https:\/\/happyinaknit.com\/produktas\/eucalan-drekinamasis-ranku-balzamas\/#breadcrumb"},"inLanguage":"ru-RU","potentialAction":[{"@type":"ReadAction","target":["https:\/\/happyinaknit.com\/produktas\/eucalan-drekinamasis-ranku-balzamas\/"]}]},{"@type":"ImageObject","inLanguage":"ru-RU","@id":"https:\/\/happyinaknit.com\/produktas\/eucalan-drekinamasis-ranku-balzamas\/#primaryimage","url":"https:\/\/happyinaknit.com\/wp-content\/uploads\/2025\/10\/JBALM-1.webp","contentUrl":"https:\/\/happyinaknit.com\/wp-content\/uploads\/2025\/10\/JBALM-1.webp","width":1000,"height":1000},{"@type":"BreadcrumbList","@id":"https:\/\/happyinaknit.com\/produktas\/eucalan-drekinamasis-ranku-balzamas\/#breadcrumb","itemListElement":[{"@type":"ListItem","position":1,"name":"Home","item":"https:\/\/happyinaknit.com\/lt\/"},{"@type":"ListItem","position":2,"name":"Parduotuv\u0117","item":"https:\/\/happyinaknit.com\/lt\/parduotuve\/"},{"@type":"ListItem","position":3,"name":"Eucalan \u2013 dr\u0117kinamasis rank\u0173 balzamas"}]},{"@type":"WebSite","@id":"https:\/\/happyinaknit.com\/lt\/#website","url":"https:\/\/happyinaknit.com\/lt\/","name":"Happyinaknit.com","description":"","potentialAction":[{"@type":"SearchAction","target":{"@type":"EntryPoint","urlTemplate":"https:\/\/happyinaknit.com\/lt\/?s={search_term_string}"},"query-input":{"@type":"PropertyValueSpecification","valueRequired":true,"valueName":"search_term_string"}}],"inLanguage":"ru-RU"}]}},"_links":{"self":[{"href":"https:\/\/happyinaknit.com\/ru\/wp-json\/wp\/v2\/product\/3230","targetHints":{"allow":["GET"]}}],"collection":[{"href":"https:\/\/happyinaknit.com\/ru\/wp-json\/wp\/v2\/product"}],"about":[{"href":"https:\/\/happyinaknit.com\/ru\/wp-json\/wp\/v2\/types\/product"}],"replies":[{"embeddable":true,"href":"https:\/\/happyinaknit.com\/ru\/wp-json\/wp\/v2\/comments?post=3230"}],"wp:featuredmedia":[{"embeddable":true,"href":"https:\/\/happyinaknit.com\/ru\/wp-json\/wp\/v2\/media\/3236"}],"wp:attachment":[{"href":"https:\/\/happyinaknit.com\/ru\/wp-json\/wp\/v2\/media?parent=3230"}],"wp:term":[{"taxonomy":"product_brand","embeddable":true,"href":"https:\/\/happyinaknit.com\/ru\/wp-json\/wp\/v2\/product_brand?post=3230"},{"taxonomy":"product_cat","embeddable":true,"href":"https:\/\/happyinaknit.com\/ru\/wp-json\/wp\/v2\/product_cat?post=3230"},{"taxonomy":"product_tag","embeddable":true,"href":"https:\/\/happyinaknit.com\/ru\/wp-json\/wp\/v2\/product_tag?post=3230"},{"taxonomy":"pro-kategorijos","embeddable":true,"href":"https:\/\/happyinaknit.com\/ru\/wp-json\/wp\/v2\/pro-kategorijos?post=3230"}],"curies":[{"name":"wp","href":"https:\/\/api.w.org\/{rel}","templated":true}]}}