{"id":3217,"date":"2025-10-06T22:57:51","date_gmt":"2025-10-06T22:57:51","guid":{"rendered":"https:\/\/happyinaknit.com\/?post_type=product&#038;p=3217"},"modified":"2026-04-17T16:17:03","modified_gmt":"2026-04-17T16:17:03","slug":"eucalan","status":"publish","type":"product","link":"https:\/\/happyinaknit.com\/ru\/product\/eucalan\/","title":{"rendered":"Eucalan \u0441\u0440\u0435\u0434\u0441\u0442\u0432\u043e \u0434\u043b\u044f \u0441\u0442\u0438\u0440\u043a\u0438"},"content":{"rendered":"<p data-start=\"159\" data-end=\"470\"><strong data-start=\"159\" data-end=\"228\">Eucalan \u2013 \u0431\u0435\u0440\u0435\u0436\u043d\u043e\u0435 \u043c\u043e\u044e\u0449\u0435\u0435 \u0441\u0440\u0435\u0434\u0441\u0442\u0432\u043e \u0434\u043b\u044f \u0448\u0435\u0440\u0441\u0442\u0438 \u0438 \u0434\u0435\u043b\u0438\u043a\u0430\u0442\u043d\u044b\u0445 \u0442\u043a\u0430\u043d\u0435\u0439<\/strong><br data-start=\"228\" data-end=\"231\" \/>\u0411\u043e\u043b\u044c\u0448\u0438\u043d\u0441\u0442\u0432\u043e \u0448\u0435\u0440\u0441\u0442\u044f\u043d\u044b\u0445 \u0438\u0437\u0434\u0435\u043b\u0438\u0439 \u043c\u043e\u0436\u043d\u043e \u0431\u0435\u0437\u043e\u043f\u0430\u0441\u043d\u043e \u0441\u0442\u0438\u0440\u0430\u0442\u044c \u0434\u043e\u043c\u0430 \u2014 \u0431\u0435\u0437 \u0438\u0441\u043f\u043e\u043b\u044c\u0437\u043e\u0432\u0430\u043d\u0438\u044f \u0430\u0433\u0440\u0435\u0441\u0441\u0438\u0432\u043d\u044b\u0445 \u0445\u0438\u043c\u0438\u043a\u0430\u0442\u043e\u0432. <strong data-start=\"313\" data-end=\"324\">Eucalan<\/strong> - \u044d\u0442\u043e\u0442 <strong data-start=\"331\" data-end=\"396\">\u043d\u0435\u0442\u043e\u043a\u0441\u0438\u0447\u043d\u043e\u0435, \u0431\u0438\u043e\u0440\u0430\u0437\u043b\u0430\u0433\u0430\u0435\u043c\u043e\u0435 \u0438 \u043d\u0435 \u0442\u0440\u0435\u0431\u0443\u044e\u0449\u0435\u0435 \u0441\u043c\u044b\u0432\u0430\u043d\u0438\u044f<\/strong> \u0441\u0440\u0435\u0434\u0441\u0442\u0432\u043e, \u0441\u043f\u0435\u0446\u0438\u0430\u043b\u044c\u043d\u043e \u0440\u0430\u0437\u0440\u0430\u0431\u043e\u0442\u0430\u043d\u043d\u043e\u0435 \u0434\u043b\u044f \u0443\u0445\u043e\u0434\u0430 \u0437\u0430 \u0448\u0435\u0440\u0441\u0442\u044c\u044e \u0438 \u0434\u0435\u043b\u0438\u043a\u0430\u0442\u043d\u044b\u043c\u0438 \u0442\u043a\u0430\u043d\u044f\u043c\u0438.<\/p>\n<p data-start=\"472\" data-end=\"748\">\u042d\u0442\u043e \u043c\u044f\u0433\u043a\u043e\u0435 \u043c\u043e\u044e\u0449\u0435\u0435 \u0441\u0440\u0435\u0434\u0441\u0442\u0432\u043e <strong data-start=\"495\" data-end=\"509\">\u0431\u0435\u0437 \u0444\u043e\u0441\u0444\u0430\u0442\u043e\u0432<\/strong>, \u043e\u0431\u043e\u0433\u0430\u0449\u0435\u043d\u043d\u044b\u0439 <strong data-start=\"524\" data-end=\"536\">\u043b\u0430\u043d\u043e\u043b\u0438\u043d\u043e\u043c<\/strong>, \u043a\u043e\u0442\u043e\u0440\u044b\u0439 <strong data-start=\"544\" data-end=\"587\">\u0441\u043c\u044f\u0433\u0447\u0430\u0435\u0442 \u0432\u043e\u043b\u043e\u043a\u043d\u0430, \u0443\u043c\u0435\u043d\u044c\u0448\u0430\u0435\u0442 \u0441\u0442\u0430\u0442\u0438\u0447\u0435\u0441\u043a\u0438\u0439 \u0437\u0430\u0440\u044f\u0434<\/strong> \u0438 \u043f\u043e\u043c\u043e\u0433\u0430\u0435\u0442 \u0441\u043e\u0445\u0440\u0430\u043d\u0438\u0442\u044c \u044d\u043b\u0430\u0441\u0442\u0438\u0447\u043d\u043e\u0441\u0442\u044c \u0438 \u0444\u043e\u0440\u043c\u0443 \u043f\u043e\u043b\u043e\u0442\u043d\u0430. \u041f\u043e\u0441\u043b\u0435 \u0441\u0442\u0438\u0440\u043a\u0438 \u043d\u0435 \u043d\u0443\u0436\u043d\u043e \u043f\u043e\u043b\u043e\u0441\u043a\u0430\u0442\u044c \u2014 \u043f\u0440\u043e\u0441\u0442\u043e \u043e\u0442\u043e\u0436\u043c\u0438\u0442\u0435 \u043b\u0438\u0448\u043d\u044e\u044e \u0432\u043e\u0434\u0443 \u0438 \u0440\u0430\u0437\u043b\u043e\u0436\u0438\u0442\u0435 \u0438\u0437\u0434\u0435\u043b\u0438\u0435 \u0441\u0443\u0448\u0438\u0442\u044c\u0441\u044f \u043d\u0430 \u0433\u043e\u0440\u0438\u0437\u043e\u043d\u0442\u0430\u043b\u044c\u043d\u043e\u0439 \u043f\u043e\u0432\u0435\u0440\u0445\u043d\u043e\u0441\u0442\u0438.<\/p>\n<ul data-start=\"750\" data-end=\"991\">\n<li data-start=\"750\" data-end=\"991\">\n<p data-start=\"752\" data-end=\"766\"><strong data-start=\"752\" data-end=\"764\">\u0424\u0443\u043d\u043a\u0446\u0438\u0438:<\/strong><\/p>\n<ul data-start=\"769\" data-end=\"991\">\n<li data-start=\"769\" data-end=\"818\">\n<p data-start=\"771\" data-end=\"818\">\u041c\u044f\u0433\u043a\u0438\u0439, \u043d\u0435\u0442\u043e\u043a\u0441\u0438\u0447\u043d\u044b\u0439 \u0438 \u0431\u0438\u043e\u0440\u0430\u0437\u043b\u0430\u0433\u0430\u0435\u043c\u044b\u0439<\/p>\n<\/li>\n<li data-start=\"821\" data-end=\"835\">\n<p data-start=\"823\" data-end=\"835\">\u0411\u0435\u0437 \u0444\u043e\u0441\u0444\u0430\u0442\u043e\u0432<\/p>\n<\/li>\n<li data-start=\"838\" data-end=\"888\">\n<p data-start=\"840\" data-end=\"888\">\u0421\u043e\u0434\u0435\u0440\u0436\u0438\u0442 \u043b\u0430\u043d\u043e\u043b\u0438\u043d, \u043d\u0430\u0442\u0443\u0440\u0430\u043b\u044c\u043d\u043e\u0435 \u0441\u043c\u044f\u0433\u0447\u0430\u044e\u0449\u0435\u0435 \u0441\u0440\u0435\u0434\u0441\u0442\u0432\u043e.<\/p>\n<\/li>\n<li data-start=\"891\" data-end=\"923\">\n<p data-start=\"893\" data-end=\"923\">\u041d\u0435 \u043d\u0443\u0436\u043d\u043e \u043e\u043f\u043e\u043b\u0430\u0441\u043a\u0438\u0432\u0430\u0442\u044c \u043f\u043e\u0441\u043b\u0435 \u043c\u044b\u0442\u044c\u044f<\/p>\n<\/li>\n<li data-start=\"926\" data-end=\"991\">\n<p data-start=\"928\" data-end=\"991\">\u041f\u043e\u0434\u0445\u043e\u0434\u0438\u0442 \u0434\u043b\u044f \u0448\u0435\u0440\u0441\u0442\u0438, \u0448\u0435\u043b\u043a\u0430, \u043b\u044c\u043d\u0430 \u0438 \u0434\u0440\u0443\u0433\u0438\u0445 \u0438\u0437\u0434\u0435\u043b\u0438\u0439 \u0438\u0437 \u043d\u0430\u0442\u0443\u0440\u0430\u043b\u044c\u043d\u044b\u0445 \u0432\u043e\u043b\u043e\u043a\u043e\u043d.<\/p>\n<\/li>\n<\/ul>\n<\/li>\n<\/ul>\n<p data-start=\"993\" data-end=\"1062\"><strong data-start=\"993\" data-end=\"1004\">\u0410\u0440\u043e\u043c\u0430\u0442\u044b:<\/strong><br data-start=\"1004\" data-end=\"1007\" \/>\ud83c\udf37 <strong data-start=\"1010\" data-end=\"1022\">\u0416\u0430\u0441\u043c\u0438\u043d<\/strong><br data-start=\"1022\" data-end=\"1025\" \/>\ud83c\udf4a <strong data-start=\"1028\" data-end=\"1043\">\u0413\u0440\u0435\u0439\u043f\u0444\u0440\u0443\u0442<\/strong><br data-start=\"1043\" data-end=\"1046\" \/>\ud83d\udc9c <strong data-start=\"1049\" data-end=\"1060\">\u041b\u0430\u0432\u0430\u043d\u0434\u0430<\/strong><\/p>\n<p data-start=\"1064\" data-end=\"1081\"><strong data-start=\"1064\" data-end=\"1079\">\u0418\u0441\u043f\u043e\u043b\u044c\u0437\u043e\u0432\u0430\u043d\u0438\u0435:<\/strong><\/p>\n<ul data-start=\"1082\" data-end=\"1319\">\n<li data-start=\"1082\" data-end=\"1161\">\n<p data-start=\"1084\" data-end=\"1161\">\u0420\u0430\u0441\u0442\u0432\u043e\u0440\u0438\u0442\u0435 5 \u043c\u043b \u0441\u0440\u0435\u0434\u0441\u0442\u0432\u0430 (\u043e\u043a\u043e\u043b\u043e 1 \u0447\u0430\u0439\u043d\u043e\u0439 \u043b\u043e\u0436\u043a\u0438) \u0432 4 \u043b\u0438\u0442\u0440\u0430\u0445 \u0432\u043e\u0434\u044b.<\/p>\n<\/li>\n<li data-start=\"1162\" data-end=\"1258\">\n<p data-start=\"1164\" data-end=\"1258\">\u0417\u0430\u043c\u043e\u0447\u0438\u0442\u0435 \u0438\u0437\u0434\u0435\u043b\u0438\u0435 \u043d\u0430 15\u201330 \u043c\u0438\u043d\u0443\u0442, \u0441\u043b\u0435\u0433\u043a\u0430 \u043e\u0442\u043e\u0436\u043c\u0438\u0442\u0435 \u0438 \u0432\u044b\u0441\u0443\u0448\u0438\u0442\u0435 \u043d\u0430 \u0433\u043e\u0440\u0438\u0437\u043e\u043d\u0442\u0430\u043b\u044c\u043d\u043e\u0439 \u043f\u043e\u0432\u0435\u0440\u0445\u043d\u043e\u0441\u0442\u0438.<\/p>\n<\/li>\n<li data-start=\"1259\" data-end=\"1319\">\n<p data-start=\"1261\" data-end=\"1319\"><strong data-start=\"1261\" data-end=\"1271\">\u041e\u0431\u044a\u0435\u043c:<\/strong> 100 \u043c\u043b (\u0445\u0432\u0430\u0442\u0430\u0435\u0442 \u043f\u0440\u0438\u043c\u0435\u0440\u043d\u043e \u043d\u0430 20 \u0441\u0442\u0438\u0440\u043e\u043a \u0440\u0443\u043a\u0430\u043c\u0438)<\/p>\n<\/li>\n<\/ul>","protected":false},"excerpt":{"rendered":"<p>Eucalan \u2013 \u0161velni skalbimo priemon\u0117 vilnai ir subtiliems audiniamsDaugum\u0105 vilnoni\u0173 gamini\u0173 galima saugiai skalbti namuose \u2013 be agresyvios chemijos. Eucalan \u2013 tai netoksi\u0161ka, biologi\u0161kai suyranti ir skalavimo nereikalaujanti priemon\u0117, sukurta specialiai vilnai bei jautriems audiniams pri\u017ei\u016br\u0117ti. \u0160is \u0161velnus skalbiklis be fosfat\u0173, praturtintas lanolinu, kuris mink\u0161tina pluo\u0161t\u0105, ma\u017eina statin\u012f kr\u016bv\u012f ir padeda i\u0161laikyti audinio elastingum\u0105 bei [&hellip;]<\/p>\n","protected":false},"featured_media":3218,"comment_status":"open","ping_status":"closed","template":"","meta":{"_acf_changed":false},"product_brand":[634],"product_cat":[15,20,91],"product_tag":[],"pro-kategorijos":[],"class_list":{"0":"post-3217","1":"product","2":"type-product","3":"status-publish","4":"has-post-thumbnail","6":"product_brand-eucalan","7":"product_cat-visi-produktai","8":"product_cat-priedai-mezgimui","9":"product_cat-skalbimo-priemones","11":"first","12":"instock","13":"shipping-taxable","14":"purchasable","15":"product-type-variable"},"acf":[],"yoast_head":"<!-- This site is optimized with the Yoast SEO plugin v26.8 - https:\/\/yoast.com\/product\/yoast-seo-wordpress\/ -->\n<title>Eucalan \u0161velni skalbimo priemon\u0117 - Happyinaknit.com<\/title>\n<meta name=\"robots\" content=\"index, follow, max-snippet:-1, max-image-preview:large, max-video-preview:-1\" \/>\n<link rel=\"canonical\" href=\"https:\/\/happyinaknit.com\/ru\/product\/eucalan\/\" \/>\n<meta property=\"og:locale\" content=\"ru_RU\" \/>\n<meta property=\"og:type\" content=\"article\" \/>\n<meta property=\"og:title\" content=\"Eucalan \u0161velni skalbimo priemon\u0117 - Happyinaknit.com\" \/>\n<meta property=\"og:description\" content=\"Eucalan \u2013 \u0161velni skalbimo priemon\u0117 vilnai ir subtiliems audiniamsDaugum\u0105 vilnoni\u0173 gamini\u0173 galima saugiai skalbti namuose \u2013 be agresyvios chemijos. Eucalan \u2013 tai netoksi\u0161ka, biologi\u0161kai suyranti ir skalavimo nereikalaujanti priemon\u0117, sukurta specialiai vilnai bei jautriems audiniams pri\u017ei\u016br\u0117ti. \u0160is \u0161velnus skalbiklis be fosfat\u0173, praturtintas lanolinu, kuris mink\u0161tina pluo\u0161t\u0105, ma\u017eina statin\u012f kr\u016bv\u012f ir padeda i\u0161laikyti audinio elastingum\u0105 bei [&hellip;]\" \/>\n<meta property=\"og:url\" content=\"https:\/\/happyinaknit.com\/ru\/product\/eucalan\/\" \/>\n<meta property=\"og:site_name\" content=\"Happyinaknit.com\" \/>\n<meta property=\"article:modified_time\" content=\"2026-04-17T16:17:03+00:00\" \/>\n<meta property=\"og:image\" content=\"https:\/\/happyinaknit.com\/wp-content\/uploads\/2025\/10\/IMG_8538.jpg\" \/>\n\t<meta property=\"og:image:width\" content=\"1320\" \/>\n\t<meta property=\"og:image:height\" content=\"1572\" \/>\n\t<meta property=\"og:image:type\" content=\"image\/jpeg\" \/>\n<meta name=\"twitter:card\" content=\"summary_large_image\" \/>\n<meta name=\"twitter:label1\" content=\"\u041f\u0440\u0438\u043c\u0435\u0440\u043d\u043e\u0435 \u0432\u0440\u0435\u043c\u044f \u0434\u043b\u044f \u0447\u0442\u0435\u043d\u0438\u044f\" \/>\n\t<meta name=\"twitter:data1\" content=\"1 \u043c\u0438\u043d\u0443\u0442\u0430\" \/>\n<script type=\"application\/ld+json\" class=\"yoast-schema-graph\">{\"@context\":\"https:\/\/schema.org\",\"@graph\":[{\"@type\":\"WebPage\",\"@id\":\"https:\/\/happyinaknit.com\/produktas\/eucalan\/\",\"url\":\"https:\/\/happyinaknit.com\/produktas\/eucalan\/\",\"name\":\"Eucalan \u0161velni skalbimo priemon\u0117 - Happyinaknit.com\",\"isPartOf\":{\"@id\":\"https:\/\/happyinaknit.com\/lt\/#website\"},\"primaryImageOfPage\":{\"@id\":\"https:\/\/happyinaknit.com\/produktas\/eucalan\/#primaryimage\"},\"image\":{\"@id\":\"https:\/\/happyinaknit.com\/produktas\/eucalan\/#primaryimage\"},\"thumbnailUrl\":\"https:\/\/happyinaknit.com\/wp-content\/uploads\/2025\/10\/IMG_8538.jpg\",\"datePublished\":\"2025-10-06T22:57:51+00:00\",\"dateModified\":\"2026-04-17T16:17:03+00:00\",\"breadcrumb\":{\"@id\":\"https:\/\/happyinaknit.com\/produktas\/eucalan\/#breadcrumb\"},\"inLanguage\":\"ru-RU\",\"potentialAction\":[{\"@type\":\"ReadAction\",\"target\":[\"https:\/\/happyinaknit.com\/produktas\/eucalan\/\"]}]},{\"@type\":\"ImageObject\",\"inLanguage\":\"ru-RU\",\"@id\":\"https:\/\/happyinaknit.com\/produktas\/eucalan\/#primaryimage\",\"url\":\"https:\/\/happyinaknit.com\/wp-content\/uploads\/2025\/10\/IMG_8538.jpg\",\"contentUrl\":\"https:\/\/happyinaknit.com\/wp-content\/uploads\/2025\/10\/IMG_8538.jpg\",\"width\":1320,\"height\":1572},{\"@type\":\"BreadcrumbList\",\"@id\":\"https:\/\/happyinaknit.com\/produktas\/eucalan\/#breadcrumb\",\"itemListElement\":[{\"@type\":\"ListItem\",\"position\":1,\"name\":\"Home\",\"item\":\"https:\/\/happyinaknit.com\/lt\/\"},{\"@type\":\"ListItem\",\"position\":2,\"name\":\"Parduotuv\u0117\",\"item\":\"https:\/\/happyinaknit.com\/lt\/parduotuve\/\"},{\"@type\":\"ListItem\",\"position\":3,\"name\":\"Eucalan \u0161velni skalbimo priemon\u0117\"}]},{\"@type\":\"WebSite\",\"@id\":\"https:\/\/happyinaknit.com\/lt\/#website\",\"url\":\"https:\/\/happyinaknit.com\/lt\/\",\"name\":\"Happyinaknit.com\",\"description\":\"\",\"potentialAction\":[{\"@type\":\"SearchAction\",\"target\":{\"@type\":\"EntryPoint\",\"urlTemplate\":\"https:\/\/happyinaknit.com\/lt\/?s={search_term_string}\"},\"query-input\":{\"@type\":\"PropertyValueSpecification\",\"valueRequired\":true,\"valueName\":\"search_term_string\"}}],\"inLanguage\":\"ru-RU\"}]}<\/script>\n<!-- \/ Yoast SEO plugin. -->","yoast_head_json":{"title":"Eucalan \u0161velni skalbimo priemon\u0117 - Happyinaknit.com","robots":{"index":"index","follow":"follow","max-snippet":"max-snippet:-1","max-image-preview":"max-image-preview:large","max-video-preview":"max-video-preview:-1"},"canonical":"https:\/\/happyinaknit.com\/ru\/product\/eucalan\/","og_locale":"ru_RU","og_type":"article","og_title":"Eucalan \u0161velni skalbimo priemon\u0117 - Happyinaknit.com","og_description":"Eucalan \u2013 \u0161velni skalbimo priemon\u0117 vilnai ir subtiliems audiniamsDaugum\u0105 vilnoni\u0173 gamini\u0173 galima saugiai skalbti namuose \u2013 be agresyvios chemijos. Eucalan \u2013 tai netoksi\u0161ka, biologi\u0161kai suyranti ir skalavimo nereikalaujanti priemon\u0117, sukurta specialiai vilnai bei jautriems audiniams pri\u017ei\u016br\u0117ti. \u0160is \u0161velnus skalbiklis be fosfat\u0173, praturtintas lanolinu, kuris mink\u0161tina pluo\u0161t\u0105, ma\u017eina statin\u012f kr\u016bv\u012f ir padeda i\u0161laikyti audinio elastingum\u0105 bei [&hellip;]","og_url":"https:\/\/happyinaknit.com\/ru\/product\/eucalan\/","og_site_name":"Happyinaknit.com","article_modified_time":"2026-04-17T16:17:03+00:00","og_image":[{"width":1320,"height":1572,"url":"https:\/\/happyinaknit.com\/wp-content\/uploads\/2025\/10\/IMG_8538.jpg","type":"image\/jpeg"}],"twitter_card":"summary_large_image","twitter_misc":{"\u041f\u0440\u0438\u043c\u0435\u0440\u043d\u043e\u0435 \u0432\u0440\u0435\u043c\u044f \u0434\u043b\u044f \u0447\u0442\u0435\u043d\u0438\u044f":"1 \u043c\u0438\u043d\u0443\u0442\u0430"},"schema":{"@context":"https:\/\/schema.org","@graph":[{"@type":"WebPage","@id":"https:\/\/happyinaknit.com\/produktas\/eucalan\/","url":"https:\/\/happyinaknit.com\/produktas\/eucalan\/","name":"Eucalan \u0161velni skalbimo priemon\u0117 - Happyinaknit.com","isPartOf":{"@id":"https:\/\/happyinaknit.com\/lt\/#website"},"primaryImageOfPage":{"@id":"https:\/\/happyinaknit.com\/produktas\/eucalan\/#primaryimage"},"image":{"@id":"https:\/\/happyinaknit.com\/produktas\/eucalan\/#primaryimage"},"thumbnailUrl":"https:\/\/happyinaknit.com\/wp-content\/uploads\/2025\/10\/IMG_8538.jpg","datePublished":"2025-10-06T22:57:51+00:00","dateModified":"2026-04-17T16:17:03+00:00","breadcrumb":{"@id":"https:\/\/happyinaknit.com\/produktas\/eucalan\/#breadcrumb"},"inLanguage":"ru-RU","potentialAction":[{"@type":"ReadAction","target":["https:\/\/happyinaknit.com\/produktas\/eucalan\/"]}]},{"@type":"ImageObject","inLanguage":"ru-RU","@id":"https:\/\/happyinaknit.com\/produktas\/eucalan\/#primaryimage","url":"https:\/\/happyinaknit.com\/wp-content\/uploads\/2025\/10\/IMG_8538.jpg","contentUrl":"https:\/\/happyinaknit.com\/wp-content\/uploads\/2025\/10\/IMG_8538.jpg","width":1320,"height":1572},{"@type":"BreadcrumbList","@id":"https:\/\/happyinaknit.com\/produktas\/eucalan\/#breadcrumb","itemListElement":[{"@type":"ListItem","position":1,"name":"Home","item":"https:\/\/happyinaknit.com\/lt\/"},{"@type":"ListItem","position":2,"name":"Parduotuv\u0117","item":"https:\/\/happyinaknit.com\/lt\/parduotuve\/"},{"@type":"ListItem","position":3,"name":"Eucalan \u0161velni skalbimo priemon\u0117"}]},{"@type":"WebSite","@id":"https:\/\/happyinaknit.com\/lt\/#website","url":"https:\/\/happyinaknit.com\/lt\/","name":"Happyinaknit.com","description":"","potentialAction":[{"@type":"SearchAction","target":{"@type":"EntryPoint","urlTemplate":"https:\/\/happyinaknit.com\/lt\/?s={search_term_string}"},"query-input":{"@type":"PropertyValueSpecification","valueRequired":true,"valueName":"search_term_string"}}],"inLanguage":"ru-RU"}]}},"_links":{"self":[{"href":"https:\/\/happyinaknit.com\/ru\/wp-json\/wp\/v2\/product\/3217","targetHints":{"allow":["GET"]}}],"collection":[{"href":"https:\/\/happyinaknit.com\/ru\/wp-json\/wp\/v2\/product"}],"about":[{"href":"https:\/\/happyinaknit.com\/ru\/wp-json\/wp\/v2\/types\/product"}],"replies":[{"embeddable":true,"href":"https:\/\/happyinaknit.com\/ru\/wp-json\/wp\/v2\/comments?post=3217"}],"wp:featuredmedia":[{"embeddable":true,"href":"https:\/\/happyinaknit.com\/ru\/wp-json\/wp\/v2\/media\/3218"}],"wp:attachment":[{"href":"https:\/\/happyinaknit.com\/ru\/wp-json\/wp\/v2\/media?parent=3217"}],"wp:term":[{"taxonomy":"product_brand","embeddable":true,"href":"https:\/\/happyinaknit.com\/ru\/wp-json\/wp\/v2\/product_brand?post=3217"},{"taxonomy":"product_cat","embeddable":true,"href":"https:\/\/happyinaknit.com\/ru\/wp-json\/wp\/v2\/product_cat?post=3217"},{"taxonomy":"product_tag","embeddable":true,"href":"https:\/\/happyinaknit.com\/ru\/wp-json\/wp\/v2\/product_tag?post=3217"},{"taxonomy":"pro-kategorijos","embeddable":true,"href":"https:\/\/happyinaknit.com\/ru\/wp-json\/wp\/v2\/pro-kategorijos?post=3217"}],"curies":[{"name":"wp","href":"https:\/\/api.w.org\/{rel}","templated":true}]}}