{"id":3214,"date":"2025-10-06T22:48:43","date_gmt":"2025-10-06T22:48:43","guid":{"rendered":"https:\/\/happyinaknit.com\/?post_type=product&#038;p=3214"},"modified":"2026-04-06T12:57:32","modified_gmt":"2026-04-06T12:57:32","slug":"tenestar","status":"publish","type":"product","link":"https:\/\/happyinaknit.com\/ru\/product\/tenestar\/","title":{"rendered":"Tenestar \u0441\u0440\u0435\u0434\u0441\u0442\u0432\u043e \u0434\u043b\u044f \u0441\u0442\u0438\u0440\u043a\u0438"},"content":{"rendered":"<p data-start=\"195\" data-end=\"530\">\u0428\u0451\u043b\u043a \u043d\u0435 \u0438\u043c\u0435\u0435\u0442 \u0441\u0435\u0431\u0435 \u0440\u0430\u0432\u043d\u044b\u0445 \u043f\u043e \u0441\u0432\u043e\u0435\u0439 \u044d\u043b\u0435\u0433\u0430\u043d\u0442\u043d\u043e\u0441\u0442\u0438 \u0438 \u0440\u043e\u0441\u043a\u043e\u0448\u0438. \u0427\u0442\u043e\u0431\u044b \u044d\u0442\u043e \u0438\u0437\u044b\u0441\u043a\u0430\u043d\u043d\u043e\u0435 \u0432\u043e\u043b\u043e\u043a\u043d\u043e \u0434\u043e\u043b\u0433\u043e \u0441\u043e\u0445\u0440\u0430\u043d\u044f\u043b\u043e \u0441\u0432\u043e\u044e \u043a\u0440\u0430\u0441\u043e\u0442\u0443, \u0437\u0430 \u043d\u0438\u043c \u0442\u0440\u0435\u0431\u0443\u0435\u0442\u0441\u044f \u0438\u0441\u043a\u043b\u044e\u0447\u0438\u0442\u0435\u043b\u044c\u043d\u043e \u0431\u0435\u0440\u0435\u0436\u043d\u044b\u0439 \u0443\u0445\u043e\u0434. <strong data-start=\"396\" data-end=\"408\">TeneStar<\/strong> \u2013 \u044d\u0442\u043e \u0441\u043f\u0435\u0446\u0438\u0430\u043b\u044c\u043d\u043e \u0440\u0430\u0437\u0440\u0430\u0431\u043e\u0442\u0430\u043d\u043d\u043e\u0435 \u043c\u043e\u044e\u0449\u0435\u0435 \u0441\u0440\u0435\u0434\u0441\u0442\u0432\u043e, \u043a\u043e\u0442\u043e\u0440\u043e\u0435 <strong data-start=\"453\" data-end=\"527\">\u0437\u0430\u0449\u0438\u0449\u0430\u0435\u0442 \u0448\u0435\u043b\u043a\u043e\u0432\u044b\u0435 \u0432\u043e\u043b\u043e\u043a\u043d\u0430, \u0441\u043e\u0445\u0440\u0430\u043d\u044f\u0435\u0442 \u0438\u0445 \u0435\u0441\u0442\u0435\u0441\u0442\u0432\u0435\u043d\u043d\u044b\u0439 \u0431\u043b\u0435\u0441\u043a \u0438 \u044f\u0440\u043a\u043e\u0441\u0442\u044c \u0446\u0432\u0435\u0442\u0430<\/strong>.<\/p>\n<p data-start=\"532\" data-end=\"920\">\u0421\u0440\u0435\u0434\u0441\u0442\u0432\u043e <strong data-start=\"541\" data-end=\"572\">\u043d\u0435 \u043c\u0435\u043d\u044f\u0435\u0442 \u0441\u0442\u0440\u0443\u043a\u0442\u0443\u0440\u0443 \u0448\u0435\u043b\u043a\u0430<\/strong>, \u043f\u0440\u0435\u0434\u043e\u0442\u0432\u0440\u0430\u0449\u0430\u0435\u0442 \u043f\u043e\u044f\u0432\u043b\u0435\u043d\u0438\u0435 \u0448\u0435\u0440\u043e\u0445\u043e\u0432\u0430\u0442\u043e\u0441\u0442\u0435\u0439 \u0438 \u0437\u0430\u0449\u0438\u0449\u0430\u0435\u0442 \u0442\u043a\u0430\u043d\u044c \u0432\u043e \u0432\u0440\u0435\u043c\u044f \u0441\u0442\u0438\u0440\u043a\u0438. \u041d\u0435 \u0441\u043e\u0434\u0435\u0440\u0436\u0438\u0442 <strong data-start=\"646\" data-end=\"698\">\u0430\u0433\u0440\u0435\u0441\u0441\u0438\u0432\u043d\u044b\u0445 \u0445\u0438\u043c\u0438\u043a\u0430\u0442\u043e\u0432  \u0438\u043b\u0438 \u0436\u0438\u0440\u043d\u044b\u0445 \u0434\u043e\u0431\u0430\u0432\u043e\u043a<\/strong>, \u0431\u043b\u0430\u0433\u043e\u0434\u0430\u0440\u044f \u0447\u0435\u043c\u0443 \u0448\u0435\u043b\u043a \u043e\u0441\u0442\u0430\u0435\u0442\u0441\u044f \u043b\u0435\u0433\u043a\u0438\u043c, \u043c\u044f\u0433\u043a\u0438\u043c \u0438 \u044d\u043b\u0430\u0441\u0442\u0438\u0447\u043d\u044b\u043c.<br data-start=\"752\" data-end=\"755\" \/><strong data-start=\"755\" data-end=\"767\">TeneStar<\/strong> \u043f\u043e\u043b\u043d\u043e\u0441\u0442\u044c\u044e <strong data-start=\"781\" data-end=\"816\">\u0431\u0438\u043e\u0440\u0430\u0437\u043b\u0430\u0433\u0430\u0435\u043c\u044b\u0439 \u043f\u0440\u043e\u0434\u0443\u043a\u0442<\/strong>, \u0440\u0435\u043a\u043e\u043c\u0435\u043d\u0434\u043e\u0432\u0430\u043d\u043d\u044b\u0439 \u0432\u0435\u0434\u0443\u0449\u0438\u043c\u0438 \u043f\u0440\u043e\u0438\u0437\u0432\u043e\u0434\u0438\u0442\u0435\u043b\u044f\u043c\u0438 \u0448\u0435\u043b\u043a\u0430, \u0442\u0430\u043a\u0438\u043c\u0438 \u043a\u0430\u043a <em data-start=\"875\" data-end=\"911\">\u0411\u043b\u0435\u0439\u043b, \u0411\u043e\u0433\u043d\u0435\u0440, \u0426\u0438\u043c\u043c\u0435\u0440\u043b\u0438, \u0421\u0438\u043b\u043a\u043c\u0443\u0434<\/em> \u0438 \u0442. \u0434.<\/p>\n<ul data-start=\"922\" data-end=\"1143\">\n<li data-start=\"922\" data-end=\"1143\">\n<p data-start=\"924\" data-end=\"938\"><strong data-start=\"924\" data-end=\"936\">\u0424\u0443\u043d\u043a\u0446\u0438\u0438:<\/strong><\/p>\n<ul data-start=\"941\" data-end=\"1143\">\n<li data-start=\"941\" data-end=\"980\">\n<p data-start=\"943\" data-end=\"980\">\u0417\u0430\u0449\u0438\u0449\u0430\u0435\u0442 \u0448\u0435\u043b\u043a\u043e\u0432\u044b\u0435 \u0432\u043e\u043b\u043e\u043a\u043d\u0430 \u0432\u043e \u0432\u0440\u0435\u043c\u044f \u0441\u0442\u0438\u0440\u043a\u0438<\/p>\n<\/li>\n<li data-start=\"983\" data-end=\"1030\">\n<p data-start=\"985\" data-end=\"1030\">\u0421\u043e\u0445\u0440\u0430\u043d\u044f\u0435\u0442 \u0435\u0441\u0442\u0435\u0441\u0442\u0432\u0435\u043d\u043d\u044b\u0439 \u0431\u043b\u0435\u0441\u043a \u0438 \u043d\u0430\u0441\u044b\u0449\u0435\u043d\u043d\u043e\u0441\u0442\u044c \u0446\u0432\u0435\u0442\u0430<\/p>\n<\/li>\n<li data-start=\"1033\" data-end=\"1071\">\n<p data-start=\"1035\" data-end=\"1071\">\u0414\u0435\u043b\u0430\u0435\u0442 \u0442\u043a\u0430\u043d\u044c \u043c\u044f\u0433\u043a\u043e\u0439 \u0438 \u044d\u043b\u0430\u0441\u0442\u0438\u0447\u043d\u043e\u0439<\/p>\n<\/li>\n<li data-start=\"1074\" data-end=\"1115\">\n<p data-start=\"1076\" data-end=\"1115\">\u041d\u0435 \u0441\u043e\u0434\u0435\u0440\u0436\u0438\u0442 \u0430\u0433\u0440\u0435\u0441\u0441\u0438\u0432\u043d\u044b\u0445 \u0445\u0438\u043c\u0438\u043a\u0430\u0442\u043e\u0432 \u0438 \u0441\u043c\u044f\u0433\u0447\u0438\u0442\u0435\u043b\u0435\u0439.<\/p>\n<\/li>\n<li data-start=\"1118\" data-end=\"1143\">\n<p data-start=\"1120\" data-end=\"1143\">\u0411\u0438\u043e\u0440\u0430\u0437\u043b\u0430\u0433\u0430\u0435\u043c\u044b\u0439<\/p>\n<\/li>\n<\/ul>\n<\/li>\n<\/ul>\n<p data-start=\"1145\" data-end=\"1162\"><strong data-start=\"1145\" data-end=\"1160\">\u0418\u0441\u043f\u043e\u043b\u044c\u0437\u043e\u0432\u0430\u043d\u0438\u0435:<\/strong><\/p>\n<ul data-start=\"1163\" data-end=\"1691\">\n<li data-start=\"1163\" data-end=\"1282\">\n<p data-start=\"1165\" data-end=\"1282\"><strong data-start=\"1165\" data-end=\"1179\">\u0414\u043e\u0437\u0438\u0440\u043e\u0432\u043a\u0430:<\/strong> \u0434\u043b\u044f \u0441\u0442\u0438\u0440\u0430\u043b\u044c\u043d\u043e\u0439 \u043c\u0430\u0448\u0438\u043d\u044b \u2014 1 \u043f\u043e\u043b\u043d\u044b\u0439 \u043a\u043e\u043b\u043f\u0430\u0447\u043e\u043a, \u0434\u043b\u044f \u0440\u0443\u0447\u043d\u043e\u0439 \u0441\u0442\u0438\u0440\u043a\u0438 \u0434\u043e\u0441\u0442\u0430\u0442\u043e\u0447\u043d\u043e \u00bd \u0447\u0430\u0439\u043d\u043e\u0439 \u043b\u043e\u0436\u043a\u0438 \u043d\u0430 \u0432\u0435\u0449\u044c.<\/p>\n<\/li>\n<li data-start=\"1283\" data-end=\"1314\">\n<p data-start=\"1285\" data-end=\"1314\"><strong data-start=\"1285\" data-end=\"1301\">\u0422\u0435\u043c\u043f\u0435\u0440\u0430\u0442\u0443\u0440\u0430:<\/strong> \u0434\u043e 30\u00b0\u0421.<\/p>\n<\/li>\n<li data-start=\"1315\" data-end=\"1691\">\n<p data-start=\"1317\" data-end=\"1330\"><strong data-start=\"1317\" data-end=\"1328\">\u0412\u0430\u0436\u043d\u043e:<\/strong><\/p>\n<ul data-start=\"1333\" data-end=\"1691\">\n<li data-start=\"1333\" data-end=\"1471\">\n<p data-start=\"1335\" data-end=\"1471\">\u041d\u0435 \u0438\u0441\u043f\u043e\u043b\u044c\u0437\u043e\u0432\u0430\u0442\u044c <strong data-start=\"1347\" data-end=\"1387\">\u0434\u0435\u0442\u0441\u043a\u0438\u0439 \u0448\u0430\u043c\u043f\u0443\u043d\u044c \u0438\u043b\u0438 \u043c\u043e\u044e\u0449\u0435\u0435 \u0441\u0440\u0435\u0434\u0441\u0442\u0432\u043e \u0434\u043b\u044f \u0448\u0435\u0440\u0441\u0442\u0438<\/strong> \u2013 \u044d\u0442\u0438 \u043f\u0440\u043e\u0434\u0443\u043a\u0442\u044b \u043c\u043e\u0433\u0443\u0442 \u0441\u043e\u0434\u0435\u0440\u0436\u0430\u0442\u044c \u0443\u0432\u043b\u0430\u0436\u043d\u044f\u044e\u0449\u0438\u0435 \u0432\u0435\u0449\u0435\u0441\u0442\u0432\u0430, \u043a\u043e\u0442\u043e\u0440\u044b\u0435 \u0443\u043d\u0438\u0447\u0442\u043e\u0436\u0430\u044e\u0442 \u0431\u043b\u0435\u0441\u043a \u0448\u0435\u043b\u043a\u0430.<\/p>\n<\/li>\n<li data-start=\"1474\" data-end=\"1552\">\n<p data-start=\"1476\" data-end=\"1552\">\u041f\u043e\u0434\u0445\u043e\u0434\u0438\u0442 <strong data-start=\"1485\" data-end=\"1515\">\u0434\u043b\u044f \u0448\u0435\u043b\u043a\u043e\u0432\u044b\u0445 \u0442\u043a\u0430\u043d\u0435\u0439 CUPRO<\/strong>\u0438 \u0434\u0440\u0443\u0433\u0438\u043c \u0448\u0435\u043b\u043a\u043e\u0432\u044b\u043c  \u0432\u043e\u043b\u043e\u043a\u043d\u0430\u043c<\/p>\n<\/li>\n<li data-start=\"1555\" data-end=\"1691\">\n<p data-start=\"1557\" data-end=\"1691\">\u0415\u0441\u043b\u0438 \u0442\u043a\u0430\u043d\u044c \u0441\u043e\u0434\u0435\u0440\u0436\u0438\u0442 \u0448\u0435\u0440\u0441\u0442\u044c (\u043d\u0430\u043f\u0440\u0438\u043c\u0435\u0440, \u0448\u0435\u0440\u0441\u0442\u044f\u043d\u043e\u0435\/\u0448\u0435\u043b\u043a\u043e\u0432\u043e\u0435 \u0431\u0435\u043b\u044c\u0435), <strong data-start=\"1623\" data-end=\"1644\">\u0432\u044b\u0431\u0435\u0440\u0438\u0442\u0435 TENEMOLL<\/strong>\u0447\u0442\u043e\u0431\u044b \u043f\u0440\u0435\u0434\u043e\u0442\u0432\u0440\u0430\u0442\u0438\u0442\u044c \u0447\u0440\u0435\u0437\u043c\u0435\u0440\u043d\u043e\u0435 \u0440\u0430\u0437\u043c\u044f\u0433\u0447\u0435\u043d\u0438\u0435 \u0448\u0435\u0440\u0441\u0442\u044f\u043d\u044b\u0445 \u0432\u043e\u043b\u043e\u043a\u043e\u043d.<\/p>\n<\/li>\n<\/ul>\n<\/li>\n<\/ul>","protected":false},"excerpt":{"rendered":"<p>\u0160ilkas \u2013 neprilygstamas savo elegancija ir prabanga. Kad \u0161is i\u0161skirtinis pluo\u0161tas ilgai i\u0161likt\u0173 gra\u017eus, jam reikia itin \u0161velnios prie\u017ei\u016bros. TeneStar \u2013 tai specialiai sukurtas skalbiklis, kuris apsaugo \u0161ilko pluo\u0161tus, i\u0161saugo j\u0173 nat\u016bral\u0173 blizges\u012f ir spalv\u0173 ry\u0161kum\u0105. Priemon\u0117 nepakei\u010dia \u0161ilko strukt\u016bros, neleid\u017eia jam \u0161iurk\u0161t\u0117ti ir apsaugo audin\u012f skalbimo metu. Sud\u0117tyje n\u0117ra agresyvi\u0173 chemini\u0173 med\u017eiag\u0173 ar riebalini\u0173 [&hellip;]<\/p>\n","protected":false},"featured_media":3216,"comment_status":"open","ping_status":"closed","template":"","meta":{"_acf_changed":false},"product_brand":[633],"product_cat":[15,20,91],"product_tag":[],"pro-kategorijos":[],"class_list":{"0":"post-3214","1":"product","2":"type-product","3":"status-publish","4":"has-post-thumbnail","6":"product_brand-intervall","7":"product_cat-visi-produktai","8":"product_cat-priedai-mezgimui","9":"product_cat-skalbimo-priemones","11":"first","12":"instock","13":"shipping-taxable","14":"purchasable","15":"product-type-simple"},"acf":[],"yoast_head":"<!-- This site is optimized with the Yoast SEO plugin v26.8 - https:\/\/yoast.com\/product\/yoast-seo-wordpress\/ -->\n<title>Tenestar skalbimo priemon\u0117 - Happyinaknit.com<\/title>\n<meta name=\"robots\" content=\"index, follow, max-snippet:-1, max-image-preview:large, max-video-preview:-1\" \/>\n<link rel=\"canonical\" href=\"https:\/\/happyinaknit.com\/ru\/product\/tenestar\/\" \/>\n<meta property=\"og:locale\" content=\"ru_RU\" \/>\n<meta property=\"og:type\" content=\"article\" \/>\n<meta property=\"og:title\" content=\"Tenestar skalbimo priemon\u0117 - Happyinaknit.com\" \/>\n<meta property=\"og:description\" content=\"\u0160ilkas \u2013 neprilygstamas savo elegancija ir prabanga. Kad \u0161is i\u0161skirtinis pluo\u0161tas ilgai i\u0161likt\u0173 gra\u017eus, jam reikia itin \u0161velnios prie\u017ei\u016bros. TeneStar \u2013 tai specialiai sukurtas skalbiklis, kuris apsaugo \u0161ilko pluo\u0161tus, i\u0161saugo j\u0173 nat\u016bral\u0173 blizges\u012f ir spalv\u0173 ry\u0161kum\u0105. Priemon\u0117 nepakei\u010dia \u0161ilko strukt\u016bros, neleid\u017eia jam \u0161iurk\u0161t\u0117ti ir apsaugo audin\u012f skalbimo metu. Sud\u0117tyje n\u0117ra agresyvi\u0173 chemini\u0173 med\u017eiag\u0173 ar riebalini\u0173 [&hellip;]\" \/>\n<meta property=\"og:url\" content=\"https:\/\/happyinaknit.com\/ru\/product\/tenestar\/\" \/>\n<meta property=\"og:site_name\" content=\"Happyinaknit.com\" \/>\n<meta property=\"article:modified_time\" content=\"2026-04-06T12:57:32+00:00\" \/>\n<meta property=\"og:image\" content=\"https:\/\/happyinaknit.com\/wp-content\/uploads\/2025\/10\/IMG_8537.jpg\" \/>\n\t<meta property=\"og:image:width\" content=\"1320\" \/>\n\t<meta property=\"og:image:height\" content=\"1285\" \/>\n\t<meta property=\"og:image:type\" content=\"image\/jpeg\" \/>\n<meta name=\"twitter:card\" content=\"summary_large_image\" \/>\n<meta name=\"twitter:label1\" content=\"\u041f\u0440\u0438\u043c\u0435\u0440\u043d\u043e\u0435 \u0432\u0440\u0435\u043c\u044f \u0434\u043b\u044f \u0447\u0442\u0435\u043d\u0438\u044f\" \/>\n\t<meta name=\"twitter:data1\" content=\"1 \u043c\u0438\u043d\u0443\u0442\u0430\" \/>\n<script type=\"application\/ld+json\" class=\"yoast-schema-graph\">{\"@context\":\"https:\/\/schema.org\",\"@graph\":[{\"@type\":\"WebPage\",\"@id\":\"https:\/\/happyinaknit.com\/produktas\/tenestar\/\",\"url\":\"https:\/\/happyinaknit.com\/produktas\/tenestar\/\",\"name\":\"Tenestar skalbimo priemon\u0117 - Happyinaknit.com\",\"isPartOf\":{\"@id\":\"https:\/\/happyinaknit.com\/lt\/#website\"},\"primaryImageOfPage\":{\"@id\":\"https:\/\/happyinaknit.com\/produktas\/tenestar\/#primaryimage\"},\"image\":{\"@id\":\"https:\/\/happyinaknit.com\/produktas\/tenestar\/#primaryimage\"},\"thumbnailUrl\":\"https:\/\/happyinaknit.com\/wp-content\/uploads\/2025\/10\/IMG_8537.jpg\",\"datePublished\":\"2025-10-06T22:48:43+00:00\",\"dateModified\":\"2026-04-06T12:57:32+00:00\",\"breadcrumb\":{\"@id\":\"https:\/\/happyinaknit.com\/produktas\/tenestar\/#breadcrumb\"},\"inLanguage\":\"ru-RU\",\"potentialAction\":[{\"@type\":\"ReadAction\",\"target\":[\"https:\/\/happyinaknit.com\/produktas\/tenestar\/\"]}]},{\"@type\":\"ImageObject\",\"inLanguage\":\"ru-RU\",\"@id\":\"https:\/\/happyinaknit.com\/produktas\/tenestar\/#primaryimage\",\"url\":\"https:\/\/happyinaknit.com\/wp-content\/uploads\/2025\/10\/IMG_8537.jpg\",\"contentUrl\":\"https:\/\/happyinaknit.com\/wp-content\/uploads\/2025\/10\/IMG_8537.jpg\",\"width\":1320,\"height\":1285},{\"@type\":\"BreadcrumbList\",\"@id\":\"https:\/\/happyinaknit.com\/produktas\/tenestar\/#breadcrumb\",\"itemListElement\":[{\"@type\":\"ListItem\",\"position\":1,\"name\":\"Home\",\"item\":\"https:\/\/happyinaknit.com\/lt\/\"},{\"@type\":\"ListItem\",\"position\":2,\"name\":\"Parduotuv\u0117\",\"item\":\"https:\/\/happyinaknit.com\/lt\/parduotuve\/\"},{\"@type\":\"ListItem\",\"position\":3,\"name\":\"Tenestar skalbimo priemon\u0117\"}]},{\"@type\":\"WebSite\",\"@id\":\"https:\/\/happyinaknit.com\/lt\/#website\",\"url\":\"https:\/\/happyinaknit.com\/lt\/\",\"name\":\"Happyinaknit.com\",\"description\":\"\",\"potentialAction\":[{\"@type\":\"SearchAction\",\"target\":{\"@type\":\"EntryPoint\",\"urlTemplate\":\"https:\/\/happyinaknit.com\/lt\/?s={search_term_string}\"},\"query-input\":{\"@type\":\"PropertyValueSpecification\",\"valueRequired\":true,\"valueName\":\"search_term_string\"}}],\"inLanguage\":\"ru-RU\"}]}<\/script>\n<!-- \/ Yoast SEO plugin. -->","yoast_head_json":{"title":"Tenestar skalbimo priemon\u0117 - Happyinaknit.com","robots":{"index":"index","follow":"follow","max-snippet":"max-snippet:-1","max-image-preview":"max-image-preview:large","max-video-preview":"max-video-preview:-1"},"canonical":"https:\/\/happyinaknit.com\/ru\/product\/tenestar\/","og_locale":"ru_RU","og_type":"article","og_title":"Tenestar skalbimo priemon\u0117 - Happyinaknit.com","og_description":"\u0160ilkas \u2013 neprilygstamas savo elegancija ir prabanga. Kad \u0161is i\u0161skirtinis pluo\u0161tas ilgai i\u0161likt\u0173 gra\u017eus, jam reikia itin \u0161velnios prie\u017ei\u016bros. TeneStar \u2013 tai specialiai sukurtas skalbiklis, kuris apsaugo \u0161ilko pluo\u0161tus, i\u0161saugo j\u0173 nat\u016bral\u0173 blizges\u012f ir spalv\u0173 ry\u0161kum\u0105. Priemon\u0117 nepakei\u010dia \u0161ilko strukt\u016bros, neleid\u017eia jam \u0161iurk\u0161t\u0117ti ir apsaugo audin\u012f skalbimo metu. Sud\u0117tyje n\u0117ra agresyvi\u0173 chemini\u0173 med\u017eiag\u0173 ar riebalini\u0173 [&hellip;]","og_url":"https:\/\/happyinaknit.com\/ru\/product\/tenestar\/","og_site_name":"Happyinaknit.com","article_modified_time":"2026-04-06T12:57:32+00:00","og_image":[{"width":1320,"height":1285,"url":"https:\/\/happyinaknit.com\/wp-content\/uploads\/2025\/10\/IMG_8537.jpg","type":"image\/jpeg"}],"twitter_card":"summary_large_image","twitter_misc":{"\u041f\u0440\u0438\u043c\u0435\u0440\u043d\u043e\u0435 \u0432\u0440\u0435\u043c\u044f \u0434\u043b\u044f \u0447\u0442\u0435\u043d\u0438\u044f":"1 \u043c\u0438\u043d\u0443\u0442\u0430"},"schema":{"@context":"https:\/\/schema.org","@graph":[{"@type":"WebPage","@id":"https:\/\/happyinaknit.com\/produktas\/tenestar\/","url":"https:\/\/happyinaknit.com\/produktas\/tenestar\/","name":"Tenestar skalbimo priemon\u0117 - Happyinaknit.com","isPartOf":{"@id":"https:\/\/happyinaknit.com\/lt\/#website"},"primaryImageOfPage":{"@id":"https:\/\/happyinaknit.com\/produktas\/tenestar\/#primaryimage"},"image":{"@id":"https:\/\/happyinaknit.com\/produktas\/tenestar\/#primaryimage"},"thumbnailUrl":"https:\/\/happyinaknit.com\/wp-content\/uploads\/2025\/10\/IMG_8537.jpg","datePublished":"2025-10-06T22:48:43+00:00","dateModified":"2026-04-06T12:57:32+00:00","breadcrumb":{"@id":"https:\/\/happyinaknit.com\/produktas\/tenestar\/#breadcrumb"},"inLanguage":"ru-RU","potentialAction":[{"@type":"ReadAction","target":["https:\/\/happyinaknit.com\/produktas\/tenestar\/"]}]},{"@type":"ImageObject","inLanguage":"ru-RU","@id":"https:\/\/happyinaknit.com\/produktas\/tenestar\/#primaryimage","url":"https:\/\/happyinaknit.com\/wp-content\/uploads\/2025\/10\/IMG_8537.jpg","contentUrl":"https:\/\/happyinaknit.com\/wp-content\/uploads\/2025\/10\/IMG_8537.jpg","width":1320,"height":1285},{"@type":"BreadcrumbList","@id":"https:\/\/happyinaknit.com\/produktas\/tenestar\/#breadcrumb","itemListElement":[{"@type":"ListItem","position":1,"name":"Home","item":"https:\/\/happyinaknit.com\/lt\/"},{"@type":"ListItem","position":2,"name":"Parduotuv\u0117","item":"https:\/\/happyinaknit.com\/lt\/parduotuve\/"},{"@type":"ListItem","position":3,"name":"Tenestar skalbimo priemon\u0117"}]},{"@type":"WebSite","@id":"https:\/\/happyinaknit.com\/lt\/#website","url":"https:\/\/happyinaknit.com\/lt\/","name":"Happyinaknit.com","description":"","potentialAction":[{"@type":"SearchAction","target":{"@type":"EntryPoint","urlTemplate":"https:\/\/happyinaknit.com\/lt\/?s={search_term_string}"},"query-input":{"@type":"PropertyValueSpecification","valueRequired":true,"valueName":"search_term_string"}}],"inLanguage":"ru-RU"}]}},"_links":{"self":[{"href":"https:\/\/happyinaknit.com\/ru\/wp-json\/wp\/v2\/product\/3214","targetHints":{"allow":["GET"]}}],"collection":[{"href":"https:\/\/happyinaknit.com\/ru\/wp-json\/wp\/v2\/product"}],"about":[{"href":"https:\/\/happyinaknit.com\/ru\/wp-json\/wp\/v2\/types\/product"}],"replies":[{"embeddable":true,"href":"https:\/\/happyinaknit.com\/ru\/wp-json\/wp\/v2\/comments?post=3214"}],"wp:featuredmedia":[{"embeddable":true,"href":"https:\/\/happyinaknit.com\/ru\/wp-json\/wp\/v2\/media\/3216"}],"wp:attachment":[{"href":"https:\/\/happyinaknit.com\/ru\/wp-json\/wp\/v2\/media?parent=3214"}],"wp:term":[{"taxonomy":"product_brand","embeddable":true,"href":"https:\/\/happyinaknit.com\/ru\/wp-json\/wp\/v2\/product_brand?post=3214"},{"taxonomy":"product_cat","embeddable":true,"href":"https:\/\/happyinaknit.com\/ru\/wp-json\/wp\/v2\/product_cat?post=3214"},{"taxonomy":"product_tag","embeddable":true,"href":"https:\/\/happyinaknit.com\/ru\/wp-json\/wp\/v2\/product_tag?post=3214"},{"taxonomy":"pro-kategorijos","embeddable":true,"href":"https:\/\/happyinaknit.com\/ru\/wp-json\/wp\/v2\/pro-kategorijos?post=3214"}],"curies":[{"name":"wp","href":"https:\/\/api.w.org\/{rel}","templated":true}]}}