{"id":3210,"date":"2025-10-06T22:35:50","date_gmt":"2025-10-06T22:35:50","guid":{"rendered":"https:\/\/happyinaknit.com\/?post_type=product&#038;p=3210"},"modified":"2026-01-28T14:19:15","modified_gmt":"2026-01-28T14:19:15","slug":"teneplus","status":"publish","type":"product","link":"https:\/\/happyinaknit.com\/ru\/product\/teneplus\/","title":{"rendered":"Teneplus \u0441\u0440\u0435\u0434\u0441\u0442\u0432\u043e \u0434\u043b\u044f \u0441\u0442\u0438\u0440\u043a\u0438"},"content":{"rendered":"<p data-start=\"115\" data-end=\"522\"><strong data-start=\"115\" data-end=\"191\">Teneplus \u2013 \u0431\u0435\u0440\u0435\u0436\u043d\u043e\u0435 \u043c\u043e\u044e\u0449\u0435\u0435 \u0441\u0440\u0435\u0434\u0441\u0442\u0432\u043e \u0434\u043b\u044f \u043c\u0438\u043a\u0440\u043e\u0444\u0438\u0431\u0440\u044b \u0438 \u0441\u043f\u043e\u0440\u0442\u0438\u0432\u043d\u044b\u0445 \u0442\u043a\u0430\u043d\u0435\u0439<\/strong><br data-start=\"191\" data-end=\"194\" \/>\u0427\u0442\u043e\u0431\u044b \u043b\u044e\u0431\u0438\u043c\u044b\u0435 \u0432\u0435\u0449\u0438 \u0434\u043e\u043b\u044c\u0448\u0435 \u0441\u043e\u0445\u0440\u0430\u043d\u044f\u043b\u0438 \u0444\u043e\u0440\u043c\u0443 \u0438 \u044d\u043b\u0430\u0441\u0442\u0438\u0447\u043d\u043e\u0441\u0442\u044c, \u0437\u0430 \u043d\u0438\u043c\u0438 \u043d\u0443\u0436\u0435\u043d \u043e\u0441\u043e\u0431\u044b\u0439 \u0443\u0445\u043e\u0434. <strong data-start=\"291\" data-end=\"303\">Teneplus<\/strong> \u2013 \u044d\u0442\u043e \u043c\u043e\u044e\u0449\u0435\u0435 \u0441\u0440\u0435\u0434\u0441\u0442\u0432\u043e, <strong data-start=\"329\" data-end=\"373\">\u0441\u043f\u0435\u0446\u0438\u0430\u043b\u044c\u043d\u043e \u0440\u0430\u0437\u0440\u0430\u0431\u043e\u0442\u0430\u043d \u0434\u043b\u044f \u0442\u043a\u0430\u043d\u0435\u0439 \u0438\u0437 \u043c\u0438\u043a\u0440\u043e\u0444\u0438\u0431\u0440\u044b<\/strong>. \u0418\u0434\u0435\u0430\u043b\u044c\u043d\u043e \u043f\u043e\u0434\u0445\u043e\u0434\u0438\u0442 <strong data-start=\"393\" data-end=\"445\">\u0434\u043b\u044f \u043a\u0443\u043f\u0430\u043b\u044c\u043d\u0438\u043a\u043e\u0432 \u0438 \u0441\u043f\u043e\u0440\u0442\u0438\u0432\u043d\u043e\u0439 \u043e\u0434\u0435\u0436\u0434\u044b<\/strong>\u043f\u043e\u0441\u043a\u043e\u043b\u044c\u043a\u0443 \u043e\u043d \u0431\u0435\u0440\u0435\u0436\u043d\u043e, \u043d\u043e \u044d\u0444\u0444\u0435\u043a\u0442\u0438\u0432\u043d\u043e \u0443\u0434\u0430\u043b\u044f\u0435\u0442 \u0433\u0440\u044f\u0437\u044c \u043f\u043e\u0441\u043b\u0435 \u043a\u0430\u0436\u0434\u043e\u0433\u043e \u0438\u0441\u043f\u043e\u043b\u044c\u0437\u043e\u0432\u0430\u043d\u0438\u044f.<\/p>\n<p data-start=\"524\" data-end=\"823\">\u041f\u043e\u0447\u0435\u043c\u0443 \u043f\u0440\u043e\u0441\u0442\u043e\u0439 \u0432\u043e\u0434\u044b \u043d\u0435\u0434\u043e\u0441\u0442\u0430\u0442\u043e\u0447\u043d\u043e? \u041f\u043e\u0442\u043e\u043c\u0443 \u0447\u0442\u043e \u0442\u043e\u043b\u044c\u043a\u043e <strong data-start=\"566\" data-end=\"578\">Teneplus<\/strong> \u044d\u0444\u0444\u0435\u043a\u0442\u0438\u0432\u043d\u043e \u0443\u0434\u0430\u043b\u044f\u0435\u0442 <strong data-start=\"599\" data-end=\"656\">\u043e\u0441\u0442\u0430\u0442\u043a\u0438 \u043a\u043e\u0441\u043c\u0435\u0442\u0438\u043a\u0438, \u043f\u043e\u0442\u0430, \u0445\u043b\u043e\u0440\u0430 \u0438 \u043a\u0440\u0435\u043c\u0430 \u0434\u043b\u044f \u0437\u0430\u0433\u0430\u0440\u0430<\/strong>, \u043a\u043e\u0442\u043e\u0440\u044b\u0435 \u043f\u043e\u0432\u0440\u0435\u0436\u0434\u0430\u044e\u0442 \u044d\u043b\u0430\u0441\u0442\u0438\u0447\u043d\u043e\u0441\u0442\u044c \u0442\u043a\u0430\u043d\u0438. \u0418\u0437\u0434\u0435\u043b\u0438\u0435 \u0442\u0430\u043a\u0436\u0435 \u0438\u0434\u0435\u0430\u043b\u044c\u043d\u043e \u043f\u043e\u0434\u0445\u043e\u0434\u0438\u0442 \u0434\u043b\u044f \u0441\u043f\u043e\u0440\u0442\u0438\u0432\u043d\u043e\u0439 \u043e\u0434\u0435\u0436\u0434\u044b, \u043f\u043e\u0442\u043e\u043c\u0443 \u0447\u0442\u043e <strong data-start=\"753\" data-end=\"790\">\u043e\u0447\u0438\u0449\u0430\u0435\u0442 \u043e\u0442\u043b\u043e\u0436\u0435\u043d\u0438\u044f \u043f\u043e\u0442\u0430 \u0438 \u0441\u043e\u043b\u0435\u0439<\/strong> \u0438\u0437 \u043c\u0438\u043a\u0440\u043e\u0441\u043a\u043e\u043f\u0438\u0447\u0435\u0441\u043a\u0438\u0445 \u043f\u043e\u0440 \u0432\u043e\u043b\u043e\u043a\u043e\u043d.<\/p>\n<p data-start=\"825\" data-end=\"958\"><strong data-start=\"825\" data-end=\"837\">Teneplus<\/strong> <strong data-start=\"838\" data-end=\"876\">\u043d\u0435 \u0441\u043e\u0434\u0435\u0440\u0436\u0438\u0442 \u0441\u043e\u043b\u0435\u0439, \u043d\u0430\u043f\u043e\u043b\u043d\u0438\u0442\u0435\u043b\u0435\u0439 \u0438 \u043e\u0442\u0431\u0435\u043b\u0438\u0432\u0430\u0442\u0435\u043b\u0435\u0439<\/strong>, \u0431\u043b\u0430\u0433\u043e\u0434\u0430\u0440\u044f \u0447\u0435\u043c\u0443 \u043f\u043e\u0440\u044b \u0442\u043a\u0430\u043d\u0438 \u043e\u0441\u0442\u0430\u044e\u0442\u0441\u044f \u043e\u0442\u043a\u0440\u044b\u0442\u044b\u043c\u0438 \u0438 \u0432\u043e\u0437\u0434\u0443\u0445\u043e\u043f\u0440\u043e\u043d\u0438\u0446\u0430\u0435\u043c\u044b\u043c\u0438 \u0434\u0430\u0436\u0435 \u043f\u043e\u0441\u043b\u0435 \u043c\u043d\u043e\u0433\u043e\u0447\u0438\u0441\u043b\u0435\u043d\u043d\u044b\u0445 \u0441\u0442\u0438\u0440\u043e\u043a.<\/p>\n<ul data-start=\"960\" data-end=\"1240\">\n<li data-start=\"960\" data-end=\"1240\">\n<p data-start=\"962\" data-end=\"976\"><strong data-start=\"962\" data-end=\"974\">\u0424\u0443\u043d\u043a\u0446\u0438\u0438:<\/strong><\/p>\n<ul data-start=\"979\" data-end=\"1240\">\n<li data-start=\"979\" data-end=\"1027\">\n<p data-start=\"981\" data-end=\"1027\">\u041f\u0440\u0435\u0434\u043d\u0430\u0437\u043d\u0430\u0447\u0435\u043d \u0434\u043b\u044f \u043c\u0438\u043a\u0440\u043e\u0444\u0438\u0431\u0440\u044b \u0438 \u0441\u043f\u043e\u0440\u0442\u0438\u0432\u043d\u044b\u0445 \u0442\u043a\u0430\u043d\u0435\u0439.<\/p>\n<\/li>\n<li data-start=\"1030\" data-end=\"1098\">\n<p data-start=\"1032\" data-end=\"1098\">\u0418\u0434\u0435\u0430\u043b\u044c\u043d\u043e \u043f\u043e\u0434\u0445\u043e\u0434\u0438\u0442 \u0434\u043b\u044f \u043a\u0443\u043f\u0430\u043b\u044c\u043d\u0438\u043a\u043e\u0432 \u0438 \u0441\u043f\u043e\u0440\u0442\u0438\u0432\u043d\u043e\u0439 \u043e\u0434\u0435\u0436\u0434\u044b.<\/p>\n<\/li>\n<li data-start=\"1101\" data-end=\"1160\">\n<p data-start=\"1103\" data-end=\"1160\">\u0423\u0434\u0430\u043b\u044f\u0435\u0442 \u043e\u0441\u0442\u0430\u0442\u043a\u0438 \u043f\u043e\u0442\u0430, \u0445\u043b\u043e\u0440\u0430, \u043a\u0440\u0435\u043c\u0430 \u0438 \u043a\u043e\u0441\u043c\u0435\u0442\u0438\u043a\u0438<\/p>\n<\/li>\n<li data-start=\"1163\" data-end=\"1197\">\n<p data-start=\"1165\" data-end=\"1197\">\u041d\u0435 \u0441\u043e\u0434\u0435\u0440\u0436\u0438\u0442 \u0441\u043e\u043b\u0435\u0439, \u043d\u0430\u043f\u043e\u043b\u043d\u0438\u0442\u0435\u043b\u0435\u0439 \u0438 \u043e\u0442\u0431\u0435\u043b\u0438\u0432\u0430\u0442\u0435\u043b\u0435\u0439.<\/p>\n<\/li>\n<li data-start=\"1200\" data-end=\"1240\">\n<p data-start=\"1202\" data-end=\"1240\">\u0421\u043e\u0445\u0440\u0430\u043d\u044f\u0435\u0442 \u044d\u043b\u0430\u0441\u0442\u0438\u0447\u043d\u043e\u0441\u0442\u044c \u0438 \u0444\u043e\u0440\u043c\u0443 \u0442\u043a\u0430\u043d\u0438<\/p>\n<\/li>\n<\/ul>\n<\/li>\n<\/ul>\n<p data-start=\"1242\" data-end=\"1259\"><strong data-start=\"1242\" data-end=\"1257\">\u0418\u0441\u043f\u043e\u043b\u044c\u0437\u043e\u0432\u0430\u043d\u0438\u0435:<\/strong><\/p>\n<ul data-start=\"1260\" data-end=\"1449\">\n<li data-start=\"1260\" data-end=\"1330\">\n<p data-start=\"1262\" data-end=\"1330\">\u041f\u043e\u0441\u043b\u0435 \u043a\u0430\u0436\u0434\u043e\u0433\u043e \u0438\u0441\u043f\u043e\u043b\u044c\u0437\u043e\u0432\u0430\u043d\u0438\u044f \u0431\u044b\u0441\u0442\u0440\u043e \u043f\u0440\u043e\u043f\u043e\u043b\u043e\u0449\u0438\u0442\u0435 \u0438\u0437\u0434\u0435\u043b\u0438\u0435. <strong data-start=\"1315\" data-end=\"1327\">Teneplus<\/strong>.<\/p>\n<\/li>\n<li data-start=\"1331\" data-end=\"1394\">\n<p data-start=\"1333\" data-end=\"1394\">\u0418\u0441\u043f\u043e\u043b\u044c\u0437\u0443\u0439\u0442\u0435 \u043d\u0435\u0431\u043e\u043b\u044c\u0448\u043e\u0435 \u043a\u043e\u043b\u0438\u0447\u0435\u0441\u0442\u0432\u043e \u043f\u0440\u043e\u0434\u0443\u043a\u0442\u0430 \u2014 \u043e\u043d \u043e\u0447\u0435\u043d\u044c \u043a\u043e\u043d\u0446\u0435\u043d\u0442\u0440\u0438\u0440\u043e\u0432\u0430\u043d\u043d\u044b\u0439.<\/p>\n<\/li>\n<li data-start=\"1395\" data-end=\"1449\">\n<p data-start=\"1397\" data-end=\"1449\">\u0421\u0442\u0438\u0440\u0430\u0442\u044c \u0432\u0440\u0443\u0447\u043d\u0443\u044e \u0432 \u043f\u0440\u043e\u0445\u043b\u0430\u0434\u043d\u043e\u0439 \u0438\u043b\u0438 \u0442\u0435\u043f\u043b\u043e\u0439 \u0432\u043e\u0434\u0435.<\/p>\n<\/li>\n<\/ul>","protected":false},"excerpt":{"rendered":"<p>Teneplus \u2013 \u0161velni skalbimo priemon\u0117 mikrofibrai ir sportiniams audiniamsKad m\u0117gstami drabu\u017eiai ilgiau i\u0161laikyt\u0173 form\u0105 ir elastingum\u0105, jiems reikia ypatingos prie\u017ei\u016bros. Teneplus \u2013 tai skalbimo priemon\u0117, specialiai sukurta mikrofibros audiniams. Ji idealiai tinka maudymosi kostium\u0117liams ir sportiniam trikota\u017eui, nes \u0161velniai, bet veiksmingai pa\u0161alina ne\u0161varumus po kiekvieno naudojimo. Kod\u0117l neu\u017etenka paprasto vandens? Nes tik Teneplus efektyviai pa\u0161alina [&hellip;]<\/p>\n","protected":false},"featured_media":3211,"comment_status":"open","ping_status":"closed","template":"","meta":{"_acf_changed":false},"product_brand":[633],"product_cat":[15,20,91],"product_tag":[],"pro-kategorijos":[],"class_list":{"0":"post-3210","1":"product","2":"type-product","3":"status-publish","4":"has-post-thumbnail","6":"product_brand-intervall","7":"product_cat-visi-produktai","8":"product_cat-priedai-mezgimui","9":"product_cat-skalbimo-priemones","11":"first","12":"instock","13":"shipping-taxable","14":"purchasable","15":"product-type-simple"},"acf":[],"yoast_head":"<!-- This site is optimized with the Yoast SEO plugin v26.8 - https:\/\/yoast.com\/product\/yoast-seo-wordpress\/ -->\n<title>Teneplus skalbimo priemon\u0117 - Happyinaknit.com<\/title>\n<meta name=\"robots\" content=\"index, follow, max-snippet:-1, max-image-preview:large, max-video-preview:-1\" \/>\n<link rel=\"canonical\" href=\"https:\/\/happyinaknit.com\/ru\/product\/teneplus\/\" \/>\n<meta property=\"og:locale\" content=\"ru_RU\" \/>\n<meta property=\"og:type\" content=\"article\" \/>\n<meta property=\"og:title\" content=\"Teneplus skalbimo priemon\u0117 - Happyinaknit.com\" \/>\n<meta property=\"og:description\" content=\"Teneplus \u2013 \u0161velni skalbimo priemon\u0117 mikrofibrai ir sportiniams audiniamsKad m\u0117gstami drabu\u017eiai ilgiau i\u0161laikyt\u0173 form\u0105 ir elastingum\u0105, jiems reikia ypatingos prie\u017ei\u016bros. Teneplus \u2013 tai skalbimo priemon\u0117, specialiai sukurta mikrofibros audiniams. Ji idealiai tinka maudymosi kostium\u0117liams ir sportiniam trikota\u017eui, nes \u0161velniai, bet veiksmingai pa\u0161alina ne\u0161varumus po kiekvieno naudojimo. Kod\u0117l neu\u017etenka paprasto vandens? Nes tik Teneplus efektyviai pa\u0161alina [&hellip;]\" \/>\n<meta property=\"og:url\" content=\"https:\/\/happyinaknit.com\/ru\/product\/teneplus\/\" \/>\n<meta property=\"og:site_name\" content=\"Happyinaknit.com\" \/>\n<meta property=\"article:modified_time\" content=\"2026-01-28T14:19:15+00:00\" \/>\n<meta property=\"og:image\" content=\"https:\/\/happyinaknit.com\/wp-content\/uploads\/2025\/10\/7f463a13e202d54e2e906970ed6b86de.jpg.webp\" \/>\n\t<meta property=\"og:image:width\" content=\"1920\" \/>\n\t<meta property=\"og:image:height\" content=\"1920\" \/>\n\t<meta property=\"og:image:type\" content=\"image\/webp\" \/>\n<meta name=\"twitter:card\" content=\"summary_large_image\" \/>\n<meta name=\"twitter:label1\" content=\"\u041f\u0440\u0438\u043c\u0435\u0440\u043d\u043e\u0435 \u0432\u0440\u0435\u043c\u044f \u0434\u043b\u044f \u0447\u0442\u0435\u043d\u0438\u044f\" \/>\n\t<meta name=\"twitter:data1\" content=\"1 \u043c\u0438\u043d\u0443\u0442\u0430\" \/>\n<script type=\"application\/ld+json\" class=\"yoast-schema-graph\">{\"@context\":\"https:\/\/schema.org\",\"@graph\":[{\"@type\":\"WebPage\",\"@id\":\"https:\/\/happyinaknit.com\/produktas\/teneplus\/\",\"url\":\"https:\/\/happyinaknit.com\/produktas\/teneplus\/\",\"name\":\"Teneplus skalbimo priemon\u0117 - Happyinaknit.com\",\"isPartOf\":{\"@id\":\"https:\/\/happyinaknit.com\/lt\/#website\"},\"primaryImageOfPage\":{\"@id\":\"https:\/\/happyinaknit.com\/produktas\/teneplus\/#primaryimage\"},\"image\":{\"@id\":\"https:\/\/happyinaknit.com\/produktas\/teneplus\/#primaryimage\"},\"thumbnailUrl\":\"https:\/\/happyinaknit.com\/wp-content\/uploads\/2025\/10\/7f463a13e202d54e2e906970ed6b86de.jpg.webp\",\"datePublished\":\"2025-10-06T22:35:50+00:00\",\"dateModified\":\"2026-01-28T14:19:15+00:00\",\"breadcrumb\":{\"@id\":\"https:\/\/happyinaknit.com\/produktas\/teneplus\/#breadcrumb\"},\"inLanguage\":\"ru-RU\",\"potentialAction\":[{\"@type\":\"ReadAction\",\"target\":[\"https:\/\/happyinaknit.com\/produktas\/teneplus\/\"]}]},{\"@type\":\"ImageObject\",\"inLanguage\":\"ru-RU\",\"@id\":\"https:\/\/happyinaknit.com\/produktas\/teneplus\/#primaryimage\",\"url\":\"https:\/\/happyinaknit.com\/wp-content\/uploads\/2025\/10\/7f463a13e202d54e2e906970ed6b86de.jpg.webp\",\"contentUrl\":\"https:\/\/happyinaknit.com\/wp-content\/uploads\/2025\/10\/7f463a13e202d54e2e906970ed6b86de.jpg.webp\",\"width\":1920,\"height\":1920},{\"@type\":\"BreadcrumbList\",\"@id\":\"https:\/\/happyinaknit.com\/produktas\/teneplus\/#breadcrumb\",\"itemListElement\":[{\"@type\":\"ListItem\",\"position\":1,\"name\":\"Home\",\"item\":\"https:\/\/happyinaknit.com\/lt\/\"},{\"@type\":\"ListItem\",\"position\":2,\"name\":\"Parduotuv\u0117\",\"item\":\"https:\/\/happyinaknit.com\/lt\/parduotuve\/\"},{\"@type\":\"ListItem\",\"position\":3,\"name\":\"Teneplus skalbimo priemon\u0117\"}]},{\"@type\":\"WebSite\",\"@id\":\"https:\/\/happyinaknit.com\/lt\/#website\",\"url\":\"https:\/\/happyinaknit.com\/lt\/\",\"name\":\"Happyinaknit.com\",\"description\":\"\",\"potentialAction\":[{\"@type\":\"SearchAction\",\"target\":{\"@type\":\"EntryPoint\",\"urlTemplate\":\"https:\/\/happyinaknit.com\/lt\/?s={search_term_string}\"},\"query-input\":{\"@type\":\"PropertyValueSpecification\",\"valueRequired\":true,\"valueName\":\"search_term_string\"}}],\"inLanguage\":\"ru-RU\"}]}<\/script>\n<!-- \/ Yoast SEO plugin. -->","yoast_head_json":{"title":"Teneplus skalbimo priemon\u0117 - Happyinaknit.com","robots":{"index":"index","follow":"follow","max-snippet":"max-snippet:-1","max-image-preview":"max-image-preview:large","max-video-preview":"max-video-preview:-1"},"canonical":"https:\/\/happyinaknit.com\/ru\/product\/teneplus\/","og_locale":"ru_RU","og_type":"article","og_title":"Teneplus skalbimo priemon\u0117 - Happyinaknit.com","og_description":"Teneplus \u2013 \u0161velni skalbimo priemon\u0117 mikrofibrai ir sportiniams audiniamsKad m\u0117gstami drabu\u017eiai ilgiau i\u0161laikyt\u0173 form\u0105 ir elastingum\u0105, jiems reikia ypatingos prie\u017ei\u016bros. Teneplus \u2013 tai skalbimo priemon\u0117, specialiai sukurta mikrofibros audiniams. Ji idealiai tinka maudymosi kostium\u0117liams ir sportiniam trikota\u017eui, nes \u0161velniai, bet veiksmingai pa\u0161alina ne\u0161varumus po kiekvieno naudojimo. Kod\u0117l neu\u017etenka paprasto vandens? Nes tik Teneplus efektyviai pa\u0161alina [&hellip;]","og_url":"https:\/\/happyinaknit.com\/ru\/product\/teneplus\/","og_site_name":"Happyinaknit.com","article_modified_time":"2026-01-28T14:19:15+00:00","og_image":[{"width":1920,"height":1920,"url":"https:\/\/happyinaknit.com\/wp-content\/uploads\/2025\/10\/7f463a13e202d54e2e906970ed6b86de.jpg.webp","type":"image\/webp"}],"twitter_card":"summary_large_image","twitter_misc":{"\u041f\u0440\u0438\u043c\u0435\u0440\u043d\u043e\u0435 \u0432\u0440\u0435\u043c\u044f \u0434\u043b\u044f \u0447\u0442\u0435\u043d\u0438\u044f":"1 \u043c\u0438\u043d\u0443\u0442\u0430"},"schema":{"@context":"https:\/\/schema.org","@graph":[{"@type":"WebPage","@id":"https:\/\/happyinaknit.com\/produktas\/teneplus\/","url":"https:\/\/happyinaknit.com\/produktas\/teneplus\/","name":"Teneplus skalbimo priemon\u0117 - Happyinaknit.com","isPartOf":{"@id":"https:\/\/happyinaknit.com\/lt\/#website"},"primaryImageOfPage":{"@id":"https:\/\/happyinaknit.com\/produktas\/teneplus\/#primaryimage"},"image":{"@id":"https:\/\/happyinaknit.com\/produktas\/teneplus\/#primaryimage"},"thumbnailUrl":"https:\/\/happyinaknit.com\/wp-content\/uploads\/2025\/10\/7f463a13e202d54e2e906970ed6b86de.jpg.webp","datePublished":"2025-10-06T22:35:50+00:00","dateModified":"2026-01-28T14:19:15+00:00","breadcrumb":{"@id":"https:\/\/happyinaknit.com\/produktas\/teneplus\/#breadcrumb"},"inLanguage":"ru-RU","potentialAction":[{"@type":"ReadAction","target":["https:\/\/happyinaknit.com\/produktas\/teneplus\/"]}]},{"@type":"ImageObject","inLanguage":"ru-RU","@id":"https:\/\/happyinaknit.com\/produktas\/teneplus\/#primaryimage","url":"https:\/\/happyinaknit.com\/wp-content\/uploads\/2025\/10\/7f463a13e202d54e2e906970ed6b86de.jpg.webp","contentUrl":"https:\/\/happyinaknit.com\/wp-content\/uploads\/2025\/10\/7f463a13e202d54e2e906970ed6b86de.jpg.webp","width":1920,"height":1920},{"@type":"BreadcrumbList","@id":"https:\/\/happyinaknit.com\/produktas\/teneplus\/#breadcrumb","itemListElement":[{"@type":"ListItem","position":1,"name":"Home","item":"https:\/\/happyinaknit.com\/lt\/"},{"@type":"ListItem","position":2,"name":"Parduotuv\u0117","item":"https:\/\/happyinaknit.com\/lt\/parduotuve\/"},{"@type":"ListItem","position":3,"name":"Teneplus skalbimo priemon\u0117"}]},{"@type":"WebSite","@id":"https:\/\/happyinaknit.com\/lt\/#website","url":"https:\/\/happyinaknit.com\/lt\/","name":"Happyinaknit.com","description":"","potentialAction":[{"@type":"SearchAction","target":{"@type":"EntryPoint","urlTemplate":"https:\/\/happyinaknit.com\/lt\/?s={search_term_string}"},"query-input":{"@type":"PropertyValueSpecification","valueRequired":true,"valueName":"search_term_string"}}],"inLanguage":"ru-RU"}]}},"_links":{"self":[{"href":"https:\/\/happyinaknit.com\/ru\/wp-json\/wp\/v2\/product\/3210","targetHints":{"allow":["GET"]}}],"collection":[{"href":"https:\/\/happyinaknit.com\/ru\/wp-json\/wp\/v2\/product"}],"about":[{"href":"https:\/\/happyinaknit.com\/ru\/wp-json\/wp\/v2\/types\/product"}],"replies":[{"embeddable":true,"href":"https:\/\/happyinaknit.com\/ru\/wp-json\/wp\/v2\/comments?post=3210"}],"wp:featuredmedia":[{"embeddable":true,"href":"https:\/\/happyinaknit.com\/ru\/wp-json\/wp\/v2\/media\/3211"}],"wp:attachment":[{"href":"https:\/\/happyinaknit.com\/ru\/wp-json\/wp\/v2\/media?parent=3210"}],"wp:term":[{"taxonomy":"product_brand","embeddable":true,"href":"https:\/\/happyinaknit.com\/ru\/wp-json\/wp\/v2\/product_brand?post=3210"},{"taxonomy":"product_cat","embeddable":true,"href":"https:\/\/happyinaknit.com\/ru\/wp-json\/wp\/v2\/product_cat?post=3210"},{"taxonomy":"product_tag","embeddable":true,"href":"https:\/\/happyinaknit.com\/ru\/wp-json\/wp\/v2\/product_tag?post=3210"},{"taxonomy":"pro-kategorijos","embeddable":true,"href":"https:\/\/happyinaknit.com\/ru\/wp-json\/wp\/v2\/pro-kategorijos?post=3210"}],"curies":[{"name":"wp","href":"https:\/\/api.w.org\/{rel}","templated":true}]}}